{"id":82,"date":"2019-07-21T23:21:08","date_gmt":"2019-07-21T21:21:08","guid":{"rendered":"https:\/\/evangelische-beratung.com\/tr\/?page_id=82"},"modified":"2020-04-19T11:10:49","modified_gmt":"2020-04-19T09:10:49","slug":"krisenintervention","status":"publish","type":"page","link":"https:\/\/evangelische-beratung.com\/tr\/aile-cocuk-gencler\/krisenintervention\/","title":{"rendered":"Kriz durumlar\u0131nda m\u00fcdahale"},"content":{"rendered":"\n<p class=\"is-style-teaser\"> Acil durumlarda en k\u0131sa vadede randevu vermeye \u00e7al\u0131\u015f\u0131r\u0131z. <\/p>\n\n\n\n<p>Beklenmedik acil bir durum, \u00d6rne\u011fin \u015fu olabilir:<\/p>\n\n\n\n<p>\u00d6l\u00fcm<\/p>\n\n\n\n<p>\u00c7ocu\u011fun ailesinden al\u0131nmas\u0131<\/p>\n\n\n\n<p>\u0130ntihar Te\u015febb\u00fcs\u00fc<\/p>\n\n\n\n<p>Ciddi hastal\u0131k<\/p>\n\n\n\n<p>Kaza <\/p>\n\n\n\n<p>Ve benzeri durumlar<\/p>\n\n\n\n<p>L\u00fctfen sekretaryam\u0131zla temasa giriniz. Gen\u00e7ler i\u00e7in, randevular en k\u0131sa zamanda verilir ve vadesiz randevular\u0131 da s\u00fcrekli sunuyoruz.<\/p>\n\n\n\n<p style=\"text-align:center\" class=\"is-style-roof-line\"><strong>Randevular i<\/strong>\u00e7<strong>in ileti<\/strong>\u015f<strong>im<\/strong><\/p>\n\n\n\n<div class=\"wp-block-columns alignwide has-3-columns is-layout-flex wp-container-core-columns-is-layout-9d6595d7 wp-block-columns-is-layout-flex\">\n<div class=\"wp-block-column is-layout-flow wp-block-column-is-layout-flow\"><\/div>\n\n\n\n<div class=\"wp-block-column is-layout-flow wp-block-column-is-layout-flow\">\n<div class=\"wp-block-erv-id-card\"><div class=\"id-card-content\"><figure class=\"id-card-photo\"><img decoding=\"async\" src=\"https:\/\/evangelische-beratung.com\/wp-content\/uploads\/2020\/01\/portrait_platzhalter-1-300x300.jpg\" \/><\/figure><div class=\"id-card-details\"><p class=\"id-card-name\">Claudia Hauer<\/p><p class=\"id-card-job\">Sekretariat<\/p><p class=\"id-card-location\">Frankfurt<\/p><p class=\"id-card-phone\">069 \/ 53 02 220<\/p><p class=\"id-card-email\"><a href=\"&#x6d;&#x61;&#105;lt&#x6f;&#x3a;&#102;&#97;m&#x69;&#x6c;&#105;&#101;n&#x62;&#x65;&#x72;&#97;tu&#x6e;&#x67;&#64;&#102;r&#x61;&#x6e;&#107;&#102;u&#x72;&#x74;&#45;&#101;v&#x61;&#x6e;&#x67;&#101;li&#x73;&#x63;&#104;&#46;d&#x65;\">E-Mail<\/a><\/p><\/div><\/div><\/div>\n<\/div>\n\n\n\n<div class=\"wp-block-column is-layout-flow wp-block-column-is-layout-flow\">\n<div class=\"wp-block-erv-id-card -hidden-image\"><div class=\"id-card-content\"><div class=\"id-card-details\"><p class=\"id-card-name\">Andrea Schare<\/p><p class=\"id-card-job\">Sekretariat<\/p><p class=\"id-card-location\">H\u00f6chst<\/p><p class=\"id-card-phone\">069 \/ 75 93 672 10<\/p><p class=\"id-card-email\"><a href=\"mailto:psychologischeber&#97;&#116;&#117;&#110;&#103;&#46;&#104;&#111;&#101;&#99;&#104;&#115;&#116;&#64;&#102;&#114;&#97;&#110;&#107;&#102;&#117;&#114;&#116;&#45;&#101;&#118;&#97;&#110;&#103;&#101;&#108;&#x69;&#x73;&#x63;&#x68;&#x2e;&#x64;&#x65;\">E-Mail<\/a><\/p><\/div><\/div><\/div>\n<\/div>\n<\/div>\n","protected":false},"excerpt":{"rendered":"<p>Acil durumlarda en k\u0131sa vadede randevu vermeye \u00e7al\u0131\u015f\u0131r\u0131z. Beklenmedik acil bir durum, \u00d6rne\u011fin \u015fu olabilir: \u00d6l\u00fcm \u00c7ocu\u011fun ailesinden al\u0131nmas\u0131 \u0130ntihar Te\u015febb\u00fcs\u00fc Ciddi hastal\u0131k Kaza Ve benzeri durumlar L\u00fctfen sekretaryam\u0131zla temasa giriniz. Gen\u00e7ler i\u00e7in, randevular en k\u0131sa zamanda verilir ve vadesiz randevular\u0131 da s\u00fcrekli sunuyoruz. Randevular i\u00e7in ileti\u015fim<\/p>\n","protected":false},"author":2,"featured_media":0,"parent":15,"menu_order":0,"comment_status":"closed","ping_status":"closed","template":"","meta":{"footnotes":""},"class_list":["post-82","page","type-page","status-publish","hentry"],"yoast_head":"<!-- This site is optimized with the Yoast SEO plugin v27.3 - https:\/\/yoast.com\/product\/yoast-seo-wordpress\/ -->\n<title>Krisenintervention - Beratung in Frankfurt vom Ev. Regionalverband<\/title>\n<meta name=\"description\" content=\"Nehmen Sie Kontakt auf bei Krisen wie Todesf\u00e4llen, Inobhutnahmen, Suizid, schwere Krankheiten, Unf\u00e4lle etc. F\u00fcr Jugendliche haben wir eigene freie Termine.\" \/>\n<meta name=\"robots\" content=\"index, follow, max-snippet:-1, max-image-preview:large, max-video-preview:-1\" \/>\n<link rel=\"canonical\" href=\"https:\/\/evangelische-beratung.com\/tr\/aile-cocuk-gencler\/krisenintervention\/\" \/>\n<meta property=\"og:locale\" content=\"tr_TR\" \/>\n<meta property=\"og:type\" content=\"article\" \/>\n<meta property=\"og:title\" content=\"Krisenintervention - Beratung in Frankfurt vom Ev. Regionalverband\" \/>\n<meta property=\"og:description\" content=\"Nehmen Sie Kontakt auf bei Krisen wie Todesf\u00e4llen, Inobhutnahmen, Suizid, schwere Krankheiten, Unf\u00e4lle etc. F\u00fcr Jugendliche haben wir eigene freie Termine.\" \/>\n<meta property=\"og:url\" content=\"https:\/\/evangelische-beratung.com\/tr\/aile-cocuk-gencler\/krisenintervention\/\" \/>\n<meta property=\"og:site_name\" content=\"Evangelischer Regionalverband\" \/>\n<meta property=\"article:modified_time\" content=\"2020-04-19T09:10:49+00:00\" \/>\n<meta name=\"twitter:card\" content=\"summary_large_image\" \/>\n<script type=\"application\/ld+json\" class=\"yoast-schema-graph\">{\"@context\":\"https:\\\/\\\/schema.org\",\"@graph\":[{\"@type\":\"WebPage\",\"@id\":\"https:\\\/\\\/evangelische-beratung.com\\\/tr\\\/aile-cocuk-gencler\\\/krisenintervention\\\/\",\"url\":\"https:\\\/\\\/evangelische-beratung.com\\\/tr\\\/aile-cocuk-gencler\\\/krisenintervention\\\/\",\"name\":\"Krisenintervention - Beratung in Frankfurt vom Ev. Regionalverband\",\"isPartOf\":{\"@id\":\"https:\\\/\\\/evangelische-beratung.com\\\/tr\\\/#website\"},\"datePublished\":\"2019-07-21T21:21:08+00:00\",\"dateModified\":\"2020-04-19T09:10:49+00:00\",\"description\":\"Nehmen Sie Kontakt auf bei Krisen wie Todesf\u00e4llen, Inobhutnahmen, Suizid, schwere Krankheiten, Unf\u00e4lle etc. F\u00fcr Jugendliche haben wir eigene freie Termine.\",\"breadcrumb\":{\"@id\":\"https:\\\/\\\/evangelische-beratung.com\\\/tr\\\/aile-cocuk-gencler\\\/krisenintervention\\\/#breadcrumb\"},\"inLanguage\":\"tr\",\"potentialAction\":[{\"@type\":\"ReadAction\",\"target\":[\"https:\\\/\\\/evangelische-beratung.com\\\/tr\\\/aile-cocuk-gencler\\\/krisenintervention\\\/\"]}]},{\"@type\":\"BreadcrumbList\",\"@id\":\"https:\\\/\\\/evangelische-beratung.com\\\/tr\\\/aile-cocuk-gencler\\\/krisenintervention\\\/#breadcrumb\",\"itemListElement\":[{\"@type\":\"ListItem\",\"position\":1,\"name\":\"Startseite\",\"item\":\"https:\\\/\\\/evangelische-beratung.com\\\/tr\\\/\"},{\"@type\":\"ListItem\",\"position\":2,\"name\":\"Aile- \u00c7ocuklar -Ergenler\",\"item\":\"https:\\\/\\\/evangelische-beratung.com\\\/tr\\\/aile-cocuk-gencler\\\/\"},{\"@type\":\"ListItem\",\"position\":3,\"name\":\"Kriz durumlar\u0131nda m\u00fcdahale\"}]},{\"@type\":\"WebSite\",\"@id\":\"https:\\\/\\\/evangelische-beratung.com\\\/tr\\\/#website\",\"url\":\"https:\\\/\\\/evangelische-beratung.com\\\/tr\\\/\",\"name\":\"Evangelischer Regionalverband\",\"description\":\"\",\"publisher\":{\"@id\":\"https:\\\/\\\/evangelische-beratung.com\\\/tr\\\/#organization\"},\"potentialAction\":[{\"@type\":\"SearchAction\",\"target\":{\"@type\":\"EntryPoint\",\"urlTemplate\":\"https:\\\/\\\/evangelische-beratung.com\\\/tr\\\/?s={search_term_string}\"},\"query-input\":{\"@type\":\"PropertyValueSpecification\",\"valueRequired\":true,\"valueName\":\"search_term_string\"}}],\"inLanguage\":\"tr\"},{\"@type\":\"Organization\",\"@id\":\"https:\\\/\\\/evangelische-beratung.com\\\/tr\\\/#organization\",\"name\":\"Evangelischer Regionalverband Frankfurt und Offenbach\",\"url\":\"https:\\\/\\\/evangelische-beratung.com\\\/tr\\\/\",\"logo\":{\"@type\":\"ImageObject\",\"inLanguage\":\"tr\",\"@id\":\"https:\\\/\\\/evangelische-beratung.com\\\/tr\\\/#\\\/schema\\\/logo\\\/image\\\/\",\"url\":\"https:\\\/\\\/evangelische-beratung.com\\\/tr\\\/wp-content\\\/uploads\\\/sites\\\/8\\\/2019\\\/10\\\/erv-logo.png\",\"contentUrl\":\"https:\\\/\\\/evangelische-beratung.com\\\/tr\\\/wp-content\\\/uploads\\\/sites\\\/8\\\/2019\\\/10\\\/erv-logo.png\",\"width\":1127,\"height\":595,\"caption\":\"Evangelischer Regionalverband Frankfurt und Offenbach\"},\"image\":{\"@id\":\"https:\\\/\\\/evangelische-beratung.com\\\/tr\\\/#\\\/schema\\\/logo\\\/image\\\/\"}}]}<\/script>\n<!-- \/ Yoast SEO plugin. -->","yoast_head_json":{"title":"Krisenintervention - Beratung in Frankfurt vom Ev. Regionalverband","description":"Nehmen Sie Kontakt auf bei Krisen wie Todesf\u00e4llen, Inobhutnahmen, Suizid, schwere Krankheiten, Unf\u00e4lle etc. F\u00fcr Jugendliche haben wir eigene freie Termine.","robots":{"index":"index","follow":"follow","max-snippet":"max-snippet:-1","max-image-preview":"max-image-preview:large","max-video-preview":"max-video-preview:-1"},"canonical":"https:\/\/evangelische-beratung.com\/tr\/aile-cocuk-gencler\/krisenintervention\/","og_locale":"tr_TR","og_type":"article","og_title":"Krisenintervention - Beratung in Frankfurt vom Ev. Regionalverband","og_description":"Nehmen Sie Kontakt auf bei Krisen wie Todesf\u00e4llen, Inobhutnahmen, Suizid, schwere Krankheiten, Unf\u00e4lle etc. F\u00fcr Jugendliche haben wir eigene freie Termine.","og_url":"https:\/\/evangelische-beratung.com\/tr\/aile-cocuk-gencler\/krisenintervention\/","og_site_name":"Evangelischer Regionalverband","article_modified_time":"2020-04-19T09:10:49+00:00","twitter_card":"summary_large_image","schema":{"@context":"https:\/\/schema.org","@graph":[{"@type":"WebPage","@id":"https:\/\/evangelische-beratung.com\/tr\/aile-cocuk-gencler\/krisenintervention\/","url":"https:\/\/evangelische-beratung.com\/tr\/aile-cocuk-gencler\/krisenintervention\/","name":"Krisenintervention - Beratung in Frankfurt vom Ev. Regionalverband","isPartOf":{"@id":"https:\/\/evangelische-beratung.com\/tr\/#website"},"datePublished":"2019-07-21T21:21:08+00:00","dateModified":"2020-04-19T09:10:49+00:00","description":"Nehmen Sie Kontakt auf bei Krisen wie Todesf\u00e4llen, Inobhutnahmen, Suizid, schwere Krankheiten, Unf\u00e4lle etc. F\u00fcr Jugendliche haben wir eigene freie Termine.","breadcrumb":{"@id":"https:\/\/evangelische-beratung.com\/tr\/aile-cocuk-gencler\/krisenintervention\/#breadcrumb"},"inLanguage":"tr","potentialAction":[{"@type":"ReadAction","target":["https:\/\/evangelische-beratung.com\/tr\/aile-cocuk-gencler\/krisenintervention\/"]}]},{"@type":"BreadcrumbList","@id":"https:\/\/evangelische-beratung.com\/tr\/aile-cocuk-gencler\/krisenintervention\/#breadcrumb","itemListElement":[{"@type":"ListItem","position":1,"name":"Startseite","item":"https:\/\/evangelische-beratung.com\/tr\/"},{"@type":"ListItem","position":2,"name":"Aile- \u00c7ocuklar -Ergenler","item":"https:\/\/evangelische-beratung.com\/tr\/aile-cocuk-gencler\/"},{"@type":"ListItem","position":3,"name":"Kriz durumlar\u0131nda m\u00fcdahale"}]},{"@type":"WebSite","@id":"https:\/\/evangelische-beratung.com\/tr\/#website","url":"https:\/\/evangelische-beratung.com\/tr\/","name":"Evangelischer Regionalverband","description":"","publisher":{"@id":"https:\/\/evangelische-beratung.com\/tr\/#organization"},"potentialAction":[{"@type":"SearchAction","target":{"@type":"EntryPoint","urlTemplate":"https:\/\/evangelische-beratung.com\/tr\/?s={search_term_string}"},"query-input":{"@type":"PropertyValueSpecification","valueRequired":true,"valueName":"search_term_string"}}],"inLanguage":"tr"},{"@type":"Organization","@id":"https:\/\/evangelische-beratung.com\/tr\/#organization","name":"Evangelischer Regionalverband Frankfurt und Offenbach","url":"https:\/\/evangelische-beratung.com\/tr\/","logo":{"@type":"ImageObject","inLanguage":"tr","@id":"https:\/\/evangelische-beratung.com\/tr\/#\/schema\/logo\/image\/","url":"https:\/\/evangelische-beratung.com\/tr\/wp-content\/uploads\/sites\/8\/2019\/10\/erv-logo.png","contentUrl":"https:\/\/evangelische-beratung.com\/tr\/wp-content\/uploads\/sites\/8\/2019\/10\/erv-logo.png","width":1127,"height":595,"caption":"Evangelischer Regionalverband Frankfurt und Offenbach"},"image":{"@id":"https:\/\/evangelische-beratung.com\/tr\/#\/schema\/logo\/image\/"}}]}},"_links":{"self":[{"href":"https:\/\/evangelische-beratung.com\/tr\/wp-json\/wp\/v2\/pages\/82","targetHints":{"allow":["GET"]}}],"collection":[{"href":"https:\/\/evangelische-beratung.com\/tr\/wp-json\/wp\/v2\/pages"}],"about":[{"href":"https:\/\/evangelische-beratung.com\/tr\/wp-json\/wp\/v2\/types\/page"}],"author":[{"embeddable":true,"href":"https:\/\/evangelische-beratung.com\/tr\/wp-json\/wp\/v2\/users\/2"}],"replies":[{"embeddable":true,"href":"https:\/\/evangelische-beratung.com\/tr\/wp-json\/wp\/v2\/comments?post=82"}],"version-history":[{"count":1,"href":"https:\/\/evangelische-beratung.com\/tr\/wp-json\/wp\/v2\/pages\/82\/revisions"}],"predecessor-version":[{"id":1458,"href":"https:\/\/evangelische-beratung.com\/tr\/wp-json\/wp\/v2\/pages\/82\/revisions\/1458"}],"up":[{"embeddable":true,"href":"https:\/\/evangelische-beratung.com\/tr\/wp-json\/wp\/v2\/pages\/15"}],"wp:attachment":[{"href":"https:\/\/evangelische-beratung.com\/tr\/wp-json\/wp\/v2\/media?parent=82"}],"curies":[{"name":"wp","href":"https:\/\/api.w.org\/{rel}","templated":true}]}}