{"id":81,"date":"2019-07-21T23:20:54","date_gmt":"2019-07-21T21:20:54","guid":{"rendered":"https:\/\/evangelische-beratung.com\/tr\/?page_id=81"},"modified":"2026-04-14T09:41:23","modified_gmt":"2026-04-14T07:41:23","slug":"angebote-fuer-jugendhilfe-einrichtungen-kitas-und-schulen","status":"publish","type":"page","link":"https:\/\/evangelische-beratung.com\/tr\/aile-cocuk-gencler\/angebote-fuer-jugendhilfe-einrichtungen-kitas-und-schulen\/","title":{"rendered":"Gen\u00e7lik yard\u0131m kurumlar\u0131, kre\u015fler ve okullar i\u00e7in teklifler"},"content":{"rendered":"\n<p class=\"is-style-teaser\">Uzman deste\u011fine ihtiyac\u0131n\u0131z varsa bize ula\u015f\u0131n.<\/p>\n\n\n\n<p>Meslekta\u015flara, sorular konusunda yard\u0131m ve Dan\u0131\u015fma hizmeti sunuyoruz<\/p>\n\n\n\n<ul class=\"wp-block-list\"><li>Bebeklerin, \u00c7ocuklar\u0131n ve Ergenlerin Geli\u015fimi ve Davran\u0131\u015flar\u0131 hakk\u0131nda<\/li><li>\u00c7al\u0131\u015fma kapsaml\u0131 \u00c7ocuk Koruma konular\u0131nda<\/li><li>Ebeveynlerle konu\u015fma ya  rehberlik<\/li><li>Ayr\u0131 ya\u015fayan ebeveyn ve ortakla\u015fa Velayet sahibi aileler konular\u0131nda<\/li><li>Ebeveyn toplant\u0131lar\u0131n\u0131n konu haz\u0131rlanmas\u0131nda<\/li><li>Dan\u0131\u015fma merkezimizle ileti\u015fim sa\u011flamada<\/li><li>\u00d6\u011frenme- ve Ba\u015far\u0131 Sorunlar\u0131n\u0131 tan\u0131mlama ve \u00f6nlenmesinde<\/li><li>K\u0131smi Ba\u015far\u0131 bozukluklar\u0131 veya okul \u00e7at\u0131\u015fmalar\u0131.<\/li><\/ul>\n\n\n\n<p>Telefon g\u00f6r\u00fc\u015fmelerinde olsun, ebeveyn toplant\u0131lar\u0131, ekip toplant\u0131lar\u0131nda, pedagojik konferanslarda olsun veya g\u00f6zetim uzmanl\u0131\u011f\u0131m\u0131zla, size katk\u0131da bulunur ve \u00e7al\u0131\u015fman\u0131z\u0131 g\u00f6n\u00fclden destekleriz.<\/p>\n\n\n\n<p style=\"text-align:center\" class=\"is-style-roof-line\"><strong>Randevular i\u00e7in ileti\u015fim<\/strong><\/p>\n\n\n\n<div class=\"wp-block-columns alignwide has-3-columns -columns-equal-height is-layout-flex wp-container-core-columns-is-layout-9d6595d7 wp-block-columns-is-layout-flex\">\n<div class=\"wp-block-column is-layout-flow wp-block-column-is-layout-flow\"><\/div>\n\n\n\n<div class=\"wp-block-column is-layout-flow wp-block-column-is-layout-flow\">\n<div class=\"wp-block-erv-id-card\"><div class=\"id-card-content\"><figure class=\"id-card-photo\"><img decoding=\"async\" src=\"https:\/\/evangelische-beratung.com\/wp-content\/uploads\/2020\/01\/portrait_platzhalter-1-300x300.jpg\" \/><\/figure><div class=\"id-card-details\"><p class=\"id-card-name\">Claudia Hauer<\/p><p class=\"id-card-job\">Sekretariat<\/p><p class=\"id-card-location\">Frankfurt<\/p><p class=\"id-card-phone\">069 \/ 53 02 220<\/p><p class=\"id-card-email\"><a href=\"&#x6d;&#97;i&#x6c;&#116;o&#x3a;&#x66;&#97;&#x6d;&#x69;&#108;i&#x65;&#110;b&#x65;&#x72;&#97;&#x74;&#x75;&#110;g&#x40;&#102;r&#x61;&#x6e;&#107;&#x66;&#x75;&#114;t&#x2d;&#101;v&#x61;&#x6e;&#103;&#x65;&#x6c;&#105;s&#x63;&#104;&#46;&#x64;&#x65;\">E-Mail<\/a><\/p><\/div><\/div><\/div>\n<\/div>\n\n\n\n<div class=\"wp-block-column is-layout-flow wp-block-column-is-layout-flow\">\n<div class=\"wp-block-erv-id-card -hidden-image\"><div class=\"id-card-content\"><div class=\"id-card-details\"><p class=\"id-card-name\">Andrea Schare<\/p><p class=\"id-card-job\">Sekretariat<\/p><p class=\"id-card-location\">H\u00f6chst<\/p><p class=\"id-card-phone\">069 \/ 75 93 672 10<\/p><p class=\"id-card-email\"><a href=\"&#x6d;&#x61;&#105;l&#x74;&#x6f;&#58;ps&#x79;&#x63;&#104;o&#x6c;&#x6f;&#103;&#105;s&#x63;&#x68;&#101;b&#x65;&#x72;&#97;&#116;u&#x6e;&#x67;&#46;h&#x6f;&#x65;&#99;&#104;s&#x74;&#x40;&#102;r&#x61;&#x6e;&#107;&#102;u&#x72;&#x74;&#45;e&#x76;&#x61;&#x6e;&#103;e&#x6c;&#x69;&#115;ch&#x2e;&#x64;&#101;\">E-Mail<\/a><\/p><\/div><\/div><\/div>\n<\/div>\n<\/div>\n\n\n\n<p><\/p>\n","protected":false},"excerpt":{"rendered":"<p>Uzman deste\u011fine ihtiyac\u0131n\u0131z varsa bize ula\u015f\u0131n. Meslekta\u015flara, sorular konusunda yard\u0131m ve Dan\u0131\u015fma hizmeti sunuyoruz Bebeklerin, \u00c7ocuklar\u0131n ve Ergenlerin Geli\u015fimi ve Davran\u0131\u015flar\u0131 hakk\u0131nda \u00c7al\u0131\u015fma kapsaml\u0131 \u00c7ocuk Koruma konular\u0131nda Ebeveynlerle konu\u015fma ya rehberlik Ayr\u0131 ya\u015fayan ebeveyn ve ortakla\u015fa Velayet sahibi aileler konular\u0131nda Ebeveyn toplant\u0131lar\u0131n\u0131n konu haz\u0131rlanmas\u0131nda Dan\u0131\u015fma merkezimizle ileti\u015fim sa\u011flamada \u00d6\u011frenme- ve Ba\u015far\u0131 Sorunlar\u0131n\u0131 tan\u0131mlama ve \u00f6nlenmesinde [&hellip;]<\/p>\n","protected":false},"author":36,"featured_media":0,"parent":15,"menu_order":0,"comment_status":"closed","ping_status":"closed","template":"","meta":{"footnotes":""},"class_list":["post-81","page","type-page","status-publish","hentry"],"yoast_head":"<!-- This site is optimized with the Yoast SEO plugin v27.3 - https:\/\/yoast.com\/product\/yoast-seo-wordpress\/ -->\n<title>Gen\u00e7lik yard\u0131m kurumlar\u0131, kre\u015fler ve okullar i\u00e7in teklifler vom Ev. Regionalverband Frankfurt und Offenbach<\/title>\n<meta name=\"description\" content=\"Wir unterst\u00fctzen u. beraten Kolleg*innen bei Fragen zu Entwicklung und Verhalten von Kindern u. Jugendlichen, Kinderschutzthemen, schulischen Konflikten uvm\" \/>\n<meta name=\"robots\" content=\"index, follow, max-snippet:-1, max-image-preview:large, max-video-preview:-1\" \/>\n<link rel=\"canonical\" href=\"https:\/\/evangelische-beratung.com\/tr\/aile-cocuk-gencler\/angebote-fuer-jugendhilfe-einrichtungen-kitas-und-schulen\/\" \/>\n<meta property=\"og:locale\" content=\"tr_TR\" \/>\n<meta property=\"og:type\" content=\"article\" \/>\n<meta property=\"og:title\" content=\"Gen\u00e7lik yard\u0131m kurumlar\u0131, kre\u015fler ve okullar i\u00e7in teklifler vom Ev. Regionalverband Frankfurt und Offenbach\" \/>\n<meta property=\"og:description\" content=\"Wir unterst\u00fctzen u. beraten Kolleg*innen bei Fragen zu Entwicklung und Verhalten von Kindern u. Jugendlichen, Kinderschutzthemen, schulischen Konflikten uvm\" \/>\n<meta property=\"og:url\" content=\"https:\/\/evangelische-beratung.com\/tr\/aile-cocuk-gencler\/angebote-fuer-jugendhilfe-einrichtungen-kitas-und-schulen\/\" \/>\n<meta property=\"og:site_name\" content=\"Evangelischer Regionalverband\" \/>\n<meta property=\"article:modified_time\" content=\"2026-04-14T07:41:23+00:00\" \/>\n<meta name=\"twitter:card\" content=\"summary_large_image\" \/>\n<meta name=\"twitter:label1\" content=\"Tahmini okuma s\u00fcresi\" \/>\n\t<meta name=\"twitter:data1\" content=\"1 dakika\" \/>\n<script type=\"application\/ld+json\" class=\"yoast-schema-graph\">{\"@context\":\"https:\\\/\\\/schema.org\",\"@graph\":[{\"@type\":\"WebPage\",\"@id\":\"https:\\\/\\\/evangelische-beratung.com\\\/tr\\\/aile-cocuk-gencler\\\/angebote-fuer-jugendhilfe-einrichtungen-kitas-und-schulen\\\/\",\"url\":\"https:\\\/\\\/evangelische-beratung.com\\\/tr\\\/aile-cocuk-gencler\\\/angebote-fuer-jugendhilfe-einrichtungen-kitas-und-schulen\\\/\",\"name\":\"Gen\u00e7lik yard\u0131m kurumlar\u0131, kre\u015fler ve okullar i\u00e7in teklifler vom Ev. Regionalverband Frankfurt und Offenbach\",\"isPartOf\":{\"@id\":\"https:\\\/\\\/evangelische-beratung.com\\\/tr\\\/#website\"},\"datePublished\":\"2019-07-21T21:20:54+00:00\",\"dateModified\":\"2026-04-14T07:41:23+00:00\",\"description\":\"Wir unterst\u00fctzen u. beraten Kolleg*innen bei Fragen zu Entwicklung und Verhalten von Kindern u. Jugendlichen, Kinderschutzthemen, schulischen Konflikten uvm\",\"breadcrumb\":{\"@id\":\"https:\\\/\\\/evangelische-beratung.com\\\/tr\\\/aile-cocuk-gencler\\\/angebote-fuer-jugendhilfe-einrichtungen-kitas-und-schulen\\\/#breadcrumb\"},\"inLanguage\":\"tr\",\"potentialAction\":[{\"@type\":\"ReadAction\",\"target\":[\"https:\\\/\\\/evangelische-beratung.com\\\/tr\\\/aile-cocuk-gencler\\\/angebote-fuer-jugendhilfe-einrichtungen-kitas-und-schulen\\\/\"]}]},{\"@type\":\"BreadcrumbList\",\"@id\":\"https:\\\/\\\/evangelische-beratung.com\\\/tr\\\/aile-cocuk-gencler\\\/angebote-fuer-jugendhilfe-einrichtungen-kitas-und-schulen\\\/#breadcrumb\",\"itemListElement\":[{\"@type\":\"ListItem\",\"position\":1,\"name\":\"Startseite\",\"item\":\"https:\\\/\\\/evangelische-beratung.com\\\/tr\\\/\"},{\"@type\":\"ListItem\",\"position\":2,\"name\":\"Aile- \u00c7ocuklar -Ergenler\",\"item\":\"https:\\\/\\\/evangelische-beratung.com\\\/tr\\\/aile-cocuk-gencler\\\/\"},{\"@type\":\"ListItem\",\"position\":3,\"name\":\"Gen\u00e7lik yard\u0131m kurumlar\u0131, kre\u015fler ve okullar i\u00e7in teklifler\"}]},{\"@type\":\"WebSite\",\"@id\":\"https:\\\/\\\/evangelische-beratung.com\\\/tr\\\/#website\",\"url\":\"https:\\\/\\\/evangelische-beratung.com\\\/tr\\\/\",\"name\":\"Evangelischer Regionalverband\",\"description\":\"\",\"publisher\":{\"@id\":\"https:\\\/\\\/evangelische-beratung.com\\\/tr\\\/#organization\"},\"potentialAction\":[{\"@type\":\"SearchAction\",\"target\":{\"@type\":\"EntryPoint\",\"urlTemplate\":\"https:\\\/\\\/evangelische-beratung.com\\\/tr\\\/?s={search_term_string}\"},\"query-input\":{\"@type\":\"PropertyValueSpecification\",\"valueRequired\":true,\"valueName\":\"search_term_string\"}}],\"inLanguage\":\"tr\"},{\"@type\":\"Organization\",\"@id\":\"https:\\\/\\\/evangelische-beratung.com\\\/tr\\\/#organization\",\"name\":\"Evangelischer Regionalverband Frankfurt und Offenbach\",\"url\":\"https:\\\/\\\/evangelische-beratung.com\\\/tr\\\/\",\"logo\":{\"@type\":\"ImageObject\",\"inLanguage\":\"tr\",\"@id\":\"https:\\\/\\\/evangelische-beratung.com\\\/tr\\\/#\\\/schema\\\/logo\\\/image\\\/\",\"url\":\"https:\\\/\\\/evangelische-beratung.com\\\/tr\\\/wp-content\\\/uploads\\\/sites\\\/8\\\/2019\\\/10\\\/erv-logo.png\",\"contentUrl\":\"https:\\\/\\\/evangelische-beratung.com\\\/tr\\\/wp-content\\\/uploads\\\/sites\\\/8\\\/2019\\\/10\\\/erv-logo.png\",\"width\":1127,\"height\":595,\"caption\":\"Evangelischer Regionalverband Frankfurt und Offenbach\"},\"image\":{\"@id\":\"https:\\\/\\\/evangelische-beratung.com\\\/tr\\\/#\\\/schema\\\/logo\\\/image\\\/\"}}]}<\/script>\n<!-- \/ Yoast SEO plugin. -->","yoast_head_json":{"title":"Gen\u00e7lik yard\u0131m kurumlar\u0131, kre\u015fler ve okullar i\u00e7in teklifler vom Ev. Regionalverband Frankfurt und Offenbach","description":"Wir unterst\u00fctzen u. beraten Kolleg*innen bei Fragen zu Entwicklung und Verhalten von Kindern u. Jugendlichen, Kinderschutzthemen, schulischen Konflikten uvm","robots":{"index":"index","follow":"follow","max-snippet":"max-snippet:-1","max-image-preview":"max-image-preview:large","max-video-preview":"max-video-preview:-1"},"canonical":"https:\/\/evangelische-beratung.com\/tr\/aile-cocuk-gencler\/angebote-fuer-jugendhilfe-einrichtungen-kitas-und-schulen\/","og_locale":"tr_TR","og_type":"article","og_title":"Gen\u00e7lik yard\u0131m kurumlar\u0131, kre\u015fler ve okullar i\u00e7in teklifler vom Ev. Regionalverband Frankfurt und Offenbach","og_description":"Wir unterst\u00fctzen u. beraten Kolleg*innen bei Fragen zu Entwicklung und Verhalten von Kindern u. Jugendlichen, Kinderschutzthemen, schulischen Konflikten uvm","og_url":"https:\/\/evangelische-beratung.com\/tr\/aile-cocuk-gencler\/angebote-fuer-jugendhilfe-einrichtungen-kitas-und-schulen\/","og_site_name":"Evangelischer Regionalverband","article_modified_time":"2026-04-14T07:41:23+00:00","twitter_card":"summary_large_image","twitter_misc":{"Tahmini okuma s\u00fcresi":"1 dakika"},"schema":{"@context":"https:\/\/schema.org","@graph":[{"@type":"WebPage","@id":"https:\/\/evangelische-beratung.com\/tr\/aile-cocuk-gencler\/angebote-fuer-jugendhilfe-einrichtungen-kitas-und-schulen\/","url":"https:\/\/evangelische-beratung.com\/tr\/aile-cocuk-gencler\/angebote-fuer-jugendhilfe-einrichtungen-kitas-und-schulen\/","name":"Gen\u00e7lik yard\u0131m kurumlar\u0131, kre\u015fler ve okullar i\u00e7in teklifler vom Ev. Regionalverband Frankfurt und Offenbach","isPartOf":{"@id":"https:\/\/evangelische-beratung.com\/tr\/#website"},"datePublished":"2019-07-21T21:20:54+00:00","dateModified":"2026-04-14T07:41:23+00:00","description":"Wir unterst\u00fctzen u. beraten Kolleg*innen bei Fragen zu Entwicklung und Verhalten von Kindern u. Jugendlichen, Kinderschutzthemen, schulischen Konflikten uvm","breadcrumb":{"@id":"https:\/\/evangelische-beratung.com\/tr\/aile-cocuk-gencler\/angebote-fuer-jugendhilfe-einrichtungen-kitas-und-schulen\/#breadcrumb"},"inLanguage":"tr","potentialAction":[{"@type":"ReadAction","target":["https:\/\/evangelische-beratung.com\/tr\/aile-cocuk-gencler\/angebote-fuer-jugendhilfe-einrichtungen-kitas-und-schulen\/"]}]},{"@type":"BreadcrumbList","@id":"https:\/\/evangelische-beratung.com\/tr\/aile-cocuk-gencler\/angebote-fuer-jugendhilfe-einrichtungen-kitas-und-schulen\/#breadcrumb","itemListElement":[{"@type":"ListItem","position":1,"name":"Startseite","item":"https:\/\/evangelische-beratung.com\/tr\/"},{"@type":"ListItem","position":2,"name":"Aile- \u00c7ocuklar -Ergenler","item":"https:\/\/evangelische-beratung.com\/tr\/aile-cocuk-gencler\/"},{"@type":"ListItem","position":3,"name":"Gen\u00e7lik yard\u0131m kurumlar\u0131, kre\u015fler ve okullar i\u00e7in teklifler"}]},{"@type":"WebSite","@id":"https:\/\/evangelische-beratung.com\/tr\/#website","url":"https:\/\/evangelische-beratung.com\/tr\/","name":"Evangelischer Regionalverband","description":"","publisher":{"@id":"https:\/\/evangelische-beratung.com\/tr\/#organization"},"potentialAction":[{"@type":"SearchAction","target":{"@type":"EntryPoint","urlTemplate":"https:\/\/evangelische-beratung.com\/tr\/?s={search_term_string}"},"query-input":{"@type":"PropertyValueSpecification","valueRequired":true,"valueName":"search_term_string"}}],"inLanguage":"tr"},{"@type":"Organization","@id":"https:\/\/evangelische-beratung.com\/tr\/#organization","name":"Evangelischer Regionalverband Frankfurt und Offenbach","url":"https:\/\/evangelische-beratung.com\/tr\/","logo":{"@type":"ImageObject","inLanguage":"tr","@id":"https:\/\/evangelische-beratung.com\/tr\/#\/schema\/logo\/image\/","url":"https:\/\/evangelische-beratung.com\/tr\/wp-content\/uploads\/sites\/8\/2019\/10\/erv-logo.png","contentUrl":"https:\/\/evangelische-beratung.com\/tr\/wp-content\/uploads\/sites\/8\/2019\/10\/erv-logo.png","width":1127,"height":595,"caption":"Evangelischer Regionalverband Frankfurt und Offenbach"},"image":{"@id":"https:\/\/evangelische-beratung.com\/tr\/#\/schema\/logo\/image\/"}}]}},"_links":{"self":[{"href":"https:\/\/evangelische-beratung.com\/tr\/wp-json\/wp\/v2\/pages\/81","targetHints":{"allow":["GET"]}}],"collection":[{"href":"https:\/\/evangelische-beratung.com\/tr\/wp-json\/wp\/v2\/pages"}],"about":[{"href":"https:\/\/evangelische-beratung.com\/tr\/wp-json\/wp\/v2\/types\/page"}],"author":[{"embeddable":true,"href":"https:\/\/evangelische-beratung.com\/tr\/wp-json\/wp\/v2\/users\/36"}],"replies":[{"embeddable":true,"href":"https:\/\/evangelische-beratung.com\/tr\/wp-json\/wp\/v2\/comments?post=81"}],"version-history":[{"count":1,"href":"https:\/\/evangelische-beratung.com\/tr\/wp-json\/wp\/v2\/pages\/81\/revisions"}],"predecessor-version":[{"id":1455,"href":"https:\/\/evangelische-beratung.com\/tr\/wp-json\/wp\/v2\/pages\/81\/revisions\/1455"}],"up":[{"embeddable":true,"href":"https:\/\/evangelische-beratung.com\/tr\/wp-json\/wp\/v2\/pages\/15"}],"wp:attachment":[{"href":"https:\/\/evangelische-beratung.com\/tr\/wp-json\/wp\/v2\/media?parent=81"}],"curies":[{"name":"wp","href":"https:\/\/api.w.org\/{rel}","templated":true}]}}