{"id":80,"date":"2019-07-21T23:20:38","date_gmt":"2019-07-21T21:20:38","guid":{"rendered":"https:\/\/evangelische-beratung.com\/tr\/?page_id=80"},"modified":"2020-04-16T12:30:45","modified_gmt":"2020-04-16T10:30:45","slug":"offene-sprechstunden","status":"publish","type":"page","link":"https:\/\/evangelische-beratung.com\/tr\/aile-cocuk-gencler\/offene-sprechstunden\/","title":{"rendered":"A\u00e7\u0131k dan\u0131\u015fma hizmet saatleri"},"content":{"rendered":"\n<p class=\"is-style-teaser\">Adolf-Reichwein-Grundschule, K\u00e4the-Kollwitz-Grundschule ve Ziehenschule &nbsp;\u0130lk\u00f6\u011fretim okulunda sizlere a\u00e7\u0131k dan\u0131\u015fma hizmet saatleri sunuyoruz.<\/p>\n\n\n\n<figure class=\"wp-block-image alignwide\"><img loading=\"lazy\" decoding=\"async\" width=\"1024\" height=\"512\" src=\"https:\/\/evangelische-beratung.com\/tr\/wp-content\/uploads\/sites\/8\/2019\/08\/Familien-Erziehungs-und-Jugendberatung-18_HERO-1024x512.jpg\" alt=\"\" class=\"wp-image-466\" srcset=\"https:\/\/evangelische-beratung.com\/tr\/wp-content\/uploads\/sites\/8\/2019\/08\/Familien-Erziehungs-und-Jugendberatung-18_HERO-1024x512.jpg 1024w, https:\/\/evangelische-beratung.com\/tr\/wp-content\/uploads\/sites\/8\/2019\/08\/Familien-Erziehungs-und-Jugendberatung-18_HERO-300x150.jpg 300w, https:\/\/evangelische-beratung.com\/tr\/wp-content\/uploads\/sites\/8\/2019\/08\/Familien-Erziehungs-und-Jugendberatung-18_HERO-768x384.jpg 768w, https:\/\/evangelische-beratung.com\/tr\/wp-content\/uploads\/sites\/8\/2019\/08\/Familien-Erziehungs-und-Jugendberatung-18_HERO.jpg 1840w\" sizes=\"auto, 100vw\" \/><\/figure>\n\n\n\n<h3 class=\"wp-block-heading\">Zeilsheim Semtinde, Adolf-Reichwein- Grundschule  &amp; K\u00e4the-Kollwitz-Grundschule <\/h3>\n\n\n\n<p>H\u00f6chst\u00b4te bulunan Evangelisches Zentrum H\u00f6chst, &nbsp;Psikolojik Dan\u0131\u015fma Merkezi, Adolf Reichwein \u0130lk\u00f6\u011fretim Okulu ve Zeilsheim&#8217;deki K\u00e4the-Kollwitz \u0130lk\u00f6\u011fretim Okul binalar\u0131n\u0131n dan\u0131\u015fma odalar\u0131nda, dan\u0131\u015fmanl\u0131k hizmeti sunmaktad\u0131r. <\/p>\n\n\n\n<p>Bir \u00f6\u011fretmen taraf\u0131ndan sunulan bu tekliften, havale\/transfer olsun veya olmas\u0131n, ebeveynler ve aileler taraf\u0131ndan yararlanabilinir. <\/p>\n\n\n\n<h3 class=\"wp-block-heading\">H\u00f6chst Dan\u0131\u015fmanl\u0131k hizmet Merkezi<\/h3>\n\n\n\n<p>Ayr\u0131ca, Psikoljik dan\u0131\u015fma Merkezi \u201edie psychologische Beratungsstelle im Evangelischen Zentrum H\u00f6chst \u201c &#8220;k\u00fc\u00e7\u00fck \u00e7ocuklar- ve Bebekler-G\u00f6r\u00fc\u015fmeleri&#8221; sunuyor.<\/p>\n\n\n\n<p>\u00c7ocu\u011funuzun geli\u015fimi ve e\u011fitimi hakk\u0131nda bir\u00e7ok soru, do\u011fumdan hemen sonra veya ya\u015fam\u0131n ilk \u00fc\u00e7 y\u0131l\u0131nda ortaya \u00e7\u0131kabilir. A\u015fa\u011f\u0131da g\u00f6sterilen, ortaya \u00e7\u0131kabilecek benzer sorunlarda size refaket edip, beraberce sorunlara \u00e7\u00f6z\u00fcm bulmaya \u00e7al\u0131\u015f\u0131r\u0131z.  <\/p>\n\n\n\n<ul class=\"wp-block-list\"><li>S\u0131k\u00e7a, \u00e7\u0131\u011fl\u0131k atarak a\u011flamak<\/li><li>Uyku bozuklu\u011fu <\/li><li>Yemek yememe sorunlar\u0131 <\/li><li>Terkedilme korkusu<\/li><li>\u0130nat\u00e7\u0131l\u0131k\/ \u015eiddetli meydan okuma<\/li><li>Stres y\u00f6netimi <\/li><li>ve bu konularda sizi endi\u015felendiren di\u011fer benzer \u015feyler<\/li><\/ul>\n\n\n\n<ul class=\"wp-block-list\"><li><\/li><\/ul>\n\n\n\n<div class=\"wp-block-erv-download -show-file-extension\"><span aria-hidden=\"true\"><span class=\"file-extension\">pdf<\/span><\/span><div class=\"title-and-description\"><p class=\"download-title -inverted-link-style\"><a href=\"https:\/\/evangelische-beratung.com\/tr\/wp-content\/uploads\/sites\/8\/2019\/08\/Flyer-Baby-2019-aktuell_neu-15.05.2019.pdf\" target=\"_blank\" rel=\"noopener noreferrer\">Infoflyer &#8220;Baby- und Kleinkindsprechstunde&#8221;<\/a><\/p><p class=\"download-description\"><\/p><\/div><\/div>\n\n\n\n<h3 class=\"wp-block-heading\"><strong>Ziehenschule- \u0130lk\u00f6\u011fretimokulu<\/strong><\/h3>\n\n\n\n<p>Am Wei\u00dfen Stein, da ki Aile- , E\u011fitim- ve Gen\u00e7lik Dan\u0131\u015fma Merkezi, Ziehenschule- \u0130lk\u00f6\u011fretim Okul binas\u0131nda ki dan\u0131\u015fma odalar\u0131nda , Okul d\u00f6nemlerinde, her Sali saat 12 ile 14 aras\u0131 dan\u0131\u015fmanl\u0131k hizmeti sunmaktad\u0131r. Ziehenschule- \u0130lk\u00f6\u011fretim Okulun Dan\u0131\u015fma Konsepti ile uyumlu ve bir \u00f6\u011fretmen taraf\u0131ndan sunulan bu Tekliften, havale\/transfer olsun veya olmas\u0131n yararlanabilinir.<\/p>\n\n\n\n<p>Bir insan, baz\u0131 sorunlar\u0131 yaln\u0131z ba\u015f\u0131na &nbsp;\u00e7\u00f6zemez. B\u00f6ylesi durumlarda, Dan\u0131\u015fma hizmetleri yard\u0131mc\u0131 olabilirler. Bizi ziyaret edin, birbirimizi tan\u0131yal\u0131m. Olabilirki, \u00e7evrenizde ki tan\u0131d\u0131\u011f\u0131n\u0131z bir Ki\u015fi i\u00e7in, endi\u015feniz veya sorular\u0131n\u0131z olabilir. Bize gelip, beraberce \u00e7\u00f6z\u00fcm arayal\u0131m, sahip oldu\u011funuz &#8220;kendi-kendine sorun \u00e7\u00f6zme beceri&#8221; geli\u015ftirilmesinde yard\u0131mda bulunuruz.<\/p>\n\n\n\n<div class=\"wp-block-columns alignwide has-3-columns is-layout-flex wp-container-core-columns-is-layout-9d6595d7 wp-block-columns-is-layout-flex\">\n<div class=\"wp-block-column is-layout-flow wp-block-column-is-layout-flow\"><\/div>\n\n\n\n<div class=\"wp-block-column is-layout-flow wp-block-column-is-layout-flow\"><\/div>\n\n\n\n<div class=\"wp-block-column is-layout-flow wp-block-column-is-layout-flow\"><\/div>\n<\/div>\n","protected":false},"excerpt":{"rendered":"<p>Adolf-Reichwein-Grundschule, K\u00e4the-Kollwitz-Grundschule ve Ziehenschule &nbsp;\u0130lk\u00f6\u011fretim okulunda sizlere a\u00e7\u0131k dan\u0131\u015fma hizmet saatleri sunuyoruz. Zeilsheim Semtinde, Adolf-Reichwein- Grundschule &amp; K\u00e4the-Kollwitz-Grundschule H\u00f6chst\u00b4te bulunan Evangelisches Zentrum H\u00f6chst, &nbsp;Psikolojik Dan\u0131\u015fma Merkezi, Adolf Reichwein \u0130lk\u00f6\u011fretim Okulu ve Zeilsheim&#8217;deki K\u00e4the-Kollwitz \u0130lk\u00f6\u011fretim Okul binalar\u0131n\u0131n dan\u0131\u015fma odalar\u0131nda, dan\u0131\u015fmanl\u0131k hizmeti sunmaktad\u0131r. Bir \u00f6\u011fretmen taraf\u0131ndan sunulan bu tekliften, havale\/transfer olsun veya olmas\u0131n, ebeveynler ve aileler taraf\u0131ndan [&hellip;]<\/p>\n","protected":false},"author":2,"featured_media":0,"parent":15,"menu_order":0,"comment_status":"closed","ping_status":"closed","template":"","meta":{"footnotes":""},"class_list":["post-80","page","type-page","status-publish","hentry"],"yoast_head":"<!-- This site is optimized with the Yoast SEO plugin v27.3 - https:\/\/yoast.com\/product\/yoast-seo-wordpress\/ -->\n<title>Offene Sprechstunden in Zeilsheim und H\u00f6chst vom Ev. Regionalverband<\/title>\n<meta name=\"description\" content=\"Offene Sprechstunden finden Sie an der Adolf-Reichwein-Grundschule sowie an der K\u00e4the-Kollwitz-Grundschule in Zeilsheim u. in der Beratungsstelle im Ev. Zentrum H\u00f6chst\" \/>\n<meta name=\"robots\" content=\"index, follow, max-snippet:-1, max-image-preview:large, max-video-preview:-1\" \/>\n<link rel=\"canonical\" href=\"https:\/\/evangelische-beratung.com\/tr\/aile-cocuk-gencler\/offene-sprechstunden\/\" \/>\n<meta property=\"og:locale\" content=\"tr_TR\" \/>\n<meta property=\"og:type\" content=\"article\" \/>\n<meta property=\"og:title\" content=\"Offene Sprechstunden in Zeilsheim und H\u00f6chst vom Ev. Regionalverband\" \/>\n<meta property=\"og:description\" content=\"Offene Sprechstunden finden Sie an der Adolf-Reichwein-Grundschule sowie an der K\u00e4the-Kollwitz-Grundschule in Zeilsheim u. in der Beratungsstelle im Ev. Zentrum H\u00f6chst\" \/>\n<meta property=\"og:url\" content=\"https:\/\/evangelische-beratung.com\/tr\/aile-cocuk-gencler\/offene-sprechstunden\/\" \/>\n<meta property=\"og:site_name\" content=\"Evangelischer Regionalverband\" \/>\n<meta property=\"article:modified_time\" content=\"2020-04-16T10:30:45+00:00\" \/>\n<meta property=\"og:image\" content=\"https:\/\/evangelische-beratung.com\/tr\/wp-content\/uploads\/sites\/8\/2019\/08\/Familien-Erziehungs-und-Jugendberatung-18_HERO-1024x512.jpg\" \/>\n<meta name=\"twitter:card\" content=\"summary_large_image\" \/>\n<meta name=\"twitter:label1\" content=\"Tahmini okuma s\u00fcresi\" \/>\n\t<meta name=\"twitter:data1\" content=\"2 dakika\" \/>\n<script type=\"application\/ld+json\" class=\"yoast-schema-graph\">{\"@context\":\"https:\\\/\\\/schema.org\",\"@graph\":[{\"@type\":\"WebPage\",\"@id\":\"https:\\\/\\\/evangelische-beratung.com\\\/tr\\\/aile-cocuk-gencler\\\/offene-sprechstunden\\\/\",\"url\":\"https:\\\/\\\/evangelische-beratung.com\\\/tr\\\/aile-cocuk-gencler\\\/offene-sprechstunden\\\/\",\"name\":\"Offene Sprechstunden in Zeilsheim und H\u00f6chst vom Ev. Regionalverband\",\"isPartOf\":{\"@id\":\"https:\\\/\\\/evangelische-beratung.com\\\/tr\\\/#website\"},\"primaryImageOfPage\":{\"@id\":\"https:\\\/\\\/evangelische-beratung.com\\\/tr\\\/aile-cocuk-gencler\\\/offene-sprechstunden\\\/#primaryimage\"},\"image\":{\"@id\":\"https:\\\/\\\/evangelische-beratung.com\\\/tr\\\/aile-cocuk-gencler\\\/offene-sprechstunden\\\/#primaryimage\"},\"thumbnailUrl\":\"https:\\\/\\\/evangelische-beratung.com\\\/tr\\\/wp-content\\\/uploads\\\/sites\\\/8\\\/2019\\\/08\\\/Familien-Erziehungs-und-Jugendberatung-18_HERO-1024x512.jpg\",\"datePublished\":\"2019-07-21T21:20:38+00:00\",\"dateModified\":\"2020-04-16T10:30:45+00:00\",\"description\":\"Offene Sprechstunden finden Sie an der Adolf-Reichwein-Grundschule sowie an der K\u00e4the-Kollwitz-Grundschule in Zeilsheim u. in der Beratungsstelle im Ev. Zentrum H\u00f6chst\",\"breadcrumb\":{\"@id\":\"https:\\\/\\\/evangelische-beratung.com\\\/tr\\\/aile-cocuk-gencler\\\/offene-sprechstunden\\\/#breadcrumb\"},\"inLanguage\":\"tr\",\"potentialAction\":[{\"@type\":\"ReadAction\",\"target\":[\"https:\\\/\\\/evangelische-beratung.com\\\/tr\\\/aile-cocuk-gencler\\\/offene-sprechstunden\\\/\"]}]},{\"@type\":\"ImageObject\",\"inLanguage\":\"tr\",\"@id\":\"https:\\\/\\\/evangelische-beratung.com\\\/tr\\\/aile-cocuk-gencler\\\/offene-sprechstunden\\\/#primaryimage\",\"url\":\"https:\\\/\\\/evangelische-beratung.com\\\/tr\\\/wp-content\\\/uploads\\\/sites\\\/8\\\/2019\\\/08\\\/Familien-Erziehungs-und-Jugendberatung-18_HERO-1024x512.jpg\",\"contentUrl\":\"https:\\\/\\\/evangelische-beratung.com\\\/tr\\\/wp-content\\\/uploads\\\/sites\\\/8\\\/2019\\\/08\\\/Familien-Erziehungs-und-Jugendberatung-18_HERO-1024x512.jpg\"},{\"@type\":\"BreadcrumbList\",\"@id\":\"https:\\\/\\\/evangelische-beratung.com\\\/tr\\\/aile-cocuk-gencler\\\/offene-sprechstunden\\\/#breadcrumb\",\"itemListElement\":[{\"@type\":\"ListItem\",\"position\":1,\"name\":\"Startseite\",\"item\":\"https:\\\/\\\/evangelische-beratung.com\\\/tr\\\/\"},{\"@type\":\"ListItem\",\"position\":2,\"name\":\"Aile- \u00c7ocuklar -Ergenler\",\"item\":\"https:\\\/\\\/evangelische-beratung.com\\\/tr\\\/aile-cocuk-gencler\\\/\"},{\"@type\":\"ListItem\",\"position\":3,\"name\":\"A\u00e7\u0131k dan\u0131\u015fma hizmet saatleri\"}]},{\"@type\":\"WebSite\",\"@id\":\"https:\\\/\\\/evangelische-beratung.com\\\/tr\\\/#website\",\"url\":\"https:\\\/\\\/evangelische-beratung.com\\\/tr\\\/\",\"name\":\"Evangelischer Regionalverband\",\"description\":\"\",\"publisher\":{\"@id\":\"https:\\\/\\\/evangelische-beratung.com\\\/tr\\\/#organization\"},\"potentialAction\":[{\"@type\":\"SearchAction\",\"target\":{\"@type\":\"EntryPoint\",\"urlTemplate\":\"https:\\\/\\\/evangelische-beratung.com\\\/tr\\\/?s={search_term_string}\"},\"query-input\":{\"@type\":\"PropertyValueSpecification\",\"valueRequired\":true,\"valueName\":\"search_term_string\"}}],\"inLanguage\":\"tr\"},{\"@type\":\"Organization\",\"@id\":\"https:\\\/\\\/evangelische-beratung.com\\\/tr\\\/#organization\",\"name\":\"Evangelischer Regionalverband Frankfurt und Offenbach\",\"url\":\"https:\\\/\\\/evangelische-beratung.com\\\/tr\\\/\",\"logo\":{\"@type\":\"ImageObject\",\"inLanguage\":\"tr\",\"@id\":\"https:\\\/\\\/evangelische-beratung.com\\\/tr\\\/#\\\/schema\\\/logo\\\/image\\\/\",\"url\":\"https:\\\/\\\/evangelische-beratung.com\\\/tr\\\/wp-content\\\/uploads\\\/sites\\\/8\\\/2019\\\/10\\\/erv-logo.png\",\"contentUrl\":\"https:\\\/\\\/evangelische-beratung.com\\\/tr\\\/wp-content\\\/uploads\\\/sites\\\/8\\\/2019\\\/10\\\/erv-logo.png\",\"width\":1127,\"height\":595,\"caption\":\"Evangelischer Regionalverband Frankfurt und Offenbach\"},\"image\":{\"@id\":\"https:\\\/\\\/evangelische-beratung.com\\\/tr\\\/#\\\/schema\\\/logo\\\/image\\\/\"}}]}<\/script>\n<!-- \/ Yoast SEO plugin. -->","yoast_head_json":{"title":"Offene Sprechstunden in Zeilsheim und H\u00f6chst vom Ev. Regionalverband","description":"Offene Sprechstunden finden Sie an der Adolf-Reichwein-Grundschule sowie an der K\u00e4the-Kollwitz-Grundschule in Zeilsheim u. in der Beratungsstelle im Ev. Zentrum H\u00f6chst","robots":{"index":"index","follow":"follow","max-snippet":"max-snippet:-1","max-image-preview":"max-image-preview:large","max-video-preview":"max-video-preview:-1"},"canonical":"https:\/\/evangelische-beratung.com\/tr\/aile-cocuk-gencler\/offene-sprechstunden\/","og_locale":"tr_TR","og_type":"article","og_title":"Offene Sprechstunden in Zeilsheim und H\u00f6chst vom Ev. Regionalverband","og_description":"Offene Sprechstunden finden Sie an der Adolf-Reichwein-Grundschule sowie an der K\u00e4the-Kollwitz-Grundschule in Zeilsheim u. in der Beratungsstelle im Ev. Zentrum H\u00f6chst","og_url":"https:\/\/evangelische-beratung.com\/tr\/aile-cocuk-gencler\/offene-sprechstunden\/","og_site_name":"Evangelischer Regionalverband","article_modified_time":"2020-04-16T10:30:45+00:00","og_image":[{"url":"https:\/\/evangelische-beratung.com\/tr\/wp-content\/uploads\/sites\/8\/2019\/08\/Familien-Erziehungs-und-Jugendberatung-18_HERO-1024x512.jpg","type":"","width":"","height":""}],"twitter_card":"summary_large_image","twitter_misc":{"Tahmini okuma s\u00fcresi":"2 dakika"},"schema":{"@context":"https:\/\/schema.org","@graph":[{"@type":"WebPage","@id":"https:\/\/evangelische-beratung.com\/tr\/aile-cocuk-gencler\/offene-sprechstunden\/","url":"https:\/\/evangelische-beratung.com\/tr\/aile-cocuk-gencler\/offene-sprechstunden\/","name":"Offene Sprechstunden in Zeilsheim und H\u00f6chst vom Ev. Regionalverband","isPartOf":{"@id":"https:\/\/evangelische-beratung.com\/tr\/#website"},"primaryImageOfPage":{"@id":"https:\/\/evangelische-beratung.com\/tr\/aile-cocuk-gencler\/offene-sprechstunden\/#primaryimage"},"image":{"@id":"https:\/\/evangelische-beratung.com\/tr\/aile-cocuk-gencler\/offene-sprechstunden\/#primaryimage"},"thumbnailUrl":"https:\/\/evangelische-beratung.com\/tr\/wp-content\/uploads\/sites\/8\/2019\/08\/Familien-Erziehungs-und-Jugendberatung-18_HERO-1024x512.jpg","datePublished":"2019-07-21T21:20:38+00:00","dateModified":"2020-04-16T10:30:45+00:00","description":"Offene Sprechstunden finden Sie an der Adolf-Reichwein-Grundschule sowie an der K\u00e4the-Kollwitz-Grundschule in Zeilsheim u. in der Beratungsstelle im Ev. Zentrum H\u00f6chst","breadcrumb":{"@id":"https:\/\/evangelische-beratung.com\/tr\/aile-cocuk-gencler\/offene-sprechstunden\/#breadcrumb"},"inLanguage":"tr","potentialAction":[{"@type":"ReadAction","target":["https:\/\/evangelische-beratung.com\/tr\/aile-cocuk-gencler\/offene-sprechstunden\/"]}]},{"@type":"ImageObject","inLanguage":"tr","@id":"https:\/\/evangelische-beratung.com\/tr\/aile-cocuk-gencler\/offene-sprechstunden\/#primaryimage","url":"https:\/\/evangelische-beratung.com\/tr\/wp-content\/uploads\/sites\/8\/2019\/08\/Familien-Erziehungs-und-Jugendberatung-18_HERO-1024x512.jpg","contentUrl":"https:\/\/evangelische-beratung.com\/tr\/wp-content\/uploads\/sites\/8\/2019\/08\/Familien-Erziehungs-und-Jugendberatung-18_HERO-1024x512.jpg"},{"@type":"BreadcrumbList","@id":"https:\/\/evangelische-beratung.com\/tr\/aile-cocuk-gencler\/offene-sprechstunden\/#breadcrumb","itemListElement":[{"@type":"ListItem","position":1,"name":"Startseite","item":"https:\/\/evangelische-beratung.com\/tr\/"},{"@type":"ListItem","position":2,"name":"Aile- \u00c7ocuklar -Ergenler","item":"https:\/\/evangelische-beratung.com\/tr\/aile-cocuk-gencler\/"},{"@type":"ListItem","position":3,"name":"A\u00e7\u0131k dan\u0131\u015fma hizmet saatleri"}]},{"@type":"WebSite","@id":"https:\/\/evangelische-beratung.com\/tr\/#website","url":"https:\/\/evangelische-beratung.com\/tr\/","name":"Evangelischer Regionalverband","description":"","publisher":{"@id":"https:\/\/evangelische-beratung.com\/tr\/#organization"},"potentialAction":[{"@type":"SearchAction","target":{"@type":"EntryPoint","urlTemplate":"https:\/\/evangelische-beratung.com\/tr\/?s={search_term_string}"},"query-input":{"@type":"PropertyValueSpecification","valueRequired":true,"valueName":"search_term_string"}}],"inLanguage":"tr"},{"@type":"Organization","@id":"https:\/\/evangelische-beratung.com\/tr\/#organization","name":"Evangelischer Regionalverband Frankfurt und Offenbach","url":"https:\/\/evangelische-beratung.com\/tr\/","logo":{"@type":"ImageObject","inLanguage":"tr","@id":"https:\/\/evangelische-beratung.com\/tr\/#\/schema\/logo\/image\/","url":"https:\/\/evangelische-beratung.com\/tr\/wp-content\/uploads\/sites\/8\/2019\/10\/erv-logo.png","contentUrl":"https:\/\/evangelische-beratung.com\/tr\/wp-content\/uploads\/sites\/8\/2019\/10\/erv-logo.png","width":1127,"height":595,"caption":"Evangelischer Regionalverband Frankfurt und Offenbach"},"image":{"@id":"https:\/\/evangelische-beratung.com\/tr\/#\/schema\/logo\/image\/"}}]}},"_links":{"self":[{"href":"https:\/\/evangelische-beratung.com\/tr\/wp-json\/wp\/v2\/pages\/80","targetHints":{"allow":["GET"]}}],"collection":[{"href":"https:\/\/evangelische-beratung.com\/tr\/wp-json\/wp\/v2\/pages"}],"about":[{"href":"https:\/\/evangelische-beratung.com\/tr\/wp-json\/wp\/v2\/types\/page"}],"author":[{"embeddable":true,"href":"https:\/\/evangelische-beratung.com\/tr\/wp-json\/wp\/v2\/users\/2"}],"replies":[{"embeddable":true,"href":"https:\/\/evangelische-beratung.com\/tr\/wp-json\/wp\/v2\/comments?post=80"}],"version-history":[{"count":3,"href":"https:\/\/evangelische-beratung.com\/tr\/wp-json\/wp\/v2\/pages\/80\/revisions"}],"predecessor-version":[{"id":1565,"href":"https:\/\/evangelische-beratung.com\/tr\/wp-json\/wp\/v2\/pages\/80\/revisions\/1565"}],"up":[{"embeddable":true,"href":"https:\/\/evangelische-beratung.com\/tr\/wp-json\/wp\/v2\/pages\/15"}],"wp:attachment":[{"href":"https:\/\/evangelische-beratung.com\/tr\/wp-json\/wp\/v2\/media?parent=80"}],"curies":[{"name":"wp","href":"https:\/\/api.w.org\/{rel}","templated":true}]}}