{"id":78,"date":"2019-07-21T23:20:06","date_gmt":"2019-07-21T21:20:06","guid":{"rendered":"https:\/\/evangelische-beratung.com\/tr\/?page_id=78"},"modified":"2020-04-25T10:03:21","modified_gmt":"2020-04-25T08:03:21","slug":"begleiteter-umgang","status":"publish","type":"page","link":"https:\/\/evangelische-beratung.com\/tr\/aile-cocuk-gencler\/begleiteter-umgang\/","title":{"rendered":"Korumal\u0131 g\u00f6r\u00fc\u015fme"},"content":{"rendered":"\n<p class=\"is-style-teaser\"> Zorluk te\u015fkil eden durumlarda bile, \u00e7ocuklar\u0131n\u0131zla  Korumal\u0131 g\u00f6r\u00fc\u015fme   s\u00fcrd\u00fcrmenize yard\u0131mc\u0131 oluruz <\/p>\n\n\n\n<p>Bize ba\u015fvurunuz, \u015fayet<\/p>\n\n\n\n<ul class=\"wp-block-list\"><li>\u00c7ocu\u011funuzla uzun s\u00fcredir g\u00f6r\u00fc\u015fmediyseniz<\/li><li>Asliye hukuk mahkemesi, korunma karar\u0131 ve Korumal\u0131 g\u00f6r\u00fc\u015fme h\u00fckm\u00fc vermi\u015fse veya Gen\u00e7lik dairesinin  Korumal\u0131 g\u00f6r\u00fc\u015fme us\u00fcl\u00fcn\u00fc, tavsiye etmi\u015fse.<\/li><\/ul>\n\n\n\n<p>Her \u00e7ocu\u011fun, hem Anne hem de Babayla korumal\u0131 g\u00f6r\u00fc\u015fme\/ileti\u015fim hakk\u0131na sahiptir. Ayr\u0131ca, hem Annenin hem de Baban\u0131n b\u00f6ylesi haklara sahip oldu\u011fu gibi y\u00fck\u00fcml\u00fcl\u00fckleri de \u00a0vard\u0131r. Korumal\u0131 g\u00f6r\u00fc\u015fme Kullan\u0131m  y\u00f6netmeli\u011fi her zaman sorunsuz bir \u015fekilde y\u00fcr\u00fcmez. \u00c7ocu\u011fa Kar\u015f\u0131 \u015eiddet ve Tehlike\u00a0Durumu yaratan b\u00f6ylesi davran\u0131\u015flar, ister anne ister baba tarafl\u0131 olsun, (\u00d6rne\u011fin, alkol veya uyu\u015fturucu kullan\u0131m\u0131), ciddi ebeveyn \u00e7at\u0131\u015fmalar\u0131ndan, kaynaklanan sebep olarak g\u00f6sterilebilir. Bundan hareketle, korumal\u0131 g\u00f6r\u00fc\u015fme toplant\u0131lar\u0131 bir s\u00fcre i\u00e7in, bir uzman taraf\u0131ndan refaketlik g\u00f6r\u00fcr. <\/p>\n\n\n\n<p style=\"text-align:center\" class=\"is-style-roof-line\"><strong>Randevular i\u00e7in ileti\u015fim<\/strong><\/p>\n\n\n\n<div class=\"wp-block-columns alignwide has-3-columns -columns-equal-height is-layout-flex wp-container-core-columns-is-layout-9d6595d7 wp-block-columns-is-layout-flex\">\n<div class=\"wp-block-column is-layout-flow wp-block-column-is-layout-flow\"><\/div>\n\n\n\n<div class=\"wp-block-column is-layout-flow wp-block-column-is-layout-flow\">\n<div class=\"wp-block-erv-id-card\"><div class=\"id-card-content\"><figure class=\"id-card-photo\"><img decoding=\"async\" src=\"https:\/\/evangelische-beratung.com\/wp-content\/uploads\/2020\/01\/portrait_platzhalter-1-300x300.jpg\" \/><\/figure><div class=\"id-card-details\"><p class=\"id-card-name\">Claudia Hauer<\/p><p class=\"id-card-job\">Sekretariat<\/p><p class=\"id-card-location\">Frankfurt<\/p><p class=\"id-card-phone\">069 \/ 53 02 220<\/p><p class=\"id-card-email\"><a href=\"m&#97;&#105;&#108;&#x74;&#x6f;&#x3a;fa&#109;&#105;&#x6c;&#x69;&#x65;&#x6e;be&#114;&#97;&#x74;&#x75;&#x6e;&#x67;&#64;&#102;&#114;&#97;&#x6e;&#x6b;&#x66;ur&#116;&#45;&#101;&#x76;&#x61;&#x6e;ge&#108;&#105;&#x73;&#x63;&#x68;&#x2e;de\">E-Mail<\/a><\/p><\/div><\/div><\/div>\n<\/div>\n\n\n\n<div class=\"wp-block-column is-layout-flow wp-block-column-is-layout-flow\">\n<div class=\"wp-block-erv-id-card -hidden-image\"><div class=\"id-card-content\"><div class=\"id-card-details\"><p class=\"id-card-name\">Andrea Schare<\/p><p class=\"id-card-job\">Sekretariat<\/p><p class=\"id-card-location\">H\u00f6chst<\/p><p class=\"id-card-phone\">069 \/ 75 93 672 10<\/p><p class=\"id-card-email\"><a href=\"m&#97;&#105;&#108;&#x74;&#x6f;&#x3a;ps&#121;&#99;&#x68;&#x6f;&#x6c;&#x6f;gi&#115;&#99;&#x68;&#x65;&#x62;&#x65;r&#97;&#116;&#117;&#x6e;&#x67;&#x2e;ho&#101;&#99;&#104;&#x73;&#x74;&#x40;fr&#97;&#110;&#x6b;&#x66;&#x75;&#x72;t-&#101;&#118;&#x61;&#x6e;&#x67;el&#105;&#115;&#99;&#x68;&#x2e;&#x64;e\">E-Mail<\/a><\/p><\/div><\/div><\/div>\n<\/div>\n<\/div>\n","protected":false},"excerpt":{"rendered":"<p>Zorluk te\u015fkil eden durumlarda bile, \u00e7ocuklar\u0131n\u0131zla Korumal\u0131 g\u00f6r\u00fc\u015fme s\u00fcrd\u00fcrmenize yard\u0131mc\u0131 oluruz Bize ba\u015fvurunuz, \u015fayet \u00c7ocu\u011funuzla uzun s\u00fcredir g\u00f6r\u00fc\u015fmediyseniz Asliye hukuk mahkemesi, korunma karar\u0131 ve Korumal\u0131 g\u00f6r\u00fc\u015fme h\u00fckm\u00fc vermi\u015fse veya Gen\u00e7lik dairesinin Korumal\u0131 g\u00f6r\u00fc\u015fme us\u00fcl\u00fcn\u00fc, tavsiye etmi\u015fse. Her \u00e7ocu\u011fun, hem Anne hem de Babayla korumal\u0131 g\u00f6r\u00fc\u015fme\/ileti\u015fim hakk\u0131na sahiptir. Ayr\u0131ca, hem Annenin hem de Baban\u0131n b\u00f6ylesi haklara [&hellip;]<\/p>\n","protected":false},"author":2,"featured_media":0,"parent":15,"menu_order":0,"comment_status":"closed","ping_status":"closed","template":"","meta":{"footnotes":""},"class_list":["post-78","page","type-page","status-publish","hentry"],"yoast_head":"<!-- This site is optimized with the Yoast SEO plugin v27.3 - https:\/\/yoast.com\/product\/yoast-seo-wordpress\/ -->\n<title>Besch\u00fctzter Umgang - Rat u. Hilfe vom Ev. Regionalverband Frankfurt u. Offenbach<\/title>\n<meta name=\"description\" content=\"Wir helfen Ihnen, auch in schwierigen Situationen den Kontakt mit Ihren Kindern zu pflegen. Jedes Kind hat ein Recht auf Umgang mit beiden Elternteilen.\" \/>\n<meta name=\"robots\" content=\"index, follow, max-snippet:-1, max-image-preview:large, max-video-preview:-1\" \/>\n<link rel=\"canonical\" href=\"https:\/\/evangelische-beratung.com\/tr\/aile-cocuk-gencler\/begleiteter-umgang\/\" \/>\n<meta property=\"og:locale\" content=\"tr_TR\" \/>\n<meta property=\"og:type\" content=\"article\" \/>\n<meta property=\"og:title\" content=\"Besch\u00fctzter Umgang - Rat u. Hilfe vom Ev. Regionalverband Frankfurt u. Offenbach\" \/>\n<meta property=\"og:description\" content=\"Wir helfen Ihnen, auch in schwierigen Situationen den Kontakt mit Ihren Kindern zu pflegen. Jedes Kind hat ein Recht auf Umgang mit beiden Elternteilen.\" \/>\n<meta property=\"og:url\" content=\"https:\/\/evangelische-beratung.com\/tr\/aile-cocuk-gencler\/begleiteter-umgang\/\" \/>\n<meta property=\"og:site_name\" content=\"Evangelischer Regionalverband\" \/>\n<meta property=\"article:modified_time\" content=\"2020-04-25T08:03:21+00:00\" \/>\n<meta name=\"twitter:card\" content=\"summary_large_image\" \/>\n<meta name=\"twitter:label1\" content=\"Tahmini okuma s\u00fcresi\" \/>\n\t<meta name=\"twitter:data1\" content=\"1 dakika\" \/>\n<script type=\"application\/ld+json\" class=\"yoast-schema-graph\">{\"@context\":\"https:\\\/\\\/schema.org\",\"@graph\":[{\"@type\":\"WebPage\",\"@id\":\"https:\\\/\\\/evangelische-beratung.com\\\/tr\\\/aile-cocuk-gencler\\\/begleiteter-umgang\\\/\",\"url\":\"https:\\\/\\\/evangelische-beratung.com\\\/tr\\\/aile-cocuk-gencler\\\/begleiteter-umgang\\\/\",\"name\":\"Besch\u00fctzter Umgang - Rat u. Hilfe vom Ev. Regionalverband Frankfurt u. Offenbach\",\"isPartOf\":{\"@id\":\"https:\\\/\\\/evangelische-beratung.com\\\/tr\\\/#website\"},\"datePublished\":\"2019-07-21T21:20:06+00:00\",\"dateModified\":\"2020-04-25T08:03:21+00:00\",\"description\":\"Wir helfen Ihnen, auch in schwierigen Situationen den Kontakt mit Ihren Kindern zu pflegen. Jedes Kind hat ein Recht auf Umgang mit beiden Elternteilen.\",\"breadcrumb\":{\"@id\":\"https:\\\/\\\/evangelische-beratung.com\\\/tr\\\/aile-cocuk-gencler\\\/begleiteter-umgang\\\/#breadcrumb\"},\"inLanguage\":\"tr\",\"potentialAction\":[{\"@type\":\"ReadAction\",\"target\":[\"https:\\\/\\\/evangelische-beratung.com\\\/tr\\\/aile-cocuk-gencler\\\/begleiteter-umgang\\\/\"]}]},{\"@type\":\"BreadcrumbList\",\"@id\":\"https:\\\/\\\/evangelische-beratung.com\\\/tr\\\/aile-cocuk-gencler\\\/begleiteter-umgang\\\/#breadcrumb\",\"itemListElement\":[{\"@type\":\"ListItem\",\"position\":1,\"name\":\"Startseite\",\"item\":\"https:\\\/\\\/evangelische-beratung.com\\\/tr\\\/\"},{\"@type\":\"ListItem\",\"position\":2,\"name\":\"Aile- \u00c7ocuklar -Ergenler\",\"item\":\"https:\\\/\\\/evangelische-beratung.com\\\/tr\\\/aile-cocuk-gencler\\\/\"},{\"@type\":\"ListItem\",\"position\":3,\"name\":\"Korumal\u0131 g\u00f6r\u00fc\u015fme\"}]},{\"@type\":\"WebSite\",\"@id\":\"https:\\\/\\\/evangelische-beratung.com\\\/tr\\\/#website\",\"url\":\"https:\\\/\\\/evangelische-beratung.com\\\/tr\\\/\",\"name\":\"Evangelischer Regionalverband\",\"description\":\"\",\"publisher\":{\"@id\":\"https:\\\/\\\/evangelische-beratung.com\\\/tr\\\/#organization\"},\"potentialAction\":[{\"@type\":\"SearchAction\",\"target\":{\"@type\":\"EntryPoint\",\"urlTemplate\":\"https:\\\/\\\/evangelische-beratung.com\\\/tr\\\/?s={search_term_string}\"},\"query-input\":{\"@type\":\"PropertyValueSpecification\",\"valueRequired\":true,\"valueName\":\"search_term_string\"}}],\"inLanguage\":\"tr\"},{\"@type\":\"Organization\",\"@id\":\"https:\\\/\\\/evangelische-beratung.com\\\/tr\\\/#organization\",\"name\":\"Evangelischer Regionalverband Frankfurt und Offenbach\",\"url\":\"https:\\\/\\\/evangelische-beratung.com\\\/tr\\\/\",\"logo\":{\"@type\":\"ImageObject\",\"inLanguage\":\"tr\",\"@id\":\"https:\\\/\\\/evangelische-beratung.com\\\/tr\\\/#\\\/schema\\\/logo\\\/image\\\/\",\"url\":\"https:\\\/\\\/evangelische-beratung.com\\\/tr\\\/wp-content\\\/uploads\\\/sites\\\/8\\\/2019\\\/10\\\/erv-logo.png\",\"contentUrl\":\"https:\\\/\\\/evangelische-beratung.com\\\/tr\\\/wp-content\\\/uploads\\\/sites\\\/8\\\/2019\\\/10\\\/erv-logo.png\",\"width\":1127,\"height\":595,\"caption\":\"Evangelischer Regionalverband Frankfurt und Offenbach\"},\"image\":{\"@id\":\"https:\\\/\\\/evangelische-beratung.com\\\/tr\\\/#\\\/schema\\\/logo\\\/image\\\/\"}}]}<\/script>\n<!-- \/ Yoast SEO plugin. -->","yoast_head_json":{"title":"Besch\u00fctzter Umgang - Rat u. Hilfe vom Ev. Regionalverband Frankfurt u. Offenbach","description":"Wir helfen Ihnen, auch in schwierigen Situationen den Kontakt mit Ihren Kindern zu pflegen. Jedes Kind hat ein Recht auf Umgang mit beiden Elternteilen.","robots":{"index":"index","follow":"follow","max-snippet":"max-snippet:-1","max-image-preview":"max-image-preview:large","max-video-preview":"max-video-preview:-1"},"canonical":"https:\/\/evangelische-beratung.com\/tr\/aile-cocuk-gencler\/begleiteter-umgang\/","og_locale":"tr_TR","og_type":"article","og_title":"Besch\u00fctzter Umgang - Rat u. Hilfe vom Ev. Regionalverband Frankfurt u. Offenbach","og_description":"Wir helfen Ihnen, auch in schwierigen Situationen den Kontakt mit Ihren Kindern zu pflegen. Jedes Kind hat ein Recht auf Umgang mit beiden Elternteilen.","og_url":"https:\/\/evangelische-beratung.com\/tr\/aile-cocuk-gencler\/begleiteter-umgang\/","og_site_name":"Evangelischer Regionalverband","article_modified_time":"2020-04-25T08:03:21+00:00","twitter_card":"summary_large_image","twitter_misc":{"Tahmini okuma s\u00fcresi":"1 dakika"},"schema":{"@context":"https:\/\/schema.org","@graph":[{"@type":"WebPage","@id":"https:\/\/evangelische-beratung.com\/tr\/aile-cocuk-gencler\/begleiteter-umgang\/","url":"https:\/\/evangelische-beratung.com\/tr\/aile-cocuk-gencler\/begleiteter-umgang\/","name":"Besch\u00fctzter Umgang - Rat u. Hilfe vom Ev. Regionalverband Frankfurt u. Offenbach","isPartOf":{"@id":"https:\/\/evangelische-beratung.com\/tr\/#website"},"datePublished":"2019-07-21T21:20:06+00:00","dateModified":"2020-04-25T08:03:21+00:00","description":"Wir helfen Ihnen, auch in schwierigen Situationen den Kontakt mit Ihren Kindern zu pflegen. Jedes Kind hat ein Recht auf Umgang mit beiden Elternteilen.","breadcrumb":{"@id":"https:\/\/evangelische-beratung.com\/tr\/aile-cocuk-gencler\/begleiteter-umgang\/#breadcrumb"},"inLanguage":"tr","potentialAction":[{"@type":"ReadAction","target":["https:\/\/evangelische-beratung.com\/tr\/aile-cocuk-gencler\/begleiteter-umgang\/"]}]},{"@type":"BreadcrumbList","@id":"https:\/\/evangelische-beratung.com\/tr\/aile-cocuk-gencler\/begleiteter-umgang\/#breadcrumb","itemListElement":[{"@type":"ListItem","position":1,"name":"Startseite","item":"https:\/\/evangelische-beratung.com\/tr\/"},{"@type":"ListItem","position":2,"name":"Aile- \u00c7ocuklar -Ergenler","item":"https:\/\/evangelische-beratung.com\/tr\/aile-cocuk-gencler\/"},{"@type":"ListItem","position":3,"name":"Korumal\u0131 g\u00f6r\u00fc\u015fme"}]},{"@type":"WebSite","@id":"https:\/\/evangelische-beratung.com\/tr\/#website","url":"https:\/\/evangelische-beratung.com\/tr\/","name":"Evangelischer Regionalverband","description":"","publisher":{"@id":"https:\/\/evangelische-beratung.com\/tr\/#organization"},"potentialAction":[{"@type":"SearchAction","target":{"@type":"EntryPoint","urlTemplate":"https:\/\/evangelische-beratung.com\/tr\/?s={search_term_string}"},"query-input":{"@type":"PropertyValueSpecification","valueRequired":true,"valueName":"search_term_string"}}],"inLanguage":"tr"},{"@type":"Organization","@id":"https:\/\/evangelische-beratung.com\/tr\/#organization","name":"Evangelischer Regionalverband Frankfurt und Offenbach","url":"https:\/\/evangelische-beratung.com\/tr\/","logo":{"@type":"ImageObject","inLanguage":"tr","@id":"https:\/\/evangelische-beratung.com\/tr\/#\/schema\/logo\/image\/","url":"https:\/\/evangelische-beratung.com\/tr\/wp-content\/uploads\/sites\/8\/2019\/10\/erv-logo.png","contentUrl":"https:\/\/evangelische-beratung.com\/tr\/wp-content\/uploads\/sites\/8\/2019\/10\/erv-logo.png","width":1127,"height":595,"caption":"Evangelischer Regionalverband Frankfurt und Offenbach"},"image":{"@id":"https:\/\/evangelische-beratung.com\/tr\/#\/schema\/logo\/image\/"}}]}},"_links":{"self":[{"href":"https:\/\/evangelische-beratung.com\/tr\/wp-json\/wp\/v2\/pages\/78","targetHints":{"allow":["GET"]}}],"collection":[{"href":"https:\/\/evangelische-beratung.com\/tr\/wp-json\/wp\/v2\/pages"}],"about":[{"href":"https:\/\/evangelische-beratung.com\/tr\/wp-json\/wp\/v2\/types\/page"}],"author":[{"embeddable":true,"href":"https:\/\/evangelische-beratung.com\/tr\/wp-json\/wp\/v2\/users\/2"}],"replies":[{"embeddable":true,"href":"https:\/\/evangelische-beratung.com\/tr\/wp-json\/wp\/v2\/comments?post=78"}],"version-history":[{"count":3,"href":"https:\/\/evangelische-beratung.com\/tr\/wp-json\/wp\/v2\/pages\/78\/revisions"}],"predecessor-version":[{"id":1604,"href":"https:\/\/evangelische-beratung.com\/tr\/wp-json\/wp\/v2\/pages\/78\/revisions\/1604"}],"up":[{"embeddable":true,"href":"https:\/\/evangelische-beratung.com\/tr\/wp-json\/wp\/v2\/pages\/15"}],"wp:attachment":[{"href":"https:\/\/evangelische-beratung.com\/tr\/wp-json\/wp\/v2\/media?parent=78"}],"curies":[{"name":"wp","href":"https:\/\/api.w.org\/{rel}","templated":true}]}}