{"id":77,"date":"2019-07-21T23:19:47","date_gmt":"2019-07-21T21:19:47","guid":{"rendered":"https:\/\/evangelische-beratung.com\/tr\/?page_id=77"},"modified":"2020-03-27T09:00:45","modified_gmt":"2020-03-27T08:00:45","slug":"beratung-fuer-jugendliche","status":"publish","type":"page","link":"https:\/\/evangelische-beratung.com\/tr\/aile-cocuk-gencler\/beratung-fuer-jugendliche\/","title":{"rendered":"Gen\u00e7lere Y\u00f6nelik Dan\u0131\u015fmanl\u0131k"},"content":{"rendered":"\n<p class=\"is-style-teaser\">Evde, okulda ya da \u00f6zel hayatta zorluklar ya\u015fayan gen\u00e7lere y\u00f6nelik dan\u0131\u015fmalar sunuyoruz.<\/p>\n\n\n\n<p>A\u015fag\u0131daki&nbsp; konular da bize ula\u015fabilirsin;<\/p>\n\n\n\n<ul class=\"wp-block-list\"><li>Bazen, her \u015fey sana \u00e7ok fazla geliyor? <\/li><li>Evde s\u00fcrekli stres mi var?<\/li><li>Arkada\u015f \u00e7evrende hersey do\u011fru d\u00fcr\u00fcst y\u00fcr\u00fcm\u00fcyorsa?<\/li><li>Okul daki stres dayan\u0131lmaz hale mi geldi?<\/li><li>\u0130li\u015fkilerin kriz de mi?<\/li><li>Gizli tuttu\u011fum bir s\u0131r, beni rahats\u0131z ediyorsa<\/li><\/ul>\n\n\n\n<p>B\u00f6ylesi Konu ve sorularla bizimle do\u011fru bir yoldas\u0131n<\/p>\n\n\n\n<p>Herhangi bir sorunun oldu\u011funda, Sorunlar\u0131n\u0131 payla\u015fabilir, sorunlara beraberce \u00e7\u00f6z\u00fcmler aray\u0131p ve sana kendi kendine sorun \u00e7\u00f6zmede, e\u015flik edecek hizmetler, sunuyoruz. T\u00fcm dan\u0131\u015fmalar gizlilik esas\u0131na dayan\u0131r ve senin i\u00e7in bu dan\u0131\u015fmalar \u00fccretsizdir.<\/p>\n\n\n\n<p>Randevu almak istedi\u011finde, telefonda konunun ayr\u0131nt\u0131s\u0131na girmeden, direk&nbsp; dan\u0131\u015fmanlar\u0131m\u0131zdan biriyle randevu al\u0131rs\u0131n.<\/p>\n\n\n\n<div class=\"wp-block-image\"><figure class=\"aligncenter is-resized\"><a href=\"https:\/\/jugend.bke-beratung.de\" target=\"_blank\" rel=\"noreferrer noopener\"><img loading=\"lazy\" decoding=\"async\" src=\"https:\/\/evangelische-beratung.com\/tr\/wp-content\/uploads\/sites\/8\/2019\/10\/jugend-banner-1024x340.jpg\" alt=\"\" class=\"wp-image-644\" width=\"512\" height=\"170\" srcset=\"https:\/\/evangelische-beratung.com\/tr\/wp-content\/uploads\/sites\/8\/2019\/10\/jugend-banner-1024x340.jpg 1024w, https:\/\/evangelische-beratung.com\/tr\/wp-content\/uploads\/sites\/8\/2019\/10\/jugend-banner-300x100.jpg 300w, https:\/\/evangelische-beratung.com\/tr\/wp-content\/uploads\/sites\/8\/2019\/10\/jugend-banner-768x255.jpg 768w, https:\/\/evangelische-beratung.com\/tr\/wp-content\/uploads\/sites\/8\/2019\/10\/jugend-banner.jpg 1557w\" sizes=\"auto, (max-width: 512px) 100vw, 512px\" \/><\/a><\/figure><\/div>\n\n\n\n<p style=\"text-align:center\" class=\"is-style-roof-line\">Randevu almak i\u00e7in ileti\u015fim<\/p>\n\n\n\n<div class=\"wp-block-columns alignwide has-3-columns -columns-equal-height is-layout-flex wp-container-core-columns-is-layout-9d6595d7 wp-block-columns-is-layout-flex\">\n<div class=\"wp-block-column is-layout-flow wp-block-column-is-layout-flow\"><\/div>\n\n\n\n<div class=\"wp-block-column is-layout-flow wp-block-column-is-layout-flow\">\n<div class=\"wp-block-erv-id-card\"><div class=\"id-card-content\"><figure class=\"id-card-photo\"><img decoding=\"async\" src=\"https:\/\/evangelische-beratung.com\/wp-content\/uploads\/2020\/01\/portrait_platzhalter-1-300x300.jpg\" \/><\/figure><div class=\"id-card-details\"><p class=\"id-card-name\">Claudia Hauer<\/p><p class=\"id-card-job\">Sekretariat<\/p><p class=\"id-card-location\">Frankfurt<\/p><p class=\"id-card-phone\">069 \/ 53 02 220<\/p><p class=\"id-card-email\"><a href=\"&#109;&#97;&#x69;l&#116;&#x6f;&#x3a;f&#97;&#x6d;&#x69;l&#105;&#x65;&#x6e;b&#101;&#x72;&#x61;t&#117;&#x6e;&#x67;&#64;&#102;&#x72;a&#110;&#107;&#x66;u&#114;&#x74;&#x2d;e&#118;&#x61;&#x6e;g&#101;&#x6c;&#x69;s&#99;&#x68;&#x2e;d&#101;\">E-Mail<\/a><\/p><\/div><\/div><\/div>\n<\/div>\n\n\n\n<div class=\"wp-block-column is-layout-flow wp-block-column-is-layout-flow\">\n<div class=\"wp-block-erv-id-card -hidden-image\"><div class=\"id-card-content\"><div class=\"id-card-details\"><p class=\"id-card-name\">Andrea Schare<\/p><p class=\"id-card-job\">Sekretariat<\/p><p class=\"id-card-location\">H\u00f6chst<\/p><p class=\"id-card-phone\">069 \/ 75 93 672 10<\/p><p class=\"id-card-email\"><a href=\"&#109;a&#x69;l&#x74;o&#x3a;&#112;&#x73;&#121;&#x63;&#104;o&#x6c;o&#x67;i&#x73;&#99;&#x68;&#101;&#x62;&#101;&#x72;&#97;t&#x75;n&#x67;&#46;&#x68;&#111;&#x65;&#99;&#x68;&#115;&#x74;&#64;f&#x72;a&#x6e;k&#x66;&#117;&#x72;&#116;&#x2d;&#101;&#x76;&#97;n&#x67;e&#x6c;i&#x73;&#99;&#x68;&#46;&#x64;&#101;\">E-Mail<\/a><\/p><\/div><\/div><\/div>\n<\/div>\n<\/div>\n","protected":false},"excerpt":{"rendered":"<p>Evde, okulda ya da \u00f6zel hayatta zorluklar ya\u015fayan gen\u00e7lere y\u00f6nelik dan\u0131\u015fmalar sunuyoruz. A\u015fag\u0131daki&nbsp; konular da bize ula\u015fabilirsin; Bazen, her \u015fey sana \u00e7ok fazla geliyor? Evde s\u00fcrekli stres mi var? Arkada\u015f \u00e7evrende hersey do\u011fru d\u00fcr\u00fcst y\u00fcr\u00fcm\u00fcyorsa? Okul daki stres dayan\u0131lmaz hale mi geldi? \u0130li\u015fkilerin kriz de mi? Gizli tuttu\u011fum bir s\u0131r, beni rahats\u0131z ediyorsa B\u00f6ylesi Konu [&hellip;]<\/p>\n","protected":false},"author":2,"featured_media":0,"parent":15,"menu_order":0,"comment_status":"closed","ping_status":"closed","template":"","meta":{"footnotes":""},"class_list":["post-77","page","type-page","status-publish","hentry"],"yoast_head":"<!-- This site is optimized with the Yoast SEO plugin v27.3 - https:\/\/yoast.com\/product\/yoast-seo-wordpress\/ -->\n<title>Beratung von Jugendlichen bei Problemen zu Hause o. in der Schule in Frankfurt u. Offenbach<\/title>\n<meta name=\"description\" content=\"Mit allen Fragen und Themen k\u00f6nnen sich Jugendliche an unser professionelles Team wenden. Vertraulich. Kostenfrei. Online oder pers\u00f6nlich.\" \/>\n<meta name=\"robots\" content=\"index, follow, max-snippet:-1, max-image-preview:large, max-video-preview:-1\" \/>\n<link rel=\"canonical\" href=\"https:\/\/evangelische-beratung.com\/tr\/aile-cocuk-gencler\/beratung-fuer-jugendliche\/\" \/>\n<meta property=\"og:locale\" content=\"tr_TR\" \/>\n<meta property=\"og:type\" content=\"article\" \/>\n<meta property=\"og:title\" content=\"Beratung von Jugendlichen bei Problemen zu Hause o. in der Schule in Frankfurt u. Offenbach\" \/>\n<meta property=\"og:description\" content=\"Mit allen Fragen und Themen k\u00f6nnen sich Jugendliche an unser professionelles Team wenden. Vertraulich. Kostenfrei. Online oder pers\u00f6nlich.\" \/>\n<meta property=\"og:url\" content=\"https:\/\/evangelische-beratung.com\/tr\/aile-cocuk-gencler\/beratung-fuer-jugendliche\/\" \/>\n<meta property=\"og:site_name\" content=\"Evangelischer Regionalverband\" \/>\n<meta property=\"article:modified_time\" content=\"2020-03-27T08:00:45+00:00\" \/>\n<meta property=\"og:image\" content=\"https:\/\/evangelische-beratung.com\/tr\/wp-content\/uploads\/sites\/8\/2019\/10\/jugend-banner-1024x340.jpg\" \/>\n<meta name=\"twitter:card\" content=\"summary_large_image\" \/>\n<meta name=\"twitter:label1\" content=\"Tahmini okuma s\u00fcresi\" \/>\n\t<meta name=\"twitter:data1\" content=\"1 dakika\" \/>\n<script type=\"application\/ld+json\" class=\"yoast-schema-graph\">{\"@context\":\"https:\\\/\\\/schema.org\",\"@graph\":[{\"@type\":\"WebPage\",\"@id\":\"https:\\\/\\\/evangelische-beratung.com\\\/tr\\\/aile-cocuk-gencler\\\/beratung-fuer-jugendliche\\\/\",\"url\":\"https:\\\/\\\/evangelische-beratung.com\\\/tr\\\/aile-cocuk-gencler\\\/beratung-fuer-jugendliche\\\/\",\"name\":\"Beratung von Jugendlichen bei Problemen zu Hause o. in der Schule in Frankfurt u. Offenbach\",\"isPartOf\":{\"@id\":\"https:\\\/\\\/evangelische-beratung.com\\\/tr\\\/#website\"},\"primaryImageOfPage\":{\"@id\":\"https:\\\/\\\/evangelische-beratung.com\\\/tr\\\/aile-cocuk-gencler\\\/beratung-fuer-jugendliche\\\/#primaryimage\"},\"image\":{\"@id\":\"https:\\\/\\\/evangelische-beratung.com\\\/tr\\\/aile-cocuk-gencler\\\/beratung-fuer-jugendliche\\\/#primaryimage\"},\"thumbnailUrl\":\"https:\\\/\\\/evangelische-beratung.com\\\/tr\\\/wp-content\\\/uploads\\\/sites\\\/8\\\/2019\\\/10\\\/jugend-banner-1024x340.jpg\",\"datePublished\":\"2019-07-21T21:19:47+00:00\",\"dateModified\":\"2020-03-27T08:00:45+00:00\",\"description\":\"Mit allen Fragen und Themen k\u00f6nnen sich Jugendliche an unser professionelles Team wenden. Vertraulich. Kostenfrei. Online oder pers\u00f6nlich.\",\"breadcrumb\":{\"@id\":\"https:\\\/\\\/evangelische-beratung.com\\\/tr\\\/aile-cocuk-gencler\\\/beratung-fuer-jugendliche\\\/#breadcrumb\"},\"inLanguage\":\"tr\",\"potentialAction\":[{\"@type\":\"ReadAction\",\"target\":[\"https:\\\/\\\/evangelische-beratung.com\\\/tr\\\/aile-cocuk-gencler\\\/beratung-fuer-jugendliche\\\/\"]}]},{\"@type\":\"ImageObject\",\"inLanguage\":\"tr\",\"@id\":\"https:\\\/\\\/evangelische-beratung.com\\\/tr\\\/aile-cocuk-gencler\\\/beratung-fuer-jugendliche\\\/#primaryimage\",\"url\":\"https:\\\/\\\/evangelische-beratung.com\\\/tr\\\/wp-content\\\/uploads\\\/sites\\\/8\\\/2019\\\/10\\\/jugend-banner-1024x340.jpg\",\"contentUrl\":\"https:\\\/\\\/evangelische-beratung.com\\\/tr\\\/wp-content\\\/uploads\\\/sites\\\/8\\\/2019\\\/10\\\/jugend-banner-1024x340.jpg\"},{\"@type\":\"BreadcrumbList\",\"@id\":\"https:\\\/\\\/evangelische-beratung.com\\\/tr\\\/aile-cocuk-gencler\\\/beratung-fuer-jugendliche\\\/#breadcrumb\",\"itemListElement\":[{\"@type\":\"ListItem\",\"position\":1,\"name\":\"Startseite\",\"item\":\"https:\\\/\\\/evangelische-beratung.com\\\/tr\\\/\"},{\"@type\":\"ListItem\",\"position\":2,\"name\":\"Aile- \u00c7ocuklar -Ergenler\",\"item\":\"https:\\\/\\\/evangelische-beratung.com\\\/tr\\\/aile-cocuk-gencler\\\/\"},{\"@type\":\"ListItem\",\"position\":3,\"name\":\"Gen\u00e7lere Y\u00f6nelik Dan\u0131\u015fmanl\u0131k\"}]},{\"@type\":\"WebSite\",\"@id\":\"https:\\\/\\\/evangelische-beratung.com\\\/tr\\\/#website\",\"url\":\"https:\\\/\\\/evangelische-beratung.com\\\/tr\\\/\",\"name\":\"Evangelischer Regionalverband\",\"description\":\"\",\"publisher\":{\"@id\":\"https:\\\/\\\/evangelische-beratung.com\\\/tr\\\/#organization\"},\"potentialAction\":[{\"@type\":\"SearchAction\",\"target\":{\"@type\":\"EntryPoint\",\"urlTemplate\":\"https:\\\/\\\/evangelische-beratung.com\\\/tr\\\/?s={search_term_string}\"},\"query-input\":{\"@type\":\"PropertyValueSpecification\",\"valueRequired\":true,\"valueName\":\"search_term_string\"}}],\"inLanguage\":\"tr\"},{\"@type\":\"Organization\",\"@id\":\"https:\\\/\\\/evangelische-beratung.com\\\/tr\\\/#organization\",\"name\":\"Evangelischer Regionalverband Frankfurt und Offenbach\",\"url\":\"https:\\\/\\\/evangelische-beratung.com\\\/tr\\\/\",\"logo\":{\"@type\":\"ImageObject\",\"inLanguage\":\"tr\",\"@id\":\"https:\\\/\\\/evangelische-beratung.com\\\/tr\\\/#\\\/schema\\\/logo\\\/image\\\/\",\"url\":\"https:\\\/\\\/evangelische-beratung.com\\\/tr\\\/wp-content\\\/uploads\\\/sites\\\/8\\\/2019\\\/10\\\/erv-logo.png\",\"contentUrl\":\"https:\\\/\\\/evangelische-beratung.com\\\/tr\\\/wp-content\\\/uploads\\\/sites\\\/8\\\/2019\\\/10\\\/erv-logo.png\",\"width\":1127,\"height\":595,\"caption\":\"Evangelischer Regionalverband Frankfurt und Offenbach\"},\"image\":{\"@id\":\"https:\\\/\\\/evangelische-beratung.com\\\/tr\\\/#\\\/schema\\\/logo\\\/image\\\/\"}}]}<\/script>\n<!-- \/ Yoast SEO plugin. -->","yoast_head_json":{"title":"Beratung von Jugendlichen bei Problemen zu Hause o. in der Schule in Frankfurt u. Offenbach","description":"Mit allen Fragen und Themen k\u00f6nnen sich Jugendliche an unser professionelles Team wenden. Vertraulich. Kostenfrei. Online oder pers\u00f6nlich.","robots":{"index":"index","follow":"follow","max-snippet":"max-snippet:-1","max-image-preview":"max-image-preview:large","max-video-preview":"max-video-preview:-1"},"canonical":"https:\/\/evangelische-beratung.com\/tr\/aile-cocuk-gencler\/beratung-fuer-jugendliche\/","og_locale":"tr_TR","og_type":"article","og_title":"Beratung von Jugendlichen bei Problemen zu Hause o. in der Schule in Frankfurt u. Offenbach","og_description":"Mit allen Fragen und Themen k\u00f6nnen sich Jugendliche an unser professionelles Team wenden. Vertraulich. Kostenfrei. Online oder pers\u00f6nlich.","og_url":"https:\/\/evangelische-beratung.com\/tr\/aile-cocuk-gencler\/beratung-fuer-jugendliche\/","og_site_name":"Evangelischer Regionalverband","article_modified_time":"2020-03-27T08:00:45+00:00","og_image":[{"url":"https:\/\/evangelische-beratung.com\/tr\/wp-content\/uploads\/sites\/8\/2019\/10\/jugend-banner-1024x340.jpg","type":"","width":"","height":""}],"twitter_card":"summary_large_image","twitter_misc":{"Tahmini okuma s\u00fcresi":"1 dakika"},"schema":{"@context":"https:\/\/schema.org","@graph":[{"@type":"WebPage","@id":"https:\/\/evangelische-beratung.com\/tr\/aile-cocuk-gencler\/beratung-fuer-jugendliche\/","url":"https:\/\/evangelische-beratung.com\/tr\/aile-cocuk-gencler\/beratung-fuer-jugendliche\/","name":"Beratung von Jugendlichen bei Problemen zu Hause o. in der Schule in Frankfurt u. Offenbach","isPartOf":{"@id":"https:\/\/evangelische-beratung.com\/tr\/#website"},"primaryImageOfPage":{"@id":"https:\/\/evangelische-beratung.com\/tr\/aile-cocuk-gencler\/beratung-fuer-jugendliche\/#primaryimage"},"image":{"@id":"https:\/\/evangelische-beratung.com\/tr\/aile-cocuk-gencler\/beratung-fuer-jugendliche\/#primaryimage"},"thumbnailUrl":"https:\/\/evangelische-beratung.com\/tr\/wp-content\/uploads\/sites\/8\/2019\/10\/jugend-banner-1024x340.jpg","datePublished":"2019-07-21T21:19:47+00:00","dateModified":"2020-03-27T08:00:45+00:00","description":"Mit allen Fragen und Themen k\u00f6nnen sich Jugendliche an unser professionelles Team wenden. Vertraulich. Kostenfrei. Online oder pers\u00f6nlich.","breadcrumb":{"@id":"https:\/\/evangelische-beratung.com\/tr\/aile-cocuk-gencler\/beratung-fuer-jugendliche\/#breadcrumb"},"inLanguage":"tr","potentialAction":[{"@type":"ReadAction","target":["https:\/\/evangelische-beratung.com\/tr\/aile-cocuk-gencler\/beratung-fuer-jugendliche\/"]}]},{"@type":"ImageObject","inLanguage":"tr","@id":"https:\/\/evangelische-beratung.com\/tr\/aile-cocuk-gencler\/beratung-fuer-jugendliche\/#primaryimage","url":"https:\/\/evangelische-beratung.com\/tr\/wp-content\/uploads\/sites\/8\/2019\/10\/jugend-banner-1024x340.jpg","contentUrl":"https:\/\/evangelische-beratung.com\/tr\/wp-content\/uploads\/sites\/8\/2019\/10\/jugend-banner-1024x340.jpg"},{"@type":"BreadcrumbList","@id":"https:\/\/evangelische-beratung.com\/tr\/aile-cocuk-gencler\/beratung-fuer-jugendliche\/#breadcrumb","itemListElement":[{"@type":"ListItem","position":1,"name":"Startseite","item":"https:\/\/evangelische-beratung.com\/tr\/"},{"@type":"ListItem","position":2,"name":"Aile- \u00c7ocuklar -Ergenler","item":"https:\/\/evangelische-beratung.com\/tr\/aile-cocuk-gencler\/"},{"@type":"ListItem","position":3,"name":"Gen\u00e7lere Y\u00f6nelik Dan\u0131\u015fmanl\u0131k"}]},{"@type":"WebSite","@id":"https:\/\/evangelische-beratung.com\/tr\/#website","url":"https:\/\/evangelische-beratung.com\/tr\/","name":"Evangelischer Regionalverband","description":"","publisher":{"@id":"https:\/\/evangelische-beratung.com\/tr\/#organization"},"potentialAction":[{"@type":"SearchAction","target":{"@type":"EntryPoint","urlTemplate":"https:\/\/evangelische-beratung.com\/tr\/?s={search_term_string}"},"query-input":{"@type":"PropertyValueSpecification","valueRequired":true,"valueName":"search_term_string"}}],"inLanguage":"tr"},{"@type":"Organization","@id":"https:\/\/evangelische-beratung.com\/tr\/#organization","name":"Evangelischer Regionalverband Frankfurt und Offenbach","url":"https:\/\/evangelische-beratung.com\/tr\/","logo":{"@type":"ImageObject","inLanguage":"tr","@id":"https:\/\/evangelische-beratung.com\/tr\/#\/schema\/logo\/image\/","url":"https:\/\/evangelische-beratung.com\/tr\/wp-content\/uploads\/sites\/8\/2019\/10\/erv-logo.png","contentUrl":"https:\/\/evangelische-beratung.com\/tr\/wp-content\/uploads\/sites\/8\/2019\/10\/erv-logo.png","width":1127,"height":595,"caption":"Evangelischer Regionalverband Frankfurt und Offenbach"},"image":{"@id":"https:\/\/evangelische-beratung.com\/tr\/#\/schema\/logo\/image\/"}}]}},"_links":{"self":[{"href":"https:\/\/evangelische-beratung.com\/tr\/wp-json\/wp\/v2\/pages\/77","targetHints":{"allow":["GET"]}}],"collection":[{"href":"https:\/\/evangelische-beratung.com\/tr\/wp-json\/wp\/v2\/pages"}],"about":[{"href":"https:\/\/evangelische-beratung.com\/tr\/wp-json\/wp\/v2\/types\/page"}],"author":[{"embeddable":true,"href":"https:\/\/evangelische-beratung.com\/tr\/wp-json\/wp\/v2\/users\/2"}],"replies":[{"embeddable":true,"href":"https:\/\/evangelische-beratung.com\/tr\/wp-json\/wp\/v2\/comments?post=77"}],"version-history":[{"count":1,"href":"https:\/\/evangelische-beratung.com\/tr\/wp-json\/wp\/v2\/pages\/77\/revisions"}],"predecessor-version":[{"id":1454,"href":"https:\/\/evangelische-beratung.com\/tr\/wp-json\/wp\/v2\/pages\/77\/revisions\/1454"}],"up":[{"embeddable":true,"href":"https:\/\/evangelische-beratung.com\/tr\/wp-json\/wp\/v2\/pages\/15"}],"wp:attachment":[{"href":"https:\/\/evangelische-beratung.com\/tr\/wp-json\/wp\/v2\/media?parent=77"}],"curies":[{"name":"wp","href":"https:\/\/api.w.org\/{rel}","templated":true}]}}