{"id":51,"date":"2019-07-21T22:21:34","date_gmt":"2019-07-21T20:21:34","guid":{"rendered":"https:\/\/evangelische-beratung.com\/tr\/?page_id=51"},"modified":"2026-04-14T09:41:24","modified_gmt":"2026-04-14T07:41:24","slug":"impressum","status":"publish","type":"page","link":"https:\/\/evangelische-beratung.com\/tr\/impressum\/","title":{"rendered":"K\u00fcnye"},"content":{"rendered":"\n<p class=\"is-style-teaser\">Bu Yay\u0131n, <a href=\"http:\/\/www.evangelische-beratung.com\/tr\">www.evangelische-beratung.com\/tr<\/a> &nbsp;Evangelischer Regionalverband Frankfurt und Offenbach, B\u00f6l\u00fcm I`in  sundu\u011fu bir tekliftir.<\/p>\n\n\n\n<h2 class=\"wp-block-heading\">Yay\u0131m Sahibi <\/h2>\n\n\n\n<p>Evangelischer Regionalverband Frankfurt und Offenbach<\/p>\n\n\n\n<p>Frankfurt ve Offenbach&#8217;taki Protestan Kilisesi, Protestan \u015eehir Dekanl\u0131\u011f\u0131 ve Frankfurt ve Offenbach Protestan B\u00f6lgesel Derne\u011fi&#8217;nden olu\u015fur. Bu, yasal kamu kurulu\u015f  Birli\u011finin y\u00f6netim yeri Frankfurt`tur ve t\u00fczel-ki\u015file\u015ftirilmi\u015f, Frankfurt ve Offenbach  Protestan  \u015eehir Dekanl\u0131\u011f\u0131n,  kilise Ruhani meclisinin ve Frankfurt ve Offenbach Protestan B\u00f6lgesel Derne\u011fi y\u00f6netim kurulu taraf\u0131ndan temsil edilmektedir. Y\u00f6netim kurulu Ba\u015fkan\u0131,  \u015fehir Dekan\u0131 Dr. Achim Knecht.<\/p>\n\n\n\n<h2 class=\"wp-block-heading\">Yay\u0131m Sorumlusu<\/h2>\n\n\n\n<p>Evangelischer Regionalverband Frankfurt und Offenbach <br>Fachbereich I<br>Manfred Oschkinat,<br>Rechneigrabenstrasse 10, 60311 Frankfurt am Main<br>Telefon 069 92105-6671, Fax 069-92105-7677<br>E-Mail fa&#99;&#104;&#98;&#101;&#x72;&#x65;&#x69;&#x63;&#x68;sb&#117;&#101;&#114;&#111;&#x40;&#x66;&#x72;&#x61;&#x6e;kf&#117;&#114;&#116;&#45;&#x65;&#x76;&#x61;&#x6e;&#x67;eli&#115;&#99;&#104;&#x2e;&#x64;&#x65;<\/p>\n\n\n\n<h2 class=\"wp-block-heading\">Dan\u0131\u015fmanl\u0131k, Web Tasar\u0131m\u0131 ve \u0130\u00e7erik G\u00fcncellemeler<\/h2>\n\n\n\n<p>made in<br>Design und Strategieberatung<\/p>\n\n\n\n<p><a href=\"http:\/\/www.madein.io\">www.madein.io<\/a><\/p>\n\n\n\n<p><a href=\"http:\/\/www.evangelische-beratung.com\/tr\">www.evangelische-beratung.com\/tr<\/a>, &nbsp;Web sitesinde kullan\u0131lan Yaz\u0131lar, Resimler, Grafikler, G\u00f6rselresimler dosyalar\u0131, Fikri M\u00fclkiyetin korunmas\u0131 \u00e7ercevesindeki telif haklar\u0131 \u015fartlar\u0131na ve di\u011fer yasalarda adland\u0131r\u0131lan benzer Kurallara tabidir. Bunlar\u0131n di\u011fer \u015fah\u0131slara elektronik aktar\u0131m\u0131, bilgi de\u011fi\u015ftirilmesi, ticari elektronik kullan\u0131m\u0131 veya ticari &nbsp;uygulamas\u0131 Frankfurt ve Offenbach Protestan Kilisesi&#8217;nin, ya da ilgili hak sahibinin r\u0131zas\u0131n\u0131 gerektirir.<\/p>\n\n\n\n<p>T\u00fcm bu g\u00f6rsel Resim ve Foto\u011fraflar, Frankfurt ve Offenbach Protestan B\u00f6lgesel Derne\u011fi&#8217;nin halkla ili\u015fkiler \u00e7al\u0131\u015fmalar\u0131n\u0131n yasal \u00fcr\u00fcn\u00fcd\u00fcr veya di\u011fer Resim ve Foto\u011fraflar, yasal olarak tedarik edilmi\u015ftir;<\/p>\n\n\n\n<p>saskyaphoto.com<br>colourbox.de<\/p>\n\n\n\n<p> \u00dc\u00e7\u00fcnc\u00fc \u015fah\u0131slara ait olan bilgi\/fikir i\u00e7eri\u011fi ve Haklar\u0131 bu \u015fekilde g\u00f6sterilir.<\/p>\n\n\n\n<h2 class=\"wp-block-heading\"><strong>Yasal Uyar<\/strong>\u0131<\/h2>\n\n\n\n<p><a href=\"https:\/\/ssl.microsofttranslator.com\/bv.aspx?ref=TAns&amp;from=&amp;to=tr&amp;a=Www.evangelische-beratung.com%2Ftr\" target=\"_blank\" rel=\"noreferrer noopener\">ww.evangelische-beratung.com\/tr<\/a> web sitesinde sunulan t\u00fcm bilgi ve veriler, Protestan B\u00f6lgesel Derne\u011fi Frankfurt ve Offenbach, B\u00f6l\u00fcm I ad\u0131na yay\u0131nlan\u0131r ve Kullan\u0131c\u0131ya, Dan\u0131\u015fmanl\u0131k hizmet ve terapi Alan\u0131ndaki sundu\u011fu tekliflere genel bir bak\u0131\u015f edinebilmesini sa\u011flar. <\/p>\n\n\n\n<p>Sunulan bilgililerin, verilerin ve tekliflerin g\u00fcncelli\u011fi, do\u011frulu\u011fu ve eksiksizli\u011fi i\u00e7in hicbir t\u00fcrl\u00fc sorumluluk veya garanti kabul edilmez. Bu, hert\u00fcrl\u00fc web sitesi dahil, di\u011fer site ba\u011flant\u0131lar\u0131 i\u00e7in ge\u00e7erlidir. Evangelischer Regionalverband Frankfurt und Offenbach, B\u00f6l\u00fcm I, b\u00f6yle bir ba\u011flant\u0131 yoluyla eri\u015fim sa\u011flayan web sitelerinin i\u00e7eri\u011finden de sorumlu de\u011fildir.&nbsp; B\u00f6ylesi eri\u015febilinecek web sitelerinin i\u00e7eri\u011finden sadece, site Sahibi sorumlu tutulur.<\/p>\n\n\n\n<p>Evangelischer Regionalverband Frankfurt und Offenbach , B\u00f6l\u00fcm I, bu web sitesinde bulunan bilgilendirme veya verilerin kullan\u0131m\u0131ndan kaynaklanan, herhangi do\u011frudan veya dolayl\u0131 do\u011fabilecek bir kay\u0131p ve hasardan hi\u00e7bir \u015fekilde Y\u00fck\u00fcml\u00fc de\u011fildir. Konu da ilgi g\u00f6steren \u00f6zel ki\u015filer taraf\u0131ndan, bize e-posta yoluyla g\u00f6nderdikleri ki\u015fisel veriler haricinde, yaln\u0131zca talep edilen konu hizmeti i\u00e7in kullan\u0131lacak ve Kilise ge\u00e7erli Gizlilik Politikas\u0131 uyar\u0131nca i\u015flem g\u00f6recektir. Ancak, Evangelischer Regionalverband Frankfurt und Offenbach , B\u00f6l\u00fcm I, verilerin bize iletimi esnas\u0131nda, \u00fc\u00e7\u00fcnc\u00fc \u015fah\u0131slar taraf\u0131ndan, verilerin kullan\u0131lmas\u0131n\u0131n ve g\u00f6r\u00fcnt\u00fcr\u00fclmesinin engellenmesini garanti edemez.<\/p>\n","protected":false},"excerpt":{"rendered":"<p>Bu Yay\u0131n, www.evangelische-beratung.com\/tr &nbsp;Evangelischer Regionalverband Frankfurt und Offenbach, B\u00f6l\u00fcm I`in sundu\u011fu bir tekliftir. Yay\u0131m Sahibi Evangelischer Regionalverband Frankfurt und Offenbach Frankfurt ve Offenbach&#8217;taki Protestan Kilisesi, Protestan \u015eehir Dekanl\u0131\u011f\u0131 ve Frankfurt ve Offenbach Protestan B\u00f6lgesel Derne\u011fi&#8217;nden olu\u015fur. Bu, yasal kamu kurulu\u015f Birli\u011finin y\u00f6netim yeri Frankfurt`tur ve t\u00fczel-ki\u015file\u015ftirilmi\u015f, Frankfurt ve Offenbach Protestan \u015eehir Dekanl\u0131\u011f\u0131n, kilise Ruhani meclisinin [&hellip;]<\/p>\n","protected":false},"author":36,"featured_media":0,"parent":0,"menu_order":0,"comment_status":"closed","ping_status":"closed","template":"","meta":{"footnotes":""},"class_list":["post-51","page","type-page","status-publish","hentry"],"yoast_head":"<!-- This site is optimized with the Yoast SEO plugin v27.4 - https:\/\/yoast.com\/product\/yoast-seo-wordpress\/ -->\n<title>K\u00fcnye - Evangelischer Regionalverband<\/title>\n<meta name=\"robots\" content=\"index, follow, max-snippet:-1, max-image-preview:large, max-video-preview:-1\" \/>\n<link rel=\"canonical\" href=\"https:\/\/evangelische-beratung.com\/tr\/impressum\/\" \/>\n<meta property=\"og:locale\" content=\"tr_TR\" \/>\n<meta property=\"og:type\" content=\"article\" \/>\n<meta property=\"og:title\" content=\"K\u00fcnye - Evangelischer Regionalverband\" \/>\n<meta property=\"og:description\" content=\"Bu Yay\u0131n, www.evangelische-beratung.com\/tr &nbsp;Evangelischer Regionalverband Frankfurt und Offenbach, B\u00f6l\u00fcm I`in sundu\u011fu bir tekliftir. Yay\u0131m Sahibi Evangelischer Regionalverband Frankfurt und Offenbach Frankfurt ve Offenbach&#8217;taki Protestan Kilisesi, Protestan \u015eehir Dekanl\u0131\u011f\u0131 ve Frankfurt ve Offenbach Protestan B\u00f6lgesel Derne\u011fi&#8217;nden olu\u015fur. Bu, yasal kamu kurulu\u015f Birli\u011finin y\u00f6netim yeri Frankfurt`tur ve t\u00fczel-ki\u015file\u015ftirilmi\u015f, Frankfurt ve Offenbach Protestan \u015eehir Dekanl\u0131\u011f\u0131n, kilise Ruhani meclisinin [&hellip;]\" \/>\n<meta property=\"og:url\" content=\"https:\/\/evangelische-beratung.com\/tr\/impressum\/\" \/>\n<meta property=\"og:site_name\" content=\"Evangelischer Regionalverband\" \/>\n<meta property=\"article:modified_time\" content=\"2026-04-14T07:41:24+00:00\" \/>\n<meta name=\"twitter:card\" content=\"summary_large_image\" \/>\n<meta name=\"twitter:label1\" content=\"Tahmini okuma s\u00fcresi\" \/>\n\t<meta name=\"twitter:data1\" content=\"3 dakika\" \/>\n<script type=\"application\/ld+json\" class=\"yoast-schema-graph\">{\"@context\":\"https:\\\/\\\/schema.org\",\"@graph\":[{\"@type\":\"WebPage\",\"@id\":\"https:\\\/\\\/evangelische-beratung.com\\\/tr\\\/impressum\\\/\",\"url\":\"https:\\\/\\\/evangelische-beratung.com\\\/tr\\\/impressum\\\/\",\"name\":\"K\u00fcnye - Evangelischer Regionalverband\",\"isPartOf\":{\"@id\":\"https:\\\/\\\/evangelische-beratung.com\\\/tr\\\/#website\"},\"datePublished\":\"2019-07-21T20:21:34+00:00\",\"dateModified\":\"2026-04-14T07:41:24+00:00\",\"breadcrumb\":{\"@id\":\"https:\\\/\\\/evangelische-beratung.com\\\/tr\\\/impressum\\\/#breadcrumb\"},\"inLanguage\":\"tr\",\"potentialAction\":[{\"@type\":\"ReadAction\",\"target\":[\"https:\\\/\\\/evangelische-beratung.com\\\/tr\\\/impressum\\\/\"]}]},{\"@type\":\"BreadcrumbList\",\"@id\":\"https:\\\/\\\/evangelische-beratung.com\\\/tr\\\/impressum\\\/#breadcrumb\",\"itemListElement\":[{\"@type\":\"ListItem\",\"position\":1,\"name\":\"Startseite\",\"item\":\"https:\\\/\\\/evangelische-beratung.com\\\/tr\\\/\"},{\"@type\":\"ListItem\",\"position\":2,\"name\":\"K\u00fcnye\"}]},{\"@type\":\"WebSite\",\"@id\":\"https:\\\/\\\/evangelische-beratung.com\\\/tr\\\/#website\",\"url\":\"https:\\\/\\\/evangelische-beratung.com\\\/tr\\\/\",\"name\":\"Evangelischer Regionalverband\",\"description\":\"\",\"publisher\":{\"@id\":\"https:\\\/\\\/evangelische-beratung.com\\\/tr\\\/#organization\"},\"potentialAction\":[{\"@type\":\"SearchAction\",\"target\":{\"@type\":\"EntryPoint\",\"urlTemplate\":\"https:\\\/\\\/evangelische-beratung.com\\\/tr\\\/?s={search_term_string}\"},\"query-input\":{\"@type\":\"PropertyValueSpecification\",\"valueRequired\":true,\"valueName\":\"search_term_string\"}}],\"inLanguage\":\"tr\"},{\"@type\":\"Organization\",\"@id\":\"https:\\\/\\\/evangelische-beratung.com\\\/tr\\\/#organization\",\"name\":\"Evangelischer Regionalverband Frankfurt und Offenbach\",\"url\":\"https:\\\/\\\/evangelische-beratung.com\\\/tr\\\/\",\"logo\":{\"@type\":\"ImageObject\",\"inLanguage\":\"tr\",\"@id\":\"https:\\\/\\\/evangelische-beratung.com\\\/tr\\\/#\\\/schema\\\/logo\\\/image\\\/\",\"url\":\"https:\\\/\\\/evangelische-beratung.com\\\/tr\\\/wp-content\\\/uploads\\\/sites\\\/8\\\/2019\\\/10\\\/erv-logo.png\",\"contentUrl\":\"https:\\\/\\\/evangelische-beratung.com\\\/tr\\\/wp-content\\\/uploads\\\/sites\\\/8\\\/2019\\\/10\\\/erv-logo.png\",\"width\":1127,\"height\":595,\"caption\":\"Evangelischer Regionalverband Frankfurt und Offenbach\"},\"image\":{\"@id\":\"https:\\\/\\\/evangelische-beratung.com\\\/tr\\\/#\\\/schema\\\/logo\\\/image\\\/\"}}]}<\/script>\n<!-- \/ Yoast SEO plugin. -->","yoast_head_json":{"title":"K\u00fcnye - Evangelischer Regionalverband","robots":{"index":"index","follow":"follow","max-snippet":"max-snippet:-1","max-image-preview":"max-image-preview:large","max-video-preview":"max-video-preview:-1"},"canonical":"https:\/\/evangelische-beratung.com\/tr\/impressum\/","og_locale":"tr_TR","og_type":"article","og_title":"K\u00fcnye - Evangelischer Regionalverband","og_description":"Bu Yay\u0131n, www.evangelische-beratung.com\/tr &nbsp;Evangelischer Regionalverband Frankfurt und Offenbach, B\u00f6l\u00fcm I`in sundu\u011fu bir tekliftir. Yay\u0131m Sahibi Evangelischer Regionalverband Frankfurt und Offenbach Frankfurt ve Offenbach&#8217;taki Protestan Kilisesi, Protestan \u015eehir Dekanl\u0131\u011f\u0131 ve Frankfurt ve Offenbach Protestan B\u00f6lgesel Derne\u011fi&#8217;nden olu\u015fur. Bu, yasal kamu kurulu\u015f Birli\u011finin y\u00f6netim yeri Frankfurt`tur ve t\u00fczel-ki\u015file\u015ftirilmi\u015f, Frankfurt ve Offenbach Protestan \u015eehir Dekanl\u0131\u011f\u0131n, kilise Ruhani meclisinin [&hellip;]","og_url":"https:\/\/evangelische-beratung.com\/tr\/impressum\/","og_site_name":"Evangelischer Regionalverband","article_modified_time":"2026-04-14T07:41:24+00:00","twitter_card":"summary_large_image","twitter_misc":{"Tahmini okuma s\u00fcresi":"3 dakika"},"schema":{"@context":"https:\/\/schema.org","@graph":[{"@type":"WebPage","@id":"https:\/\/evangelische-beratung.com\/tr\/impressum\/","url":"https:\/\/evangelische-beratung.com\/tr\/impressum\/","name":"K\u00fcnye - Evangelischer Regionalverband","isPartOf":{"@id":"https:\/\/evangelische-beratung.com\/tr\/#website"},"datePublished":"2019-07-21T20:21:34+00:00","dateModified":"2026-04-14T07:41:24+00:00","breadcrumb":{"@id":"https:\/\/evangelische-beratung.com\/tr\/impressum\/#breadcrumb"},"inLanguage":"tr","potentialAction":[{"@type":"ReadAction","target":["https:\/\/evangelische-beratung.com\/tr\/impressum\/"]}]},{"@type":"BreadcrumbList","@id":"https:\/\/evangelische-beratung.com\/tr\/impressum\/#breadcrumb","itemListElement":[{"@type":"ListItem","position":1,"name":"Startseite","item":"https:\/\/evangelische-beratung.com\/tr\/"},{"@type":"ListItem","position":2,"name":"K\u00fcnye"}]},{"@type":"WebSite","@id":"https:\/\/evangelische-beratung.com\/tr\/#website","url":"https:\/\/evangelische-beratung.com\/tr\/","name":"Evangelischer Regionalverband","description":"","publisher":{"@id":"https:\/\/evangelische-beratung.com\/tr\/#organization"},"potentialAction":[{"@type":"SearchAction","target":{"@type":"EntryPoint","urlTemplate":"https:\/\/evangelische-beratung.com\/tr\/?s={search_term_string}"},"query-input":{"@type":"PropertyValueSpecification","valueRequired":true,"valueName":"search_term_string"}}],"inLanguage":"tr"},{"@type":"Organization","@id":"https:\/\/evangelische-beratung.com\/tr\/#organization","name":"Evangelischer Regionalverband Frankfurt und Offenbach","url":"https:\/\/evangelische-beratung.com\/tr\/","logo":{"@type":"ImageObject","inLanguage":"tr","@id":"https:\/\/evangelische-beratung.com\/tr\/#\/schema\/logo\/image\/","url":"https:\/\/evangelische-beratung.com\/tr\/wp-content\/uploads\/sites\/8\/2019\/10\/erv-logo.png","contentUrl":"https:\/\/evangelische-beratung.com\/tr\/wp-content\/uploads\/sites\/8\/2019\/10\/erv-logo.png","width":1127,"height":595,"caption":"Evangelischer Regionalverband Frankfurt und Offenbach"},"image":{"@id":"https:\/\/evangelische-beratung.com\/tr\/#\/schema\/logo\/image\/"}}]}},"_links":{"self":[{"href":"https:\/\/evangelische-beratung.com\/tr\/wp-json\/wp\/v2\/pages\/51","targetHints":{"allow":["GET"]}}],"collection":[{"href":"https:\/\/evangelische-beratung.com\/tr\/wp-json\/wp\/v2\/pages"}],"about":[{"href":"https:\/\/evangelische-beratung.com\/tr\/wp-json\/wp\/v2\/types\/page"}],"author":[{"embeddable":true,"href":"https:\/\/evangelische-beratung.com\/tr\/wp-json\/wp\/v2\/users\/36"}],"replies":[{"embeddable":true,"href":"https:\/\/evangelische-beratung.com\/tr\/wp-json\/wp\/v2\/comments?post=51"}],"version-history":[{"count":5,"href":"https:\/\/evangelische-beratung.com\/tr\/wp-json\/wp\/v2\/pages\/51\/revisions"}],"predecessor-version":[{"id":1746,"href":"https:\/\/evangelische-beratung.com\/tr\/wp-json\/wp\/v2\/pages\/51\/revisions\/1746"}],"wp:attachment":[{"href":"https:\/\/evangelische-beratung.com\/tr\/wp-json\/wp\/v2\/media?parent=51"}],"curies":[{"name":"wp","href":"https:\/\/api.w.org\/{rel}","templated":true}]}}