{"id":508,"date":"2019-08-22T17:24:16","date_gmt":"2019-08-22T15:24:16","guid":{"rendered":"https:\/\/evangelische-beratung.com\/tr\/?page_id=508"},"modified":"2020-03-19T15:42:54","modified_gmt":"2020-03-19T14:42:54","slug":"medienberichte","status":"publish","type":"page","link":"https:\/\/evangelische-beratung.com\/tr\/start\/pressebereich\/medienberichte\/","title":{"rendered":"Medya Haberleri"},"content":{"rendered":"\n<p class=\"is-style-teaser\">Burada, yerel ve\u00a0 b\u00f6lgesel\u00a0 medya da,  yapt\u0131\u011f\u0131m\u0131z dan\u0131\u015fma hizmet ve \u00e7al\u0131\u015fmalar\u0131m\u0131z hakk\u0131nda, yay\u0131nlanan haberleri izleyebilirsiniz.<\/p>\n\n\n\n<div class=\"wp-block-columns alignwide has-3-columns is-layout-flex wp-container-core-columns-is-layout-9d6595d7 wp-block-columns-is-layout-flex\">\n<div class=\"wp-block-column is-layout-flow wp-block-column-is-layout-flow\"><div class=\"wp-block-erv-tile -has-post-thumbnail\">\n\t\t\t<div>\n\t\t\t<a href=\"https:\/\/www.fr.de\/frankfurt\/frankfurt-dank-mentor-abschluss-13440560.html\" tabindex=\"-1\" aria-hidden=\"true\"  target=\"_blank\"><\/a>\n\t\t\t<h2 class=\"tile-title\"><a href=\"https:\/\/www.fr.de\/frankfurt\/frankfurt-dank-mentor-abschluss-13440560.html\"  target=\"_blank\">Dank Mentor zur Ausbildung (Frankfurter Rundschau) <\/a><\/h2>\n\t\t\t<figure><img loading=\"lazy\" decoding=\"async\" width=\"350\" height=\"200\" src=\"https:\/\/evangelische-beratung.com\/tr\/wp-content\/uploads\/sites\/8\/2020\/01\/261769021-mentee15_1501201-1fZEmAFwx4a7-350x200.jpg\" class=\"attachment-tile size-tile\" alt=\"\" srcset=\"https:\/\/evangelische-beratung.com\/tr\/wp-content\/uploads\/sites\/8\/2020\/01\/261769021-mentee15_1501201-1fZEmAFwx4a7-350x200.jpg 350w, https:\/\/evangelische-beratung.com\/tr\/wp-content\/uploads\/sites\/8\/2020\/01\/261769021-mentee15_1501201-1fZEmAFwx4a7-525x300.jpg 525w, https:\/\/evangelische-beratung.com\/tr\/wp-content\/uploads\/sites\/8\/2020\/01\/261769021-mentee15_1501201-1fZEmAFwx4a7-700x400.jpg 700w\" sizes=\"auto, 100vw\" \/><\/figure>\n\t\t\t<p aria-hidden=\"true\" class=\"-is-micro\">Go to website<svg xmlns=\"http:\/\/www.w3.org\/2000\/svg\" viewBox=\"0 0 13 10\"><path d=\"M1.5 5H12M8 1l4 4-4 4\" fill=\"none\" stroke=\"#a22a45\" stroke-width=\"1.2\" stroke-linecap=\"round\" stroke-linejoin=\"round\"\/><\/svg><\/p>\n\t\t\t<\/div>\n\t\t<\/div>\n\n<div class=\"wp-block-erv-tile -has-post-thumbnail\">\n\t\t\t<div>\n\t\t\t<a href=\"https:\/\/www.fr.de\/frankfurt\/niederursel-ort904332\/hilfe-ohne-huerden-12723686.html\" tabindex=\"-1\" aria-hidden=\"true\"  target=\"_blank\"><\/a>\n\t\t\t<h2 class=\"tile-title\"><a href=\"https:\/\/www.fr.de\/frankfurt\/niederursel-ort904332\/hilfe-ohne-huerden-12723686.html\"  target=\"_blank\">Hilfe ohne H\u00fcrden (Frankfurter Rundschau) <\/a><\/h2>\n\t\t\t<figure><img loading=\"lazy\" decoding=\"async\" width=\"350\" height=\"200\" src=\"https:\/\/evangelische-beratung.com\/tr\/wp-content\/uploads\/sites\/8\/2020\/01\/931601322-michaelbourgeon_s9_280619-1GPhId7IdGa7-350x200.jpg\" class=\"attachment-tile size-tile\" alt=\"\" srcset=\"https:\/\/evangelische-beratung.com\/tr\/wp-content\/uploads\/sites\/8\/2020\/01\/931601322-michaelbourgeon_s9_280619-1GPhId7IdGa7-350x200.jpg 350w, https:\/\/evangelische-beratung.com\/tr\/wp-content\/uploads\/sites\/8\/2020\/01\/931601322-michaelbourgeon_s9_280619-1GPhId7IdGa7-525x300.jpg 525w, https:\/\/evangelische-beratung.com\/tr\/wp-content\/uploads\/sites\/8\/2020\/01\/931601322-michaelbourgeon_s9_280619-1GPhId7IdGa7-700x400.jpg 700w\" sizes=\"auto, 100vw\" \/><\/figure>\n\t\t\t<p aria-hidden=\"true\" class=\"-is-micro\">Go to website<svg xmlns=\"http:\/\/www.w3.org\/2000\/svg\" viewBox=\"0 0 13 10\"><path d=\"M1.5 5H12M8 1l4 4-4 4\" fill=\"none\" stroke=\"#a22a45\" stroke-width=\"1.2\" stroke-linecap=\"round\" stroke-linejoin=\"round\"\/><\/svg><\/p>\n\t\t\t<\/div>\n\t\t<\/div><\/div>\n\n\n\n<div class=\"wp-block-column is-layout-flow wp-block-column-is-layout-flow\"><div class=\"wp-block-erv-tile -has-post-thumbnail\">\n\t\t\t<div>\n\t\t\t<a href=\"https:\/\/www.fr.de\/frankfurt\/hilfe-paare-krise-12338323.html\" tabindex=\"-1\" aria-hidden=\"true\"  target=\"_blank\"><\/a>\n\t\t\t<h2 class=\"tile-title\"><a href=\"https:\/\/www.fr.de\/frankfurt\/hilfe-paare-krise-12338323.html\"  target=\"_blank\">Hilfe f\u00fcr Paare in der Krise (Frankfurter Rundschau) <\/a><\/h2>\n\t\t\t<figure><img loading=\"lazy\" decoding=\"async\" width=\"350\" height=\"200\" src=\"https:\/\/evangelische-beratung.com\/tr\/wp-content\/uploads\/sites\/8\/2020\/01\/1779977998-img_84471_010619_4c-MnjNy1gooa7-350x200.jpg\" class=\"attachment-tile size-tile\" alt=\"\" srcset=\"https:\/\/evangelische-beratung.com\/tr\/wp-content\/uploads\/sites\/8\/2020\/01\/1779977998-img_84471_010619_4c-MnjNy1gooa7-350x200.jpg 350w, https:\/\/evangelische-beratung.com\/tr\/wp-content\/uploads\/sites\/8\/2020\/01\/1779977998-img_84471_010619_4c-MnjNy1gooa7-525x300.jpg 525w, https:\/\/evangelische-beratung.com\/tr\/wp-content\/uploads\/sites\/8\/2020\/01\/1779977998-img_84471_010619_4c-MnjNy1gooa7-700x400.jpg 700w\" sizes=\"auto, 100vw\" \/><\/figure>\n\t\t\t<p aria-hidden=\"true\" class=\"-is-micro\">Go to website<svg xmlns=\"http:\/\/www.w3.org\/2000\/svg\" viewBox=\"0 0 13 10\"><path d=\"M1.5 5H12M8 1l4 4-4 4\" fill=\"none\" stroke=\"#a22a45\" stroke-width=\"1.2\" stroke-linecap=\"round\" stroke-linejoin=\"round\"\/><\/svg><\/p>\n\t\t\t<\/div>\n\t\t<\/div>\n\n<div class=\"wp-block-erv-tile -has-post-thumbnail\">\n\t\t\t<div>\n\t\t\t<a href=\"https:\/\/www.ekhn.de\/aktuell\/detailmagazin\/news\/muetter-ziemlich-wichtige-bezugspersonen.html\" tabindex=\"-1\" aria-hidden=\"true\"  target=\"_blank\"><\/a>\n\t\t\t<h2 class=\"tile-title\"><a href=\"https:\/\/www.ekhn.de\/aktuell\/detailmagazin\/news\/muetter-ziemlich-wichtige-bezugspersonen.html\"  target=\"_blank\">M\u00fctter &#8211; ziemlich wichtige Bezugspersonen (Evangelische Kirche in Hessen und Nassau)<\/a><\/h2>\n\t\t\t<figure><img loading=\"lazy\" decoding=\"async\" width=\"350\" height=\"200\" src=\"https:\/\/evangelische-beratung.com\/tr\/wp-content\/uploads\/sites\/8\/2020\/01\/csm_mutter_toechter_q_gettyimages_martinedoucet_id621908150_titel_8fe1345ab9-350x200.jpg\" class=\"attachment-tile size-tile\" alt=\"\" sizes=\"auto, 100vw\" \/><\/figure>\n\t\t\t<p aria-hidden=\"true\" class=\"-is-micro\">Go to website<svg xmlns=\"http:\/\/www.w3.org\/2000\/svg\" viewBox=\"0 0 13 10\"><path d=\"M1.5 5H12M8 1l4 4-4 4\" fill=\"none\" stroke=\"#a22a45\" stroke-width=\"1.2\" stroke-linecap=\"round\" stroke-linejoin=\"round\"\/><\/svg><\/p>\n\t\t\t<\/div>\n\t\t<\/div><\/div>\n\n\n\n<div class=\"wp-block-column is-layout-flow wp-block-column-is-layout-flow\"><div class=\"wp-block-erv-tile -has-post-thumbnail\">\n\t\t\t<div>\n\t\t\t<a href=\"https:\/\/www.efo-magazin.de\/magazin\/frankfurt-lokal\/familien-und-beratungszentrum-h%C3%B6chst-bietet-hilfe-in-schwierigen-lebenslagen\/\" tabindex=\"-1\" aria-hidden=\"true\"  target=\"_blank\"><\/a>\n\t\t\t<h2 class=\"tile-title\"><a href=\"https:\/\/www.efo-magazin.de\/magazin\/frankfurt-lokal\/familien-und-beratungszentrum-h%C3%B6chst-bietet-hilfe-in-schwierigen-lebenslagen\/\"  target=\"_blank\"> Familien- und Beratungszentrum H\u00f6chst bietet Hilfe in schwierigen Lebenslagen (Evangelisches Frankfurt und Offenbach)<\/a><\/h2>\n\t\t\t<figure><img loading=\"lazy\" decoding=\"async\" width=\"350\" height=\"200\" src=\"https:\/\/evangelische-beratung.com\/tr\/wp-content\/uploads\/sites\/8\/2020\/01\/10_oes_05052015Familienbildung06_blog.width-900-350x200.jpg\" class=\"attachment-tile size-tile\" alt=\"\" srcset=\"https:\/\/evangelische-beratung.com\/tr\/wp-content\/uploads\/sites\/8\/2020\/01\/10_oes_05052015Familienbildung06_blog.width-900-350x200.jpg 350w, https:\/\/evangelische-beratung.com\/tr\/wp-content\/uploads\/sites\/8\/2020\/01\/10_oes_05052015Familienbildung06_blog.width-900-525x300.jpg 525w, https:\/\/evangelische-beratung.com\/tr\/wp-content\/uploads\/sites\/8\/2020\/01\/10_oes_05052015Familienbildung06_blog.width-900-700x400.jpg 700w\" sizes=\"auto, 100vw\" \/><\/figure>\n\t\t\t<p aria-hidden=\"true\" class=\"-is-micro\">Go to website<svg xmlns=\"http:\/\/www.w3.org\/2000\/svg\" viewBox=\"0 0 13 10\"><path d=\"M1.5 5H12M8 1l4 4-4 4\" fill=\"none\" stroke=\"#a22a45\" stroke-width=\"1.2\" stroke-linecap=\"round\" stroke-linejoin=\"round\"\/><\/svg><\/p>\n\t\t\t<\/div>\n\t\t<\/div>\n\n\n<div class=\"wp-block-file\"><a href=\"https:\/\/evangelische-beratung.com\/tr\/wp-content\/uploads\/sites\/8\/2019\/10\/FAZ_H\u00f6chst_Mai-2019-1.pdf\">Jubil\u00e4um im Krisenmodus (Frankfurter Allgemeine Zeitung)<br><\/a><a href=\"https:\/\/evangelische-beratung.com\/tr\/wp-content\/uploads\/sites\/8\/2019\/10\/FAZ_H\u00f6chst_Mai-2019-1.pdf\" class=\"wp-block-file__button\" download>Herunterladen<\/a><\/div>\n\n\n\n<div class=\"wp-block-file\"><a href=\"https:\/\/evangelische-beratung.com\/tr\/wp-content\/uploads\/sites\/8\/2019\/10\/Socius_Ev.-Sonntagszeitung_Jan.-2019.pdf\">Besser zu zweit als ganz allein (Evangelische Sonntagszeitung)<br><\/a><a href=\"https:\/\/evangelische-beratung.com\/tr\/wp-content\/uploads\/sites\/8\/2019\/10\/Socius_Ev.-Sonntagszeitung_Jan.-2019.pdf\" class=\"wp-block-file__button\" download>Herunterladen<\/a><\/div>\n<\/div>\n<\/div>\n\n\n\n<p> <\/p>\n","protected":false},"excerpt":{"rendered":"<p>Burada, yerel ve\u00a0 b\u00f6lgesel\u00a0 medya da, yapt\u0131\u011f\u0131m\u0131z dan\u0131\u015fma hizmet ve \u00e7al\u0131\u015fmalar\u0131m\u0131z hakk\u0131nda, yay\u0131nlanan haberleri izleyebilirsiniz.<\/p>\n","protected":false},"author":3,"featured_media":0,"parent":48,"menu_order":0,"comment_status":"closed","ping_status":"closed","template":"","meta":{"footnotes":""},"class_list":["post-508","page","type-page","status-publish","hentry"],"yoast_head":"<!-- This site is optimized with the Yoast SEO plugin v27.4 - https:\/\/yoast.com\/product\/yoast-seo-wordpress\/ -->\n<title>Medya Haberleri Evangelisches Zentrum f\u00fcr Beratung und Therapie<\/title>\n<meta name=\"robots\" content=\"index, follow, max-snippet:-1, max-image-preview:large, max-video-preview:-1\" \/>\n<link rel=\"canonical\" href=\"https:\/\/evangelische-beratung.com\/tr\/start\/pressebereich\/medienberichte\/\" \/>\n<meta property=\"og:locale\" content=\"tr_TR\" \/>\n<meta property=\"og:type\" content=\"article\" \/>\n<meta property=\"og:title\" content=\"Medya Haberleri Evangelisches Zentrum f\u00fcr Beratung und Therapie\" \/>\n<meta property=\"og:description\" content=\"Burada, yerel ve\u00a0 b\u00f6lgesel\u00a0 medya da, yapt\u0131\u011f\u0131m\u0131z dan\u0131\u015fma hizmet ve \u00e7al\u0131\u015fmalar\u0131m\u0131z hakk\u0131nda, yay\u0131nlanan haberleri izleyebilirsiniz.\" \/>\n<meta property=\"og:url\" content=\"https:\/\/evangelische-beratung.com\/tr\/start\/pressebereich\/medienberichte\/\" \/>\n<meta property=\"og:site_name\" content=\"Evangelischer Regionalverband\" \/>\n<meta property=\"article:modified_time\" content=\"2020-03-19T14:42:54+00:00\" \/>\n<meta name=\"twitter:card\" content=\"summary_large_image\" \/>\n<script type=\"application\/ld+json\" class=\"yoast-schema-graph\">{\"@context\":\"https:\\\/\\\/schema.org\",\"@graph\":[{\"@type\":\"WebPage\",\"@id\":\"https:\\\/\\\/evangelische-beratung.com\\\/tr\\\/start\\\/pressebereich\\\/medienberichte\\\/\",\"url\":\"https:\\\/\\\/evangelische-beratung.com\\\/tr\\\/start\\\/pressebereich\\\/medienberichte\\\/\",\"name\":\"Medya Haberleri Evangelisches Zentrum f\u00fcr Beratung und Therapie\",\"isPartOf\":{\"@id\":\"https:\\\/\\\/evangelische-beratung.com\\\/tr\\\/#website\"},\"datePublished\":\"2019-08-22T15:24:16+00:00\",\"dateModified\":\"2020-03-19T14:42:54+00:00\",\"breadcrumb\":{\"@id\":\"https:\\\/\\\/evangelische-beratung.com\\\/tr\\\/start\\\/pressebereich\\\/medienberichte\\\/#breadcrumb\"},\"inLanguage\":\"tr\",\"potentialAction\":[{\"@type\":\"ReadAction\",\"target\":[\"https:\\\/\\\/evangelische-beratung.com\\\/tr\\\/start\\\/pressebereich\\\/medienberichte\\\/\"]}]},{\"@type\":\"BreadcrumbList\",\"@id\":\"https:\\\/\\\/evangelische-beratung.com\\\/tr\\\/start\\\/pressebereich\\\/medienberichte\\\/#breadcrumb\",\"itemListElement\":[{\"@type\":\"ListItem\",\"position\":1,\"name\":\"Startseite\",\"item\":\"https:\\\/\\\/evangelische-beratung.com\\\/tr\\\/\"},{\"@type\":\"ListItem\",\"position\":2,\"name\":\"Evangelischer Regionalverband Frankfurt und Offenbach\",\"item\":\"https:\\\/\\\/evangelische-beratung.com\\\/tr\\\/\"},{\"@type\":\"ListItem\",\"position\":3,\"name\":\"Bas\u0131n B\u00f6l\u00fcm\u00fc\",\"item\":\"https:\\\/\\\/evangelische-beratung.com\\\/tr\\\/start\\\/pressebereich\\\/\"},{\"@type\":\"ListItem\",\"position\":4,\"name\":\"Medya Haberleri\"}]},{\"@type\":\"WebSite\",\"@id\":\"https:\\\/\\\/evangelische-beratung.com\\\/tr\\\/#website\",\"url\":\"https:\\\/\\\/evangelische-beratung.com\\\/tr\\\/\",\"name\":\"Evangelischer Regionalverband\",\"description\":\"\",\"publisher\":{\"@id\":\"https:\\\/\\\/evangelische-beratung.com\\\/tr\\\/#organization\"},\"potentialAction\":[{\"@type\":\"SearchAction\",\"target\":{\"@type\":\"EntryPoint\",\"urlTemplate\":\"https:\\\/\\\/evangelische-beratung.com\\\/tr\\\/?s={search_term_string}\"},\"query-input\":{\"@type\":\"PropertyValueSpecification\",\"valueRequired\":true,\"valueName\":\"search_term_string\"}}],\"inLanguage\":\"tr\"},{\"@type\":\"Organization\",\"@id\":\"https:\\\/\\\/evangelische-beratung.com\\\/tr\\\/#organization\",\"name\":\"Evangelischer Regionalverband Frankfurt und Offenbach\",\"url\":\"https:\\\/\\\/evangelische-beratung.com\\\/tr\\\/\",\"logo\":{\"@type\":\"ImageObject\",\"inLanguage\":\"tr\",\"@id\":\"https:\\\/\\\/evangelische-beratung.com\\\/tr\\\/#\\\/schema\\\/logo\\\/image\\\/\",\"url\":\"https:\\\/\\\/evangelische-beratung.com\\\/tr\\\/wp-content\\\/uploads\\\/sites\\\/8\\\/2019\\\/10\\\/erv-logo.png\",\"contentUrl\":\"https:\\\/\\\/evangelische-beratung.com\\\/tr\\\/wp-content\\\/uploads\\\/sites\\\/8\\\/2019\\\/10\\\/erv-logo.png\",\"width\":1127,\"height\":595,\"caption\":\"Evangelischer Regionalverband Frankfurt und Offenbach\"},\"image\":{\"@id\":\"https:\\\/\\\/evangelische-beratung.com\\\/tr\\\/#\\\/schema\\\/logo\\\/image\\\/\"}}]}<\/script>\n<!-- \/ Yoast SEO plugin. -->","yoast_head_json":{"title":"Medya Haberleri Evangelisches Zentrum f\u00fcr Beratung und Therapie","robots":{"index":"index","follow":"follow","max-snippet":"max-snippet:-1","max-image-preview":"max-image-preview:large","max-video-preview":"max-video-preview:-1"},"canonical":"https:\/\/evangelische-beratung.com\/tr\/start\/pressebereich\/medienberichte\/","og_locale":"tr_TR","og_type":"article","og_title":"Medya Haberleri Evangelisches Zentrum f\u00fcr Beratung und Therapie","og_description":"Burada, yerel ve\u00a0 b\u00f6lgesel\u00a0 medya da, yapt\u0131\u011f\u0131m\u0131z dan\u0131\u015fma hizmet ve \u00e7al\u0131\u015fmalar\u0131m\u0131z hakk\u0131nda, yay\u0131nlanan haberleri izleyebilirsiniz.","og_url":"https:\/\/evangelische-beratung.com\/tr\/start\/pressebereich\/medienberichte\/","og_site_name":"Evangelischer Regionalverband","article_modified_time":"2020-03-19T14:42:54+00:00","twitter_card":"summary_large_image","schema":{"@context":"https:\/\/schema.org","@graph":[{"@type":"WebPage","@id":"https:\/\/evangelische-beratung.com\/tr\/start\/pressebereich\/medienberichte\/","url":"https:\/\/evangelische-beratung.com\/tr\/start\/pressebereich\/medienberichte\/","name":"Medya Haberleri Evangelisches Zentrum f\u00fcr Beratung und Therapie","isPartOf":{"@id":"https:\/\/evangelische-beratung.com\/tr\/#website"},"datePublished":"2019-08-22T15:24:16+00:00","dateModified":"2020-03-19T14:42:54+00:00","breadcrumb":{"@id":"https:\/\/evangelische-beratung.com\/tr\/start\/pressebereich\/medienberichte\/#breadcrumb"},"inLanguage":"tr","potentialAction":[{"@type":"ReadAction","target":["https:\/\/evangelische-beratung.com\/tr\/start\/pressebereich\/medienberichte\/"]}]},{"@type":"BreadcrumbList","@id":"https:\/\/evangelische-beratung.com\/tr\/start\/pressebereich\/medienberichte\/#breadcrumb","itemListElement":[{"@type":"ListItem","position":1,"name":"Startseite","item":"https:\/\/evangelische-beratung.com\/tr\/"},{"@type":"ListItem","position":2,"name":"Evangelischer Regionalverband Frankfurt und Offenbach","item":"https:\/\/evangelische-beratung.com\/tr\/"},{"@type":"ListItem","position":3,"name":"Bas\u0131n B\u00f6l\u00fcm\u00fc","item":"https:\/\/evangelische-beratung.com\/tr\/start\/pressebereich\/"},{"@type":"ListItem","position":4,"name":"Medya Haberleri"}]},{"@type":"WebSite","@id":"https:\/\/evangelische-beratung.com\/tr\/#website","url":"https:\/\/evangelische-beratung.com\/tr\/","name":"Evangelischer Regionalverband","description":"","publisher":{"@id":"https:\/\/evangelische-beratung.com\/tr\/#organization"},"potentialAction":[{"@type":"SearchAction","target":{"@type":"EntryPoint","urlTemplate":"https:\/\/evangelische-beratung.com\/tr\/?s={search_term_string}"},"query-input":{"@type":"PropertyValueSpecification","valueRequired":true,"valueName":"search_term_string"}}],"inLanguage":"tr"},{"@type":"Organization","@id":"https:\/\/evangelische-beratung.com\/tr\/#organization","name":"Evangelischer Regionalverband Frankfurt und Offenbach","url":"https:\/\/evangelische-beratung.com\/tr\/","logo":{"@type":"ImageObject","inLanguage":"tr","@id":"https:\/\/evangelische-beratung.com\/tr\/#\/schema\/logo\/image\/","url":"https:\/\/evangelische-beratung.com\/tr\/wp-content\/uploads\/sites\/8\/2019\/10\/erv-logo.png","contentUrl":"https:\/\/evangelische-beratung.com\/tr\/wp-content\/uploads\/sites\/8\/2019\/10\/erv-logo.png","width":1127,"height":595,"caption":"Evangelischer Regionalverband Frankfurt und Offenbach"},"image":{"@id":"https:\/\/evangelische-beratung.com\/tr\/#\/schema\/logo\/image\/"}}]}},"_links":{"self":[{"href":"https:\/\/evangelische-beratung.com\/tr\/wp-json\/wp\/v2\/pages\/508","targetHints":{"allow":["GET"]}}],"collection":[{"href":"https:\/\/evangelische-beratung.com\/tr\/wp-json\/wp\/v2\/pages"}],"about":[{"href":"https:\/\/evangelische-beratung.com\/tr\/wp-json\/wp\/v2\/types\/page"}],"author":[{"embeddable":true,"href":"https:\/\/evangelische-beratung.com\/tr\/wp-json\/wp\/v2\/users\/3"}],"replies":[{"embeddable":true,"href":"https:\/\/evangelische-beratung.com\/tr\/wp-json\/wp\/v2\/comments?post=508"}],"version-history":[{"count":3,"href":"https:\/\/evangelische-beratung.com\/tr\/wp-json\/wp\/v2\/pages\/508\/revisions"}],"predecessor-version":[{"id":1294,"href":"https:\/\/evangelische-beratung.com\/tr\/wp-json\/wp\/v2\/pages\/508\/revisions\/1294"}],"up":[{"embeddable":true,"href":"https:\/\/evangelische-beratung.com\/tr\/wp-json\/wp\/v2\/pages\/48"}],"wp:attachment":[{"href":"https:\/\/evangelische-beratung.com\/tr\/wp-json\/wp\/v2\/media?parent=508"}],"curies":[{"name":"wp","href":"https:\/\/api.w.org\/{rel}","templated":true}]}}