{"id":48,"date":"2019-07-21T22:21:34","date_gmt":"2019-07-21T20:21:34","guid":{"rendered":"https:\/\/evangelische-beratung.com\/tr\/?page_id=48"},"modified":"2026-04-14T09:41:24","modified_gmt":"2026-04-14T07:41:24","slug":"pressebereich","status":"publish","type":"page","link":"https:\/\/evangelische-beratung.com\/tr\/start\/pressebereich\/","title":{"rendered":"Bas\u0131n B\u00f6l\u00fcm\u00fc"},"content":{"rendered":"\n<p class=\"is-style-teaser\">Burada ki Bas\u0131n B\u00f6l\u00fcm\u00fcnde, sundu\u011fumuz, dan\u0131\u015fma hizmetlerimiz ve terapie tekliflerimiz ile ilgili, bas\u0131n ve medya da yay\u0131nlanm\u0131\u015f t\u00fcm haber ve Resimleri bulacaks\u0131n\u0131z.<\/p>\n\n\n\n<div class=\"wp-block-columns alignwide has-3-columns is-layout-flex wp-container-core-columns-is-layout-9d6595d7 wp-block-columns-is-layout-flex\">\n<div class=\"wp-block-column is-layout-flow wp-block-column-is-layout-flow\"><div class=\"wp-block-erv-tile \">\n\t\t\t<div>\n\t\t\t<a href=\"https:\/\/evangelische-beratung.com\/tr\/start\/pressebereich\/pressemeldungen\/\" tabindex=\"-1\" aria-hidden=\"true\" ><\/a>\n\t\t\t<h2 class=\"tile-title\"><a href=\"https:\/\/evangelische-beratung.com\/tr\/start\/pressebereich\/pressemeldungen\/\" >Bas\u0131n Haberleri<\/a><\/h2>\n\t\t\t\n\t\t\t<p aria-hidden=\"true\" class=\"-is-micro\"><svg xmlns=\"http:\/\/www.w3.org\/2000\/svg\" viewBox=\"0 0 13 10\"><path d=\"M1.5 5H12M8 1l4 4-4 4\" fill=\"none\" stroke=\"#a22a45\" stroke-width=\"1.2\" stroke-linecap=\"round\" stroke-linejoin=\"round\"\/><\/svg><\/p>\n\t\t\t<\/div>\n\t\t<\/div><\/div>\n\n\n\n<div class=\"wp-block-column is-layout-flow wp-block-column-is-layout-flow\"><div class=\"wp-block-erv-tile \">\n\t\t\t<div>\n\t\t\t<a href=\"https:\/\/evangelische-beratung.com\/tr\/start\/pressebereich\/medienberichte\/\" tabindex=\"-1\" aria-hidden=\"true\" ><\/a>\n\t\t\t<h2 class=\"tile-title\"><a href=\"https:\/\/evangelische-beratung.com\/tr\/start\/pressebereich\/medienberichte\/\" >Medya Haberleri<\/a><\/h2>\n\t\t\t\n\t\t\t<p aria-hidden=\"true\" class=\"-is-micro\"><svg xmlns=\"http:\/\/www.w3.org\/2000\/svg\" viewBox=\"0 0 13 10\"><path d=\"M1.5 5H12M8 1l4 4-4 4\" fill=\"none\" stroke=\"#a22a45\" stroke-width=\"1.2\" stroke-linecap=\"round\" stroke-linejoin=\"round\"\/><\/svg><\/p>\n\t\t\t<\/div>\n\t\t<\/div>\n\n\n<p><\/p>\n<\/div>\n\n\n\n<div class=\"wp-block-column is-layout-flow wp-block-column-is-layout-flow\"><div class=\"wp-block-erv-tile \">\n\t\t\t<div>\n\t\t\t<a href=\"https:\/\/evangelische-beratung.com\/tr\/start\/pressebereich\/downloads\/\" tabindex=\"-1\" aria-hidden=\"true\" ><\/a>\n\t\t\t<h2 class=\"tile-title\"><a href=\"https:\/\/evangelische-beratung.com\/tr\/start\/pressebereich\/downloads\/\" >Downloads<\/a><\/h2>\n\t\t\t\n\t\t\t<p aria-hidden=\"true\" class=\"-is-micro\"><svg xmlns=\"http:\/\/www.w3.org\/2000\/svg\" viewBox=\"0 0 13 10\"><path d=\"M1.5 5H12M8 1l4 4-4 4\" fill=\"none\" stroke=\"#a22a45\" stroke-width=\"1.2\" stroke-linecap=\"round\" stroke-linejoin=\"round\"\/><\/svg><\/p>\n\t\t\t<\/div>\n\t\t<\/div>\n\n\n<p><\/p>\n<\/div>\n<\/div>\n\n\n\n<p class=\"is-style-default\">Gazeteciyseniz, merkezlerimizde sundu\u011fumuz, dan\u0131\u015fmanl\u0131k hizmetleri ve terapi teklifleri ile ilgili, herhangi bir konu hakk\u0131nda sorular\u0131n\u0131z varsa, dan\u0131\u015fmanl\u0131k \u00e7al\u0131\u015fmalar\u0131m\u0131z hakk\u0131nda bilgi edinmek veya R\u00f6portaj yapmak i\u00e7in, konusunda yetkili ki\u015fiyle irtibata girmek istiyorsan\u0131z.<\/p>\n\n\n\n<p><\/p>\n\n\n\n<div class=\"wp-block-image\"><figure class=\"aligncenter is-resized\"><img loading=\"lazy\" decoding=\"async\" src=\"https:\/\/evangelische-beratung.com\/tr\/wp-content\/uploads\/sites\/8\/2019\/09\/presse-3-1024x683.jpg\" alt=\"\" class=\"wp-image-598\" width=\"428\" height=\"285\" srcset=\"https:\/\/evangelische-beratung.com\/tr\/wp-content\/uploads\/sites\/8\/2019\/09\/presse-3-1024x683.jpg 1024w, https:\/\/evangelische-beratung.com\/tr\/wp-content\/uploads\/sites\/8\/2019\/09\/presse-3-300x200.jpg 300w, https:\/\/evangelische-beratung.com\/tr\/wp-content\/uploads\/sites\/8\/2019\/09\/presse-3-768x512.jpg 768w, https:\/\/evangelische-beratung.com\/tr\/wp-content\/uploads\/sites\/8\/2019\/09\/presse-3-720x480.jpg 720w, https:\/\/evangelische-beratung.com\/tr\/wp-content\/uploads\/sites\/8\/2019\/09\/presse-3.jpg 1920w\" sizes=\"auto, (max-width: 428px) 100vw, 428px\" \/><\/figure><\/div>\n\n\n\n<p style=\"text-align:center\" class=\"is-style-roof-line\">\u0130leti\u015fim:<\/p>\n\n\n\n<div class=\"wp-block-erv-id-card -hidden-image\"><div class=\"id-card-content\"><div class=\"id-card-details\"><p class=\"id-card-name\">Elisa Naderi<\/p><p class=\"id-card-job\">\u00d6ffentlichkeitsarbeit<\/p><p class=\"id-card-location\">Frankfurt<\/p><p class=\"id-card-phone\">069 \/ 92 10 56 681<\/p><p class=\"id-card-email\"><a href=\"&#x6d;&#x61;&#x69;&#x6c;&#x74;&#x6f;&#x3a;&#x65;&#x6c;&#x69;&#x73;&#97;&#46;&#110;&#97;&#100;&#101;&#114;i&#64;fran&#x6b;&#x66;&#x75;&#x72;&#x74;&#x2d;&#x65;&#x76;&#x61;&#x6e;&#x67;&#x65;&#108;&#105;&#115;&#99;&#104;&#46;&#100;e\">E-Mail<\/a><\/p><\/div><\/div><\/div>\n\n\n\n<p>Evangelischer Regionalverband Frankfurt und Offenbach hakk\u0131nda ki daha fazla Bilgileri burada bulursunuz:  <a href=\"https:\/\/www.efo-magazin.de\/kirche\/presse\/\">https:\/\/www.efo-magazin.de\/kirche\/presse\/<\/a> <\/p>\n","protected":false},"excerpt":{"rendered":"<p>Burada ki Bas\u0131n B\u00f6l\u00fcm\u00fcnde, sundu\u011fumuz, dan\u0131\u015fma hizmetlerimiz ve terapie tekliflerimiz ile ilgili, bas\u0131n ve medya da yay\u0131nlanm\u0131\u015f t\u00fcm haber ve Resimleri bulacaks\u0131n\u0131z. Gazeteciyseniz, merkezlerimizde sundu\u011fumuz, dan\u0131\u015fmanl\u0131k hizmetleri ve terapi teklifleri ile ilgili, herhangi bir konu hakk\u0131nda sorular\u0131n\u0131z varsa, dan\u0131\u015fmanl\u0131k \u00e7al\u0131\u015fmalar\u0131m\u0131z hakk\u0131nda bilgi edinmek veya R\u00f6portaj yapmak i\u00e7in, konusunda yetkili ki\u015fiyle irtibata girmek istiyorsan\u0131z. \u0130leti\u015fim: Evangelischer [&hellip;]<\/p>\n","protected":false},"author":36,"featured_media":0,"parent":5,"menu_order":0,"comment_status":"closed","ping_status":"closed","template":"","meta":{"footnotes":""},"class_list":["post-48","page","type-page","status-publish","hentry"],"yoast_head":"<!-- This site is optimized with the Yoast SEO plugin v27.4 - https:\/\/yoast.com\/product\/yoast-seo-wordpress\/ -->\n<title>Presseinformationen &amp; Bildmaterial zu unseren Beratungs- und Therapieangeboten<\/title>\n<meta name=\"description\" content=\"In unserem Pressebereich finden Sie Pressemeldungen, Medienberichte und Fotomaterialien zu unseren Beratungs- und Therapieangeboten\" \/>\n<meta name=\"robots\" content=\"index, follow, max-snippet:-1, max-image-preview:large, max-video-preview:-1\" \/>\n<link rel=\"canonical\" href=\"https:\/\/evangelische-beratung.com\/tr\/start\/pressebereich\/\" \/>\n<meta property=\"og:locale\" content=\"tr_TR\" \/>\n<meta property=\"og:type\" content=\"article\" \/>\n<meta property=\"og:title\" content=\"Presseinformationen &amp; Bildmaterial zu unseren Beratungs- und Therapieangeboten\" \/>\n<meta property=\"og:description\" content=\"In unserem Pressebereich finden Sie Pressemeldungen, Medienberichte und Fotomaterialien zu unseren Beratungs- und Therapieangeboten\" \/>\n<meta property=\"og:url\" content=\"https:\/\/evangelische-beratung.com\/tr\/start\/pressebereich\/\" \/>\n<meta property=\"og:site_name\" content=\"Evangelischer Regionalverband\" \/>\n<meta property=\"article:modified_time\" content=\"2026-04-14T07:41:24+00:00\" \/>\n<meta property=\"og:image\" content=\"https:\/\/evangelische-beratung.com\/tr\/wp-content\/uploads\/sites\/8\/2019\/09\/presse-3.jpg\" \/>\n\t<meta property=\"og:image:width\" content=\"1920\" \/>\n\t<meta property=\"og:image:height\" content=\"1280\" \/>\n\t<meta property=\"og:image:type\" content=\"image\/jpeg\" \/>\n<meta name=\"twitter:card\" content=\"summary_large_image\" \/>\n<meta name=\"twitter:label1\" content=\"Tahmini okuma s\u00fcresi\" \/>\n\t<meta name=\"twitter:data1\" content=\"1 dakika\" \/>\n<script type=\"application\/ld+json\" class=\"yoast-schema-graph\">{\"@context\":\"https:\\\/\\\/schema.org\",\"@graph\":[{\"@type\":\"WebPage\",\"@id\":\"https:\\\/\\\/evangelische-beratung.com\\\/tr\\\/start\\\/pressebereich\\\/\",\"url\":\"https:\\\/\\\/evangelische-beratung.com\\\/tr\\\/start\\\/pressebereich\\\/\",\"name\":\"Presseinformationen & Bildmaterial zu unseren Beratungs- und Therapieangeboten\",\"isPartOf\":{\"@id\":\"https:\\\/\\\/evangelische-beratung.com\\\/tr\\\/#website\"},\"primaryImageOfPage\":{\"@id\":\"https:\\\/\\\/evangelische-beratung.com\\\/tr\\\/start\\\/pressebereich\\\/#primaryimage\"},\"image\":{\"@id\":\"https:\\\/\\\/evangelische-beratung.com\\\/tr\\\/start\\\/pressebereich\\\/#primaryimage\"},\"thumbnailUrl\":\"https:\\\/\\\/evangelische-beratung.com\\\/tr\\\/wp-content\\\/uploads\\\/sites\\\/8\\\/2019\\\/09\\\/presse-3-1024x683.jpg\",\"datePublished\":\"2019-07-21T20:21:34+00:00\",\"dateModified\":\"2026-04-14T07:41:24+00:00\",\"description\":\"In unserem Pressebereich finden Sie Pressemeldungen, Medienberichte und Fotomaterialien zu unseren Beratungs- und Therapieangeboten\",\"breadcrumb\":{\"@id\":\"https:\\\/\\\/evangelische-beratung.com\\\/tr\\\/start\\\/pressebereich\\\/#breadcrumb\"},\"inLanguage\":\"tr\",\"potentialAction\":[{\"@type\":\"ReadAction\",\"target\":[\"https:\\\/\\\/evangelische-beratung.com\\\/tr\\\/start\\\/pressebereich\\\/\"]}]},{\"@type\":\"ImageObject\",\"inLanguage\":\"tr\",\"@id\":\"https:\\\/\\\/evangelische-beratung.com\\\/tr\\\/start\\\/pressebereich\\\/#primaryimage\",\"url\":\"https:\\\/\\\/evangelische-beratung.com\\\/tr\\\/wp-content\\\/uploads\\\/sites\\\/8\\\/2019\\\/09\\\/presse-3.jpg\",\"contentUrl\":\"https:\\\/\\\/evangelische-beratung.com\\\/tr\\\/wp-content\\\/uploads\\\/sites\\\/8\\\/2019\\\/09\\\/presse-3.jpg\",\"width\":1920,\"height\":1280},{\"@type\":\"BreadcrumbList\",\"@id\":\"https:\\\/\\\/evangelische-beratung.com\\\/tr\\\/start\\\/pressebereich\\\/#breadcrumb\",\"itemListElement\":[{\"@type\":\"ListItem\",\"position\":1,\"name\":\"Startseite\",\"item\":\"https:\\\/\\\/evangelische-beratung.com\\\/tr\\\/\"},{\"@type\":\"ListItem\",\"position\":2,\"name\":\"Evangelischer Regionalverband Frankfurt und Offenbach\",\"item\":\"https:\\\/\\\/evangelische-beratung.com\\\/tr\\\/\"},{\"@type\":\"ListItem\",\"position\":3,\"name\":\"Bas\u0131n B\u00f6l\u00fcm\u00fc\"}]},{\"@type\":\"WebSite\",\"@id\":\"https:\\\/\\\/evangelische-beratung.com\\\/tr\\\/#website\",\"url\":\"https:\\\/\\\/evangelische-beratung.com\\\/tr\\\/\",\"name\":\"Evangelischer Regionalverband\",\"description\":\"\",\"publisher\":{\"@id\":\"https:\\\/\\\/evangelische-beratung.com\\\/tr\\\/#organization\"},\"potentialAction\":[{\"@type\":\"SearchAction\",\"target\":{\"@type\":\"EntryPoint\",\"urlTemplate\":\"https:\\\/\\\/evangelische-beratung.com\\\/tr\\\/?s={search_term_string}\"},\"query-input\":{\"@type\":\"PropertyValueSpecification\",\"valueRequired\":true,\"valueName\":\"search_term_string\"}}],\"inLanguage\":\"tr\"},{\"@type\":\"Organization\",\"@id\":\"https:\\\/\\\/evangelische-beratung.com\\\/tr\\\/#organization\",\"name\":\"Evangelischer Regionalverband Frankfurt und Offenbach\",\"url\":\"https:\\\/\\\/evangelische-beratung.com\\\/tr\\\/\",\"logo\":{\"@type\":\"ImageObject\",\"inLanguage\":\"tr\",\"@id\":\"https:\\\/\\\/evangelische-beratung.com\\\/tr\\\/#\\\/schema\\\/logo\\\/image\\\/\",\"url\":\"https:\\\/\\\/evangelische-beratung.com\\\/tr\\\/wp-content\\\/uploads\\\/sites\\\/8\\\/2019\\\/10\\\/erv-logo.png\",\"contentUrl\":\"https:\\\/\\\/evangelische-beratung.com\\\/tr\\\/wp-content\\\/uploads\\\/sites\\\/8\\\/2019\\\/10\\\/erv-logo.png\",\"width\":1127,\"height\":595,\"caption\":\"Evangelischer Regionalverband Frankfurt und Offenbach\"},\"image\":{\"@id\":\"https:\\\/\\\/evangelische-beratung.com\\\/tr\\\/#\\\/schema\\\/logo\\\/image\\\/\"}}]}<\/script>\n<!-- \/ Yoast SEO plugin. -->","yoast_head_json":{"title":"Presseinformationen & Bildmaterial zu unseren Beratungs- und Therapieangeboten","description":"In unserem Pressebereich finden Sie Pressemeldungen, Medienberichte und Fotomaterialien zu unseren Beratungs- und Therapieangeboten","robots":{"index":"index","follow":"follow","max-snippet":"max-snippet:-1","max-image-preview":"max-image-preview:large","max-video-preview":"max-video-preview:-1"},"canonical":"https:\/\/evangelische-beratung.com\/tr\/start\/pressebereich\/","og_locale":"tr_TR","og_type":"article","og_title":"Presseinformationen & Bildmaterial zu unseren Beratungs- und Therapieangeboten","og_description":"In unserem Pressebereich finden Sie Pressemeldungen, Medienberichte und Fotomaterialien zu unseren Beratungs- und Therapieangeboten","og_url":"https:\/\/evangelische-beratung.com\/tr\/start\/pressebereich\/","og_site_name":"Evangelischer Regionalverband","article_modified_time":"2026-04-14T07:41:24+00:00","og_image":[{"width":1920,"height":1280,"url":"https:\/\/evangelische-beratung.com\/tr\/wp-content\/uploads\/sites\/8\/2019\/09\/presse-3.jpg","type":"image\/jpeg"}],"twitter_card":"summary_large_image","twitter_misc":{"Tahmini okuma s\u00fcresi":"1 dakika"},"schema":{"@context":"https:\/\/schema.org","@graph":[{"@type":"WebPage","@id":"https:\/\/evangelische-beratung.com\/tr\/start\/pressebereich\/","url":"https:\/\/evangelische-beratung.com\/tr\/start\/pressebereich\/","name":"Presseinformationen & Bildmaterial zu unseren Beratungs- und Therapieangeboten","isPartOf":{"@id":"https:\/\/evangelische-beratung.com\/tr\/#website"},"primaryImageOfPage":{"@id":"https:\/\/evangelische-beratung.com\/tr\/start\/pressebereich\/#primaryimage"},"image":{"@id":"https:\/\/evangelische-beratung.com\/tr\/start\/pressebereich\/#primaryimage"},"thumbnailUrl":"https:\/\/evangelische-beratung.com\/tr\/wp-content\/uploads\/sites\/8\/2019\/09\/presse-3-1024x683.jpg","datePublished":"2019-07-21T20:21:34+00:00","dateModified":"2026-04-14T07:41:24+00:00","description":"In unserem Pressebereich finden Sie Pressemeldungen, Medienberichte und Fotomaterialien zu unseren Beratungs- und Therapieangeboten","breadcrumb":{"@id":"https:\/\/evangelische-beratung.com\/tr\/start\/pressebereich\/#breadcrumb"},"inLanguage":"tr","potentialAction":[{"@type":"ReadAction","target":["https:\/\/evangelische-beratung.com\/tr\/start\/pressebereich\/"]}]},{"@type":"ImageObject","inLanguage":"tr","@id":"https:\/\/evangelische-beratung.com\/tr\/start\/pressebereich\/#primaryimage","url":"https:\/\/evangelische-beratung.com\/tr\/wp-content\/uploads\/sites\/8\/2019\/09\/presse-3.jpg","contentUrl":"https:\/\/evangelische-beratung.com\/tr\/wp-content\/uploads\/sites\/8\/2019\/09\/presse-3.jpg","width":1920,"height":1280},{"@type":"BreadcrumbList","@id":"https:\/\/evangelische-beratung.com\/tr\/start\/pressebereich\/#breadcrumb","itemListElement":[{"@type":"ListItem","position":1,"name":"Startseite","item":"https:\/\/evangelische-beratung.com\/tr\/"},{"@type":"ListItem","position":2,"name":"Evangelischer Regionalverband Frankfurt und Offenbach","item":"https:\/\/evangelische-beratung.com\/tr\/"},{"@type":"ListItem","position":3,"name":"Bas\u0131n B\u00f6l\u00fcm\u00fc"}]},{"@type":"WebSite","@id":"https:\/\/evangelische-beratung.com\/tr\/#website","url":"https:\/\/evangelische-beratung.com\/tr\/","name":"Evangelischer Regionalverband","description":"","publisher":{"@id":"https:\/\/evangelische-beratung.com\/tr\/#organization"},"potentialAction":[{"@type":"SearchAction","target":{"@type":"EntryPoint","urlTemplate":"https:\/\/evangelische-beratung.com\/tr\/?s={search_term_string}"},"query-input":{"@type":"PropertyValueSpecification","valueRequired":true,"valueName":"search_term_string"}}],"inLanguage":"tr"},{"@type":"Organization","@id":"https:\/\/evangelische-beratung.com\/tr\/#organization","name":"Evangelischer Regionalverband Frankfurt und Offenbach","url":"https:\/\/evangelische-beratung.com\/tr\/","logo":{"@type":"ImageObject","inLanguage":"tr","@id":"https:\/\/evangelische-beratung.com\/tr\/#\/schema\/logo\/image\/","url":"https:\/\/evangelische-beratung.com\/tr\/wp-content\/uploads\/sites\/8\/2019\/10\/erv-logo.png","contentUrl":"https:\/\/evangelische-beratung.com\/tr\/wp-content\/uploads\/sites\/8\/2019\/10\/erv-logo.png","width":1127,"height":595,"caption":"Evangelischer Regionalverband Frankfurt und Offenbach"},"image":{"@id":"https:\/\/evangelische-beratung.com\/tr\/#\/schema\/logo\/image\/"}}]}},"_links":{"self":[{"href":"https:\/\/evangelische-beratung.com\/tr\/wp-json\/wp\/v2\/pages\/48","targetHints":{"allow":["GET"]}}],"collection":[{"href":"https:\/\/evangelische-beratung.com\/tr\/wp-json\/wp\/v2\/pages"}],"about":[{"href":"https:\/\/evangelische-beratung.com\/tr\/wp-json\/wp\/v2\/types\/page"}],"author":[{"embeddable":true,"href":"https:\/\/evangelische-beratung.com\/tr\/wp-json\/wp\/v2\/users\/36"}],"replies":[{"embeddable":true,"href":"https:\/\/evangelische-beratung.com\/tr\/wp-json\/wp\/v2\/comments?post=48"}],"version-history":[{"count":5,"href":"https:\/\/evangelische-beratung.com\/tr\/wp-json\/wp\/v2\/pages\/48\/revisions"}],"predecessor-version":[{"id":1307,"href":"https:\/\/evangelische-beratung.com\/tr\/wp-json\/wp\/v2\/pages\/48\/revisions\/1307"}],"up":[{"embeddable":true,"href":"https:\/\/evangelische-beratung.com\/tr\/wp-json\/wp\/v2\/pages\/5"}],"wp:attachment":[{"href":"https:\/\/evangelische-beratung.com\/tr\/wp-json\/wp\/v2\/media?parent=48"}],"curies":[{"name":"wp","href":"https:\/\/api.w.org\/{rel}","templated":true}]}}