{"id":432,"date":"2019-08-19T18:47:01","date_gmt":"2019-08-19T16:47:01","guid":{"rendered":"https:\/\/evangelische-beratung.com\/tr\/?page_id=432"},"modified":"2020-03-27T09:36:43","modified_gmt":"2020-03-27T08:36:43","slug":"therapieangebote","status":"publish","type":"page","link":"https:\/\/evangelische-beratung.com\/tr\/sucht\/alkohol\/therapieangebote\/","title":{"rendered":"Tedavi Teklifleri"},"content":{"rendered":"\n<p class=\"is-style-teaser\">Alkol kullanmadan bir ya\u015fam s\u00fcrd\u00fcr\u00fclmesinde, destekleyici \u00e7ok \u00e7esitli Tedavi imkanlar\u0131 mevcuttur. B\u00f6ylesi Tedavileri, ba\u011f\u0131ml\u0131l\u0131ktan ar\u0131nd\u0131rma  tedavileri olarak adland\u0131r\u0131yoruz.<\/p>\n\n\n\n<figure class=\"wp-block-image\"><img loading=\"lazy\" decoding=\"async\" width=\"713\" height=\"534\" src=\"https:\/\/evangelische-beratung.com\/tr\/wp-content\/uploads\/sites\/8\/2020\/01\/Schaubild-zur-Behandlung-der-Abhaengigkeit-1.jpg\" alt=\"\" class=\"wp-image-825\" srcset=\"https:\/\/evangelische-beratung.com\/tr\/wp-content\/uploads\/sites\/8\/2020\/01\/Schaubild-zur-Behandlung-der-Abhaengigkeit-1.jpg 713w, https:\/\/evangelische-beratung.com\/tr\/wp-content\/uploads\/sites\/8\/2020\/01\/Schaubild-zur-Behandlung-der-Abhaengigkeit-1-300x225.jpg 300w\" sizes=\"auto, (max-width: 713px) 100vw, 713px\" \/><\/figure>\n\n\n\n<p>Ayakta ar\u0131nd\u0131rma  tedavisini,ba\u011f\u0131ml\u0131l\u0131k Dan\u0131\u015fma merkezlerimizde ger\u00e7ekle\u015ftirebilrirsiniz.<\/p>\n\n\n\n<p>Ba\u011f\u0131ml\u0131l\u0131ktan ar\u0131nd\u0131rma  tedavi Masraflar\u0131n\u0131, Emekli Sand\u0131\u011f\u0131 ve hastal\u0131k bak\u0131m Sigortas\u0131 \u00fcstlenirler, (veya \u00d6zel Sigortal\u0131larda, \u00f6zel hastal\u0131k bak\u0131m Sigortas\u0131 \u00fcstlenir).<\/p>\n\n\n\n<p>Ba\u011f\u0131ml\u0131l\u0131ktan ar\u0131nd\u0131rma yatak tedavi bitiminden sonra, Bizde, ayakta  ar\u0131nd\u0131rma  tedavisi g\u00f6r\u00fcrs\u00fcn\u00fcz. (Ba\u011f\u0131ml\u0131l\u0131ktan ar\u0131nd\u0131rma yatak tedavi sonras\u0131 ve taburcu edildikten sonra Tedavi y\u00f6ntemi).<\/p>\n","protected":false},"excerpt":{"rendered":"<p>Alkol kullanmadan bir ya\u015fam s\u00fcrd\u00fcr\u00fclmesinde, destekleyici \u00e7ok \u00e7esitli Tedavi imkanlar\u0131 mevcuttur. B\u00f6ylesi Tedavileri, ba\u011f\u0131ml\u0131l\u0131ktan ar\u0131nd\u0131rma tedavileri olarak adland\u0131r\u0131yoruz. Ayakta ar\u0131nd\u0131rma tedavisini,ba\u011f\u0131ml\u0131l\u0131k Dan\u0131\u015fma merkezlerimizde ger\u00e7ekle\u015ftirebilrirsiniz. Ba\u011f\u0131ml\u0131l\u0131ktan ar\u0131nd\u0131rma tedavi Masraflar\u0131n\u0131, Emekli Sand\u0131\u011f\u0131 ve hastal\u0131k bak\u0131m Sigortas\u0131 \u00fcstlenirler, (veya \u00d6zel Sigortal\u0131larda, \u00f6zel hastal\u0131k bak\u0131m Sigortas\u0131 \u00fcstlenir). Ba\u011f\u0131ml\u0131l\u0131ktan ar\u0131nd\u0131rma yatak tedavi bitiminden sonra, Bizde, ayakta ar\u0131nd\u0131rma tedavisi g\u00f6r\u00fcrs\u00fcn\u00fcz. (Ba\u011f\u0131ml\u0131l\u0131ktan [&hellip;]<\/p>\n","protected":false},"author":3,"featured_media":0,"parent":237,"menu_order":0,"comment_status":"closed","ping_status":"closed","template":"","meta":{"footnotes":""},"class_list":["post-432","page","type-page","status-publish","hentry"],"yoast_head":"<!-- This site is optimized with the Yoast SEO plugin v27.3 - https:\/\/yoast.com\/product\/yoast-seo-wordpress\/ -->\n<title>Entw\u00f6hnungstherapien. Beratung in Frankfurt durch den Ev. Regionalverband<\/title>\n<meta name=\"description\" content=\"Es gibt verschiedene Therapiem\u00f6glichkeiten, die hlefen, ohne Alkohol leben zu k\u00f6nnen. Diese Therapien nennen wir Entw\u00f6hnungstherapien. Sprechen Sie mit uns!\" \/>\n<meta name=\"robots\" content=\"index, follow, max-snippet:-1, max-image-preview:large, max-video-preview:-1\" \/>\n<link rel=\"canonical\" href=\"https:\/\/evangelische-beratung.com\/tr\/sucht\/alkohol\/therapieangebote\/\" \/>\n<meta property=\"og:locale\" content=\"tr_TR\" \/>\n<meta property=\"og:type\" content=\"article\" \/>\n<meta property=\"og:title\" content=\"Entw\u00f6hnungstherapien. Beratung in Frankfurt durch den Ev. Regionalverband\" \/>\n<meta property=\"og:description\" content=\"Es gibt verschiedene Therapiem\u00f6glichkeiten, die hlefen, ohne Alkohol leben zu k\u00f6nnen. Diese Therapien nennen wir Entw\u00f6hnungstherapien. Sprechen Sie mit uns!\" \/>\n<meta property=\"og:url\" content=\"https:\/\/evangelische-beratung.com\/tr\/sucht\/alkohol\/therapieangebote\/\" \/>\n<meta property=\"og:site_name\" content=\"Evangelischer Regionalverband\" \/>\n<meta property=\"article:modified_time\" content=\"2020-03-27T08:36:43+00:00\" \/>\n<meta property=\"og:image\" content=\"https:\/\/evangelische-beratung.com\/tr\/wp-content\/uploads\/sites\/8\/2020\/01\/Schaubild-zur-Behandlung-der-Abhaengigkeit-1.jpg\" \/>\n<meta name=\"twitter:card\" content=\"summary_large_image\" \/>\n<meta name=\"twitter:label1\" content=\"Tahmini okuma s\u00fcresi\" \/>\n\t<meta name=\"twitter:data1\" content=\"1 dakika\" \/>\n<script type=\"application\/ld+json\" class=\"yoast-schema-graph\">{\"@context\":\"https:\\\/\\\/schema.org\",\"@graph\":[{\"@type\":\"WebPage\",\"@id\":\"https:\\\/\\\/evangelische-beratung.com\\\/tr\\\/sucht\\\/alkohol\\\/therapieangebote\\\/\",\"url\":\"https:\\\/\\\/evangelische-beratung.com\\\/tr\\\/sucht\\\/alkohol\\\/therapieangebote\\\/\",\"name\":\"Entw\u00f6hnungstherapien. Beratung in Frankfurt durch den Ev. Regionalverband\",\"isPartOf\":{\"@id\":\"https:\\\/\\\/evangelische-beratung.com\\\/tr\\\/#website\"},\"primaryImageOfPage\":{\"@id\":\"https:\\\/\\\/evangelische-beratung.com\\\/tr\\\/sucht\\\/alkohol\\\/therapieangebote\\\/#primaryimage\"},\"image\":{\"@id\":\"https:\\\/\\\/evangelische-beratung.com\\\/tr\\\/sucht\\\/alkohol\\\/therapieangebote\\\/#primaryimage\"},\"thumbnailUrl\":\"https:\\\/\\\/evangelische-beratung.com\\\/tr\\\/wp-content\\\/uploads\\\/sites\\\/8\\\/2020\\\/01\\\/Schaubild-zur-Behandlung-der-Abhaengigkeit-1.jpg\",\"datePublished\":\"2019-08-19T16:47:01+00:00\",\"dateModified\":\"2020-03-27T08:36:43+00:00\",\"description\":\"Es gibt verschiedene Therapiem\u00f6glichkeiten, die hlefen, ohne Alkohol leben zu k\u00f6nnen. Diese Therapien nennen wir Entw\u00f6hnungstherapien. Sprechen Sie mit uns!\",\"breadcrumb\":{\"@id\":\"https:\\\/\\\/evangelische-beratung.com\\\/tr\\\/sucht\\\/alkohol\\\/therapieangebote\\\/#breadcrumb\"},\"inLanguage\":\"tr\",\"potentialAction\":[{\"@type\":\"ReadAction\",\"target\":[\"https:\\\/\\\/evangelische-beratung.com\\\/tr\\\/sucht\\\/alkohol\\\/therapieangebote\\\/\"]}]},{\"@type\":\"ImageObject\",\"inLanguage\":\"tr\",\"@id\":\"https:\\\/\\\/evangelische-beratung.com\\\/tr\\\/sucht\\\/alkohol\\\/therapieangebote\\\/#primaryimage\",\"url\":\"https:\\\/\\\/evangelische-beratung.com\\\/tr\\\/wp-content\\\/uploads\\\/sites\\\/8\\\/2020\\\/01\\\/Schaubild-zur-Behandlung-der-Abhaengigkeit-1.jpg\",\"contentUrl\":\"https:\\\/\\\/evangelische-beratung.com\\\/tr\\\/wp-content\\\/uploads\\\/sites\\\/8\\\/2020\\\/01\\\/Schaubild-zur-Behandlung-der-Abhaengigkeit-1.jpg\"},{\"@type\":\"BreadcrumbList\",\"@id\":\"https:\\\/\\\/evangelische-beratung.com\\\/tr\\\/sucht\\\/alkohol\\\/therapieangebote\\\/#breadcrumb\",\"itemListElement\":[{\"@type\":\"ListItem\",\"position\":1,\"name\":\"Startseite\",\"item\":\"https:\\\/\\\/evangelische-beratung.com\\\/tr\\\/\"},{\"@type\":\"ListItem\",\"position\":2,\"name\":\"Ba\u011f\u0131ml\u0131l\u0131k\",\"item\":\"https:\\\/\\\/evangelische-beratung.com\\\/tr\\\/sucht\\\/\"},{\"@type\":\"ListItem\",\"position\":3,\"name\":\"Alkol\",\"item\":\"https:\\\/\\\/evangelische-beratung.com\\\/tr\\\/sucht\\\/alkohol\\\/\"},{\"@type\":\"ListItem\",\"position\":4,\"name\":\"Tedavi Teklifleri\"}]},{\"@type\":\"WebSite\",\"@id\":\"https:\\\/\\\/evangelische-beratung.com\\\/tr\\\/#website\",\"url\":\"https:\\\/\\\/evangelische-beratung.com\\\/tr\\\/\",\"name\":\"Evangelischer Regionalverband\",\"description\":\"\",\"publisher\":{\"@id\":\"https:\\\/\\\/evangelische-beratung.com\\\/tr\\\/#organization\"},\"potentialAction\":[{\"@type\":\"SearchAction\",\"target\":{\"@type\":\"EntryPoint\",\"urlTemplate\":\"https:\\\/\\\/evangelische-beratung.com\\\/tr\\\/?s={search_term_string}\"},\"query-input\":{\"@type\":\"PropertyValueSpecification\",\"valueRequired\":true,\"valueName\":\"search_term_string\"}}],\"inLanguage\":\"tr\"},{\"@type\":\"Organization\",\"@id\":\"https:\\\/\\\/evangelische-beratung.com\\\/tr\\\/#organization\",\"name\":\"Evangelischer Regionalverband Frankfurt und Offenbach\",\"url\":\"https:\\\/\\\/evangelische-beratung.com\\\/tr\\\/\",\"logo\":{\"@type\":\"ImageObject\",\"inLanguage\":\"tr\",\"@id\":\"https:\\\/\\\/evangelische-beratung.com\\\/tr\\\/#\\\/schema\\\/logo\\\/image\\\/\",\"url\":\"https:\\\/\\\/evangelische-beratung.com\\\/tr\\\/wp-content\\\/uploads\\\/sites\\\/8\\\/2019\\\/10\\\/erv-logo.png\",\"contentUrl\":\"https:\\\/\\\/evangelische-beratung.com\\\/tr\\\/wp-content\\\/uploads\\\/sites\\\/8\\\/2019\\\/10\\\/erv-logo.png\",\"width\":1127,\"height\":595,\"caption\":\"Evangelischer Regionalverband Frankfurt und Offenbach\"},\"image\":{\"@id\":\"https:\\\/\\\/evangelische-beratung.com\\\/tr\\\/#\\\/schema\\\/logo\\\/image\\\/\"}}]}<\/script>\n<!-- \/ Yoast SEO plugin. -->","yoast_head_json":{"title":"Entw\u00f6hnungstherapien. Beratung in Frankfurt durch den Ev. Regionalverband","description":"Es gibt verschiedene Therapiem\u00f6glichkeiten, die hlefen, ohne Alkohol leben zu k\u00f6nnen. Diese Therapien nennen wir Entw\u00f6hnungstherapien. Sprechen Sie mit uns!","robots":{"index":"index","follow":"follow","max-snippet":"max-snippet:-1","max-image-preview":"max-image-preview:large","max-video-preview":"max-video-preview:-1"},"canonical":"https:\/\/evangelische-beratung.com\/tr\/sucht\/alkohol\/therapieangebote\/","og_locale":"tr_TR","og_type":"article","og_title":"Entw\u00f6hnungstherapien. Beratung in Frankfurt durch den Ev. Regionalverband","og_description":"Es gibt verschiedene Therapiem\u00f6glichkeiten, die hlefen, ohne Alkohol leben zu k\u00f6nnen. Diese Therapien nennen wir Entw\u00f6hnungstherapien. Sprechen Sie mit uns!","og_url":"https:\/\/evangelische-beratung.com\/tr\/sucht\/alkohol\/therapieangebote\/","og_site_name":"Evangelischer Regionalverband","article_modified_time":"2020-03-27T08:36:43+00:00","og_image":[{"url":"https:\/\/evangelische-beratung.com\/tr\/wp-content\/uploads\/sites\/8\/2020\/01\/Schaubild-zur-Behandlung-der-Abhaengigkeit-1.jpg","type":"","width":"","height":""}],"twitter_card":"summary_large_image","twitter_misc":{"Tahmini okuma s\u00fcresi":"1 dakika"},"schema":{"@context":"https:\/\/schema.org","@graph":[{"@type":"WebPage","@id":"https:\/\/evangelische-beratung.com\/tr\/sucht\/alkohol\/therapieangebote\/","url":"https:\/\/evangelische-beratung.com\/tr\/sucht\/alkohol\/therapieangebote\/","name":"Entw\u00f6hnungstherapien. Beratung in Frankfurt durch den Ev. Regionalverband","isPartOf":{"@id":"https:\/\/evangelische-beratung.com\/tr\/#website"},"primaryImageOfPage":{"@id":"https:\/\/evangelische-beratung.com\/tr\/sucht\/alkohol\/therapieangebote\/#primaryimage"},"image":{"@id":"https:\/\/evangelische-beratung.com\/tr\/sucht\/alkohol\/therapieangebote\/#primaryimage"},"thumbnailUrl":"https:\/\/evangelische-beratung.com\/tr\/wp-content\/uploads\/sites\/8\/2020\/01\/Schaubild-zur-Behandlung-der-Abhaengigkeit-1.jpg","datePublished":"2019-08-19T16:47:01+00:00","dateModified":"2020-03-27T08:36:43+00:00","description":"Es gibt verschiedene Therapiem\u00f6glichkeiten, die hlefen, ohne Alkohol leben zu k\u00f6nnen. Diese Therapien nennen wir Entw\u00f6hnungstherapien. Sprechen Sie mit uns!","breadcrumb":{"@id":"https:\/\/evangelische-beratung.com\/tr\/sucht\/alkohol\/therapieangebote\/#breadcrumb"},"inLanguage":"tr","potentialAction":[{"@type":"ReadAction","target":["https:\/\/evangelische-beratung.com\/tr\/sucht\/alkohol\/therapieangebote\/"]}]},{"@type":"ImageObject","inLanguage":"tr","@id":"https:\/\/evangelische-beratung.com\/tr\/sucht\/alkohol\/therapieangebote\/#primaryimage","url":"https:\/\/evangelische-beratung.com\/tr\/wp-content\/uploads\/sites\/8\/2020\/01\/Schaubild-zur-Behandlung-der-Abhaengigkeit-1.jpg","contentUrl":"https:\/\/evangelische-beratung.com\/tr\/wp-content\/uploads\/sites\/8\/2020\/01\/Schaubild-zur-Behandlung-der-Abhaengigkeit-1.jpg"},{"@type":"BreadcrumbList","@id":"https:\/\/evangelische-beratung.com\/tr\/sucht\/alkohol\/therapieangebote\/#breadcrumb","itemListElement":[{"@type":"ListItem","position":1,"name":"Startseite","item":"https:\/\/evangelische-beratung.com\/tr\/"},{"@type":"ListItem","position":2,"name":"Ba\u011f\u0131ml\u0131l\u0131k","item":"https:\/\/evangelische-beratung.com\/tr\/sucht\/"},{"@type":"ListItem","position":3,"name":"Alkol","item":"https:\/\/evangelische-beratung.com\/tr\/sucht\/alkohol\/"},{"@type":"ListItem","position":4,"name":"Tedavi Teklifleri"}]},{"@type":"WebSite","@id":"https:\/\/evangelische-beratung.com\/tr\/#website","url":"https:\/\/evangelische-beratung.com\/tr\/","name":"Evangelischer Regionalverband","description":"","publisher":{"@id":"https:\/\/evangelische-beratung.com\/tr\/#organization"},"potentialAction":[{"@type":"SearchAction","target":{"@type":"EntryPoint","urlTemplate":"https:\/\/evangelische-beratung.com\/tr\/?s={search_term_string}"},"query-input":{"@type":"PropertyValueSpecification","valueRequired":true,"valueName":"search_term_string"}}],"inLanguage":"tr"},{"@type":"Organization","@id":"https:\/\/evangelische-beratung.com\/tr\/#organization","name":"Evangelischer Regionalverband Frankfurt und Offenbach","url":"https:\/\/evangelische-beratung.com\/tr\/","logo":{"@type":"ImageObject","inLanguage":"tr","@id":"https:\/\/evangelische-beratung.com\/tr\/#\/schema\/logo\/image\/","url":"https:\/\/evangelische-beratung.com\/tr\/wp-content\/uploads\/sites\/8\/2019\/10\/erv-logo.png","contentUrl":"https:\/\/evangelische-beratung.com\/tr\/wp-content\/uploads\/sites\/8\/2019\/10\/erv-logo.png","width":1127,"height":595,"caption":"Evangelischer Regionalverband Frankfurt und Offenbach"},"image":{"@id":"https:\/\/evangelische-beratung.com\/tr\/#\/schema\/logo\/image\/"}}]}},"_links":{"self":[{"href":"https:\/\/evangelische-beratung.com\/tr\/wp-json\/wp\/v2\/pages\/432","targetHints":{"allow":["GET"]}}],"collection":[{"href":"https:\/\/evangelische-beratung.com\/tr\/wp-json\/wp\/v2\/pages"}],"about":[{"href":"https:\/\/evangelische-beratung.com\/tr\/wp-json\/wp\/v2\/types\/page"}],"author":[{"embeddable":true,"href":"https:\/\/evangelische-beratung.com\/tr\/wp-json\/wp\/v2\/users\/3"}],"replies":[{"embeddable":true,"href":"https:\/\/evangelische-beratung.com\/tr\/wp-json\/wp\/v2\/comments?post=432"}],"version-history":[{"count":5,"href":"https:\/\/evangelische-beratung.com\/tr\/wp-json\/wp\/v2\/pages\/432\/revisions"}],"predecessor-version":[{"id":1429,"href":"https:\/\/evangelische-beratung.com\/tr\/wp-json\/wp\/v2\/pages\/432\/revisions\/1429"}],"up":[{"embeddable":true,"href":"https:\/\/evangelische-beratung.com\/tr\/wp-json\/wp\/v2\/pages\/237"}],"wp:attachment":[{"href":"https:\/\/evangelische-beratung.com\/tr\/wp-json\/wp\/v2\/media?parent=432"}],"curies":[{"name":"wp","href":"https:\/\/api.w.org\/{rel}","templated":true}]}}