{"id":431,"date":"2019-08-19T18:45:06","date_gmt":"2019-08-19T16:45:06","guid":{"rendered":"https:\/\/evangelische-beratung.com\/tr\/?page_id=431"},"modified":"2020-03-27T09:40:32","modified_gmt":"2020-03-27T08:40:32","slug":"orientierende-beratung","status":"publish","type":"page","link":"https:\/\/evangelische-beratung.com\/tr\/sucht\/alkohol\/orientierende-beratung\/","title":{"rendered":"Y\u00f6nlendirici Dan\u0131\u015fma Hizmeti"},"content":{"rendered":"\n<p class=\"is-style-teaser\">Alkol t\u00fcketiminizin bir de\u011ferlendirmesini yapar\u0131z.<\/p>\n\n\n\n<p> Yapaca\u011f\u0131m\u0131z Alkol t\u00fcketiminizin de\u011ferlendirmesinden sonra, Ki\u015fisel ihtiyac\u0131n\u0131za g\u00f6re yard\u0131m teklifleri sunaca\u011f\u0131z. Bunlar, \u00f6rne\u011fin,  Alkol ba\u011f\u0131ml\u0131l\u0131\u011f\u0131ndan ar\u0131nd\u0131rd\u0131rma terapisi veya kontr\u00f6ll\u00fc Alkol kullan\u0131m olabilir.<\/p>\n\n\n\n<p> Size, Bireysel-, \u00a0E\u015fler- ve Ki\u015fi yak\u0131nlar\u0131na G\u00f6r\u00fc\u015fme teklileri sunuyoruz <\/p>\n\n\n\n<p>Alkol ba\u011f\u0131ml\u0131l\u0131k hastal\u0131k tedavisi de kapsaml\u0131 ve b\u00fct\u00fcnsel yard\u0131m gerektirir. Bu nedenle Alkolden Ar\u0131nd\u0131rma tedavi merkezleri,konusunda uzman Klinikler, kendi kendine yard\u0131m Gruplar\u0131, Bor\u00e7lu ve icra dan\u0131\u015fmanl\u0131\u011f\u0131 ve di\u011fer sosyal hizmetler a\u011f\u0131nda i\u015fbirli\u011findeyiz. <\/p>\n\n\n\n<figure class=\"wp-block-image\"><img loading=\"lazy\" decoding=\"async\" width=\"713\" height=\"534\" src=\"https:\/\/evangelische-beratung.com\/tr\/wp-content\/uploads\/sites\/8\/2020\/01\/Schaubild-zur-Behandlung-der-Abhaengigkeit.jpg\" alt=\"\" class=\"wp-image-824\" srcset=\"https:\/\/evangelische-beratung.com\/tr\/wp-content\/uploads\/sites\/8\/2020\/01\/Schaubild-zur-Behandlung-der-Abhaengigkeit.jpg 713w, https:\/\/evangelische-beratung.com\/tr\/wp-content\/uploads\/sites\/8\/2020\/01\/Schaubild-zur-Behandlung-der-Abhaengigkeit-300x225.jpg 300w\" sizes=\"auto, (max-width: 713px) 100vw, 713px\" \/><\/figure>\n\n\n\n<p> Say\u0131s\u0131 onbe\u015fi bulan \u201ekendi kendine yard\u0131m Ba\u011f\u0131ml\u0131l\u0131k gruplar\u0131yla\u201c i\u015fbirli\u011fi i\u00e7erisindeyiz. Kendi kendine yard\u0131m Ba\u011f\u0131ml\u0131l\u0131k gruplar\u0131 \u201eFrankfurt Dostlukgrubu\u201c \u00e7at\u0131s\u0131 alt\u0131nda toplanm\u0131st\u0131r. \u201eDer Freundeskreis Frankfurt\u201c &nbsp;\u201eFrankfurt Dostluk Grubu\u201c t\u00fcm Ba\u011f\u0131ml\u0131l\u0131k sorunlar\u0131na y\u00f6nelik Teklifler sunuyor (Alkol, yasad\u0131\u015f\u0131 uyu\u015fturucu, kumar, davran\u0131\u015fsal ba\u011f\u0131ml\u0131l\u0131k). Ayr\u0131ca, a\u011f\u0131rl\u0131kl\u0131 ,\u201cKendi kendine yard\u0131m Ba\u011f\u0131ml\u0131l\u0131k Gruplar\u0131\u201c, \u00f6rne\u011fin, ba\u011f\u0131ml\u0131 Yak\u0131nlar\u0131 Grubu veya ba\u011f\u0131ml\u0131 yak\u0131nlar\u0131 Kad\u0131n Grubu mevcuttur.  \u201eKendi kendine yard\u0131m Ba\u011f\u0131ml\u0131l\u0131k guruplar\u0131yla\u201c irtibata girmenizi sa\u011flar\u0131z <\/p>\n\n\n\n<p>Uzman Bay \/ Bayan Dan\u0131\u015fmanlar\u0131m\u0131z, Sosyal Padagog, Sosyal Hizmetler, ve Psikologlardan olu\u015fur.<\/p>\n\n\n\n<p> Dan\u0131\u015fmanl\u0131k hizmetine &nbsp;kat\u0131l\u0131m, \u00fccretsiz olup, g\u00f6n\u00fcll\u00fcl\u00fck ve gizlilik esas\u0131na dayan\u0131r.  \u0130htiya\u00e7 duyulursa, Bay\/Bayan terc\u00fcmanlar \u00e7a\u011fr\u0131l\u0131r. <\/p>\n\n\n\n<p style=\"text-align:center\" class=\"is-style-roof-line\"> \u0130leti\u015fim  i\u00e7in  bay\/Bayan Yetkilileriniz<\/p>\n\n\n\n<div class=\"wp-block-columns alignwide has-3-columns is-layout-flex wp-container-core-columns-is-layout-9d6595d7 wp-block-columns-is-layout-flex\">\n<div class=\"wp-block-column is-layout-flow wp-block-column-is-layout-flow\">\n<div class=\"wp-block-erv-id-card\"><div class=\"id-card-content\"><figure class=\"id-card-photo\"><img decoding=\"async\" src=\"https:\/\/evangelische-beratung.com\/wp-content\/uploads\/2019\/08\/Monika-Schiemann_Verwaltung-Suchtberatung-300x200.jpg\" \/><\/figure><div class=\"id-card-details\"><p class=\"id-card-name\">Monika Schiemann<\/p><p class=\"id-card-job\">Sekretariat &amp; Anmeldung<\/p><p class=\"id-card-location\">Frankfurt<\/p><p class=\"id-card-phone\">069 \/ 53 02 302 <\/p><p class=\"id-card-email\"><a href=\"&#x6d;&#97;i&#x6c;&#116;o&#x3a;&#115;u&#x63;&#104;t&#x62;&#101;r&#x61;&#x74;u&#x6e;&#x67;&#64;&#x66;&#x72;&#97;&#x6e;&#x6b;&#102;u&#x72;&#116;-&#x65;&#118;a&#x6e;&#103;e&#x6c;&#105;s&#x63;&#x68;&#46;&#x64;&#x65;\">E-Mail<\/a><\/p><\/div><\/div><\/div>\n\n\n\n<div class=\"wp-block-erv-id-card\"><div class=\"id-card-content\"><figure class=\"id-card-photo\"><img decoding=\"async\" src=\"https:\/\/evangelische-beratung.com\/wp-content\/uploads\/2020\/01\/portrait_platzhalter-1-300x300.jpg\"\/><\/figure><div class=\"id-card-details\"><p class=\"id-card-name\">Katrin Werland<\/p><p class=\"id-card-job\">Beratung &amp; Therapie<\/p><p class=\"id-card-location\">Frankfurt<\/p><p class=\"id-card-phone\">069 \/ 53 02 305<\/p><p class=\"id-card-email\"><a href=\"&#x6d;&#97;&#x69;&#x6c;&#116;&#x6f;&#x3a;&#107;&#x61;&#x74;&#114;&#x69;&#x6e;&#46;&#x77;&#x65;r&#x6c;&#97;n&#x64;&#64;f&#x72;&#97;n&#x6b;&#102;u&#x72;&#116;-&#x65;&#118;a&#x6e;&#103;e&#x6c;&#105;s&#x63;&#104;&#46;&#x64;&#101;\">E-Mail<\/a><\/p><\/div><\/div><\/div>\n<\/div>\n\n\n\n<div class=\"wp-block-column is-layout-flow wp-block-column-is-layout-flow\">\n<div class=\"wp-block-erv-id-card\"><div class=\"id-card-content\"><figure class=\"id-card-photo\"><img decoding=\"async\" src=\"https:\/\/evangelische-beratung.com\/wp-content\/uploads\/2025\/04\/portrait_platzhalter-1-300x300-1.jpg\" \/><\/figure><div class=\"id-card-details\"><p class=\"id-card-name\">N. N. <\/p><p class=\"id-card-job\">Leitung<\/p><p class=\"id-card-location\">Frankfurt<\/p><p class=\"id-card-phone\">069 \/ 53 02 301<\/p><p class=\"id-card-email\"><a href=\"&#x6d;&#x61;&#x69;&#x6c;&#x74;&#x6f;&#x3a;&#115;&#117;&#99;&#104;&#116;bera&#x74;&#x75;&#x6e;&#x67;&#x40;&#x66;&#x72;&#x61;&#110;&#107;&#102;&#117;&#114;t-ev&#x61;&#x6e;&#x67;&#x65;&#x6c;&#x69;&#x73;&#99;&#104;&#46;&#100;&#101;\">E-Mail<\/a><\/p><\/div><\/div><\/div>\n<\/div>\n\n\n\n<div class=\"wp-block-column is-layout-flow wp-block-column-is-layout-flow\">\n<div class=\"wp-block-erv-id-card\"><div class=\"id-card-content\"><figure class=\"id-card-photo\"><img decoding=\"async\" src=\"https:\/\/evangelische-beratung.com\/wp-content\/uploads\/2020\/01\/portrait_platzhalter-1-300x300.jpg\"\/><\/figure><div class=\"id-card-details\"><p class=\"id-card-name\">Anzhelina Blum<\/p><p class=\"id-card-job\">Beratung &amp; Therapie<\/p><p class=\"id-card-location\">Frankfurt<\/p><p class=\"id-card-phone\">069 \/ 53 02 303<\/p><p class=\"id-card-email\"><a href=\"&#x6d;a&#x69;&#108;&#x74;&#111;:&#x61;&#110;&#x7a;&#104;e&#x6c;&#105;&#x6e;&#97;&#46;&#x62;l&#x75;&#109;&#x40;&#x66;r&#x61;&#110;&#x6b;&#102;u&#x72;&#116;&#x2d;&#101;v&#x61;n&#x67;&#101;l&#x69;s&#x63;&#104;&#x2e;&#100;e\">E-Mail<\/a><\/p><\/div><\/div><\/div>\n<\/div>\n<\/div>\n","protected":false},"excerpt":{"rendered":"<p>Alkol t\u00fcketiminizin bir de\u011ferlendirmesini yapar\u0131z. Yapaca\u011f\u0131m\u0131z Alkol t\u00fcketiminizin de\u011ferlendirmesinden sonra, Ki\u015fisel ihtiyac\u0131n\u0131za g\u00f6re yard\u0131m teklifleri sunaca\u011f\u0131z. Bunlar, \u00f6rne\u011fin, Alkol ba\u011f\u0131ml\u0131l\u0131\u011f\u0131ndan ar\u0131nd\u0131rd\u0131rma terapisi veya kontr\u00f6ll\u00fc Alkol kullan\u0131m olabilir. Size, Bireysel-, \u00a0E\u015fler- ve Ki\u015fi yak\u0131nlar\u0131na G\u00f6r\u00fc\u015fme teklileri sunuyoruz Alkol ba\u011f\u0131ml\u0131l\u0131k hastal\u0131k tedavisi de kapsaml\u0131 ve b\u00fct\u00fcnsel yard\u0131m gerektirir. Bu nedenle Alkolden Ar\u0131nd\u0131rma tedavi merkezleri,konusunda uzman Klinikler, kendi [&hellip;]<\/p>\n","protected":false},"author":3,"featured_media":0,"parent":237,"menu_order":0,"comment_status":"closed","ping_status":"closed","template":"","meta":{"footnotes":""},"class_list":["post-431","page","type-page","status-publish","hentry"],"yoast_head":"<!-- This site is optimized with the Yoast SEO plugin v27.3 - https:\/\/yoast.com\/product\/yoast-seo-wordpress\/ -->\n<title>Orientierende Beratung zum Alkoholkonsum in Frankfurt beim Ev. Regionalverband<\/title>\n<meta name=\"description\" content=\"Wir geben Ihnen eine Einsch\u00e4tzung zu Ihrem Alkoholkonsum und bieten Ihnen Einzel-, Paar- und Familiengespr\u00e4che an. Die Beratung ist freiwillig und kostenlos.\" \/>\n<meta name=\"robots\" content=\"index, follow, max-snippet:-1, max-image-preview:large, max-video-preview:-1\" \/>\n<link rel=\"canonical\" href=\"https:\/\/evangelische-beratung.com\/tr\/sucht\/alkohol\/orientierende-beratung\/\" \/>\n<meta property=\"og:locale\" content=\"tr_TR\" \/>\n<meta property=\"og:type\" content=\"article\" \/>\n<meta property=\"og:title\" content=\"Orientierende Beratung zum Alkoholkonsum in Frankfurt beim Ev. Regionalverband\" \/>\n<meta property=\"og:description\" content=\"Wir geben Ihnen eine Einsch\u00e4tzung zu Ihrem Alkoholkonsum und bieten Ihnen Einzel-, Paar- und Familiengespr\u00e4che an. Die Beratung ist freiwillig und kostenlos.\" \/>\n<meta property=\"og:url\" content=\"https:\/\/evangelische-beratung.com\/tr\/sucht\/alkohol\/orientierende-beratung\/\" \/>\n<meta property=\"og:site_name\" content=\"Evangelischer Regionalverband\" \/>\n<meta property=\"article:modified_time\" content=\"2020-03-27T08:40:32+00:00\" \/>\n<meta property=\"og:image\" content=\"https:\/\/evangelische-beratung.com\/tr\/wp-content\/uploads\/sites\/8\/2020\/01\/Schaubild-zur-Behandlung-der-Abhaengigkeit.jpg\" \/>\n<meta name=\"twitter:card\" content=\"summary_large_image\" \/>\n<meta name=\"twitter:label1\" content=\"Tahmini okuma s\u00fcresi\" \/>\n\t<meta name=\"twitter:data1\" content=\"1 dakika\" \/>\n<script type=\"application\/ld+json\" class=\"yoast-schema-graph\">{\"@context\":\"https:\\\/\\\/schema.org\",\"@graph\":[{\"@type\":\"WebPage\",\"@id\":\"https:\\\/\\\/evangelische-beratung.com\\\/tr\\\/sucht\\\/alkohol\\\/orientierende-beratung\\\/\",\"url\":\"https:\\\/\\\/evangelische-beratung.com\\\/tr\\\/sucht\\\/alkohol\\\/orientierende-beratung\\\/\",\"name\":\"Orientierende Beratung zum Alkoholkonsum in Frankfurt beim Ev. Regionalverband\",\"isPartOf\":{\"@id\":\"https:\\\/\\\/evangelische-beratung.com\\\/tr\\\/#website\"},\"primaryImageOfPage\":{\"@id\":\"https:\\\/\\\/evangelische-beratung.com\\\/tr\\\/sucht\\\/alkohol\\\/orientierende-beratung\\\/#primaryimage\"},\"image\":{\"@id\":\"https:\\\/\\\/evangelische-beratung.com\\\/tr\\\/sucht\\\/alkohol\\\/orientierende-beratung\\\/#primaryimage\"},\"thumbnailUrl\":\"https:\\\/\\\/evangelische-beratung.com\\\/tr\\\/wp-content\\\/uploads\\\/sites\\\/8\\\/2020\\\/01\\\/Schaubild-zur-Behandlung-der-Abhaengigkeit.jpg\",\"datePublished\":\"2019-08-19T16:45:06+00:00\",\"dateModified\":\"2020-03-27T08:40:32+00:00\",\"description\":\"Wir geben Ihnen eine Einsch\u00e4tzung zu Ihrem Alkoholkonsum und bieten Ihnen Einzel-, Paar- und Familiengespr\u00e4che an. Die Beratung ist freiwillig und kostenlos.\",\"breadcrumb\":{\"@id\":\"https:\\\/\\\/evangelische-beratung.com\\\/tr\\\/sucht\\\/alkohol\\\/orientierende-beratung\\\/#breadcrumb\"},\"inLanguage\":\"tr\",\"potentialAction\":[{\"@type\":\"ReadAction\",\"target\":[\"https:\\\/\\\/evangelische-beratung.com\\\/tr\\\/sucht\\\/alkohol\\\/orientierende-beratung\\\/\"]}]},{\"@type\":\"ImageObject\",\"inLanguage\":\"tr\",\"@id\":\"https:\\\/\\\/evangelische-beratung.com\\\/tr\\\/sucht\\\/alkohol\\\/orientierende-beratung\\\/#primaryimage\",\"url\":\"https:\\\/\\\/evangelische-beratung.com\\\/tr\\\/wp-content\\\/uploads\\\/sites\\\/8\\\/2020\\\/01\\\/Schaubild-zur-Behandlung-der-Abhaengigkeit.jpg\",\"contentUrl\":\"https:\\\/\\\/evangelische-beratung.com\\\/tr\\\/wp-content\\\/uploads\\\/sites\\\/8\\\/2020\\\/01\\\/Schaubild-zur-Behandlung-der-Abhaengigkeit.jpg\"},{\"@type\":\"BreadcrumbList\",\"@id\":\"https:\\\/\\\/evangelische-beratung.com\\\/tr\\\/sucht\\\/alkohol\\\/orientierende-beratung\\\/#breadcrumb\",\"itemListElement\":[{\"@type\":\"ListItem\",\"position\":1,\"name\":\"Startseite\",\"item\":\"https:\\\/\\\/evangelische-beratung.com\\\/tr\\\/\"},{\"@type\":\"ListItem\",\"position\":2,\"name\":\"Ba\u011f\u0131ml\u0131l\u0131k\",\"item\":\"https:\\\/\\\/evangelische-beratung.com\\\/tr\\\/sucht\\\/\"},{\"@type\":\"ListItem\",\"position\":3,\"name\":\"Alkol\",\"item\":\"https:\\\/\\\/evangelische-beratung.com\\\/tr\\\/sucht\\\/alkohol\\\/\"},{\"@type\":\"ListItem\",\"position\":4,\"name\":\"Y\u00f6nlendirici Dan\u0131\u015fma Hizmeti\"}]},{\"@type\":\"WebSite\",\"@id\":\"https:\\\/\\\/evangelische-beratung.com\\\/tr\\\/#website\",\"url\":\"https:\\\/\\\/evangelische-beratung.com\\\/tr\\\/\",\"name\":\"Evangelischer Regionalverband\",\"description\":\"\",\"publisher\":{\"@id\":\"https:\\\/\\\/evangelische-beratung.com\\\/tr\\\/#organization\"},\"potentialAction\":[{\"@type\":\"SearchAction\",\"target\":{\"@type\":\"EntryPoint\",\"urlTemplate\":\"https:\\\/\\\/evangelische-beratung.com\\\/tr\\\/?s={search_term_string}\"},\"query-input\":{\"@type\":\"PropertyValueSpecification\",\"valueRequired\":true,\"valueName\":\"search_term_string\"}}],\"inLanguage\":\"tr\"},{\"@type\":\"Organization\",\"@id\":\"https:\\\/\\\/evangelische-beratung.com\\\/tr\\\/#organization\",\"name\":\"Evangelischer Regionalverband Frankfurt und Offenbach\",\"url\":\"https:\\\/\\\/evangelische-beratung.com\\\/tr\\\/\",\"logo\":{\"@type\":\"ImageObject\",\"inLanguage\":\"tr\",\"@id\":\"https:\\\/\\\/evangelische-beratung.com\\\/tr\\\/#\\\/schema\\\/logo\\\/image\\\/\",\"url\":\"https:\\\/\\\/evangelische-beratung.com\\\/tr\\\/wp-content\\\/uploads\\\/sites\\\/8\\\/2019\\\/10\\\/erv-logo.png\",\"contentUrl\":\"https:\\\/\\\/evangelische-beratung.com\\\/tr\\\/wp-content\\\/uploads\\\/sites\\\/8\\\/2019\\\/10\\\/erv-logo.png\",\"width\":1127,\"height\":595,\"caption\":\"Evangelischer Regionalverband Frankfurt und Offenbach\"},\"image\":{\"@id\":\"https:\\\/\\\/evangelische-beratung.com\\\/tr\\\/#\\\/schema\\\/logo\\\/image\\\/\"}}]}<\/script>\n<!-- \/ Yoast SEO plugin. -->","yoast_head_json":{"title":"Orientierende Beratung zum Alkoholkonsum in Frankfurt beim Ev. Regionalverband","description":"Wir geben Ihnen eine Einsch\u00e4tzung zu Ihrem Alkoholkonsum und bieten Ihnen Einzel-, Paar- und Familiengespr\u00e4che an. Die Beratung ist freiwillig und kostenlos.","robots":{"index":"index","follow":"follow","max-snippet":"max-snippet:-1","max-image-preview":"max-image-preview:large","max-video-preview":"max-video-preview:-1"},"canonical":"https:\/\/evangelische-beratung.com\/tr\/sucht\/alkohol\/orientierende-beratung\/","og_locale":"tr_TR","og_type":"article","og_title":"Orientierende Beratung zum Alkoholkonsum in Frankfurt beim Ev. Regionalverband","og_description":"Wir geben Ihnen eine Einsch\u00e4tzung zu Ihrem Alkoholkonsum und bieten Ihnen Einzel-, Paar- und Familiengespr\u00e4che an. Die Beratung ist freiwillig und kostenlos.","og_url":"https:\/\/evangelische-beratung.com\/tr\/sucht\/alkohol\/orientierende-beratung\/","og_site_name":"Evangelischer Regionalverband","article_modified_time":"2020-03-27T08:40:32+00:00","og_image":[{"url":"https:\/\/evangelische-beratung.com\/tr\/wp-content\/uploads\/sites\/8\/2020\/01\/Schaubild-zur-Behandlung-der-Abhaengigkeit.jpg","type":"","width":"","height":""}],"twitter_card":"summary_large_image","twitter_misc":{"Tahmini okuma s\u00fcresi":"1 dakika"},"schema":{"@context":"https:\/\/schema.org","@graph":[{"@type":"WebPage","@id":"https:\/\/evangelische-beratung.com\/tr\/sucht\/alkohol\/orientierende-beratung\/","url":"https:\/\/evangelische-beratung.com\/tr\/sucht\/alkohol\/orientierende-beratung\/","name":"Orientierende Beratung zum Alkoholkonsum in Frankfurt beim Ev. Regionalverband","isPartOf":{"@id":"https:\/\/evangelische-beratung.com\/tr\/#website"},"primaryImageOfPage":{"@id":"https:\/\/evangelische-beratung.com\/tr\/sucht\/alkohol\/orientierende-beratung\/#primaryimage"},"image":{"@id":"https:\/\/evangelische-beratung.com\/tr\/sucht\/alkohol\/orientierende-beratung\/#primaryimage"},"thumbnailUrl":"https:\/\/evangelische-beratung.com\/tr\/wp-content\/uploads\/sites\/8\/2020\/01\/Schaubild-zur-Behandlung-der-Abhaengigkeit.jpg","datePublished":"2019-08-19T16:45:06+00:00","dateModified":"2020-03-27T08:40:32+00:00","description":"Wir geben Ihnen eine Einsch\u00e4tzung zu Ihrem Alkoholkonsum und bieten Ihnen Einzel-, Paar- und Familiengespr\u00e4che an. Die Beratung ist freiwillig und kostenlos.","breadcrumb":{"@id":"https:\/\/evangelische-beratung.com\/tr\/sucht\/alkohol\/orientierende-beratung\/#breadcrumb"},"inLanguage":"tr","potentialAction":[{"@type":"ReadAction","target":["https:\/\/evangelische-beratung.com\/tr\/sucht\/alkohol\/orientierende-beratung\/"]}]},{"@type":"ImageObject","inLanguage":"tr","@id":"https:\/\/evangelische-beratung.com\/tr\/sucht\/alkohol\/orientierende-beratung\/#primaryimage","url":"https:\/\/evangelische-beratung.com\/tr\/wp-content\/uploads\/sites\/8\/2020\/01\/Schaubild-zur-Behandlung-der-Abhaengigkeit.jpg","contentUrl":"https:\/\/evangelische-beratung.com\/tr\/wp-content\/uploads\/sites\/8\/2020\/01\/Schaubild-zur-Behandlung-der-Abhaengigkeit.jpg"},{"@type":"BreadcrumbList","@id":"https:\/\/evangelische-beratung.com\/tr\/sucht\/alkohol\/orientierende-beratung\/#breadcrumb","itemListElement":[{"@type":"ListItem","position":1,"name":"Startseite","item":"https:\/\/evangelische-beratung.com\/tr\/"},{"@type":"ListItem","position":2,"name":"Ba\u011f\u0131ml\u0131l\u0131k","item":"https:\/\/evangelische-beratung.com\/tr\/sucht\/"},{"@type":"ListItem","position":3,"name":"Alkol","item":"https:\/\/evangelische-beratung.com\/tr\/sucht\/alkohol\/"},{"@type":"ListItem","position":4,"name":"Y\u00f6nlendirici Dan\u0131\u015fma Hizmeti"}]},{"@type":"WebSite","@id":"https:\/\/evangelische-beratung.com\/tr\/#website","url":"https:\/\/evangelische-beratung.com\/tr\/","name":"Evangelischer Regionalverband","description":"","publisher":{"@id":"https:\/\/evangelische-beratung.com\/tr\/#organization"},"potentialAction":[{"@type":"SearchAction","target":{"@type":"EntryPoint","urlTemplate":"https:\/\/evangelische-beratung.com\/tr\/?s={search_term_string}"},"query-input":{"@type":"PropertyValueSpecification","valueRequired":true,"valueName":"search_term_string"}}],"inLanguage":"tr"},{"@type":"Organization","@id":"https:\/\/evangelische-beratung.com\/tr\/#organization","name":"Evangelischer Regionalverband Frankfurt und Offenbach","url":"https:\/\/evangelische-beratung.com\/tr\/","logo":{"@type":"ImageObject","inLanguage":"tr","@id":"https:\/\/evangelische-beratung.com\/tr\/#\/schema\/logo\/image\/","url":"https:\/\/evangelische-beratung.com\/tr\/wp-content\/uploads\/sites\/8\/2019\/10\/erv-logo.png","contentUrl":"https:\/\/evangelische-beratung.com\/tr\/wp-content\/uploads\/sites\/8\/2019\/10\/erv-logo.png","width":1127,"height":595,"caption":"Evangelischer Regionalverband Frankfurt und Offenbach"},"image":{"@id":"https:\/\/evangelische-beratung.com\/tr\/#\/schema\/logo\/image\/"}}]}},"_links":{"self":[{"href":"https:\/\/evangelische-beratung.com\/tr\/wp-json\/wp\/v2\/pages\/431","targetHints":{"allow":["GET"]}}],"collection":[{"href":"https:\/\/evangelische-beratung.com\/tr\/wp-json\/wp\/v2\/pages"}],"about":[{"href":"https:\/\/evangelische-beratung.com\/tr\/wp-json\/wp\/v2\/types\/page"}],"author":[{"embeddable":true,"href":"https:\/\/evangelische-beratung.com\/tr\/wp-json\/wp\/v2\/users\/3"}],"replies":[{"embeddable":true,"href":"https:\/\/evangelische-beratung.com\/tr\/wp-json\/wp\/v2\/comments?post=431"}],"version-history":[{"count":3,"href":"https:\/\/evangelische-beratung.com\/tr\/wp-json\/wp\/v2\/pages\/431\/revisions"}],"predecessor-version":[{"id":1467,"href":"https:\/\/evangelische-beratung.com\/tr\/wp-json\/wp\/v2\/pages\/431\/revisions\/1467"}],"up":[{"embeddable":true,"href":"https:\/\/evangelische-beratung.com\/tr\/wp-json\/wp\/v2\/pages\/237"}],"wp:attachment":[{"href":"https:\/\/evangelische-beratung.com\/tr\/wp-json\/wp\/v2\/media?parent=431"}],"curies":[{"name":"wp","href":"https:\/\/api.w.org\/{rel}","templated":true}]}}