{"id":430,"date":"2019-08-19T18:41:43","date_gmt":"2019-08-19T16:41:43","guid":{"rendered":"https:\/\/evangelische-beratung.com\/tr\/?page_id=430"},"modified":"2020-03-07T22:18:06","modified_gmt":"2020-03-07T21:18:06","slug":"sucht-und-alter","status":"publish","type":"page","link":"https:\/\/evangelische-beratung.com\/tr\/sucht\/alkohol\/sucht-und-alter\/","title":{"rendered":"Ba\u011f\u0131ml\u0131l\u0131k ve ya\u015fl\u0131l\u0131k"},"content":{"rendered":"\n<p class=\"is-style-teaser\"> Ya\u015fl\u0131 insan Bak\u0131c\u0131lar\u0131n\u0131, ya\u015fl\u0131 insanlarda ki tehlike yarat\u0131c\u0131 t\u00fcketici davran\u0131\u015flar\u0131yla, ba\u015fa \u00e7\u0131kabilmeleri i\u00e7in, e\u011fitiyoruz. <\/p>\n\n\n\n<figure class=\"wp-block-image alignwide\"><img loading=\"lazy\" decoding=\"async\" width=\"1024\" height=\"512\" src=\"https:\/\/evangelische-beratung.com\/tr\/wp-content\/uploads\/sites\/8\/2019\/08\/Suchtberatung-2-ALter_Hero-1024x512.jpg\" alt=\"\" class=\"wp-image-481\" srcset=\"https:\/\/evangelische-beratung.com\/tr\/wp-content\/uploads\/sites\/8\/2019\/08\/Suchtberatung-2-ALter_Hero-1024x512.jpg 1024w, https:\/\/evangelische-beratung.com\/tr\/wp-content\/uploads\/sites\/8\/2019\/08\/Suchtberatung-2-ALter_Hero-300x150.jpg 300w, https:\/\/evangelische-beratung.com\/tr\/wp-content\/uploads\/sites\/8\/2019\/08\/Suchtberatung-2-ALter_Hero-768x384.jpg 768w, https:\/\/evangelische-beratung.com\/tr\/wp-content\/uploads\/sites\/8\/2019\/08\/Suchtberatung-2-ALter_Hero.jpg 1840w\" sizes=\"auto, 100vw\" \/><\/figure>\n\n\n\n<p>E\u011fitim Kurslar\u0131 Frankfurt \u015fehrinin, \u201eSucht im Alter\u201c &#8220;Ya\u015fl\u0131l\u0131kta Ba\u011f\u0131ml\u0131l\u0131k&#8221; Projesi kapsam\u0131nda ger\u00e7ekle\u015fiyor. <\/p>\n\n\n<div class=\"wp-block-erv-tile \">\n\t\t\t<div>\n\t\t\t<a href=\"https:\/\/www.frankfurt.de\/sixcms\/detail.php?id=1577970&amp;_ffmpar[_id_inhalt]=32112734\" tabindex=\"-1\" aria-hidden=\"true\"  target=\"_blank\"><\/a>\n\t\t\t<h2 class=\"tile-title\"><a href=\"https:\/\/www.frankfurt.de\/sixcms\/detail.php?id=1577970&amp;_ffmpar[_id_inhalt]=32112734\"  target=\"_blank\">Sucht im Alter<\/a><\/h2>\n\t\t\t\n\t\t\t<p aria-hidden=\"true\" class=\"-is-micro\">Go to website<svg xmlns=\"http:\/\/www.w3.org\/2000\/svg\" viewBox=\"0 0 13 10\"><path d=\"M1.5 5H12M8 1l4 4-4 4\" fill=\"none\" stroke=\"#a22a45\" stroke-width=\"1.2\" stroke-linecap=\"round\" stroke-linejoin=\"round\"\/><\/svg><\/p>\n\t\t\t<\/div>\n\t\t<\/div>\n\n\n<p>Birlikte, mevcut bir Durum \u00fczerine g\u00f6r\u00fc\u015f\u00fcl\u00fcr. Durum g\u00f6r\u00fc\u015f\u00fcnden sonra, durumdan etkilenen ya\u015fl\u0131 insanlar, hem\u015fireler veya akrabalar\u0131n arzusuna g\u00f6re dan\u0131\u015fma hizmeti sunulur. Dan\u0131\u015fma hizmeti, Ya\u015fl\u0131 Bak\u0131m Evlerinde ger\u00e7ekle\u015fir.<\/p>\n\n\n\n<p>Bu ortak Projede a\u015fa\u011f\u0131 da adland\u0131r\u0131lan Ya\u015fl\u0131 Bak\u0131m Evleri ve  &#8220;Evangelischen Suchtberatung Frankfurt am Main&#8221; yer al\u0131rlar:<\/p>\n\n\n\n<ul class=\"wp-block-list\"><li>Victor-Gollancz-Haus, Sossenheim<\/li><li>Sozial- und Rehazentrum West, R\u00f6delheim<\/li><li>Heinrich-Schleich-Haus, Fechenheim.<\/li><\/ul>\n\n\n\n<div class=\"wp-block-erv-download -show-file-extension\"><span aria-hidden=\"true\"><span class=\"file-extension\">pdf<\/span><\/span><div class=\"title-and-description\"><p class=\"download-title -inverted-link-style\"><a href=\"https:\/\/evangelische-beratung.com\/tr\/wp-content\/uploads\/sites\/8\/2019\/08\/Sucht_und_Alter-1.pdf\" target=\"_blank\" rel=\"noopener noreferrer\">Artikel Sucht und Alter: &#8220;Mehr Lebensqualit\u00e4t mithilfe der Suchthilfe<\/a><\/p><p class=\"download-description\"><\/p><\/div><\/div>\n\n\n\n<p style=\"text-align:center\" class=\"is-style-roof-line\">\u0130leti\u015fim i\u00e7in Bay\/Bayan Yetkilileriniz <\/p>\n\n\n\n<div class=\"wp-block-columns alignwide has-2-columns is-layout-flex wp-container-core-columns-is-layout-9d6595d7 wp-block-columns-is-layout-flex\">\n<div class=\"wp-block-column is-layout-flow wp-block-column-is-layout-flow\">\n<div class=\"wp-block-erv-id-card\"><div class=\"id-card-content\"><figure class=\"id-card-photo\"><img decoding=\"async\" src=\"https:\/\/evangelische-beratung.com\/wp-content\/uploads\/2019\/08\/Monika-Schiemann_Verwaltung-Suchtberatung-300x200.jpg\" \/><\/figure><div class=\"id-card-details\"><p class=\"id-card-name\">Monika Schiemann<\/p><p class=\"id-card-job\">Sekretariat &amp; Anmeldung<\/p><p class=\"id-card-location\">Frankfurt<\/p><p class=\"id-card-phone\">069 \/ 53 02 302 <\/p><p class=\"id-card-email\"><a href=\"&#x6d;&#97;&#105;&#x6c;&#x74;&#111;&#58;&#x73;&#x75;&#99;&#104;&#x74;&#x62;&#101;&#114;&#x61;&#x74;&#117;&#110;&#x67;&#x40;&#102;&#114;&#x61;&#x6e;&#107;&#102;&#x75;&#x72;&#116;&#45;&#x65;&#x76;&#97;&#110;&#x67;&#x65;&#108;&#105;&#x73;&#x63;&#104;&#46;&#x64;&#x65;\">E-Mail<\/a><\/p><\/div><\/div><\/div>\n<\/div>\n\n\n\n<div class=\"wp-block-column is-layout-flow wp-block-column-is-layout-flow\">\n<div class=\"wp-block-erv-id-card\"><div class=\"id-card-content\"><figure class=\"id-card-photo\"><img decoding=\"async\" src=\"https:\/\/evangelische-beratung.com\/wp-content\/uploads\/2025\/04\/portrait_platzhalter-1-300x300-1.jpg\" \/><\/figure><div class=\"id-card-details\"><p class=\"id-card-name\">N. N. <\/p><p class=\"id-card-job\">Leitung<\/p><p class=\"id-card-location\">Frankfurt<\/p><p class=\"id-card-phone\">069 \/ 53 02 301<\/p><p class=\"id-card-email\"><a href=\"&#x6d;&#x61;&#105;lt&#x6f;&#x3a;&#115;&#117;c&#x68;&#x74;&#98;&#101;r&#x61;&#x74;&#x75;&#110;g&#64;&#x66;&#x72;&#97;&#110;k&#x66;&#x75;&#114;&#116;-&#x65;&#x76;&#97;&#110;g&#x65;&#x6c;&#x69;&#115;ch&#x2e;&#x64;&#101;\">E-Mail<\/a><\/p><\/div><\/div><\/div>\n<\/div>\n<\/div>\n","protected":false},"excerpt":{"rendered":"<p>Ya\u015fl\u0131 insan Bak\u0131c\u0131lar\u0131n\u0131, ya\u015fl\u0131 insanlarda ki tehlike yarat\u0131c\u0131 t\u00fcketici davran\u0131\u015flar\u0131yla, ba\u015fa \u00e7\u0131kabilmeleri i\u00e7in, e\u011fitiyoruz. E\u011fitim Kurslar\u0131 Frankfurt \u015fehrinin, \u201eSucht im Alter\u201c &#8220;Ya\u015fl\u0131l\u0131kta Ba\u011f\u0131ml\u0131l\u0131k&#8221; Projesi kapsam\u0131nda ger\u00e7ekle\u015fiyor. Birlikte, mevcut bir Durum \u00fczerine g\u00f6r\u00fc\u015f\u00fcl\u00fcr. Durum g\u00f6r\u00fc\u015f\u00fcnden sonra, durumdan etkilenen ya\u015fl\u0131 insanlar, hem\u015fireler veya akrabalar\u0131n arzusuna g\u00f6re dan\u0131\u015fma hizmeti sunulur. Dan\u0131\u015fma hizmeti, Ya\u015fl\u0131 Bak\u0131m Evlerinde ger\u00e7ekle\u015fir. Bu ortak [&hellip;]<\/p>\n","protected":false},"author":3,"featured_media":0,"parent":237,"menu_order":0,"comment_status":"closed","ping_status":"closed","template":"","meta":{"footnotes":""},"class_list":["post-430","page","type-page","status-publish","hentry"],"yoast_head":"<!-- This site is optimized with the Yoast SEO plugin v27.3 - https:\/\/yoast.com\/product\/yoast-seo-wordpress\/ -->\n<title>Schulung Sucht &amp; Alter in Frankfurt beim Ev. Regionalverband<\/title>\n<meta name=\"description\" content=\"Wir schulen Pflegekr\u00e4fte zum Umgang mit riskantem Konsumverhalten bei \u00e4lteren Menschen. Die Schulungen finden im Rahmen des Projekts der Stadt Frankfurt &quot;Sucht im Alter&quot; statt.\" \/>\n<meta name=\"robots\" content=\"index, follow, max-snippet:-1, max-image-preview:large, max-video-preview:-1\" \/>\n<link rel=\"canonical\" href=\"https:\/\/evangelische-beratung.com\/tr\/sucht\/alkohol\/sucht-und-alter\/\" \/>\n<meta property=\"og:locale\" content=\"tr_TR\" \/>\n<meta property=\"og:type\" content=\"article\" \/>\n<meta property=\"og:title\" content=\"Schulung Sucht &amp; Alter in Frankfurt beim Ev. Regionalverband\" \/>\n<meta property=\"og:description\" content=\"Wir schulen Pflegekr\u00e4fte zum Umgang mit riskantem Konsumverhalten bei \u00e4lteren Menschen. Die Schulungen finden im Rahmen des Projekts der Stadt Frankfurt &quot;Sucht im Alter&quot; statt.\" \/>\n<meta property=\"og:url\" content=\"https:\/\/evangelische-beratung.com\/tr\/sucht\/alkohol\/sucht-und-alter\/\" \/>\n<meta property=\"og:site_name\" content=\"Evangelischer Regionalverband\" \/>\n<meta property=\"article:modified_time\" content=\"2020-03-07T21:18:06+00:00\" \/>\n<meta property=\"og:image\" content=\"https:\/\/evangelische-beratung.com\/tr\/wp-content\/uploads\/sites\/8\/2019\/08\/Suchtberatung-2-ALter_Hero-1024x512.jpg\" \/>\n<meta name=\"twitter:card\" content=\"summary_large_image\" \/>\n<meta name=\"twitter:label1\" content=\"Tahmini okuma s\u00fcresi\" \/>\n\t<meta name=\"twitter:data1\" content=\"1 dakika\" \/>\n<script type=\"application\/ld+json\" class=\"yoast-schema-graph\">{\"@context\":\"https:\\\/\\\/schema.org\",\"@graph\":[{\"@type\":\"WebPage\",\"@id\":\"https:\\\/\\\/evangelische-beratung.com\\\/tr\\\/sucht\\\/alkohol\\\/sucht-und-alter\\\/\",\"url\":\"https:\\\/\\\/evangelische-beratung.com\\\/tr\\\/sucht\\\/alkohol\\\/sucht-und-alter\\\/\",\"name\":\"Schulung Sucht & Alter in Frankfurt beim Ev. Regionalverband\",\"isPartOf\":{\"@id\":\"https:\\\/\\\/evangelische-beratung.com\\\/tr\\\/#website\"},\"primaryImageOfPage\":{\"@id\":\"https:\\\/\\\/evangelische-beratung.com\\\/tr\\\/sucht\\\/alkohol\\\/sucht-und-alter\\\/#primaryimage\"},\"image\":{\"@id\":\"https:\\\/\\\/evangelische-beratung.com\\\/tr\\\/sucht\\\/alkohol\\\/sucht-und-alter\\\/#primaryimage\"},\"thumbnailUrl\":\"https:\\\/\\\/evangelische-beratung.com\\\/tr\\\/wp-content\\\/uploads\\\/sites\\\/8\\\/2019\\\/08\\\/Suchtberatung-2-ALter_Hero-1024x512.jpg\",\"datePublished\":\"2019-08-19T16:41:43+00:00\",\"dateModified\":\"2020-03-07T21:18:06+00:00\",\"description\":\"Wir schulen Pflegekr\u00e4fte zum Umgang mit riskantem Konsumverhalten bei \u00e4lteren Menschen. Die Schulungen finden im Rahmen des Projekts der Stadt Frankfurt \\\"Sucht im Alter\\\" statt.\",\"breadcrumb\":{\"@id\":\"https:\\\/\\\/evangelische-beratung.com\\\/tr\\\/sucht\\\/alkohol\\\/sucht-und-alter\\\/#breadcrumb\"},\"inLanguage\":\"tr\",\"potentialAction\":[{\"@type\":\"ReadAction\",\"target\":[\"https:\\\/\\\/evangelische-beratung.com\\\/tr\\\/sucht\\\/alkohol\\\/sucht-und-alter\\\/\"]}]},{\"@type\":\"ImageObject\",\"inLanguage\":\"tr\",\"@id\":\"https:\\\/\\\/evangelische-beratung.com\\\/tr\\\/sucht\\\/alkohol\\\/sucht-und-alter\\\/#primaryimage\",\"url\":\"https:\\\/\\\/evangelische-beratung.com\\\/tr\\\/wp-content\\\/uploads\\\/sites\\\/8\\\/2019\\\/08\\\/Suchtberatung-2-ALter_Hero-1024x512.jpg\",\"contentUrl\":\"https:\\\/\\\/evangelische-beratung.com\\\/tr\\\/wp-content\\\/uploads\\\/sites\\\/8\\\/2019\\\/08\\\/Suchtberatung-2-ALter_Hero-1024x512.jpg\"},{\"@type\":\"BreadcrumbList\",\"@id\":\"https:\\\/\\\/evangelische-beratung.com\\\/tr\\\/sucht\\\/alkohol\\\/sucht-und-alter\\\/#breadcrumb\",\"itemListElement\":[{\"@type\":\"ListItem\",\"position\":1,\"name\":\"Startseite\",\"item\":\"https:\\\/\\\/evangelische-beratung.com\\\/tr\\\/\"},{\"@type\":\"ListItem\",\"position\":2,\"name\":\"Ba\u011f\u0131ml\u0131l\u0131k\",\"item\":\"https:\\\/\\\/evangelische-beratung.com\\\/tr\\\/sucht\\\/\"},{\"@type\":\"ListItem\",\"position\":3,\"name\":\"Alkol\",\"item\":\"https:\\\/\\\/evangelische-beratung.com\\\/tr\\\/sucht\\\/alkohol\\\/\"},{\"@type\":\"ListItem\",\"position\":4,\"name\":\"Ba\u011f\u0131ml\u0131l\u0131k ve ya\u015fl\u0131l\u0131k\"}]},{\"@type\":\"WebSite\",\"@id\":\"https:\\\/\\\/evangelische-beratung.com\\\/tr\\\/#website\",\"url\":\"https:\\\/\\\/evangelische-beratung.com\\\/tr\\\/\",\"name\":\"Evangelischer Regionalverband\",\"description\":\"\",\"publisher\":{\"@id\":\"https:\\\/\\\/evangelische-beratung.com\\\/tr\\\/#organization\"},\"potentialAction\":[{\"@type\":\"SearchAction\",\"target\":{\"@type\":\"EntryPoint\",\"urlTemplate\":\"https:\\\/\\\/evangelische-beratung.com\\\/tr\\\/?s={search_term_string}\"},\"query-input\":{\"@type\":\"PropertyValueSpecification\",\"valueRequired\":true,\"valueName\":\"search_term_string\"}}],\"inLanguage\":\"tr\"},{\"@type\":\"Organization\",\"@id\":\"https:\\\/\\\/evangelische-beratung.com\\\/tr\\\/#organization\",\"name\":\"Evangelischer Regionalverband Frankfurt und Offenbach\",\"url\":\"https:\\\/\\\/evangelische-beratung.com\\\/tr\\\/\",\"logo\":{\"@type\":\"ImageObject\",\"inLanguage\":\"tr\",\"@id\":\"https:\\\/\\\/evangelische-beratung.com\\\/tr\\\/#\\\/schema\\\/logo\\\/image\\\/\",\"url\":\"https:\\\/\\\/evangelische-beratung.com\\\/tr\\\/wp-content\\\/uploads\\\/sites\\\/8\\\/2019\\\/10\\\/erv-logo.png\",\"contentUrl\":\"https:\\\/\\\/evangelische-beratung.com\\\/tr\\\/wp-content\\\/uploads\\\/sites\\\/8\\\/2019\\\/10\\\/erv-logo.png\",\"width\":1127,\"height\":595,\"caption\":\"Evangelischer Regionalverband Frankfurt und Offenbach\"},\"image\":{\"@id\":\"https:\\\/\\\/evangelische-beratung.com\\\/tr\\\/#\\\/schema\\\/logo\\\/image\\\/\"}}]}<\/script>\n<!-- \/ Yoast SEO plugin. -->","yoast_head_json":{"title":"Schulung Sucht & Alter in Frankfurt beim Ev. Regionalverband","description":"Wir schulen Pflegekr\u00e4fte zum Umgang mit riskantem Konsumverhalten bei \u00e4lteren Menschen. Die Schulungen finden im Rahmen des Projekts der Stadt Frankfurt \"Sucht im Alter\" statt.","robots":{"index":"index","follow":"follow","max-snippet":"max-snippet:-1","max-image-preview":"max-image-preview:large","max-video-preview":"max-video-preview:-1"},"canonical":"https:\/\/evangelische-beratung.com\/tr\/sucht\/alkohol\/sucht-und-alter\/","og_locale":"tr_TR","og_type":"article","og_title":"Schulung Sucht & Alter in Frankfurt beim Ev. Regionalverband","og_description":"Wir schulen Pflegekr\u00e4fte zum Umgang mit riskantem Konsumverhalten bei \u00e4lteren Menschen. Die Schulungen finden im Rahmen des Projekts der Stadt Frankfurt \"Sucht im Alter\" statt.","og_url":"https:\/\/evangelische-beratung.com\/tr\/sucht\/alkohol\/sucht-und-alter\/","og_site_name":"Evangelischer Regionalverband","article_modified_time":"2020-03-07T21:18:06+00:00","og_image":[{"url":"https:\/\/evangelische-beratung.com\/tr\/wp-content\/uploads\/sites\/8\/2019\/08\/Suchtberatung-2-ALter_Hero-1024x512.jpg","type":"","width":"","height":""}],"twitter_card":"summary_large_image","twitter_misc":{"Tahmini okuma s\u00fcresi":"1 dakika"},"schema":{"@context":"https:\/\/schema.org","@graph":[{"@type":"WebPage","@id":"https:\/\/evangelische-beratung.com\/tr\/sucht\/alkohol\/sucht-und-alter\/","url":"https:\/\/evangelische-beratung.com\/tr\/sucht\/alkohol\/sucht-und-alter\/","name":"Schulung Sucht & Alter in Frankfurt beim Ev. Regionalverband","isPartOf":{"@id":"https:\/\/evangelische-beratung.com\/tr\/#website"},"primaryImageOfPage":{"@id":"https:\/\/evangelische-beratung.com\/tr\/sucht\/alkohol\/sucht-und-alter\/#primaryimage"},"image":{"@id":"https:\/\/evangelische-beratung.com\/tr\/sucht\/alkohol\/sucht-und-alter\/#primaryimage"},"thumbnailUrl":"https:\/\/evangelische-beratung.com\/tr\/wp-content\/uploads\/sites\/8\/2019\/08\/Suchtberatung-2-ALter_Hero-1024x512.jpg","datePublished":"2019-08-19T16:41:43+00:00","dateModified":"2020-03-07T21:18:06+00:00","description":"Wir schulen Pflegekr\u00e4fte zum Umgang mit riskantem Konsumverhalten bei \u00e4lteren Menschen. Die Schulungen finden im Rahmen des Projekts der Stadt Frankfurt \"Sucht im Alter\" statt.","breadcrumb":{"@id":"https:\/\/evangelische-beratung.com\/tr\/sucht\/alkohol\/sucht-und-alter\/#breadcrumb"},"inLanguage":"tr","potentialAction":[{"@type":"ReadAction","target":["https:\/\/evangelische-beratung.com\/tr\/sucht\/alkohol\/sucht-und-alter\/"]}]},{"@type":"ImageObject","inLanguage":"tr","@id":"https:\/\/evangelische-beratung.com\/tr\/sucht\/alkohol\/sucht-und-alter\/#primaryimage","url":"https:\/\/evangelische-beratung.com\/tr\/wp-content\/uploads\/sites\/8\/2019\/08\/Suchtberatung-2-ALter_Hero-1024x512.jpg","contentUrl":"https:\/\/evangelische-beratung.com\/tr\/wp-content\/uploads\/sites\/8\/2019\/08\/Suchtberatung-2-ALter_Hero-1024x512.jpg"},{"@type":"BreadcrumbList","@id":"https:\/\/evangelische-beratung.com\/tr\/sucht\/alkohol\/sucht-und-alter\/#breadcrumb","itemListElement":[{"@type":"ListItem","position":1,"name":"Startseite","item":"https:\/\/evangelische-beratung.com\/tr\/"},{"@type":"ListItem","position":2,"name":"Ba\u011f\u0131ml\u0131l\u0131k","item":"https:\/\/evangelische-beratung.com\/tr\/sucht\/"},{"@type":"ListItem","position":3,"name":"Alkol","item":"https:\/\/evangelische-beratung.com\/tr\/sucht\/alkohol\/"},{"@type":"ListItem","position":4,"name":"Ba\u011f\u0131ml\u0131l\u0131k ve ya\u015fl\u0131l\u0131k"}]},{"@type":"WebSite","@id":"https:\/\/evangelische-beratung.com\/tr\/#website","url":"https:\/\/evangelische-beratung.com\/tr\/","name":"Evangelischer Regionalverband","description":"","publisher":{"@id":"https:\/\/evangelische-beratung.com\/tr\/#organization"},"potentialAction":[{"@type":"SearchAction","target":{"@type":"EntryPoint","urlTemplate":"https:\/\/evangelische-beratung.com\/tr\/?s={search_term_string}"},"query-input":{"@type":"PropertyValueSpecification","valueRequired":true,"valueName":"search_term_string"}}],"inLanguage":"tr"},{"@type":"Organization","@id":"https:\/\/evangelische-beratung.com\/tr\/#organization","name":"Evangelischer Regionalverband Frankfurt und Offenbach","url":"https:\/\/evangelische-beratung.com\/tr\/","logo":{"@type":"ImageObject","inLanguage":"tr","@id":"https:\/\/evangelische-beratung.com\/tr\/#\/schema\/logo\/image\/","url":"https:\/\/evangelische-beratung.com\/tr\/wp-content\/uploads\/sites\/8\/2019\/10\/erv-logo.png","contentUrl":"https:\/\/evangelische-beratung.com\/tr\/wp-content\/uploads\/sites\/8\/2019\/10\/erv-logo.png","width":1127,"height":595,"caption":"Evangelischer Regionalverband Frankfurt und Offenbach"},"image":{"@id":"https:\/\/evangelische-beratung.com\/tr\/#\/schema\/logo\/image\/"}}]}},"_links":{"self":[{"href":"https:\/\/evangelische-beratung.com\/tr\/wp-json\/wp\/v2\/pages\/430","targetHints":{"allow":["GET"]}}],"collection":[{"href":"https:\/\/evangelische-beratung.com\/tr\/wp-json\/wp\/v2\/pages"}],"about":[{"href":"https:\/\/evangelische-beratung.com\/tr\/wp-json\/wp\/v2\/types\/page"}],"author":[{"embeddable":true,"href":"https:\/\/evangelische-beratung.com\/tr\/wp-json\/wp\/v2\/users\/3"}],"replies":[{"embeddable":true,"href":"https:\/\/evangelische-beratung.com\/tr\/wp-json\/wp\/v2\/comments?post=430"}],"version-history":[{"count":0,"href":"https:\/\/evangelische-beratung.com\/tr\/wp-json\/wp\/v2\/pages\/430\/revisions"}],"up":[{"embeddable":true,"href":"https:\/\/evangelische-beratung.com\/tr\/wp-json\/wp\/v2\/pages\/237"}],"wp:attachment":[{"href":"https:\/\/evangelische-beratung.com\/tr\/wp-json\/wp\/v2\/media?parent=430"}],"curies":[{"name":"wp","href":"https:\/\/api.w.org\/{rel}","templated":true}]}}