{"id":39,"date":"2019-07-21T22:19:34","date_gmt":"2019-07-21T20:19:34","guid":{"rendered":"https:\/\/evangelische-beratung.com\/tr\/?page_id=39"},"modified":"2026-04-14T09:41:24","modified_gmt":"2026-04-14T07:41:24","slug":"schulden","status":"publish","type":"page","link":"https:\/\/evangelische-beratung.com\/tr\/schulden\/","title":{"rendered":"Bor\u00e7lanma"},"content":{"rendered":"\n<p style=\"text-align:center\" class=\"is-style-teaser\">Bor\u00e7lar, hayat\u0131n\u0131z\u0131 belirledi\u011fi hissine kap\u0131l\u0131yorsan\u0131z? Dan\u0131\u015fmanl\u0131k hizmetlerimizden yararlan\u0131n. Birlikte bir \u00e7\u00f6z\u00fcm yolu buluruz.<\/p>\n\n\n\n<div class=\"wp-block-columns has-2-columns -right-at-edge is-layout-flow wp-block-columns-is-layout-flow\">\n<div class=\"wp-block-column is-layout-flow wp-block-column-is-layout-flow\">\n<p><\/p>\n\n\n\n<figure class=\"wp-block-image alignwide\"><img loading=\"lazy\" decoding=\"async\" width=\"1024\" height=\"401\" src=\"https:\/\/evangelische-beratung.com\/tr\/wp-content\/uploads\/sites\/8\/2019\/08\/Schuldnerberatung_HERO-1024x401.jpg\" alt=\"\" class=\"wp-image-397\" srcset=\"https:\/\/evangelische-beratung.com\/tr\/wp-content\/uploads\/sites\/8\/2019\/08\/Schuldnerberatung_HERO-1024x401.jpg 1024w, https:\/\/evangelische-beratung.com\/tr\/wp-content\/uploads\/sites\/8\/2019\/08\/Schuldnerberatung_HERO-300x117.jpg 300w, https:\/\/evangelische-beratung.com\/tr\/wp-content\/uploads\/sites\/8\/2019\/08\/Schuldnerberatung_HERO-768x301.jpg 768w, https:\/\/evangelische-beratung.com\/tr\/wp-content\/uploads\/sites\/8\/2019\/08\/Schuldnerberatung_HERO.jpg 1840w\" sizes=\"auto, 100vw\" \/><\/figure>\n<\/div>\n\n\n\n<div class=\"wp-block-column is-layout-flow wp-block-column-is-layout-flow\"><\/div>\n<\/div>\n\n\n\n<h4 class=\"wp-block-heading\"><strong>Bu durumlar<\/strong>\u0131<strong> Tan<\/strong>\u0131<strong>yormusunuz?<\/strong><\/h4>\n\n\n\n<ul class=\"wp-block-list\"><li>Bor\u00e7lar nedeniyle, i\u015fin i\u00e7inden \u00e7\u0131kamaz durumundaysan\u0131z? <\/li><li>Posta kutunuzda, s\u0131rf Bor\u00e7 hat\u0131rlatmalar\u0131 ve icra memurunun resmi tebli\u011fi bulunuyorsa?<\/li><li>Maa\u015f\u0131n\u0131za veya banka hesab\u0131n\u0131za haciz konulmu\u015fsa ve Banka art\u0131k paran\u0131z\u0131 vermiyorsa?<\/li><li>Bor\u00e7lar nedeniyle, Paran\u0131z size yetmiyorsa? <\/li><\/ul>\n\n\n\n<h4 class=\"wp-block-heading\">\u0130\u00e7inde bulundu\u011funuz bu durumu de\u011fi\u015ftirmek mi istiyorsunuz?<\/h4>\n\n\n\n<p>Size yard\u0131mc\u0131 olabilece\u011fimiz benzer konular;<\/p>\n\n\n\n<ul class=\"wp-block-list\"><li>acil kriz durumlar\u0131nda <\/li><li>i\u00e7inde bulundu\u011funuz duruma somut genel bak\u0131\u015f elde etmede <\/li><li>alacakl\u0131larla g\u00fcvenli bir bor\u00e7 d\u00fczenlemesinde<\/li><li>Bir Ek korumal\u0131 Bank hesab\u0131 a\u00e7ma ve icra miktar s\u0131n\u0131r\u0131n y\u00fckseltilmesi ilgili sorularda<\/li><li>\u0130cra ve \u0130flas davas\u0131 i\u015flemlerine girmeden \u00f6nce ve sonras\u0131, bor\u00e7lar\u0131n\u0131z\u0131n d\u00fczenlenmesinde<\/li><\/ul>\n\n\n\n<p>Offenbach \u015fehrinde, kurumsal olarak tan\u0131nm\u0131\u015f bir Bor\u00e7lu ve icra dan\u0131\u015fmanl\u0131\u011f\u0131 &nbsp;(Icra ve \u0130flas Y\u00f6netmeli\u011finin,305 Nolu B\u00f6l\u00fcm\u00fcne g\u00f6re) dan\u0131\u015fma hizmeti sunmaktay\u0131z.<\/p>\n\n\n\n<p>Offenbach \u015fehrinde mi ya\u015f\u0131yorsunuz? O zaman bize geliniz!<\/p>\n\n\n\n<h2 class=\"wp-block-heading\"><strong>Korona\ng\u00fcnlerinde yard\u0131m ve destek \u2013 Sizin i\u00e7in buraday\u0131z!<\/strong><strong><\/strong><\/h2>\n\n\n\n<p>Koronavir\u00fcs tedbirleri kapsam\u0131nda g\u00fcncel\ns\u0131n\u0131rlamalar ve buna ba\u011fl\u0131 belirsizlik bir\u00e7ok insan i\u00e7in b\u00fcy\u00fck zorluklar\nyaratmaktad\u0131r. Bu zorlu d\u00f6nemde sizi yaln\u0131z b\u0131rakm\u0131yoruz.<\/p>\n\n\n\n<h4 class=\"wp-block-heading\"><strong>Sizin\ni\u00e7in buraday\u0131z <\/strong><strong><\/strong><\/h4>\n\n\n\n<ul class=\"wp-block-list\"><li>Acil durumlarda ve kriz durumlar\u0131nda<\/li><li>Telefonda ve korumal\u0131 \u00e7evrimi\u00e7i portalda <strong>\u00fccretsiz ve g\u00fcvenilir dan\u0131\u015fmanl\u0131k hizmeti<\/strong><\/li><li>Ayr\u0131ca \u00f6zel m\u00fcnferit durumlarda ki\u015fiye \u00f6zel\nhizmet<\/li><li>Akut krizlerde m\u00fcmk\u00fcn oldu\u011funca h\u0131zl\u0131<\/li><\/ul>\n\n\n\n<h4 class=\"wp-block-heading\"><strong>Bize ula\u015f\u0131n<\/strong><strong><\/strong><\/h4>\n\n\n\n<div class=\"wp-block-erv-container -has-background\">\n<div class=\"wp-block-columns alignwide has-2-columns is-layout-flex wp-container-core-columns-is-layout-9d6595d7 wp-block-columns-is-layout-flex\">\n<div class=\"wp-block-column is-layout-flow wp-block-column-is-layout-flow\">\n<h2 class=\"wp-block-heading\">Evangelisches Zentrum f\u00fcr <br>Beratung in Offenbach<\/h2>\n\n\n\n<p class=\"is-style-teaser phone\">069 \/ 829 770 40  <\/p>\n\n\n\n<p class=\"is-style-default\">Arthur Zitscher Stra\u00dfe 13<br>63065 Offenbach<\/p>\n\n\n\n<p class=\"white-space-pre-wrap is-style-micro\"> A\u00e7\u0131k dan\u0131\u015fma saatleri: &nbsp; <br> Pazartesi g\u00fcnleri saat 15:00 ile 17:30 aras\u0131 <br>\u00c7ar\u015famba g\u00fcnleri saat 09:00 ile 11:30 aras\u0131<br>Cuma g\u00fcnleri saat 09:00 ile 11:30 aras\u0131<\/p>\n<\/div>\n\n\n\n<div class=\"wp-block-column is-layout-flow wp-block-column-is-layout-flow\">\n<figure class=\"wp-block-image\"><img loading=\"lazy\" decoding=\"async\" width=\"1024\" height=\"684\" src=\"https:\/\/evangelische-beratung.com\/tr\/wp-content\/uploads\/sites\/8\/2019\/08\/Zentrum-Offenbach-1-1024x684.jpg\" alt=\"\" class=\"wp-image-398\" srcset=\"https:\/\/evangelische-beratung.com\/tr\/wp-content\/uploads\/sites\/8\/2019\/08\/Zentrum-Offenbach-1-1024x684.jpg 1024w, https:\/\/evangelische-beratung.com\/tr\/wp-content\/uploads\/sites\/8\/2019\/08\/Zentrum-Offenbach-1-300x200.jpg 300w, https:\/\/evangelische-beratung.com\/tr\/wp-content\/uploads\/sites\/8\/2019\/08\/Zentrum-Offenbach-1-768x513.jpg 768w, https:\/\/evangelische-beratung.com\/tr\/wp-content\/uploads\/sites\/8\/2019\/08\/Zentrum-Offenbach-1-720x480.jpg 720w, https:\/\/evangelische-beratung.com\/tr\/wp-content\/uploads\/sites\/8\/2019\/08\/Zentrum-Offenbach-1.jpg 2048w\" sizes=\"auto, 100vw\" \/><\/figure>\n<\/div>\n<\/div>\n\n\n\n<p style=\"text-align:center\" class=\"is-style-roof-line\"><strong>ileti<\/strong>\u015f<strong>im Evangelischen Zentrum f\u00fcr Beratung in Offenbach<\/strong><\/p>\n\n\n\n<div class=\"wp-block-columns alignwide has-3-columns is-layout-flex wp-container-core-columns-is-layout-9d6595d7 wp-block-columns-is-layout-flex\">\n<div class=\"wp-block-column is-layout-flow wp-block-column-is-layout-flow\">\n<div class=\"wp-block-erv-id-card\"><div class=\"id-card-content\"><figure class=\"id-card-photo\"><img decoding=\"async\" src=\"https:\/\/evangelische-beratung.com\/wp-content\/uploads\/2019\/08\/ernst-bruenner_schuldnerberatung-e1576419080456-300x290.jpg\" \/><\/figure><div class=\"id-card-details\"><p class=\"id-card-name\">Ernst Br\u00fcnner<\/p><p class=\"id-card-job\">Beratung<\/p><p class=\"id-card-location\">Offenbach<\/p><p class=\"id-card-phone\">069 \/ 82 97 70 99<\/p><p class=\"id-card-email\"><a href=\"&#x6d;&#97;i&#x6c;&#x74;&#111;:&#x73;&#x63;&#104;u&#x6c;&#100;n&#x65;&#x72;&#98;e&#x72;&#x61;&#116;u&#x6e;&#103;&#64;&#x6f;&#x66;&#102;e&#x6e;&#x62;&#97;c&#x68;&#45;&#101;v&#x61;&#110;g&#x65;&#x6c;&#105;s&#x63;&#x68;&#46;d&#x65;\">E-Mail<\/a><\/p><\/div><\/div><\/div>\n\n\n\n<div class=\"wp-block-erv-id-card\"><div class=\"id-card-content\"><figure class=\"id-card-photo\"><img decoding=\"async\" src=\"https:\/\/evangelische-beratung.com\/wp-content\/uploads\/2019\/08\/Michael-Franke_Leitung-Offenbach-300x200.jpg\" \/><\/figure><div class=\"id-card-details\"><p class=\"id-card-name\">Michael Franke<\/p><p class=\"id-card-job\">Leitung<\/p><p class=\"id-card-location\">Offenbach<\/p><p class=\"id-card-phone\">069 \/ 82 97 70 99<\/p><p class=\"id-card-email\"><a href=\"mailto:schuldnerberatung&#64;&#111;&#102;&#102;&#101;&#110;&#98;&#97;&#99;&#104;&#45;&#101;&#118;&#97;&#110;&#103;&#101;&#108;&#105;&#115;&#99;&#104;&#46;&#100;&#101;\">E-Mail<\/a><\/p><\/div><\/div><\/div>\n<\/div>\n\n\n\n<div class=\"wp-block-column is-layout-flow wp-block-column-is-layout-flow\">\n<div class=\"wp-block-erv-id-card\"><div class=\"id-card-content\"><figure class=\"id-card-photo\"><img decoding=\"async\" src=\"https:\/\/evangelische-beratung.com\/wp-content\/uploads\/2020\/01\/portrait_platzhalter-1-300x300.jpg\" \/><\/figure><div class=\"id-card-details\"><p class=\"id-card-name\">Julia Gesell<\/p><p class=\"id-card-job\">Beratung<\/p><p class=\"id-card-location\">Offenbach<\/p><p class=\"id-card-phone\">069 \/ 82 97 70 99<\/p><p class=\"id-card-email\"><a href=\"&#x6d;&#x61;&#x69;&#x6c;&#116;&#111;&#58;sc&#x68;&#x75;&#x6c;&#x64;&#x6e;&#101;&#114;&#98;er&#x61;&#x74;&#x75;&#x6e;&#x67;&#64;&#111;&#102;fe&#x6e;&#x62;&#x61;&#x63;&#x68;&#45;&#101;&#118;an&#x67;&#x65;&#x6c;&#x69;&#x73;&#99;&#104;&#46;de\">E-Mail<\/a><\/p><\/div><\/div><\/div>\n\n\n\n<div class=\"wp-block-erv-id-card\"><div class=\"id-card-content\"><figure class=\"id-card-photo\"><img decoding=\"async\" src=\"https:\/\/evangelische-beratung.com\/wp-content\/uploads\/2020\/01\/portrait_platzhalter-1-300x300.jpg\" \/><\/figure><div class=\"id-card-details\"><p class=\"id-card-name\">Ute F\u00f6hre<\/p><p class=\"id-card-job\">Verwaltung<\/p><p class=\"id-card-location\">Offenbach<\/p><p class=\"id-card-phone\">069 \/ 82 97 70 40<\/p><p class=\"id-card-email\"><a href=\"&#x6d;&#x61;&#105;l&#x74;&#x6f;&#58;mi&#x67;&#x72;&#97;t&#x69;&#x6f;&#110;&#115;b&#x65;&#x72;&#97;t&#x6e;&#x67;&#64;&#111;f&#x66;&#x65;&#110;b&#x61;&#x63;&#104;&#45;e&#x76;&#x61;&#110;g&#x65;&#x6c;&#105;&#115;c&#x68;&#x2e;&#100;e\">E-Mail<\/a><\/p><\/div><\/div><\/div>\n<\/div>\n\n\n\n<div class=\"wp-block-column is-layout-flow wp-block-column-is-layout-flow\">\n<div class=\"wp-block-erv-id-card\"><div class=\"id-card-content\"><figure class=\"id-card-photo\"><img decoding=\"async\" src=\"https:\/\/evangelische-beratung.com\/tr\/wp-content\/uploads\/sites\/8\/2019\/08\/Brigitte-Ernst_Verwaltung-Offenbach-e1566396754446-300x270.jpg\" \/><\/figure><div class=\"id-card-details\"><p class=\"id-card-name\">Brigitte Ernst<\/p><p class=\"id-card-job\">Verwaltung<\/p><p class=\"id-card-location\">Offenbach<\/p><p class=\"id-card-phone\">069 \/ 82 97 70 40<\/p><p class=\"id-card-email\"><a href=\"&#x6d;&#97;i&#x6c;&#116;o&#x3a;&#115;c&#x68;&#117;l&#x64;&#110;e&#x72;&#x62;e&#x72;&#x61;&#116;&#x75;&#x6e;&#103;&#x40;&#x6f;&#102;f&#x65;&#110;b&#x61;&#99;h&#x2d;&#101;v&#x61;&#110;g&#x65;&#x6c;i&#x73;&#x63;&#104;&#x2e;&#x64;&#101;\">E-Mail<\/a><\/p><\/div><\/div><\/div>\n\n\n\n<p><\/p>\n\n\n\n<div class=\"wp-block-erv-id-card\"><div class=\"id-card-content\"><figure class=\"id-card-photo\"><img decoding=\"async\" src=\"https:\/\/evangelische-beratung.com\/wp-content\/uploads\/2019\/08\/David-Mayer_Schuldner-und-Sozialberatung-Offenbach-e1576433217422-300x253.jpg\" \/><\/figure><div class=\"id-card-details\"><p class=\"id-card-name\">David Mayer<\/p><p class=\"id-card-job\">Beratung<\/p><p class=\"id-card-location\">Offenbach<\/p><p class=\"id-card-phone\">069 \/ 82 97 70 99<\/p><p class=\"id-card-email\"><a href=\"mail&#116;&#111;&#58;&#98;&#101;&#114;&#97;&#x74;&#x75;&#x6e;&#x67;&#x73;&#x7a;&#x65;&#x6e;&#x74;rum&#64;&#111;&#102;&#102;&#101;&#110;&#98;&#97;&#x63;&#x68;&#x2d;&#x65;&#x76;&#x61;&#x6e;&#x67;&#x65;lisc&#104;&#46;&#100;&#101;\">E-Mail<\/a><\/p><\/div><\/div><\/div>\n<\/div>\n<\/div>\n\n\n\n<p style=\"text-align:center\"> Dan\u0131\u015fmalar, Din, Dil, inan\u00e7 ve milliyet ay\u0131r\u0131m\u0131 yapmaks\u0131z\u0131n ger\u00e7ekle\u015fir.  Gizlilik esas\u0131na dayanan Dan\u0131\u015fmalar\u0131m\u0131z\u0131, \u00fccretsiz ve ba\u011f\u0131ms\u0131z olarak, sizlere sunuyoruz. <\/p>\n<\/div>\n\n\n\n<div class=\"wp-block-columns alignwide has-3-columns is-layout-flex wp-container-core-columns-is-layout-9d6595d7 wp-block-columns-is-layout-flex\">\n<div class=\"wp-block-column is-layout-flow wp-block-column-is-layout-flow\">\n<p><strong>Frankfurt\u00b4ta ikamet ediyorsan<\/strong>\u0131z<strong>? <\/strong><b>L\u00fctfen buraya giri<\/b>\u015f<b> Yap<\/b>\u0131n\u0131z:<\/p>\n\n\n<div class=\"wp-block-erv-tile \">\n\t\t\t<div>\n\t\t\t<a href=\"https:\/\/www.frankfurt.de\/sixcms\/detail.php?id=1756249&amp;_ffmpar[_id_inhalt]=1756256\" tabindex=\"-1\" aria-hidden=\"true\"  target=\"_blank\"><\/a>\n\t\t\t<h2 class=\"tile-title\"><a href=\"https:\/\/www.frankfurt.de\/sixcms\/detail.php?id=1756249&amp;_ffmpar[_id_inhalt]=1756256\"  target=\"_blank\">Schuldner- und Insolvenzberatungsstellen<\/a><\/h2>\n\t\t\t\n\t\t\t<p aria-hidden=\"true\" class=\"-is-micro\">Go to website<svg xmlns=\"http:\/\/www.w3.org\/2000\/svg\" viewBox=\"0 0 13 10\"><path d=\"M1.5 5H12M8 1l4 4-4 4\" fill=\"none\" stroke=\"#a22a45\" stroke-width=\"1.2\" stroke-linecap=\"round\" stroke-linejoin=\"round\"\/><\/svg><\/p>\n\t\t\t<\/div>\n\t\t<\/div><\/div>\n\n\n\n<div class=\"wp-block-column is-layout-flow wp-block-column-is-layout-flow\">\n<p><strong>Di\u011fer b\u00f6lgeler de ikamet edenler icin icra ve bor\u00e7 dan\u0131\u015fmanl\u0131\u011f\u0131: <\/strong><\/p>\n\n\n<div class=\"wp-block-erv-tile \">\n\t\t\t<div>\n\t\t\t<a href=\"http:\/\/www.f-sb.de\" tabindex=\"-1\" aria-hidden=\"true\"  target=\"_blank\"><\/a>\n\t\t\t<h2 class=\"tile-title\"><a href=\"http:\/\/www.f-sb.de\"  target=\"_blank\">Forum Schuldnerberatung<\/a><\/h2>\n\t\t\t\n\t\t\t<p aria-hidden=\"true\" class=\"-is-micro\">Go to website<svg xmlns=\"http:\/\/www.w3.org\/2000\/svg\" viewBox=\"0 0 13 10\"><path d=\"M1.5 5H12M8 1l4 4-4 4\" fill=\"none\" stroke=\"#a22a45\" stroke-width=\"1.2\" stroke-linecap=\"round\" stroke-linejoin=\"round\"\/><\/svg><\/p>\n\t\t\t<\/div>\n\t\t<\/div><\/div>\n\n\n\n<div class=\"wp-block-column is-layout-flow wp-block-column-is-layout-flow\">\n<p><strong>ilk genel Bilgileri burada edinebilirsiniz:<\/strong><\/p>\n\n\n<div class=\"wp-block-erv-tile \">\n\t\t\t<div>\n\t\t\t<a href=\"https:\/\/www.schuldnerberatung-hessen.de\/informationsblaetter\" tabindex=\"-1\" aria-hidden=\"true\"  target=\"_blank\"><\/a>\n\t\t\t<h2 class=\"tile-title\"><a href=\"https:\/\/www.schuldnerberatung-hessen.de\/informationsblaetter\"  target=\"_blank\">Schuldnerberatung Hessen<\/a><\/h2>\n\t\t\t\n\t\t\t<p aria-hidden=\"true\" class=\"-is-micro\">Go to website<svg xmlns=\"http:\/\/www.w3.org\/2000\/svg\" viewBox=\"0 0 13 10\"><path d=\"M1.5 5H12M8 1l4 4-4 4\" fill=\"none\" stroke=\"#a22a45\" stroke-width=\"1.2\" stroke-linecap=\"round\" stroke-linejoin=\"round\"\/><\/svg><\/p>\n\t\t\t<\/div>\n\t\t<\/div><\/div>\n<\/div>\n\n\n\n<p><\/p>\n","protected":false},"excerpt":{"rendered":"<p>Bor\u00e7lar, hayat\u0131n\u0131z\u0131 belirledi\u011fi hissine kap\u0131l\u0131yorsan\u0131z? Dan\u0131\u015fmanl\u0131k hizmetlerimizden yararlan\u0131n. Birlikte bir \u00e7\u00f6z\u00fcm yolu buluruz. Bu durumlar\u0131 Tan\u0131yormusunuz? Bor\u00e7lar nedeniyle, i\u015fin i\u00e7inden \u00e7\u0131kamaz durumundaysan\u0131z? Posta kutunuzda, s\u0131rf Bor\u00e7 hat\u0131rlatmalar\u0131 ve icra memurunun resmi tebli\u011fi bulunuyorsa? Maa\u015f\u0131n\u0131za veya banka hesab\u0131n\u0131za haciz konulmu\u015fsa ve Banka art\u0131k paran\u0131z\u0131 vermiyorsa? Bor\u00e7lar nedeniyle, Paran\u0131z size yetmiyorsa? \u0130\u00e7inde bulundu\u011funuz bu durumu de\u011fi\u015ftirmek mi [&hellip;]<\/p>\n","protected":false},"author":36,"featured_media":397,"parent":0,"menu_order":0,"comment_status":"closed","ping_status":"closed","template":"","meta":{"footnotes":""},"class_list":["post-39","page","type-page","status-publish","has-post-thumbnail","hentry"],"yoast_head":"<!-- This site is optimized with the Yoast SEO plugin v27.4 - https:\/\/yoast.com\/product\/yoast-seo-wordpress\/ -->\n<title>Schuldenberatung in Offenbach. Vertraulich, kostenlos, unabh\u00e4ngig<\/title>\n<meta name=\"description\" content=\"Wir helfen Ihnen. Nutzen Sie unser Beratungsangebote. Zusammen finden wir einen Ausweg. Nehmen Sie gleich Kontakt zu uns auf.\" \/>\n<meta name=\"robots\" content=\"index, follow, max-snippet:-1, max-image-preview:large, max-video-preview:-1\" \/>\n<link rel=\"canonical\" href=\"https:\/\/evangelische-beratung.com\/tr\/schulden\/\" \/>\n<meta property=\"og:locale\" content=\"tr_TR\" \/>\n<meta property=\"og:type\" content=\"article\" \/>\n<meta property=\"og:title\" content=\"Schuldenberatung in Offenbach. Vertraulich, kostenlos, unabh\u00e4ngig\" \/>\n<meta property=\"og:description\" content=\"Wir helfen Ihnen. Nutzen Sie unser Beratungsangebote. Zusammen finden wir einen Ausweg. Nehmen Sie gleich Kontakt zu uns auf.\" \/>\n<meta property=\"og:url\" content=\"https:\/\/evangelische-beratung.com\/tr\/schulden\/\" \/>\n<meta property=\"og:site_name\" content=\"Evangelischer Regionalverband\" \/>\n<meta property=\"article:modified_time\" content=\"2026-04-14T07:41:24+00:00\" \/>\n<meta property=\"og:image\" content=\"https:\/\/evangelische-beratung.com\/tr\/wp-content\/uploads\/sites\/8\/2019\/08\/Schuldnerberatung_HERO.jpg\" \/>\n\t<meta property=\"og:image:width\" content=\"1840\" \/>\n\t<meta property=\"og:image:height\" content=\"720\" \/>\n\t<meta property=\"og:image:type\" content=\"image\/jpeg\" \/>\n<meta name=\"twitter:card\" content=\"summary_large_image\" \/>\n<meta name=\"twitter:label1\" content=\"Tahmini okuma s\u00fcresi\" \/>\n\t<meta name=\"twitter:data1\" content=\"2 dakika\" \/>\n<script type=\"application\/ld+json\" class=\"yoast-schema-graph\">{\"@context\":\"https:\\\/\\\/schema.org\",\"@graph\":[{\"@type\":\"WebPage\",\"@id\":\"https:\\\/\\\/evangelische-beratung.com\\\/tr\\\/schulden\\\/\",\"url\":\"https:\\\/\\\/evangelische-beratung.com\\\/tr\\\/schulden\\\/\",\"name\":\"Schuldenberatung in Offenbach. Vertraulich, kostenlos, unabh\u00e4ngig\",\"isPartOf\":{\"@id\":\"https:\\\/\\\/evangelische-beratung.com\\\/tr\\\/#website\"},\"primaryImageOfPage\":{\"@id\":\"https:\\\/\\\/evangelische-beratung.com\\\/tr\\\/schulden\\\/#primaryimage\"},\"image\":{\"@id\":\"https:\\\/\\\/evangelische-beratung.com\\\/tr\\\/schulden\\\/#primaryimage\"},\"thumbnailUrl\":\"https:\\\/\\\/evangelische-beratung.com\\\/tr\\\/wp-content\\\/uploads\\\/sites\\\/8\\\/2019\\\/08\\\/Schuldnerberatung_HERO.jpg\",\"datePublished\":\"2019-07-21T20:19:34+00:00\",\"dateModified\":\"2026-04-14T07:41:24+00:00\",\"description\":\"Wir helfen Ihnen. Nutzen Sie unser Beratungsangebote. Zusammen finden wir einen Ausweg. Nehmen Sie gleich Kontakt zu uns auf.\",\"breadcrumb\":{\"@id\":\"https:\\\/\\\/evangelische-beratung.com\\\/tr\\\/schulden\\\/#breadcrumb\"},\"inLanguage\":\"tr\",\"potentialAction\":[{\"@type\":\"ReadAction\",\"target\":[\"https:\\\/\\\/evangelische-beratung.com\\\/tr\\\/schulden\\\/\"]}]},{\"@type\":\"ImageObject\",\"inLanguage\":\"tr\",\"@id\":\"https:\\\/\\\/evangelische-beratung.com\\\/tr\\\/schulden\\\/#primaryimage\",\"url\":\"https:\\\/\\\/evangelische-beratung.com\\\/tr\\\/wp-content\\\/uploads\\\/sites\\\/8\\\/2019\\\/08\\\/Schuldnerberatung_HERO.jpg\",\"contentUrl\":\"https:\\\/\\\/evangelische-beratung.com\\\/tr\\\/wp-content\\\/uploads\\\/sites\\\/8\\\/2019\\\/08\\\/Schuldnerberatung_HERO.jpg\",\"width\":1840,\"height\":720},{\"@type\":\"BreadcrumbList\",\"@id\":\"https:\\\/\\\/evangelische-beratung.com\\\/tr\\\/schulden\\\/#breadcrumb\",\"itemListElement\":[{\"@type\":\"ListItem\",\"position\":1,\"name\":\"Startseite\",\"item\":\"https:\\\/\\\/evangelische-beratung.com\\\/tr\\\/\"},{\"@type\":\"ListItem\",\"position\":2,\"name\":\"Bor\u00e7lanma\"}]},{\"@type\":\"WebSite\",\"@id\":\"https:\\\/\\\/evangelische-beratung.com\\\/tr\\\/#website\",\"url\":\"https:\\\/\\\/evangelische-beratung.com\\\/tr\\\/\",\"name\":\"Evangelischer Regionalverband\",\"description\":\"\",\"publisher\":{\"@id\":\"https:\\\/\\\/evangelische-beratung.com\\\/tr\\\/#organization\"},\"potentialAction\":[{\"@type\":\"SearchAction\",\"target\":{\"@type\":\"EntryPoint\",\"urlTemplate\":\"https:\\\/\\\/evangelische-beratung.com\\\/tr\\\/?s={search_term_string}\"},\"query-input\":{\"@type\":\"PropertyValueSpecification\",\"valueRequired\":true,\"valueName\":\"search_term_string\"}}],\"inLanguage\":\"tr\"},{\"@type\":\"Organization\",\"@id\":\"https:\\\/\\\/evangelische-beratung.com\\\/tr\\\/#organization\",\"name\":\"Evangelischer Regionalverband Frankfurt und Offenbach\",\"url\":\"https:\\\/\\\/evangelische-beratung.com\\\/tr\\\/\",\"logo\":{\"@type\":\"ImageObject\",\"inLanguage\":\"tr\",\"@id\":\"https:\\\/\\\/evangelische-beratung.com\\\/tr\\\/#\\\/schema\\\/logo\\\/image\\\/\",\"url\":\"https:\\\/\\\/evangelische-beratung.com\\\/tr\\\/wp-content\\\/uploads\\\/sites\\\/8\\\/2019\\\/10\\\/erv-logo.png\",\"contentUrl\":\"https:\\\/\\\/evangelische-beratung.com\\\/tr\\\/wp-content\\\/uploads\\\/sites\\\/8\\\/2019\\\/10\\\/erv-logo.png\",\"width\":1127,\"height\":595,\"caption\":\"Evangelischer Regionalverband Frankfurt und Offenbach\"},\"image\":{\"@id\":\"https:\\\/\\\/evangelische-beratung.com\\\/tr\\\/#\\\/schema\\\/logo\\\/image\\\/\"}}]}<\/script>\n<!-- \/ Yoast SEO plugin. -->","yoast_head_json":{"title":"Schuldenberatung in Offenbach. Vertraulich, kostenlos, unabh\u00e4ngig","description":"Wir helfen Ihnen. Nutzen Sie unser Beratungsangebote. Zusammen finden wir einen Ausweg. Nehmen Sie gleich Kontakt zu uns auf.","robots":{"index":"index","follow":"follow","max-snippet":"max-snippet:-1","max-image-preview":"max-image-preview:large","max-video-preview":"max-video-preview:-1"},"canonical":"https:\/\/evangelische-beratung.com\/tr\/schulden\/","og_locale":"tr_TR","og_type":"article","og_title":"Schuldenberatung in Offenbach. Vertraulich, kostenlos, unabh\u00e4ngig","og_description":"Wir helfen Ihnen. Nutzen Sie unser Beratungsangebote. Zusammen finden wir einen Ausweg. Nehmen Sie gleich Kontakt zu uns auf.","og_url":"https:\/\/evangelische-beratung.com\/tr\/schulden\/","og_site_name":"Evangelischer Regionalverband","article_modified_time":"2026-04-14T07:41:24+00:00","og_image":[{"width":1840,"height":720,"url":"https:\/\/evangelische-beratung.com\/tr\/wp-content\/uploads\/sites\/8\/2019\/08\/Schuldnerberatung_HERO.jpg","type":"image\/jpeg"}],"twitter_card":"summary_large_image","twitter_misc":{"Tahmini okuma s\u00fcresi":"2 dakika"},"schema":{"@context":"https:\/\/schema.org","@graph":[{"@type":"WebPage","@id":"https:\/\/evangelische-beratung.com\/tr\/schulden\/","url":"https:\/\/evangelische-beratung.com\/tr\/schulden\/","name":"Schuldenberatung in Offenbach. Vertraulich, kostenlos, unabh\u00e4ngig","isPartOf":{"@id":"https:\/\/evangelische-beratung.com\/tr\/#website"},"primaryImageOfPage":{"@id":"https:\/\/evangelische-beratung.com\/tr\/schulden\/#primaryimage"},"image":{"@id":"https:\/\/evangelische-beratung.com\/tr\/schulden\/#primaryimage"},"thumbnailUrl":"https:\/\/evangelische-beratung.com\/tr\/wp-content\/uploads\/sites\/8\/2019\/08\/Schuldnerberatung_HERO.jpg","datePublished":"2019-07-21T20:19:34+00:00","dateModified":"2026-04-14T07:41:24+00:00","description":"Wir helfen Ihnen. Nutzen Sie unser Beratungsangebote. Zusammen finden wir einen Ausweg. Nehmen Sie gleich Kontakt zu uns auf.","breadcrumb":{"@id":"https:\/\/evangelische-beratung.com\/tr\/schulden\/#breadcrumb"},"inLanguage":"tr","potentialAction":[{"@type":"ReadAction","target":["https:\/\/evangelische-beratung.com\/tr\/schulden\/"]}]},{"@type":"ImageObject","inLanguage":"tr","@id":"https:\/\/evangelische-beratung.com\/tr\/schulden\/#primaryimage","url":"https:\/\/evangelische-beratung.com\/tr\/wp-content\/uploads\/sites\/8\/2019\/08\/Schuldnerberatung_HERO.jpg","contentUrl":"https:\/\/evangelische-beratung.com\/tr\/wp-content\/uploads\/sites\/8\/2019\/08\/Schuldnerberatung_HERO.jpg","width":1840,"height":720},{"@type":"BreadcrumbList","@id":"https:\/\/evangelische-beratung.com\/tr\/schulden\/#breadcrumb","itemListElement":[{"@type":"ListItem","position":1,"name":"Startseite","item":"https:\/\/evangelische-beratung.com\/tr\/"},{"@type":"ListItem","position":2,"name":"Bor\u00e7lanma"}]},{"@type":"WebSite","@id":"https:\/\/evangelische-beratung.com\/tr\/#website","url":"https:\/\/evangelische-beratung.com\/tr\/","name":"Evangelischer Regionalverband","description":"","publisher":{"@id":"https:\/\/evangelische-beratung.com\/tr\/#organization"},"potentialAction":[{"@type":"SearchAction","target":{"@type":"EntryPoint","urlTemplate":"https:\/\/evangelische-beratung.com\/tr\/?s={search_term_string}"},"query-input":{"@type":"PropertyValueSpecification","valueRequired":true,"valueName":"search_term_string"}}],"inLanguage":"tr"},{"@type":"Organization","@id":"https:\/\/evangelische-beratung.com\/tr\/#organization","name":"Evangelischer Regionalverband Frankfurt und Offenbach","url":"https:\/\/evangelische-beratung.com\/tr\/","logo":{"@type":"ImageObject","inLanguage":"tr","@id":"https:\/\/evangelische-beratung.com\/tr\/#\/schema\/logo\/image\/","url":"https:\/\/evangelische-beratung.com\/tr\/wp-content\/uploads\/sites\/8\/2019\/10\/erv-logo.png","contentUrl":"https:\/\/evangelische-beratung.com\/tr\/wp-content\/uploads\/sites\/8\/2019\/10\/erv-logo.png","width":1127,"height":595,"caption":"Evangelischer Regionalverband Frankfurt und Offenbach"},"image":{"@id":"https:\/\/evangelische-beratung.com\/tr\/#\/schema\/logo\/image\/"}}]}},"_links":{"self":[{"href":"https:\/\/evangelische-beratung.com\/tr\/wp-json\/wp\/v2\/pages\/39","targetHints":{"allow":["GET"]}}],"collection":[{"href":"https:\/\/evangelische-beratung.com\/tr\/wp-json\/wp\/v2\/pages"}],"about":[{"href":"https:\/\/evangelische-beratung.com\/tr\/wp-json\/wp\/v2\/types\/page"}],"author":[{"embeddable":true,"href":"https:\/\/evangelische-beratung.com\/tr\/wp-json\/wp\/v2\/users\/36"}],"replies":[{"embeddable":true,"href":"https:\/\/evangelische-beratung.com\/tr\/wp-json\/wp\/v2\/comments?post=39"}],"version-history":[{"count":5,"href":"https:\/\/evangelische-beratung.com\/tr\/wp-json\/wp\/v2\/pages\/39\/revisions"}],"predecessor-version":[{"id":1630,"href":"https:\/\/evangelische-beratung.com\/tr\/wp-json\/wp\/v2\/pages\/39\/revisions\/1630"}],"wp:featuredmedia":[{"embeddable":true,"href":"https:\/\/evangelische-beratung.com\/tr\/wp-json\/wp\/v2\/media\/397"}],"wp:attachment":[{"href":"https:\/\/evangelische-beratung.com\/tr\/wp-json\/wp\/v2\/media?parent=39"}],"curies":[{"name":"wp","href":"https:\/\/api.w.org\/{rel}","templated":true}]}}