{"id":385,"date":"2019-08-19T14:39:05","date_gmt":"2019-08-19T12:39:05","guid":{"rendered":"https:\/\/evangelische-beratung.com\/tr\/?page_id=385"},"modified":"2020-03-24T15:36:02","modified_gmt":"2020-03-24T14:36:02","slug":"therapieangebote","status":"publish","type":"page","link":"https:\/\/evangelische-beratung.com\/tr\/sucht\/medikatmente\/therapieangebote\/","title":{"rendered":"\u0130la\u00e7 ba\u011f\u0131ml\u0131l\u0131\u011f\u0131n da Tedavi Teklifleri"},"content":{"rendered":"\n<p class=\"is-style-teaser\">Size, ila\u00e7 ba\u011f\u0131ml\u0131l\u0131\u011f\u0131 ile ilgili genel soru ve konularda dan\u0131\u015fma hizmetleri  ve konuya uygun Tedaviler sunar\u0131z.  <\/p>\n\n\n\n<p>Kesinlikle, hi\u00e7 bir ba\u011f\u0131ml\u0131l\u0131k, di\u011ferine benzemez. \u0130la\u00e7 ba\u011f\u0131ml\u0131l\u0131\u011f\u0131na y\u00f6nelik, \u00e7e\u015fitli tedavi y\u00f6ntemleri vard\u0131r.  \u0130la\u00e7 ba\u011f\u0131ml\u0131l\u0131k fiziksel tedavisini, &#8220;ila\u00e7lardan Kesme&#8221; diye adland\u0131r\u0131r\u0131z.  \u0130la\u00e7 ba\u011f\u0131ml\u0131l\u0131\u011f\u0131n psikolojik tedavisini,  &#8221; k\u00f6t\u00fc al\u0131\u015fkanl\u0131k tedavisi&#8221; diye adland\u0131r\u0131r\u0131z.<\/p>\n\n\n\n<p>\u0130la\u00e7 ba\u011f\u0131ml\u0131l\u0131\u011f\u0131n psikolojik tedavisini,  ayakta Tedaviyi, ba\u011f\u0131ml\u0131l\u0131k dan\u0131\u015fma hizmetleri merkezlerimiz de gercekle\u015ftirebilirsiniz. &#8220;ila\u00e7lardan Kesme&#8221; yatak tedavisinden taburcu olduktan sonra, ayakta Tedavi Tekliflerimeize devam edebilirsiniz. ( &#8220;ila\u00e7lardan Kesme&#8221; yatak tedavisinden taburcu olma sonras\u0131 ve taburcu olma sonras\u0131 Tedavi y\u00f6ntemi).<\/p>\n\n\n\n<p>Ayr\u0131ca,  ayakta Tedavi ve  yatak Tedavileri birle\u015fiminden olu\u015fan  &#8220;ila\u00e7lardan Kesme&#8221;  tedavi \u015fekli mevcuttur. <\/p>\n\n\n\n<p>&#8220;ila\u00e7lardan Kesme&#8221;  tedavi masraflar\u0131n\u0131, sosyal g\u00fcvenlik Sigortas\u0131 ve sa\u011fl\u0131k sigortas\u0131 taraf\u0131ndan kar\u015f\u0131lan\u0131r (muhtemelen,  hastabak\u0131m \u00f6zel sigortal\u0131lar\u0131 d\u0131\u015f\u0131nda) .<\/p>\n\n\n\n<p>Bireysel olarak Size, ila\u00e7 ba\u011f\u0131ml\u0131l\u0131\u011f\u0131 ile ilgili genel sorularda ve m\u00fcmk\u00fcn Tedavi \u015fekilleri konularda dan\u0131\u015fma hizmetleri sunuyoruz,  bizimle g\u00f6r\u00fc\u015f\u00fcn.<strong> <\/strong><\/p>\n\n\n\n<div style=\"height:30px\" aria-hidden=\"true\" class=\"wp-block-spacer\"><\/div>\n\n\n\n<h3 class=\"wp-block-heading\">Ba\u011f\u0131ml\u0131l\u0131\u011f\u0131k Tedavisi<\/h3>\n\n\n\n<figure class=\"wp-block-image\"><img loading=\"lazy\" decoding=\"async\" width=\"713\" height=\"534\" src=\"https:\/\/evangelische-beratung.com\/tr\/wp-content\/uploads\/sites\/8\/2020\/01\/Schaubild-zur-Behandlung-der-Abhaengigkeit.jpg\" alt=\"\" class=\"wp-image-824\" srcset=\"https:\/\/evangelische-beratung.com\/tr\/wp-content\/uploads\/sites\/8\/2020\/01\/Schaubild-zur-Behandlung-der-Abhaengigkeit.jpg 713w, https:\/\/evangelische-beratung.com\/tr\/wp-content\/uploads\/sites\/8\/2020\/01\/Schaubild-zur-Behandlung-der-Abhaengigkeit-300x225.jpg 300w\" sizes=\"auto, (max-width: 713px) 100vw, 713px\" \/><\/figure>\n\n\n\n<p style=\"text-align:center\" class=\"is-style-roof-line\"><strong>\u0130leti\u015fimden g\u00f6revli Bay\/Bayan ki\u015filer <\/strong><\/p>\n\n\n\n<div class=\"wp-block-columns alignwide has-3-columns is-layout-flex wp-container-core-columns-is-layout-9d6595d7 wp-block-columns-is-layout-flex\">\n<div class=\"wp-block-column is-layout-flow wp-block-column-is-layout-flow\">\n<div class=\"wp-block-erv-id-card\"><div class=\"id-card-content\"><figure class=\"id-card-photo\"><img decoding=\"async\" src=\"https:\/\/evangelische-beratung.com\/wp-content\/uploads\/2019\/08\/Monika-Schiemann_Verwaltung-Suchtberatung-300x200.jpg\" \/><\/figure><div class=\"id-card-details\"><p class=\"id-card-name\">Monika Schiemann<\/p><p class=\"id-card-job\">Sekretariat &amp; Anmeldung<\/p><p class=\"id-card-location\">Frankfurt<\/p><p class=\"id-card-phone\">069 \/ 53 02 302 <\/p><p class=\"id-card-email\"><a href=\"&#109;a&#105;l&#116;o&#x3a;s&#x75;c&#x68;t&#x62;e&#x72;a&#x74;u&#x6e;g&#x40;f&#x72;a&#x6e;&#107;&#x66;&#117;&#x72;&#116;&#x2d;&#101;&#x76;&#97;&#x6e;&#103;&#x65;&#108;&#x69;&#115;&#x63;&#104;&#x2e;&#100;&#x65;\">E-Mail<\/a><\/p><\/div><\/div><\/div>\n<\/div>\n\n\n\n<div class=\"wp-block-column is-layout-flow wp-block-column-is-layout-flow\">\n<div class=\"wp-block-erv-id-card\"><div class=\"id-card-content\"><figure class=\"id-card-photo\"><img decoding=\"async\" src=\"https:\/\/evangelische-beratung.com\/wp-content\/uploads\/2025\/04\/portrait_platzhalter-1-300x300-1.jpg\" \/><\/figure><div class=\"id-card-details\"><p class=\"id-card-name\">N. N. <\/p><p class=\"id-card-job\">Leitung<\/p><p class=\"id-card-location\">Frankfurt<\/p><p class=\"id-card-phone\">069 \/ 53 02 301<\/p><p class=\"id-card-email\"><a href=\"&#109;&#x61;&#x69;l&#116;&#x6f;:&#115;&#x75;c&#104;&#x74;b&#101;&#x72;&#x61;&#116;&#x75;&#x6e;g&#64;&#x66;r&#97;&#x6e;k&#102;&#x75;&#x72;&#116;&#x2d;&#x65;v&#97;&#x6e;g&#101;&#x6c;i&#115;&#x63;h&#46;&#x64;&#x65;\">E-Mail<\/a><\/p><\/div><\/div><\/div>\n<\/div>\n\n\n\n<div class=\"wp-block-column is-layout-flow wp-block-column-is-layout-flow\">\n<div class=\"wp-block-erv-id-card\"><div class=\"id-card-content\"><figure class=\"id-card-photo\"><img decoding=\"async\" src=\"https:\/\/evangelische-beratung.com\/wp-content\/uploads\/2020\/01\/portrait_platzhalter-1-300x300.jpg\"\/><\/figure><div class=\"id-card-details\"><p class=\"id-card-name\">Anzhelina Blum<\/p><p class=\"id-card-job\">Beratung &amp; Therapie<\/p><p class=\"id-card-location\">Frankfurt<\/p><p class=\"id-card-phone\">069 \/ 53 02 303<\/p><p class=\"id-card-email\"><a href=\"&#x6d;&#x61;&#105;lt&#x6f;&#x3a;&#97;&#110;z&#x68;&#x65;&#108;&#105;n&#x61;&#x2e;&#x62;&#108;um&#x40;&#x66;&#114;&#97;n&#x6b;&#x66;&#117;&#114;t&#x2d;&#x65;&#118;&#97;n&#x67;&#x65;&#x6c;&#105;sc&#x68;&#x2e;&#100;&#101;\">E-Mail<\/a><\/p><\/div><\/div><\/div>\n<\/div>\n<\/div>\n\n\n\n<p><\/p>\n","protected":false},"excerpt":{"rendered":"<p>Size, ila\u00e7 ba\u011f\u0131ml\u0131l\u0131\u011f\u0131 ile ilgili genel soru ve konularda dan\u0131\u015fma hizmetleri ve konuya uygun Tedaviler sunar\u0131z. Kesinlikle, hi\u00e7 bir ba\u011f\u0131ml\u0131l\u0131k, di\u011ferine benzemez. \u0130la\u00e7 ba\u011f\u0131ml\u0131l\u0131\u011f\u0131na y\u00f6nelik, \u00e7e\u015fitli tedavi y\u00f6ntemleri vard\u0131r. \u0130la\u00e7 ba\u011f\u0131ml\u0131l\u0131k fiziksel tedavisini, &#8220;ila\u00e7lardan Kesme&#8221; diye adland\u0131r\u0131r\u0131z. \u0130la\u00e7 ba\u011f\u0131ml\u0131l\u0131\u011f\u0131n psikolojik tedavisini, &#8221; k\u00f6t\u00fc al\u0131\u015fkanl\u0131k tedavisi&#8221; diye adland\u0131r\u0131r\u0131z. \u0130la\u00e7 ba\u011f\u0131ml\u0131l\u0131\u011f\u0131n psikolojik tedavisini, ayakta Tedaviyi, ba\u011f\u0131ml\u0131l\u0131k dan\u0131\u015fma [&hellip;]<\/p>\n","protected":false},"author":3,"featured_media":0,"parent":253,"menu_order":0,"comment_status":"closed","ping_status":"closed","template":"","meta":{"footnotes":""},"class_list":["post-385","page","type-page","status-publish","hentry"],"yoast_head":"<!-- This site is optimized with the Yoast SEO plugin v27.3 - https:\/\/yoast.com\/product\/yoast-seo-wordpress\/ -->\n<title>Therapieangebote Medikamentenabh\u00e4ngigkeit in Frankfurt beim Ev. Regionalverband<\/title>\n<meta name=\"description\" content=\"Wir beraten Sie in allen Fragen rund um die Mediamentenabh\u00e4ngigkeit und passende Therapieformen. Sprechen Sie mit uns - wir sind gerne f\u00fcr Sie da.\" \/>\n<meta name=\"robots\" content=\"index, follow, max-snippet:-1, max-image-preview:large, max-video-preview:-1\" \/>\n<link rel=\"canonical\" href=\"https:\/\/evangelische-beratung.com\/tr\/sucht\/medikatmente\/therapieangebote\/\" \/>\n<meta property=\"og:locale\" content=\"tr_TR\" \/>\n<meta property=\"og:type\" content=\"article\" \/>\n<meta property=\"og:title\" content=\"Therapieangebote Medikamentenabh\u00e4ngigkeit in Frankfurt beim Ev. Regionalverband\" \/>\n<meta property=\"og:description\" content=\"Wir beraten Sie in allen Fragen rund um die Mediamentenabh\u00e4ngigkeit und passende Therapieformen. Sprechen Sie mit uns - wir sind gerne f\u00fcr Sie da.\" \/>\n<meta property=\"og:url\" content=\"https:\/\/evangelische-beratung.com\/tr\/sucht\/medikatmente\/therapieangebote\/\" \/>\n<meta property=\"og:site_name\" content=\"Evangelischer Regionalverband\" \/>\n<meta property=\"article:modified_time\" content=\"2020-03-24T14:36:02+00:00\" \/>\n<meta property=\"og:image\" content=\"https:\/\/evangelische-beratung.com\/tr\/wp-content\/uploads\/sites\/8\/2020\/01\/Schaubild-zur-Behandlung-der-Abhaengigkeit.jpg\" \/>\n<meta name=\"twitter:card\" content=\"summary_large_image\" \/>\n<meta name=\"twitter:label1\" content=\"Tahmini okuma s\u00fcresi\" \/>\n\t<meta name=\"twitter:data1\" content=\"1 dakika\" \/>\n<script type=\"application\/ld+json\" class=\"yoast-schema-graph\">{\"@context\":\"https:\\\/\\\/schema.org\",\"@graph\":[{\"@type\":\"WebPage\",\"@id\":\"https:\\\/\\\/evangelische-beratung.com\\\/tr\\\/sucht\\\/medikatmente\\\/therapieangebote\\\/\",\"url\":\"https:\\\/\\\/evangelische-beratung.com\\\/tr\\\/sucht\\\/medikatmente\\\/therapieangebote\\\/\",\"name\":\"Therapieangebote Medikamentenabh\u00e4ngigkeit in Frankfurt beim Ev. Regionalverband\",\"isPartOf\":{\"@id\":\"https:\\\/\\\/evangelische-beratung.com\\\/tr\\\/#website\"},\"primaryImageOfPage\":{\"@id\":\"https:\\\/\\\/evangelische-beratung.com\\\/tr\\\/sucht\\\/medikatmente\\\/therapieangebote\\\/#primaryimage\"},\"image\":{\"@id\":\"https:\\\/\\\/evangelische-beratung.com\\\/tr\\\/sucht\\\/medikatmente\\\/therapieangebote\\\/#primaryimage\"},\"thumbnailUrl\":\"https:\\\/\\\/evangelische-beratung.com\\\/tr\\\/wp-content\\\/uploads\\\/sites\\\/8\\\/2020\\\/01\\\/Schaubild-zur-Behandlung-der-Abhaengigkeit.jpg\",\"datePublished\":\"2019-08-19T12:39:05+00:00\",\"dateModified\":\"2020-03-24T14:36:02+00:00\",\"description\":\"Wir beraten Sie in allen Fragen rund um die Mediamentenabh\u00e4ngigkeit und passende Therapieformen. Sprechen Sie mit uns - wir sind gerne f\u00fcr Sie da.\",\"breadcrumb\":{\"@id\":\"https:\\\/\\\/evangelische-beratung.com\\\/tr\\\/sucht\\\/medikatmente\\\/therapieangebote\\\/#breadcrumb\"},\"inLanguage\":\"tr\",\"potentialAction\":[{\"@type\":\"ReadAction\",\"target\":[\"https:\\\/\\\/evangelische-beratung.com\\\/tr\\\/sucht\\\/medikatmente\\\/therapieangebote\\\/\"]}]},{\"@type\":\"ImageObject\",\"inLanguage\":\"tr\",\"@id\":\"https:\\\/\\\/evangelische-beratung.com\\\/tr\\\/sucht\\\/medikatmente\\\/therapieangebote\\\/#primaryimage\",\"url\":\"https:\\\/\\\/evangelische-beratung.com\\\/tr\\\/wp-content\\\/uploads\\\/sites\\\/8\\\/2020\\\/01\\\/Schaubild-zur-Behandlung-der-Abhaengigkeit.jpg\",\"contentUrl\":\"https:\\\/\\\/evangelische-beratung.com\\\/tr\\\/wp-content\\\/uploads\\\/sites\\\/8\\\/2020\\\/01\\\/Schaubild-zur-Behandlung-der-Abhaengigkeit.jpg\"},{\"@type\":\"BreadcrumbList\",\"@id\":\"https:\\\/\\\/evangelische-beratung.com\\\/tr\\\/sucht\\\/medikatmente\\\/therapieangebote\\\/#breadcrumb\",\"itemListElement\":[{\"@type\":\"ListItem\",\"position\":1,\"name\":\"Startseite\",\"item\":\"https:\\\/\\\/evangelische-beratung.com\\\/tr\\\/\"},{\"@type\":\"ListItem\",\"position\":2,\"name\":\"Ba\u011f\u0131ml\u0131l\u0131k\",\"item\":\"https:\\\/\\\/evangelische-beratung.com\\\/tr\\\/sucht\\\/\"},{\"@type\":\"ListItem\",\"position\":3,\"name\":\"\u0130la\u00e7lar\",\"item\":\"https:\\\/\\\/evangelische-beratung.com\\\/tr\\\/sucht\\\/medikatmente\\\/\"},{\"@type\":\"ListItem\",\"position\":4,\"name\":\"\u0130la\u00e7 ba\u011f\u0131ml\u0131l\u0131\u011f\u0131n da Tedavi Teklifleri\"}]},{\"@type\":\"WebSite\",\"@id\":\"https:\\\/\\\/evangelische-beratung.com\\\/tr\\\/#website\",\"url\":\"https:\\\/\\\/evangelische-beratung.com\\\/tr\\\/\",\"name\":\"Evangelischer Regionalverband\",\"description\":\"\",\"publisher\":{\"@id\":\"https:\\\/\\\/evangelische-beratung.com\\\/tr\\\/#organization\"},\"potentialAction\":[{\"@type\":\"SearchAction\",\"target\":{\"@type\":\"EntryPoint\",\"urlTemplate\":\"https:\\\/\\\/evangelische-beratung.com\\\/tr\\\/?s={search_term_string}\"},\"query-input\":{\"@type\":\"PropertyValueSpecification\",\"valueRequired\":true,\"valueName\":\"search_term_string\"}}],\"inLanguage\":\"tr\"},{\"@type\":\"Organization\",\"@id\":\"https:\\\/\\\/evangelische-beratung.com\\\/tr\\\/#organization\",\"name\":\"Evangelischer Regionalverband Frankfurt und Offenbach\",\"url\":\"https:\\\/\\\/evangelische-beratung.com\\\/tr\\\/\",\"logo\":{\"@type\":\"ImageObject\",\"inLanguage\":\"tr\",\"@id\":\"https:\\\/\\\/evangelische-beratung.com\\\/tr\\\/#\\\/schema\\\/logo\\\/image\\\/\",\"url\":\"https:\\\/\\\/evangelische-beratung.com\\\/tr\\\/wp-content\\\/uploads\\\/sites\\\/8\\\/2019\\\/10\\\/erv-logo.png\",\"contentUrl\":\"https:\\\/\\\/evangelische-beratung.com\\\/tr\\\/wp-content\\\/uploads\\\/sites\\\/8\\\/2019\\\/10\\\/erv-logo.png\",\"width\":1127,\"height\":595,\"caption\":\"Evangelischer Regionalverband Frankfurt und Offenbach\"},\"image\":{\"@id\":\"https:\\\/\\\/evangelische-beratung.com\\\/tr\\\/#\\\/schema\\\/logo\\\/image\\\/\"}}]}<\/script>\n<!-- \/ Yoast SEO plugin. -->","yoast_head_json":{"title":"Therapieangebote Medikamentenabh\u00e4ngigkeit in Frankfurt beim Ev. Regionalverband","description":"Wir beraten Sie in allen Fragen rund um die Mediamentenabh\u00e4ngigkeit und passende Therapieformen. Sprechen Sie mit uns - wir sind gerne f\u00fcr Sie da.","robots":{"index":"index","follow":"follow","max-snippet":"max-snippet:-1","max-image-preview":"max-image-preview:large","max-video-preview":"max-video-preview:-1"},"canonical":"https:\/\/evangelische-beratung.com\/tr\/sucht\/medikatmente\/therapieangebote\/","og_locale":"tr_TR","og_type":"article","og_title":"Therapieangebote Medikamentenabh\u00e4ngigkeit in Frankfurt beim Ev. Regionalverband","og_description":"Wir beraten Sie in allen Fragen rund um die Mediamentenabh\u00e4ngigkeit und passende Therapieformen. Sprechen Sie mit uns - wir sind gerne f\u00fcr Sie da.","og_url":"https:\/\/evangelische-beratung.com\/tr\/sucht\/medikatmente\/therapieangebote\/","og_site_name":"Evangelischer Regionalverband","article_modified_time":"2020-03-24T14:36:02+00:00","og_image":[{"url":"https:\/\/evangelische-beratung.com\/tr\/wp-content\/uploads\/sites\/8\/2020\/01\/Schaubild-zur-Behandlung-der-Abhaengigkeit.jpg","type":"","width":"","height":""}],"twitter_card":"summary_large_image","twitter_misc":{"Tahmini okuma s\u00fcresi":"1 dakika"},"schema":{"@context":"https:\/\/schema.org","@graph":[{"@type":"WebPage","@id":"https:\/\/evangelische-beratung.com\/tr\/sucht\/medikatmente\/therapieangebote\/","url":"https:\/\/evangelische-beratung.com\/tr\/sucht\/medikatmente\/therapieangebote\/","name":"Therapieangebote Medikamentenabh\u00e4ngigkeit in Frankfurt beim Ev. Regionalverband","isPartOf":{"@id":"https:\/\/evangelische-beratung.com\/tr\/#website"},"primaryImageOfPage":{"@id":"https:\/\/evangelische-beratung.com\/tr\/sucht\/medikatmente\/therapieangebote\/#primaryimage"},"image":{"@id":"https:\/\/evangelische-beratung.com\/tr\/sucht\/medikatmente\/therapieangebote\/#primaryimage"},"thumbnailUrl":"https:\/\/evangelische-beratung.com\/tr\/wp-content\/uploads\/sites\/8\/2020\/01\/Schaubild-zur-Behandlung-der-Abhaengigkeit.jpg","datePublished":"2019-08-19T12:39:05+00:00","dateModified":"2020-03-24T14:36:02+00:00","description":"Wir beraten Sie in allen Fragen rund um die Mediamentenabh\u00e4ngigkeit und passende Therapieformen. Sprechen Sie mit uns - wir sind gerne f\u00fcr Sie da.","breadcrumb":{"@id":"https:\/\/evangelische-beratung.com\/tr\/sucht\/medikatmente\/therapieangebote\/#breadcrumb"},"inLanguage":"tr","potentialAction":[{"@type":"ReadAction","target":["https:\/\/evangelische-beratung.com\/tr\/sucht\/medikatmente\/therapieangebote\/"]}]},{"@type":"ImageObject","inLanguage":"tr","@id":"https:\/\/evangelische-beratung.com\/tr\/sucht\/medikatmente\/therapieangebote\/#primaryimage","url":"https:\/\/evangelische-beratung.com\/tr\/wp-content\/uploads\/sites\/8\/2020\/01\/Schaubild-zur-Behandlung-der-Abhaengigkeit.jpg","contentUrl":"https:\/\/evangelische-beratung.com\/tr\/wp-content\/uploads\/sites\/8\/2020\/01\/Schaubild-zur-Behandlung-der-Abhaengigkeit.jpg"},{"@type":"BreadcrumbList","@id":"https:\/\/evangelische-beratung.com\/tr\/sucht\/medikatmente\/therapieangebote\/#breadcrumb","itemListElement":[{"@type":"ListItem","position":1,"name":"Startseite","item":"https:\/\/evangelische-beratung.com\/tr\/"},{"@type":"ListItem","position":2,"name":"Ba\u011f\u0131ml\u0131l\u0131k","item":"https:\/\/evangelische-beratung.com\/tr\/sucht\/"},{"@type":"ListItem","position":3,"name":"\u0130la\u00e7lar","item":"https:\/\/evangelische-beratung.com\/tr\/sucht\/medikatmente\/"},{"@type":"ListItem","position":4,"name":"\u0130la\u00e7 ba\u011f\u0131ml\u0131l\u0131\u011f\u0131n da Tedavi Teklifleri"}]},{"@type":"WebSite","@id":"https:\/\/evangelische-beratung.com\/tr\/#website","url":"https:\/\/evangelische-beratung.com\/tr\/","name":"Evangelischer Regionalverband","description":"","publisher":{"@id":"https:\/\/evangelische-beratung.com\/tr\/#organization"},"potentialAction":[{"@type":"SearchAction","target":{"@type":"EntryPoint","urlTemplate":"https:\/\/evangelische-beratung.com\/tr\/?s={search_term_string}"},"query-input":{"@type":"PropertyValueSpecification","valueRequired":true,"valueName":"search_term_string"}}],"inLanguage":"tr"},{"@type":"Organization","@id":"https:\/\/evangelische-beratung.com\/tr\/#organization","name":"Evangelischer Regionalverband Frankfurt und Offenbach","url":"https:\/\/evangelische-beratung.com\/tr\/","logo":{"@type":"ImageObject","inLanguage":"tr","@id":"https:\/\/evangelische-beratung.com\/tr\/#\/schema\/logo\/image\/","url":"https:\/\/evangelische-beratung.com\/tr\/wp-content\/uploads\/sites\/8\/2019\/10\/erv-logo.png","contentUrl":"https:\/\/evangelische-beratung.com\/tr\/wp-content\/uploads\/sites\/8\/2019\/10\/erv-logo.png","width":1127,"height":595,"caption":"Evangelischer Regionalverband Frankfurt und Offenbach"},"image":{"@id":"https:\/\/evangelische-beratung.com\/tr\/#\/schema\/logo\/image\/"}}]}},"_links":{"self":[{"href":"https:\/\/evangelische-beratung.com\/tr\/wp-json\/wp\/v2\/pages\/385","targetHints":{"allow":["GET"]}}],"collection":[{"href":"https:\/\/evangelische-beratung.com\/tr\/wp-json\/wp\/v2\/pages"}],"about":[{"href":"https:\/\/evangelische-beratung.com\/tr\/wp-json\/wp\/v2\/types\/page"}],"author":[{"embeddable":true,"href":"https:\/\/evangelische-beratung.com\/tr\/wp-json\/wp\/v2\/users\/3"}],"replies":[{"embeddable":true,"href":"https:\/\/evangelische-beratung.com\/tr\/wp-json\/wp\/v2\/comments?post=385"}],"version-history":[{"count":5,"href":"https:\/\/evangelische-beratung.com\/tr\/wp-json\/wp\/v2\/pages\/385\/revisions"}],"predecessor-version":[{"id":1425,"href":"https:\/\/evangelische-beratung.com\/tr\/wp-json\/wp\/v2\/pages\/385\/revisions\/1425"}],"up":[{"embeddable":true,"href":"https:\/\/evangelische-beratung.com\/tr\/wp-json\/wp\/v2\/pages\/253"}],"wp:attachment":[{"href":"https:\/\/evangelische-beratung.com\/tr\/wp-json\/wp\/v2\/media?parent=385"}],"curies":[{"name":"wp","href":"https:\/\/api.w.org\/{rel}","templated":true}]}}