{"id":38,"date":"2019-07-21T22:19:34","date_gmt":"2019-07-21T20:19:34","guid":{"rendered":"https:\/\/evangelische-beratung.com\/tr\/?page_id=38"},"modified":"2020-05-06T15:18:36","modified_gmt":"2020-05-06T13:18:36","slug":"partnerschaft-lebensfragen","status":"publish","type":"page","link":"https:\/\/evangelische-beratung.com\/tr\/partnerschaft-lebensfragen\/","title":{"rendered":"Partnerlik ve Ya\u015fam Sorular\u0131"},"content":{"rendered":"\n<p style=\"text-align:center\" class=\"is-style-teaser\">Partnerlik \u00e7at\u0131\u015fmalar\u0131nda, Ailedeki sorunlarda veya acil ya\u015fam krizi durumunuzda, destekte bulunuruz. Bize ula\u015f\u0131n!<\/p>\n\n\n\n<div class=\"wp-block-columns has-2-columns -right-at-edge is-layout-flow wp-block-columns-is-layout-flow\">\n<div class=\"wp-block-column is-layout-flow wp-block-column-is-layout-flow\">\n<figure class=\"wp-block-image\"><img loading=\"lazy\" decoding=\"async\" width=\"1024\" height=\"684\" src=\"https:\/\/evangelische-beratung.com\/tr\/wp-content\/uploads\/sites\/8\/2019\/10\/paar-und-lebensberatung-2-1024x684.jpg\" alt=\"\" class=\"wp-image-634\" srcset=\"https:\/\/evangelische-beratung.com\/tr\/wp-content\/uploads\/sites\/8\/2019\/10\/paar-und-lebensberatung-2-1024x684.jpg 1024w, https:\/\/evangelische-beratung.com\/tr\/wp-content\/uploads\/sites\/8\/2019\/10\/paar-und-lebensberatung-2-300x200.jpg 300w, https:\/\/evangelische-beratung.com\/tr\/wp-content\/uploads\/sites\/8\/2019\/10\/paar-und-lebensberatung-2-768x513.jpg 768w, https:\/\/evangelische-beratung.com\/tr\/wp-content\/uploads\/sites\/8\/2019\/10\/paar-und-lebensberatung-2-720x480.jpg 720w, https:\/\/evangelische-beratung.com\/tr\/wp-content\/uploads\/sites\/8\/2019\/10\/paar-und-lebensberatung-2.jpg 1920w\" sizes=\"auto, 100vw\" \/><\/figure>\n\n\n\n<p><\/p>\n<\/div>\n\n\n\n<div class=\"wp-block-column is-layout-flow wp-block-column-is-layout-flow\"><\/div>\n<\/div>\n\n\n\n<div class=\"wp-block-columns alignwide has-3-columns -columns-equal-height is-layout-flex wp-container-core-columns-is-layout-9d6595d7 wp-block-columns-is-layout-flex\">\n<div class=\"wp-block-column is-layout-flow wp-block-column-is-layout-flow\"><div class=\"wp-block-erv-tile \">\n\t\t\t<div>\n\t\t\t<a href=\"https:\/\/evangelische-beratung.com\/tr\/partnerschaft-lebensfragen\/allgemeine-lebensberatung\/\" tabindex=\"-1\" aria-hidden=\"true\" ><\/a>\n\t\t\t<h2 class=\"tile-title\"><a href=\"https:\/\/evangelische-beratung.com\/tr\/partnerschaft-lebensfragen\/allgemeine-lebensberatung\/\" >Genel-Ya\u015fam Sosyal dan\u0131\u015fmanl\u0131\u011f\u0131<\/a><\/h2>\n\t\t\t\n\t\t\t<p aria-hidden=\"true\" class=\"-is-micro\"><svg xmlns=\"http:\/\/www.w3.org\/2000\/svg\" viewBox=\"0 0 13 10\"><path d=\"M1.5 5H12M8 1l4 4-4 4\" fill=\"none\" stroke=\"#a22a45\" stroke-width=\"1.2\" stroke-linecap=\"round\" stroke-linejoin=\"round\"\/><\/svg><\/p>\n\t\t\t<\/div>\n\t\t<\/div>\n\n\n<div style=\"height:20px\" aria-hidden=\"true\" class=\"wp-block-spacer\"><\/div>\n\n\n<div class=\"wp-block-erv-tile \">\n\t\t\t<div>\n\t\t\t<a href=\"https:\/\/evangelische-beratung.com\/tr\/partnerschaft-lebensfragen\/paar-und-lebensberatung\/\" tabindex=\"-1\" aria-hidden=\"true\" ><\/a>\n\t\t\t<h2 class=\"tile-title\"><a href=\"https:\/\/evangelische-beratung.com\/tr\/partnerschaft-lebensfragen\/paar-und-lebensberatung\/\" >E\u015fler- ve Ya\u015fam dan\u0131\u015fmanl\u0131\u011f\u0131<\/a><\/h2>\n\t\t\t\n\t\t\t<p aria-hidden=\"true\" class=\"-is-micro\"><svg xmlns=\"http:\/\/www.w3.org\/2000\/svg\" viewBox=\"0 0 13 10\"><path d=\"M1.5 5H12M8 1l4 4-4 4\" fill=\"none\" stroke=\"#a22a45\" stroke-width=\"1.2\" stroke-linecap=\"round\" stroke-linejoin=\"round\"\/><\/svg><\/p>\n\t\t\t<\/div>\n\t\t<\/div>\n\n\n<div style=\"height:30px\" aria-hidden=\"true\" class=\"wp-block-spacer\"><\/div>\n\n\n\n<div style=\"height:30px\" aria-hidden=\"true\" class=\"wp-block-spacer\"><\/div>\n<\/div>\n\n\n\n<div class=\"wp-block-column is-layout-flow wp-block-column-is-layout-flow\"><div class=\"wp-block-erv-tile \">\n\t\t\t<div>\n\t\t\t<a href=\"https:\/\/evangelische-beratung.com\/tr\/partnerschaft-lebensfragen\/konfliktregulierende-beratung-bei-trennung-scheidung\/\" tabindex=\"-1\" aria-hidden=\"true\" ><\/a>\n\t\t\t<h2 class=\"tile-title\"><a href=\"https:\/\/evangelische-beratung.com\/tr\/partnerschaft-lebensfragen\/konfliktregulierende-beratung-bei-trennung-scheidung\/\" >Ayr\u0131l\u0131k ve bo\u015fanma da Uyu\u015fmazl\u0131k d\u00fczenleyici ve koruyucu  Dan\u0131\u015fma<\/a><\/h2>\n\t\t\t\n\t\t\t<p aria-hidden=\"true\" class=\"-is-micro\"><svg xmlns=\"http:\/\/www.w3.org\/2000\/svg\" viewBox=\"0 0 13 10\"><path d=\"M1.5 5H12M8 1l4 4-4 4\" fill=\"none\" stroke=\"#a22a45\" stroke-width=\"1.2\" stroke-linecap=\"round\" stroke-linejoin=\"round\"\/><\/svg><\/p>\n\t\t\t<\/div>\n\t\t<\/div>\n\n\n<div style=\"height:20px\" aria-hidden=\"true\" class=\"wp-block-spacer\"><\/div>\n\n\n<div class=\"wp-block-erv-tile \">\n\t\t\t<div>\n\t\t\t<a href=\"https:\/\/evangelische-beratung.com\/tr\/partnerschaft-lebensfragen\/krisenintervention\/\" tabindex=\"-1\" aria-hidden=\"true\" ><\/a>\n\t\t\t<h2 class=\"tile-title\"><a href=\"https:\/\/evangelische-beratung.com\/tr\/partnerschaft-lebensfragen\/krisenintervention\/\" >Kriz m\u00fcdahalesi<\/a><\/h2>\n\t\t\t\n\t\t\t<p aria-hidden=\"true\" class=\"-is-micro\"><svg xmlns=\"http:\/\/www.w3.org\/2000\/svg\" viewBox=\"0 0 13 10\"><path d=\"M1.5 5H12M8 1l4 4-4 4\" fill=\"none\" stroke=\"#a22a45\" stroke-width=\"1.2\" stroke-linecap=\"round\" stroke-linejoin=\"round\"\/><\/svg><\/p>\n\t\t\t<\/div>\n\t\t<\/div>\n\n\n<div style=\"height:30px\" aria-hidden=\"true\" class=\"wp-block-spacer\"><\/div>\n\n\n\n<div style=\"height:30px\" aria-hidden=\"true\" class=\"wp-block-spacer\"><\/div>\n<\/div>\n\n\n\n<div class=\"wp-block-column is-layout-flow wp-block-column-is-layout-flow\"><div class=\"wp-block-erv-tile \">\n\t\t\t<div>\n\t\t\t<a href=\"https:\/\/evangelische-beratung.com\/tr\/partnerschaft-lebensfragen\/online-beratung\/\" tabindex=\"-1\" aria-hidden=\"true\" ><\/a>\n\t\t\t<h2 class=\"tile-title\"><a href=\"https:\/\/evangelische-beratung.com\/tr\/partnerschaft-lebensfragen\/online-beratung\/\" >Online-Dan\u0131\u015fma<\/a><\/h2>\n\t\t\t\n\t\t\t<p aria-hidden=\"true\" class=\"-is-micro\"><svg xmlns=\"http:\/\/www.w3.org\/2000\/svg\" viewBox=\"0 0 13 10\"><path d=\"M1.5 5H12M8 1l4 4-4 4\" fill=\"none\" stroke=\"#a22a45\" stroke-width=\"1.2\" stroke-linecap=\"round\" stroke-linejoin=\"round\"\/><\/svg><\/p>\n\t\t\t<\/div>\n\t\t<\/div>\n\n\n<div style=\"height:20px\" aria-hidden=\"true\" class=\"wp-block-spacer\"><\/div>\n<\/div>\n<\/div>\n\n\n\n<h2 class=\"wp-block-heading\"><strong>Korona\ng\u00fcnlerinde yard\u0131m ve destek \u2013 Sizin i\u00e7in buraday\u0131z!<\/strong><strong><\/strong><\/h2>\n\n\n\n<p>Koronavir\u00fcs tedbirleri kapsam\u0131nda g\u00fcncel\ns\u0131n\u0131rlamalar ve buna ba\u011fl\u0131 belirsizlik bir\u00e7ok insan i\u00e7in b\u00fcy\u00fck zorluklar\nyaratmaktad\u0131r. Bu zorlu d\u00f6nemde sizi yaln\u0131z b\u0131rakm\u0131yoruz.<\/p>\n\n\n\n<h4 class=\"wp-block-heading\"><strong>Sizin\ni\u00e7in buraday\u0131z <\/strong><strong><\/strong><\/h4>\n\n\n\n<ul class=\"wp-block-list\"><li>Acil durumlarda ve kriz durumlar\u0131nda<\/li><li>Telefonda ve korumal\u0131 \u00e7evrimi\u00e7i portalda <strong>\u00fccretsiz ve g\u00fcvenilir dan\u0131\u015fmanl\u0131k hizmeti<\/strong><\/li><li>Ayr\u0131ca \u00f6zel m\u00fcnferit durumlarda ki\u015fiye \u00f6zel\nhizmet<\/li><li>Akut krizlerde m\u00fcmk\u00fcn oldu\u011funca h\u0131zl\u0131<\/li><\/ul>\n\n\n\n<h4 class=\"wp-block-heading\"><strong>Bize ula\u015f\u0131n<\/strong><strong><\/strong><\/h4>\n\n\n\n<p style=\"text-align:center\" class=\"is-style-roof-line\"><strong>Evangelischer Zentrum am Wei\u00dfen Stein`da ki <\/strong> <strong>\u0130leti\u015fim i\u00e7in Bay\/Bayan g\u00f6revliler <\/strong><\/p>\n\n\n\n<div class=\"wp-block-columns alignwide has-3-columns is-layout-flex wp-container-core-columns-is-layout-9d6595d7 wp-block-columns-is-layout-flex\">\n<div class=\"wp-block-column is-layout-flow wp-block-column-is-layout-flow\">\n<div class=\"wp-block-erv-id-card\"><div class=\"id-card-content\"><figure class=\"id-card-photo\"><img decoding=\"async\" src=\"https:\/\/evangelische-beratung.com\/tr\/wp-content\/uploads\/sites\/8\/2020\/02\/Mandy-Hanke_Paar-und-Lebensberatung-1-e1580996301580-300x242.jpg\" \/><\/figure><div class=\"id-card-details\"><p class=\"id-card-name\">Mandy Hanke<\/p><p class=\"id-card-job\">Sekretariat<\/p><p class=\"id-card-location\">Frankfurt<\/p><p class=\"id-card-phone\">069 \/ 53 02 221<\/p><p class=\"id-card-email\"><a href=\"&#109;&#x61;&#105;&#x6c;&#116;&#x6f;&#58;&#x6c;&#101;&#x62;&#101;&#x6e;&#115;&#x62;&#101;&#x72;&#97;&#x74;&#117;&#x6e;&#103;&#x40;&#102;&#x72;&#97;&#x6e;k&#x66;u&#x72;t&#x2d;e&#x76;a&#x6e;g&#x65;l&#x69;s&#x63;h&#x2e;d&#101;\">E-Mail<\/a><\/p><\/div><\/div><\/div>\n<\/div>\n\n\n\n<div class=\"wp-block-column is-layout-flow wp-block-column-is-layout-flow\">\n<div class=\"wp-block-erv-id-card\"><div class=\"id-card-content\"><figure class=\"id-card-photo\"><img decoding=\"async\" src=\"https:\/\/evangelische-beratung.com\/wp-content\/uploads\/2025\/01\/29112024JoergFertsch-Roever01-300x200.jpeg\" \/><\/figure><div class=\"id-card-details\"><p class=\"id-card-name\">Dr. J\u00f6rg Fertsch-R\u00f6ver<\/p><p class=\"id-card-job\">Paar- und Lebensberatung<\/p><p class=\"id-card-location\">Frankfurt<\/p><p class=\"id-card-phone\">069 \/ 53 02 221 <\/p><p class=\"id-card-email\"><a href=\"&#x6d;a&#x69;&#108;&#x74;&#x6f;:&#x6c;&#101;&#x62;&#x65;n&#x73;&#98;&#x65;&#x72;a&#x74;&#117;&#x6e;&#x67;&#64;&#x66;&#114;&#x61;&#x6e;k&#x66;&#117;&#x72;&#x74;-&#x65;&#118;&#x61;&#x6e;g&#x65;&#108;&#x69;&#x73;c&#x68;&#46;&#x64;&#x65;\">E-Mail<\/a><\/p><\/div><\/div><\/div>\n<\/div>\n\n\n\n<div class=\"wp-block-column is-layout-flow wp-block-column-is-layout-flow\">\n<div class=\"wp-block-erv-id-card\"><div class=\"id-card-content\"><figure class=\"id-card-photo\"><img decoding=\"async\" src=\"https:\/\/evangelische-beratung.com\/wp-content\/uploads\/2025\/01\/29112024ClaudiaWestenberger01-300x208.jpeg\" \/><\/figure><div class=\"id-card-details\"><p class=\"id-card-name\">Claudia Westenberger<\/p><p class=\"id-card-job\">Paar- und Lebensberatung<\/p><p class=\"id-card-location\">Frankfurt<\/p><p class=\"id-card-phone\">069 \/ 53 02 221<\/p><p class=\"id-card-email\"><a href=\"m&#97;&#x69;&#x6c;t&#111;&#58;&#x6c;&#x65;b&#101;&#x6e;&#x73;b&#101;&#114;&#x61;&#x74;u&#110;&#x67;&#x40;f&#114;&#97;&#x6e;&#x6b;f&#117;&#x72;&#x74;-&#101;&#118;&#x61;&#x6e;g&#101;&#x6c;&#x69;sc&#104;&#x2e;&#x64;e\">E-Mail<\/a><\/p><\/div><\/div><\/div>\n<\/div>\n<\/div>\n\n\n\n<p style=\"text-align:center\" class=\"is-style-roof-line\"><strong> Evangelischer Zentrum f\u00fcr Beratung  Offenbach<\/strong>`ta ki  <strong>\u0130leti\u015fim i\u00e7in Bay\/Bayan g\u00f6revliler<\/strong><\/p>\n\n\n\n<div class=\"wp-block-columns alignwide has-3-columns is-layout-flex wp-container-core-columns-is-layout-9d6595d7 wp-block-columns-is-layout-flex\">\n<div class=\"wp-block-column is-layout-flow wp-block-column-is-layout-flow\">\n<div class=\"wp-block-erv-id-card\"><div class=\"id-card-content\"><figure class=\"id-card-photo\"><img decoding=\"async\" src=\"https:\/\/evangelische-beratung.com\/wp-content\/uploads\/2020\/01\/portrait_platzhalter-1-300x300.jpg\" \/><\/figure><div class=\"id-card-details\"><p class=\"id-card-name\">Johanna Wagner<\/p><p class=\"id-card-job\">Verwaltung<\/p><p class=\"id-card-location\">Offenbach<\/p><p class=\"id-card-phone\">069 \/ 82 97 70 99<\/p><p class=\"id-card-email\"><a href=\"&#x6d;&#97;&#105;l&#x74;&#x6f;&#58;b&#x65;&#x72;&#97;t&#x75;&#x6e;&#103;s&#x7a;&#x65;&#110;t&#x72;&#x75;&#109;&#64;&#x6f;&#x66;&#102;&#101;n&#x62;&#x61;&#99;h&#x2d;&#x65;&#118;a&#x6e;&#x67;&#101;l&#x69;&#x73;&#99;h&#x2e;&#x64;&#101;\">E-Mail<\/a><\/p><\/div><\/div><\/div>\n\n\n\n<div class=\"wp-block-erv-id-card\"><div class=\"id-card-content\"><figure class=\"id-card-photo\"><img decoding=\"async\" src=\"https:\/\/evangelische-beratung.com\/wp-content\/uploads\/2022\/10\/Bild-Barbara-Schwab-225x300.jpg\" \/><\/figure><div class=\"id-card-details\"><p class=\"id-card-name\">Barbara Schwab<\/p><p class=\"id-card-job\">Lebensberatung<\/p><p class=\"id-card-location\">Offenbach<\/p><p class=\"id-card-phone\">069 \/ 82 97 70 99<\/p><p class=\"id-card-email\"><a href=\"m&#97;&#x69;&#x6c;&#x74;o&#58;&#98;&#x65;&#x72;a&#116;&#117;&#x6e;&#x67;sz&#101;&#x6e;&#x74;&#x72;u&#109;&#x40;&#x6f;&#x66;f&#101;&#110;&#x62;&#x61;c&#104;&#45;&#x65;&#x76;an&#103;&#x65;&#x6c;&#x69;s&#99;&#104;&#x2e;&#x64;e\">E-Mail<\/a><\/p><\/div><\/div><\/div>\n<\/div>\n\n\n\n<div class=\"wp-block-column is-layout-flow wp-block-column-is-layout-flow\">\n<div class=\"wp-block-erv-id-card\"><div class=\"id-card-content\"><figure class=\"id-card-photo\"><img decoding=\"async\" src=\"https:\/\/evangelische-beratung.com\/wp-content\/uploads\/2025\/01\/29112024JoergFertsch-Roever01-300x200.jpeg\" \/><\/figure><div class=\"id-card-details\"><p class=\"id-card-name\">Dr. J\u00f6rg Fertsch-R\u00f6ver<\/p><p class=\"id-card-job\">Paar- und Lebensberatung<\/p><p class=\"id-card-location\">Offenbach<\/p><p class=\"id-card-phone\">069 \/ 82 97 70 99<\/p><p class=\"id-card-email\"><a href=\"&#109;a&#x69;l&#x74;o&#x3a;b&#x65;r&#x61;t&#x75;&#110;&#x67;&#115;&#x7a;&#101;&#x6e;&#116;&#x72;&#117;&#x6d;&#64;&#x6f;&#102;f&#x65;n&#x62;a&#x63;h&#x2d;e&#x76;a&#x6e;&#103;&#x65;&#108;&#x69;&#115;&#x63;&#104;&#x2e;&#100;&#x65;\">E-Mail<\/a><\/p><\/div><\/div><\/div>\n<\/div>\n\n\n\n<div class=\"wp-block-column is-layout-flow wp-block-column-is-layout-flow\">\n<div class=\"wp-block-erv-id-card\"><div class=\"id-card-content\"><figure class=\"id-card-photo\"><img decoding=\"async\" src=\"https:\/\/evangelische-beratung.com\/wp-content\/uploads\/2020\/10\/Ute-Foehre_Bild-300x200.jpg\" \/><\/figure><div class=\"id-card-details\"><p class=\"id-card-name\">Ute F\u00f6hre<\/p><p class=\"id-card-job\">Verwaltung<\/p><p class=\"id-card-location\">Offenbach<\/p><p class=\"id-card-phone\">069 \/ 82 97 70 99<\/p><p class=\"id-card-email\"><a href=\"&#x6d;&#97;i&#x6c;&#116;o&#x3a;&#98;e&#x72;&#x61;&#116;&#x75;&#x6e;&#103;s&#x7a;&#101;n&#x74;&#114;u&#x6d;&#x40;&#111;&#x66;&#x66;&#101;n&#x62;&#97;c&#x68;&#45;e&#x76;&#97;n&#x67;&#x65;&#108;&#x69;&#x73;&#99;h&#x2e;&#100;e\">E-Mail<\/a><\/p><\/div><\/div><\/div>\n<\/div>\n<\/div>\n\n\n\n<p style=\"text-align:center\" class=\"is-style-roof-line\"><strong>Evangelischer Zentrum f\u00fcr&nbsp;Beratung -H\u00f6chst<\/strong>`te <strong>\u0130leti\u015fim i\u00e7in Bay\/Bayan g\u00f6revliler<\/strong><\/p>\n\n\n\n<div class=\"wp-block-columns alignwide has-2-columns is-layout-flex wp-container-core-columns-is-layout-9d6595d7 wp-block-columns-is-layout-flex\">\n<div class=\"wp-block-column is-layout-flow wp-block-column-is-layout-flow\"><\/div>\n\n\n\n<div class=\"wp-block-column is-layout-flow wp-block-column-is-layout-flow\">\n<div class=\"wp-block-erv-id-card -hidden-image\"><div class=\"id-card-content\"><div class=\"id-card-details\"><p class=\"id-card-name\">Andrea Schare<\/p><p class=\"id-card-job\">Sekretariat<\/p><p class=\"id-card-location\">H\u00f6chst<\/p><p class=\"id-card-phone\">069 \/ 75 93 672 10<\/p><p class=\"id-card-email\"><a href=\"mailto:p&#115;&#121;&#99;&#104;&#111;&#108;&#111;&#103;&#105;&#115;&#x63;&#x68;&#x65;&#x62;&#x65;&#x72;&#x61;&#x74;&#x75;&#x6e;&#x67;&#x2e;&#x68;&#x6f;&#x65;chst&#64;fra&#110;&#107;&#102;&#117;&#114;&#116;&#45;&#101;&#118;&#97;&#x6e;&#x67;&#x65;&#x6c;&#x69;&#x73;&#x63;&#x68;&#x2e;&#x64;&#x65;\">E-Mail<\/a><\/p><\/div><\/div><\/div>\n\n\n\n<p><\/p>\n<\/div>\n<\/div>\n","protected":false},"excerpt":{"rendered":"<p>Partnerlik \u00e7at\u0131\u015fmalar\u0131nda, Ailedeki sorunlarda veya acil ya\u015fam krizi durumunuzda, destekte bulunuruz. Bize ula\u015f\u0131n! Korona g\u00fcnlerinde yard\u0131m ve destek \u2013 Sizin i\u00e7in buraday\u0131z! Koronavir\u00fcs tedbirleri kapsam\u0131nda g\u00fcncel s\u0131n\u0131rlamalar ve buna ba\u011fl\u0131 belirsizlik bir\u00e7ok insan i\u00e7in b\u00fcy\u00fck zorluklar yaratmaktad\u0131r. Bu zorlu d\u00f6nemde sizi yaln\u0131z b\u0131rakm\u0131yoruz. Sizin i\u00e7in buraday\u0131z Acil durumlarda ve kriz durumlar\u0131nda Telefonda ve korumal\u0131 \u00e7evrimi\u00e7i [&hellip;]<\/p>\n","protected":false},"author":2,"featured_media":634,"parent":0,"menu_order":0,"comment_status":"closed","ping_status":"closed","template":"","meta":{"footnotes":""},"class_list":["post-38","page","type-page","status-publish","has-post-thumbnail","hentry"],"yoast_head":"<!-- This site is optimized with the Yoast SEO plugin v27.3 - https:\/\/yoast.com\/product\/yoast-seo-wordpress\/ -->\n<title>Unterst\u00fctzung bei Konflikten in Partnerschaft und Lebenskrisen in FFM<\/title>\n<meta name=\"description\" content=\"Wir unterst\u00fctzen Sie vertrauensvoll in Frankfurt und Offenbach bei Problem in Partnschaft, Familie oder Lebenskrisen. Wenden Sie sich an uns!\" \/>\n<meta name=\"robots\" content=\"index, follow, max-snippet:-1, max-image-preview:large, max-video-preview:-1\" \/>\n<link rel=\"canonical\" href=\"https:\/\/evangelische-beratung.com\/tr\/partnerschaft-lebensfragen\/\" \/>\n<meta property=\"og:locale\" content=\"tr_TR\" \/>\n<meta property=\"og:type\" content=\"article\" \/>\n<meta property=\"og:title\" content=\"Unterst\u00fctzung bei Konflikten in Partnerschaft und Lebenskrisen in FFM\" \/>\n<meta property=\"og:description\" content=\"Wir unterst\u00fctzen Sie vertrauensvoll in Frankfurt und Offenbach bei Problem in Partnschaft, Familie oder Lebenskrisen. Wenden Sie sich an uns!\" \/>\n<meta property=\"og:url\" content=\"https:\/\/evangelische-beratung.com\/tr\/partnerschaft-lebensfragen\/\" \/>\n<meta property=\"og:site_name\" content=\"Evangelischer Regionalverband\" \/>\n<meta property=\"article:modified_time\" content=\"2020-05-06T13:18:36+00:00\" \/>\n<meta property=\"og:image\" content=\"https:\/\/evangelische-beratung.com\/tr\/wp-content\/uploads\/sites\/8\/2019\/10\/paar-und-lebensberatung-2.jpg\" \/>\n\t<meta property=\"og:image:width\" content=\"1920\" \/>\n\t<meta property=\"og:image:height\" content=\"1282\" \/>\n\t<meta property=\"og:image:type\" content=\"image\/jpeg\" \/>\n<meta name=\"twitter:card\" content=\"summary_large_image\" \/>\n<meta name=\"twitter:label1\" content=\"Tahmini okuma s\u00fcresi\" \/>\n\t<meta name=\"twitter:data1\" content=\"1 dakika\" \/>\n<script type=\"application\/ld+json\" class=\"yoast-schema-graph\">{\"@context\":\"https:\\\/\\\/schema.org\",\"@graph\":[{\"@type\":\"WebPage\",\"@id\":\"https:\\\/\\\/evangelische-beratung.com\\\/tr\\\/partnerschaft-lebensfragen\\\/\",\"url\":\"https:\\\/\\\/evangelische-beratung.com\\\/tr\\\/partnerschaft-lebensfragen\\\/\",\"name\":\"Unterst\u00fctzung bei Konflikten in Partnerschaft und Lebenskrisen in FFM\",\"isPartOf\":{\"@id\":\"https:\\\/\\\/evangelische-beratung.com\\\/tr\\\/#website\"},\"primaryImageOfPage\":{\"@id\":\"https:\\\/\\\/evangelische-beratung.com\\\/tr\\\/partnerschaft-lebensfragen\\\/#primaryimage\"},\"image\":{\"@id\":\"https:\\\/\\\/evangelische-beratung.com\\\/tr\\\/partnerschaft-lebensfragen\\\/#primaryimage\"},\"thumbnailUrl\":\"https:\\\/\\\/evangelische-beratung.com\\\/tr\\\/wp-content\\\/uploads\\\/sites\\\/8\\\/2019\\\/10\\\/paar-und-lebensberatung-2.jpg\",\"datePublished\":\"2019-07-21T20:19:34+00:00\",\"dateModified\":\"2020-05-06T13:18:36+00:00\",\"description\":\"Wir unterst\u00fctzen Sie vertrauensvoll in Frankfurt und Offenbach bei Problem in Partnschaft, Familie oder Lebenskrisen. Wenden Sie sich an uns!\",\"breadcrumb\":{\"@id\":\"https:\\\/\\\/evangelische-beratung.com\\\/tr\\\/partnerschaft-lebensfragen\\\/#breadcrumb\"},\"inLanguage\":\"tr\",\"potentialAction\":[{\"@type\":\"ReadAction\",\"target\":[\"https:\\\/\\\/evangelische-beratung.com\\\/tr\\\/partnerschaft-lebensfragen\\\/\"]}]},{\"@type\":\"ImageObject\",\"inLanguage\":\"tr\",\"@id\":\"https:\\\/\\\/evangelische-beratung.com\\\/tr\\\/partnerschaft-lebensfragen\\\/#primaryimage\",\"url\":\"https:\\\/\\\/evangelische-beratung.com\\\/tr\\\/wp-content\\\/uploads\\\/sites\\\/8\\\/2019\\\/10\\\/paar-und-lebensberatung-2.jpg\",\"contentUrl\":\"https:\\\/\\\/evangelische-beratung.com\\\/tr\\\/wp-content\\\/uploads\\\/sites\\\/8\\\/2019\\\/10\\\/paar-und-lebensberatung-2.jpg\",\"width\":1920,\"height\":1282},{\"@type\":\"BreadcrumbList\",\"@id\":\"https:\\\/\\\/evangelische-beratung.com\\\/tr\\\/partnerschaft-lebensfragen\\\/#breadcrumb\",\"itemListElement\":[{\"@type\":\"ListItem\",\"position\":1,\"name\":\"Startseite\",\"item\":\"https:\\\/\\\/evangelische-beratung.com\\\/tr\\\/\"},{\"@type\":\"ListItem\",\"position\":2,\"name\":\"Partnerlik ve Ya\u015fam Sorular\u0131\"}]},{\"@type\":\"WebSite\",\"@id\":\"https:\\\/\\\/evangelische-beratung.com\\\/tr\\\/#website\",\"url\":\"https:\\\/\\\/evangelische-beratung.com\\\/tr\\\/\",\"name\":\"Evangelischer Regionalverband\",\"description\":\"\",\"publisher\":{\"@id\":\"https:\\\/\\\/evangelische-beratung.com\\\/tr\\\/#organization\"},\"potentialAction\":[{\"@type\":\"SearchAction\",\"target\":{\"@type\":\"EntryPoint\",\"urlTemplate\":\"https:\\\/\\\/evangelische-beratung.com\\\/tr\\\/?s={search_term_string}\"},\"query-input\":{\"@type\":\"PropertyValueSpecification\",\"valueRequired\":true,\"valueName\":\"search_term_string\"}}],\"inLanguage\":\"tr\"},{\"@type\":\"Organization\",\"@id\":\"https:\\\/\\\/evangelische-beratung.com\\\/tr\\\/#organization\",\"name\":\"Evangelischer Regionalverband Frankfurt und Offenbach\",\"url\":\"https:\\\/\\\/evangelische-beratung.com\\\/tr\\\/\",\"logo\":{\"@type\":\"ImageObject\",\"inLanguage\":\"tr\",\"@id\":\"https:\\\/\\\/evangelische-beratung.com\\\/tr\\\/#\\\/schema\\\/logo\\\/image\\\/\",\"url\":\"https:\\\/\\\/evangelische-beratung.com\\\/tr\\\/wp-content\\\/uploads\\\/sites\\\/8\\\/2019\\\/10\\\/erv-logo.png\",\"contentUrl\":\"https:\\\/\\\/evangelische-beratung.com\\\/tr\\\/wp-content\\\/uploads\\\/sites\\\/8\\\/2019\\\/10\\\/erv-logo.png\",\"width\":1127,\"height\":595,\"caption\":\"Evangelischer Regionalverband Frankfurt und Offenbach\"},\"image\":{\"@id\":\"https:\\\/\\\/evangelische-beratung.com\\\/tr\\\/#\\\/schema\\\/logo\\\/image\\\/\"}}]}<\/script>\n<!-- \/ Yoast SEO plugin. -->","yoast_head_json":{"title":"Unterst\u00fctzung bei Konflikten in Partnerschaft und Lebenskrisen in FFM","description":"Wir unterst\u00fctzen Sie vertrauensvoll in Frankfurt und Offenbach bei Problem in Partnschaft, Familie oder Lebenskrisen. Wenden Sie sich an uns!","robots":{"index":"index","follow":"follow","max-snippet":"max-snippet:-1","max-image-preview":"max-image-preview:large","max-video-preview":"max-video-preview:-1"},"canonical":"https:\/\/evangelische-beratung.com\/tr\/partnerschaft-lebensfragen\/","og_locale":"tr_TR","og_type":"article","og_title":"Unterst\u00fctzung bei Konflikten in Partnerschaft und Lebenskrisen in FFM","og_description":"Wir unterst\u00fctzen Sie vertrauensvoll in Frankfurt und Offenbach bei Problem in Partnschaft, Familie oder Lebenskrisen. Wenden Sie sich an uns!","og_url":"https:\/\/evangelische-beratung.com\/tr\/partnerschaft-lebensfragen\/","og_site_name":"Evangelischer Regionalverband","article_modified_time":"2020-05-06T13:18:36+00:00","og_image":[{"width":1920,"height":1282,"url":"https:\/\/evangelische-beratung.com\/tr\/wp-content\/uploads\/sites\/8\/2019\/10\/paar-und-lebensberatung-2.jpg","type":"image\/jpeg"}],"twitter_card":"summary_large_image","twitter_misc":{"Tahmini okuma s\u00fcresi":"1 dakika"},"schema":{"@context":"https:\/\/schema.org","@graph":[{"@type":"WebPage","@id":"https:\/\/evangelische-beratung.com\/tr\/partnerschaft-lebensfragen\/","url":"https:\/\/evangelische-beratung.com\/tr\/partnerschaft-lebensfragen\/","name":"Unterst\u00fctzung bei Konflikten in Partnerschaft und Lebenskrisen in FFM","isPartOf":{"@id":"https:\/\/evangelische-beratung.com\/tr\/#website"},"primaryImageOfPage":{"@id":"https:\/\/evangelische-beratung.com\/tr\/partnerschaft-lebensfragen\/#primaryimage"},"image":{"@id":"https:\/\/evangelische-beratung.com\/tr\/partnerschaft-lebensfragen\/#primaryimage"},"thumbnailUrl":"https:\/\/evangelische-beratung.com\/tr\/wp-content\/uploads\/sites\/8\/2019\/10\/paar-und-lebensberatung-2.jpg","datePublished":"2019-07-21T20:19:34+00:00","dateModified":"2020-05-06T13:18:36+00:00","description":"Wir unterst\u00fctzen Sie vertrauensvoll in Frankfurt und Offenbach bei Problem in Partnschaft, Familie oder Lebenskrisen. Wenden Sie sich an uns!","breadcrumb":{"@id":"https:\/\/evangelische-beratung.com\/tr\/partnerschaft-lebensfragen\/#breadcrumb"},"inLanguage":"tr","potentialAction":[{"@type":"ReadAction","target":["https:\/\/evangelische-beratung.com\/tr\/partnerschaft-lebensfragen\/"]}]},{"@type":"ImageObject","inLanguage":"tr","@id":"https:\/\/evangelische-beratung.com\/tr\/partnerschaft-lebensfragen\/#primaryimage","url":"https:\/\/evangelische-beratung.com\/tr\/wp-content\/uploads\/sites\/8\/2019\/10\/paar-und-lebensberatung-2.jpg","contentUrl":"https:\/\/evangelische-beratung.com\/tr\/wp-content\/uploads\/sites\/8\/2019\/10\/paar-und-lebensberatung-2.jpg","width":1920,"height":1282},{"@type":"BreadcrumbList","@id":"https:\/\/evangelische-beratung.com\/tr\/partnerschaft-lebensfragen\/#breadcrumb","itemListElement":[{"@type":"ListItem","position":1,"name":"Startseite","item":"https:\/\/evangelische-beratung.com\/tr\/"},{"@type":"ListItem","position":2,"name":"Partnerlik ve Ya\u015fam Sorular\u0131"}]},{"@type":"WebSite","@id":"https:\/\/evangelische-beratung.com\/tr\/#website","url":"https:\/\/evangelische-beratung.com\/tr\/","name":"Evangelischer Regionalverband","description":"","publisher":{"@id":"https:\/\/evangelische-beratung.com\/tr\/#organization"},"potentialAction":[{"@type":"SearchAction","target":{"@type":"EntryPoint","urlTemplate":"https:\/\/evangelische-beratung.com\/tr\/?s={search_term_string}"},"query-input":{"@type":"PropertyValueSpecification","valueRequired":true,"valueName":"search_term_string"}}],"inLanguage":"tr"},{"@type":"Organization","@id":"https:\/\/evangelische-beratung.com\/tr\/#organization","name":"Evangelischer Regionalverband Frankfurt und Offenbach","url":"https:\/\/evangelische-beratung.com\/tr\/","logo":{"@type":"ImageObject","inLanguage":"tr","@id":"https:\/\/evangelische-beratung.com\/tr\/#\/schema\/logo\/image\/","url":"https:\/\/evangelische-beratung.com\/tr\/wp-content\/uploads\/sites\/8\/2019\/10\/erv-logo.png","contentUrl":"https:\/\/evangelische-beratung.com\/tr\/wp-content\/uploads\/sites\/8\/2019\/10\/erv-logo.png","width":1127,"height":595,"caption":"Evangelischer Regionalverband Frankfurt und Offenbach"},"image":{"@id":"https:\/\/evangelische-beratung.com\/tr\/#\/schema\/logo\/image\/"}}]}},"_links":{"self":[{"href":"https:\/\/evangelische-beratung.com\/tr\/wp-json\/wp\/v2\/pages\/38","targetHints":{"allow":["GET"]}}],"collection":[{"href":"https:\/\/evangelische-beratung.com\/tr\/wp-json\/wp\/v2\/pages"}],"about":[{"href":"https:\/\/evangelische-beratung.com\/tr\/wp-json\/wp\/v2\/types\/page"}],"author":[{"embeddable":true,"href":"https:\/\/evangelische-beratung.com\/tr\/wp-json\/wp\/v2\/users\/2"}],"replies":[{"embeddable":true,"href":"https:\/\/evangelische-beratung.com\/tr\/wp-json\/wp\/v2\/comments?post=38"}],"version-history":[{"count":5,"href":"https:\/\/evangelische-beratung.com\/tr\/wp-json\/wp\/v2\/pages\/38\/revisions"}],"predecessor-version":[{"id":1629,"href":"https:\/\/evangelische-beratung.com\/tr\/wp-json\/wp\/v2\/pages\/38\/revisions\/1629"}],"wp:featuredmedia":[{"embeddable":true,"href":"https:\/\/evangelische-beratung.com\/tr\/wp-json\/wp\/v2\/media\/634"}],"wp:attachment":[{"href":"https:\/\/evangelische-beratung.com\/tr\/wp-json\/wp\/v2\/media?parent=38"}],"curies":[{"name":"wp","href":"https:\/\/api.w.org\/{rel}","templated":true}]}}