{"id":378,"date":"2019-08-19T12:51:47","date_gmt":"2019-08-19T10:51:47","guid":{"rendered":"https:\/\/evangelische-beratung.com\/tr\/?page_id=378"},"modified":"2020-03-24T15:47:42","modified_gmt":"2020-03-24T14:47:42","slug":"angebote-fuer-menschen-die-mit-jugendlichen-und-jungen-erwachsenen-16%e2%80%9025-jahre-arbeiten-schulen-jugendhaeuser-vereine-etc","status":"publish","type":"page","link":"https:\/\/evangelische-beratung.com\/tr\/sucht\/gluecksspiel\/angebote-fuer-menschen-die-mit-jugendlichen-und-jungen-erwachsenen-16%e2%80%9025-jahre-arbeiten-schulen-jugendhaeuser-vereine-etc\/","title":{"rendered":"Ergenler ve Ergen sonras\u0131 yeti\u015fkinlerle (16-25 ya\u015f aras\u0131)  (okullar da, gen\u00e7lik merkezlerinde, derneklerde, vs.) \u00e7al\u0131\u015fan E\u011fitmenlere y\u00f6nelik  destek teklifleri"},"content":{"rendered":"\n<p class=\"is-style-teaser\">Ergenler ve Ergen sonras\u0131 yeti\u015fkinlerle \u00e7al\u0131\u015fma s\u00fcrecinde, dikkatinizi \u00e7eken Kumar oynama Davran\u0131\u015flar\u0131 ya\u015f\u0131yorsan\u0131z (16-25 ya\u015f aras\u0131)?<\/p>\n\n\n\n<p>A\u015fa\u011f\u0131da g\u00f6sterilen Benzer Konularda bize ba\u015fvurun:<\/p>\n\n\n\n<ul class=\"wp-block-list\"><li>Ergenler ve Ergen sonras\u0131 yeti\u015fkinlerle \u00e7al\u0131\u015fma s\u00fcrecinde, Kumar oyunlar\u0131nda, s\u00f6z\u00fcm ona, kumarda ki para kazan\u0131mlar\u0131ndan iftiharla bahsediyorlarsa?<\/li><li>Ergenlerin, kumar ba\u011f\u0131ml\u0131l\u0131k konusu dile getirildi\u011fi durumlarda, para kayb\u0131ndan dolay\u0131 sald\u0131rgan tav\u0131rlar\u0131na veya Kumar\u0131 zarars\u0131z g\u00f6rme gibi davran\u0131\u015flar\u0131na tan\u0131k oluyorsan\u0131z? <\/li><li>Sosyal \u00e7evrenizde, para kar\u015f\u0131l\u0131\u011f\u0131 her t\u00fcrl\u00fc oyunu (bilardo, kickers, masa tenisi, vb.) oynamak isteyen  Ergenleri tan\u0131yormusunuz?<\/li><li>G\u00fcnl\u00fck hayat\u0131n\u0131zda, Ergenler taraf\u0131ndan, hen\u00fcz Re\u015fit olmayan ki\u015filer ad\u0131na, bahis fi\u015fleri ald\u0131klar\u0131na hi\u00e7 tan\u0131k oldunuzmu?<\/li><li>Kumar oyunlar\u0131ndan etkilenen yak\u0131nlar\u0131ndan, bahseden Gen\u00e7leri tan\u0131yorsan\u0131z?<\/li><li>Gen\u00e7lerin, di\u011fer gen\u00e7 insanlardan d\u00fczenli bir \u015fekilde , bor\u00e7 para istemelerine tan\u0131k oluyorsan\u0131z?<\/li><\/ul>\n\n\n\n<p> Sosyal gen\u00e7lik-\u00e7al\u0131\u015fma birimlerinde ki, \u00d6\u011fretmen ve E\u011fitimcilere, hizmeti\u00e7i ileri e\u011fitim kurslar\u0131 sunuyoruz. Hizmet i\u00e7i ileri e\u011fitim kurslar\u0131n amac\u0131, Kumar oyunlar\u0131  ba\u011f\u0131ml\u0131 ve sorunlu Kumar oynama davran\u0131\u015fl\u0131 ki\u015filerle \u00e7al\u0131\u015fan E\u011fitmenlerin, daha da bilin\u00e7lendirilmesinin yan\u0131 s\u0131ra, Kumar davran\u0131\u015fl\u0131 \u00f6\u011felerin, erken te\u015fhis etme \u00f6zelliklerini  geli\u015ftirmektir. Sunulan, Hizmeti\u00e7i ileri e\u011fitim kurslar\u0131n s\u00fcresi yakla\u015f\u0131k \u00fc\u00e7 saattir. Randevular, uzla\u015fmaya g\u00f6re verilir. <\/p>\n\n\n\n<div class=\"wp-block-erv-download -show-file-extension\"><span aria-hidden=\"true\"><span class=\"file-extension\">pdf<\/span><\/span><div class=\"title-and-description\"><p class=\"download-title -inverted-link-style\"><a href=\"https:\/\/evangelische-beratung.com\/tr\/wp-content\/uploads\/sites\/8\/2020\/01\/Fachdienst_Flyer2016_FIN-3-fuer-Fachpersonal-und-Schulungen.pdf\" target=\"_blank\" rel=\"noopener noreferrer\">Infoflyer<\/a><\/p><p class=\"download-description\">Schulungsangebote und Informationsmaterialien<\/p><\/div><\/div>\n\n\n\n<p><strong>Die Information und Beratung sind f\u00fcr Sie kostenfrei. <\/strong><\/p>\n\n\n\n<p style=\"text-align:center\" class=\"is-style-roof-line\"><strong>Ihre Ansprechpartner*innen<\/strong><\/p>\n\n\n\n<div class=\"wp-block-columns alignwide has-3-columns is-layout-flex wp-container-core-columns-is-layout-9d6595d7 wp-block-columns-is-layout-flex\">\n<div class=\"wp-block-column is-layout-flow wp-block-column-is-layout-flow\">\n<div class=\"wp-block-erv-id-card\"><div class=\"id-card-content\"><figure class=\"id-card-photo\"><img decoding=\"async\" src=\"https:\/\/evangelische-beratung.com\/wp-content\/uploads\/2019\/08\/Monika-Schiemann_Verwaltung-Suchtberatung-300x200.jpg\" \/><\/figure><div class=\"id-card-details\"><p class=\"id-card-name\">Monika Schiemann<\/p><p class=\"id-card-job\">Sekretariat &amp; Anmeldung<\/p><p class=\"id-card-location\">Frankfurt<\/p><p class=\"id-card-phone\">069 \/ 53 02 302 <\/p><p class=\"id-card-email\"><a href=\"&#x6d;&#x61;&#105;l&#x74;&#x6f;&#x3a;&#115;u&#x63;&#x68;&#x74;&#98;e&#x72;&#x61;&#x74;&#117;n&#x67;&#x40;&#x66;&#114;a&#x6e;&#x6b;&#x66;&#117;r&#x74;&#x2d;&#x65;&#118;a&#x6e;&#x67;&#x65;&#108;i&#x73;&#x63;&#x68;&#46;d&#x65;\">E-Mail<\/a><\/p><\/div><\/div><\/div>\n<\/div>\n\n\n\n<div class=\"wp-block-column is-layout-flow wp-block-column-is-layout-flow\">\n<div class=\"wp-block-erv-id-card\"><div class=\"id-card-content\"><figure class=\"id-card-photo\"><img decoding=\"async\" src=\"https:\/\/evangelische-beratung.com\/wp-content\/uploads\/2025\/04\/portrait_platzhalter-1-300x300-1.jpg\" \/><\/figure><div class=\"id-card-details\"><p class=\"id-card-name\">N. N. <\/p><p class=\"id-card-job\">Leitung<\/p><p class=\"id-card-location\">Frankfurt<\/p><p class=\"id-card-phone\">069 \/ 53 02 301<\/p><p class=\"id-card-email\"><a href=\"&#x6d;&#x61;&#x69;&#x6c;&#x74;&#x6f;&#x3a;&#x73;&#x75;&#x63;&#x68;&#x74;&#x62;&#x65;&#114;&#97;&#116;&#117;&#110;&#103;&#64;&#102;&#114;&#97;&#110;kfurt-ev&#x61;&#x6e;&#x67;&#x65;&#x6c;&#x69;&#x73;&#x63;&#x68;&#x2e;&#x64;&#x65;\">E-Mail<\/a><\/p><\/div><\/div><\/div>\n<\/div>\n\n\n\n<div class=\"wp-block-column is-layout-flow wp-block-column-is-layout-flow\">\n<div class=\"wp-block-erv-id-card\"><div class=\"id-card-content\"><figure class=\"id-card-photo\"><img decoding=\"async\" src=\"https:\/\/evangelische-beratung.com\/wp-content\/uploads\/2020\/02\/Veit-Wennhak_2-300x200.jpg\" \/><\/figure><div class=\"id-card-details\"><p class=\"id-card-name\">Veit Wennhak <\/p><p class=\"id-card-job\">Fachberater Gl\u00fccksspiel<\/p><p class=\"id-card-location\">Frankfurt<\/p><p class=\"id-card-phone\">069 \/ 53 02 307<\/p><p class=\"id-card-email\"><a href=\"&#x6d;&#x61;&#105;l&#x74;&#x6f;&#58;&#118;e&#x69;&#x74;&#46;&#119;e&#x6e;&#x6e;&#104;ak&#x40;&#x66;&#114;a&#x6e;&#x6b;&#102;&#117;r&#x74;&#x2d;&#101;&#118;a&#x6e;&#x67;&#101;li&#x73;&#x63;&#104;&#46;&#x64;&#x65;\">E-Mail<\/a><\/p><\/div><\/div><\/div>\n<\/div>\n<\/div>\n","protected":false},"excerpt":{"rendered":"<p>Ergenler ve Ergen sonras\u0131 yeti\u015fkinlerle \u00e7al\u0131\u015fma s\u00fcrecinde, dikkatinizi \u00e7eken Kumar oynama Davran\u0131\u015flar\u0131 ya\u015f\u0131yorsan\u0131z (16-25 ya\u015f aras\u0131)? A\u015fa\u011f\u0131da g\u00f6sterilen Benzer Konularda bize ba\u015fvurun: Ergenler ve Ergen sonras\u0131 yeti\u015fkinlerle \u00e7al\u0131\u015fma s\u00fcrecinde, Kumar oyunlar\u0131nda, s\u00f6z\u00fcm ona, kumarda ki para kazan\u0131mlar\u0131ndan iftiharla bahsediyorlarsa? Ergenlerin, kumar ba\u011f\u0131ml\u0131l\u0131k konusu dile getirildi\u011fi durumlarda, para kayb\u0131ndan dolay\u0131 sald\u0131rgan tav\u0131rlar\u0131na veya Kumar\u0131 zarars\u0131z g\u00f6rme [&hellip;]<\/p>\n","protected":false},"author":3,"featured_media":0,"parent":256,"menu_order":0,"comment_status":"closed","ping_status":"closed","template":"","meta":{"footnotes":""},"class_list":["post-378","page","type-page","status-publish","hentry"],"yoast_head":"<!-- This site is optimized with the Yoast SEO plugin v27.5 - https:\/\/yoast.com\/product\/yoast-seo-wordpress\/ -->\n<title>Angebote f\u00fcr Menschen, die mit Jugendlichen arbeiten in Frankfurt<\/title>\n<meta name=\"description\" content=\"Sie erleben auff\u00e4lliges Verhalten in Ihrer Arbeit mit Jugendlichen und jungen Erwachsenen (16-25 Jahre)? Wenden Sie sich gerne an uns.\" \/>\n<meta name=\"robots\" content=\"index, follow, max-snippet:-1, max-image-preview:large, max-video-preview:-1\" \/>\n<link rel=\"canonical\" href=\"https:\/\/evangelische-beratung.com\/tr\/sucht\/gluecksspiel\/angebote-fuer-menschen-die-mit-jugendlichen-und-jungen-erwachsenen-16\u201025-jahre-arbeiten-schulen-jugendhaeuser-vereine-etc\/\" \/>\n<meta property=\"og:locale\" content=\"tr_TR\" \/>\n<meta property=\"og:type\" content=\"article\" \/>\n<meta property=\"og:title\" content=\"Angebote f\u00fcr Menschen, die mit Jugendlichen arbeiten in Frankfurt\" \/>\n<meta property=\"og:description\" content=\"Sie erleben auff\u00e4lliges Verhalten in Ihrer Arbeit mit Jugendlichen und jungen Erwachsenen (16-25 Jahre)? Wenden Sie sich gerne an uns.\" \/>\n<meta property=\"og:url\" content=\"https:\/\/evangelische-beratung.com\/tr\/sucht\/gluecksspiel\/angebote-fuer-menschen-die-mit-jugendlichen-und-jungen-erwachsenen-16\u201025-jahre-arbeiten-schulen-jugendhaeuser-vereine-etc\/\" \/>\n<meta property=\"og:site_name\" content=\"Evangelischer Regionalverband\" \/>\n<meta property=\"article:modified_time\" content=\"2020-03-24T14:47:42+00:00\" \/>\n<meta name=\"twitter:card\" content=\"summary_large_image\" \/>\n<meta name=\"twitter:label1\" content=\"Tahmini okuma s\u00fcresi\" \/>\n\t<meta name=\"twitter:data1\" content=\"1 dakika\" \/>\n<script type=\"application\/ld+json\" class=\"yoast-schema-graph\">{\"@context\":\"https:\\\/\\\/schema.org\",\"@graph\":[{\"@type\":\"WebPage\",\"@id\":\"https:\\\/\\\/evangelische-beratung.com\\\/tr\\\/sucht\\\/gluecksspiel\\\/angebote-fuer-menschen-die-mit-jugendlichen-und-jungen-erwachsenen-16%e2%80%9025-jahre-arbeiten-schulen-jugendhaeuser-vereine-etc\\\/\",\"url\":\"https:\\\/\\\/evangelische-beratung.com\\\/tr\\\/sucht\\\/gluecksspiel\\\/angebote-fuer-menschen-die-mit-jugendlichen-und-jungen-erwachsenen-16%e2%80%9025-jahre-arbeiten-schulen-jugendhaeuser-vereine-etc\\\/\",\"name\":\"Angebote f\u00fcr Menschen, die mit Jugendlichen arbeiten in Frankfurt\",\"isPartOf\":{\"@id\":\"https:\\\/\\\/evangelische-beratung.com\\\/tr\\\/#website\"},\"datePublished\":\"2019-08-19T10:51:47+00:00\",\"dateModified\":\"2020-03-24T14:47:42+00:00\",\"description\":\"Sie erleben auff\u00e4lliges Verhalten in Ihrer Arbeit mit Jugendlichen und jungen Erwachsenen (16-25 Jahre)? Wenden Sie sich gerne an uns.\",\"breadcrumb\":{\"@id\":\"https:\\\/\\\/evangelische-beratung.com\\\/tr\\\/sucht\\\/gluecksspiel\\\/angebote-fuer-menschen-die-mit-jugendlichen-und-jungen-erwachsenen-16%e2%80%9025-jahre-arbeiten-schulen-jugendhaeuser-vereine-etc\\\/#breadcrumb\"},\"inLanguage\":\"tr\",\"potentialAction\":[{\"@type\":\"ReadAction\",\"target\":[\"https:\\\/\\\/evangelische-beratung.com\\\/tr\\\/sucht\\\/gluecksspiel\\\/angebote-fuer-menschen-die-mit-jugendlichen-und-jungen-erwachsenen-16%e2%80%9025-jahre-arbeiten-schulen-jugendhaeuser-vereine-etc\\\/\"]}]},{\"@type\":\"BreadcrumbList\",\"@id\":\"https:\\\/\\\/evangelische-beratung.com\\\/tr\\\/sucht\\\/gluecksspiel\\\/angebote-fuer-menschen-die-mit-jugendlichen-und-jungen-erwachsenen-16%e2%80%9025-jahre-arbeiten-schulen-jugendhaeuser-vereine-etc\\\/#breadcrumb\",\"itemListElement\":[{\"@type\":\"ListItem\",\"position\":1,\"name\":\"Startseite\",\"item\":\"https:\\\/\\\/evangelische-beratung.com\\\/tr\\\/\"},{\"@type\":\"ListItem\",\"position\":2,\"name\":\"Ba\u011f\u0131ml\u0131l\u0131k\",\"item\":\"https:\\\/\\\/evangelische-beratung.com\\\/tr\\\/sucht\\\/\"},{\"@type\":\"ListItem\",\"position\":3,\"name\":\"Kumar\",\"item\":\"https:\\\/\\\/evangelische-beratung.com\\\/tr\\\/sucht\\\/gluecksspiel\\\/\"},{\"@type\":\"ListItem\",\"position\":4,\"name\":\"Ergenler ve Ergen sonras\u0131 yeti\u015fkinlerle (16-25 ya\u015f aras\u0131) (okullar da, gen\u00e7lik merkezlerinde, derneklerde, vs.) \u00e7al\u0131\u015fan E\u011fitmenlere y\u00f6nelik destek teklifleri\"}]},{\"@type\":\"WebSite\",\"@id\":\"https:\\\/\\\/evangelische-beratung.com\\\/tr\\\/#website\",\"url\":\"https:\\\/\\\/evangelische-beratung.com\\\/tr\\\/\",\"name\":\"Evangelischer Regionalverband\",\"description\":\"\",\"publisher\":{\"@id\":\"https:\\\/\\\/evangelische-beratung.com\\\/tr\\\/#organization\"},\"potentialAction\":[{\"@type\":\"SearchAction\",\"target\":{\"@type\":\"EntryPoint\",\"urlTemplate\":\"https:\\\/\\\/evangelische-beratung.com\\\/tr\\\/?s={search_term_string}\"},\"query-input\":{\"@type\":\"PropertyValueSpecification\",\"valueRequired\":true,\"valueName\":\"search_term_string\"}}],\"inLanguage\":\"tr\"},{\"@type\":\"Organization\",\"@id\":\"https:\\\/\\\/evangelische-beratung.com\\\/tr\\\/#organization\",\"name\":\"Evangelischer Regionalverband Frankfurt und Offenbach\",\"url\":\"https:\\\/\\\/evangelische-beratung.com\\\/tr\\\/\",\"logo\":{\"@type\":\"ImageObject\",\"inLanguage\":\"tr\",\"@id\":\"https:\\\/\\\/evangelische-beratung.com\\\/tr\\\/#\\\/schema\\\/logo\\\/image\\\/\",\"url\":\"https:\\\/\\\/evangelische-beratung.com\\\/tr\\\/wp-content\\\/uploads\\\/sites\\\/8\\\/2019\\\/10\\\/erv-logo.png\",\"contentUrl\":\"https:\\\/\\\/evangelische-beratung.com\\\/tr\\\/wp-content\\\/uploads\\\/sites\\\/8\\\/2019\\\/10\\\/erv-logo.png\",\"width\":1127,\"height\":595,\"caption\":\"Evangelischer Regionalverband Frankfurt und Offenbach\"},\"image\":{\"@id\":\"https:\\\/\\\/evangelische-beratung.com\\\/tr\\\/#\\\/schema\\\/logo\\\/image\\\/\"}}]}<\/script>\n<!-- \/ Yoast SEO plugin. -->","yoast_head_json":{"title":"Angebote f\u00fcr Menschen, die mit Jugendlichen arbeiten in Frankfurt","description":"Sie erleben auff\u00e4lliges Verhalten in Ihrer Arbeit mit Jugendlichen und jungen Erwachsenen (16-25 Jahre)? Wenden Sie sich gerne an uns.","robots":{"index":"index","follow":"follow","max-snippet":"max-snippet:-1","max-image-preview":"max-image-preview:large","max-video-preview":"max-video-preview:-1"},"canonical":"https:\/\/evangelische-beratung.com\/tr\/sucht\/gluecksspiel\/angebote-fuer-menschen-die-mit-jugendlichen-und-jungen-erwachsenen-16\u201025-jahre-arbeiten-schulen-jugendhaeuser-vereine-etc\/","og_locale":"tr_TR","og_type":"article","og_title":"Angebote f\u00fcr Menschen, die mit Jugendlichen arbeiten in Frankfurt","og_description":"Sie erleben auff\u00e4lliges Verhalten in Ihrer Arbeit mit Jugendlichen und jungen Erwachsenen (16-25 Jahre)? Wenden Sie sich gerne an uns.","og_url":"https:\/\/evangelische-beratung.com\/tr\/sucht\/gluecksspiel\/angebote-fuer-menschen-die-mit-jugendlichen-und-jungen-erwachsenen-16\u201025-jahre-arbeiten-schulen-jugendhaeuser-vereine-etc\/","og_site_name":"Evangelischer Regionalverband","article_modified_time":"2020-03-24T14:47:42+00:00","twitter_card":"summary_large_image","twitter_misc":{"Tahmini okuma s\u00fcresi":"1 dakika"},"schema":{"@context":"https:\/\/schema.org","@graph":[{"@type":"WebPage","@id":"https:\/\/evangelische-beratung.com\/tr\/sucht\/gluecksspiel\/angebote-fuer-menschen-die-mit-jugendlichen-und-jungen-erwachsenen-16%e2%80%9025-jahre-arbeiten-schulen-jugendhaeuser-vereine-etc\/","url":"https:\/\/evangelische-beratung.com\/tr\/sucht\/gluecksspiel\/angebote-fuer-menschen-die-mit-jugendlichen-und-jungen-erwachsenen-16%e2%80%9025-jahre-arbeiten-schulen-jugendhaeuser-vereine-etc\/","name":"Angebote f\u00fcr Menschen, die mit Jugendlichen arbeiten in Frankfurt","isPartOf":{"@id":"https:\/\/evangelische-beratung.com\/tr\/#website"},"datePublished":"2019-08-19T10:51:47+00:00","dateModified":"2020-03-24T14:47:42+00:00","description":"Sie erleben auff\u00e4lliges Verhalten in Ihrer Arbeit mit Jugendlichen und jungen Erwachsenen (16-25 Jahre)? Wenden Sie sich gerne an uns.","breadcrumb":{"@id":"https:\/\/evangelische-beratung.com\/tr\/sucht\/gluecksspiel\/angebote-fuer-menschen-die-mit-jugendlichen-und-jungen-erwachsenen-16%e2%80%9025-jahre-arbeiten-schulen-jugendhaeuser-vereine-etc\/#breadcrumb"},"inLanguage":"tr","potentialAction":[{"@type":"ReadAction","target":["https:\/\/evangelische-beratung.com\/tr\/sucht\/gluecksspiel\/angebote-fuer-menschen-die-mit-jugendlichen-und-jungen-erwachsenen-16%e2%80%9025-jahre-arbeiten-schulen-jugendhaeuser-vereine-etc\/"]}]},{"@type":"BreadcrumbList","@id":"https:\/\/evangelische-beratung.com\/tr\/sucht\/gluecksspiel\/angebote-fuer-menschen-die-mit-jugendlichen-und-jungen-erwachsenen-16%e2%80%9025-jahre-arbeiten-schulen-jugendhaeuser-vereine-etc\/#breadcrumb","itemListElement":[{"@type":"ListItem","position":1,"name":"Startseite","item":"https:\/\/evangelische-beratung.com\/tr\/"},{"@type":"ListItem","position":2,"name":"Ba\u011f\u0131ml\u0131l\u0131k","item":"https:\/\/evangelische-beratung.com\/tr\/sucht\/"},{"@type":"ListItem","position":3,"name":"Kumar","item":"https:\/\/evangelische-beratung.com\/tr\/sucht\/gluecksspiel\/"},{"@type":"ListItem","position":4,"name":"Ergenler ve Ergen sonras\u0131 yeti\u015fkinlerle (16-25 ya\u015f aras\u0131) (okullar da, gen\u00e7lik merkezlerinde, derneklerde, vs.) \u00e7al\u0131\u015fan E\u011fitmenlere y\u00f6nelik destek teklifleri"}]},{"@type":"WebSite","@id":"https:\/\/evangelische-beratung.com\/tr\/#website","url":"https:\/\/evangelische-beratung.com\/tr\/","name":"Evangelischer Regionalverband","description":"","publisher":{"@id":"https:\/\/evangelische-beratung.com\/tr\/#organization"},"potentialAction":[{"@type":"SearchAction","target":{"@type":"EntryPoint","urlTemplate":"https:\/\/evangelische-beratung.com\/tr\/?s={search_term_string}"},"query-input":{"@type":"PropertyValueSpecification","valueRequired":true,"valueName":"search_term_string"}}],"inLanguage":"tr"},{"@type":"Organization","@id":"https:\/\/evangelische-beratung.com\/tr\/#organization","name":"Evangelischer Regionalverband Frankfurt und Offenbach","url":"https:\/\/evangelische-beratung.com\/tr\/","logo":{"@type":"ImageObject","inLanguage":"tr","@id":"https:\/\/evangelische-beratung.com\/tr\/#\/schema\/logo\/image\/","url":"https:\/\/evangelische-beratung.com\/tr\/wp-content\/uploads\/sites\/8\/2019\/10\/erv-logo.png","contentUrl":"https:\/\/evangelische-beratung.com\/tr\/wp-content\/uploads\/sites\/8\/2019\/10\/erv-logo.png","width":1127,"height":595,"caption":"Evangelischer Regionalverband Frankfurt und Offenbach"},"image":{"@id":"https:\/\/evangelische-beratung.com\/tr\/#\/schema\/logo\/image\/"}}]}},"_links":{"self":[{"href":"https:\/\/evangelische-beratung.com\/tr\/wp-json\/wp\/v2\/pages\/378","targetHints":{"allow":["GET"]}}],"collection":[{"href":"https:\/\/evangelische-beratung.com\/tr\/wp-json\/wp\/v2\/pages"}],"about":[{"href":"https:\/\/evangelische-beratung.com\/tr\/wp-json\/wp\/v2\/types\/page"}],"author":[{"embeddable":true,"href":"https:\/\/evangelische-beratung.com\/tr\/wp-json\/wp\/v2\/users\/3"}],"replies":[{"embeddable":true,"href":"https:\/\/evangelische-beratung.com\/tr\/wp-json\/wp\/v2\/comments?post=378"}],"version-history":[{"count":5,"href":"https:\/\/evangelische-beratung.com\/tr\/wp-json\/wp\/v2\/pages\/378\/revisions"}],"predecessor-version":[{"id":1431,"href":"https:\/\/evangelische-beratung.com\/tr\/wp-json\/wp\/v2\/pages\/378\/revisions\/1431"}],"up":[{"embeddable":true,"href":"https:\/\/evangelische-beratung.com\/tr\/wp-json\/wp\/v2\/pages\/256"}],"wp:attachment":[{"href":"https:\/\/evangelische-beratung.com\/tr\/wp-json\/wp\/v2\/media?parent=378"}],"curies":[{"name":"wp","href":"https:\/\/api.w.org\/{rel}","templated":true}]}}