{"id":37,"date":"2019-07-21T22:19:34","date_gmt":"2019-07-21T20:19:34","guid":{"rendered":"https:\/\/evangelische-beratung.com\/tr\/?page_id=37"},"modified":"2026-04-14T09:41:23","modified_gmt":"2026-04-14T07:41:23","slug":"sucht","status":"publish","type":"page","link":"https:\/\/evangelische-beratung.com\/tr\/sucht\/","title":{"rendered":"Ba\u011f\u0131ml\u0131l\u0131k"},"content":{"rendered":"\n<p class=\"has-text-align-center is-style-teaser\">Ba\u011f\u0131ml\u0131l\u0131k ile ilgili genel Konularda sizi bilgilendirir ve  yard\u0131mlarda bulunuruz. Alkol, yasad\u0131\u015f\u0131 uyu\u015fturucu, \u0130la\u00e7lar ve kumar oyunlar\u0131 gibi di\u011fer Ba\u011f\u0131ml\u0131l\u0131klar.  Dan\u0131\u015fma hizmetlerimiz ba\u011f\u0131ml\u0131 ki\u015fiye destek yard\u0131m\u0131nda bulundu\u011fu gibi, ba\u011f\u0131ml\u0131 ki\u015finin yak\u0131nlar\u0131na ve Sosyal \u00e7evresine de hizmet vermektedir.<\/p>\n\n\n\n<div class=\"wp-block-columns has-2-columns -right-at-edge is-layout-flow wp-block-columns-is-layout-flow\">\n<div class=\"wp-block-column is-layout-flow wp-block-column-is-layout-flow\">\n<figure class=\"wp-block-image\"><img loading=\"lazy\" decoding=\"async\" width=\"1024\" height=\"401\" src=\"https:\/\/evangelische-beratung.com\/tr\/wp-content\/uploads\/sites\/8\/2019\/08\/HERO_Suchtberatung_Gruppensituation-2-1024x401.jpg\" alt=\"\" class=\"wp-image-236\" srcset=\"https:\/\/evangelische-beratung.com\/tr\/wp-content\/uploads\/sites\/8\/2019\/08\/HERO_Suchtberatung_Gruppensituation-2-1024x401.jpg 1024w, https:\/\/evangelische-beratung.com\/tr\/wp-content\/uploads\/sites\/8\/2019\/08\/HERO_Suchtberatung_Gruppensituation-2-300x117.jpg 300w, https:\/\/evangelische-beratung.com\/tr\/wp-content\/uploads\/sites\/8\/2019\/08\/HERO_Suchtberatung_Gruppensituation-2-768x301.jpg 768w, https:\/\/evangelische-beratung.com\/tr\/wp-content\/uploads\/sites\/8\/2019\/08\/HERO_Suchtberatung_Gruppensituation-2.jpg 1840w\" sizes=\"auto, 100vw\" \/><\/figure>\n<\/div>\n\n\n\n<div class=\"wp-block-column is-layout-flow wp-block-column-is-layout-flow\">\n<p><\/p>\n<\/div>\n<\/div>\n\n\n\n<h2 class=\"wp-block-heading\"><strong>Korona\ng\u00fcnlerinde yard\u0131m ve destek \u2013 Sizin i\u00e7in buraday\u0131z!<\/strong><strong><\/strong><\/h2>\n\n\n\n<p>Koronavir\u00fcs tedbirleri kapsam\u0131nda g\u00fcncel\ns\u0131n\u0131rlamalar ve buna ba\u011fl\u0131 belirsizlik bir\u00e7ok insan i\u00e7in b\u00fcy\u00fck zorluklar\nyaratmaktad\u0131r. Bu zorlu d\u00f6nemde sizi yaln\u0131z b\u0131rakm\u0131yoruz.<\/p>\n\n\n\n<h4 class=\"wp-block-heading\"><strong>Sizin\ni\u00e7in buraday\u0131z <\/strong><strong><\/strong><\/h4>\n\n\n\n<ul class=\"wp-block-list\"><li>Acil durumlarda ve kriz durumlar\u0131nda<\/li><li>Telefonda ve korumal\u0131 \u00e7evrimi\u00e7i portalda <strong>\u00fccretsiz ve g\u00fcvenilir dan\u0131\u015fmanl\u0131k hizmeti<\/strong><\/li><li>Ayr\u0131ca \u00f6zel m\u00fcnferit durumlarda ki\u015fiye \u00f6zel\nhizmet<\/li><li>Akut krizlerde m\u00fcmk\u00fcn oldu\u011funca h\u0131zl\u0131<\/li><\/ul>\n\n\n\n<h4 class=\"wp-block-heading\"><strong>Bize ula\u015f\u0131n<\/strong><strong><\/strong><\/h4>\n\n\n\n<div class=\"wp-block-columns alignwide has-3-columns -columns-equal-height is-layout-flex wp-container-core-columns-is-layout-9d6595d7 wp-block-columns-is-layout-flex\">\n<div class=\"wp-block-column is-layout-flow wp-block-column-is-layout-flow\"><div class=\"wp-block-erv-tile \">\n\t\t\t<div>\n\t\t\t<a href=\"https:\/\/evangelische-beratung.com\/tr\/sucht\/alkohol\/\" tabindex=\"-1\" aria-hidden=\"true\" ><\/a>\n\t\t\t<h2 class=\"tile-title\"><a href=\"https:\/\/evangelische-beratung.com\/tr\/sucht\/alkohol\/\" >Alkol<\/a><\/h2>\n\t\t\t\n\t\t\t<p aria-hidden=\"true\" class=\"-is-micro\"><svg xmlns=\"http:\/\/www.w3.org\/2000\/svg\" viewBox=\"0 0 13 10\"><path d=\"M1.5 5H12M8 1l4 4-4 4\" fill=\"none\" stroke=\"#a22a45\" stroke-width=\"1.2\" stroke-linecap=\"round\" stroke-linejoin=\"round\"\/><\/svg><\/p>\n\t\t\t<\/div>\n\t\t<\/div>\n\n<div class=\"wp-block-erv-tile \">\n\t\t\t<div>\n\t\t\t<a href=\"https:\/\/evangelische-beratung.com\/tr\/sucht\/medikatmente\/\" tabindex=\"-1\" aria-hidden=\"true\" ><\/a>\n\t\t\t<h2 class=\"tile-title\"><a href=\"https:\/\/evangelische-beratung.com\/tr\/sucht\/medikatmente\/\" >\u0130la\u00e7lar<\/a><\/h2>\n\t\t\t\n\t\t\t<p aria-hidden=\"true\" class=\"-is-micro\"><svg xmlns=\"http:\/\/www.w3.org\/2000\/svg\" viewBox=\"0 0 13 10\"><path d=\"M1.5 5H12M8 1l4 4-4 4\" fill=\"none\" stroke=\"#a22a45\" stroke-width=\"1.2\" stroke-linecap=\"round\" stroke-linejoin=\"round\"\/><\/svg><\/p>\n\t\t\t<\/div>\n\t\t<\/div>\n\n\n<div style=\"height:30px\" aria-hidden=\"true\" class=\"wp-block-spacer\"><\/div>\n\n\n\n<div style=\"height:30px\" aria-hidden=\"true\" class=\"wp-block-spacer\"><\/div>\n\n\n\n<p><\/p>\n<\/div>\n\n\n\n<div class=\"wp-block-column is-layout-flow wp-block-column-is-layout-flow\"><div class=\"wp-block-erv-tile \">\n\t\t\t<div>\n\t\t\t<a href=\"https:\/\/evangelische-beratung.com\/tr\/sucht\/gluecksspiel\/\" tabindex=\"-1\" aria-hidden=\"true\" ><\/a>\n\t\t\t<h2 class=\"tile-title\"><a href=\"https:\/\/evangelische-beratung.com\/tr\/sucht\/gluecksspiel\/\" >Kumar<\/a><\/h2>\n\t\t\t\n\t\t\t<p aria-hidden=\"true\" class=\"-is-micro\"><svg xmlns=\"http:\/\/www.w3.org\/2000\/svg\" viewBox=\"0 0 13 10\"><path d=\"M1.5 5H12M8 1l4 4-4 4\" fill=\"none\" stroke=\"#a22a45\" stroke-width=\"1.2\" stroke-linecap=\"round\" stroke-linejoin=\"round\"\/><\/svg><\/p>\n\t\t\t<\/div>\n\t\t<\/div>\n\n\n<div style=\"height:30px\" aria-hidden=\"true\" class=\"wp-block-spacer\"><\/div>\n\n\n\n<div style=\"height:30px\" aria-hidden=\"true\" class=\"wp-block-spacer\"><\/div>\n<\/div>\n\n\n\n<div class=\"wp-block-column is-layout-flow wp-block-column-is-layout-flow\"><div class=\"wp-block-erv-tile \">\n\t\t\t<div>\n\t\t\t<a href=\"https:\/\/evangelische-beratung.com\/tr\/sucht\/angehoerigenberatung\/\" tabindex=\"-1\" aria-hidden=\"true\" ><\/a>\n\t\t\t<h2 class=\"tile-title\"><a href=\"https:\/\/evangelische-beratung.com\/tr\/sucht\/angehoerigenberatung\/\" >Ba\u011f\u0131ml\u0131 ki\u015fi ailelerine dan\u0131\u015fmanl\u0131k hizmeti<\/a><\/h2>\n\t\t\t\n\t\t\t<p aria-hidden=\"true\" class=\"-is-micro\"><svg xmlns=\"http:\/\/www.w3.org\/2000\/svg\" viewBox=\"0 0 13 10\"><path d=\"M1.5 5H12M8 1l4 4-4 4\" fill=\"none\" stroke=\"#a22a45\" stroke-width=\"1.2\" stroke-linecap=\"round\" stroke-linejoin=\"round\"\/><\/svg><\/p>\n\t\t\t<\/div>\n\t\t<\/div>\n\n\n<div style=\"height:30px\" aria-hidden=\"true\" class=\"wp-block-spacer\"><\/div>\n\n\n\n<div style=\"height:30px\" aria-hidden=\"true\" class=\"wp-block-spacer\"><\/div>\n<\/div>\n<\/div>\n\n\n\n<div class=\"wp-block-erv-container -has-background\">\n<div class=\"wp-block-columns alignwide has-2-columns is-layout-flex wp-container-core-columns-is-layout-9d6595d7 wp-block-columns-is-layout-flex\">\n<div class=\"wp-block-column is-layout-flow wp-block-column-is-layout-flow\">\n<p class=\"is-style-roof-line\">ileti\u015fim<\/p>\n\n\n\n<h2 class=\"wp-block-heading\">Ba\u011f\u0131ml\u0131l\u0131k Dan\u0131\u015fmanl\u0131\u011f\u0131<\/h2>\n\n\n\n<p class=\"is-style-teaser phone margin-top-auto margin-bottom-0\">069 \/ 530 2 302 <\/p>\n\n\n\n<p class=\"is-style-micro margin-bottom-2\">Pazartesi- Per\u015fembe saat 9:00 &#8211; 17:00 aras\u0131, <br>Cuma ,saat  9:00 &#8211; 15:00 aras\u0131<br><br>A\u00e7\u0131k hizmet saatleri, Evangelisches Zentrum Am Wei\u00dfen Stein<br>Pazartesi, \u00e7arsamba, Cuma saat  9:00 -11:00 aras\u0131<br>Sal\u0131 saat 13:30 &#8211; 15.00 aras\u0131<br>Per\u015fembe saat  16:00 &#8211; 17.30 aras\u0131<\/p>\n\n\n\n<p class=\"is-style-micro\">A\u00e7\u0131k hizmet saatleri, tamamen Ba\u011f\u0131ml\u0131l\u0131ktan kurtulmu\u015f,  \u201eWir wissen wovon wir reden\u201c G\u00f6n\u00fcll\u00fc Ba\u011f\u0131ml\u0131l\u0131k Dan\u0131\u015fmanlar\u0131, taraf\u0131r\u0131dan sunulur. <strong> Alte Backstube, Dominikanergasse 7, <\/strong>Sal\u0131 saat <strong> 17:30 \u2013 18:30 <\/strong> aras\u0131<strong> <\/strong>&nbsp;<\/p>\n<\/div>\n\n\n\n<div class=\"wp-block-column is-layout-flow wp-block-column-is-layout-flow\">\n<p><\/p>\n<\/div>\n<\/div>\n\n\n\n<p><\/p>\n<\/div>\n\n\n\n<p class=\"has-text-align-center is-style-roof-line\"><strong>Evangelischer Zentrum f\u00fcr Beratung &amp; Therapie Am Wei\u00dfen Stein<\/strong>`daki <strong>\u0130leti\u015fim i\u00e7in Bay\/Bayan g\u00f6revliler<\/strong><\/p>\n\n\n\n<div class=\"wp-block-columns alignwide has-3-columns is-layout-flex wp-container-core-columns-is-layout-9d6595d7 wp-block-columns-is-layout-flex\">\n<div class=\"wp-block-column is-layout-flow wp-block-column-is-layout-flow\">\n<div class=\"wp-block-erv-id-card\"><div class=\"id-card-content\"><figure class=\"id-card-photo\"><img decoding=\"async\" src=\"https:\/\/evangelische-beratung.com\/wp-content\/uploads\/2019\/08\/Monika-Schiemann_Verwaltung-Suchtberatung-300x200.jpg\" \/><\/figure><div class=\"id-card-details\"><p class=\"id-card-name\">Monika Schiemann<\/p><p class=\"id-card-job\">Sekretariat &amp; Anmeldung<\/p><p class=\"id-card-location\">Frankfurt<\/p><p class=\"id-card-phone\">069 \/ 53 02 302 <\/p><p class=\"id-card-email\"><a href=\"&#109;&#x61;i&#108;&#x74;o&#58;&#x73;u&#99;&#x68;t&#98;&#x65;&#114;&#x61;&#x74;&#117;&#x6e;&#x67;&#64;&#x66;r&#97;&#x6e;k&#102;&#x75;r&#116;&#x2d;e&#118;&#x61;&#110;&#x67;&#x65;&#108;&#x69;&#x73;&#99;&#x68;&#46;&#100;&#x65;\">E-Mail<\/a><\/p><\/div><\/div><\/div>\n\n\n\n<div class=\"wp-block-erv-id-card\"><div class=\"id-card-content\"><figure class=\"id-card-photo\"><img decoding=\"async\" src=\"https:\/\/evangelische-beratung.com\/wp-content\/uploads\/2020\/01\/Ralf-Hoelzel_Suchtberatung-300x300.jpg\" \/><\/figure><div class=\"id-card-details\"><p class=\"id-card-name\">Ralf H\u00f6lzel<\/p><p class=\"id-card-job\">Fachberater Gl\u00fccksspiel<\/p><p class=\"id-card-location\">Frankfurt<\/p><p class=\"id-card-phone\">069 \/ 53 02 306<\/p><p class=\"id-card-email\"><a href=\"&#x6d;&#97;i&#x6c;&#116;o&#x3a;&#114;a&#x6c;&#102;&#46;&#x68;&#111;e&#x6c;&#x7a;e&#x6c;&#x40;&#102;&#x72;&#x61;&#110;&#x6b;&#x66;&#117;r&#x74;&#45;e&#x76;&#97;n&#x67;&#101;l&#x69;&#115;c&#x68;&#x2e;d&#x65;\">E-Mail<\/a><\/p><\/div><\/div><\/div>\n\n\n\n<div class=\"wp-block-erv-id-card\"><div class=\"id-card-content\"><figure class=\"id-card-photo\"><img decoding=\"async\" src=\"https:\/\/evangelische-beratung.com\/wp-content\/uploads\/2019\/08\/beate-fuchs_suchtberatung-hoechst-e1576424435131-300x268.jpg\" \/><\/figure><div class=\"id-card-details\"><p class=\"id-card-name\">Beate Fuchs<\/p><p class=\"id-card-job\">Beratung<\/p><p class=\"id-card-location\">H\u00f6chst<\/p><p class=\"id-card-phone\">069 \/ 75 93 672 60<\/p><p class=\"id-card-email\"><a href=\"&#x6d;&#97;&#x69;&#108;t&#x6f;&#58;b&#x65;&#97;&#x74;&#x65;&#46;&#x66;&#117;c&#x68;&#115;&#x40;&#x66;r&#x61;&#110;k&#x66;&#117;r&#x74;&#45;&#x65;&#118;a&#x6e;&#103;e&#x6c;&#105;&#x73;&#x63;h&#x2e;&#100;e\">E-Mail<\/a><\/p><\/div><\/div><\/div>\n<\/div>\n\n\n\n<div class=\"wp-block-column is-layout-flow wp-block-column-is-layout-flow\">\n<div class=\"wp-block-erv-id-card\"><div class=\"id-card-content\"><figure class=\"id-card-photo\"><img decoding=\"async\" src=\"https:\/\/evangelische-beratung.com\/wp-content\/uploads\/2025\/04\/portrait_platzhalter-1-300x300-1.jpg\" \/><\/figure><div class=\"id-card-details\"><p class=\"id-card-name\">N. N. <\/p><p class=\"id-card-job\">Leitung<\/p><p class=\"id-card-location\">Frankfurt<\/p><p class=\"id-card-phone\">069 \/ 53 02 301<\/p><p class=\"id-card-email\"><a href=\"&#x6d;&#x61;&#x69;&#x6c;&#x74;&#x6f;&#58;&#115;&#117;&#99;htbe&#x72;&#x61;&#x74;&#x75;&#x6e;&#x67;&#64;&#102;&#114;&#97;&#110;kfu&#x72;&#x74;&#x2d;&#x65;&#x76;&#x61;&#110;&#103;&#101;&#108;&#105;sch&#x2e;&#x64;&#x65;\">E-Mail<\/a><\/p><\/div><\/div><\/div>\n\n\n\n<div class=\"wp-block-erv-id-card\"><div class=\"id-card-content\"><figure class=\"id-card-photo\"><img decoding=\"async\" src=\"https:\/\/evangelische-beratung.com\/wp-content\/uploads\/2020\/02\/Veit-Wennhak_2-300x200.jpg\" \/><\/figure><div class=\"id-card-details\"><p class=\"id-card-name\">Veit Wennhak <\/p><p class=\"id-card-job\">Fachberater Gl\u00fccksspiel<\/p><p class=\"id-card-location\">Frankfurt<\/p><p class=\"id-card-phone\">069 \/ 53 02 307<\/p><p class=\"id-card-email\"><a href=\"&#109;&#x61;&#105;&#x6c;&#116;&#x6f;&#58;&#x76;&#101;&#x69;&#116;&#x2e;&#119;&#x65;&#110;&#x6e;&#104;&#x61;&#107;&#x40;&#102;&#x72;&#97;&#x6e;&#107;&#x66;u&#x72;t&#x2d;e&#x76;a&#x6e;g&#x65;l&#x69;s&#x63;h&#x2e;d&#x65;\">E-Mail<\/a><\/p><\/div><\/div><\/div>\n<\/div>\n\n\n\n<div class=\"wp-block-column is-layout-flow wp-block-column-is-layout-flow\">\n<div class=\"wp-block-erv-id-card\"><div class=\"id-card-content\"><figure class=\"id-card-photo\"><img decoding=\"async\" src=\"https:\/\/evangelische-beratung.com\/wp-content\/uploads\/2020\/01\/portrait_platzhalter-1-300x300.jpg\"\/><\/figure><div class=\"id-card-details\"><p class=\"id-card-name\">Anzhelina Blum<\/p><p class=\"id-card-job\">Beratung &amp; Therapie<\/p><p class=\"id-card-location\">Frankfurt<\/p><p class=\"id-card-phone\">069 \/ 53 02 303<\/p><p class=\"id-card-email\"><a href=\"&#109;&#x61;&#x69;l&#116;&#x6f;&#x3a;a&#110;&#x7a;h&#101;&#x6c;&#x69;n&#97;&#x2e;b&#108;&#x75;&#x6d;&#64;&#102;&#x72;&#x61;&#110;&#x6b;&#x66;u&#114;&#x74;&#x2d;e&#118;&#x61;n&#103;&#x65;&#x6c;i&#115;&#x63;h&#46;&#x64;&#x65;\">E-Mail<\/a><\/p><\/div><\/div><\/div>\n\n\n\n<div class=\"wp-block-erv-id-card\"><div class=\"id-card-content\"><figure class=\"id-card-photo\"><img decoding=\"async\" src=\"https:\/\/evangelische-beratung.com\/wp-content\/uploads\/2020\/01\/portrait_platzhalter-1-300x300.jpg\"\/><\/figure><div class=\"id-card-details\"><p class=\"id-card-name\">Katrin Werland<\/p><p class=\"id-card-job\">Beratung &amp; Therapie<\/p><p class=\"id-card-location\">Frankfurt<\/p><p class=\"id-card-phone\">069 \/ 53 02 305<\/p><p class=\"id-card-email\"><a href=\"&#109;&#x61;&#105;&#x6c;t&#111;&#x3a;&#107;&#x61;t&#x72;i&#110;&#x2e;&#119;&#x65;r&#x6c;&#x61;&#110;&#x64;&#64;&#x66;r&#97;&#x6e;&#107;&#x66;u&#x72;t&#45;&#x65;&#118;&#x61;n&#103;&#x65;&#108;&#x69;s&#x63;h&#46;&#x64;&#101;\">E-Mail<\/a><\/p><\/div><\/div><\/div>\n<\/div>\n<\/div>\n","protected":false},"excerpt":{"rendered":"<p>Ba\u011f\u0131ml\u0131l\u0131k ile ilgili genel Konularda sizi bilgilendirir ve yard\u0131mlarda bulunuruz. Alkol, yasad\u0131\u015f\u0131 uyu\u015fturucu, \u0130la\u00e7lar ve kumar oyunlar\u0131 gibi di\u011fer Ba\u011f\u0131ml\u0131l\u0131klar. Dan\u0131\u015fma hizmetlerimiz ba\u011f\u0131ml\u0131 ki\u015fiye destek yard\u0131m\u0131nda bulundu\u011fu gibi, ba\u011f\u0131ml\u0131 ki\u015finin yak\u0131nlar\u0131na ve Sosyal \u00e7evresine de hizmet vermektedir. Korona g\u00fcnlerinde yard\u0131m ve destek \u2013 Sizin i\u00e7in buraday\u0131z! Koronavir\u00fcs tedbirleri kapsam\u0131nda g\u00fcncel s\u0131n\u0131rlamalar ve buna ba\u011fl\u0131 belirsizlik [&hellip;]<\/p>\n","protected":false},"author":36,"featured_media":236,"parent":0,"menu_order":0,"comment_status":"closed","ping_status":"closed","template":"","meta":{"footnotes":""},"class_list":["post-37","page","type-page","status-publish","has-post-thumbnail","hentry"],"yoast_head":"<!-- This site is optimized with the Yoast SEO plugin v27.3 - https:\/\/yoast.com\/product\/yoast-seo-wordpress\/ -->\n<title>Beratung rund um das Thema Sucht in Frankfurt beim Ev. Regionalverband<\/title>\n<meta name=\"description\" content=\"Bei uns erhalten Sie Informationen und Hilfestellungen rund um das Thema Sucht. Vertraulich und kostenfrei. Wir helfen Ihnen.\" \/>\n<meta name=\"robots\" content=\"index, follow, max-snippet:-1, max-image-preview:large, max-video-preview:-1\" \/>\n<link rel=\"canonical\" href=\"https:\/\/evangelische-beratung.com\/tr\/sucht\/\" \/>\n<meta property=\"og:locale\" content=\"tr_TR\" \/>\n<meta property=\"og:type\" content=\"article\" \/>\n<meta property=\"og:title\" content=\"Beratung rund um das Thema Sucht in Frankfurt beim Ev. Regionalverband\" \/>\n<meta property=\"og:description\" content=\"Bei uns erhalten Sie Informationen und Hilfestellungen rund um das Thema Sucht. Vertraulich und kostenfrei. Wir helfen Ihnen.\" \/>\n<meta property=\"og:url\" content=\"https:\/\/evangelische-beratung.com\/tr\/sucht\/\" \/>\n<meta property=\"og:site_name\" content=\"Evangelischer Regionalverband\" \/>\n<meta property=\"article:modified_time\" content=\"2026-04-14T07:41:23+00:00\" \/>\n<meta property=\"og:image\" content=\"https:\/\/evangelische-beratung.com\/tr\/wp-content\/uploads\/sites\/8\/2019\/08\/HERO_Suchtberatung_Gruppensituation-2.jpg\" \/>\n\t<meta property=\"og:image:width\" content=\"1840\" \/>\n\t<meta property=\"og:image:height\" content=\"720\" \/>\n\t<meta property=\"og:image:type\" content=\"image\/jpeg\" \/>\n<meta name=\"twitter:card\" content=\"summary_large_image\" \/>\n<meta name=\"twitter:label1\" content=\"Tahmini okuma s\u00fcresi\" \/>\n\t<meta name=\"twitter:data1\" content=\"2 dakika\" \/>\n<script type=\"application\/ld+json\" class=\"yoast-schema-graph\">{\"@context\":\"https:\\\/\\\/schema.org\",\"@graph\":[{\"@type\":\"WebPage\",\"@id\":\"https:\\\/\\\/evangelische-beratung.com\\\/tr\\\/sucht\\\/\",\"url\":\"https:\\\/\\\/evangelische-beratung.com\\\/tr\\\/sucht\\\/\",\"name\":\"Beratung rund um das Thema Sucht in Frankfurt beim Ev. Regionalverband\",\"isPartOf\":{\"@id\":\"https:\\\/\\\/evangelische-beratung.com\\\/tr\\\/#website\"},\"primaryImageOfPage\":{\"@id\":\"https:\\\/\\\/evangelische-beratung.com\\\/tr\\\/sucht\\\/#primaryimage\"},\"image\":{\"@id\":\"https:\\\/\\\/evangelische-beratung.com\\\/tr\\\/sucht\\\/#primaryimage\"},\"thumbnailUrl\":\"https:\\\/\\\/evangelische-beratung.com\\\/tr\\\/wp-content\\\/uploads\\\/sites\\\/8\\\/2019\\\/08\\\/HERO_Suchtberatung_Gruppensituation-2.jpg\",\"datePublished\":\"2019-07-21T20:19:34+00:00\",\"dateModified\":\"2026-04-14T07:41:23+00:00\",\"description\":\"Bei uns erhalten Sie Informationen und Hilfestellungen rund um das Thema Sucht. Vertraulich und kostenfrei. Wir helfen Ihnen.\",\"breadcrumb\":{\"@id\":\"https:\\\/\\\/evangelische-beratung.com\\\/tr\\\/sucht\\\/#breadcrumb\"},\"inLanguage\":\"tr\",\"potentialAction\":[{\"@type\":\"ReadAction\",\"target\":[\"https:\\\/\\\/evangelische-beratung.com\\\/tr\\\/sucht\\\/\"]}]},{\"@type\":\"ImageObject\",\"inLanguage\":\"tr\",\"@id\":\"https:\\\/\\\/evangelische-beratung.com\\\/tr\\\/sucht\\\/#primaryimage\",\"url\":\"https:\\\/\\\/evangelische-beratung.com\\\/tr\\\/wp-content\\\/uploads\\\/sites\\\/8\\\/2019\\\/08\\\/HERO_Suchtberatung_Gruppensituation-2.jpg\",\"contentUrl\":\"https:\\\/\\\/evangelische-beratung.com\\\/tr\\\/wp-content\\\/uploads\\\/sites\\\/8\\\/2019\\\/08\\\/HERO_Suchtberatung_Gruppensituation-2.jpg\",\"width\":1840,\"height\":720},{\"@type\":\"BreadcrumbList\",\"@id\":\"https:\\\/\\\/evangelische-beratung.com\\\/tr\\\/sucht\\\/#breadcrumb\",\"itemListElement\":[{\"@type\":\"ListItem\",\"position\":1,\"name\":\"Startseite\",\"item\":\"https:\\\/\\\/evangelische-beratung.com\\\/tr\\\/\"},{\"@type\":\"ListItem\",\"position\":2,\"name\":\"Ba\u011f\u0131ml\u0131l\u0131k\"}]},{\"@type\":\"WebSite\",\"@id\":\"https:\\\/\\\/evangelische-beratung.com\\\/tr\\\/#website\",\"url\":\"https:\\\/\\\/evangelische-beratung.com\\\/tr\\\/\",\"name\":\"Evangelischer Regionalverband\",\"description\":\"\",\"publisher\":{\"@id\":\"https:\\\/\\\/evangelische-beratung.com\\\/tr\\\/#organization\"},\"potentialAction\":[{\"@type\":\"SearchAction\",\"target\":{\"@type\":\"EntryPoint\",\"urlTemplate\":\"https:\\\/\\\/evangelische-beratung.com\\\/tr\\\/?s={search_term_string}\"},\"query-input\":{\"@type\":\"PropertyValueSpecification\",\"valueRequired\":true,\"valueName\":\"search_term_string\"}}],\"inLanguage\":\"tr\"},{\"@type\":\"Organization\",\"@id\":\"https:\\\/\\\/evangelische-beratung.com\\\/tr\\\/#organization\",\"name\":\"Evangelischer Regionalverband Frankfurt und Offenbach\",\"url\":\"https:\\\/\\\/evangelische-beratung.com\\\/tr\\\/\",\"logo\":{\"@type\":\"ImageObject\",\"inLanguage\":\"tr\",\"@id\":\"https:\\\/\\\/evangelische-beratung.com\\\/tr\\\/#\\\/schema\\\/logo\\\/image\\\/\",\"url\":\"https:\\\/\\\/evangelische-beratung.com\\\/tr\\\/wp-content\\\/uploads\\\/sites\\\/8\\\/2019\\\/10\\\/erv-logo.png\",\"contentUrl\":\"https:\\\/\\\/evangelische-beratung.com\\\/tr\\\/wp-content\\\/uploads\\\/sites\\\/8\\\/2019\\\/10\\\/erv-logo.png\",\"width\":1127,\"height\":595,\"caption\":\"Evangelischer Regionalverband Frankfurt und Offenbach\"},\"image\":{\"@id\":\"https:\\\/\\\/evangelische-beratung.com\\\/tr\\\/#\\\/schema\\\/logo\\\/image\\\/\"}}]}<\/script>\n<!-- \/ Yoast SEO plugin. -->","yoast_head_json":{"title":"Beratung rund um das Thema Sucht in Frankfurt beim Ev. Regionalverband","description":"Bei uns erhalten Sie Informationen und Hilfestellungen rund um das Thema Sucht. Vertraulich und kostenfrei. Wir helfen Ihnen.","robots":{"index":"index","follow":"follow","max-snippet":"max-snippet:-1","max-image-preview":"max-image-preview:large","max-video-preview":"max-video-preview:-1"},"canonical":"https:\/\/evangelische-beratung.com\/tr\/sucht\/","og_locale":"tr_TR","og_type":"article","og_title":"Beratung rund um das Thema Sucht in Frankfurt beim Ev. Regionalverband","og_description":"Bei uns erhalten Sie Informationen und Hilfestellungen rund um das Thema Sucht. Vertraulich und kostenfrei. Wir helfen Ihnen.","og_url":"https:\/\/evangelische-beratung.com\/tr\/sucht\/","og_site_name":"Evangelischer Regionalverband","article_modified_time":"2026-04-14T07:41:23+00:00","og_image":[{"width":1840,"height":720,"url":"https:\/\/evangelische-beratung.com\/tr\/wp-content\/uploads\/sites\/8\/2019\/08\/HERO_Suchtberatung_Gruppensituation-2.jpg","type":"image\/jpeg"}],"twitter_card":"summary_large_image","twitter_misc":{"Tahmini okuma s\u00fcresi":"2 dakika"},"schema":{"@context":"https:\/\/schema.org","@graph":[{"@type":"WebPage","@id":"https:\/\/evangelische-beratung.com\/tr\/sucht\/","url":"https:\/\/evangelische-beratung.com\/tr\/sucht\/","name":"Beratung rund um das Thema Sucht in Frankfurt beim Ev. Regionalverband","isPartOf":{"@id":"https:\/\/evangelische-beratung.com\/tr\/#website"},"primaryImageOfPage":{"@id":"https:\/\/evangelische-beratung.com\/tr\/sucht\/#primaryimage"},"image":{"@id":"https:\/\/evangelische-beratung.com\/tr\/sucht\/#primaryimage"},"thumbnailUrl":"https:\/\/evangelische-beratung.com\/tr\/wp-content\/uploads\/sites\/8\/2019\/08\/HERO_Suchtberatung_Gruppensituation-2.jpg","datePublished":"2019-07-21T20:19:34+00:00","dateModified":"2026-04-14T07:41:23+00:00","description":"Bei uns erhalten Sie Informationen und Hilfestellungen rund um das Thema Sucht. Vertraulich und kostenfrei. Wir helfen Ihnen.","breadcrumb":{"@id":"https:\/\/evangelische-beratung.com\/tr\/sucht\/#breadcrumb"},"inLanguage":"tr","potentialAction":[{"@type":"ReadAction","target":["https:\/\/evangelische-beratung.com\/tr\/sucht\/"]}]},{"@type":"ImageObject","inLanguage":"tr","@id":"https:\/\/evangelische-beratung.com\/tr\/sucht\/#primaryimage","url":"https:\/\/evangelische-beratung.com\/tr\/wp-content\/uploads\/sites\/8\/2019\/08\/HERO_Suchtberatung_Gruppensituation-2.jpg","contentUrl":"https:\/\/evangelische-beratung.com\/tr\/wp-content\/uploads\/sites\/8\/2019\/08\/HERO_Suchtberatung_Gruppensituation-2.jpg","width":1840,"height":720},{"@type":"BreadcrumbList","@id":"https:\/\/evangelische-beratung.com\/tr\/sucht\/#breadcrumb","itemListElement":[{"@type":"ListItem","position":1,"name":"Startseite","item":"https:\/\/evangelische-beratung.com\/tr\/"},{"@type":"ListItem","position":2,"name":"Ba\u011f\u0131ml\u0131l\u0131k"}]},{"@type":"WebSite","@id":"https:\/\/evangelische-beratung.com\/tr\/#website","url":"https:\/\/evangelische-beratung.com\/tr\/","name":"Evangelischer Regionalverband","description":"","publisher":{"@id":"https:\/\/evangelische-beratung.com\/tr\/#organization"},"potentialAction":[{"@type":"SearchAction","target":{"@type":"EntryPoint","urlTemplate":"https:\/\/evangelische-beratung.com\/tr\/?s={search_term_string}"},"query-input":{"@type":"PropertyValueSpecification","valueRequired":true,"valueName":"search_term_string"}}],"inLanguage":"tr"},{"@type":"Organization","@id":"https:\/\/evangelische-beratung.com\/tr\/#organization","name":"Evangelischer Regionalverband Frankfurt und Offenbach","url":"https:\/\/evangelische-beratung.com\/tr\/","logo":{"@type":"ImageObject","inLanguage":"tr","@id":"https:\/\/evangelische-beratung.com\/tr\/#\/schema\/logo\/image\/","url":"https:\/\/evangelische-beratung.com\/tr\/wp-content\/uploads\/sites\/8\/2019\/10\/erv-logo.png","contentUrl":"https:\/\/evangelische-beratung.com\/tr\/wp-content\/uploads\/sites\/8\/2019\/10\/erv-logo.png","width":1127,"height":595,"caption":"Evangelischer Regionalverband Frankfurt und Offenbach"},"image":{"@id":"https:\/\/evangelische-beratung.com\/tr\/#\/schema\/logo\/image\/"}}]}},"_links":{"self":[{"href":"https:\/\/evangelische-beratung.com\/tr\/wp-json\/wp\/v2\/pages\/37","targetHints":{"allow":["GET"]}}],"collection":[{"href":"https:\/\/evangelische-beratung.com\/tr\/wp-json\/wp\/v2\/pages"}],"about":[{"href":"https:\/\/evangelische-beratung.com\/tr\/wp-json\/wp\/v2\/types\/page"}],"author":[{"embeddable":true,"href":"https:\/\/evangelische-beratung.com\/tr\/wp-json\/wp\/v2\/users\/36"}],"replies":[{"embeddable":true,"href":"https:\/\/evangelische-beratung.com\/tr\/wp-json\/wp\/v2\/comments?post=37"}],"version-history":[{"count":5,"href":"https:\/\/evangelische-beratung.com\/tr\/wp-json\/wp\/v2\/pages\/37\/revisions"}],"predecessor-version":[{"id":1738,"href":"https:\/\/evangelische-beratung.com\/tr\/wp-json\/wp\/v2\/pages\/37\/revisions\/1738"}],"wp:featuredmedia":[{"embeddable":true,"href":"https:\/\/evangelische-beratung.com\/tr\/wp-json\/wp\/v2\/media\/236"}],"wp:attachment":[{"href":"https:\/\/evangelische-beratung.com\/tr\/wp-json\/wp\/v2\/media?parent=37"}],"curies":[{"name":"wp","href":"https:\/\/api.w.org\/{rel}","templated":true}]}}