{"id":366,"date":"2019-08-19T12:02:56","date_gmt":"2019-08-19T10:02:56","guid":{"rendered":"https:\/\/evangelische-beratung.com\/tr\/?page_id=366"},"modified":"2020-03-27T09:37:53","modified_gmt":"2020-03-27T08:37:53","slug":"medizinisch-psychologische-untersuchung-mpu-vorbereitung","status":"publish","type":"page","link":"https:\/\/evangelische-beratung.com\/tr\/sucht\/alkohol\/medizinisch-psychologische-untersuchung-mpu-vorbereitung\/","title":{"rendered":"T\u0131bbi-Psikolojik Muayene (MPU) &#8211; Haz\u0131rl\u0131k"},"content":{"rendered":"\n<p class=\"is-style-teaser\">Ehliyetinizin kayb\u0131ndan sonra, Ehliyetinizi geri alabilmeniz i\u00e7in, sizi, T\u0131bbi-Psikolojik Muayeneye (MPU) haz\u0131rl\u0131yoruz.<\/p>\n\n\n\n<h2 class=\"wp-block-heading\">Kurs Teklifi<\/h2>\n\n\n\n<ul class=\"wp-block-list\"><li> Ehliyet, Konusunda Ayd\u0131nlatma ve Bilgi Aktar\u0131m\u0131 yap\u0131l\u0131r<\/li><li> Ehliyeti geri alabilmenin ko\u015fullar\u0131n\u0131 a\u00e7\u0131klamak<\/li><li>Teklifimiz, S\u00fcresi 50 dakika olan 10 kurs Birimi halinde, Ehliyet ba\u015fvuru sahipleri i\u00e7in bireysel olarak ve\/veya bir k\u00fc\u00e7\u00fck Grupta sunulur.<\/li><li>Kendi kendine yard\u0131m Grubu &#8220;Selbsthilfegruppe Freundeskreis Frankfurt&#8221; la irtibat\u0131 sa\u011flar<\/li><\/ul>\n\n\n\n<h2 class=\"wp-block-heading\"> Hedefler<\/h2>\n\n\n\n<ul class=\"wp-block-list\"><li>Alkol veya Uyu\u015fturucu etkisi alt\u0131nda,  ara\u00e7 kullan\u0131m durum hakk\u0131nda G\u00f6r\u00fc\u015f y\u00fcr\u00fctme<\/li><li>\u201e Don\u2018 t drink and drive\u201c \u015fiar\u0131na uygun,  \u0130stismarc\u0131 Uyu\u015fturucu kullan\u0131m\u0131nda, \u0130drak ve Anlay\u0131\u015f\u0131n geli\u015ftirilmesi<\/li><li>Kandaki mevcut Alkol de\u011ferlerinin hesaplanmas\u0131 ( Widmark-Form\u00fcl\u00fcne g\u00f6re)<\/li><li>Alkol veya Uyu\u015fturucu etkisi alt\u0131nda ara\u00e7 kullanan Ki\u015finin, yapm\u0131\u015f oldu\u011fu hatan\u0131n sorumlulu\u011funu \u00fcstlenmesi<\/li><li>Uyu\u015fturucu madde kullan\u0131m\u0131n asgariye d\u00fc\u015f\u00fcr\u00fclmesi<\/li><li>istismarl\u0131 Alkol veya Uyu\u015fturucu madde kullan\u0131m\u0131n,  a\u00e7\u0131kl\u0131k kazanmas\u0131<\/li><li>Ba\u011f\u0131ml\u0131l\u0131k durumunda: Ba\u011f\u0131ml\u0131l\u0131ktan tamamen ar\u0131nd\u0131r\u0131lm\u0131s bir yasam Arzusunun geli\u015fmesinde  te\u015fvik etme <\/li><\/ul>\n\n\n\n<h2 class=\"wp-block-heading\"> \u0130\u00e7erik \/ Y\u00f6ntemler<br><\/h2>\n\n\n\n<ul class=\"wp-block-list\"><li>\u015fu ana kadar s\u00fcren Alkol t\u00fcketim al\u0131\u015fkanl\u0131k bi\u00e7imdeki,   idrak ve anlay\u0131\u015f\u0131  Motivasyonu<\/li><li>Madde Ba\u011f\u0131ml\u0131l\u0131\u011f\u0131n ortaya \u00e7\u0131kma sebepleri \u00fczerine biligilendirme<\/li><li> Ba\u011f\u0131ml\u0131l\u0131\u011f\u0131n, ki\u015fisel  motivasyon durumunu tan\u0131mlanmas\u0131nda yardim<\/li><li>Ki\u015fisel becerim y\u00f6ntemleri geli\u015ftirme<\/li><li>Ba\u011f\u0131ml\u0131n\u0131n ya\u015fam durumunun irdelenip a\u00e7\u0131kl\u0131k kazanmas\u0131,<\/li><li>Psiko-sosyolojik g\u00fcncel durum te\u015fhis ve tespiti<\/li><li>\u0130\u00e7ki i\u00e7me al\u0131\u015fkanl\u0131\u011f\u0131n\u0131n irdelenmesi: Ba\u011f\u0131ml\u0131n\u0131n Ki\u015filikyap\u0131s\u0131  ba\u011flam\u0131nda, ailesel yap\u0131 ve k\u00f6ken ba\u011flam\u0131nda, sosyal  \u00e7evre ba\u011flam\u0131nda<\/li><li> Ba\u011f\u0131ml\u0131ya, kendi ki\u015fisel davran\u0131\u015flar\u0131 kaynaklanan durum Sonucun sergilenmesi  <\/li><li>Gerekirse, hastanede yap\u0131lacak bir yatak Tedaviye y\u00f6nlendirilir.<\/li><\/ul>\n\n\n\n<p>Fiyatlar<strong>:<\/strong> 10 Kurbirimi \u00e1 85,- Euro. Toplam Fiyat: 850 Euro<br><\/p>\n\n\n\n<p style=\"text-align:center\" class=\"is-style-roof-line\">\u0130leti\u015fim i\u00e7in bay\/Bayan Yetkilileriniz <\/p>\n\n\n\n<div class=\"wp-block-columns alignwide has-3-columns is-layout-flex wp-container-core-columns-is-layout-9d6595d7 wp-block-columns-is-layout-flex\">\n<div class=\"wp-block-column is-layout-flow wp-block-column-is-layout-flow\">\n<div class=\"wp-block-erv-id-card\"><div class=\"id-card-content\"><figure class=\"id-card-photo\"><img decoding=\"async\" src=\"https:\/\/evangelische-beratung.com\/wp-content\/uploads\/2019\/08\/Monika-Schiemann_Verwaltung-Suchtberatung-300x200.jpg\" \/><\/figure><div class=\"id-card-details\"><p class=\"id-card-name\">Monika Schiemann<\/p><p class=\"id-card-job\">Sekretariat &amp; Anmeldung<\/p><p class=\"id-card-location\">Frankfurt<\/p><p class=\"id-card-phone\">069 \/ 53 02 302 <\/p><p class=\"id-card-email\"><a href=\"mailto&#58;&#115;&#117;&#99;&#104;&#116;&#98;&#x65;&#x72;&#x61;&#x74;&#x75;&#x6e;&#x67;&#x40;&#x66;&#x72;&#x61;&#x6e;kfurt-&#101;&#118;&#97;&#110;&#103;&#101;&#108;&#x69;&#x73;&#x63;&#x68;&#x2e;&#x64;&#x65;\">E-Mail<\/a><\/p><\/div><\/div><\/div>\n\n\n\n<div class=\"wp-block-erv-id-card\"><div class=\"id-card-content\"><figure class=\"id-card-photo\"><img decoding=\"async\" src=\"https:\/\/evangelische-beratung.com\/wp-content\/uploads\/2020\/01\/portrait_platzhalter-1-300x300.jpg\"\/><\/figure><div class=\"id-card-details\"><p class=\"id-card-name\">Katrin Werland<\/p><p class=\"id-card-job\">Beratung &amp; Therapie<\/p><p class=\"id-card-location\">Frankfurt<\/p><p class=\"id-card-phone\">069 \/ 53 02 305<\/p><p class=\"id-card-email\"><a href=\"&#x6d;a&#x69;&#108;&#x74;&#111;&#x3a;&#x6b;a&#x74;&#114;&#x69;&#110;&#x2e;&#119;e&#x72;&#108;&#x61;&#110;&#x64;&#64;f&#x72;&#97;&#x6e;&#107;&#x66;&#117;r&#x74;-&#x65;&#118;&#x61;&#110;g&#x65;l&#x69;&#115;&#x63;&#104;&#46;&#x64;e\">E-Mail<\/a><\/p><\/div><\/div><\/div>\n<\/div>\n\n\n\n<div class=\"wp-block-column is-layout-flow wp-block-column-is-layout-flow\">\n<div class=\"wp-block-erv-id-card\"><div class=\"id-card-content\"><figure class=\"id-card-photo\"><img decoding=\"async\" src=\"https:\/\/evangelische-beratung.com\/wp-content\/uploads\/2025\/04\/portrait_platzhalter-1-300x300-1.jpg\" \/><\/figure><div class=\"id-card-details\"><p class=\"id-card-name\">N. N. <\/p><p class=\"id-card-job\">Leitung<\/p><p class=\"id-card-location\">Frankfurt<\/p><p class=\"id-card-phone\">069 \/ 53 02 301<\/p><p class=\"id-card-email\"><a href=\"&#x6d;&#x61;&#x69;&#x6c;&#x74;&#x6f;&#x3a;&#x73;&#x75;&#x63;&#x68;&#x74;&#x62;&#x65;&#x72;&#x61;&#x74;&#x75;&#x6e;&#x67;&#x40;&#x66;&#x72;&#x61;&#x6e;&#x6b;&#x66;&#x75;&#x72;&#x74;&#x2d;&#x65;&#x76;&#x61;&#x6e;&#x67;&#x65;&#x6c;&#x69;&#x73;&#x63;&#x68;&#x2e;&#x64;&#101;\">E-Mail<\/a><\/p><\/div><\/div><\/div>\n<\/div>\n\n\n\n<div class=\"wp-block-column is-layout-flow wp-block-column-is-layout-flow\">\n<div class=\"wp-block-erv-id-card\"><div class=\"id-card-content\"><figure class=\"id-card-photo\"><img decoding=\"async\" src=\"https:\/\/evangelische-beratung.com\/wp-content\/uploads\/2020\/01\/portrait_platzhalter-1-300x300.jpg\"\/><\/figure><div class=\"id-card-details\"><p class=\"id-card-name\">Anzhelina Blum<\/p><p class=\"id-card-job\">Beratung &amp; Therapie<\/p><p class=\"id-card-location\">Frankfurt<\/p><p class=\"id-card-phone\">069 \/ 53 02 303<\/p><p class=\"id-card-email\"><a href=\"m&#97;&#105;&#x6c;&#x74;&#x6f;:&#97;&#110;&#x7a;&#x68;&#x65;li&#110;&#x61;&#x2e;&#x62;lu&#109;&#64;&#x66;&#x72;&#x61;n&#107;&#102;&#x75;&#x72;&#x74;-&#101;&#118;&#x61;&#x6e;&#x67;el&#105;&#x73;&#x63;&#x68;&#46;d&#101;\">E-Mail<\/a><\/p><\/div><\/div><\/div>\n<\/div>\n<\/div>\n\n\n\n<p><\/p>\n","protected":false},"excerpt":{"rendered":"<p>Ehliyetinizin kayb\u0131ndan sonra, Ehliyetinizi geri alabilmeniz i\u00e7in, sizi, T\u0131bbi-Psikolojik Muayeneye (MPU) haz\u0131rl\u0131yoruz. Kurs Teklifi Ehliyet, Konusunda Ayd\u0131nlatma ve Bilgi Aktar\u0131m\u0131 yap\u0131l\u0131r Ehliyeti geri alabilmenin ko\u015fullar\u0131n\u0131 a\u00e7\u0131klamak Teklifimiz, S\u00fcresi 50 dakika olan 10 kurs Birimi halinde, Ehliyet ba\u015fvuru sahipleri i\u00e7in bireysel olarak ve\/veya bir k\u00fc\u00e7\u00fck Grupta sunulur. Kendi kendine yard\u0131m Grubu &#8220;Selbsthilfegruppe Freundeskreis Frankfurt&#8221; la irtibat\u0131 [&hellip;]<\/p>\n","protected":false},"author":3,"featured_media":0,"parent":237,"menu_order":0,"comment_status":"closed","ping_status":"closed","template":"","meta":{"footnotes":""},"class_list":["post-366","page","type-page","status-publish","hentry"],"yoast_head":"<!-- This site is optimized with the Yoast SEO plugin v27.3 - https:\/\/yoast.com\/product\/yoast-seo-wordpress\/ -->\n<title>Vorbereitung zur MPU in Frankfurt beim Ev. Regionalverband<\/title>\n<meta name=\"description\" content=\"Wir bereiten Sie auf die psychologische Untersuchung (MPU) nach Verlust des F\u00fchrerscheins vor. Gerne sind wir f\u00fcr Sie da.\" \/>\n<meta name=\"robots\" content=\"index, follow, max-snippet:-1, max-image-preview:large, max-video-preview:-1\" \/>\n<link rel=\"canonical\" href=\"https:\/\/evangelische-beratung.com\/tr\/sucht\/alkohol\/medizinisch-psychologische-untersuchung-mpu-vorbereitung\/\" \/>\n<meta property=\"og:locale\" content=\"tr_TR\" \/>\n<meta property=\"og:type\" content=\"article\" \/>\n<meta property=\"og:title\" content=\"Vorbereitung zur MPU in Frankfurt beim Ev. Regionalverband\" \/>\n<meta property=\"og:description\" content=\"Wir bereiten Sie auf die psychologische Untersuchung (MPU) nach Verlust des F\u00fchrerscheins vor. Gerne sind wir f\u00fcr Sie da.\" \/>\n<meta property=\"og:url\" content=\"https:\/\/evangelische-beratung.com\/tr\/sucht\/alkohol\/medizinisch-psychologische-untersuchung-mpu-vorbereitung\/\" \/>\n<meta property=\"og:site_name\" content=\"Evangelischer Regionalverband\" \/>\n<meta property=\"article:modified_time\" content=\"2020-03-27T08:37:53+00:00\" \/>\n<meta name=\"twitter:card\" content=\"summary_large_image\" \/>\n<meta name=\"twitter:label1\" content=\"Tahmini okuma s\u00fcresi\" \/>\n\t<meta name=\"twitter:data1\" content=\"2 dakika\" \/>\n<script type=\"application\/ld+json\" class=\"yoast-schema-graph\">{\"@context\":\"https:\\\/\\\/schema.org\",\"@graph\":[{\"@type\":\"WebPage\",\"@id\":\"https:\\\/\\\/evangelische-beratung.com\\\/tr\\\/sucht\\\/alkohol\\\/medizinisch-psychologische-untersuchung-mpu-vorbereitung\\\/\",\"url\":\"https:\\\/\\\/evangelische-beratung.com\\\/tr\\\/sucht\\\/alkohol\\\/medizinisch-psychologische-untersuchung-mpu-vorbereitung\\\/\",\"name\":\"Vorbereitung zur MPU in Frankfurt beim Ev. Regionalverband\",\"isPartOf\":{\"@id\":\"https:\\\/\\\/evangelische-beratung.com\\\/tr\\\/#website\"},\"datePublished\":\"2019-08-19T10:02:56+00:00\",\"dateModified\":\"2020-03-27T08:37:53+00:00\",\"description\":\"Wir bereiten Sie auf die psychologische Untersuchung (MPU) nach Verlust des F\u00fchrerscheins vor. Gerne sind wir f\u00fcr Sie da.\",\"breadcrumb\":{\"@id\":\"https:\\\/\\\/evangelische-beratung.com\\\/tr\\\/sucht\\\/alkohol\\\/medizinisch-psychologische-untersuchung-mpu-vorbereitung\\\/#breadcrumb\"},\"inLanguage\":\"tr\",\"potentialAction\":[{\"@type\":\"ReadAction\",\"target\":[\"https:\\\/\\\/evangelische-beratung.com\\\/tr\\\/sucht\\\/alkohol\\\/medizinisch-psychologische-untersuchung-mpu-vorbereitung\\\/\"]}]},{\"@type\":\"BreadcrumbList\",\"@id\":\"https:\\\/\\\/evangelische-beratung.com\\\/tr\\\/sucht\\\/alkohol\\\/medizinisch-psychologische-untersuchung-mpu-vorbereitung\\\/#breadcrumb\",\"itemListElement\":[{\"@type\":\"ListItem\",\"position\":1,\"name\":\"Startseite\",\"item\":\"https:\\\/\\\/evangelische-beratung.com\\\/tr\\\/\"},{\"@type\":\"ListItem\",\"position\":2,\"name\":\"Ba\u011f\u0131ml\u0131l\u0131k\",\"item\":\"https:\\\/\\\/evangelische-beratung.com\\\/tr\\\/sucht\\\/\"},{\"@type\":\"ListItem\",\"position\":3,\"name\":\"Alkol\",\"item\":\"https:\\\/\\\/evangelische-beratung.com\\\/tr\\\/sucht\\\/alkohol\\\/\"},{\"@type\":\"ListItem\",\"position\":4,\"name\":\"T\u0131bbi-Psikolojik Muayene (MPU) &#8211; Haz\u0131rl\u0131k\"}]},{\"@type\":\"WebSite\",\"@id\":\"https:\\\/\\\/evangelische-beratung.com\\\/tr\\\/#website\",\"url\":\"https:\\\/\\\/evangelische-beratung.com\\\/tr\\\/\",\"name\":\"Evangelischer Regionalverband\",\"description\":\"\",\"publisher\":{\"@id\":\"https:\\\/\\\/evangelische-beratung.com\\\/tr\\\/#organization\"},\"potentialAction\":[{\"@type\":\"SearchAction\",\"target\":{\"@type\":\"EntryPoint\",\"urlTemplate\":\"https:\\\/\\\/evangelische-beratung.com\\\/tr\\\/?s={search_term_string}\"},\"query-input\":{\"@type\":\"PropertyValueSpecification\",\"valueRequired\":true,\"valueName\":\"search_term_string\"}}],\"inLanguage\":\"tr\"},{\"@type\":\"Organization\",\"@id\":\"https:\\\/\\\/evangelische-beratung.com\\\/tr\\\/#organization\",\"name\":\"Evangelischer Regionalverband Frankfurt und Offenbach\",\"url\":\"https:\\\/\\\/evangelische-beratung.com\\\/tr\\\/\",\"logo\":{\"@type\":\"ImageObject\",\"inLanguage\":\"tr\",\"@id\":\"https:\\\/\\\/evangelische-beratung.com\\\/tr\\\/#\\\/schema\\\/logo\\\/image\\\/\",\"url\":\"https:\\\/\\\/evangelische-beratung.com\\\/tr\\\/wp-content\\\/uploads\\\/sites\\\/8\\\/2019\\\/10\\\/erv-logo.png\",\"contentUrl\":\"https:\\\/\\\/evangelische-beratung.com\\\/tr\\\/wp-content\\\/uploads\\\/sites\\\/8\\\/2019\\\/10\\\/erv-logo.png\",\"width\":1127,\"height\":595,\"caption\":\"Evangelischer Regionalverband Frankfurt und Offenbach\"},\"image\":{\"@id\":\"https:\\\/\\\/evangelische-beratung.com\\\/tr\\\/#\\\/schema\\\/logo\\\/image\\\/\"}}]}<\/script>\n<!-- \/ Yoast SEO plugin. -->","yoast_head_json":{"title":"Vorbereitung zur MPU in Frankfurt beim Ev. Regionalverband","description":"Wir bereiten Sie auf die psychologische Untersuchung (MPU) nach Verlust des F\u00fchrerscheins vor. Gerne sind wir f\u00fcr Sie da.","robots":{"index":"index","follow":"follow","max-snippet":"max-snippet:-1","max-image-preview":"max-image-preview:large","max-video-preview":"max-video-preview:-1"},"canonical":"https:\/\/evangelische-beratung.com\/tr\/sucht\/alkohol\/medizinisch-psychologische-untersuchung-mpu-vorbereitung\/","og_locale":"tr_TR","og_type":"article","og_title":"Vorbereitung zur MPU in Frankfurt beim Ev. Regionalverband","og_description":"Wir bereiten Sie auf die psychologische Untersuchung (MPU) nach Verlust des F\u00fchrerscheins vor. Gerne sind wir f\u00fcr Sie da.","og_url":"https:\/\/evangelische-beratung.com\/tr\/sucht\/alkohol\/medizinisch-psychologische-untersuchung-mpu-vorbereitung\/","og_site_name":"Evangelischer Regionalverband","article_modified_time":"2020-03-27T08:37:53+00:00","twitter_card":"summary_large_image","twitter_misc":{"Tahmini okuma s\u00fcresi":"2 dakika"},"schema":{"@context":"https:\/\/schema.org","@graph":[{"@type":"WebPage","@id":"https:\/\/evangelische-beratung.com\/tr\/sucht\/alkohol\/medizinisch-psychologische-untersuchung-mpu-vorbereitung\/","url":"https:\/\/evangelische-beratung.com\/tr\/sucht\/alkohol\/medizinisch-psychologische-untersuchung-mpu-vorbereitung\/","name":"Vorbereitung zur MPU in Frankfurt beim Ev. Regionalverband","isPartOf":{"@id":"https:\/\/evangelische-beratung.com\/tr\/#website"},"datePublished":"2019-08-19T10:02:56+00:00","dateModified":"2020-03-27T08:37:53+00:00","description":"Wir bereiten Sie auf die psychologische Untersuchung (MPU) nach Verlust des F\u00fchrerscheins vor. Gerne sind wir f\u00fcr Sie da.","breadcrumb":{"@id":"https:\/\/evangelische-beratung.com\/tr\/sucht\/alkohol\/medizinisch-psychologische-untersuchung-mpu-vorbereitung\/#breadcrumb"},"inLanguage":"tr","potentialAction":[{"@type":"ReadAction","target":["https:\/\/evangelische-beratung.com\/tr\/sucht\/alkohol\/medizinisch-psychologische-untersuchung-mpu-vorbereitung\/"]}]},{"@type":"BreadcrumbList","@id":"https:\/\/evangelische-beratung.com\/tr\/sucht\/alkohol\/medizinisch-psychologische-untersuchung-mpu-vorbereitung\/#breadcrumb","itemListElement":[{"@type":"ListItem","position":1,"name":"Startseite","item":"https:\/\/evangelische-beratung.com\/tr\/"},{"@type":"ListItem","position":2,"name":"Ba\u011f\u0131ml\u0131l\u0131k","item":"https:\/\/evangelische-beratung.com\/tr\/sucht\/"},{"@type":"ListItem","position":3,"name":"Alkol","item":"https:\/\/evangelische-beratung.com\/tr\/sucht\/alkohol\/"},{"@type":"ListItem","position":4,"name":"T\u0131bbi-Psikolojik Muayene (MPU) &#8211; Haz\u0131rl\u0131k"}]},{"@type":"WebSite","@id":"https:\/\/evangelische-beratung.com\/tr\/#website","url":"https:\/\/evangelische-beratung.com\/tr\/","name":"Evangelischer Regionalverband","description":"","publisher":{"@id":"https:\/\/evangelische-beratung.com\/tr\/#organization"},"potentialAction":[{"@type":"SearchAction","target":{"@type":"EntryPoint","urlTemplate":"https:\/\/evangelische-beratung.com\/tr\/?s={search_term_string}"},"query-input":{"@type":"PropertyValueSpecification","valueRequired":true,"valueName":"search_term_string"}}],"inLanguage":"tr"},{"@type":"Organization","@id":"https:\/\/evangelische-beratung.com\/tr\/#organization","name":"Evangelischer Regionalverband Frankfurt und Offenbach","url":"https:\/\/evangelische-beratung.com\/tr\/","logo":{"@type":"ImageObject","inLanguage":"tr","@id":"https:\/\/evangelische-beratung.com\/tr\/#\/schema\/logo\/image\/","url":"https:\/\/evangelische-beratung.com\/tr\/wp-content\/uploads\/sites\/8\/2019\/10\/erv-logo.png","contentUrl":"https:\/\/evangelische-beratung.com\/tr\/wp-content\/uploads\/sites\/8\/2019\/10\/erv-logo.png","width":1127,"height":595,"caption":"Evangelischer Regionalverband Frankfurt und Offenbach"},"image":{"@id":"https:\/\/evangelische-beratung.com\/tr\/#\/schema\/logo\/image\/"}}]}},"_links":{"self":[{"href":"https:\/\/evangelische-beratung.com\/tr\/wp-json\/wp\/v2\/pages\/366","targetHints":{"allow":["GET"]}}],"collection":[{"href":"https:\/\/evangelische-beratung.com\/tr\/wp-json\/wp\/v2\/pages"}],"about":[{"href":"https:\/\/evangelische-beratung.com\/tr\/wp-json\/wp\/v2\/types\/page"}],"author":[{"embeddable":true,"href":"https:\/\/evangelische-beratung.com\/tr\/wp-json\/wp\/v2\/users\/3"}],"replies":[{"embeddable":true,"href":"https:\/\/evangelische-beratung.com\/tr\/wp-json\/wp\/v2\/comments?post=366"}],"version-history":[{"count":1,"href":"https:\/\/evangelische-beratung.com\/tr\/wp-json\/wp\/v2\/pages\/366\/revisions"}],"predecessor-version":[{"id":1376,"href":"https:\/\/evangelische-beratung.com\/tr\/wp-json\/wp\/v2\/pages\/366\/revisions\/1376"}],"up":[{"embeddable":true,"href":"https:\/\/evangelische-beratung.com\/tr\/wp-json\/wp\/v2\/pages\/237"}],"wp:attachment":[{"href":"https:\/\/evangelische-beratung.com\/tr\/wp-json\/wp\/v2\/media?parent=366"}],"curies":[{"name":"wp","href":"https:\/\/api.w.org\/{rel}","templated":true}]}}