{"id":364,"date":"2019-08-19T11:58:22","date_gmt":"2019-08-19T09:58:22","guid":{"rendered":"https:\/\/evangelische-beratung.com\/tr\/?page_id=364"},"modified":"2020-03-27T09:29:55","modified_gmt":"2020-03-27T08:29:55","slug":"kontrolliertes-trinken","status":"publish","type":"page","link":"https:\/\/evangelische-beratung.com\/tr\/sucht\/alkohol\/kontrolliertes-trinken\/","title":{"rendered":"Kontroll\u00fc alkol kullan\u0131m\u0131"},"content":{"rendered":"\n<p class=\"is-style-teaser\">Kontroll\u00fc alkol t\u00fcketimi, istismarca alkol kullanan veya a\u015f\u0131r\u0131 Alkol kullanan  ba\u011f\u0131ml\u0131l\u0131k s\u0131n\u0131r\u0131na varan ki\u015filere tavsiye edilir.<\/p>\n\n\n\n<p> Biz 6 ay boyunca, kontroll\u00fc Alkol kullan\u0131m program\u0131 Teklifi sunuyoruz. Bununla, g\u00fcnde en y\u00fcksek derece alkol t\u00fcketim miktar\u0131 ve bir haftada ki alkols\u00fcz g\u00fcn say\u0131s\u0131 belirlenir. Bir \u201eAlkol kullan\u0131m g\u00fcnl\u00fc\u011f\u00fc\u201cnde, alkol kullan\u0131m s\u0131kl\u0131\u011f\u0131 ve t\u00fcketim miktar\u0131 kaydedilir ve beraberce \u201eAlkol kullan\u0131m g\u00fcnl\u00fc\u011f\u00fc\u201c \u00fczerine g\u00f6r\u00fc\u015f\u00fcl\u00fcr. Ayr\u0131ca, de\u011fi\u015fen Alkol kullan\u0131m davran\u0131\u015f konusunda stratejiler aran\u0131r, birlikte tart\u0131\u015f\u0131l\u0131r \u00a0ve stratejilerin uygulanmas\u0131na ge\u00e7eriz.<\/p>\n\n\n\n<div style=\"height:30px\" aria-hidden=\"true\" class=\"wp-block-spacer\"><\/div>\n\n\n\n<div class=\"wp-block-erv-download -show-file-extension undefined\"><span aria-hidden=\"true\"><span class=\"file-extension\">pdf<\/span><\/span><div class=\"title-and-description\"><p class=\"download-title -inverted-link-style\"><a href=\"https:\/\/evangelische-beratung.com\/tr\/wp-content\/uploads\/sites\/8\/2019\/08\/Inhalte-des-Programms-Kontrolliertes-Trinken-2019_7.pdf\" target=\"_blank\" rel=\"noopener noreferrer\">Infoflyer<\/a><\/p><p class=\"download-description\">Inhalte des Programms &#8220;Kontrolliertes Trinken&#8221;<\/p><\/div><\/div>\n\n\n\n<div style=\"height:30px\" aria-hidden=\"true\" class=\"wp-block-spacer\"><\/div>\n\n\n\n<p style=\"text-align:center\" class=\"is-style-roof-line\"><strong> <\/strong>\u0130leti\u015fim i\u00e7in bay\/Bayan Yetkilileriniz <\/p>\n\n\n\n<div class=\"wp-block-columns alignwide has-3-columns is-layout-flex wp-container-core-columns-is-layout-9d6595d7 wp-block-columns-is-layout-flex\">\n<div class=\"wp-block-column is-layout-flow wp-block-column-is-layout-flow\">\n<div class=\"wp-block-erv-id-card\"><div class=\"id-card-content\"><figure class=\"id-card-photo\"><img decoding=\"async\" src=\"https:\/\/evangelische-beratung.com\/wp-content\/uploads\/2019\/08\/Monika-Schiemann_Verwaltung-Suchtberatung-300x200.jpg\" \/><\/figure><div class=\"id-card-details\"><p class=\"id-card-name\">Monika Schiemann<\/p><p class=\"id-card-job\">Sekretariat &amp; Anmeldung<\/p><p class=\"id-card-location\">Frankfurt<\/p><p class=\"id-card-phone\">069 \/ 53 02 302 <\/p><p class=\"id-card-email\"><a href=\"mai&#108;&#116;&#111;&#x3a;&#x73;&#x75;&#x63;&#x68;&#x74;ber&#97;&#116;&#117;&#110;&#x67;&#x40;&#x66;&#x72;&#x61;&#x6e;kfu&#114;&#116;&#45;&#x65;&#x76;&#x61;&#x6e;&#x67;&#x65;lis&#99;&#104;&#46;&#100;&#x65;\">E-Mail<\/a><\/p><\/div><\/div><\/div>\n\n\n\n<div class=\"wp-block-erv-id-card\"><div class=\"id-card-content\"><figure class=\"id-card-photo\"><img decoding=\"async\" src=\"https:\/\/evangelische-beratung.com\/wp-content\/uploads\/2020\/01\/portrait_platzhalter-1-300x300.jpg\"\/><\/figure><div class=\"id-card-details\"><p class=\"id-card-name\">Katrin Werland<\/p><p class=\"id-card-job\">Beratung &amp; Therapie<\/p><p class=\"id-card-location\">Frankfurt<\/p><p class=\"id-card-phone\">069 \/ 53 02 305<\/p><p class=\"id-card-email\"><a href=\"&#x6d;&#x61;&#105;&#108;&#116;o&#x3a;&#x6b;&#x61;&#116;&#114;in&#x2e;&#x77;&#x65;&#114;&#108;a&#x6e;&#x64;&#x40;&#102;&#114;&#97;n&#x6b;&#x66;&#x75;&#114;&#116;-e&#x76;&#x61;&#x6e;&#103;&#101;l&#x69;&#x73;&#x63;&#104;&#46;&#100;e\">E-Mail<\/a><\/p><\/div><\/div><\/div>\n<\/div>\n\n\n\n<div class=\"wp-block-column is-layout-flow wp-block-column-is-layout-flow\">\n<div class=\"wp-block-erv-id-card\"><div class=\"id-card-content\"><figure class=\"id-card-photo\"><img decoding=\"async\" src=\"https:\/\/evangelische-beratung.com\/wp-content\/uploads\/2025\/04\/portrait_platzhalter-1-300x300-1.jpg\" \/><\/figure><div class=\"id-card-details\"><p class=\"id-card-name\">N. N. <\/p><p class=\"id-card-job\">Leitung<\/p><p class=\"id-card-location\">Frankfurt<\/p><p class=\"id-card-phone\">069 \/ 53 02 301<\/p><p class=\"id-card-email\"><a href=\"&#x6d;&#97;i&#x6c;&#116;&#111;&#x3a;&#x73;&#117;c&#x68;&#116;b&#x65;&#x72;&#97;t&#x75;&#110;g&#x40;&#x66;&#114;a&#x6e;&#107;f&#x75;&#x72;&#116;-&#x65;&#118;a&#x6e;&#x67;&#101;&#x6c;&#x69;&#115;c&#x68;&#46;d&#x65;\">E-Mail<\/a><\/p><\/div><\/div><\/div>\n<\/div>\n\n\n\n<div class=\"wp-block-column is-layout-flow wp-block-column-is-layout-flow\">\n<div class=\"wp-block-erv-id-card\"><div class=\"id-card-content\"><figure class=\"id-card-photo\"><img decoding=\"async\" src=\"https:\/\/evangelische-beratung.com\/wp-content\/uploads\/2020\/01\/portrait_platzhalter-1-300x300.jpg\"\/><\/figure><div class=\"id-card-details\"><p class=\"id-card-name\">Anzhelina Blum<\/p><p class=\"id-card-job\">Beratung &amp; Therapie<\/p><p class=\"id-card-location\">Frankfurt<\/p><p class=\"id-card-phone\">069 \/ 53 02 303<\/p><p class=\"id-card-email\"><a href=\"m&#97;&#x69;&#x6c;t&#111;&#58;&#x61;&#x6e;z&#104;&#x65;&#x6c;i&#110;&#97;&#x2e;&#x62;l&#117;&#x6d;&#x40;f&#114;&#97;&#x6e;&#x6b;f&#117;&#x72;&#x74;-&#101;&#118;&#x61;&#x6e;g&#101;&#x6c;&#x69;sc&#104;&#x2e;&#x64;e\">E-Mail<\/a><\/p><\/div><\/div><\/div>\n<\/div>\n<\/div>\n\n\n\n<p><\/p>\n","protected":false},"excerpt":{"rendered":"<p>Kontroll\u00fc alkol t\u00fcketimi, istismarca alkol kullanan veya a\u015f\u0131r\u0131 Alkol kullanan ba\u011f\u0131ml\u0131l\u0131k s\u0131n\u0131r\u0131na varan ki\u015filere tavsiye edilir. Biz 6 ay boyunca, kontroll\u00fc Alkol kullan\u0131m program\u0131 Teklifi sunuyoruz. Bununla, g\u00fcnde en y\u00fcksek derece alkol t\u00fcketim miktar\u0131 ve bir haftada ki alkols\u00fcz g\u00fcn say\u0131s\u0131 belirlenir. Bir \u201eAlkol kullan\u0131m g\u00fcnl\u00fc\u011f\u00fc\u201cnde, alkol kullan\u0131m s\u0131kl\u0131\u011f\u0131 ve t\u00fcketim miktar\u0131 kaydedilir ve beraberce [&hellip;]<\/p>\n","protected":false},"author":3,"featured_media":0,"parent":237,"menu_order":0,"comment_status":"closed","ping_status":"closed","template":"","meta":{"footnotes":""},"class_list":["post-364","page","type-page","status-publish","hentry"],"yoast_head":"<!-- This site is optimized with the Yoast SEO plugin v27.3 - https:\/\/yoast.com\/product\/yoast-seo-wordpress\/ -->\n<title>Hilfe zum Kontrollierten Trinken in Frankfurt beim Ev. Regionalverband<\/title>\n<meta name=\"description\" content=\"Wir bieten ein Programm zum Kontrollierten Trinken f\u00fcr die Dauer von 6 Monaten an. Wir helfen Ihnen gerne und stehen Ihnen f\u00fcr alle Fragen zur Verf\u00fcgung.\" \/>\n<meta name=\"robots\" content=\"index, follow, max-snippet:-1, max-image-preview:large, max-video-preview:-1\" \/>\n<link rel=\"canonical\" href=\"https:\/\/evangelische-beratung.com\/tr\/sucht\/alkohol\/kontrolliertes-trinken\/\" \/>\n<meta property=\"og:locale\" content=\"tr_TR\" \/>\n<meta property=\"og:type\" content=\"article\" \/>\n<meta property=\"og:title\" content=\"Hilfe zum Kontrollierten Trinken in Frankfurt beim Ev. Regionalverband\" \/>\n<meta property=\"og:description\" content=\"Wir bieten ein Programm zum Kontrollierten Trinken f\u00fcr die Dauer von 6 Monaten an. Wir helfen Ihnen gerne und stehen Ihnen f\u00fcr alle Fragen zur Verf\u00fcgung.\" \/>\n<meta property=\"og:url\" content=\"https:\/\/evangelische-beratung.com\/tr\/sucht\/alkohol\/kontrolliertes-trinken\/\" \/>\n<meta property=\"og:site_name\" content=\"Evangelischer Regionalverband\" \/>\n<meta property=\"article:modified_time\" content=\"2020-03-27T08:29:55+00:00\" \/>\n<meta name=\"twitter:card\" content=\"summary_large_image\" \/>\n<meta name=\"twitter:label1\" content=\"Tahmini okuma s\u00fcresi\" \/>\n\t<meta name=\"twitter:data1\" content=\"1 dakika\" \/>\n<script type=\"application\/ld+json\" class=\"yoast-schema-graph\">{\"@context\":\"https:\\\/\\\/schema.org\",\"@graph\":[{\"@type\":\"WebPage\",\"@id\":\"https:\\\/\\\/evangelische-beratung.com\\\/tr\\\/sucht\\\/alkohol\\\/kontrolliertes-trinken\\\/\",\"url\":\"https:\\\/\\\/evangelische-beratung.com\\\/tr\\\/sucht\\\/alkohol\\\/kontrolliertes-trinken\\\/\",\"name\":\"Hilfe zum Kontrollierten Trinken in Frankfurt beim Ev. Regionalverband\",\"isPartOf\":{\"@id\":\"https:\\\/\\\/evangelische-beratung.com\\\/tr\\\/#website\"},\"datePublished\":\"2019-08-19T09:58:22+00:00\",\"dateModified\":\"2020-03-27T08:29:55+00:00\",\"description\":\"Wir bieten ein Programm zum Kontrollierten Trinken f\u00fcr die Dauer von 6 Monaten an. Wir helfen Ihnen gerne und stehen Ihnen f\u00fcr alle Fragen zur Verf\u00fcgung.\",\"breadcrumb\":{\"@id\":\"https:\\\/\\\/evangelische-beratung.com\\\/tr\\\/sucht\\\/alkohol\\\/kontrolliertes-trinken\\\/#breadcrumb\"},\"inLanguage\":\"tr\",\"potentialAction\":[{\"@type\":\"ReadAction\",\"target\":[\"https:\\\/\\\/evangelische-beratung.com\\\/tr\\\/sucht\\\/alkohol\\\/kontrolliertes-trinken\\\/\"]}]},{\"@type\":\"BreadcrumbList\",\"@id\":\"https:\\\/\\\/evangelische-beratung.com\\\/tr\\\/sucht\\\/alkohol\\\/kontrolliertes-trinken\\\/#breadcrumb\",\"itemListElement\":[{\"@type\":\"ListItem\",\"position\":1,\"name\":\"Startseite\",\"item\":\"https:\\\/\\\/evangelische-beratung.com\\\/tr\\\/\"},{\"@type\":\"ListItem\",\"position\":2,\"name\":\"Ba\u011f\u0131ml\u0131l\u0131k\",\"item\":\"https:\\\/\\\/evangelische-beratung.com\\\/tr\\\/sucht\\\/\"},{\"@type\":\"ListItem\",\"position\":3,\"name\":\"Alkol\",\"item\":\"https:\\\/\\\/evangelische-beratung.com\\\/tr\\\/sucht\\\/alkohol\\\/\"},{\"@type\":\"ListItem\",\"position\":4,\"name\":\"Kontroll\u00fc alkol kullan\u0131m\u0131\"}]},{\"@type\":\"WebSite\",\"@id\":\"https:\\\/\\\/evangelische-beratung.com\\\/tr\\\/#website\",\"url\":\"https:\\\/\\\/evangelische-beratung.com\\\/tr\\\/\",\"name\":\"Evangelischer Regionalverband\",\"description\":\"\",\"publisher\":{\"@id\":\"https:\\\/\\\/evangelische-beratung.com\\\/tr\\\/#organization\"},\"potentialAction\":[{\"@type\":\"SearchAction\",\"target\":{\"@type\":\"EntryPoint\",\"urlTemplate\":\"https:\\\/\\\/evangelische-beratung.com\\\/tr\\\/?s={search_term_string}\"},\"query-input\":{\"@type\":\"PropertyValueSpecification\",\"valueRequired\":true,\"valueName\":\"search_term_string\"}}],\"inLanguage\":\"tr\"},{\"@type\":\"Organization\",\"@id\":\"https:\\\/\\\/evangelische-beratung.com\\\/tr\\\/#organization\",\"name\":\"Evangelischer Regionalverband Frankfurt und Offenbach\",\"url\":\"https:\\\/\\\/evangelische-beratung.com\\\/tr\\\/\",\"logo\":{\"@type\":\"ImageObject\",\"inLanguage\":\"tr\",\"@id\":\"https:\\\/\\\/evangelische-beratung.com\\\/tr\\\/#\\\/schema\\\/logo\\\/image\\\/\",\"url\":\"https:\\\/\\\/evangelische-beratung.com\\\/tr\\\/wp-content\\\/uploads\\\/sites\\\/8\\\/2019\\\/10\\\/erv-logo.png\",\"contentUrl\":\"https:\\\/\\\/evangelische-beratung.com\\\/tr\\\/wp-content\\\/uploads\\\/sites\\\/8\\\/2019\\\/10\\\/erv-logo.png\",\"width\":1127,\"height\":595,\"caption\":\"Evangelischer Regionalverband Frankfurt und Offenbach\"},\"image\":{\"@id\":\"https:\\\/\\\/evangelische-beratung.com\\\/tr\\\/#\\\/schema\\\/logo\\\/image\\\/\"}}]}<\/script>\n<!-- \/ Yoast SEO plugin. -->","yoast_head_json":{"title":"Hilfe zum Kontrollierten Trinken in Frankfurt beim Ev. Regionalverband","description":"Wir bieten ein Programm zum Kontrollierten Trinken f\u00fcr die Dauer von 6 Monaten an. Wir helfen Ihnen gerne und stehen Ihnen f\u00fcr alle Fragen zur Verf\u00fcgung.","robots":{"index":"index","follow":"follow","max-snippet":"max-snippet:-1","max-image-preview":"max-image-preview:large","max-video-preview":"max-video-preview:-1"},"canonical":"https:\/\/evangelische-beratung.com\/tr\/sucht\/alkohol\/kontrolliertes-trinken\/","og_locale":"tr_TR","og_type":"article","og_title":"Hilfe zum Kontrollierten Trinken in Frankfurt beim Ev. Regionalverband","og_description":"Wir bieten ein Programm zum Kontrollierten Trinken f\u00fcr die Dauer von 6 Monaten an. Wir helfen Ihnen gerne und stehen Ihnen f\u00fcr alle Fragen zur Verf\u00fcgung.","og_url":"https:\/\/evangelische-beratung.com\/tr\/sucht\/alkohol\/kontrolliertes-trinken\/","og_site_name":"Evangelischer Regionalverband","article_modified_time":"2020-03-27T08:29:55+00:00","twitter_card":"summary_large_image","twitter_misc":{"Tahmini okuma s\u00fcresi":"1 dakika"},"schema":{"@context":"https:\/\/schema.org","@graph":[{"@type":"WebPage","@id":"https:\/\/evangelische-beratung.com\/tr\/sucht\/alkohol\/kontrolliertes-trinken\/","url":"https:\/\/evangelische-beratung.com\/tr\/sucht\/alkohol\/kontrolliertes-trinken\/","name":"Hilfe zum Kontrollierten Trinken in Frankfurt beim Ev. Regionalverband","isPartOf":{"@id":"https:\/\/evangelische-beratung.com\/tr\/#website"},"datePublished":"2019-08-19T09:58:22+00:00","dateModified":"2020-03-27T08:29:55+00:00","description":"Wir bieten ein Programm zum Kontrollierten Trinken f\u00fcr die Dauer von 6 Monaten an. Wir helfen Ihnen gerne und stehen Ihnen f\u00fcr alle Fragen zur Verf\u00fcgung.","breadcrumb":{"@id":"https:\/\/evangelische-beratung.com\/tr\/sucht\/alkohol\/kontrolliertes-trinken\/#breadcrumb"},"inLanguage":"tr","potentialAction":[{"@type":"ReadAction","target":["https:\/\/evangelische-beratung.com\/tr\/sucht\/alkohol\/kontrolliertes-trinken\/"]}]},{"@type":"BreadcrumbList","@id":"https:\/\/evangelische-beratung.com\/tr\/sucht\/alkohol\/kontrolliertes-trinken\/#breadcrumb","itemListElement":[{"@type":"ListItem","position":1,"name":"Startseite","item":"https:\/\/evangelische-beratung.com\/tr\/"},{"@type":"ListItem","position":2,"name":"Ba\u011f\u0131ml\u0131l\u0131k","item":"https:\/\/evangelische-beratung.com\/tr\/sucht\/"},{"@type":"ListItem","position":3,"name":"Alkol","item":"https:\/\/evangelische-beratung.com\/tr\/sucht\/alkohol\/"},{"@type":"ListItem","position":4,"name":"Kontroll\u00fc alkol kullan\u0131m\u0131"}]},{"@type":"WebSite","@id":"https:\/\/evangelische-beratung.com\/tr\/#website","url":"https:\/\/evangelische-beratung.com\/tr\/","name":"Evangelischer Regionalverband","description":"","publisher":{"@id":"https:\/\/evangelische-beratung.com\/tr\/#organization"},"potentialAction":[{"@type":"SearchAction","target":{"@type":"EntryPoint","urlTemplate":"https:\/\/evangelische-beratung.com\/tr\/?s={search_term_string}"},"query-input":{"@type":"PropertyValueSpecification","valueRequired":true,"valueName":"search_term_string"}}],"inLanguage":"tr"},{"@type":"Organization","@id":"https:\/\/evangelische-beratung.com\/tr\/#organization","name":"Evangelischer Regionalverband Frankfurt und Offenbach","url":"https:\/\/evangelische-beratung.com\/tr\/","logo":{"@type":"ImageObject","inLanguage":"tr","@id":"https:\/\/evangelische-beratung.com\/tr\/#\/schema\/logo\/image\/","url":"https:\/\/evangelische-beratung.com\/tr\/wp-content\/uploads\/sites\/8\/2019\/10\/erv-logo.png","contentUrl":"https:\/\/evangelische-beratung.com\/tr\/wp-content\/uploads\/sites\/8\/2019\/10\/erv-logo.png","width":1127,"height":595,"caption":"Evangelischer Regionalverband Frankfurt und Offenbach"},"image":{"@id":"https:\/\/evangelische-beratung.com\/tr\/#\/schema\/logo\/image\/"}}]}},"_links":{"self":[{"href":"https:\/\/evangelische-beratung.com\/tr\/wp-json\/wp\/v2\/pages\/364","targetHints":{"allow":["GET"]}}],"collection":[{"href":"https:\/\/evangelische-beratung.com\/tr\/wp-json\/wp\/v2\/pages"}],"about":[{"href":"https:\/\/evangelische-beratung.com\/tr\/wp-json\/wp\/v2\/types\/page"}],"author":[{"embeddable":true,"href":"https:\/\/evangelische-beratung.com\/tr\/wp-json\/wp\/v2\/users\/3"}],"replies":[{"embeddable":true,"href":"https:\/\/evangelische-beratung.com\/tr\/wp-json\/wp\/v2\/comments?post=364"}],"version-history":[{"count":1,"href":"https:\/\/evangelische-beratung.com\/tr\/wp-json\/wp\/v2\/pages\/364\/revisions"}],"predecessor-version":[{"id":1464,"href":"https:\/\/evangelische-beratung.com\/tr\/wp-json\/wp\/v2\/pages\/364\/revisions\/1464"}],"up":[{"embeddable":true,"href":"https:\/\/evangelische-beratung.com\/tr\/wp-json\/wp\/v2\/pages\/237"}],"wp:attachment":[{"href":"https:\/\/evangelische-beratung.com\/tr\/wp-json\/wp\/v2\/media?parent=364"}],"curies":[{"name":"wp","href":"https:\/\/api.w.org\/{rel}","templated":true}]}}