{"id":362,"date":"2019-08-19T11:54:55","date_gmt":"2019-08-19T09:54:55","guid":{"rendered":"https:\/\/evangelische-beratung.com\/tr\/?page_id=362"},"modified":"2020-03-27T09:27:31","modified_gmt":"2020-03-27T08:27:31","slug":"betriebliche-suchtberatung","status":"publish","type":"page","link":"https:\/\/evangelische-beratung.com\/tr\/sucht\/alkohol\/betriebliche-suchtberatung\/","title":{"rendered":"\u00c7al\u0131\u015fma ve i\u015f Alanlar\u0131nda ba\u011f\u0131ml\u0131l\u0131k dan\u0131\u015fmanl\u0131\u011f\u0131"},"content":{"rendered":"\n<p class=\"is-style-teaser\"> \u00c7al\u0131\u015fma ve i\u015f Alanlar\u0131nda, ba\u011f\u0131ml\u0131l\u0131k yapan Madde t\u00fcketimi ile ilgili sorular hakk\u0131nda size dan\u0131\u015fmanl\u0131k hizmeti sunmaktay\u0131z. <\/p>\n\n\n\n<figure class=\"wp-block-image alignwide\"><img loading=\"lazy\" decoding=\"async\" width=\"1024\" height=\"512\" src=\"https:\/\/evangelische-beratung.com\/tr\/wp-content\/uploads\/sites\/8\/2019\/08\/Betriebliche-Suchtberatung_hero-1024x512.jpg\" alt=\"\" class=\"wp-image-478\" srcset=\"https:\/\/evangelische-beratung.com\/tr\/wp-content\/uploads\/sites\/8\/2019\/08\/Betriebliche-Suchtberatung_hero-1024x512.jpg 1024w, https:\/\/evangelische-beratung.com\/tr\/wp-content\/uploads\/sites\/8\/2019\/08\/Betriebliche-Suchtberatung_hero-300x150.jpg 300w, https:\/\/evangelische-beratung.com\/tr\/wp-content\/uploads\/sites\/8\/2019\/08\/Betriebliche-Suchtberatung_hero-768x384.jpg 768w, https:\/\/evangelische-beratung.com\/tr\/wp-content\/uploads\/sites\/8\/2019\/08\/Betriebliche-Suchtberatung_hero.jpg 1840w\" sizes=\"auto, 100vw\" \/><\/figure>\n\n\n\n<p>Bizimle, \u0130\u015fyerinde ba\u011f\u0131ml\u0131l\u0131k ilgili her t\u00fcrl\u00fc sorulara cevap bulacaks\u0131n\u0131z ve Y\u00f6netici liderlerine e\u011fitim teklifleri, \u00c7al\u0131\u015fma Konseyi \u00fcyelerine, \u0130\u015f\u00e7i temsilcilerine veya Bay\/Bayan \u00c7al\u0131\u015fanlara da bireysel dan\u0131\u015fmanl\u0131k hizmetleri sunuyoruz. <\/p>\n\n\n\n<div class=\"wp-block-erv-download -show-file-extension undefined\"><span aria-hidden=\"true\"><span class=\"file-extension\">pdf<\/span><\/span><div class=\"title-and-description\"><p class=\"download-title -inverted-link-style\"><a href=\"https:\/\/evangelische-beratung.com\/tr\/wp-content\/uploads\/sites\/8\/2019\/08\/Grundmodule-Sucht-am-Arbeitsplatz-2019_07.pdf\" target=\"_blank\" rel=\"noopener noreferrer\">Infoflyer &#8220;Grundmodule Sucht am Arbeitsplatz&#8221;<\/a><\/p><p class=\"download-description\">Weitere Informationen zu Sucht im Betrieb<\/p><\/div><\/div>\n\n\n\n<p style=\"text-align:center\" class=\"is-style-roof-line\"> \u0130leti\u015fim i\u00e7in Bay\/Bayan Yetkilileriniz <\/p>\n\n\n\n<div class=\"wp-block-columns alignwide has-2-columns is-layout-flex wp-container-core-columns-is-layout-9d6595d7 wp-block-columns-is-layout-flex\">\n<div class=\"wp-block-column is-layout-flow wp-block-column-is-layout-flow\">\n<div class=\"wp-block-erv-id-card\"><div class=\"id-card-content\"><figure class=\"id-card-photo\"><img decoding=\"async\" src=\"https:\/\/evangelische-beratung.com\/wp-content\/uploads\/2019\/08\/Monika-Schiemann_Verwaltung-Suchtberatung-300x200.jpg\" \/><\/figure><div class=\"id-card-details\"><p class=\"id-card-name\">Monika Schiemann<\/p><p class=\"id-card-job\">Sekretariat &amp; Anmeldung<\/p><p class=\"id-card-location\">Frankfurt<\/p><p class=\"id-card-phone\">069 \/ 53 02 302 <\/p><p class=\"id-card-email\"><a href=\"&#x6d;a&#x69;&#108;&#x74;&#111;:&#x73;u&#x63;&#104;&#x74;&#98;e&#x72;&#97;&#x74;&#117;n&#x67;&#64;&#x66;&#114;&#x61;&#110;k&#x66;u&#x72;&#116;&#x2d;&#x65;v&#x61;&#110;&#x67;&#101;l&#x69;s&#x63;&#104;&#x2e;&#100;e\">E-Mail<\/a><\/p><\/div><\/div><\/div>\n<\/div>\n\n\n\n<div class=\"wp-block-column is-layout-flow wp-block-column-is-layout-flow\">\n<div class=\"wp-block-erv-id-card\"><div class=\"id-card-content\"><figure class=\"id-card-photo\"><img decoding=\"async\" src=\"https:\/\/evangelische-beratung.com\/wp-content\/uploads\/2025\/04\/portrait_platzhalter-1-300x300-1.jpg\" \/><\/figure><div class=\"id-card-details\"><p class=\"id-card-name\">N. N. <\/p><p class=\"id-card-job\">Leitung<\/p><p class=\"id-card-location\">Frankfurt<\/p><p class=\"id-card-phone\">069 \/ 53 02 301<\/p><p class=\"id-card-email\"><a href=\"&#109;&#x61;&#x69;l&#116;&#x6f;:&#115;&#x75;&#x63;&#104;&#x74;&#x62;e&#114;&#x61;t&#117;&#x6e;&#x67;&#64;&#x66;&#x72;a&#110;&#x6b;f&#117;&#x72;&#x74;&#45;&#x65;&#x76;a&#110;&#x67;e&#108;&#x69;&#x73;&#99;&#x68;&#x2e;d&#101;\">E-Mail<\/a><\/p><\/div><\/div><\/div>\n<\/div>\n<\/div>\n\n\n\n<p><\/p>\n","protected":false},"excerpt":{"rendered":"<p>\u00c7al\u0131\u015fma ve i\u015f Alanlar\u0131nda, ba\u011f\u0131ml\u0131l\u0131k yapan Madde t\u00fcketimi ile ilgili sorular hakk\u0131nda size dan\u0131\u015fmanl\u0131k hizmeti sunmaktay\u0131z. Bizimle, \u0130\u015fyerinde ba\u011f\u0131ml\u0131l\u0131k ilgili her t\u00fcrl\u00fc sorulara cevap bulacaks\u0131n\u0131z ve Y\u00f6netici liderlerine e\u011fitim teklifleri, \u00c7al\u0131\u015fma Konseyi \u00fcyelerine, \u0130\u015f\u00e7i temsilcilerine veya Bay\/Bayan \u00c7al\u0131\u015fanlara da bireysel dan\u0131\u015fmanl\u0131k hizmetleri sunuyoruz. \u0130leti\u015fim i\u00e7in Bay\/Bayan Yetkilileriniz<\/p>\n","protected":false},"author":3,"featured_media":0,"parent":237,"menu_order":0,"comment_status":"closed","ping_status":"closed","template":"","meta":{"footnotes":""},"class_list":["post-362","page","type-page","status-publish","hentry"],"yoast_head":"<!-- This site is optimized with the Yoast SEO plugin v27.3 - https:\/\/yoast.com\/product\/yoast-seo-wordpress\/ -->\n<title>Betriebliche Suchtberatung in Frankfurt beim Ev. Regionalverband<\/title>\n<meta name=\"description\" content=\"Bei uns finden Sie individuelle Beratung bei Suchtproblemen am Arbeitsplatz und Schulungsangebote f\u00fcr alle Mitarbeiter*innen.\" \/>\n<meta name=\"robots\" content=\"index, follow, max-snippet:-1, max-image-preview:large, max-video-preview:-1\" \/>\n<link rel=\"canonical\" href=\"https:\/\/evangelische-beratung.com\/tr\/sucht\/alkohol\/betriebliche-suchtberatung\/\" \/>\n<meta property=\"og:locale\" content=\"tr_TR\" \/>\n<meta property=\"og:type\" content=\"article\" \/>\n<meta property=\"og:title\" content=\"Betriebliche Suchtberatung in Frankfurt beim Ev. Regionalverband\" \/>\n<meta property=\"og:description\" content=\"Bei uns finden Sie individuelle Beratung bei Suchtproblemen am Arbeitsplatz und Schulungsangebote f\u00fcr alle Mitarbeiter*innen.\" \/>\n<meta property=\"og:url\" content=\"https:\/\/evangelische-beratung.com\/tr\/sucht\/alkohol\/betriebliche-suchtberatung\/\" \/>\n<meta property=\"og:site_name\" content=\"Evangelischer Regionalverband\" \/>\n<meta property=\"article:modified_time\" content=\"2020-03-27T08:27:31+00:00\" \/>\n<meta property=\"og:image\" content=\"https:\/\/evangelische-beratung.com\/tr\/wp-content\/uploads\/sites\/8\/2019\/08\/Betriebliche-Suchtberatung_hero-1024x512.jpg\" \/>\n<meta name=\"twitter:card\" content=\"summary_large_image\" \/>\n<script type=\"application\/ld+json\" class=\"yoast-schema-graph\">{\"@context\":\"https:\\\/\\\/schema.org\",\"@graph\":[{\"@type\":\"WebPage\",\"@id\":\"https:\\\/\\\/evangelische-beratung.com\\\/tr\\\/sucht\\\/alkohol\\\/betriebliche-suchtberatung\\\/\",\"url\":\"https:\\\/\\\/evangelische-beratung.com\\\/tr\\\/sucht\\\/alkohol\\\/betriebliche-suchtberatung\\\/\",\"name\":\"Betriebliche Suchtberatung in Frankfurt beim Ev. Regionalverband\",\"isPartOf\":{\"@id\":\"https:\\\/\\\/evangelische-beratung.com\\\/tr\\\/#website\"},\"primaryImageOfPage\":{\"@id\":\"https:\\\/\\\/evangelische-beratung.com\\\/tr\\\/sucht\\\/alkohol\\\/betriebliche-suchtberatung\\\/#primaryimage\"},\"image\":{\"@id\":\"https:\\\/\\\/evangelische-beratung.com\\\/tr\\\/sucht\\\/alkohol\\\/betriebliche-suchtberatung\\\/#primaryimage\"},\"thumbnailUrl\":\"https:\\\/\\\/evangelische-beratung.com\\\/tr\\\/wp-content\\\/uploads\\\/sites\\\/8\\\/2019\\\/08\\\/Betriebliche-Suchtberatung_hero-1024x512.jpg\",\"datePublished\":\"2019-08-19T09:54:55+00:00\",\"dateModified\":\"2020-03-27T08:27:31+00:00\",\"description\":\"Bei uns finden Sie individuelle Beratung bei Suchtproblemen am Arbeitsplatz und Schulungsangebote f\u00fcr alle Mitarbeiter*innen.\",\"breadcrumb\":{\"@id\":\"https:\\\/\\\/evangelische-beratung.com\\\/tr\\\/sucht\\\/alkohol\\\/betriebliche-suchtberatung\\\/#breadcrumb\"},\"inLanguage\":\"tr\",\"potentialAction\":[{\"@type\":\"ReadAction\",\"target\":[\"https:\\\/\\\/evangelische-beratung.com\\\/tr\\\/sucht\\\/alkohol\\\/betriebliche-suchtberatung\\\/\"]}]},{\"@type\":\"ImageObject\",\"inLanguage\":\"tr\",\"@id\":\"https:\\\/\\\/evangelische-beratung.com\\\/tr\\\/sucht\\\/alkohol\\\/betriebliche-suchtberatung\\\/#primaryimage\",\"url\":\"https:\\\/\\\/evangelische-beratung.com\\\/tr\\\/wp-content\\\/uploads\\\/sites\\\/8\\\/2019\\\/08\\\/Betriebliche-Suchtberatung_hero-1024x512.jpg\",\"contentUrl\":\"https:\\\/\\\/evangelische-beratung.com\\\/tr\\\/wp-content\\\/uploads\\\/sites\\\/8\\\/2019\\\/08\\\/Betriebliche-Suchtberatung_hero-1024x512.jpg\"},{\"@type\":\"BreadcrumbList\",\"@id\":\"https:\\\/\\\/evangelische-beratung.com\\\/tr\\\/sucht\\\/alkohol\\\/betriebliche-suchtberatung\\\/#breadcrumb\",\"itemListElement\":[{\"@type\":\"ListItem\",\"position\":1,\"name\":\"Startseite\",\"item\":\"https:\\\/\\\/evangelische-beratung.com\\\/tr\\\/\"},{\"@type\":\"ListItem\",\"position\":2,\"name\":\"Ba\u011f\u0131ml\u0131l\u0131k\",\"item\":\"https:\\\/\\\/evangelische-beratung.com\\\/tr\\\/sucht\\\/\"},{\"@type\":\"ListItem\",\"position\":3,\"name\":\"Alkol\",\"item\":\"https:\\\/\\\/evangelische-beratung.com\\\/tr\\\/sucht\\\/alkohol\\\/\"},{\"@type\":\"ListItem\",\"position\":4,\"name\":\"\u00c7al\u0131\u015fma ve i\u015f Alanlar\u0131nda ba\u011f\u0131ml\u0131l\u0131k dan\u0131\u015fmanl\u0131\u011f\u0131\"}]},{\"@type\":\"WebSite\",\"@id\":\"https:\\\/\\\/evangelische-beratung.com\\\/tr\\\/#website\",\"url\":\"https:\\\/\\\/evangelische-beratung.com\\\/tr\\\/\",\"name\":\"Evangelischer Regionalverband\",\"description\":\"\",\"publisher\":{\"@id\":\"https:\\\/\\\/evangelische-beratung.com\\\/tr\\\/#organization\"},\"potentialAction\":[{\"@type\":\"SearchAction\",\"target\":{\"@type\":\"EntryPoint\",\"urlTemplate\":\"https:\\\/\\\/evangelische-beratung.com\\\/tr\\\/?s={search_term_string}\"},\"query-input\":{\"@type\":\"PropertyValueSpecification\",\"valueRequired\":true,\"valueName\":\"search_term_string\"}}],\"inLanguage\":\"tr\"},{\"@type\":\"Organization\",\"@id\":\"https:\\\/\\\/evangelische-beratung.com\\\/tr\\\/#organization\",\"name\":\"Evangelischer Regionalverband Frankfurt und Offenbach\",\"url\":\"https:\\\/\\\/evangelische-beratung.com\\\/tr\\\/\",\"logo\":{\"@type\":\"ImageObject\",\"inLanguage\":\"tr\",\"@id\":\"https:\\\/\\\/evangelische-beratung.com\\\/tr\\\/#\\\/schema\\\/logo\\\/image\\\/\",\"url\":\"https:\\\/\\\/evangelische-beratung.com\\\/tr\\\/wp-content\\\/uploads\\\/sites\\\/8\\\/2019\\\/10\\\/erv-logo.png\",\"contentUrl\":\"https:\\\/\\\/evangelische-beratung.com\\\/tr\\\/wp-content\\\/uploads\\\/sites\\\/8\\\/2019\\\/10\\\/erv-logo.png\",\"width\":1127,\"height\":595,\"caption\":\"Evangelischer Regionalverband Frankfurt und Offenbach\"},\"image\":{\"@id\":\"https:\\\/\\\/evangelische-beratung.com\\\/tr\\\/#\\\/schema\\\/logo\\\/image\\\/\"}}]}<\/script>\n<!-- \/ Yoast SEO plugin. -->","yoast_head_json":{"title":"Betriebliche Suchtberatung in Frankfurt beim Ev. Regionalverband","description":"Bei uns finden Sie individuelle Beratung bei Suchtproblemen am Arbeitsplatz und Schulungsangebote f\u00fcr alle Mitarbeiter*innen.","robots":{"index":"index","follow":"follow","max-snippet":"max-snippet:-1","max-image-preview":"max-image-preview:large","max-video-preview":"max-video-preview:-1"},"canonical":"https:\/\/evangelische-beratung.com\/tr\/sucht\/alkohol\/betriebliche-suchtberatung\/","og_locale":"tr_TR","og_type":"article","og_title":"Betriebliche Suchtberatung in Frankfurt beim Ev. Regionalverband","og_description":"Bei uns finden Sie individuelle Beratung bei Suchtproblemen am Arbeitsplatz und Schulungsangebote f\u00fcr alle Mitarbeiter*innen.","og_url":"https:\/\/evangelische-beratung.com\/tr\/sucht\/alkohol\/betriebliche-suchtberatung\/","og_site_name":"Evangelischer Regionalverband","article_modified_time":"2020-03-27T08:27:31+00:00","og_image":[{"url":"https:\/\/evangelische-beratung.com\/tr\/wp-content\/uploads\/sites\/8\/2019\/08\/Betriebliche-Suchtberatung_hero-1024x512.jpg","type":"","width":"","height":""}],"twitter_card":"summary_large_image","schema":{"@context":"https:\/\/schema.org","@graph":[{"@type":"WebPage","@id":"https:\/\/evangelische-beratung.com\/tr\/sucht\/alkohol\/betriebliche-suchtberatung\/","url":"https:\/\/evangelische-beratung.com\/tr\/sucht\/alkohol\/betriebliche-suchtberatung\/","name":"Betriebliche Suchtberatung in Frankfurt beim Ev. Regionalverband","isPartOf":{"@id":"https:\/\/evangelische-beratung.com\/tr\/#website"},"primaryImageOfPage":{"@id":"https:\/\/evangelische-beratung.com\/tr\/sucht\/alkohol\/betriebliche-suchtberatung\/#primaryimage"},"image":{"@id":"https:\/\/evangelische-beratung.com\/tr\/sucht\/alkohol\/betriebliche-suchtberatung\/#primaryimage"},"thumbnailUrl":"https:\/\/evangelische-beratung.com\/tr\/wp-content\/uploads\/sites\/8\/2019\/08\/Betriebliche-Suchtberatung_hero-1024x512.jpg","datePublished":"2019-08-19T09:54:55+00:00","dateModified":"2020-03-27T08:27:31+00:00","description":"Bei uns finden Sie individuelle Beratung bei Suchtproblemen am Arbeitsplatz und Schulungsangebote f\u00fcr alle Mitarbeiter*innen.","breadcrumb":{"@id":"https:\/\/evangelische-beratung.com\/tr\/sucht\/alkohol\/betriebliche-suchtberatung\/#breadcrumb"},"inLanguage":"tr","potentialAction":[{"@type":"ReadAction","target":["https:\/\/evangelische-beratung.com\/tr\/sucht\/alkohol\/betriebliche-suchtberatung\/"]}]},{"@type":"ImageObject","inLanguage":"tr","@id":"https:\/\/evangelische-beratung.com\/tr\/sucht\/alkohol\/betriebliche-suchtberatung\/#primaryimage","url":"https:\/\/evangelische-beratung.com\/tr\/wp-content\/uploads\/sites\/8\/2019\/08\/Betriebliche-Suchtberatung_hero-1024x512.jpg","contentUrl":"https:\/\/evangelische-beratung.com\/tr\/wp-content\/uploads\/sites\/8\/2019\/08\/Betriebliche-Suchtberatung_hero-1024x512.jpg"},{"@type":"BreadcrumbList","@id":"https:\/\/evangelische-beratung.com\/tr\/sucht\/alkohol\/betriebliche-suchtberatung\/#breadcrumb","itemListElement":[{"@type":"ListItem","position":1,"name":"Startseite","item":"https:\/\/evangelische-beratung.com\/tr\/"},{"@type":"ListItem","position":2,"name":"Ba\u011f\u0131ml\u0131l\u0131k","item":"https:\/\/evangelische-beratung.com\/tr\/sucht\/"},{"@type":"ListItem","position":3,"name":"Alkol","item":"https:\/\/evangelische-beratung.com\/tr\/sucht\/alkohol\/"},{"@type":"ListItem","position":4,"name":"\u00c7al\u0131\u015fma ve i\u015f Alanlar\u0131nda ba\u011f\u0131ml\u0131l\u0131k dan\u0131\u015fmanl\u0131\u011f\u0131"}]},{"@type":"WebSite","@id":"https:\/\/evangelische-beratung.com\/tr\/#website","url":"https:\/\/evangelische-beratung.com\/tr\/","name":"Evangelischer Regionalverband","description":"","publisher":{"@id":"https:\/\/evangelische-beratung.com\/tr\/#organization"},"potentialAction":[{"@type":"SearchAction","target":{"@type":"EntryPoint","urlTemplate":"https:\/\/evangelische-beratung.com\/tr\/?s={search_term_string}"},"query-input":{"@type":"PropertyValueSpecification","valueRequired":true,"valueName":"search_term_string"}}],"inLanguage":"tr"},{"@type":"Organization","@id":"https:\/\/evangelische-beratung.com\/tr\/#organization","name":"Evangelischer Regionalverband Frankfurt und Offenbach","url":"https:\/\/evangelische-beratung.com\/tr\/","logo":{"@type":"ImageObject","inLanguage":"tr","@id":"https:\/\/evangelische-beratung.com\/tr\/#\/schema\/logo\/image\/","url":"https:\/\/evangelische-beratung.com\/tr\/wp-content\/uploads\/sites\/8\/2019\/10\/erv-logo.png","contentUrl":"https:\/\/evangelische-beratung.com\/tr\/wp-content\/uploads\/sites\/8\/2019\/10\/erv-logo.png","width":1127,"height":595,"caption":"Evangelischer Regionalverband Frankfurt und Offenbach"},"image":{"@id":"https:\/\/evangelische-beratung.com\/tr\/#\/schema\/logo\/image\/"}}]}},"_links":{"self":[{"href":"https:\/\/evangelische-beratung.com\/tr\/wp-json\/wp\/v2\/pages\/362","targetHints":{"allow":["GET"]}}],"collection":[{"href":"https:\/\/evangelische-beratung.com\/tr\/wp-json\/wp\/v2\/pages"}],"about":[{"href":"https:\/\/evangelische-beratung.com\/tr\/wp-json\/wp\/v2\/types\/page"}],"author":[{"embeddable":true,"href":"https:\/\/evangelische-beratung.com\/tr\/wp-json\/wp\/v2\/users\/3"}],"replies":[{"embeddable":true,"href":"https:\/\/evangelische-beratung.com\/tr\/wp-json\/wp\/v2\/comments?post=362"}],"version-history":[{"count":1,"href":"https:\/\/evangelische-beratung.com\/tr\/wp-json\/wp\/v2\/pages\/362\/revisions"}],"predecessor-version":[{"id":1428,"href":"https:\/\/evangelische-beratung.com\/tr\/wp-json\/wp\/v2\/pages\/362\/revisions\/1428"}],"up":[{"embeddable":true,"href":"https:\/\/evangelische-beratung.com\/tr\/wp-json\/wp\/v2\/pages\/237"}],"wp:attachment":[{"href":"https:\/\/evangelische-beratung.com\/tr\/wp-json\/wp\/v2\/media?parent=362"}],"curies":[{"name":"wp","href":"https:\/\/api.w.org\/{rel}","templated":true}]}}