{"id":351,"date":"2019-08-19T11:38:38","date_gmt":"2019-08-19T09:38:38","guid":{"rendered":"https:\/\/evangelische-beratung.com\/tr\/?page_id=351"},"modified":"2020-03-27T09:23:39","modified_gmt":"2020-03-27T08:23:39","slug":"alkoholfreies-begegnungszentrum-cafe-alte-backstube","status":"publish","type":"page","link":"https:\/\/evangelische-beratung.com\/tr\/sucht\/alkohol\/alkoholfreies-begegnungszentrum-cafe-alte-backstube\/","title":{"rendered":"Alkols\u00fcz Toplant\u0131 merkezi &#8220;Caf\u00e9 Alte Backstube&#8221;"},"content":{"rendered":"\n<p class=\"is-style-teaser\"> Alkols\u00fcz Kahvehanesi\u2018nde rahat sohbetlerle, kendi kendine yard\u0131m gruplar\u0131 ve Alkol t\u00fcketiminden etkilenenlere, bilgiler sunulmaktad\u0131r. <\/p>\n\n\n\n<figure class=\"wp-block-image alignwide\"><img loading=\"lazy\" decoding=\"async\" width=\"1024\" height=\"512\" src=\"https:\/\/evangelische-beratung.com\/tr\/wp-content\/uploads\/sites\/8\/2020\/01\/Cafe-Alte-Backstube-5_HEro-1024x512.jpg\" alt=\"\" class=\"wp-image-807\" srcset=\"https:\/\/evangelische-beratung.com\/tr\/wp-content\/uploads\/sites\/8\/2020\/01\/Cafe-Alte-Backstube-5_HEro-1024x512.jpg 1024w, https:\/\/evangelische-beratung.com\/tr\/wp-content\/uploads\/sites\/8\/2020\/01\/Cafe-Alte-Backstube-5_HEro-300x150.jpg 300w, https:\/\/evangelische-beratung.com\/tr\/wp-content\/uploads\/sites\/8\/2020\/01\/Cafe-Alte-Backstube-5_HEro-768x384.jpg 768w, https:\/\/evangelische-beratung.com\/tr\/wp-content\/uploads\/sites\/8\/2020\/01\/Cafe-Alte-Backstube-5_HEro.jpg 1840w\" sizes=\"auto, 100vw\" \/><\/figure>\n\n\n\n<p> \u201eCaf\u00e9 Alte Backstube\u201c g\u00fcnl\u00fck bir kahvehane de\u011fildir. Burada, alkols\u00fcz, ho\u015f ve gayri resmi bir ortamda bir fincan kahve veya \u00e7ay bulabilir, rahat ve a\u00e7\u0131k konu\u015fma s\u0131ras\u0131nda Alkol t\u00fcketiminden etkilenenler hakk\u0131nda bilgiler edinebilir veya kendi kendine yard\u0131m grubunda yer alabilirsiniz. <\/p>\n\n\n\n<p> Alkole ba\u011f\u0131ml\u0131l\u0131k sorunlar\u0131 veya di\u011fer ba\u011f\u0131ml\u0131l\u0131klar\u0131 olan ki\u015filer, burada &#8220;Caf\u00e9 Alte Backstube&#8221;de \u201eFrankfurt dost\u00e7evresinin\u201c  &#8220;Freundeskreises Frankfurt&#8221; sohbetleri ve \u201ekendi kendine yard\u0131m gruplar\u0131\u201c arac\u0131l\u0131\u011f\u0131yla destek g\u00f6r\u00fcrler. <\/p>\n\n\n\n<p>\u201eAlte Backstube\u201c kahvehanesinde, sergilere, bilgilendirmelere ve e\u011flence etkinliklerine ev sahipli\u011fi yapmaktad\u0131r. \u00d6nemli spor m\u00fcsabakalar\u0131, (\u00f6rne\u011fin D\u00fcnya Kupas\u0131) ekranda birlikte izlenebilir. Masatopu ve di\u011fer masa oyunlar\u0131 \u00fccretsiz olarak kullan\u0131labilinir.<\/p>\n\n\n\n<p>G\u00fcncel program\u0131 burada bulabilirsiniz:<\/p>\n\n\n\n<div class=\"wp-block-erv-download -show-file-extension undefined\"><span aria-hidden=\"true\"><span class=\"file-extension\">pdf<\/span><\/span><div class=\"title-and-description\"><p class=\"download-title -inverted-link-style\"><a href=\"https:\/\/evangelische-beratung.com\/tr\/wp-content\/uploads\/sites\/8\/2019\/08\/Flyer_Alte-Backstube_2019-Juli_screen.pdf\" target=\"_blank\" rel=\"noopener noreferrer\">Programmflyer<\/a><\/p><p class=\"download-description\">weitere Informationen zum Begegnungszentrum<\/p><\/div><\/div>\n\n\n\n<div class=\"wp-block-erv-container -has-background\">\n<h2 class=\"wp-block-heading\" style=\"text-align:center\">Kahvehaneye gel<\/h2>\n\n\n\n<div class=\"wp-block-image\"><figure class=\"aligncenter\"><img loading=\"lazy\" decoding=\"async\" width=\"886\" height=\"531\" src=\"https:\/\/evangelische-beratung.com\/tr\/wp-content\/uploads\/sites\/8\/2020\/01\/Lageplan-Cafe-Alte-BAckstube_MS.jpg\" alt=\"\" class=\"wp-image-808\" srcset=\"https:\/\/evangelische-beratung.com\/tr\/wp-content\/uploads\/sites\/8\/2020\/01\/Lageplan-Cafe-Alte-BAckstube_MS.jpg 886w, https:\/\/evangelische-beratung.com\/tr\/wp-content\/uploads\/sites\/8\/2020\/01\/Lageplan-Cafe-Alte-BAckstube_MS-300x180.jpg 300w, https:\/\/evangelische-beratung.com\/tr\/wp-content\/uploads\/sites\/8\/2020\/01\/Lageplan-Cafe-Alte-BAckstube_MS-768x460.jpg 768w\" sizes=\"auto, 100vw\" \/><\/figure><\/div>\n\n\n\n<p><\/p>\n\n\n\n<div class=\"wp-block-columns has-2-columns is-layout-flex wp-container-core-columns-is-layout-9d6595d7 wp-block-columns-is-layout-flex\">\n<div class=\"wp-block-column is-layout-flow wp-block-column-is-layout-flow\">\n<p>Alkoholfreies Begegnungszentrum <br>Caf\u00e9 Alte Backstube<\/p>\n\n\n\n<p>Dominikanergasse 7<br>60311 Frankfurt am Main<br>069 \/ 295 456<\/p>\n<\/div>\n\n\n\n<div class=\"wp-block-column is-layout-flow wp-block-column-is-layout-flow\">\n<p>\u201e Alte Backstube \u201e nin A\u00e7\u0131l\u0131\u015f saatleri: Pazartesi &#8211; Cuma &nbsp;saat 17:00 ile 21:00 aras\u0131<\/p>\n\n\n\n<p>Etkilenen ki\u015filer i\u00e7in a\u00e7\u0131k g\u00f6r\u00fc\u015fme saatleri: Sal\u0131 g\u00fcnleri saat 17:30 ile 18:30 aras\u0131r<\/p>\n<\/div>\n<\/div>\n<\/div>\n\n\n\n<p style=\"text-align:center\" class=\"is-style-roof-line\">Alkols\u00fcz Toplant\u0131 merkezinin Bay\/Bayan Yetkilileriniz <\/p>\n\n\n\n<div class=\"wp-block-columns alignwide has-3-columns is-layout-flex wp-container-core-columns-is-layout-9d6595d7 wp-block-columns-is-layout-flex\">\n<div class=\"wp-block-column is-layout-flow wp-block-column-is-layout-flow\">\n<div class=\"wp-block-erv-id-card\"><div class=\"id-card-content\"><figure class=\"id-card-photo\"><img decoding=\"async\" src=\"https:\/\/evangelische-beratung.com\/wp-content\/uploads\/2019\/08\/Monika-Schiemann_Verwaltung-Suchtberatung-300x200.jpg\" \/><\/figure><div class=\"id-card-details\"><p class=\"id-card-name\">Monika Schiemann<\/p><p class=\"id-card-job\">Sekretariat &amp; Anmeldung<\/p><p class=\"id-card-location\">Frankfurt<\/p><p class=\"id-card-phone\">069 \/ 53 02 302 <\/p><p class=\"id-card-email\"><a href=\"&#x6d;&#97;i&#x6c;&#116;o&#x3a;&#115;u&#x63;&#104;t&#x62;&#101;r&#x61;&#116;u&#x6e;&#103;&#64;&#x66;&#114;a&#x6e;&#107;f&#x75;&#114;t&#x2d;&#101;v&#x61;&#110;g&#x65;&#108;i&#x73;&#99;h&#x2e;&#100;e\">E-Mail<\/a><\/p><\/div><\/div><\/div>\n\n\n\n<div class=\"wp-block-erv-id-card\"><div class=\"id-card-content\"><figure class=\"id-card-photo\"><img decoding=\"async\" src=\"https:\/\/evangelische-beratung.com\/tr\/wp-content\/uploads\/sites\/8\/2020\/01\/Cafe-Alte-Backstube_Michael-Schuckert-300x300.jpg\" \/><\/figure><div class=\"id-card-details\"><p class=\"id-card-name\">Michael Schuckert<\/p><p class=\"id-card-job\"><\/p><p class=\"id-card-location\">Alte Backstube, Dominikanergasse 7, 60431 Frankfurt am Main<\/p><p class=\"id-card-phone\">069 \/ 29 54 56<\/p><p class=\"id-card-email\"><a href=\"&#x6d;&#x61;&#x69;&#x6c;&#116;&#111;&#58;su&#x63;&#x68;&#x74;&#x62;&#x65;&#114;&#97;&#116;un&#x67;&#x40;&#x66;&#x72;&#x61;&#110;&#107;&#102;ur&#x74;&#x2d;&#x65;&#x76;&#x61;&#110;&#103;&#101;li&#x73;&#x63;&#x68;&#x2e;&#x64;&#101;\">E-Mail<\/a><\/p><\/div><\/div><\/div>\n<\/div>\n\n\n\n<div class=\"wp-block-column is-layout-flow wp-block-column-is-layout-flow\">\n<div class=\"wp-block-erv-id-card\"><div class=\"id-card-content\"><figure class=\"id-card-photo\"><img decoding=\"async\" src=\"https:\/\/evangelische-beratung.com\/wp-content\/uploads\/2025\/04\/portrait_platzhalter-1-300x300-1.jpg\" \/><\/figure><div class=\"id-card-details\"><p class=\"id-card-name\">N. N. <\/p><p class=\"id-card-job\">Leitung<\/p><p class=\"id-card-location\">Frankfurt<\/p><p class=\"id-card-phone\">069 \/ 53 02 301<\/p><p class=\"id-card-email\"><a href=\"&#x6d;&#x61;&#x69;&#x6c;&#x74;&#x6f;&#x3a;&#115;&#117;&#99;&#104;&#116;bera&#x74;&#x75;&#x6e;&#x67;&#x40;&#x66;&#x72;&#x61;&#110;&#107;&#102;&#117;&#114;t-ev&#x61;&#x6e;&#x67;&#x65;&#x6c;&#x69;&#x73;&#99;&#104;&#46;&#100;&#101;\">E-Mail<\/a><\/p><\/div><\/div><\/div>\n<\/div>\n\n\n\n<div class=\"wp-block-column is-layout-flow wp-block-column-is-layout-flow\">\n<div class=\"wp-block-erv-id-card\"><div class=\"id-card-content\"><figure class=\"id-card-photo\"><img decoding=\"async\" src=\"https:\/\/evangelische-beratung.com\/tr\/wp-content\/uploads\/sites\/8\/2020\/01\/Cafe-Alte-Backstube_Marcelina-Szumielewicz-Krason-300x300.jpg\" \/><\/figure><div class=\"id-card-details\"><p class=\"id-card-name\">Marcellina Krason<\/p><p class=\"id-card-job\"><\/p><p class=\"id-card-location\">Alte Backstube, Dominikanergasse 7, 60431 Frankfurt am Main<\/p><p class=\"id-card-phone\">069 \/ 29 54 56<\/p><p class=\"id-card-email\"><a href=\"&#109;a&#x69;l&#x74;o&#x3a;&#115;&#x75;&#99;&#x68;&#116;b&#x65;r&#x61;t&#x75;&#110;&#x67;&#64;&#x66;&#114;&#x61;&#110;k&#x66;u&#x72;t&#x2d;&#101;&#x76;&#97;&#x6e;&#103;&#x65;&#108;i&#x73;c&#x68;&#46;&#x64;&#101;\">E-Mail<\/a><\/p><\/div><\/div><\/div>\n<\/div>\n<\/div>\n","protected":false},"excerpt":{"rendered":"<p>Alkols\u00fcz Kahvehanesi\u2018nde rahat sohbetlerle, kendi kendine yard\u0131m gruplar\u0131 ve Alkol t\u00fcketiminden etkilenenlere, bilgiler sunulmaktad\u0131r. \u201eCaf\u00e9 Alte Backstube\u201c g\u00fcnl\u00fck bir kahvehane de\u011fildir. Burada, alkols\u00fcz, ho\u015f ve gayri resmi bir ortamda bir fincan kahve veya \u00e7ay bulabilir, rahat ve a\u00e7\u0131k konu\u015fma s\u0131ras\u0131nda Alkol t\u00fcketiminden etkilenenler hakk\u0131nda bilgiler edinebilir veya kendi kendine yard\u0131m grubunda yer alabilirsiniz. Alkole ba\u011f\u0131ml\u0131l\u0131k [&hellip;]<\/p>\n","protected":false},"author":3,"featured_media":0,"parent":237,"menu_order":0,"comment_status":"closed","ping_status":"closed","template":"","meta":{"footnotes":""},"class_list":["post-351","page","type-page","status-publish","hentry"],"yoast_head":"<!-- This site is optimized with the Yoast SEO plugin v27.3 - https:\/\/yoast.com\/product\/yoast-seo-wordpress\/ -->\n<title>Alkoholfreies Begegnungszentrum in Frankfurt. Selbsthilfe und Information.<\/title>\n<meta name=\"description\" content=\"Das alkoholfreie Caf\u00e9 in der Frankfurter Innenstadt bietet Gespr\u00e4che in ungezwungener Atmosph\u00e4re, Selbsthilfegruppen und Informationen durch Betroffene.\" \/>\n<meta name=\"robots\" content=\"index, follow, max-snippet:-1, max-image-preview:large, max-video-preview:-1\" \/>\n<link rel=\"canonical\" href=\"https:\/\/evangelische-beratung.com\/tr\/sucht\/alkohol\/alkoholfreies-begegnungszentrum-cafe-alte-backstube\/\" \/>\n<meta property=\"og:locale\" content=\"tr_TR\" \/>\n<meta property=\"og:type\" content=\"article\" \/>\n<meta property=\"og:title\" content=\"Alkoholfreies Begegnungszentrum in Frankfurt. Selbsthilfe und Information.\" \/>\n<meta property=\"og:description\" content=\"Das alkoholfreie Caf\u00e9 in der Frankfurter Innenstadt bietet Gespr\u00e4che in ungezwungener Atmosph\u00e4re, Selbsthilfegruppen und Informationen durch Betroffene.\" \/>\n<meta property=\"og:url\" content=\"https:\/\/evangelische-beratung.com\/tr\/sucht\/alkohol\/alkoholfreies-begegnungszentrum-cafe-alte-backstube\/\" \/>\n<meta property=\"og:site_name\" content=\"Evangelischer Regionalverband\" \/>\n<meta property=\"article:modified_time\" content=\"2020-03-27T08:23:39+00:00\" \/>\n<meta property=\"og:image\" content=\"https:\/\/evangelische-beratung.com\/tr\/wp-content\/uploads\/sites\/8\/2020\/01\/Cafe-Alte-Backstube-5_HEro-1024x512.jpg\" \/>\n<meta name=\"twitter:card\" content=\"summary_large_image\" \/>\n<meta name=\"twitter:label1\" content=\"Tahmini okuma s\u00fcresi\" \/>\n\t<meta name=\"twitter:data1\" content=\"1 dakika\" \/>\n<script type=\"application\/ld+json\" class=\"yoast-schema-graph\">{\"@context\":\"https:\\\/\\\/schema.org\",\"@graph\":[{\"@type\":\"WebPage\",\"@id\":\"https:\\\/\\\/evangelische-beratung.com\\\/tr\\\/sucht\\\/alkohol\\\/alkoholfreies-begegnungszentrum-cafe-alte-backstube\\\/\",\"url\":\"https:\\\/\\\/evangelische-beratung.com\\\/tr\\\/sucht\\\/alkohol\\\/alkoholfreies-begegnungszentrum-cafe-alte-backstube\\\/\",\"name\":\"Alkoholfreies Begegnungszentrum in Frankfurt. Selbsthilfe und Information.\",\"isPartOf\":{\"@id\":\"https:\\\/\\\/evangelische-beratung.com\\\/tr\\\/#website\"},\"primaryImageOfPage\":{\"@id\":\"https:\\\/\\\/evangelische-beratung.com\\\/tr\\\/sucht\\\/alkohol\\\/alkoholfreies-begegnungszentrum-cafe-alte-backstube\\\/#primaryimage\"},\"image\":{\"@id\":\"https:\\\/\\\/evangelische-beratung.com\\\/tr\\\/sucht\\\/alkohol\\\/alkoholfreies-begegnungszentrum-cafe-alte-backstube\\\/#primaryimage\"},\"thumbnailUrl\":\"https:\\\/\\\/evangelische-beratung.com\\\/tr\\\/wp-content\\\/uploads\\\/sites\\\/8\\\/2020\\\/01\\\/Cafe-Alte-Backstube-5_HEro-1024x512.jpg\",\"datePublished\":\"2019-08-19T09:38:38+00:00\",\"dateModified\":\"2020-03-27T08:23:39+00:00\",\"description\":\"Das alkoholfreie Caf\u00e9 in der Frankfurter Innenstadt bietet Gespr\u00e4che in ungezwungener Atmosph\u00e4re, Selbsthilfegruppen und Informationen durch Betroffene.\",\"breadcrumb\":{\"@id\":\"https:\\\/\\\/evangelische-beratung.com\\\/tr\\\/sucht\\\/alkohol\\\/alkoholfreies-begegnungszentrum-cafe-alte-backstube\\\/#breadcrumb\"},\"inLanguage\":\"tr\",\"potentialAction\":[{\"@type\":\"ReadAction\",\"target\":[\"https:\\\/\\\/evangelische-beratung.com\\\/tr\\\/sucht\\\/alkohol\\\/alkoholfreies-begegnungszentrum-cafe-alte-backstube\\\/\"]}]},{\"@type\":\"ImageObject\",\"inLanguage\":\"tr\",\"@id\":\"https:\\\/\\\/evangelische-beratung.com\\\/tr\\\/sucht\\\/alkohol\\\/alkoholfreies-begegnungszentrum-cafe-alte-backstube\\\/#primaryimage\",\"url\":\"https:\\\/\\\/evangelische-beratung.com\\\/tr\\\/wp-content\\\/uploads\\\/sites\\\/8\\\/2020\\\/01\\\/Cafe-Alte-Backstube-5_HEro-1024x512.jpg\",\"contentUrl\":\"https:\\\/\\\/evangelische-beratung.com\\\/tr\\\/wp-content\\\/uploads\\\/sites\\\/8\\\/2020\\\/01\\\/Cafe-Alte-Backstube-5_HEro-1024x512.jpg\"},{\"@type\":\"BreadcrumbList\",\"@id\":\"https:\\\/\\\/evangelische-beratung.com\\\/tr\\\/sucht\\\/alkohol\\\/alkoholfreies-begegnungszentrum-cafe-alte-backstube\\\/#breadcrumb\",\"itemListElement\":[{\"@type\":\"ListItem\",\"position\":1,\"name\":\"Startseite\",\"item\":\"https:\\\/\\\/evangelische-beratung.com\\\/tr\\\/\"},{\"@type\":\"ListItem\",\"position\":2,\"name\":\"Ba\u011f\u0131ml\u0131l\u0131k\",\"item\":\"https:\\\/\\\/evangelische-beratung.com\\\/tr\\\/sucht\\\/\"},{\"@type\":\"ListItem\",\"position\":3,\"name\":\"Alkol\",\"item\":\"https:\\\/\\\/evangelische-beratung.com\\\/tr\\\/sucht\\\/alkohol\\\/\"},{\"@type\":\"ListItem\",\"position\":4,\"name\":\"Alkols\u00fcz Toplant\u0131 merkezi &#8220;Caf\u00e9 Alte Backstube&#8221;\"}]},{\"@type\":\"WebSite\",\"@id\":\"https:\\\/\\\/evangelische-beratung.com\\\/tr\\\/#website\",\"url\":\"https:\\\/\\\/evangelische-beratung.com\\\/tr\\\/\",\"name\":\"Evangelischer Regionalverband\",\"description\":\"\",\"publisher\":{\"@id\":\"https:\\\/\\\/evangelische-beratung.com\\\/tr\\\/#organization\"},\"potentialAction\":[{\"@type\":\"SearchAction\",\"target\":{\"@type\":\"EntryPoint\",\"urlTemplate\":\"https:\\\/\\\/evangelische-beratung.com\\\/tr\\\/?s={search_term_string}\"},\"query-input\":{\"@type\":\"PropertyValueSpecification\",\"valueRequired\":true,\"valueName\":\"search_term_string\"}}],\"inLanguage\":\"tr\"},{\"@type\":\"Organization\",\"@id\":\"https:\\\/\\\/evangelische-beratung.com\\\/tr\\\/#organization\",\"name\":\"Evangelischer Regionalverband Frankfurt und Offenbach\",\"url\":\"https:\\\/\\\/evangelische-beratung.com\\\/tr\\\/\",\"logo\":{\"@type\":\"ImageObject\",\"inLanguage\":\"tr\",\"@id\":\"https:\\\/\\\/evangelische-beratung.com\\\/tr\\\/#\\\/schema\\\/logo\\\/image\\\/\",\"url\":\"https:\\\/\\\/evangelische-beratung.com\\\/tr\\\/wp-content\\\/uploads\\\/sites\\\/8\\\/2019\\\/10\\\/erv-logo.png\",\"contentUrl\":\"https:\\\/\\\/evangelische-beratung.com\\\/tr\\\/wp-content\\\/uploads\\\/sites\\\/8\\\/2019\\\/10\\\/erv-logo.png\",\"width\":1127,\"height\":595,\"caption\":\"Evangelischer Regionalverband Frankfurt und Offenbach\"},\"image\":{\"@id\":\"https:\\\/\\\/evangelische-beratung.com\\\/tr\\\/#\\\/schema\\\/logo\\\/image\\\/\"}}]}<\/script>\n<!-- \/ Yoast SEO plugin. -->","yoast_head_json":{"title":"Alkoholfreies Begegnungszentrum in Frankfurt. Selbsthilfe und Information.","description":"Das alkoholfreie Caf\u00e9 in der Frankfurter Innenstadt bietet Gespr\u00e4che in ungezwungener Atmosph\u00e4re, Selbsthilfegruppen und Informationen durch Betroffene.","robots":{"index":"index","follow":"follow","max-snippet":"max-snippet:-1","max-image-preview":"max-image-preview:large","max-video-preview":"max-video-preview:-1"},"canonical":"https:\/\/evangelische-beratung.com\/tr\/sucht\/alkohol\/alkoholfreies-begegnungszentrum-cafe-alte-backstube\/","og_locale":"tr_TR","og_type":"article","og_title":"Alkoholfreies Begegnungszentrum in Frankfurt. Selbsthilfe und Information.","og_description":"Das alkoholfreie Caf\u00e9 in der Frankfurter Innenstadt bietet Gespr\u00e4che in ungezwungener Atmosph\u00e4re, Selbsthilfegruppen und Informationen durch Betroffene.","og_url":"https:\/\/evangelische-beratung.com\/tr\/sucht\/alkohol\/alkoholfreies-begegnungszentrum-cafe-alte-backstube\/","og_site_name":"Evangelischer Regionalverband","article_modified_time":"2020-03-27T08:23:39+00:00","og_image":[{"url":"https:\/\/evangelische-beratung.com\/tr\/wp-content\/uploads\/sites\/8\/2020\/01\/Cafe-Alte-Backstube-5_HEro-1024x512.jpg","type":"","width":"","height":""}],"twitter_card":"summary_large_image","twitter_misc":{"Tahmini okuma s\u00fcresi":"1 dakika"},"schema":{"@context":"https:\/\/schema.org","@graph":[{"@type":"WebPage","@id":"https:\/\/evangelische-beratung.com\/tr\/sucht\/alkohol\/alkoholfreies-begegnungszentrum-cafe-alte-backstube\/","url":"https:\/\/evangelische-beratung.com\/tr\/sucht\/alkohol\/alkoholfreies-begegnungszentrum-cafe-alte-backstube\/","name":"Alkoholfreies Begegnungszentrum in Frankfurt. Selbsthilfe und Information.","isPartOf":{"@id":"https:\/\/evangelische-beratung.com\/tr\/#website"},"primaryImageOfPage":{"@id":"https:\/\/evangelische-beratung.com\/tr\/sucht\/alkohol\/alkoholfreies-begegnungszentrum-cafe-alte-backstube\/#primaryimage"},"image":{"@id":"https:\/\/evangelische-beratung.com\/tr\/sucht\/alkohol\/alkoholfreies-begegnungszentrum-cafe-alte-backstube\/#primaryimage"},"thumbnailUrl":"https:\/\/evangelische-beratung.com\/tr\/wp-content\/uploads\/sites\/8\/2020\/01\/Cafe-Alte-Backstube-5_HEro-1024x512.jpg","datePublished":"2019-08-19T09:38:38+00:00","dateModified":"2020-03-27T08:23:39+00:00","description":"Das alkoholfreie Caf\u00e9 in der Frankfurter Innenstadt bietet Gespr\u00e4che in ungezwungener Atmosph\u00e4re, Selbsthilfegruppen und Informationen durch Betroffene.","breadcrumb":{"@id":"https:\/\/evangelische-beratung.com\/tr\/sucht\/alkohol\/alkoholfreies-begegnungszentrum-cafe-alte-backstube\/#breadcrumb"},"inLanguage":"tr","potentialAction":[{"@type":"ReadAction","target":["https:\/\/evangelische-beratung.com\/tr\/sucht\/alkohol\/alkoholfreies-begegnungszentrum-cafe-alte-backstube\/"]}]},{"@type":"ImageObject","inLanguage":"tr","@id":"https:\/\/evangelische-beratung.com\/tr\/sucht\/alkohol\/alkoholfreies-begegnungszentrum-cafe-alte-backstube\/#primaryimage","url":"https:\/\/evangelische-beratung.com\/tr\/wp-content\/uploads\/sites\/8\/2020\/01\/Cafe-Alte-Backstube-5_HEro-1024x512.jpg","contentUrl":"https:\/\/evangelische-beratung.com\/tr\/wp-content\/uploads\/sites\/8\/2020\/01\/Cafe-Alte-Backstube-5_HEro-1024x512.jpg"},{"@type":"BreadcrumbList","@id":"https:\/\/evangelische-beratung.com\/tr\/sucht\/alkohol\/alkoholfreies-begegnungszentrum-cafe-alte-backstube\/#breadcrumb","itemListElement":[{"@type":"ListItem","position":1,"name":"Startseite","item":"https:\/\/evangelische-beratung.com\/tr\/"},{"@type":"ListItem","position":2,"name":"Ba\u011f\u0131ml\u0131l\u0131k","item":"https:\/\/evangelische-beratung.com\/tr\/sucht\/"},{"@type":"ListItem","position":3,"name":"Alkol","item":"https:\/\/evangelische-beratung.com\/tr\/sucht\/alkohol\/"},{"@type":"ListItem","position":4,"name":"Alkols\u00fcz Toplant\u0131 merkezi &#8220;Caf\u00e9 Alte Backstube&#8221;"}]},{"@type":"WebSite","@id":"https:\/\/evangelische-beratung.com\/tr\/#website","url":"https:\/\/evangelische-beratung.com\/tr\/","name":"Evangelischer Regionalverband","description":"","publisher":{"@id":"https:\/\/evangelische-beratung.com\/tr\/#organization"},"potentialAction":[{"@type":"SearchAction","target":{"@type":"EntryPoint","urlTemplate":"https:\/\/evangelische-beratung.com\/tr\/?s={search_term_string}"},"query-input":{"@type":"PropertyValueSpecification","valueRequired":true,"valueName":"search_term_string"}}],"inLanguage":"tr"},{"@type":"Organization","@id":"https:\/\/evangelische-beratung.com\/tr\/#organization","name":"Evangelischer Regionalverband Frankfurt und Offenbach","url":"https:\/\/evangelische-beratung.com\/tr\/","logo":{"@type":"ImageObject","inLanguage":"tr","@id":"https:\/\/evangelische-beratung.com\/tr\/#\/schema\/logo\/image\/","url":"https:\/\/evangelische-beratung.com\/tr\/wp-content\/uploads\/sites\/8\/2019\/10\/erv-logo.png","contentUrl":"https:\/\/evangelische-beratung.com\/tr\/wp-content\/uploads\/sites\/8\/2019\/10\/erv-logo.png","width":1127,"height":595,"caption":"Evangelischer Regionalverband Frankfurt und Offenbach"},"image":{"@id":"https:\/\/evangelische-beratung.com\/tr\/#\/schema\/logo\/image\/"}}]}},"_links":{"self":[{"href":"https:\/\/evangelische-beratung.com\/tr\/wp-json\/wp\/v2\/pages\/351","targetHints":{"allow":["GET"]}}],"collection":[{"href":"https:\/\/evangelische-beratung.com\/tr\/wp-json\/wp\/v2\/pages"}],"about":[{"href":"https:\/\/evangelische-beratung.com\/tr\/wp-json\/wp\/v2\/types\/page"}],"author":[{"embeddable":true,"href":"https:\/\/evangelische-beratung.com\/tr\/wp-json\/wp\/v2\/users\/3"}],"replies":[{"embeddable":true,"href":"https:\/\/evangelische-beratung.com\/tr\/wp-json\/wp\/v2\/comments?post=351"}],"version-history":[{"count":2,"href":"https:\/\/evangelische-beratung.com\/tr\/wp-json\/wp\/v2\/pages\/351\/revisions"}],"predecessor-version":[{"id":1332,"href":"https:\/\/evangelische-beratung.com\/tr\/wp-json\/wp\/v2\/pages\/351\/revisions\/1332"}],"up":[{"embeddable":true,"href":"https:\/\/evangelische-beratung.com\/tr\/wp-json\/wp\/v2\/pages\/237"}],"wp:attachment":[{"href":"https:\/\/evangelische-beratung.com\/tr\/wp-json\/wp\/v2\/media?parent=351"}],"curies":[{"name":"wp","href":"https:\/\/api.w.org\/{rel}","templated":true}]}}