{"id":348,"date":"2019-08-16T18:36:11","date_gmt":"2019-08-16T16:36:11","guid":{"rendered":"https:\/\/evangelische-beratung.com\/tr\/?page_id=348"},"modified":"2020-03-06T21:17:50","modified_gmt":"2020-03-06T20:17:50","slug":"krisenintervention","status":"publish","type":"page","link":"https:\/\/evangelische-beratung.com\/tr\/partnerschaft-lebensfragen\/krisenintervention\/","title":{"rendered":"Kriz m\u00fcdahalesi"},"content":{"rendered":"\n<p class=\"is-style-teaser\">Acil durumlarda , (Vefat, \u00c7ocu\u011fun ailesinden korunmaya al\u0131nmas\u0131, intihar Te\u015febb\u00fcs\u00fc, ciddi hastal\u0131k, Kaza vb.) en k\u0131sa s\u00fcrede randevu vermeye \u00e7al\u0131\u015f\u0131r\u0131z.<\/p>\n\n\n\n<p>Beklenmedik acil bir durum, \u00d6rne\u011fin \u015fu olabilir:<\/p>\n\n\n\n<ul class=\"wp-block-list\"><li><\/li><\/ul>\n\n\n\n<ul class=\"wp-block-list\"><li>\u00d6l\u00fcm<\/li><li>\u00c7ocu\u011fun ailesinden al\u0131nmas\u0131<\/li><li>\u0130ntihar Te\u015febb\u00fcs\u00fc<\/li><li>Ciddi hastal\u0131k<\/li><li>Kaza <\/li><li>Vs.<\/li><\/ul>\n\n\n\n<p>L\u00fctfen sekretaryam\u0131zla temasa giriniz. Gen\u00e7ler i\u00e7in, randevular en k\u0131sa zamanda verilir ve vadesiz randevular\u0131 da s\u00fcrekli sunuyoruz.<\/p>\n\n\n\n<p style=\"text-align:center\" class=\"is-style-roof-line\">Randevu almak i\u00e7in ileti\u015fim<\/p>\n\n\n\n<div class=\"wp-block-columns has-2-columns is-layout-flex wp-container-core-columns-is-layout-9d6595d7 wp-block-columns-is-layout-flex\">\n<div class=\"wp-block-column is-layout-flow wp-block-column-is-layout-flow\">\n<div class=\"wp-block-erv-id-card -hidden-image\"><div class=\"id-card-content\"><div class=\"id-card-details\"><p class=\"id-card-name\">Mandy Hanke<\/p><p class=\"id-card-job\">Sekretariat<\/p><p class=\"id-card-location\">Frankfurt<\/p><p class=\"id-card-phone\">069 \/ 53 02 221<\/p><p class=\"id-card-email\"><a href=\"&#x6d;&#x61;&#x69;&#x6c;&#x74;&#111;&#58;&#108;&#101;ben&#x73;&#x62;&#x65;&#x72;&#x61;&#x74;&#117;&#110;&#103;&#64;fr&#x61;&#x6e;&#x6b;&#x66;&#x75;&#x72;&#116;&#45;&#101;&#118;ang&#x65;&#x6c;&#x69;&#x73;&#x63;&#x68;&#46;&#100;&#101;\">E-Mail<\/a><\/p><\/div><\/div><\/div>\n<\/div>\n\n\n\n<div class=\"wp-block-column is-layout-flow wp-block-column-is-layout-flow\">\n<div class=\"wp-block-erv-id-card -hidden-image\"><div class=\"id-card-content\"><div class=\"id-card-details\"><p class=\"id-card-name\">Andrea Schare<\/p><p class=\"id-card-job\">Sekretariat<\/p><p class=\"id-card-location\">H\u00f6chst<\/p><p class=\"id-card-phone\">069 \/ 75 93 672 10<\/p><p class=\"id-card-email\"><a href=\"mailto:p&#115;&#121;&#99;&#104;&#111;&#108;&#111;&#103;&#105;&#115;&#x63;&#x68;&#x65;&#x62;&#x65;&#x72;&#x61;&#x74;&#x75;&#x6e;&#x67;&#x2e;&#x68;&#x6f;&#x65;chst&#64;fra&#110;&#107;&#102;&#117;&#114;&#116;&#45;&#101;&#118;&#97;&#x6e;&#x67;&#x65;&#x6c;&#x69;&#x73;&#x63;&#x68;&#x2e;&#x64;&#x65;\">E-Mail<\/a><\/p><\/div><\/div><\/div>\n<\/div>\n<\/div>\n","protected":false},"excerpt":{"rendered":"<p>Acil durumlarda , (Vefat, \u00c7ocu\u011fun ailesinden korunmaya al\u0131nmas\u0131, intihar Te\u015febb\u00fcs\u00fc, ciddi hastal\u0131k, Kaza vb.) en k\u0131sa s\u00fcrede randevu vermeye \u00e7al\u0131\u015f\u0131r\u0131z. Beklenmedik acil bir durum, \u00d6rne\u011fin \u015fu olabilir: \u00d6l\u00fcm \u00c7ocu\u011fun ailesinden al\u0131nmas\u0131 \u0130ntihar Te\u015febb\u00fcs\u00fc Ciddi hastal\u0131k Kaza Vs. L\u00fctfen sekretaryam\u0131zla temasa giriniz. Gen\u00e7ler i\u00e7in, randevular en k\u0131sa zamanda verilir ve vadesiz randevular\u0131 da s\u00fcrekli sunuyoruz. Randevu [&hellip;]<\/p>\n","protected":false},"author":3,"featured_media":0,"parent":38,"menu_order":0,"comment_status":"closed","ping_status":"closed","template":"","meta":{"footnotes":""},"class_list":["post-348","page","type-page","status-publish","hentry"],"yoast_head":"<!-- This site is optimized with the Yoast SEO plugin v27.3 - https:\/\/yoast.com\/product\/yoast-seo-wordpress\/ -->\n<title>Krisenintervention. Wir helfen Ihnen in Frankfurt und Offenbach<\/title>\n<meta name=\"description\" content=\"Bei akuten Krisen (Todesfall, schwere Krankheit etc) sind wir f\u00fcr Sie da. Vereinbaren Sie gleich einen Termin in Frankfurt oder Offenbach.\" \/>\n<meta name=\"robots\" content=\"index, follow, max-snippet:-1, max-image-preview:large, max-video-preview:-1\" \/>\n<link rel=\"canonical\" href=\"https:\/\/evangelische-beratung.com\/tr\/partnerschaft-lebensfragen\/krisenintervention\/\" \/>\n<meta property=\"og:locale\" content=\"tr_TR\" \/>\n<meta property=\"og:type\" content=\"article\" \/>\n<meta property=\"og:title\" content=\"Krisenintervention. Wir helfen Ihnen in Frankfurt und Offenbach\" \/>\n<meta property=\"og:description\" content=\"Bei akuten Krisen (Todesfall, schwere Krankheit etc) sind wir f\u00fcr Sie da. Vereinbaren Sie gleich einen Termin in Frankfurt oder Offenbach.\" \/>\n<meta property=\"og:url\" content=\"https:\/\/evangelische-beratung.com\/tr\/partnerschaft-lebensfragen\/krisenintervention\/\" \/>\n<meta property=\"og:site_name\" content=\"Evangelischer Regionalverband\" \/>\n<meta property=\"article:modified_time\" content=\"2020-03-06T20:17:50+00:00\" \/>\n<meta name=\"twitter:card\" content=\"summary_large_image\" \/>\n<script type=\"application\/ld+json\" class=\"yoast-schema-graph\">{\"@context\":\"https:\\\/\\\/schema.org\",\"@graph\":[{\"@type\":\"WebPage\",\"@id\":\"https:\\\/\\\/evangelische-beratung.com\\\/tr\\\/partnerschaft-lebensfragen\\\/krisenintervention\\\/\",\"url\":\"https:\\\/\\\/evangelische-beratung.com\\\/tr\\\/partnerschaft-lebensfragen\\\/krisenintervention\\\/\",\"name\":\"Krisenintervention. Wir helfen Ihnen in Frankfurt und Offenbach\",\"isPartOf\":{\"@id\":\"https:\\\/\\\/evangelische-beratung.com\\\/tr\\\/#website\"},\"datePublished\":\"2019-08-16T16:36:11+00:00\",\"dateModified\":\"2020-03-06T20:17:50+00:00\",\"description\":\"Bei akuten Krisen (Todesfall, schwere Krankheit etc) sind wir f\u00fcr Sie da. Vereinbaren Sie gleich einen Termin in Frankfurt oder Offenbach.\",\"breadcrumb\":{\"@id\":\"https:\\\/\\\/evangelische-beratung.com\\\/tr\\\/partnerschaft-lebensfragen\\\/krisenintervention\\\/#breadcrumb\"},\"inLanguage\":\"tr\",\"potentialAction\":[{\"@type\":\"ReadAction\",\"target\":[\"https:\\\/\\\/evangelische-beratung.com\\\/tr\\\/partnerschaft-lebensfragen\\\/krisenintervention\\\/\"]}]},{\"@type\":\"BreadcrumbList\",\"@id\":\"https:\\\/\\\/evangelische-beratung.com\\\/tr\\\/partnerschaft-lebensfragen\\\/krisenintervention\\\/#breadcrumb\",\"itemListElement\":[{\"@type\":\"ListItem\",\"position\":1,\"name\":\"Startseite\",\"item\":\"https:\\\/\\\/evangelische-beratung.com\\\/tr\\\/\"},{\"@type\":\"ListItem\",\"position\":2,\"name\":\"Partnerlik ve Ya\u015fam Sorular\u0131\",\"item\":\"https:\\\/\\\/evangelische-beratung.com\\\/tr\\\/partnerschaft-lebensfragen\\\/\"},{\"@type\":\"ListItem\",\"position\":3,\"name\":\"Kriz m\u00fcdahalesi\"}]},{\"@type\":\"WebSite\",\"@id\":\"https:\\\/\\\/evangelische-beratung.com\\\/tr\\\/#website\",\"url\":\"https:\\\/\\\/evangelische-beratung.com\\\/tr\\\/\",\"name\":\"Evangelischer Regionalverband\",\"description\":\"\",\"publisher\":{\"@id\":\"https:\\\/\\\/evangelische-beratung.com\\\/tr\\\/#organization\"},\"potentialAction\":[{\"@type\":\"SearchAction\",\"target\":{\"@type\":\"EntryPoint\",\"urlTemplate\":\"https:\\\/\\\/evangelische-beratung.com\\\/tr\\\/?s={search_term_string}\"},\"query-input\":{\"@type\":\"PropertyValueSpecification\",\"valueRequired\":true,\"valueName\":\"search_term_string\"}}],\"inLanguage\":\"tr\"},{\"@type\":\"Organization\",\"@id\":\"https:\\\/\\\/evangelische-beratung.com\\\/tr\\\/#organization\",\"name\":\"Evangelischer Regionalverband Frankfurt und Offenbach\",\"url\":\"https:\\\/\\\/evangelische-beratung.com\\\/tr\\\/\",\"logo\":{\"@type\":\"ImageObject\",\"inLanguage\":\"tr\",\"@id\":\"https:\\\/\\\/evangelische-beratung.com\\\/tr\\\/#\\\/schema\\\/logo\\\/image\\\/\",\"url\":\"https:\\\/\\\/evangelische-beratung.com\\\/tr\\\/wp-content\\\/uploads\\\/sites\\\/8\\\/2019\\\/10\\\/erv-logo.png\",\"contentUrl\":\"https:\\\/\\\/evangelische-beratung.com\\\/tr\\\/wp-content\\\/uploads\\\/sites\\\/8\\\/2019\\\/10\\\/erv-logo.png\",\"width\":1127,\"height\":595,\"caption\":\"Evangelischer Regionalverband Frankfurt und Offenbach\"},\"image\":{\"@id\":\"https:\\\/\\\/evangelische-beratung.com\\\/tr\\\/#\\\/schema\\\/logo\\\/image\\\/\"}}]}<\/script>\n<!-- \/ Yoast SEO plugin. -->","yoast_head_json":{"title":"Krisenintervention. Wir helfen Ihnen in Frankfurt und Offenbach","description":"Bei akuten Krisen (Todesfall, schwere Krankheit etc) sind wir f\u00fcr Sie da. Vereinbaren Sie gleich einen Termin in Frankfurt oder Offenbach.","robots":{"index":"index","follow":"follow","max-snippet":"max-snippet:-1","max-image-preview":"max-image-preview:large","max-video-preview":"max-video-preview:-1"},"canonical":"https:\/\/evangelische-beratung.com\/tr\/partnerschaft-lebensfragen\/krisenintervention\/","og_locale":"tr_TR","og_type":"article","og_title":"Krisenintervention. Wir helfen Ihnen in Frankfurt und Offenbach","og_description":"Bei akuten Krisen (Todesfall, schwere Krankheit etc) sind wir f\u00fcr Sie da. Vereinbaren Sie gleich einen Termin in Frankfurt oder Offenbach.","og_url":"https:\/\/evangelische-beratung.com\/tr\/partnerschaft-lebensfragen\/krisenintervention\/","og_site_name":"Evangelischer Regionalverband","article_modified_time":"2020-03-06T20:17:50+00:00","twitter_card":"summary_large_image","schema":{"@context":"https:\/\/schema.org","@graph":[{"@type":"WebPage","@id":"https:\/\/evangelische-beratung.com\/tr\/partnerschaft-lebensfragen\/krisenintervention\/","url":"https:\/\/evangelische-beratung.com\/tr\/partnerschaft-lebensfragen\/krisenintervention\/","name":"Krisenintervention. Wir helfen Ihnen in Frankfurt und Offenbach","isPartOf":{"@id":"https:\/\/evangelische-beratung.com\/tr\/#website"},"datePublished":"2019-08-16T16:36:11+00:00","dateModified":"2020-03-06T20:17:50+00:00","description":"Bei akuten Krisen (Todesfall, schwere Krankheit etc) sind wir f\u00fcr Sie da. Vereinbaren Sie gleich einen Termin in Frankfurt oder Offenbach.","breadcrumb":{"@id":"https:\/\/evangelische-beratung.com\/tr\/partnerschaft-lebensfragen\/krisenintervention\/#breadcrumb"},"inLanguage":"tr","potentialAction":[{"@type":"ReadAction","target":["https:\/\/evangelische-beratung.com\/tr\/partnerschaft-lebensfragen\/krisenintervention\/"]}]},{"@type":"BreadcrumbList","@id":"https:\/\/evangelische-beratung.com\/tr\/partnerschaft-lebensfragen\/krisenintervention\/#breadcrumb","itemListElement":[{"@type":"ListItem","position":1,"name":"Startseite","item":"https:\/\/evangelische-beratung.com\/tr\/"},{"@type":"ListItem","position":2,"name":"Partnerlik ve Ya\u015fam Sorular\u0131","item":"https:\/\/evangelische-beratung.com\/tr\/partnerschaft-lebensfragen\/"},{"@type":"ListItem","position":3,"name":"Kriz m\u00fcdahalesi"}]},{"@type":"WebSite","@id":"https:\/\/evangelische-beratung.com\/tr\/#website","url":"https:\/\/evangelische-beratung.com\/tr\/","name":"Evangelischer Regionalverband","description":"","publisher":{"@id":"https:\/\/evangelische-beratung.com\/tr\/#organization"},"potentialAction":[{"@type":"SearchAction","target":{"@type":"EntryPoint","urlTemplate":"https:\/\/evangelische-beratung.com\/tr\/?s={search_term_string}"},"query-input":{"@type":"PropertyValueSpecification","valueRequired":true,"valueName":"search_term_string"}}],"inLanguage":"tr"},{"@type":"Organization","@id":"https:\/\/evangelische-beratung.com\/tr\/#organization","name":"Evangelischer Regionalverband Frankfurt und Offenbach","url":"https:\/\/evangelische-beratung.com\/tr\/","logo":{"@type":"ImageObject","inLanguage":"tr","@id":"https:\/\/evangelische-beratung.com\/tr\/#\/schema\/logo\/image\/","url":"https:\/\/evangelische-beratung.com\/tr\/wp-content\/uploads\/sites\/8\/2019\/10\/erv-logo.png","contentUrl":"https:\/\/evangelische-beratung.com\/tr\/wp-content\/uploads\/sites\/8\/2019\/10\/erv-logo.png","width":1127,"height":595,"caption":"Evangelischer Regionalverband Frankfurt und Offenbach"},"image":{"@id":"https:\/\/evangelische-beratung.com\/tr\/#\/schema\/logo\/image\/"}}]}},"_links":{"self":[{"href":"https:\/\/evangelische-beratung.com\/tr\/wp-json\/wp\/v2\/pages\/348","targetHints":{"allow":["GET"]}}],"collection":[{"href":"https:\/\/evangelische-beratung.com\/tr\/wp-json\/wp\/v2\/pages"}],"about":[{"href":"https:\/\/evangelische-beratung.com\/tr\/wp-json\/wp\/v2\/types\/page"}],"author":[{"embeddable":true,"href":"https:\/\/evangelische-beratung.com\/tr\/wp-json\/wp\/v2\/users\/3"}],"replies":[{"embeddable":true,"href":"https:\/\/evangelische-beratung.com\/tr\/wp-json\/wp\/v2\/comments?post=348"}],"version-history":[{"count":0,"href":"https:\/\/evangelische-beratung.com\/tr\/wp-json\/wp\/v2\/pages\/348\/revisions"}],"up":[{"embeddable":true,"href":"https:\/\/evangelische-beratung.com\/tr\/wp-json\/wp\/v2\/pages\/38"}],"wp:attachment":[{"href":"https:\/\/evangelische-beratung.com\/tr\/wp-json\/wp\/v2\/media?parent=348"}],"curies":[{"name":"wp","href":"https:\/\/api.w.org\/{rel}","templated":true}]}}