{"id":345,"date":"2019-08-16T18:26:43","date_gmt":"2019-08-16T16:26:43","guid":{"rendered":"https:\/\/evangelische-beratung.com\/tr\/?page_id=345"},"modified":"2020-03-22T17:24:26","modified_gmt":"2020-03-22T16:24:26","slug":"paar-und-lebensberatung","status":"publish","type":"page","link":"https:\/\/evangelische-beratung.com\/tr\/partnerschaft-lebensfragen\/paar-und-lebensberatung\/","title":{"rendered":"E\u015fler- ve Ya\u015fam dan\u0131\u015fmanl\u0131\u011f\u0131"},"content":{"rendered":"\n<p class=\"is-style-teaser\">E\u015fler- ve Ya\u015fam- dan\u0131\u015fmanl\u0131k hizmetimizde, E\u015fleraras\u0131, Aile i\u00e7i Ya\u015fam, i\u015f yeri veya sosyal \u00e7evredeki soru ve sorunlar konusunda birlikte sohbet ederiz. Beraberce bir \u00e7\u00f6z\u00fcm yolu buluruz.<\/p>\n\n\n\n<p>Asa\u011f\u0131daki benzer konularda bize geliniz:<\/p>\n\n\n\n<ul class=\"wp-block-list\"><li>E\u015f-aras\u0131 \u00e7at\u0131\u015fmalar veya \u00e7\u00f6z\u00fcm yolu \u00e7\u0131kmaza girmi\u015f gibi durumlar\u00a0da<\/li><li>Hem ki\u015fisel hem de E\u015fler d\u00fczeyinde daha fazla huzur bulma arzusu<\/li><li>E\u015f olarak, birlikte kalmak isteyip istemedi\u011finiz konusunun a\u00e7\u0131kl\u0131\u011fa kavu\u015fturulmas\u0131<\/li><li>Hem mesleki hem de \u00f6zel alanda ki konularda al\u0131nacak kararlarda<\/li><\/ul>\n\n\n\n<p>E\u015ften Ayr\u0131l\u0131k, Sa\u011fl\u0131k sorunlar\u0131 veya i\u015f kayb\u0131 gibi zor Ya\u015fam durumunuzda, size e\u015flik eder ve beraberce, size Yeni bir hayat i\u00e7in, yeni bak\u0131\u015f a\u00e7\u0131lar\u0131 geli\u015ftiririz.<\/p>\n\n\n\n<p>Bu Dan\u0131\u015fma,&nbsp;&#8211; Din, Dil, inan\u00e7 ve milliyet, cinsel y\u00f6nelim ay\u0131rtmaks\u0131z\u0131n- hem E\u015flerin hemde Eri\u015fkin bireysellerin hizmetindedir.<\/p>\n\n\n\n<p>Bu \u00fccretsiz Dan\u0131\u015fma hizmeti gibi, t\u00fcm Dan\u0131\u015fmalar da g\u00f6n\u00fcll\u00fck ve gizlilik esas\u0131na dayan\u0131r.<\/p>\n\n\n\n<div style=\"height:30px\" aria-hidden=\"true\" class=\"wp-block-spacer\"><\/div>\n\n\n\n<p style=\"text-align:center\" class=\"is-style-roof-line\">Randevu almak i\u00e7in \u0130leti\u015fim:<\/p>\n\n\n\n<div class=\"wp-block-columns has-2-columns is-layout-flex wp-container-core-columns-is-layout-9d6595d7 wp-block-columns-is-layout-flex\">\n<div class=\"wp-block-column is-layout-flow wp-block-column-is-layout-flow\"><\/div>\n\n\n\n<div class=\"wp-block-column is-layout-flow wp-block-column-is-layout-flow\">\n<div class=\"wp-block-erv-id-card -hidden-image\"><div class=\"id-card-content\"><div class=\"id-card-details\"><p class=\"id-card-name\">Mandy Hanke<\/p><p class=\"id-card-job\">Sekretariat<\/p><p class=\"id-card-location\">Frankfurt<\/p><p class=\"id-card-phone\">069 \/ 53 02 221<\/p><p class=\"id-card-email\"><a href=\"&#x6d;&#x61;&#x69;&#x6c;&#116;&#111;:le&#x62;&#x65;&#x6e;&#x73;&#98;&#101;rat&#x75;&#x6e;&#x67;&#x40;&#102;&#114;&#97;nk&#x66;&#x75;&#x72;&#x74;&#45;&#101;&#118;an&#x67;&#x65;&#x6c;&#x69;&#115;&#99;&#104;&#46;d&#x65;\">E-Mail<\/a><\/p><\/div><\/div><\/div>\n<\/div>\n<\/div>\n\n\n\n<div class=\"wp-block-columns alignwide has-3-columns is-layout-flex wp-container-core-columns-is-layout-9d6595d7 wp-block-columns-is-layout-flex\">\n<div class=\"wp-block-column is-layout-flow wp-block-column-is-layout-flow\">\n<div class=\"wp-block-erv-id-card\"><div class=\"id-card-content\"><figure class=\"id-card-photo\"><img decoding=\"async\" src=\"https:\/\/evangelische-beratung.com\/tr\/wp-content\/uploads\/sites\/8\/2019\/08\/judith-rosner_leitung-zentrum-beratung-hoechst-und-psychologische-beratungsstelle-hoechst-2-e1576424585672-274x300.jpg\" \/><\/figure><div class=\"id-card-details\"><p class=\"id-card-name\">Judith Rosner<\/p><p class=\"id-card-job\">Leitung<\/p><p class=\"id-card-location\">H\u00f6chst<\/p><p class=\"id-card-phone\">069 \/ 75 93 672 10<\/p><p class=\"id-card-email\"><a href=\"mai&#108;&#116;&#111;&#x3a;&#x70;&#x73;&#x79;&#x63;&#x68;olo&#103;&#105;&#115;&#99;&#x68;&#x65;&#x62;&#x65;&#x72;&#x61;tun&#103;&#46;&#104;&#x6f;&#x65;&#x63;&#x68;&#x73;&#x74;&#64;fr&#97;&#110;&#107;&#102;&#x75;&#x72;&#x74;&#x2d;&#x65;&#x76;ang&#101;&#108;&#105;&#x73;&#x63;&#x68;&#x2e;&#x64;&#x65;\">E-Mail<\/a><\/p><\/div><\/div><\/div>\n\n\n\n<div class=\"wp-block-erv-id-card\"><div class=\"id-card-content\"><figure class=\"id-card-photo\"><img decoding=\"async\" src=\"https:\/\/evangelische-beratung.com\/wp-content\/uploads\/2025\/01\/29112024JoergFertsch-Roever01-300x200.jpeg\" \/><\/figure><div class=\"id-card-details\"><p class=\"id-card-name\">Dr. J\u00f6rg Fertsch-R\u00f6ver<\/p><p class=\"id-card-job\">Paar- und Lebensberatung<\/p><p class=\"id-card-location\">Offenbach<\/p><p class=\"id-card-phone\">069 \/ 82 97 70 99<\/p><p class=\"id-card-email\"><a href=\"&#109;&#x61;i&#108;&#x74;o&#58;&#x62;e&#x72;&#x61;&#116;&#x75;n&#103;&#x73;z&#101;&#x6e;t&#x72;&#x75;&#109;&#x40;&#x6f;&#102;&#x66;e&#110;&#x62;a&#99;&#x68;-&#x65;&#x76;&#97;&#x6e;g&#101;&#x6c;i&#115;&#x63;h&#x2e;&#x64;&#101;\">E-Mail<\/a><\/p><\/div><\/div><\/div>\n<\/div>\n\n\n\n<div class=\"wp-block-column is-layout-flow wp-block-column-is-layout-flow\">\n<div class=\"wp-block-erv-id-card\"><div class=\"id-card-content\"><figure class=\"id-card-photo\"><img decoding=\"async\" src=\"https:\/\/evangelische-beratung.com\/wp-content\/uploads\/2025\/01\/29112024JoergFertsch-Roever01-300x200.jpeg\" \/><\/figure><div class=\"id-card-details\"><p class=\"id-card-name\">Dr. J\u00f6rg Fertsch-R\u00f6ver<\/p><p class=\"id-card-job\">Paar- und Lebensberatung<\/p><p class=\"id-card-location\">Frankfurt<\/p><p class=\"id-card-phone\">069 \/ 53 02 221 <\/p><p class=\"id-card-email\"><a href=\"&#109;&#x61;&#105;&#x6c;&#116;&#x6f;&#58;&#x6c;&#101;&#x62;&#101;&#x6e;&#115;&#x62;&#101;&#x72;&#97;&#x74;&#117;&#x6e;&#103;&#x40;&#102;&#x72;&#97;&#x6e;&#107;&#x66;&#117;&#x72;&#116;&#x2d;&#101;&#x76;&#97;&#x6e;&#103;&#x65;&#108;&#x69;&#115;&#x63;&#104;&#x2e;&#100;&#x65;\">E-Mail<\/a><\/p><\/div><\/div><\/div>\n\n\n\n<div class=\"wp-block-erv-id-card\"><div class=\"id-card-content\"><figure class=\"id-card-photo\"><img decoding=\"async\" src=\"https:\/\/evangelische-beratung.com\/tr\/wp-content\/uploads\/sites\/8\/2019\/08\/heidrun-maria-krauskopf_psychologische-beratung-hoechst-300x200.jpg\" \/><\/figure><div class=\"id-card-details\"><p class=\"id-card-name\">Heidrun Krauskopf <\/p><p class=\"id-card-job\">Beratung<\/p><p class=\"id-card-location\">H\u00f6chst<\/p><p class=\"id-card-phone\">069 \/ 75 93 672 10<\/p><p class=\"id-card-email\"><a href=\"&#x6d;&#x61;&#105;l&#x74;&#x6f;&#58;&#112;s&#x79;&#x63;&#104;&#111;l&#x6f;&#x67;&#105;sc&#x68;&#x65;&#98;e&#x72;&#x61;&#116;&#117;n&#x67;&#x2e;&#104;&#111;e&#x63;&#x68;&#115;t&#64;&#x66;&#x72;&#97;n&#x6b;&#x66;&#117;&#114;t&#x2d;&#x65;&#118;&#97;n&#x67;&#x65;&#108;is&#x63;&#x68;&#46;d&#x65;\">E-Mail<\/a><\/p><\/div><\/div><\/div>\n<\/div>\n\n\n\n<div class=\"wp-block-column is-layout-flow wp-block-column-is-layout-flow\">\n<div class=\"wp-block-erv-id-card\"><div class=\"id-card-content\"><figure class=\"id-card-photo\"><img decoding=\"async\" src=\"https:\/\/evangelische-beratung.com\/wp-content\/uploads\/2019\/08\/beate-fuchs_suchtberatung-hoechst-e1576424435131-300x268.jpg\" \/><\/figure><div class=\"id-card-details\"><p class=\"id-card-name\">Beate Fuchs<\/p><p class=\"id-card-job\">Lebensberatung<\/p><p class=\"id-card-location\">H\u00f6chst<\/p><p class=\"id-card-phone\">069 \/ 75 93 672 10<\/p><p class=\"id-card-email\"><a href=\"&#x6d;&#x61;&#x69;&#x6c;&#x74;&#x6f;&#x3a;&#x70;&#x73;&#x79;&#x63;&#104;&#111;&#108;&#111;&#103;&#105;&#115;cheber&#x61;&#x74;&#x75;&#x6e;&#x67;&#x2e;&#x68;&#x6f;&#x65;&#x63;&#x68;&#x73;&#116;&#64;&#102;&#114;&#97;&#110;&#107;furt-e&#x76;&#x61;&#x6e;&#x67;&#x65;&#x6c;&#x69;&#x73;&#x63;&#x68;&#x2e;&#x64;&#101;\">E-Mail<\/a><\/p><\/div><\/div><\/div>\n\n\n\n<div class=\"wp-block-erv-id-card\"><div class=\"id-card-content\"><figure class=\"id-card-photo\"><img decoding=\"async\" src=\"https:\/\/evangelische-beratung.com\/wp-content\/uploads\/2025\/01\/29112024ClaudiaWestenberger01-300x208.jpeg\" \/><\/figure><div class=\"id-card-details\"><p class=\"id-card-name\">Claudia Westenberger<\/p><p class=\"id-card-job\">Paar- und Lebensberatung<\/p><p class=\"id-card-location\">Frankfurt<\/p><p class=\"id-card-phone\">069 \/ 53 02 221<\/p><p class=\"id-card-email\"><a href=\"&#x6d;&#x61;&#x69;&#x6c;&#x74;&#111;&#58;&#108;&#101;ben&#x73;&#x62;&#x65;&#x72;&#x61;&#x74;&#117;&#110;&#103;&#64;fr&#x61;&#x6e;&#x6b;&#x66;&#x75;&#x72;&#116;&#45;&#101;&#118;ang&#x65;&#x6c;&#x69;&#x73;&#x63;&#x68;&#46;&#100;&#101;\">E-Mail<\/a><\/p><\/div><\/div><\/div>\n<\/div>\n<\/div>\n","protected":false},"excerpt":{"rendered":"<p>E\u015fler- ve Ya\u015fam- dan\u0131\u015fmanl\u0131k hizmetimizde, E\u015fleraras\u0131, Aile i\u00e7i Ya\u015fam, i\u015f yeri veya sosyal \u00e7evredeki soru ve sorunlar konusunda birlikte sohbet ederiz. Beraberce bir \u00e7\u00f6z\u00fcm yolu buluruz. Asa\u011f\u0131daki benzer konularda bize geliniz: E\u015f-aras\u0131 \u00e7at\u0131\u015fmalar veya \u00e7\u00f6z\u00fcm yolu \u00e7\u0131kmaza girmi\u015f gibi durumlar\u00a0da Hem ki\u015fisel hem de E\u015fler d\u00fczeyinde daha fazla huzur bulma arzusu E\u015f olarak, birlikte kalmak [&hellip;]<\/p>\n","protected":false},"author":3,"featured_media":0,"parent":38,"menu_order":0,"comment_status":"closed","ping_status":"closed","template":"","meta":{"footnotes":""},"class_list":["post-345","page","type-page","status-publish","hentry"],"yoast_head":"<!-- This site is optimized with the Yoast SEO plugin v27.3 - https:\/\/yoast.com\/product\/yoast-seo-wordpress\/ -->\n<title>Paar- und Lebensberatung in Frankfurt und Offenbach<\/title>\n<meta name=\"description\" content=\"Wir finden gemeinsam mit Ihnen L\u00f6sungswege rund um Ihre Fragen und Probleme in Partnerschaft, Familie, Beruf oder in Ihrem sozialen Umfeld.\" \/>\n<meta name=\"robots\" content=\"index, follow, max-snippet:-1, max-image-preview:large, max-video-preview:-1\" \/>\n<link rel=\"canonical\" href=\"https:\/\/evangelische-beratung.com\/tr\/partnerschaft-lebensfragen\/paar-und-lebensberatung\/\" \/>\n<meta property=\"og:locale\" content=\"tr_TR\" \/>\n<meta property=\"og:type\" content=\"article\" \/>\n<meta property=\"og:title\" content=\"Paar- und Lebensberatung in Frankfurt und Offenbach\" \/>\n<meta property=\"og:description\" content=\"Wir finden gemeinsam mit Ihnen L\u00f6sungswege rund um Ihre Fragen und Probleme in Partnerschaft, Familie, Beruf oder in Ihrem sozialen Umfeld.\" \/>\n<meta property=\"og:url\" content=\"https:\/\/evangelische-beratung.com\/tr\/partnerschaft-lebensfragen\/paar-und-lebensberatung\/\" \/>\n<meta property=\"og:site_name\" content=\"Evangelischer Regionalverband\" \/>\n<meta property=\"article:modified_time\" content=\"2020-03-22T16:24:26+00:00\" \/>\n<meta property=\"og:image\" content=\"https:\/\/evangelische-beratung.com\/tr\/wp-content\/uploads\/sites\/8\/2019\/08\/judith-rosner_leitung-zentrum-beratung-hoechst-und-psychologische-beratungsstelle-hoechst-2-e1576424585672-274x300.jpg\" \/>\n<meta name=\"twitter:card\" content=\"summary_large_image\" \/>\n<meta name=\"twitter:label1\" content=\"Tahmini okuma s\u00fcresi\" \/>\n\t<meta name=\"twitter:data1\" content=\"1 dakika\" \/>\n<script type=\"application\/ld+json\" class=\"yoast-schema-graph\">{\"@context\":\"https:\\\/\\\/schema.org\",\"@graph\":[{\"@type\":\"WebPage\",\"@id\":\"https:\\\/\\\/evangelische-beratung.com\\\/tr\\\/partnerschaft-lebensfragen\\\/paar-und-lebensberatung\\\/\",\"url\":\"https:\\\/\\\/evangelische-beratung.com\\\/tr\\\/partnerschaft-lebensfragen\\\/paar-und-lebensberatung\\\/\",\"name\":\"Paar- und Lebensberatung in Frankfurt und Offenbach\",\"isPartOf\":{\"@id\":\"https:\\\/\\\/evangelische-beratung.com\\\/tr\\\/#website\"},\"primaryImageOfPage\":{\"@id\":\"https:\\\/\\\/evangelische-beratung.com\\\/tr\\\/partnerschaft-lebensfragen\\\/paar-und-lebensberatung\\\/#primaryimage\"},\"image\":{\"@id\":\"https:\\\/\\\/evangelische-beratung.com\\\/tr\\\/partnerschaft-lebensfragen\\\/paar-und-lebensberatung\\\/#primaryimage\"},\"thumbnailUrl\":\"https:\\\/\\\/evangelische-beratung.com\\\/tr\\\/wp-content\\\/uploads\\\/sites\\\/8\\\/2019\\\/08\\\/judith-rosner_leitung-zentrum-beratung-hoechst-und-psychologische-beratungsstelle-hoechst-2-e1576424585672-274x300.jpg\",\"datePublished\":\"2019-08-16T16:26:43+00:00\",\"dateModified\":\"2020-03-22T16:24:26+00:00\",\"description\":\"Wir finden gemeinsam mit Ihnen L\u00f6sungswege rund um Ihre Fragen und Probleme in Partnerschaft, Familie, Beruf oder in Ihrem sozialen Umfeld.\",\"breadcrumb\":{\"@id\":\"https:\\\/\\\/evangelische-beratung.com\\\/tr\\\/partnerschaft-lebensfragen\\\/paar-und-lebensberatung\\\/#breadcrumb\"},\"inLanguage\":\"tr\",\"potentialAction\":[{\"@type\":\"ReadAction\",\"target\":[\"https:\\\/\\\/evangelische-beratung.com\\\/tr\\\/partnerschaft-lebensfragen\\\/paar-und-lebensberatung\\\/\"]}]},{\"@type\":\"ImageObject\",\"inLanguage\":\"tr\",\"@id\":\"https:\\\/\\\/evangelische-beratung.com\\\/tr\\\/partnerschaft-lebensfragen\\\/paar-und-lebensberatung\\\/#primaryimage\",\"url\":\"https:\\\/\\\/evangelische-beratung.com\\\/tr\\\/wp-content\\\/uploads\\\/sites\\\/8\\\/2019\\\/08\\\/judith-rosner_leitung-zentrum-beratung-hoechst-und-psychologische-beratungsstelle-hoechst-2-e1576424585672-274x300.jpg\",\"contentUrl\":\"https:\\\/\\\/evangelische-beratung.com\\\/tr\\\/wp-content\\\/uploads\\\/sites\\\/8\\\/2019\\\/08\\\/judith-rosner_leitung-zentrum-beratung-hoechst-und-psychologische-beratungsstelle-hoechst-2-e1576424585672-274x300.jpg\"},{\"@type\":\"BreadcrumbList\",\"@id\":\"https:\\\/\\\/evangelische-beratung.com\\\/tr\\\/partnerschaft-lebensfragen\\\/paar-und-lebensberatung\\\/#breadcrumb\",\"itemListElement\":[{\"@type\":\"ListItem\",\"position\":1,\"name\":\"Startseite\",\"item\":\"https:\\\/\\\/evangelische-beratung.com\\\/tr\\\/\"},{\"@type\":\"ListItem\",\"position\":2,\"name\":\"Partnerlik ve Ya\u015fam Sorular\u0131\",\"item\":\"https:\\\/\\\/evangelische-beratung.com\\\/tr\\\/partnerschaft-lebensfragen\\\/\"},{\"@type\":\"ListItem\",\"position\":3,\"name\":\"E\u015fler- ve Ya\u015fam dan\u0131\u015fmanl\u0131\u011f\u0131\"}]},{\"@type\":\"WebSite\",\"@id\":\"https:\\\/\\\/evangelische-beratung.com\\\/tr\\\/#website\",\"url\":\"https:\\\/\\\/evangelische-beratung.com\\\/tr\\\/\",\"name\":\"Evangelischer Regionalverband\",\"description\":\"\",\"publisher\":{\"@id\":\"https:\\\/\\\/evangelische-beratung.com\\\/tr\\\/#organization\"},\"potentialAction\":[{\"@type\":\"SearchAction\",\"target\":{\"@type\":\"EntryPoint\",\"urlTemplate\":\"https:\\\/\\\/evangelische-beratung.com\\\/tr\\\/?s={search_term_string}\"},\"query-input\":{\"@type\":\"PropertyValueSpecification\",\"valueRequired\":true,\"valueName\":\"search_term_string\"}}],\"inLanguage\":\"tr\"},{\"@type\":\"Organization\",\"@id\":\"https:\\\/\\\/evangelische-beratung.com\\\/tr\\\/#organization\",\"name\":\"Evangelischer Regionalverband Frankfurt und Offenbach\",\"url\":\"https:\\\/\\\/evangelische-beratung.com\\\/tr\\\/\",\"logo\":{\"@type\":\"ImageObject\",\"inLanguage\":\"tr\",\"@id\":\"https:\\\/\\\/evangelische-beratung.com\\\/tr\\\/#\\\/schema\\\/logo\\\/image\\\/\",\"url\":\"https:\\\/\\\/evangelische-beratung.com\\\/tr\\\/wp-content\\\/uploads\\\/sites\\\/8\\\/2019\\\/10\\\/erv-logo.png\",\"contentUrl\":\"https:\\\/\\\/evangelische-beratung.com\\\/tr\\\/wp-content\\\/uploads\\\/sites\\\/8\\\/2019\\\/10\\\/erv-logo.png\",\"width\":1127,\"height\":595,\"caption\":\"Evangelischer Regionalverband Frankfurt und Offenbach\"},\"image\":{\"@id\":\"https:\\\/\\\/evangelische-beratung.com\\\/tr\\\/#\\\/schema\\\/logo\\\/image\\\/\"}}]}<\/script>\n<!-- \/ Yoast SEO plugin. -->","yoast_head_json":{"title":"Paar- und Lebensberatung in Frankfurt und Offenbach","description":"Wir finden gemeinsam mit Ihnen L\u00f6sungswege rund um Ihre Fragen und Probleme in Partnerschaft, Familie, Beruf oder in Ihrem sozialen Umfeld.","robots":{"index":"index","follow":"follow","max-snippet":"max-snippet:-1","max-image-preview":"max-image-preview:large","max-video-preview":"max-video-preview:-1"},"canonical":"https:\/\/evangelische-beratung.com\/tr\/partnerschaft-lebensfragen\/paar-und-lebensberatung\/","og_locale":"tr_TR","og_type":"article","og_title":"Paar- und Lebensberatung in Frankfurt und Offenbach","og_description":"Wir finden gemeinsam mit Ihnen L\u00f6sungswege rund um Ihre Fragen und Probleme in Partnerschaft, Familie, Beruf oder in Ihrem sozialen Umfeld.","og_url":"https:\/\/evangelische-beratung.com\/tr\/partnerschaft-lebensfragen\/paar-und-lebensberatung\/","og_site_name":"Evangelischer Regionalverband","article_modified_time":"2020-03-22T16:24:26+00:00","og_image":[{"url":"https:\/\/evangelische-beratung.com\/tr\/wp-content\/uploads\/sites\/8\/2019\/08\/judith-rosner_leitung-zentrum-beratung-hoechst-und-psychologische-beratungsstelle-hoechst-2-e1576424585672-274x300.jpg","type":"","width":"","height":""}],"twitter_card":"summary_large_image","twitter_misc":{"Tahmini okuma s\u00fcresi":"1 dakika"},"schema":{"@context":"https:\/\/schema.org","@graph":[{"@type":"WebPage","@id":"https:\/\/evangelische-beratung.com\/tr\/partnerschaft-lebensfragen\/paar-und-lebensberatung\/","url":"https:\/\/evangelische-beratung.com\/tr\/partnerschaft-lebensfragen\/paar-und-lebensberatung\/","name":"Paar- und Lebensberatung in Frankfurt und Offenbach","isPartOf":{"@id":"https:\/\/evangelische-beratung.com\/tr\/#website"},"primaryImageOfPage":{"@id":"https:\/\/evangelische-beratung.com\/tr\/partnerschaft-lebensfragen\/paar-und-lebensberatung\/#primaryimage"},"image":{"@id":"https:\/\/evangelische-beratung.com\/tr\/partnerschaft-lebensfragen\/paar-und-lebensberatung\/#primaryimage"},"thumbnailUrl":"https:\/\/evangelische-beratung.com\/tr\/wp-content\/uploads\/sites\/8\/2019\/08\/judith-rosner_leitung-zentrum-beratung-hoechst-und-psychologische-beratungsstelle-hoechst-2-e1576424585672-274x300.jpg","datePublished":"2019-08-16T16:26:43+00:00","dateModified":"2020-03-22T16:24:26+00:00","description":"Wir finden gemeinsam mit Ihnen L\u00f6sungswege rund um Ihre Fragen und Probleme in Partnerschaft, Familie, Beruf oder in Ihrem sozialen Umfeld.","breadcrumb":{"@id":"https:\/\/evangelische-beratung.com\/tr\/partnerschaft-lebensfragen\/paar-und-lebensberatung\/#breadcrumb"},"inLanguage":"tr","potentialAction":[{"@type":"ReadAction","target":["https:\/\/evangelische-beratung.com\/tr\/partnerschaft-lebensfragen\/paar-und-lebensberatung\/"]}]},{"@type":"ImageObject","inLanguage":"tr","@id":"https:\/\/evangelische-beratung.com\/tr\/partnerschaft-lebensfragen\/paar-und-lebensberatung\/#primaryimage","url":"https:\/\/evangelische-beratung.com\/tr\/wp-content\/uploads\/sites\/8\/2019\/08\/judith-rosner_leitung-zentrum-beratung-hoechst-und-psychologische-beratungsstelle-hoechst-2-e1576424585672-274x300.jpg","contentUrl":"https:\/\/evangelische-beratung.com\/tr\/wp-content\/uploads\/sites\/8\/2019\/08\/judith-rosner_leitung-zentrum-beratung-hoechst-und-psychologische-beratungsstelle-hoechst-2-e1576424585672-274x300.jpg"},{"@type":"BreadcrumbList","@id":"https:\/\/evangelische-beratung.com\/tr\/partnerschaft-lebensfragen\/paar-und-lebensberatung\/#breadcrumb","itemListElement":[{"@type":"ListItem","position":1,"name":"Startseite","item":"https:\/\/evangelische-beratung.com\/tr\/"},{"@type":"ListItem","position":2,"name":"Partnerlik ve Ya\u015fam Sorular\u0131","item":"https:\/\/evangelische-beratung.com\/tr\/partnerschaft-lebensfragen\/"},{"@type":"ListItem","position":3,"name":"E\u015fler- ve Ya\u015fam dan\u0131\u015fmanl\u0131\u011f\u0131"}]},{"@type":"WebSite","@id":"https:\/\/evangelische-beratung.com\/tr\/#website","url":"https:\/\/evangelische-beratung.com\/tr\/","name":"Evangelischer Regionalverband","description":"","publisher":{"@id":"https:\/\/evangelische-beratung.com\/tr\/#organization"},"potentialAction":[{"@type":"SearchAction","target":{"@type":"EntryPoint","urlTemplate":"https:\/\/evangelische-beratung.com\/tr\/?s={search_term_string}"},"query-input":{"@type":"PropertyValueSpecification","valueRequired":true,"valueName":"search_term_string"}}],"inLanguage":"tr"},{"@type":"Organization","@id":"https:\/\/evangelische-beratung.com\/tr\/#organization","name":"Evangelischer Regionalverband Frankfurt und Offenbach","url":"https:\/\/evangelische-beratung.com\/tr\/","logo":{"@type":"ImageObject","inLanguage":"tr","@id":"https:\/\/evangelische-beratung.com\/tr\/#\/schema\/logo\/image\/","url":"https:\/\/evangelische-beratung.com\/tr\/wp-content\/uploads\/sites\/8\/2019\/10\/erv-logo.png","contentUrl":"https:\/\/evangelische-beratung.com\/tr\/wp-content\/uploads\/sites\/8\/2019\/10\/erv-logo.png","width":1127,"height":595,"caption":"Evangelischer Regionalverband Frankfurt und Offenbach"},"image":{"@id":"https:\/\/evangelische-beratung.com\/tr\/#\/schema\/logo\/image\/"}}]}},"_links":{"self":[{"href":"https:\/\/evangelische-beratung.com\/tr\/wp-json\/wp\/v2\/pages\/345","targetHints":{"allow":["GET"]}}],"collection":[{"href":"https:\/\/evangelische-beratung.com\/tr\/wp-json\/wp\/v2\/pages"}],"about":[{"href":"https:\/\/evangelische-beratung.com\/tr\/wp-json\/wp\/v2\/types\/page"}],"author":[{"embeddable":true,"href":"https:\/\/evangelische-beratung.com\/tr\/wp-json\/wp\/v2\/users\/3"}],"replies":[{"embeddable":true,"href":"https:\/\/evangelische-beratung.com\/tr\/wp-json\/wp\/v2\/comments?post=345"}],"version-history":[{"count":1,"href":"https:\/\/evangelische-beratung.com\/tr\/wp-json\/wp\/v2\/pages\/345\/revisions"}],"predecessor-version":[{"id":1358,"href":"https:\/\/evangelische-beratung.com\/tr\/wp-json\/wp\/v2\/pages\/345\/revisions\/1358"}],"up":[{"embeddable":true,"href":"https:\/\/evangelische-beratung.com\/tr\/wp-json\/wp\/v2\/pages\/38"}],"wp:attachment":[{"href":"https:\/\/evangelische-beratung.com\/tr\/wp-json\/wp\/v2\/media?parent=345"}],"curies":[{"name":"wp","href":"https:\/\/api.w.org\/{rel}","templated":true}]}}