{"id":333,"date":"2019-08-16T18:01:03","date_gmt":"2019-08-16T16:01:03","guid":{"rendered":"https:\/\/evangelische-beratung.com\/tr\/?page_id=333"},"modified":"2020-03-19T18:19:32","modified_gmt":"2020-03-19T17:19:32","slug":"online-beratung","status":"publish","type":"page","link":"https:\/\/evangelische-beratung.com\/tr\/partnerschaft-lebensfragen\/online-beratung\/","title":{"rendered":"Online-Dan\u0131\u015fma"},"content":{"rendered":"\n<p class=\"is-style-teaser\">G\u00fcvenli online-\u0130leti\u015fim ba\u011flant\u0131s\u0131 <\/p>\n\n\n\n<p>Bizimle, G\u00fcvenli online-\u0130leti\u015fim yoluyla iritibata girebilirsiniz. <\/p>\n\n\n\n<p>Burada, Diakonie de sunulan tekliflere ula\u015fabilir ve arad\u0131\u011f\u0131n\u0131z, online-\u0130leti\u015fim Dan\u0131\u015fma hizmetlerini se\u00e7ebilirsiniz:<\/p>\n\n\n<div class=\"wp-block-erv-tile \">\n\t\t\t<div>\n\t\t\t<a href=\"http:\/\/www.evangelische-beratung.net\/beratungszentrum-hoechst\" tabindex=\"-1\" aria-hidden=\"true\"  target=\"_blank\"><\/a>\n\t\t\t<h2 class=\"tile-title\"><a href=\"http:\/\/www.evangelische-beratung.net\/beratungszentrum-hoechst\"  target=\"_blank\">Weitere Angebote<\/a><\/h2>\n\t\t\t\n\t\t\t<p aria-hidden=\"true\" class=\"-is-micro\">Go to website<svg xmlns=\"http:\/\/www.w3.org\/2000\/svg\" viewBox=\"0 0 13 10\"><path d=\"M1.5 5H12M8 1l4 4-4 4\" fill=\"none\" stroke=\"#a22a45\" stroke-width=\"1.2\" stroke-linecap=\"round\" stroke-linejoin=\"round\"\/><\/svg><\/p>\n\t\t\t<\/div>\n\t\t<\/div>\n\n\n<div style=\"height:30px\" aria-hidden=\"true\" class=\"wp-block-spacer\"><\/div>\n\n\n\n<p><\/p>\n","protected":false},"excerpt":{"rendered":"<p>G\u00fcvenli online-\u0130leti\u015fim ba\u011flant\u0131s\u0131 Bizimle, G\u00fcvenli online-\u0130leti\u015fim yoluyla iritibata girebilirsiniz. Burada, Diakonie de sunulan tekliflere ula\u015fabilir ve arad\u0131\u011f\u0131n\u0131z, online-\u0130leti\u015fim Dan\u0131\u015fma hizmetlerini se\u00e7ebilirsiniz:<\/p>\n","protected":false},"author":3,"featured_media":0,"parent":38,"menu_order":3,"comment_status":"closed","ping_status":"closed","template":"","meta":{"footnotes":""},"class_list":["post-333","page","type-page","status-publish","hentry"],"yoast_head":"<!-- This site is optimized with the Yoast SEO plugin v27.4 - https:\/\/yoast.com\/product\/yoast-seo-wordpress\/ -->\n<title>Online-Dan\u0131\u015fma - Evangelischer Regionalverband<\/title>\n<meta name=\"robots\" content=\"index, follow, max-snippet:-1, max-image-preview:large, max-video-preview:-1\" \/>\n<link rel=\"canonical\" href=\"https:\/\/evangelische-beratung.com\/tr\/partnerschaft-lebensfragen\/online-beratung\/\" \/>\n<meta property=\"og:locale\" content=\"tr_TR\" \/>\n<meta property=\"og:type\" content=\"article\" \/>\n<meta property=\"og:title\" content=\"Online-Dan\u0131\u015fma - Evangelischer Regionalverband\" \/>\n<meta property=\"og:description\" content=\"G\u00fcvenli online-\u0130leti\u015fim ba\u011flant\u0131s\u0131 Bizimle, G\u00fcvenli online-\u0130leti\u015fim yoluyla iritibata girebilirsiniz. Burada, Diakonie de sunulan tekliflere ula\u015fabilir ve arad\u0131\u011f\u0131n\u0131z, online-\u0130leti\u015fim Dan\u0131\u015fma hizmetlerini se\u00e7ebilirsiniz:\" \/>\n<meta property=\"og:url\" content=\"https:\/\/evangelische-beratung.com\/tr\/partnerschaft-lebensfragen\/online-beratung\/\" \/>\n<meta property=\"og:site_name\" content=\"Evangelischer Regionalverband\" \/>\n<meta property=\"article:modified_time\" content=\"2020-03-19T17:19:32+00:00\" \/>\n<meta name=\"twitter:card\" content=\"summary_large_image\" \/>\n<script type=\"application\/ld+json\" class=\"yoast-schema-graph\">{\"@context\":\"https:\\\/\\\/schema.org\",\"@graph\":[{\"@type\":\"WebPage\",\"@id\":\"https:\\\/\\\/evangelische-beratung.com\\\/tr\\\/partnerschaft-lebensfragen\\\/online-beratung\\\/\",\"url\":\"https:\\\/\\\/evangelische-beratung.com\\\/tr\\\/partnerschaft-lebensfragen\\\/online-beratung\\\/\",\"name\":\"Online-Dan\u0131\u015fma - Evangelischer Regionalverband\",\"isPartOf\":{\"@id\":\"https:\\\/\\\/evangelische-beratung.com\\\/tr\\\/#website\"},\"datePublished\":\"2019-08-16T16:01:03+00:00\",\"dateModified\":\"2020-03-19T17:19:32+00:00\",\"breadcrumb\":{\"@id\":\"https:\\\/\\\/evangelische-beratung.com\\\/tr\\\/partnerschaft-lebensfragen\\\/online-beratung\\\/#breadcrumb\"},\"inLanguage\":\"tr\",\"potentialAction\":[{\"@type\":\"ReadAction\",\"target\":[\"https:\\\/\\\/evangelische-beratung.com\\\/tr\\\/partnerschaft-lebensfragen\\\/online-beratung\\\/\"]}]},{\"@type\":\"BreadcrumbList\",\"@id\":\"https:\\\/\\\/evangelische-beratung.com\\\/tr\\\/partnerschaft-lebensfragen\\\/online-beratung\\\/#breadcrumb\",\"itemListElement\":[{\"@type\":\"ListItem\",\"position\":1,\"name\":\"Startseite\",\"item\":\"https:\\\/\\\/evangelische-beratung.com\\\/tr\\\/\"},{\"@type\":\"ListItem\",\"position\":2,\"name\":\"Partnerlik ve Ya\u015fam Sorular\u0131\",\"item\":\"https:\\\/\\\/evangelische-beratung.com\\\/tr\\\/partnerschaft-lebensfragen\\\/\"},{\"@type\":\"ListItem\",\"position\":3,\"name\":\"Online-Dan\u0131\u015fma\"}]},{\"@type\":\"WebSite\",\"@id\":\"https:\\\/\\\/evangelische-beratung.com\\\/tr\\\/#website\",\"url\":\"https:\\\/\\\/evangelische-beratung.com\\\/tr\\\/\",\"name\":\"Evangelischer Regionalverband\",\"description\":\"\",\"publisher\":{\"@id\":\"https:\\\/\\\/evangelische-beratung.com\\\/tr\\\/#organization\"},\"potentialAction\":[{\"@type\":\"SearchAction\",\"target\":{\"@type\":\"EntryPoint\",\"urlTemplate\":\"https:\\\/\\\/evangelische-beratung.com\\\/tr\\\/?s={search_term_string}\"},\"query-input\":{\"@type\":\"PropertyValueSpecification\",\"valueRequired\":true,\"valueName\":\"search_term_string\"}}],\"inLanguage\":\"tr\"},{\"@type\":\"Organization\",\"@id\":\"https:\\\/\\\/evangelische-beratung.com\\\/tr\\\/#organization\",\"name\":\"Evangelischer Regionalverband Frankfurt und Offenbach\",\"url\":\"https:\\\/\\\/evangelische-beratung.com\\\/tr\\\/\",\"logo\":{\"@type\":\"ImageObject\",\"inLanguage\":\"tr\",\"@id\":\"https:\\\/\\\/evangelische-beratung.com\\\/tr\\\/#\\\/schema\\\/logo\\\/image\\\/\",\"url\":\"https:\\\/\\\/evangelische-beratung.com\\\/tr\\\/wp-content\\\/uploads\\\/sites\\\/8\\\/2019\\\/10\\\/erv-logo.png\",\"contentUrl\":\"https:\\\/\\\/evangelische-beratung.com\\\/tr\\\/wp-content\\\/uploads\\\/sites\\\/8\\\/2019\\\/10\\\/erv-logo.png\",\"width\":1127,\"height\":595,\"caption\":\"Evangelischer Regionalverband Frankfurt und Offenbach\"},\"image\":{\"@id\":\"https:\\\/\\\/evangelische-beratung.com\\\/tr\\\/#\\\/schema\\\/logo\\\/image\\\/\"}}]}<\/script>\n<!-- \/ Yoast SEO plugin. -->","yoast_head_json":{"title":"Online-Dan\u0131\u015fma - Evangelischer Regionalverband","robots":{"index":"index","follow":"follow","max-snippet":"max-snippet:-1","max-image-preview":"max-image-preview:large","max-video-preview":"max-video-preview:-1"},"canonical":"https:\/\/evangelische-beratung.com\/tr\/partnerschaft-lebensfragen\/online-beratung\/","og_locale":"tr_TR","og_type":"article","og_title":"Online-Dan\u0131\u015fma - Evangelischer Regionalverband","og_description":"G\u00fcvenli online-\u0130leti\u015fim ba\u011flant\u0131s\u0131 Bizimle, G\u00fcvenli online-\u0130leti\u015fim yoluyla iritibata girebilirsiniz. Burada, Diakonie de sunulan tekliflere ula\u015fabilir ve arad\u0131\u011f\u0131n\u0131z, online-\u0130leti\u015fim Dan\u0131\u015fma hizmetlerini se\u00e7ebilirsiniz:","og_url":"https:\/\/evangelische-beratung.com\/tr\/partnerschaft-lebensfragen\/online-beratung\/","og_site_name":"Evangelischer Regionalverband","article_modified_time":"2020-03-19T17:19:32+00:00","twitter_card":"summary_large_image","schema":{"@context":"https:\/\/schema.org","@graph":[{"@type":"WebPage","@id":"https:\/\/evangelische-beratung.com\/tr\/partnerschaft-lebensfragen\/online-beratung\/","url":"https:\/\/evangelische-beratung.com\/tr\/partnerschaft-lebensfragen\/online-beratung\/","name":"Online-Dan\u0131\u015fma - Evangelischer Regionalverband","isPartOf":{"@id":"https:\/\/evangelische-beratung.com\/tr\/#website"},"datePublished":"2019-08-16T16:01:03+00:00","dateModified":"2020-03-19T17:19:32+00:00","breadcrumb":{"@id":"https:\/\/evangelische-beratung.com\/tr\/partnerschaft-lebensfragen\/online-beratung\/#breadcrumb"},"inLanguage":"tr","potentialAction":[{"@type":"ReadAction","target":["https:\/\/evangelische-beratung.com\/tr\/partnerschaft-lebensfragen\/online-beratung\/"]}]},{"@type":"BreadcrumbList","@id":"https:\/\/evangelische-beratung.com\/tr\/partnerschaft-lebensfragen\/online-beratung\/#breadcrumb","itemListElement":[{"@type":"ListItem","position":1,"name":"Startseite","item":"https:\/\/evangelische-beratung.com\/tr\/"},{"@type":"ListItem","position":2,"name":"Partnerlik ve Ya\u015fam Sorular\u0131","item":"https:\/\/evangelische-beratung.com\/tr\/partnerschaft-lebensfragen\/"},{"@type":"ListItem","position":3,"name":"Online-Dan\u0131\u015fma"}]},{"@type":"WebSite","@id":"https:\/\/evangelische-beratung.com\/tr\/#website","url":"https:\/\/evangelische-beratung.com\/tr\/","name":"Evangelischer Regionalverband","description":"","publisher":{"@id":"https:\/\/evangelische-beratung.com\/tr\/#organization"},"potentialAction":[{"@type":"SearchAction","target":{"@type":"EntryPoint","urlTemplate":"https:\/\/evangelische-beratung.com\/tr\/?s={search_term_string}"},"query-input":{"@type":"PropertyValueSpecification","valueRequired":true,"valueName":"search_term_string"}}],"inLanguage":"tr"},{"@type":"Organization","@id":"https:\/\/evangelische-beratung.com\/tr\/#organization","name":"Evangelischer Regionalverband Frankfurt und Offenbach","url":"https:\/\/evangelische-beratung.com\/tr\/","logo":{"@type":"ImageObject","inLanguage":"tr","@id":"https:\/\/evangelische-beratung.com\/tr\/#\/schema\/logo\/image\/","url":"https:\/\/evangelische-beratung.com\/tr\/wp-content\/uploads\/sites\/8\/2019\/10\/erv-logo.png","contentUrl":"https:\/\/evangelische-beratung.com\/tr\/wp-content\/uploads\/sites\/8\/2019\/10\/erv-logo.png","width":1127,"height":595,"caption":"Evangelischer Regionalverband Frankfurt und Offenbach"},"image":{"@id":"https:\/\/evangelische-beratung.com\/tr\/#\/schema\/logo\/image\/"}}]}},"_links":{"self":[{"href":"https:\/\/evangelische-beratung.com\/tr\/wp-json\/wp\/v2\/pages\/333","targetHints":{"allow":["GET"]}}],"collection":[{"href":"https:\/\/evangelische-beratung.com\/tr\/wp-json\/wp\/v2\/pages"}],"about":[{"href":"https:\/\/evangelische-beratung.com\/tr\/wp-json\/wp\/v2\/types\/page"}],"author":[{"embeddable":true,"href":"https:\/\/evangelische-beratung.com\/tr\/wp-json\/wp\/v2\/users\/3"}],"replies":[{"embeddable":true,"href":"https:\/\/evangelische-beratung.com\/tr\/wp-json\/wp\/v2\/comments?post=333"}],"version-history":[{"count":5,"href":"https:\/\/evangelische-beratung.com\/tr\/wp-json\/wp\/v2\/pages\/333\/revisions"}],"predecessor-version":[{"id":1327,"href":"https:\/\/evangelische-beratung.com\/tr\/wp-json\/wp\/v2\/pages\/333\/revisions\/1327"}],"up":[{"embeddable":true,"href":"https:\/\/evangelische-beratung.com\/tr\/wp-json\/wp\/v2\/pages\/38"}],"wp:attachment":[{"href":"https:\/\/evangelische-beratung.com\/tr\/wp-json\/wp\/v2\/media?parent=333"}],"curies":[{"name":"wp","href":"https:\/\/api.w.org\/{rel}","templated":true}]}}