{"id":327,"date":"2019-08-16T17:49:27","date_gmt":"2019-08-16T15:49:27","guid":{"rendered":"https:\/\/evangelische-beratung.com\/tr\/?page_id=327"},"modified":"2020-04-01T09:45:48","modified_gmt":"2020-04-01T07:45:48","slug":"konfliktregulierende-beratung-bei-trennung-scheidung","status":"publish","type":"page","link":"https:\/\/evangelische-beratung.com\/tr\/partnerschaft-lebensfragen\/konfliktregulierende-beratung-bei-trennung-scheidung\/","title":{"rendered":"Ayr\u0131l\u0131k ve bo\u015fanma da Uyu\u015fmazl\u0131k d\u00fczenleyici ve koruyucu  Dan\u0131\u015fma"},"content":{"rendered":"\n<p class=\"is-style-teaser\">Bazen, ayr\u0131lma veya bo\u015fanma s\u00fcrecinde bulunan Anne ve babalar, eri\u015fim haklar\u0131nda ve Velayette, d\u0131\u015far\u0131dan destek ve yard\u0131m olmadan yapamazlar.<\/p>\n\n\n\n<p>B\u00f6ylesi, benzer durumlarda size destekler veririz:<\/p>\n\n\n\n<ul class=\"wp-block-list\"><li>Ayr\u0131lma s\u00fcrecinizden sonra, Velayet ve \u00e7ocu\u011fun eri\u015fim Haklar\u0131 i\u00e7in Aile mahkemesinde dava a\u00e7\u0131lm\u0131\u015fsa?<\/li><li>Konuda, Tarafs\u0131z  Yard\u0131m ve destek ar\u0131yorsan\u0131z?<\/li><li>\u00c7ocu\u011funuzun yeti\u015ftirilmesi ve \u00e7\u0131karlar\u0131n\u0131n korunmas\u0131nda ortakla\u015fa bir Tav\u0131r da bulunmak istiyorsan\u0131z?<\/li><\/ul>\n\n\n\n<p>Uyu\u015fmazl\u0131k d\u00fczenleyici ve koruyucu&nbsp; Dan\u0131\u015fma hizmetlerimiz de, Ebeveynler aras\u0131nda kaybedilen g\u00fcveni yeniden olu\u015fturabilinir. Bu \u015fekilde, r\u0131za anla\u015fmalar\u0131 \u00e7ocuklar\u0131n\u0131z\u0131n yarar\u0131na birlikte d\u00fczeltilebilinir. B\u00f6ylelikle, Mahkemenin verece\u011fi karara ihtiya\u00e7 duyulmaz.&nbsp;<\/p>\n\n\n\n<p>\u00dc\u00e7 ana temel fikir, dan\u0131\u015fmalar\u0131 belirler:<\/p>\n\n\n\n<div class=\"wp-block-erv-infobox\"><p class=\"infobox-title\"> Ebeveynlerin \u0130li\u015fkileri, mahkemenin verece\u011fi kararlarla, d\u00fczeltilemez n<\/p><div class=\"infobox-content\">\n<p>\u00c7ocuklar, hem anne hem de baba ile iyi ve istikrarl\u0131 bir ili\u015fkiye ihtiya\u00e7 duyarlar.<\/p>\n\n\n\n<p>Ayr\u0131l\u0131k \u00e7at\u0131\u015fmas\u0131 s\u00fcrecinde bulunan Anne ve Babalar, \u00e7ocuklar\u0131na, di\u011fer ebeveyn aras\u0131ndaki ili\u015fkilerin g\u00fc\u00e7lenmesine destek verirler.<\/p>\n<\/div><\/div>\n\n\n\n<p>Uyu\u015fmazl\u0131k d\u00fczenleyici Dan\u0131\u015fmalar, yetkili mahkeme taraf\u0131ndan al\u0131nan Transfer, yoluyla ger\u00e7ekle\u015fir. Burada, konu ile ilgili ba\u015fvuru dilek\u00e7esi verebilirsiniz.<\/p>\n\n\n\n<p> Frankfurt&#8217;ta, Caritasverband ve Evangelische Regionalverband Frankfurt ve 2009 y\u0131l\u0131ndan itibaren, Offenbach\u00b4ta, mahkeme us\u00fcl\u00fcne uygun, Dan\u0131\u015fma hizmetleri sunarlar.  <\/p>\n\n\n\n<div class=\"wp-block-columns has-2-columns is-layout-flex wp-container-core-columns-is-layout-9d6595d7 wp-block-columns-is-layout-flex\">\n<div class=\"wp-block-column is-layout-flow wp-block-column-is-layout-flow\">\n<div class=\"wp-block-erv-download -show-file-extension\"><span aria-hidden=\"true\"><span class=\"file-extension\">pdf<\/span><\/span><div class=\"title-and-description\"><p class=\"download-title -inverted-link-style\"><a href=\"https:\/\/evangelische-beratung.com\/tr\/wp-content\/uploads\/sites\/8\/2019\/11\/KrB-Infoblatt.pdf\" target=\"_blank\" rel=\"noopener noreferrer\">Infoblatt<\/a><\/p><\/div><\/div>\n<\/div>\n\n\n\n<div class=\"wp-block-column is-layout-flow wp-block-column-is-layout-flow\"><\/div>\n<\/div>\n\n\n\n<p style=\"text-align:center\" class=\"is-style-roof-line\">Randevular i\u00e7in \u0130letisim: <\/p>\n\n\n\n<div class=\"wp-block-columns alignwide has-2-columns is-layout-flex wp-container-core-columns-is-layout-9d6595d7 wp-block-columns-is-layout-flex\">\n<div class=\"wp-block-column is-layout-flow wp-block-column-is-layout-flow\">\n<div class=\"wp-block-erv-id-card -hidden-image\"><div class=\"id-card-content\"><div class=\"id-card-details\"><p class=\"id-card-name\">Mandy Hanke<\/p><p class=\"id-card-job\">Sekretariat<\/p><p class=\"id-card-location\">Frankfurt<\/p><p class=\"id-card-phone\">069 \/ 53 02 221<\/p><p class=\"id-card-email\"><a href=\"&#x6d;&#97;i&#x6c;&#116;o&#x3a;&#108;e&#x62;&#x65;&#110;&#x73;&#x62;&#101;r&#x61;&#116;u&#x6e;&#103;&#64;&#x66;&#x72;&#97;&#x6e;&#x6b;&#102;u&#x72;&#116;-&#x65;&#118;a&#x6e;&#103;e&#x6c;&#x69;&#115;&#x63;&#x68;&#46;d&#x65;\">E-Mail<\/a><\/p><\/div><\/div><\/div>\n<\/div>\n\n\n\n<div class=\"wp-block-column is-layout-flow wp-block-column-is-layout-flow\">\n<div class=\"wp-block-erv-id-card -hidden-image\"><div class=\"id-card-content\"><div class=\"id-card-details\"><p class=\"id-card-name\">Andrea Schare<\/p><p class=\"id-card-job\">Sekretariat<\/p><p class=\"id-card-location\">H\u00f6chst<\/p><p class=\"id-card-phone\">069 \/ 75 93 672 10<\/p><p class=\"id-card-email\"><a href=\"&#109;a&#x69;l&#x74;o&#x3a;p&#x73;y&#x63;h&#x6f;&#108;&#x6f;&#103;&#x69;&#115;&#x63;&#104;&#x65;&#98;&#x65;&#114;&#x61;&#116;u&#x6e;g&#x2e;h&#x6f;e&#x63;h&#x73;t&#x40;&#102;&#x72;&#97;&#x6e;&#107;&#x66;&#117;&#x72;&#116;&#x2d;&#101;&#x76;&#97;n&#x67;e&#x6c;i&#x73;c&#x68;&#46;&#x64;e\">E-Mail<\/a><\/p><\/div><\/div><\/div>\n<\/div>\n<\/div>\n","protected":false},"excerpt":{"rendered":"<p>Bazen, ayr\u0131lma veya bo\u015fanma s\u00fcrecinde bulunan Anne ve babalar, eri\u015fim haklar\u0131nda ve Velayette, d\u0131\u015far\u0131dan destek ve yard\u0131m olmadan yapamazlar. B\u00f6ylesi, benzer durumlarda size destekler veririz: Ayr\u0131lma s\u00fcrecinizden sonra, Velayet ve \u00e7ocu\u011fun eri\u015fim Haklar\u0131 i\u00e7in Aile mahkemesinde dava a\u00e7\u0131lm\u0131\u015fsa? Konuda, Tarafs\u0131z Yard\u0131m ve destek ar\u0131yorsan\u0131z? \u00c7ocu\u011funuzun yeti\u015ftirilmesi ve \u00e7\u0131karlar\u0131n\u0131n korunmas\u0131nda ortakla\u015fa bir Tav\u0131r da bulunmak istiyorsan\u0131z? [&hellip;]<\/p>\n","protected":false},"author":3,"featured_media":0,"parent":38,"menu_order":0,"comment_status":"closed","ping_status":"closed","template":"","meta":{"footnotes":""},"class_list":["post-327","page","type-page","status-publish","hentry"],"yoast_head":"<!-- This site is optimized with the Yoast SEO plugin v27.3 - https:\/\/yoast.com\/product\/yoast-seo-wordpress\/ -->\n<title>Konfliktregulierende Beratung in Frankfurt und Offenbach<\/title>\n<meta name=\"description\" content=\"Wir helfen Eltern nach einer Trennung oder Scheidung, um die Fragen zum Umgangs- und Sorgerecht ihrer Kinder zu beantworten.\" \/>\n<meta name=\"robots\" content=\"index, follow, max-snippet:-1, max-image-preview:large, max-video-preview:-1\" \/>\n<link rel=\"canonical\" href=\"https:\/\/evangelische-beratung.com\/tr\/partnerschaft-lebensfragen\/konfliktregulierende-beratung-bei-trennung-scheidung\/\" \/>\n<meta property=\"og:locale\" content=\"tr_TR\" \/>\n<meta property=\"og:type\" content=\"article\" \/>\n<meta property=\"og:title\" content=\"Konfliktregulierende Beratung in Frankfurt und Offenbach\" \/>\n<meta property=\"og:description\" content=\"Wir helfen Eltern nach einer Trennung oder Scheidung, um die Fragen zum Umgangs- und Sorgerecht ihrer Kinder zu beantworten.\" \/>\n<meta property=\"og:url\" content=\"https:\/\/evangelische-beratung.com\/tr\/partnerschaft-lebensfragen\/konfliktregulierende-beratung-bei-trennung-scheidung\/\" \/>\n<meta property=\"og:site_name\" content=\"Evangelischer Regionalverband\" \/>\n<meta property=\"article:modified_time\" content=\"2020-04-01T07:45:48+00:00\" \/>\n<meta name=\"twitter:card\" content=\"summary_large_image\" \/>\n<meta name=\"twitter:label1\" content=\"Tahmini okuma s\u00fcresi\" \/>\n\t<meta name=\"twitter:data1\" content=\"1 dakika\" \/>\n<script type=\"application\/ld+json\" class=\"yoast-schema-graph\">{\"@context\":\"https:\\\/\\\/schema.org\",\"@graph\":[{\"@type\":\"WebPage\",\"@id\":\"https:\\\/\\\/evangelische-beratung.com\\\/tr\\\/partnerschaft-lebensfragen\\\/konfliktregulierende-beratung-bei-trennung-scheidung\\\/\",\"url\":\"https:\\\/\\\/evangelische-beratung.com\\\/tr\\\/partnerschaft-lebensfragen\\\/konfliktregulierende-beratung-bei-trennung-scheidung\\\/\",\"name\":\"Konfliktregulierende Beratung in Frankfurt und Offenbach\",\"isPartOf\":{\"@id\":\"https:\\\/\\\/evangelische-beratung.com\\\/tr\\\/#website\"},\"datePublished\":\"2019-08-16T15:49:27+00:00\",\"dateModified\":\"2020-04-01T07:45:48+00:00\",\"description\":\"Wir helfen Eltern nach einer Trennung oder Scheidung, um die Fragen zum Umgangs- und Sorgerecht ihrer Kinder zu beantworten.\",\"breadcrumb\":{\"@id\":\"https:\\\/\\\/evangelische-beratung.com\\\/tr\\\/partnerschaft-lebensfragen\\\/konfliktregulierende-beratung-bei-trennung-scheidung\\\/#breadcrumb\"},\"inLanguage\":\"tr\",\"potentialAction\":[{\"@type\":\"ReadAction\",\"target\":[\"https:\\\/\\\/evangelische-beratung.com\\\/tr\\\/partnerschaft-lebensfragen\\\/konfliktregulierende-beratung-bei-trennung-scheidung\\\/\"]}]},{\"@type\":\"BreadcrumbList\",\"@id\":\"https:\\\/\\\/evangelische-beratung.com\\\/tr\\\/partnerschaft-lebensfragen\\\/konfliktregulierende-beratung-bei-trennung-scheidung\\\/#breadcrumb\",\"itemListElement\":[{\"@type\":\"ListItem\",\"position\":1,\"name\":\"Startseite\",\"item\":\"https:\\\/\\\/evangelische-beratung.com\\\/tr\\\/\"},{\"@type\":\"ListItem\",\"position\":2,\"name\":\"Partnerlik ve Ya\u015fam Sorular\u0131\",\"item\":\"https:\\\/\\\/evangelische-beratung.com\\\/tr\\\/partnerschaft-lebensfragen\\\/\"},{\"@type\":\"ListItem\",\"position\":3,\"name\":\"Ayr\u0131l\u0131k ve bo\u015fanma da Uyu\u015fmazl\u0131k d\u00fczenleyici ve koruyucu Dan\u0131\u015fma\"}]},{\"@type\":\"WebSite\",\"@id\":\"https:\\\/\\\/evangelische-beratung.com\\\/tr\\\/#website\",\"url\":\"https:\\\/\\\/evangelische-beratung.com\\\/tr\\\/\",\"name\":\"Evangelischer Regionalverband\",\"description\":\"\",\"publisher\":{\"@id\":\"https:\\\/\\\/evangelische-beratung.com\\\/tr\\\/#organization\"},\"potentialAction\":[{\"@type\":\"SearchAction\",\"target\":{\"@type\":\"EntryPoint\",\"urlTemplate\":\"https:\\\/\\\/evangelische-beratung.com\\\/tr\\\/?s={search_term_string}\"},\"query-input\":{\"@type\":\"PropertyValueSpecification\",\"valueRequired\":true,\"valueName\":\"search_term_string\"}}],\"inLanguage\":\"tr\"},{\"@type\":\"Organization\",\"@id\":\"https:\\\/\\\/evangelische-beratung.com\\\/tr\\\/#organization\",\"name\":\"Evangelischer Regionalverband Frankfurt und Offenbach\",\"url\":\"https:\\\/\\\/evangelische-beratung.com\\\/tr\\\/\",\"logo\":{\"@type\":\"ImageObject\",\"inLanguage\":\"tr\",\"@id\":\"https:\\\/\\\/evangelische-beratung.com\\\/tr\\\/#\\\/schema\\\/logo\\\/image\\\/\",\"url\":\"https:\\\/\\\/evangelische-beratung.com\\\/tr\\\/wp-content\\\/uploads\\\/sites\\\/8\\\/2019\\\/10\\\/erv-logo.png\",\"contentUrl\":\"https:\\\/\\\/evangelische-beratung.com\\\/tr\\\/wp-content\\\/uploads\\\/sites\\\/8\\\/2019\\\/10\\\/erv-logo.png\",\"width\":1127,\"height\":595,\"caption\":\"Evangelischer Regionalverband Frankfurt und Offenbach\"},\"image\":{\"@id\":\"https:\\\/\\\/evangelische-beratung.com\\\/tr\\\/#\\\/schema\\\/logo\\\/image\\\/\"}}]}<\/script>\n<!-- \/ Yoast SEO plugin. -->","yoast_head_json":{"title":"Konfliktregulierende Beratung in Frankfurt und Offenbach","description":"Wir helfen Eltern nach einer Trennung oder Scheidung, um die Fragen zum Umgangs- und Sorgerecht ihrer Kinder zu beantworten.","robots":{"index":"index","follow":"follow","max-snippet":"max-snippet:-1","max-image-preview":"max-image-preview:large","max-video-preview":"max-video-preview:-1"},"canonical":"https:\/\/evangelische-beratung.com\/tr\/partnerschaft-lebensfragen\/konfliktregulierende-beratung-bei-trennung-scheidung\/","og_locale":"tr_TR","og_type":"article","og_title":"Konfliktregulierende Beratung in Frankfurt und Offenbach","og_description":"Wir helfen Eltern nach einer Trennung oder Scheidung, um die Fragen zum Umgangs- und Sorgerecht ihrer Kinder zu beantworten.","og_url":"https:\/\/evangelische-beratung.com\/tr\/partnerschaft-lebensfragen\/konfliktregulierende-beratung-bei-trennung-scheidung\/","og_site_name":"Evangelischer Regionalverband","article_modified_time":"2020-04-01T07:45:48+00:00","twitter_card":"summary_large_image","twitter_misc":{"Tahmini okuma s\u00fcresi":"1 dakika"},"schema":{"@context":"https:\/\/schema.org","@graph":[{"@type":"WebPage","@id":"https:\/\/evangelische-beratung.com\/tr\/partnerschaft-lebensfragen\/konfliktregulierende-beratung-bei-trennung-scheidung\/","url":"https:\/\/evangelische-beratung.com\/tr\/partnerschaft-lebensfragen\/konfliktregulierende-beratung-bei-trennung-scheidung\/","name":"Konfliktregulierende Beratung in Frankfurt und Offenbach","isPartOf":{"@id":"https:\/\/evangelische-beratung.com\/tr\/#website"},"datePublished":"2019-08-16T15:49:27+00:00","dateModified":"2020-04-01T07:45:48+00:00","description":"Wir helfen Eltern nach einer Trennung oder Scheidung, um die Fragen zum Umgangs- und Sorgerecht ihrer Kinder zu beantworten.","breadcrumb":{"@id":"https:\/\/evangelische-beratung.com\/tr\/partnerschaft-lebensfragen\/konfliktregulierende-beratung-bei-trennung-scheidung\/#breadcrumb"},"inLanguage":"tr","potentialAction":[{"@type":"ReadAction","target":["https:\/\/evangelische-beratung.com\/tr\/partnerschaft-lebensfragen\/konfliktregulierende-beratung-bei-trennung-scheidung\/"]}]},{"@type":"BreadcrumbList","@id":"https:\/\/evangelische-beratung.com\/tr\/partnerschaft-lebensfragen\/konfliktregulierende-beratung-bei-trennung-scheidung\/#breadcrumb","itemListElement":[{"@type":"ListItem","position":1,"name":"Startseite","item":"https:\/\/evangelische-beratung.com\/tr\/"},{"@type":"ListItem","position":2,"name":"Partnerlik ve Ya\u015fam Sorular\u0131","item":"https:\/\/evangelische-beratung.com\/tr\/partnerschaft-lebensfragen\/"},{"@type":"ListItem","position":3,"name":"Ayr\u0131l\u0131k ve bo\u015fanma da Uyu\u015fmazl\u0131k d\u00fczenleyici ve koruyucu Dan\u0131\u015fma"}]},{"@type":"WebSite","@id":"https:\/\/evangelische-beratung.com\/tr\/#website","url":"https:\/\/evangelische-beratung.com\/tr\/","name":"Evangelischer Regionalverband","description":"","publisher":{"@id":"https:\/\/evangelische-beratung.com\/tr\/#organization"},"potentialAction":[{"@type":"SearchAction","target":{"@type":"EntryPoint","urlTemplate":"https:\/\/evangelische-beratung.com\/tr\/?s={search_term_string}"},"query-input":{"@type":"PropertyValueSpecification","valueRequired":true,"valueName":"search_term_string"}}],"inLanguage":"tr"},{"@type":"Organization","@id":"https:\/\/evangelische-beratung.com\/tr\/#organization","name":"Evangelischer Regionalverband Frankfurt und Offenbach","url":"https:\/\/evangelische-beratung.com\/tr\/","logo":{"@type":"ImageObject","inLanguage":"tr","@id":"https:\/\/evangelische-beratung.com\/tr\/#\/schema\/logo\/image\/","url":"https:\/\/evangelische-beratung.com\/tr\/wp-content\/uploads\/sites\/8\/2019\/10\/erv-logo.png","contentUrl":"https:\/\/evangelische-beratung.com\/tr\/wp-content\/uploads\/sites\/8\/2019\/10\/erv-logo.png","width":1127,"height":595,"caption":"Evangelischer Regionalverband Frankfurt und Offenbach"},"image":{"@id":"https:\/\/evangelische-beratung.com\/tr\/#\/schema\/logo\/image\/"}}]}},"_links":{"self":[{"href":"https:\/\/evangelische-beratung.com\/tr\/wp-json\/wp\/v2\/pages\/327","targetHints":{"allow":["GET"]}}],"collection":[{"href":"https:\/\/evangelische-beratung.com\/tr\/wp-json\/wp\/v2\/pages"}],"about":[{"href":"https:\/\/evangelische-beratung.com\/tr\/wp-json\/wp\/v2\/types\/page"}],"author":[{"embeddable":true,"href":"https:\/\/evangelische-beratung.com\/tr\/wp-json\/wp\/v2\/users\/3"}],"replies":[{"embeddable":true,"href":"https:\/\/evangelische-beratung.com\/tr\/wp-json\/wp\/v2\/comments?post=327"}],"version-history":[{"count":5,"href":"https:\/\/evangelische-beratung.com\/tr\/wp-json\/wp\/v2\/pages\/327\/revisions"}],"predecessor-version":[{"id":1536,"href":"https:\/\/evangelische-beratung.com\/tr\/wp-json\/wp\/v2\/pages\/327\/revisions\/1536"}],"up":[{"embeddable":true,"href":"https:\/\/evangelische-beratung.com\/tr\/wp-json\/wp\/v2\/pages\/38"}],"wp:attachment":[{"href":"https:\/\/evangelische-beratung.com\/tr\/wp-json\/wp\/v2\/media?parent=327"}],"curies":[{"name":"wp","href":"https:\/\/api.w.org\/{rel}","templated":true}]}}