{"id":326,"date":"2019-08-16T17:49:05","date_gmt":"2019-08-16T15:49:05","guid":{"rendered":"https:\/\/evangelische-beratung.com\/tr\/?page_id=326"},"modified":"2020-04-19T11:15:21","modified_gmt":"2020-04-19T09:15:21","slug":"allgemeine-lebensberatung","status":"publish","type":"page","link":"https:\/\/evangelische-beratung.com\/tr\/sozialberatung\/allgemeine-lebensberatung\/","title":{"rendered":"Genel ya\u015fam dan\u0131\u015fmanl\u0131\u011f\u0131"},"content":{"rendered":"\n<p class=\"is-style-teaser\">Ya\u015famda, Her\u015fey planland\u0131\u011f\u0131 gibi y\u00fcr\u00fcmez. Olabilir ki, ya\u015fam\u0131n\u0131z da ki temel sorunun, nerden kaynakland\u0131\u011f\u0131n\u0131 ve ne oldu\u011funu yada bu konuda, kime ba\u015fvuraca\u011f\u0131n\u0131z\u0131 bilemiyor olabilirsiniz. B\u00f6ylesi Korku ve Endi\u015feler de sizi yaln\u0131z&nbsp; b\u0131rakmay\u0131z. <\/p>\n\n\n\n<figure class=\"wp-block-image alignwide\"><img loading=\"lazy\" decoding=\"async\" width=\"1024\" height=\"512\" src=\"https:\/\/evangelische-beratung.com\/tr\/wp-content\/uploads\/sites\/8\/2019\/08\/Allg.-Sozialberatung_Offenbach-2_Hero-1024x512.jpg\" alt=\"\" class=\"wp-image-501\" srcset=\"https:\/\/evangelische-beratung.com\/tr\/wp-content\/uploads\/sites\/8\/2019\/08\/Allg.-Sozialberatung_Offenbach-2_Hero-1024x512.jpg 1024w, https:\/\/evangelische-beratung.com\/tr\/wp-content\/uploads\/sites\/8\/2019\/08\/Allg.-Sozialberatung_Offenbach-2_Hero-300x150.jpg 300w, https:\/\/evangelische-beratung.com\/tr\/wp-content\/uploads\/sites\/8\/2019\/08\/Allg.-Sozialberatung_Offenbach-2_Hero-768x384.jpg 768w, https:\/\/evangelische-beratung.com\/tr\/wp-content\/uploads\/sites\/8\/2019\/08\/Allg.-Sozialberatung_Offenbach-2_Hero.jpg 1840w\" sizes=\"auto, 100vw\" \/><\/figure>\n\n\n\n<p> Benzer konularda bizimle irtibata giriniz:<\/p>\n\n\n\n<ul class=\"wp-block-list\"><li>Acil Kriz durumlar\u0131 <\/li><li>Devlet daireleri &nbsp;ve kamu kurumlar\u0131n da ki sorunlar ve konu hakk\u0131n da ki yaz\u0131\u015fmalarda<\/li><li>Verilen Sosyal yard\u0131mlar\u0131n tekrar incelenmesinde (\u00f6rne\u011fin, Sosyal yard\u0131m, i\u015fsizlik yard\u0131m\u0131, emeklilik Maa\u015f\u0131)<\/li><li>Aile veya Partnerler aras\u0131 uzla\u015fmazl\u0131klar\u0131nda?<\/li><li>i\u00e7inde bulundu\u011funuz g\u00fcncel ya\u015fam durumunuzda ki a\u015f\u0131r\u0131 y\u00fcklenme <\/li><li> Ev arama konusunda <\/li><li> buna benzer di\u011fer konularda<\/li><\/ul>\n\n\n\n<p> Gerekti\u011finde, di\u011fer uzman dan\u0131\u015fmanl\u0131k merkezleri, terapistler veya hukuksal konularda destek veren merkezlerle irtibat sa\u011flanmada, destekler verebiliriz. <\/p>\n\n\n\n<p>Size, farkl\u0131 dillerde veya terc\u00fcmanlar arac\u0131l\u0131\u011f\u0131yla dan\u0131\u015fma hizmetleri sunar\u0131z.<\/p>\n\n\n\n<p>Bu Dan\u0131\u015fma,  Din, D\u00fcnya g\u00f6r\u00fc\u015f\u00fc ve k\u00f6ken ay\u0131rtmaks\u0131z\u0131n ger\u00e7ekle\u015fir. <br>Bu Dan\u0131\u015fmanl\u0131k hizmeti\u00a0 \u00fccretsiz olup, g\u00f6n\u00fcll\u00fcl\u00fck ve gizlilik esas\u0131na dayan\u0131r. <\/p>\n\n\n\n<p style=\"text-align:center\" class=\"is-style-roof-line\"><strong>\u0130leti\u015fim <\/strong><\/p>\n\n\n\n<div class=\"wp-block-columns alignwide has-3-columns is-layout-flex wp-container-core-columns-is-layout-9d6595d7 wp-block-columns-is-layout-flex\">\n<div class=\"wp-block-column is-layout-flow wp-block-column-is-layout-flow\">\n<div class=\"wp-block-erv-id-card\"><div class=\"id-card-content\"><figure class=\"id-card-photo\"><img decoding=\"async\" src=\"https:\/\/evangelische-beratung.com\/wp-content\/uploads\/2020\/01\/portrait_platzhalter-1-300x300.jpg\" \/><\/figure><div class=\"id-card-details\"><p class=\"id-card-name\">Stephanie Laier<\/p><p class=\"id-card-job\">Verwaltung<\/p><p class=\"id-card-location\">Offenbach<\/p><p class=\"id-card-phone\">069 \/ 82 97 70 99<\/p><p class=\"id-card-email\"><a href=\"&#x6d;&#x61;&#105;l&#x74;&#x6f;&#x3a;&#109;i&#x67;&#x72;&#x61;&#116;i&#x6f;&#x6e;&#x73;&#98;e&#x72;&#x61;&#x74;&#117;n&#x67;&#x40;&#x6f;&#102;f&#x65;&#x6e;&#x62;&#97;c&#x68;&#x2d;&#x65;&#118;a&#x6e;&#x67;&#x65;&#108;i&#x73;&#x63;&#x68;&#46;d&#x65;\">E-Mail<\/a><\/p><\/div><\/div><\/div>\n<\/div>\n\n\n\n<div class=\"wp-block-column is-layout-flow wp-block-column-is-layout-flow\"><\/div>\n\n\n\n<div class=\"wp-block-column is-layout-flow wp-block-column-is-layout-flow\">\n<div class=\"wp-block-erv-id-card\"><div class=\"id-card-content\"><figure class=\"id-card-photo\"><img decoding=\"async\" src=\"https:\/\/evangelische-beratung.com\/wp-content\/uploads\/2022\/10\/Bild-Barbara-Schwab-225x300.jpg\" \/><\/figure><div class=\"id-card-details\"><p class=\"id-card-name\">Barbara Schwab<\/p><p class=\"id-card-job\">Beratung<\/p><p class=\"id-card-location\">Offenbach<\/p><p class=\"id-card-phone\">069 \/ 82 97 70 99<\/p><p class=\"id-card-email\"><a href=\"&#109;&#x61;i&#108;&#x74;o&#x3a;&#x62;&#101;&#x72;a&#116;&#x75;n&#103;&#x73;&#122;&#x65;n&#116;&#x72;u&#109;&#x40;&#111;&#x66;&#x66;&#101;&#x6e;b&#97;&#x63;h&#x2d;&#x65;&#118;&#x61;n&#103;&#x65;l&#105;&#x73;&#99;&#x68;&#46;&#100;&#x65;\">E-Mail<\/a><\/p><\/div><\/div><\/div>\n<\/div>\n<\/div>\n","protected":false},"excerpt":{"rendered":"<p>Ya\u015famda, Her\u015fey planland\u0131\u011f\u0131 gibi y\u00fcr\u00fcmez. Olabilir ki, ya\u015fam\u0131n\u0131z da ki temel sorunun, nerden kaynakland\u0131\u011f\u0131n\u0131 ve ne oldu\u011funu yada bu konuda, kime ba\u015fvuraca\u011f\u0131n\u0131z\u0131 bilemiyor olabilirsiniz. B\u00f6ylesi Korku ve Endi\u015feler de sizi yaln\u0131z&nbsp; b\u0131rakmay\u0131z. Benzer konularda bizimle irtibata giriniz: Acil Kriz durumlar\u0131 Devlet daireleri &nbsp;ve kamu kurumlar\u0131n da ki sorunlar ve konu hakk\u0131n da ki yaz\u0131\u015fmalarda Verilen [&hellip;]<\/p>\n","protected":false},"author":5,"featured_media":36,"parent":40,"menu_order":0,"comment_status":"closed","ping_status":"closed","template":"","meta":{"footnotes":""},"class_list":["post-326","page","type-page","status-publish","has-post-thumbnail","hentry"],"yoast_head":"<!-- This site is optimized with the Yoast SEO plugin v27.3 - https:\/\/yoast.com\/product\/yoast-seo-wordpress\/ -->\n<title>Allgemeine Lebensberatung in Offenbach vom Ev. Regionalverband<\/title>\n<meta name=\"description\" content=\"Wir sind gerne f\u00fcr Sie da: in akuten Krisen, Problemen mit Beh\u00f6rden, \u00dcberlastung oder Schwierigkeiten in Familie und Partnerschaft. Vertraulich und kostenfrei.\" \/>\n<meta name=\"robots\" content=\"index, follow, max-snippet:-1, max-image-preview:large, max-video-preview:-1\" \/>\n<link rel=\"canonical\" href=\"https:\/\/evangelische-beratung.com\/tr\/sozialberatung\/allgemeine-lebensberatung\/\" \/>\n<meta property=\"og:locale\" content=\"tr_TR\" \/>\n<meta property=\"og:type\" content=\"article\" \/>\n<meta property=\"og:title\" content=\"Allgemeine Lebensberatung in Offenbach vom Ev. Regionalverband\" \/>\n<meta property=\"og:description\" content=\"Wir sind gerne f\u00fcr Sie da: in akuten Krisen, Problemen mit Beh\u00f6rden, \u00dcberlastung oder Schwierigkeiten in Familie und Partnerschaft. Vertraulich und kostenfrei.\" \/>\n<meta property=\"og:url\" content=\"https:\/\/evangelische-beratung.com\/tr\/sozialberatung\/allgemeine-lebensberatung\/\" \/>\n<meta property=\"og:site_name\" content=\"Evangelischer Regionalverband\" \/>\n<meta property=\"article:modified_time\" content=\"2020-04-19T09:15:21+00:00\" \/>\n<meta property=\"og:image\" content=\"https:\/\/evangelische-beratung.com\/tr\/wp-content\/uploads\/sites\/8\/2019\/07\/humberto-chavez-Ilo0ZD5o-q8-unsplash.jpg\" \/>\n\t<meta property=\"og:image:width\" content=\"1800\" \/>\n\t<meta property=\"og:image:height\" content=\"1200\" \/>\n\t<meta property=\"og:image:type\" content=\"image\/jpeg\" \/>\n<meta name=\"twitter:card\" content=\"summary_large_image\" \/>\n<meta name=\"twitter:label1\" content=\"Tahmini okuma s\u00fcresi\" \/>\n\t<meta name=\"twitter:data1\" content=\"1 dakika\" \/>\n<script type=\"application\/ld+json\" class=\"yoast-schema-graph\">{\"@context\":\"https:\\\/\\\/schema.org\",\"@graph\":[{\"@type\":\"WebPage\",\"@id\":\"https:\\\/\\\/evangelische-beratung.com\\\/tr\\\/sozialberatung\\\/allgemeine-lebensberatung\\\/\",\"url\":\"https:\\\/\\\/evangelische-beratung.com\\\/tr\\\/sozialberatung\\\/allgemeine-lebensberatung\\\/\",\"name\":\"Allgemeine Lebensberatung in Offenbach vom Ev. Regionalverband\",\"isPartOf\":{\"@id\":\"https:\\\/\\\/evangelische-beratung.com\\\/tr\\\/#website\"},\"primaryImageOfPage\":{\"@id\":\"https:\\\/\\\/evangelische-beratung.com\\\/tr\\\/sozialberatung\\\/allgemeine-lebensberatung\\\/#primaryimage\"},\"image\":{\"@id\":\"https:\\\/\\\/evangelische-beratung.com\\\/tr\\\/sozialberatung\\\/allgemeine-lebensberatung\\\/#primaryimage\"},\"thumbnailUrl\":\"https:\\\/\\\/evangelische-beratung.com\\\/tr\\\/wp-content\\\/uploads\\\/sites\\\/8\\\/2019\\\/07\\\/humberto-chavez-Ilo0ZD5o-q8-unsplash.jpg\",\"datePublished\":\"2019-08-16T15:49:05+00:00\",\"dateModified\":\"2020-04-19T09:15:21+00:00\",\"description\":\"Wir sind gerne f\u00fcr Sie da: in akuten Krisen, Problemen mit Beh\u00f6rden, \u00dcberlastung oder Schwierigkeiten in Familie und Partnerschaft. Vertraulich und kostenfrei.\",\"breadcrumb\":{\"@id\":\"https:\\\/\\\/evangelische-beratung.com\\\/tr\\\/sozialberatung\\\/allgemeine-lebensberatung\\\/#breadcrumb\"},\"inLanguage\":\"tr\",\"potentialAction\":[{\"@type\":\"ReadAction\",\"target\":[\"https:\\\/\\\/evangelische-beratung.com\\\/tr\\\/sozialberatung\\\/allgemeine-lebensberatung\\\/\"]}]},{\"@type\":\"ImageObject\",\"inLanguage\":\"tr\",\"@id\":\"https:\\\/\\\/evangelische-beratung.com\\\/tr\\\/sozialberatung\\\/allgemeine-lebensberatung\\\/#primaryimage\",\"url\":\"https:\\\/\\\/evangelische-beratung.com\\\/tr\\\/wp-content\\\/uploads\\\/sites\\\/8\\\/2019\\\/07\\\/humberto-chavez-Ilo0ZD5o-q8-unsplash.jpg\",\"contentUrl\":\"https:\\\/\\\/evangelische-beratung.com\\\/tr\\\/wp-content\\\/uploads\\\/sites\\\/8\\\/2019\\\/07\\\/humberto-chavez-Ilo0ZD5o-q8-unsplash.jpg\",\"width\":1800,\"height\":1200},{\"@type\":\"BreadcrumbList\",\"@id\":\"https:\\\/\\\/evangelische-beratung.com\\\/tr\\\/sozialberatung\\\/allgemeine-lebensberatung\\\/#breadcrumb\",\"itemListElement\":[{\"@type\":\"ListItem\",\"position\":1,\"name\":\"Startseite\",\"item\":\"https:\\\/\\\/evangelische-beratung.com\\\/tr\\\/\"},{\"@type\":\"ListItem\",\"position\":2,\"name\":\"Sosyal dan\u0131\u015fmanl\u0131k\",\"item\":\"https:\\\/\\\/evangelische-beratung.com\\\/tr\\\/sozialberatung\\\/\"},{\"@type\":\"ListItem\",\"position\":3,\"name\":\"Genel ya\u015fam dan\u0131\u015fmanl\u0131\u011f\u0131\"}]},{\"@type\":\"WebSite\",\"@id\":\"https:\\\/\\\/evangelische-beratung.com\\\/tr\\\/#website\",\"url\":\"https:\\\/\\\/evangelische-beratung.com\\\/tr\\\/\",\"name\":\"Evangelischer Regionalverband\",\"description\":\"\",\"publisher\":{\"@id\":\"https:\\\/\\\/evangelische-beratung.com\\\/tr\\\/#organization\"},\"potentialAction\":[{\"@type\":\"SearchAction\",\"target\":{\"@type\":\"EntryPoint\",\"urlTemplate\":\"https:\\\/\\\/evangelische-beratung.com\\\/tr\\\/?s={search_term_string}\"},\"query-input\":{\"@type\":\"PropertyValueSpecification\",\"valueRequired\":true,\"valueName\":\"search_term_string\"}}],\"inLanguage\":\"tr\"},{\"@type\":\"Organization\",\"@id\":\"https:\\\/\\\/evangelische-beratung.com\\\/tr\\\/#organization\",\"name\":\"Evangelischer Regionalverband Frankfurt und Offenbach\",\"url\":\"https:\\\/\\\/evangelische-beratung.com\\\/tr\\\/\",\"logo\":{\"@type\":\"ImageObject\",\"inLanguage\":\"tr\",\"@id\":\"https:\\\/\\\/evangelische-beratung.com\\\/tr\\\/#\\\/schema\\\/logo\\\/image\\\/\",\"url\":\"https:\\\/\\\/evangelische-beratung.com\\\/tr\\\/wp-content\\\/uploads\\\/sites\\\/8\\\/2019\\\/10\\\/erv-logo.png\",\"contentUrl\":\"https:\\\/\\\/evangelische-beratung.com\\\/tr\\\/wp-content\\\/uploads\\\/sites\\\/8\\\/2019\\\/10\\\/erv-logo.png\",\"width\":1127,\"height\":595,\"caption\":\"Evangelischer Regionalverband Frankfurt und Offenbach\"},\"image\":{\"@id\":\"https:\\\/\\\/evangelische-beratung.com\\\/tr\\\/#\\\/schema\\\/logo\\\/image\\\/\"}}]}<\/script>\n<!-- \/ Yoast SEO plugin. -->","yoast_head_json":{"title":"Allgemeine Lebensberatung in Offenbach vom Ev. Regionalverband","description":"Wir sind gerne f\u00fcr Sie da: in akuten Krisen, Problemen mit Beh\u00f6rden, \u00dcberlastung oder Schwierigkeiten in Familie und Partnerschaft. Vertraulich und kostenfrei.","robots":{"index":"index","follow":"follow","max-snippet":"max-snippet:-1","max-image-preview":"max-image-preview:large","max-video-preview":"max-video-preview:-1"},"canonical":"https:\/\/evangelische-beratung.com\/tr\/sozialberatung\/allgemeine-lebensberatung\/","og_locale":"tr_TR","og_type":"article","og_title":"Allgemeine Lebensberatung in Offenbach vom Ev. Regionalverband","og_description":"Wir sind gerne f\u00fcr Sie da: in akuten Krisen, Problemen mit Beh\u00f6rden, \u00dcberlastung oder Schwierigkeiten in Familie und Partnerschaft. Vertraulich und kostenfrei.","og_url":"https:\/\/evangelische-beratung.com\/tr\/sozialberatung\/allgemeine-lebensberatung\/","og_site_name":"Evangelischer Regionalverband","article_modified_time":"2020-04-19T09:15:21+00:00","og_image":[{"width":1800,"height":1200,"url":"https:\/\/evangelische-beratung.com\/tr\/wp-content\/uploads\/sites\/8\/2019\/07\/humberto-chavez-Ilo0ZD5o-q8-unsplash.jpg","type":"image\/jpeg"}],"twitter_card":"summary_large_image","twitter_misc":{"Tahmini okuma s\u00fcresi":"1 dakika"},"schema":{"@context":"https:\/\/schema.org","@graph":[{"@type":"WebPage","@id":"https:\/\/evangelische-beratung.com\/tr\/sozialberatung\/allgemeine-lebensberatung\/","url":"https:\/\/evangelische-beratung.com\/tr\/sozialberatung\/allgemeine-lebensberatung\/","name":"Allgemeine Lebensberatung in Offenbach vom Ev. Regionalverband","isPartOf":{"@id":"https:\/\/evangelische-beratung.com\/tr\/#website"},"primaryImageOfPage":{"@id":"https:\/\/evangelische-beratung.com\/tr\/sozialberatung\/allgemeine-lebensberatung\/#primaryimage"},"image":{"@id":"https:\/\/evangelische-beratung.com\/tr\/sozialberatung\/allgemeine-lebensberatung\/#primaryimage"},"thumbnailUrl":"https:\/\/evangelische-beratung.com\/tr\/wp-content\/uploads\/sites\/8\/2019\/07\/humberto-chavez-Ilo0ZD5o-q8-unsplash.jpg","datePublished":"2019-08-16T15:49:05+00:00","dateModified":"2020-04-19T09:15:21+00:00","description":"Wir sind gerne f\u00fcr Sie da: in akuten Krisen, Problemen mit Beh\u00f6rden, \u00dcberlastung oder Schwierigkeiten in Familie und Partnerschaft. Vertraulich und kostenfrei.","breadcrumb":{"@id":"https:\/\/evangelische-beratung.com\/tr\/sozialberatung\/allgemeine-lebensberatung\/#breadcrumb"},"inLanguage":"tr","potentialAction":[{"@type":"ReadAction","target":["https:\/\/evangelische-beratung.com\/tr\/sozialberatung\/allgemeine-lebensberatung\/"]}]},{"@type":"ImageObject","inLanguage":"tr","@id":"https:\/\/evangelische-beratung.com\/tr\/sozialberatung\/allgemeine-lebensberatung\/#primaryimage","url":"https:\/\/evangelische-beratung.com\/tr\/wp-content\/uploads\/sites\/8\/2019\/07\/humberto-chavez-Ilo0ZD5o-q8-unsplash.jpg","contentUrl":"https:\/\/evangelische-beratung.com\/tr\/wp-content\/uploads\/sites\/8\/2019\/07\/humberto-chavez-Ilo0ZD5o-q8-unsplash.jpg","width":1800,"height":1200},{"@type":"BreadcrumbList","@id":"https:\/\/evangelische-beratung.com\/tr\/sozialberatung\/allgemeine-lebensberatung\/#breadcrumb","itemListElement":[{"@type":"ListItem","position":1,"name":"Startseite","item":"https:\/\/evangelische-beratung.com\/tr\/"},{"@type":"ListItem","position":2,"name":"Sosyal dan\u0131\u015fmanl\u0131k","item":"https:\/\/evangelische-beratung.com\/tr\/sozialberatung\/"},{"@type":"ListItem","position":3,"name":"Genel ya\u015fam dan\u0131\u015fmanl\u0131\u011f\u0131"}]},{"@type":"WebSite","@id":"https:\/\/evangelische-beratung.com\/tr\/#website","url":"https:\/\/evangelische-beratung.com\/tr\/","name":"Evangelischer Regionalverband","description":"","publisher":{"@id":"https:\/\/evangelische-beratung.com\/tr\/#organization"},"potentialAction":[{"@type":"SearchAction","target":{"@type":"EntryPoint","urlTemplate":"https:\/\/evangelische-beratung.com\/tr\/?s={search_term_string}"},"query-input":{"@type":"PropertyValueSpecification","valueRequired":true,"valueName":"search_term_string"}}],"inLanguage":"tr"},{"@type":"Organization","@id":"https:\/\/evangelische-beratung.com\/tr\/#organization","name":"Evangelischer Regionalverband Frankfurt und Offenbach","url":"https:\/\/evangelische-beratung.com\/tr\/","logo":{"@type":"ImageObject","inLanguage":"tr","@id":"https:\/\/evangelische-beratung.com\/tr\/#\/schema\/logo\/image\/","url":"https:\/\/evangelische-beratung.com\/tr\/wp-content\/uploads\/sites\/8\/2019\/10\/erv-logo.png","contentUrl":"https:\/\/evangelische-beratung.com\/tr\/wp-content\/uploads\/sites\/8\/2019\/10\/erv-logo.png","width":1127,"height":595,"caption":"Evangelischer Regionalverband Frankfurt und Offenbach"},"image":{"@id":"https:\/\/evangelische-beratung.com\/tr\/#\/schema\/logo\/image\/"}}]}},"_links":{"self":[{"href":"https:\/\/evangelische-beratung.com\/tr\/wp-json\/wp\/v2\/pages\/326","targetHints":{"allow":["GET"]}}],"collection":[{"href":"https:\/\/evangelische-beratung.com\/tr\/wp-json\/wp\/v2\/pages"}],"about":[{"href":"https:\/\/evangelische-beratung.com\/tr\/wp-json\/wp\/v2\/types\/page"}],"author":[{"embeddable":true,"href":"https:\/\/evangelische-beratung.com\/tr\/wp-json\/wp\/v2\/users\/5"}],"replies":[{"embeddable":true,"href":"https:\/\/evangelische-beratung.com\/tr\/wp-json\/wp\/v2\/comments?post=326"}],"version-history":[{"count":5,"href":"https:\/\/evangelische-beratung.com\/tr\/wp-json\/wp\/v2\/pages\/326\/revisions"}],"predecessor-version":[{"id":1579,"href":"https:\/\/evangelische-beratung.com\/tr\/wp-json\/wp\/v2\/pages\/326\/revisions\/1579"}],"up":[{"embeddable":true,"href":"https:\/\/evangelische-beratung.com\/tr\/wp-json\/wp\/v2\/pages\/40"}],"wp:featuredmedia":[{"embeddable":true,"href":"https:\/\/evangelische-beratung.com\/tr\/wp-json\/wp\/v2\/media\/36"}],"wp:attachment":[{"href":"https:\/\/evangelische-beratung.com\/tr\/wp-json\/wp\/v2\/media?parent=326"}],"curies":[{"name":"wp","href":"https:\/\/api.w.org\/{rel}","templated":true}]}}