{"id":292,"date":"2019-08-16T16:07:45","date_gmt":"2019-08-16T14:07:45","guid":{"rendered":"https:\/\/evangelische-beratung.com\/tr\/?page_id=292"},"modified":"2020-03-24T12:34:16","modified_gmt":"2020-03-24T11:34:16","slug":"schulungen","status":"publish","type":"page","link":"https:\/\/evangelische-beratung.com\/tr\/migration-flucht\/schulungen\/","title":{"rendered":"Hizmeti\u00e7i E\u011fitimler"},"content":{"rendered":"\n<p class=\"is-style-teaser\">S\u0131\u011f\u0131nmac\u0131larla \u00e7al\u0131\u015fmada, G\u00f6n\u00fcll\u00fc ve pedagojik  \u0130\u015f alanlar\u0131na   y\u00f6nelik,  profesyonel olarak sa\u011fl\u0131kl\u0131, Hizmeti\u00e7i E\u011fitimleri sunuyoruz.<\/p>\n\n\n\n<div class=\"wp-block-erv-container -has-background\">\n<h2 class=\"wp-block-heading\" style=\"text-align:left\">Hizmeti\u00e7i E\u011fitim tekliflerimiz<\/h2>\n\n\n\n<h4 class=\"wp-block-heading\">Travmatik olaylara maruz kalm\u0131\u015f insanlarla ba\u015fa \u00e7\u0131kmak <\/h4>\n\n\n\n<p>Almanya gelen \u00e7o\u011fu S\u0131\u011f\u0131nmac\u0131lar, ruhsal  olarak stresli, genellikle b\u00fcy\u00fck travmatik olaylara maruz kalm\u0131\u015flard\u0131r. Travmatik olaylara maruz kalan ki\u015filerle \u00e7al\u0131\u015fabilmeniz i\u00e7in, size konuda de\u011ferli bilgi ve istikrar y\u00f6ntemleri tedarik ediyoruz.  <\/p>\n\n\n\n<h3 class=\"wp-block-heading\"> G\u00f6n\u00fcll\u00fcler i\u00e7in <strong>Teklifler<\/strong><\/h3>\n\n\n\n<ul class=\"wp-block-list\"><li>Travma nedir ve Travmay\u0131 nas\u0131l anlar\u0131m?  <\/li><li>Travmatik olaylara maruz kalan ki\u015filere nas\u0131l destek verebilirim?  <\/li><li>S\u0131\u011f\u0131nmac\u0131lar\u0131n, profesyonel yard\u0131ma ne zaman ihtiya\u00e7 duyarlar? ilticaya ba\u015fvuru s\u00fcreci nas\u0131l y\u00fcr\u00fct\u00fcl\u00fcr?<\/li><li>Kendi G\u00fc\u00e7 ve kaynaklar\u0131mla, \u00fcstesinden nas\u0131l ba\u015fa \u00e7\u0131kabilirim?<\/li><\/ul>\n\n\n\n<p>Yetenek mod\u00fcllerimiz, g\u00f6n\u00fcll\u00fclere, bu ve buna benzer di\u011fer sorularda, de\u011ferli bilgi ve y\u00f6ntemler sa\u011flar. Sunaca\u011f\u0131m\u0131z b\u00f6ylesi de\u011ferli bilgi ve y\u00f6ntemler, sizi Travmatik olaylara maruz kalan ki\u015filerle \u00e7al\u0131\u015fmaya haz\u0131rlar ve \u00e7al\u0131\u015fmada kendi istikrar\u0131n\u0131z\u0131 sa\u011flar.<\/p>\n\n\n\n<p>Kay\u0131t, sunulan t\u00fcm seri mod\u00fclleri i\u00e7in oldu\u011fu gibi bireysel mod\u00fcller i\u00e7in de m\u00fcmk\u00fcnd\u00fcr. Bireysel mod\u00fcllere kat\u0131l\u0131m \u00fccretsizdir. <\/p>\n\n\n\n<h3 class=\"wp-block-heading\">1. Mod\u00fcl<\/h3>\n\n\n\n<h4 class=\"wp-block-heading\">Travma, S\u0131\u011f\u0131nma, istikrar y\u00f6ntemleri <\/h4>\n\n\n\n<p>Cumartesi<strong>, 27.3.2020 \u2013 Saat 10:00 ile 17:00 aras<\/strong>\u0131<strong>, Frankfurt\/Main (Innenstadt)<\/strong> <br>S\u0131\u011f\u0131nma ba\u011flam\u0131nda, travma Belirtiler ve travman\u0131n gidi\u015fat konusunda ki bilginin yan\u0131 s\u0131ra, istikrar ve \u00f6zkaynak geli\u015ftirilmesi hakk\u0131nda da bilgi verilmektedir. Yap\u0131lacak  al\u0131\u015ft\u0131rmalar da, bunlar\u0131 sanki ki\u015fisel ya\u015fam\u0131\u015f gibi, g\u00f6sterilecektir. <\/p>\n\n\n\n<p><strong>E<\/strong>\u011f<strong>itimi veren:<\/strong> Marie R\u00f6ssel-\u010cunovi\u0107, Diplom-P\u00e4dagogin, Supervisorin und Systemische Therapeutin mit dem Schwerpunkt Flucht und Trauma <br><em>Verbindliche Anmeldung bis 20.3.2020<\/em><\/p>\n\n\n\n<h3 class=\"wp-block-heading\">2. Mod\u00fcl<\/h3>\n\n\n\n<h4 class=\"wp-block-heading\"><strong>K\u00fclt\u00fcrsel hassasiyetli ileti\u015fim ve \u00f6z-fark\u0131ndal\u0131k y\u00f6ntemleri<\/strong><\/h4>\n\n\n\n<p>Cumartesi<strong>, 6.6.2020 \u2013 Saat 10:00 ile 17:00 aras<\/strong>\u0131<strong>, Frankfurt\/Main (Innenstadt)<\/strong> <br>S\u0131\u011f\u0131nmac\u0131larla ileti\u015fim, bir\u00e7ok farkl\u0131 \u00f6zelli\u011fi de beraberinde getirir. Ayr\u0131ca, verilecek Giri\u015fler (Input) ve al\u0131\u015ft\u0131rmalar arac\u0131l\u0131\u011f\u0131yla k\u00fclt\u00fcrsel duyarl\u0131 ileti\u015fimin temellerini tan\u0131taca\u011f\u0131z. Bunlara ek olarak, \u00d6z-kaynaklar\u0131n g\u00fc\u00e7lendirilmesi i\u00e7in ve stres s\u0131n\u0131r\u0131 g\u00f6z ard\u0131 edilmeksizin, \u00f6z-fark\u0131ndal\u0131k ve Yans\u0131tma y\u00f6ntemleri sunulacakt\u0131r.  <\/p>\n\n\n\n<p><strong>E<\/strong>\u011f<strong>itimi veren:<\/strong> Cornelia Spohn, Diplom-P\u00e4dagogin und Supervisorin <br><em>Verbindliche Anmeldung bis 22.5.2020<\/em><\/p>\n\n\n\n<h3 class=\"wp-block-heading\">3. Mod\u00fcl<\/h3>\n\n\n\n<h4 class=\"wp-block-heading\">\u0130ltica Prosed\u00fcr\u00fc ve g\u00fcvenli\/g\u00fcvensiz \u0130kamet<\/h4>\n\n\n\n<p>Cumartesi,<b> 12.9.2020 \u2013 saat 10:00 bis 17:00 <\/b><strong>aras<\/strong>\u0131<strong>,<\/strong><b> Frankfurt\/Main (Innenstadt)<\/b> <br>\u0130ltica, ikamet ve sosyal hukuk d\u00fczenlemeleri hakk\u0131nda bir fikir edineceksiniz. Bilhassa, Travmatik olaylara maruz kalm\u0131\u015f ki\u015fi, sonucu hen\u00fcz belli olmayan bir ya\u015fam durumunda, Travma semptomlar\u0131 \u015fiddetlenir ve hatta Travmay\u0131 ba\u015flatabilir.<\/p>\n\n\n\n<p><strong>E<\/strong>\u011f<strong>itimi veren:<\/strong> Barbara Lueken, Verfahrensberaterin, Evangelischer Regionalverband Frankfurt und Offenbach <em>Verbindliche Anmeldung bis 27.8.2020<\/em><\/p>\n\n\n\n<p><\/p>\n\n\n\n<h3 class=\"wp-block-heading\"><strong>Angebote f\u00fcr p\u00e4dagogische Fachkr\u00e4fte<\/strong><\/h3>\n\n\n\n<p>Die Arbeit mit psychisch belasteten, traumatisierten Gefl\u00fcchteten stellt Menschen in sozialen Einrichtungen und Beh\u00f6rden vor viele Fragen:<\/p>\n\n\n\n<ul class=\"wp-block-list\"><li>Travma nedir ve Travmay\u0131 nas\u0131l anlar\u0131m?  <\/li><li>S\u0131\u011f\u0131nmac\u0131lar\u0131n, profesyonel yard\u0131ma ne zaman ihtiya\u00e7 duyarlar?<\/li><li>Uygun terapi yeri nas\u0131l bulunur?<\/li><\/ul>\n\n\n\n<p>Unser Angebot beantwortet diese Fragen und bietet in einem Tagesseminar wertvolles Wissen f\u00fcr Fachkr\u00e4fte, die als Sozialp\u00e4dagog*innen, Erzieher*innen, Berater*innen oder in anderen Berufen mit Gefl\u00fcchteten arbeiten.  <\/p>\n<\/div>\n\n\n\n<p>Der Verbund Psychosoziales Zentrum Rhein-Main Hilfe f\u00fcr\nGefl\u00fcchtete ist eine Kooperation von: Evangelischer Regionalverband Frankfurt\nam Main e. V., FATRA e. V., Sigmund-Freud-Institut, Frankfurter\nPsychoanalytisches Institut e. V. und Anna-Freud-Institut und wird gef\u00f6rdert\nvom Hessischen Ministerium f\u00fcr Soziales und Integration.<\/p>\n\n\n\n<div class=\"wp-block-columns has-2-columns is-layout-flex wp-container-core-columns-is-layout-9d6595d7 wp-block-columns-is-layout-flex\">\n<div class=\"wp-block-column is-layout-flow wp-block-column-is-layout-flow\"><div class=\"wp-block-erv-tile \">\n\t\t\t<div>\n\t\t\t<a href=\"https:\/\/www.psv-rhein-main.de\/\" tabindex=\"-1\" aria-hidden=\"true\"  target=\"_blank\"><\/a>\n\t\t\t<h2 class=\"tile-title\"><a href=\"https:\/\/www.psv-rhein-main.de\/\"  target=\"_blank\">Verbund Psychosoziales Zentrum Rhein-Main<\/a><\/h2>\n\t\t\t\n\t\t\t<p aria-hidden=\"true\" class=\"-is-micro\">Go to website<svg xmlns=\"http:\/\/www.w3.org\/2000\/svg\" viewBox=\"0 0 13 10\"><path d=\"M1.5 5H12M8 1l4 4-4 4\" fill=\"none\" stroke=\"#a22a45\" stroke-width=\"1.2\" stroke-linecap=\"round\" stroke-linejoin=\"round\"\/><\/svg><\/p>\n\t\t\t<\/div>\n\t\t<\/div>\n\n\n<p><\/p>\n<\/div>\n\n\n\n<div class=\"wp-block-column is-layout-flow wp-block-column-is-layout-flow\"><\/div>\n<\/div>\n\n\n\n<p style=\"text-align:center\" class=\"is-style-roof-line\">Kay\u0131tlar i\u00e7in:<\/p>\n\n\n\n<div class=\"wp-block-columns alignwide has-3-columns is-layout-flex wp-container-core-columns-is-layout-9d6595d7 wp-block-columns-is-layout-flex\">\n<div class=\"wp-block-column is-layout-flow wp-block-column-is-layout-flow\">\n<div class=\"wp-block-erv-id-card\"><div class=\"id-card-content\"><figure class=\"id-card-photo\"><img decoding=\"async\" src=\"https:\/\/evangelische-beratung.com\/tr\/wp-content\/uploads\/sites\/8\/2020\/01\/Petra-Buschkaemper_Verwaltung-Mentorenprogramm-SOCIUS-300x200.jpg\" \/><\/figure><div class=\"id-card-details\"><p class=\"id-card-name\">Petra Buschk\u00e4mper<\/p><p class=\"id-card-job\">Sekretariat<\/p><p class=\"id-card-location\">Frankfurt<\/p><p class=\"id-card-phone\">069 \/ 53 02 225<\/p><p class=\"id-card-email\"><a href=\"&#x6d;&#x61;&#x69;&#x6c;&#x74;&#x6f;&#x3a;&#x65;&#x68;&#x72;&#x65;&#110;&#97;&#109;&#116;&#46;&#102;&#108;ucht&#64;f&#x72;&#x61;&#x6e;&#x6b;&#x66;&#x75;&#x72;&#x74;&#x2d;&#x65;&#x76;&#x61;&#110;&#103;&#101;&#108;&#105;&#115;&#99;h&#46;de\">E-Mail<\/a><\/p><\/div><\/div><\/div>\n<\/div>\n\n\n\n<div class=\"wp-block-column is-layout-flow wp-block-column-is-layout-flow\">\n<div class=\"wp-block-erv-id-card\"><div class=\"id-card-content\"><figure class=\"id-card-photo\"><img decoding=\"async\" src=\"https:\/\/evangelische-beratung.com\/wp-content\/uploads\/2019\/08\/Silja-Dickemann_Mentorenprogramm-Socius_neu-2-e1576340074599-240x300.jpg\" \/><\/figure><div class=\"id-card-details\"><p class=\"id-card-name\">Silja Dickemann <\/p><p class=\"id-card-job\">Leitung<\/p><p class=\"id-card-location\">Frankfurt<\/p><p class=\"id-card-phone\">069 \/ 53 02 161<\/p><p class=\"id-card-email\"><a href=\"&#109;&#x61;&#105;&#x6c;&#116;&#x6f;&#58;&#x65;&#104;&#x72;&#101;&#x6e;&#97;&#x6d;&#116;&#x2e;&#102;&#x6c;&#117;&#x63;&#104;&#x74;&#64;&#x66;&#114;&#x61;&#110;&#x6b;&#102;&#x75;&#114;&#x74;&#45;&#x65;&#118;&#x61;&#110;&#x67;&#101;&#x6c;&#105;&#x73;&#99;&#x68;&#46;&#x64;&#101;\">E-Mail<\/a><\/p><\/div><\/div><\/div>\n<\/div>\n\n\n\n<div class=\"wp-block-column is-layout-flow wp-block-column-is-layout-flow\">\n<div class=\"wp-block-erv-id-card\"><div class=\"id-card-content\"><figure class=\"id-card-photo\"><img decoding=\"async\" src=\"https:\/\/evangelische-beratung.com\/wp-content\/uploads\/2022\/03\/FotoSinaArndt_.jpg\"\/><\/figure><div class=\"id-card-details\"><p class=\"id-card-name\">Sina Tamar Arndt<\/p><p class=\"id-card-job\">P\u00e4dagogische Mitarbeiterin<\/p><p class=\"id-card-location\">Frankfurt<\/p><p class=\"id-card-phone\">069 \/ 53 02 162<\/p><p class=\"id-card-email\"><a href=\"&#109;&#x61;i&#x6c;&#x74;&#111;&#x3a;e&#x68;&#x72;&#101;&#x6e;a&#x6d;&#x74;&#46;&#x66;l&#x75;&#x63;&#104;&#x74;&#64;&#x66;&#x72;&#97;&#x6e;k&#x66;&#x75;&#114;&#x74;-&#x65;&#x76;&#97;&#x6e;g&#x65;&#x6c;&#105;&#x73;c&#x68;&#x2e;&#100;&#x65;\">E-Mail<\/a><\/p><\/div><\/div><\/div>\n<\/div>\n<\/div>\n","protected":false},"excerpt":{"rendered":"<p>S\u0131\u011f\u0131nmac\u0131larla \u00e7al\u0131\u015fmada, G\u00f6n\u00fcll\u00fc ve pedagojik \u0130\u015f alanlar\u0131na y\u00f6nelik, profesyonel olarak sa\u011fl\u0131kl\u0131, Hizmeti\u00e7i E\u011fitimleri sunuyoruz. Der Verbund Psychosoziales Zentrum Rhein-Main Hilfe f\u00fcr Gefl\u00fcchtete ist eine Kooperation von: Evangelischer Regionalverband Frankfurt am Main e. V., FATRA e. V., Sigmund-Freud-Institut, Frankfurter Psychoanalytisches Institut e. V. und Anna-Freud-Institut und wird gef\u00f6rdert vom Hessischen Ministerium f\u00fcr Soziales und Integration. Kay\u0131tlar [&hellip;]<\/p>\n","protected":false},"author":5,"featured_media":36,"parent":16,"menu_order":0,"comment_status":"closed","ping_status":"closed","template":"","meta":{"footnotes":""},"class_list":["post-292","page","type-page","status-publish","has-post-thumbnail","hentry"],"yoast_head":"<!-- This site is optimized with the Yoast SEO plugin v27.3 - https:\/\/yoast.com\/product\/yoast-seo-wordpress\/ -->\n<title>Schulungen f\u00fcr Ehrenamtliche u. p\u00e4dagogische Fachkr\u00e4fte in Frankfurt<\/title>\n<meta name=\"description\" content=\"Wir bieten Ihnen fachlich fundierte Schulungen f\u00fcr die ehrenamtliche und p\u00e4dagogische Arbeit mit Gefl\u00fcchteten. Kontaktieren Sie uns.\" \/>\n<meta name=\"robots\" content=\"index, follow, max-snippet:-1, max-image-preview:large, max-video-preview:-1\" \/>\n<link rel=\"canonical\" href=\"https:\/\/evangelische-beratung.com\/tr\/migration-flucht\/schulungen\/\" \/>\n<meta property=\"og:locale\" content=\"tr_TR\" \/>\n<meta property=\"og:type\" content=\"article\" \/>\n<meta property=\"og:title\" content=\"Schulungen f\u00fcr Ehrenamtliche u. p\u00e4dagogische Fachkr\u00e4fte in Frankfurt\" \/>\n<meta property=\"og:description\" content=\"Wir bieten Ihnen fachlich fundierte Schulungen f\u00fcr die ehrenamtliche und p\u00e4dagogische Arbeit mit Gefl\u00fcchteten. Kontaktieren Sie uns.\" \/>\n<meta property=\"og:url\" content=\"https:\/\/evangelische-beratung.com\/tr\/migration-flucht\/schulungen\/\" \/>\n<meta property=\"og:site_name\" content=\"Evangelischer Regionalverband\" \/>\n<meta property=\"article:modified_time\" content=\"2020-03-24T11:34:16+00:00\" \/>\n<meta property=\"og:image\" content=\"https:\/\/evangelische-beratung.com\/tr\/wp-content\/uploads\/sites\/8\/2019\/07\/humberto-chavez-Ilo0ZD5o-q8-unsplash.jpg\" \/>\n\t<meta property=\"og:image:width\" content=\"1800\" \/>\n\t<meta property=\"og:image:height\" content=\"1200\" \/>\n\t<meta property=\"og:image:type\" content=\"image\/jpeg\" \/>\n<meta name=\"twitter:card\" content=\"summary_large_image\" \/>\n<meta name=\"twitter:label1\" content=\"Tahmini okuma s\u00fcresi\" \/>\n\t<meta name=\"twitter:data1\" content=\"3 dakika\" \/>\n<script type=\"application\/ld+json\" class=\"yoast-schema-graph\">{\"@context\":\"https:\\\/\\\/schema.org\",\"@graph\":[{\"@type\":\"WebPage\",\"@id\":\"https:\\\/\\\/evangelische-beratung.com\\\/tr\\\/migration-flucht\\\/schulungen\\\/\",\"url\":\"https:\\\/\\\/evangelische-beratung.com\\\/tr\\\/migration-flucht\\\/schulungen\\\/\",\"name\":\"Schulungen f\u00fcr Ehrenamtliche u. p\u00e4dagogische Fachkr\u00e4fte in Frankfurt\",\"isPartOf\":{\"@id\":\"https:\\\/\\\/evangelische-beratung.com\\\/tr\\\/#website\"},\"primaryImageOfPage\":{\"@id\":\"https:\\\/\\\/evangelische-beratung.com\\\/tr\\\/migration-flucht\\\/schulungen\\\/#primaryimage\"},\"image\":{\"@id\":\"https:\\\/\\\/evangelische-beratung.com\\\/tr\\\/migration-flucht\\\/schulungen\\\/#primaryimage\"},\"thumbnailUrl\":\"https:\\\/\\\/evangelische-beratung.com\\\/tr\\\/wp-content\\\/uploads\\\/sites\\\/8\\\/2019\\\/07\\\/humberto-chavez-Ilo0ZD5o-q8-unsplash.jpg\",\"datePublished\":\"2019-08-16T14:07:45+00:00\",\"dateModified\":\"2020-03-24T11:34:16+00:00\",\"description\":\"Wir bieten Ihnen fachlich fundierte Schulungen f\u00fcr die ehrenamtliche und p\u00e4dagogische Arbeit mit Gefl\u00fcchteten. Kontaktieren Sie uns.\",\"breadcrumb\":{\"@id\":\"https:\\\/\\\/evangelische-beratung.com\\\/tr\\\/migration-flucht\\\/schulungen\\\/#breadcrumb\"},\"inLanguage\":\"tr\",\"potentialAction\":[{\"@type\":\"ReadAction\",\"target\":[\"https:\\\/\\\/evangelische-beratung.com\\\/tr\\\/migration-flucht\\\/schulungen\\\/\"]}]},{\"@type\":\"ImageObject\",\"inLanguage\":\"tr\",\"@id\":\"https:\\\/\\\/evangelische-beratung.com\\\/tr\\\/migration-flucht\\\/schulungen\\\/#primaryimage\",\"url\":\"https:\\\/\\\/evangelische-beratung.com\\\/tr\\\/wp-content\\\/uploads\\\/sites\\\/8\\\/2019\\\/07\\\/humberto-chavez-Ilo0ZD5o-q8-unsplash.jpg\",\"contentUrl\":\"https:\\\/\\\/evangelische-beratung.com\\\/tr\\\/wp-content\\\/uploads\\\/sites\\\/8\\\/2019\\\/07\\\/humberto-chavez-Ilo0ZD5o-q8-unsplash.jpg\",\"width\":1800,\"height\":1200},{\"@type\":\"BreadcrumbList\",\"@id\":\"https:\\\/\\\/evangelische-beratung.com\\\/tr\\\/migration-flucht\\\/schulungen\\\/#breadcrumb\",\"itemListElement\":[{\"@type\":\"ListItem\",\"position\":1,\"name\":\"Startseite\",\"item\":\"https:\\\/\\\/evangelische-beratung.com\\\/tr\\\/\"},{\"@type\":\"ListItem\",\"position\":2,\"name\":\"G\u00f6\u00e7 ve S\u0131\u011f\u0131nma\",\"item\":\"https:\\\/\\\/evangelische-beratung.com\\\/tr\\\/migration-flucht\\\/\"},{\"@type\":\"ListItem\",\"position\":3,\"name\":\"Hizmeti\u00e7i E\u011fitimler\"}]},{\"@type\":\"WebSite\",\"@id\":\"https:\\\/\\\/evangelische-beratung.com\\\/tr\\\/#website\",\"url\":\"https:\\\/\\\/evangelische-beratung.com\\\/tr\\\/\",\"name\":\"Evangelischer Regionalverband\",\"description\":\"\",\"publisher\":{\"@id\":\"https:\\\/\\\/evangelische-beratung.com\\\/tr\\\/#organization\"},\"potentialAction\":[{\"@type\":\"SearchAction\",\"target\":{\"@type\":\"EntryPoint\",\"urlTemplate\":\"https:\\\/\\\/evangelische-beratung.com\\\/tr\\\/?s={search_term_string}\"},\"query-input\":{\"@type\":\"PropertyValueSpecification\",\"valueRequired\":true,\"valueName\":\"search_term_string\"}}],\"inLanguage\":\"tr\"},{\"@type\":\"Organization\",\"@id\":\"https:\\\/\\\/evangelische-beratung.com\\\/tr\\\/#organization\",\"name\":\"Evangelischer Regionalverband Frankfurt und Offenbach\",\"url\":\"https:\\\/\\\/evangelische-beratung.com\\\/tr\\\/\",\"logo\":{\"@type\":\"ImageObject\",\"inLanguage\":\"tr\",\"@id\":\"https:\\\/\\\/evangelische-beratung.com\\\/tr\\\/#\\\/schema\\\/logo\\\/image\\\/\",\"url\":\"https:\\\/\\\/evangelische-beratung.com\\\/tr\\\/wp-content\\\/uploads\\\/sites\\\/8\\\/2019\\\/10\\\/erv-logo.png\",\"contentUrl\":\"https:\\\/\\\/evangelische-beratung.com\\\/tr\\\/wp-content\\\/uploads\\\/sites\\\/8\\\/2019\\\/10\\\/erv-logo.png\",\"width\":1127,\"height\":595,\"caption\":\"Evangelischer Regionalverband Frankfurt und Offenbach\"},\"image\":{\"@id\":\"https:\\\/\\\/evangelische-beratung.com\\\/tr\\\/#\\\/schema\\\/logo\\\/image\\\/\"}}]}<\/script>\n<!-- \/ Yoast SEO plugin. -->","yoast_head_json":{"title":"Schulungen f\u00fcr Ehrenamtliche u. p\u00e4dagogische Fachkr\u00e4fte in Frankfurt","description":"Wir bieten Ihnen fachlich fundierte Schulungen f\u00fcr die ehrenamtliche und p\u00e4dagogische Arbeit mit Gefl\u00fcchteten. Kontaktieren Sie uns.","robots":{"index":"index","follow":"follow","max-snippet":"max-snippet:-1","max-image-preview":"max-image-preview:large","max-video-preview":"max-video-preview:-1"},"canonical":"https:\/\/evangelische-beratung.com\/tr\/migration-flucht\/schulungen\/","og_locale":"tr_TR","og_type":"article","og_title":"Schulungen f\u00fcr Ehrenamtliche u. p\u00e4dagogische Fachkr\u00e4fte in Frankfurt","og_description":"Wir bieten Ihnen fachlich fundierte Schulungen f\u00fcr die ehrenamtliche und p\u00e4dagogische Arbeit mit Gefl\u00fcchteten. Kontaktieren Sie uns.","og_url":"https:\/\/evangelische-beratung.com\/tr\/migration-flucht\/schulungen\/","og_site_name":"Evangelischer Regionalverband","article_modified_time":"2020-03-24T11:34:16+00:00","og_image":[{"width":1800,"height":1200,"url":"https:\/\/evangelische-beratung.com\/tr\/wp-content\/uploads\/sites\/8\/2019\/07\/humberto-chavez-Ilo0ZD5o-q8-unsplash.jpg","type":"image\/jpeg"}],"twitter_card":"summary_large_image","twitter_misc":{"Tahmini okuma s\u00fcresi":"3 dakika"},"schema":{"@context":"https:\/\/schema.org","@graph":[{"@type":"WebPage","@id":"https:\/\/evangelische-beratung.com\/tr\/migration-flucht\/schulungen\/","url":"https:\/\/evangelische-beratung.com\/tr\/migration-flucht\/schulungen\/","name":"Schulungen f\u00fcr Ehrenamtliche u. p\u00e4dagogische Fachkr\u00e4fte in Frankfurt","isPartOf":{"@id":"https:\/\/evangelische-beratung.com\/tr\/#website"},"primaryImageOfPage":{"@id":"https:\/\/evangelische-beratung.com\/tr\/migration-flucht\/schulungen\/#primaryimage"},"image":{"@id":"https:\/\/evangelische-beratung.com\/tr\/migration-flucht\/schulungen\/#primaryimage"},"thumbnailUrl":"https:\/\/evangelische-beratung.com\/tr\/wp-content\/uploads\/sites\/8\/2019\/07\/humberto-chavez-Ilo0ZD5o-q8-unsplash.jpg","datePublished":"2019-08-16T14:07:45+00:00","dateModified":"2020-03-24T11:34:16+00:00","description":"Wir bieten Ihnen fachlich fundierte Schulungen f\u00fcr die ehrenamtliche und p\u00e4dagogische Arbeit mit Gefl\u00fcchteten. Kontaktieren Sie uns.","breadcrumb":{"@id":"https:\/\/evangelische-beratung.com\/tr\/migration-flucht\/schulungen\/#breadcrumb"},"inLanguage":"tr","potentialAction":[{"@type":"ReadAction","target":["https:\/\/evangelische-beratung.com\/tr\/migration-flucht\/schulungen\/"]}]},{"@type":"ImageObject","inLanguage":"tr","@id":"https:\/\/evangelische-beratung.com\/tr\/migration-flucht\/schulungen\/#primaryimage","url":"https:\/\/evangelische-beratung.com\/tr\/wp-content\/uploads\/sites\/8\/2019\/07\/humberto-chavez-Ilo0ZD5o-q8-unsplash.jpg","contentUrl":"https:\/\/evangelische-beratung.com\/tr\/wp-content\/uploads\/sites\/8\/2019\/07\/humberto-chavez-Ilo0ZD5o-q8-unsplash.jpg","width":1800,"height":1200},{"@type":"BreadcrumbList","@id":"https:\/\/evangelische-beratung.com\/tr\/migration-flucht\/schulungen\/#breadcrumb","itemListElement":[{"@type":"ListItem","position":1,"name":"Startseite","item":"https:\/\/evangelische-beratung.com\/tr\/"},{"@type":"ListItem","position":2,"name":"G\u00f6\u00e7 ve S\u0131\u011f\u0131nma","item":"https:\/\/evangelische-beratung.com\/tr\/migration-flucht\/"},{"@type":"ListItem","position":3,"name":"Hizmeti\u00e7i E\u011fitimler"}]},{"@type":"WebSite","@id":"https:\/\/evangelische-beratung.com\/tr\/#website","url":"https:\/\/evangelische-beratung.com\/tr\/","name":"Evangelischer Regionalverband","description":"","publisher":{"@id":"https:\/\/evangelische-beratung.com\/tr\/#organization"},"potentialAction":[{"@type":"SearchAction","target":{"@type":"EntryPoint","urlTemplate":"https:\/\/evangelische-beratung.com\/tr\/?s={search_term_string}"},"query-input":{"@type":"PropertyValueSpecification","valueRequired":true,"valueName":"search_term_string"}}],"inLanguage":"tr"},{"@type":"Organization","@id":"https:\/\/evangelische-beratung.com\/tr\/#organization","name":"Evangelischer Regionalverband Frankfurt und Offenbach","url":"https:\/\/evangelische-beratung.com\/tr\/","logo":{"@type":"ImageObject","inLanguage":"tr","@id":"https:\/\/evangelische-beratung.com\/tr\/#\/schema\/logo\/image\/","url":"https:\/\/evangelische-beratung.com\/tr\/wp-content\/uploads\/sites\/8\/2019\/10\/erv-logo.png","contentUrl":"https:\/\/evangelische-beratung.com\/tr\/wp-content\/uploads\/sites\/8\/2019\/10\/erv-logo.png","width":1127,"height":595,"caption":"Evangelischer Regionalverband Frankfurt und Offenbach"},"image":{"@id":"https:\/\/evangelische-beratung.com\/tr\/#\/schema\/logo\/image\/"}}]}},"_links":{"self":[{"href":"https:\/\/evangelische-beratung.com\/tr\/wp-json\/wp\/v2\/pages\/292","targetHints":{"allow":["GET"]}}],"collection":[{"href":"https:\/\/evangelische-beratung.com\/tr\/wp-json\/wp\/v2\/pages"}],"about":[{"href":"https:\/\/evangelische-beratung.com\/tr\/wp-json\/wp\/v2\/types\/page"}],"author":[{"embeddable":true,"href":"https:\/\/evangelische-beratung.com\/tr\/wp-json\/wp\/v2\/users\/5"}],"replies":[{"embeddable":true,"href":"https:\/\/evangelische-beratung.com\/tr\/wp-json\/wp\/v2\/comments?post=292"}],"version-history":[{"count":5,"href":"https:\/\/evangelische-beratung.com\/tr\/wp-json\/wp\/v2\/pages\/292\/revisions"}],"predecessor-version":[{"id":1416,"href":"https:\/\/evangelische-beratung.com\/tr\/wp-json\/wp\/v2\/pages\/292\/revisions\/1416"}],"up":[{"embeddable":true,"href":"https:\/\/evangelische-beratung.com\/tr\/wp-json\/wp\/v2\/pages\/16"}],"wp:featuredmedia":[{"embeddable":true,"href":"https:\/\/evangelische-beratung.com\/tr\/wp-json\/wp\/v2\/media\/36"}],"wp:attachment":[{"href":"https:\/\/evangelische-beratung.com\/tr\/wp-json\/wp\/v2\/media?parent=292"}],"curies":[{"name":"wp","href":"https:\/\/api.w.org\/{rel}","templated":true}]}}