{"id":283,"date":"2019-08-16T15:27:13","date_gmt":"2019-08-16T13:27:13","guid":{"rendered":"https:\/\/evangelische-beratung.com\/tr\/?page_id=283"},"modified":"2020-03-06T20:47:31","modified_gmt":"2020-03-06T19:47:31","slug":"krisenintervention-schnelle-hilfe","status":"publish","type":"page","link":"https:\/\/evangelische-beratung.com\/tr\/migration-flucht\/krisenintervention-schnelle-hilfe\/","title":{"rendered":"Kriz durum m\u00fcdahalesi ve acil yard\u0131m"},"content":{"rendered":"\n<p class=\"is-style-teaser\">Beklenmedik acil bir durum veya acil yard\u0131ma m\u0131 ihtiyac\u0131n\u0131z var?<\/p>\n\n\n\n<p>Bizimle hemen irtibata ge\u00e7in! Acil ve kolay bir \u015fekilde hemen randevu alacaks\u0131n\u0131z.<br> Birlikte bir \u00c7\u00f6z\u00fcm yolu buluruz. <\/p>\n\n\n\n<p> Bu Dan\u0131\u015fma \u00fccretsiz olup g\u00f6n\u00fcll\u00fcl\u00fck ve gizlilik esas\u0131na dayan\u0131r.   <\/p>\n\n\n\n<p style=\"text-align:center\" class=\"is-style-roof-line\">Randevu almak  i\u00e7in  ileti\u015fim<\/p>\n\n\n\n<div class=\"wp-block-columns alignwide has-3-columns is-layout-flex wp-container-core-columns-is-layout-9d6595d7 wp-block-columns-is-layout-flex\">\n<div class=\"wp-block-column is-layout-flow wp-block-column-is-layout-flow\">\n<div class=\"wp-block-erv-id-card\"><div class=\"id-card-content\"><figure class=\"id-card-photo\"><img decoding=\"async\" src=\"https:\/\/evangelische-beratung.com\/wp-content\/uploads\/2025\/01\/29112024CarolinAbraham05-300x200.jpeg\" \/><\/figure><div class=\"id-card-details\"><p class=\"id-card-name\">Carolin Abraham<\/p><p class=\"id-card-job\">Beratung<\/p><p class=\"id-card-location\">Frankfurt<\/p><p class=\"id-card-phone\">069 \/ 53 02 291<\/p><p class=\"id-card-email\"><a href=\"&#x6d;&#97;&#x69;&#x6c;t&#x6f;&#58;f&#x6c;&#117;e&#x63;&#104;&#x74;&#x6c;i&#x6e;&#103;s&#x62;&#101;r&#x61;&#116;&#x75;&#x6e;&#103;&#x40;&#x66;r&#x61;&#110;k&#x66;&#117;r&#x74;&#45;&#x65;&#x76;a&#x6e;&#103;e&#x6c;&#105;s&#x63;&#104;&#x2e;&#x64;&#101;\">E-Mail<\/a><\/p><\/div><\/div><\/div>\n\n\n\n<div class=\"wp-block-erv-id-card\"><div class=\"id-card-content\"><figure class=\"id-card-photo\"><img decoding=\"async\" src=\"https:\/\/evangelische-beratung.com\/wp-content\/uploads\/2023\/09\/EWA-Maksym-Akdogan-212x300.png\" \/><\/figure><div class=\"id-card-details\"><p class=\"id-card-name\">Ewa Maksym-Akdogan<\/p><p class=\"id-card-job\">Sekretariat<\/p><p class=\"id-card-location\">Frankfurt<\/p><p class=\"id-card-phone\">069 \/ 53 02 159<\/p><p class=\"id-card-email\"><a href=\"&#x6d;&#x61;&#105;l&#x74;&#x6f;&#x3a;&#109;i&#x67;&#x72;&#x61;&#116;i&#x6f;&#x6e;&#x73;&#98;e&#x72;&#x61;&#x74;&#117;n&#x67;&#x40;&#x66;&#114;a&#x6e;&#x6b;&#x66;&#117;r&#x74;&#x2d;&#x65;&#118;a&#x6e;&#x67;&#x65;&#108;i&#x73;&#x63;&#x68;&#46;d&#x65;\">E-Mail<\/a><\/p><\/div><\/div><\/div>\n\n\n\n<div class=\"wp-block-erv-id-card\"><div class=\"id-card-content\"><figure class=\"id-card-photo\"><img decoding=\"async\" src=\"https:\/\/evangelische-beratung.com\/wp-content\/uploads\/2020\/01\/Miriam-Schwarz_Beratung-und-Therapie-fuer-Fluechtlinge-300x300.jpg\" \/><\/figure><div class=\"id-card-details\"><p class=\"id-card-name\">Miriam Schwarz<\/p><p class=\"id-card-job\">Beratung<\/p><p class=\"id-card-location\">Frankfurt<\/p><p class=\"id-card-phone\">069 \/ 53 02 291<\/p><p class=\"id-card-email\"><a href=\"&#x6d;&#x61;&#x69;&#x6c;&#x74;&#x6f;&#58;&#102;&#108;&#117;echt&#x6c;&#x69;&#x6e;&#x67;&#x73;&#x62;&#101;&#114;&#97;&#116;&#117;ng&#64;&#x66;&#x72;&#x61;&#x6e;&#x6b;&#x66;&#117;&#114;&#116;&#45;&#101;van&#x67;&#x65;&#x6c;&#x69;&#x73;&#x63;&#x68;&#46;&#100;&#101;\">E-Mail<\/a><\/p><\/div><\/div><\/div>\n<\/div>\n\n\n\n<div class=\"wp-block-column is-layout-flow wp-block-column-is-layout-flow\">\n<div class=\"wp-block-erv-id-card\"><div class=\"id-card-content\"><figure class=\"id-card-photo\"><img decoding=\"async\" src=\"https:\/\/evangelische-beratung.com\/tr\/wp-content\/uploads\/sites\/8\/2019\/08\/Farah-Haidari_Leitung-Sozialberatung-Migranten-300x200.jpg\" \/><\/figure><div class=\"id-card-details\"><p class=\"id-card-name\">Farah Haidari<\/p><p class=\"id-card-job\">Beratung<\/p><p class=\"id-card-location\">Frankfurt<\/p><p class=\"id-card-phone\">069 \/ 53 02 291<\/p><p class=\"id-card-email\"><a href=\"&#x6d;&#97;&#105;&#x6c;&#x74;&#111;&#58;&#x66;&#x61;&#114;&#97;&#x68;&#x2e;&#104;&#97;&#x69;&#x64;&#97;&#114;&#x69;&#x40;&#102;&#114;&#x61;&#x6e;&#107;&#102;&#x75;&#x72;&#116;&#45;&#x65;&#x76;&#97;&#110;&#x67;&#x65;&#108;&#105;&#x73;&#x63;&#104;&#46;&#x64;&#x65;\">E-Mail<\/a><\/p><\/div><\/div><\/div>\n\n\n\n<div class=\"wp-block-erv-id-card\"><div class=\"id-card-content\"><figure class=\"id-card-photo\"><img decoding=\"async\" src=\"https:\/\/evangelische-beratung.com\/wp-content\/uploads\/2020\/01\/portrait_platzhalter-1-300x300.jpg\" \/><\/figure><div class=\"id-card-details\"><p class=\"id-card-name\">Paulina Hassenrueck<\/p><p class=\"id-card-job\">Sekretariat <\/p><p class=\"id-card-location\">Ev. Beratungszentrum H\u00f6chst<\/p><p class=\"id-card-phone\">069 \/ 75 93 672 40<\/p><p class=\"id-card-email\"><a href=\"&#x6d;&#x61;&#105;l&#x74;&#x6f;&#58;mi&#x67;&#x72;&#97;t&#x69;&#x6f;&#110;&#115;b&#x65;&#x72;&#97;t&#x75;&#x6e;&#103;&#46;h&#x6f;&#x65;&#99;h&#x73;&#x74;&#64;&#102;r&#x61;&#x6e;&#107;f&#x75;&#x72;&#116;&#45;e&#x76;&#x61;&#110;g&#x65;&#x6c;&#x69;&#115;c&#x68;&#x2e;&#100;e\">E-Mail<\/a><\/p><\/div><\/div><\/div>\n\n\n\n<p><\/p>\n<\/div>\n\n\n\n<div class=\"wp-block-column is-layout-flow wp-block-column-is-layout-flow\">\n<div class=\"wp-block-erv-id-card\"><div class=\"id-card-content\"><figure class=\"id-card-photo\"><img decoding=\"async\" src=\"https:\/\/evangelische-beratung.com\/tr\/wp-content\/uploads\/sites\/8\/2020\/01\/Barbara-Lueken_Beratung-und-Therapie-fuer-Fluechtlinge_Neu-1-300x300.jpg\" \/><\/figure><div class=\"id-card-details\"><p class=\"id-card-name\">Barbara Lueken <\/p><p class=\"id-card-job\">Beratung<\/p><p class=\"id-card-location\">Frankfurt<\/p><p class=\"id-card-phone\">069 \/ 53 02 291<\/p><p class=\"id-card-email\"><a href=\"mai&#108;&#116;&#111;&#58;&#x66;&#x6c;&#x75;&#x65;&#x63;&#x68;&#x74;lin&#103;&#115;&#98;&#101;&#114;&#x61;&#x74;&#x75;&#x6e;&#x67;&#x40;fran&#107;&#102;&#117;&#114;&#x74;&#x2d;&#x65;&#x76;&#x61;&#x6e;geli&#115;&#99;&#104;&#46;&#x64;&#x65;\">E-Mail<\/a><\/p><\/div><\/div><\/div>\n\n\n\n<div class=\"wp-block-erv-id-card\"><div class=\"id-card-content\"><figure class=\"id-card-photo\"><img decoding=\"async\" src=\"https:\/\/evangelische-beratung.com\/tr\/wp-content\/uploads\/sites\/8\/2020\/01\/Susanne-Schupp_Beratung-und-Therapie-fuer-Fluechtlinge-300x300.jpg\" \/><\/figure><div class=\"id-card-details\"><p class=\"id-card-name\">Susanne Schupp<\/p><p class=\"id-card-job\">Beratung<\/p><p class=\"id-card-location\">Frankfurt<\/p><p class=\"id-card-phone\">069 \/ 53 02 291<\/p><p class=\"id-card-email\"><a href=\"mail&#116;&#111;&#58;&#115;&#117;&#x73;&#x61;&#x6e;&#x6e;&#x65;&#x2e;&#x73;chup&#112;&#64;&#102;&#114;&#97;&#x6e;&#x6b;&#x66;&#x75;&#x72;&#x74;&#x2d;&#x65;vang&#101;&#108;&#105;&#115;&#99;&#x68;&#x2e;&#x64;&#x65;\">E-Mail<\/a><\/p><\/div><\/div><\/div>\n<\/div>\n<\/div>\n","protected":false},"excerpt":{"rendered":"<p>Beklenmedik acil bir durum veya acil yard\u0131ma m\u0131 ihtiyac\u0131n\u0131z var? Bizimle hemen irtibata ge\u00e7in! Acil ve kolay bir \u015fekilde hemen randevu alacaks\u0131n\u0131z. Birlikte bir \u00c7\u00f6z\u00fcm yolu buluruz. Bu Dan\u0131\u015fma \u00fccretsiz olup g\u00f6n\u00fcll\u00fcl\u00fck ve gizlilik esas\u0131na dayan\u0131r. Randevu almak i\u00e7in ileti\u015fim<\/p>\n","protected":false},"author":5,"featured_media":36,"parent":16,"menu_order":0,"comment_status":"closed","ping_status":"closed","template":"","meta":{"footnotes":""},"class_list":["post-283","page","type-page","status-publish","has-post-thumbnail","hentry"],"yoast_head":"<!-- This site is optimized with the Yoast SEO plugin v27.3 - https:\/\/yoast.com\/product\/yoast-seo-wordpress\/ -->\n<title>Krisenintervention und schnelle Hilfe in Frankfurt vom Ev. Regionalverband<\/title>\n<meta name=\"description\" content=\"Sie befinden sich in einer akuten Krisensituation und ben\u00f6tigen schnelle Hilfe? Unsere vertrauliche Beratung ist freiwillig und kostenlos.\" \/>\n<meta name=\"robots\" content=\"index, follow, max-snippet:-1, max-image-preview:large, max-video-preview:-1\" \/>\n<link rel=\"canonical\" href=\"https:\/\/evangelische-beratung.com\/tr\/migration-flucht\/krisenintervention-schnelle-hilfe\/\" \/>\n<meta property=\"og:locale\" content=\"tr_TR\" \/>\n<meta property=\"og:type\" content=\"article\" \/>\n<meta property=\"og:title\" content=\"Krisenintervention und schnelle Hilfe in Frankfurt vom Ev. Regionalverband\" \/>\n<meta property=\"og:description\" content=\"Sie befinden sich in einer akuten Krisensituation und ben\u00f6tigen schnelle Hilfe? Unsere vertrauliche Beratung ist freiwillig und kostenlos.\" \/>\n<meta property=\"og:url\" content=\"https:\/\/evangelische-beratung.com\/tr\/migration-flucht\/krisenintervention-schnelle-hilfe\/\" \/>\n<meta property=\"og:site_name\" content=\"Evangelischer Regionalverband\" \/>\n<meta property=\"article:modified_time\" content=\"2020-03-06T19:47:31+00:00\" \/>\n<meta property=\"og:image\" content=\"https:\/\/evangelische-beratung.com\/tr\/wp-content\/uploads\/sites\/8\/2019\/07\/humberto-chavez-Ilo0ZD5o-q8-unsplash.jpg\" \/>\n\t<meta property=\"og:image:width\" content=\"1800\" \/>\n\t<meta property=\"og:image:height\" content=\"1200\" \/>\n\t<meta property=\"og:image:type\" content=\"image\/jpeg\" \/>\n<meta name=\"twitter:card\" content=\"summary_large_image\" \/>\n<script type=\"application\/ld+json\" class=\"yoast-schema-graph\">{\"@context\":\"https:\\\/\\\/schema.org\",\"@graph\":[{\"@type\":\"WebPage\",\"@id\":\"https:\\\/\\\/evangelische-beratung.com\\\/tr\\\/migration-flucht\\\/krisenintervention-schnelle-hilfe\\\/\",\"url\":\"https:\\\/\\\/evangelische-beratung.com\\\/tr\\\/migration-flucht\\\/krisenintervention-schnelle-hilfe\\\/\",\"name\":\"Krisenintervention und schnelle Hilfe in Frankfurt vom Ev. Regionalverband\",\"isPartOf\":{\"@id\":\"https:\\\/\\\/evangelische-beratung.com\\\/tr\\\/#website\"},\"primaryImageOfPage\":{\"@id\":\"https:\\\/\\\/evangelische-beratung.com\\\/tr\\\/migration-flucht\\\/krisenintervention-schnelle-hilfe\\\/#primaryimage\"},\"image\":{\"@id\":\"https:\\\/\\\/evangelische-beratung.com\\\/tr\\\/migration-flucht\\\/krisenintervention-schnelle-hilfe\\\/#primaryimage\"},\"thumbnailUrl\":\"https:\\\/\\\/evangelische-beratung.com\\\/tr\\\/wp-content\\\/uploads\\\/sites\\\/8\\\/2019\\\/07\\\/humberto-chavez-Ilo0ZD5o-q8-unsplash.jpg\",\"datePublished\":\"2019-08-16T13:27:13+00:00\",\"dateModified\":\"2020-03-06T19:47:31+00:00\",\"description\":\"Sie befinden sich in einer akuten Krisensituation und ben\u00f6tigen schnelle Hilfe? Unsere vertrauliche Beratung ist freiwillig und kostenlos.\",\"breadcrumb\":{\"@id\":\"https:\\\/\\\/evangelische-beratung.com\\\/tr\\\/migration-flucht\\\/krisenintervention-schnelle-hilfe\\\/#breadcrumb\"},\"inLanguage\":\"tr\",\"potentialAction\":[{\"@type\":\"ReadAction\",\"target\":[\"https:\\\/\\\/evangelische-beratung.com\\\/tr\\\/migration-flucht\\\/krisenintervention-schnelle-hilfe\\\/\"]}]},{\"@type\":\"ImageObject\",\"inLanguage\":\"tr\",\"@id\":\"https:\\\/\\\/evangelische-beratung.com\\\/tr\\\/migration-flucht\\\/krisenintervention-schnelle-hilfe\\\/#primaryimage\",\"url\":\"https:\\\/\\\/evangelische-beratung.com\\\/tr\\\/wp-content\\\/uploads\\\/sites\\\/8\\\/2019\\\/07\\\/humberto-chavez-Ilo0ZD5o-q8-unsplash.jpg\",\"contentUrl\":\"https:\\\/\\\/evangelische-beratung.com\\\/tr\\\/wp-content\\\/uploads\\\/sites\\\/8\\\/2019\\\/07\\\/humberto-chavez-Ilo0ZD5o-q8-unsplash.jpg\",\"width\":1800,\"height\":1200},{\"@type\":\"BreadcrumbList\",\"@id\":\"https:\\\/\\\/evangelische-beratung.com\\\/tr\\\/migration-flucht\\\/krisenintervention-schnelle-hilfe\\\/#breadcrumb\",\"itemListElement\":[{\"@type\":\"ListItem\",\"position\":1,\"name\":\"Startseite\",\"item\":\"https:\\\/\\\/evangelische-beratung.com\\\/tr\\\/\"},{\"@type\":\"ListItem\",\"position\":2,\"name\":\"G\u00f6\u00e7 ve S\u0131\u011f\u0131nma\",\"item\":\"https:\\\/\\\/evangelische-beratung.com\\\/tr\\\/migration-flucht\\\/\"},{\"@type\":\"ListItem\",\"position\":3,\"name\":\"Kriz durum m\u00fcdahalesi ve acil yard\u0131m\"}]},{\"@type\":\"WebSite\",\"@id\":\"https:\\\/\\\/evangelische-beratung.com\\\/tr\\\/#website\",\"url\":\"https:\\\/\\\/evangelische-beratung.com\\\/tr\\\/\",\"name\":\"Evangelischer Regionalverband\",\"description\":\"\",\"publisher\":{\"@id\":\"https:\\\/\\\/evangelische-beratung.com\\\/tr\\\/#organization\"},\"potentialAction\":[{\"@type\":\"SearchAction\",\"target\":{\"@type\":\"EntryPoint\",\"urlTemplate\":\"https:\\\/\\\/evangelische-beratung.com\\\/tr\\\/?s={search_term_string}\"},\"query-input\":{\"@type\":\"PropertyValueSpecification\",\"valueRequired\":true,\"valueName\":\"search_term_string\"}}],\"inLanguage\":\"tr\"},{\"@type\":\"Organization\",\"@id\":\"https:\\\/\\\/evangelische-beratung.com\\\/tr\\\/#organization\",\"name\":\"Evangelischer Regionalverband Frankfurt und Offenbach\",\"url\":\"https:\\\/\\\/evangelische-beratung.com\\\/tr\\\/\",\"logo\":{\"@type\":\"ImageObject\",\"inLanguage\":\"tr\",\"@id\":\"https:\\\/\\\/evangelische-beratung.com\\\/tr\\\/#\\\/schema\\\/logo\\\/image\\\/\",\"url\":\"https:\\\/\\\/evangelische-beratung.com\\\/tr\\\/wp-content\\\/uploads\\\/sites\\\/8\\\/2019\\\/10\\\/erv-logo.png\",\"contentUrl\":\"https:\\\/\\\/evangelische-beratung.com\\\/tr\\\/wp-content\\\/uploads\\\/sites\\\/8\\\/2019\\\/10\\\/erv-logo.png\",\"width\":1127,\"height\":595,\"caption\":\"Evangelischer Regionalverband Frankfurt und Offenbach\"},\"image\":{\"@id\":\"https:\\\/\\\/evangelische-beratung.com\\\/tr\\\/#\\\/schema\\\/logo\\\/image\\\/\"}}]}<\/script>\n<!-- \/ Yoast SEO plugin. -->","yoast_head_json":{"title":"Krisenintervention und schnelle Hilfe in Frankfurt vom Ev. Regionalverband","description":"Sie befinden sich in einer akuten Krisensituation und ben\u00f6tigen schnelle Hilfe? Unsere vertrauliche Beratung ist freiwillig und kostenlos.","robots":{"index":"index","follow":"follow","max-snippet":"max-snippet:-1","max-image-preview":"max-image-preview:large","max-video-preview":"max-video-preview:-1"},"canonical":"https:\/\/evangelische-beratung.com\/tr\/migration-flucht\/krisenintervention-schnelle-hilfe\/","og_locale":"tr_TR","og_type":"article","og_title":"Krisenintervention und schnelle Hilfe in Frankfurt vom Ev. Regionalverband","og_description":"Sie befinden sich in einer akuten Krisensituation und ben\u00f6tigen schnelle Hilfe? Unsere vertrauliche Beratung ist freiwillig und kostenlos.","og_url":"https:\/\/evangelische-beratung.com\/tr\/migration-flucht\/krisenintervention-schnelle-hilfe\/","og_site_name":"Evangelischer Regionalverband","article_modified_time":"2020-03-06T19:47:31+00:00","og_image":[{"width":1800,"height":1200,"url":"https:\/\/evangelische-beratung.com\/tr\/wp-content\/uploads\/sites\/8\/2019\/07\/humberto-chavez-Ilo0ZD5o-q8-unsplash.jpg","type":"image\/jpeg"}],"twitter_card":"summary_large_image","schema":{"@context":"https:\/\/schema.org","@graph":[{"@type":"WebPage","@id":"https:\/\/evangelische-beratung.com\/tr\/migration-flucht\/krisenintervention-schnelle-hilfe\/","url":"https:\/\/evangelische-beratung.com\/tr\/migration-flucht\/krisenintervention-schnelle-hilfe\/","name":"Krisenintervention und schnelle Hilfe in Frankfurt vom Ev. Regionalverband","isPartOf":{"@id":"https:\/\/evangelische-beratung.com\/tr\/#website"},"primaryImageOfPage":{"@id":"https:\/\/evangelische-beratung.com\/tr\/migration-flucht\/krisenintervention-schnelle-hilfe\/#primaryimage"},"image":{"@id":"https:\/\/evangelische-beratung.com\/tr\/migration-flucht\/krisenintervention-schnelle-hilfe\/#primaryimage"},"thumbnailUrl":"https:\/\/evangelische-beratung.com\/tr\/wp-content\/uploads\/sites\/8\/2019\/07\/humberto-chavez-Ilo0ZD5o-q8-unsplash.jpg","datePublished":"2019-08-16T13:27:13+00:00","dateModified":"2020-03-06T19:47:31+00:00","description":"Sie befinden sich in einer akuten Krisensituation und ben\u00f6tigen schnelle Hilfe? Unsere vertrauliche Beratung ist freiwillig und kostenlos.","breadcrumb":{"@id":"https:\/\/evangelische-beratung.com\/tr\/migration-flucht\/krisenintervention-schnelle-hilfe\/#breadcrumb"},"inLanguage":"tr","potentialAction":[{"@type":"ReadAction","target":["https:\/\/evangelische-beratung.com\/tr\/migration-flucht\/krisenintervention-schnelle-hilfe\/"]}]},{"@type":"ImageObject","inLanguage":"tr","@id":"https:\/\/evangelische-beratung.com\/tr\/migration-flucht\/krisenintervention-schnelle-hilfe\/#primaryimage","url":"https:\/\/evangelische-beratung.com\/tr\/wp-content\/uploads\/sites\/8\/2019\/07\/humberto-chavez-Ilo0ZD5o-q8-unsplash.jpg","contentUrl":"https:\/\/evangelische-beratung.com\/tr\/wp-content\/uploads\/sites\/8\/2019\/07\/humberto-chavez-Ilo0ZD5o-q8-unsplash.jpg","width":1800,"height":1200},{"@type":"BreadcrumbList","@id":"https:\/\/evangelische-beratung.com\/tr\/migration-flucht\/krisenintervention-schnelle-hilfe\/#breadcrumb","itemListElement":[{"@type":"ListItem","position":1,"name":"Startseite","item":"https:\/\/evangelische-beratung.com\/tr\/"},{"@type":"ListItem","position":2,"name":"G\u00f6\u00e7 ve S\u0131\u011f\u0131nma","item":"https:\/\/evangelische-beratung.com\/tr\/migration-flucht\/"},{"@type":"ListItem","position":3,"name":"Kriz durum m\u00fcdahalesi ve acil yard\u0131m"}]},{"@type":"WebSite","@id":"https:\/\/evangelische-beratung.com\/tr\/#website","url":"https:\/\/evangelische-beratung.com\/tr\/","name":"Evangelischer Regionalverband","description":"","publisher":{"@id":"https:\/\/evangelische-beratung.com\/tr\/#organization"},"potentialAction":[{"@type":"SearchAction","target":{"@type":"EntryPoint","urlTemplate":"https:\/\/evangelische-beratung.com\/tr\/?s={search_term_string}"},"query-input":{"@type":"PropertyValueSpecification","valueRequired":true,"valueName":"search_term_string"}}],"inLanguage":"tr"},{"@type":"Organization","@id":"https:\/\/evangelische-beratung.com\/tr\/#organization","name":"Evangelischer Regionalverband Frankfurt und Offenbach","url":"https:\/\/evangelische-beratung.com\/tr\/","logo":{"@type":"ImageObject","inLanguage":"tr","@id":"https:\/\/evangelische-beratung.com\/tr\/#\/schema\/logo\/image\/","url":"https:\/\/evangelische-beratung.com\/tr\/wp-content\/uploads\/sites\/8\/2019\/10\/erv-logo.png","contentUrl":"https:\/\/evangelische-beratung.com\/tr\/wp-content\/uploads\/sites\/8\/2019\/10\/erv-logo.png","width":1127,"height":595,"caption":"Evangelischer Regionalverband Frankfurt und Offenbach"},"image":{"@id":"https:\/\/evangelische-beratung.com\/tr\/#\/schema\/logo\/image\/"}}]}},"_links":{"self":[{"href":"https:\/\/evangelische-beratung.com\/tr\/wp-json\/wp\/v2\/pages\/283","targetHints":{"allow":["GET"]}}],"collection":[{"href":"https:\/\/evangelische-beratung.com\/tr\/wp-json\/wp\/v2\/pages"}],"about":[{"href":"https:\/\/evangelische-beratung.com\/tr\/wp-json\/wp\/v2\/types\/page"}],"author":[{"embeddable":true,"href":"https:\/\/evangelische-beratung.com\/tr\/wp-json\/wp\/v2\/users\/5"}],"replies":[{"embeddable":true,"href":"https:\/\/evangelische-beratung.com\/tr\/wp-json\/wp\/v2\/comments?post=283"}],"version-history":[{"count":0,"href":"https:\/\/evangelische-beratung.com\/tr\/wp-json\/wp\/v2\/pages\/283\/revisions"}],"up":[{"embeddable":true,"href":"https:\/\/evangelische-beratung.com\/tr\/wp-json\/wp\/v2\/pages\/16"}],"wp:featuredmedia":[{"embeddable":true,"href":"https:\/\/evangelische-beratung.com\/tr\/wp-json\/wp\/v2\/media\/36"}],"wp:attachment":[{"href":"https:\/\/evangelische-beratung.com\/tr\/wp-json\/wp\/v2\/media?parent=283"}],"curies":[{"name":"wp","href":"https:\/\/api.w.org\/{rel}","templated":true}]}}