{"id":275,"date":"2019-08-16T15:13:41","date_gmt":"2019-08-16T13:13:41","guid":{"rendered":"https:\/\/evangelische-beratung.com\/tr\/?page_id=275"},"modified":"2020-04-19T11:27:46","modified_gmt":"2020-04-19T09:27:46","slug":"kirchenasyl","status":"publish","type":"page","link":"https:\/\/evangelische-beratung.com\/tr\/migration-flucht\/kirchenasyl\/","title":{"rendered":"Kiliseye S\u0131\u011f\u0131nma:"},"content":{"rendered":"\n<p class=\"is-style-teaser\">Kiliseye S\u0131\u011f\u0131nma ile ilgili t\u00fcm sorular\u0131n\u0131za Dan\u0131\u015fmanl\u0131k hizmeti sunuyoruz.<\/p>\n\n\n\n<p>Bizimle temasa giriniz, \u015fayet;<\/p>\n\n\n\n<p><\/p>\n\n\n\n<ul class=\"wp-block-list\"><li>Kiliseye S\u0131\u011f\u0131nma hakk\u0131nda bilgi edinmek istiyorsan\u0131z.<\/li><li>Kilise b\u00fcnyesinde fahri olarak, bir me\u015fguliyet\/g\u00f6rev almak isterseniz.<\/li><li>Kilise Cemiyetinin dan\u0131\u015fma \u00e7al\u0131smalar\u0131 ve Kilise Cemiyetine nas\u0131l destek olunur gibi konular hakk\u0131nda bilgi edinmek istiyorsan\u0131z. <\/li><li>Kilisenin S\u0131\u011f\u0131nma hakk\u0131 vermede, kilise hangi yasal sonu\u00e7lara maruz kal\u0131r, gibi konularda bilgi edinmek istiyorsan\u0131z.<\/li><li>Kilise camias\u0131n\u0131n, Kiliseye S\u0131\u011f\u0131nma ile ilgili tutumu hakk\u0131nda bilgi edinmek istiyorsan\u0131z.<\/li><\/ul>\n\n\n\n<p><\/p>\n\n\n\n<p> Bizden bir randevu al\u0131n\u0131z. Bu konuda sizinle birlikte konu\u015fmaya ve g\u00f6r\u00fc\u015fmeye seviniriz.<br>Kiliseye S\u0131\u011f\u0131nma ile ilgili sorularda EKHN, EKKW ve Diakonie&#8217; ye ba\u011fl\u0131 \u201eClearingstelle Kirchenasyl\u201c ile i\u015fbirli\u011findeyiz.<\/p>\n\n\n\n<p style=\"text-align:center\" class=\"is-style-roof-line\">Randevu almak i\u00e7in ileti\u015fim<\/p>\n\n\n\n<div class=\"wp-block-erv-id-card\"><div class=\"id-card-content\"><figure class=\"id-card-photo\"><img decoding=\"async\" src=\"https:\/\/evangelische-beratung.com\/tr\/wp-content\/uploads\/sites\/8\/2020\/01\/Barbara-Lueken_Beratung-und-Therapie-fuer-Fluechtlinge_Neu-1-300x300.jpg\" \/><\/figure><div class=\"id-card-details\"><p class=\"id-card-name\">Barbara Lueken <\/p><p class=\"id-card-job\">Beratung<\/p><p class=\"id-card-location\">Frankfurt<\/p><p class=\"id-card-phone\">069 \/ 53 02 291<\/p><p class=\"id-card-email\"><a href=\"m&#97;&#x69;&#x6c;t&#111;&#x3a;&#x66;l&#117;&#101;&#x63;&#x68;t&#108;&#x69;&#x6e;g&#115;&#x62;&#x65;r&#97;&#116;&#x75;&#x6e;g&#64;&#x66;&#x72;a&#110;&#x6b;&#x66;u&#114;&#116;&#x2d;&#x65;v&#97;&#x6e;&#x67;e&#108;&#x69;&#x73;c&#104;&#46;&#x64;&#x65;\">E-Mail<\/a><\/p><\/div><\/div><\/div>\n","protected":false},"excerpt":{"rendered":"<p>Kiliseye S\u0131\u011f\u0131nma ile ilgili t\u00fcm sorular\u0131n\u0131za Dan\u0131\u015fmanl\u0131k hizmeti sunuyoruz. Bizimle temasa giriniz, \u015fayet; Kiliseye S\u0131\u011f\u0131nma hakk\u0131nda bilgi edinmek istiyorsan\u0131z. Kilise b\u00fcnyesinde fahri olarak, bir me\u015fguliyet\/g\u00f6rev almak isterseniz. Kilise Cemiyetinin dan\u0131\u015fma \u00e7al\u0131smalar\u0131 ve Kilise Cemiyetine nas\u0131l destek olunur gibi konular hakk\u0131nda bilgi edinmek istiyorsan\u0131z. Kilisenin S\u0131\u011f\u0131nma hakk\u0131 vermede, kilise hangi yasal sonu\u00e7lara maruz kal\u0131r, gibi konularda [&hellip;]<\/p>\n","protected":false},"author":5,"featured_media":36,"parent":16,"menu_order":0,"comment_status":"closed","ping_status":"closed","template":"","meta":{"footnotes":""},"class_list":["post-275","page","type-page","status-publish","has-post-thumbnail","hentry"],"yoast_head":"<!-- This site is optimized with the Yoast SEO plugin v27.4 - https:\/\/yoast.com\/product\/yoast-seo-wordpress\/ -->\n<title>Kirchenasyl. Hilfen u. Infos vom Ev. Regionalverband in Frankfurt u.Offenbach<\/title>\n<meta name=\"description\" content=\"Wir beraten Sie in allen Fragen rund um das Kirchenasyl. Dabei arbeiten wir eng mit der Clearingstelle Kirchenasyl von EKHN, EKKW und Diakonie zusammen.\" \/>\n<meta name=\"robots\" content=\"index, follow, max-snippet:-1, max-image-preview:large, max-video-preview:-1\" \/>\n<link rel=\"canonical\" href=\"https:\/\/evangelische-beratung.com\/tr\/migration-flucht\/kirchenasyl\/\" \/>\n<meta property=\"og:locale\" content=\"tr_TR\" \/>\n<meta property=\"og:type\" content=\"article\" \/>\n<meta property=\"og:title\" content=\"Kirchenasyl. Hilfen u. Infos vom Ev. Regionalverband in Frankfurt u.Offenbach\" \/>\n<meta property=\"og:description\" content=\"Wir beraten Sie in allen Fragen rund um das Kirchenasyl. Dabei arbeiten wir eng mit der Clearingstelle Kirchenasyl von EKHN, EKKW und Diakonie zusammen.\" \/>\n<meta property=\"og:url\" content=\"https:\/\/evangelische-beratung.com\/tr\/migration-flucht\/kirchenasyl\/\" \/>\n<meta property=\"og:site_name\" content=\"Evangelischer Regionalverband\" \/>\n<meta property=\"article:modified_time\" content=\"2020-04-19T09:27:46+00:00\" \/>\n<meta property=\"og:image\" content=\"https:\/\/evangelische-beratung.com\/tr\/wp-content\/uploads\/sites\/8\/2019\/07\/humberto-chavez-Ilo0ZD5o-q8-unsplash.jpg\" \/>\n\t<meta property=\"og:image:width\" content=\"1800\" \/>\n\t<meta property=\"og:image:height\" content=\"1200\" \/>\n\t<meta property=\"og:image:type\" content=\"image\/jpeg\" \/>\n<meta name=\"twitter:card\" content=\"summary_large_image\" \/>\n<meta name=\"twitter:label1\" content=\"Tahmini okuma s\u00fcresi\" \/>\n\t<meta name=\"twitter:data1\" content=\"1 dakika\" \/>\n<script type=\"application\/ld+json\" class=\"yoast-schema-graph\">{\"@context\":\"https:\\\/\\\/schema.org\",\"@graph\":[{\"@type\":\"WebPage\",\"@id\":\"https:\\\/\\\/evangelische-beratung.com\\\/tr\\\/migration-flucht\\\/kirchenasyl\\\/\",\"url\":\"https:\\\/\\\/evangelische-beratung.com\\\/tr\\\/migration-flucht\\\/kirchenasyl\\\/\",\"name\":\"Kirchenasyl. Hilfen u. Infos vom Ev. Regionalverband in Frankfurt u.Offenbach\",\"isPartOf\":{\"@id\":\"https:\\\/\\\/evangelische-beratung.com\\\/tr\\\/#website\"},\"primaryImageOfPage\":{\"@id\":\"https:\\\/\\\/evangelische-beratung.com\\\/tr\\\/migration-flucht\\\/kirchenasyl\\\/#primaryimage\"},\"image\":{\"@id\":\"https:\\\/\\\/evangelische-beratung.com\\\/tr\\\/migration-flucht\\\/kirchenasyl\\\/#primaryimage\"},\"thumbnailUrl\":\"https:\\\/\\\/evangelische-beratung.com\\\/tr\\\/wp-content\\\/uploads\\\/sites\\\/8\\\/2019\\\/07\\\/humberto-chavez-Ilo0ZD5o-q8-unsplash.jpg\",\"datePublished\":\"2019-08-16T13:13:41+00:00\",\"dateModified\":\"2020-04-19T09:27:46+00:00\",\"description\":\"Wir beraten Sie in allen Fragen rund um das Kirchenasyl. Dabei arbeiten wir eng mit der Clearingstelle Kirchenasyl von EKHN, EKKW und Diakonie zusammen.\",\"breadcrumb\":{\"@id\":\"https:\\\/\\\/evangelische-beratung.com\\\/tr\\\/migration-flucht\\\/kirchenasyl\\\/#breadcrumb\"},\"inLanguage\":\"tr\",\"potentialAction\":[{\"@type\":\"ReadAction\",\"target\":[\"https:\\\/\\\/evangelische-beratung.com\\\/tr\\\/migration-flucht\\\/kirchenasyl\\\/\"]}]},{\"@type\":\"ImageObject\",\"inLanguage\":\"tr\",\"@id\":\"https:\\\/\\\/evangelische-beratung.com\\\/tr\\\/migration-flucht\\\/kirchenasyl\\\/#primaryimage\",\"url\":\"https:\\\/\\\/evangelische-beratung.com\\\/tr\\\/wp-content\\\/uploads\\\/sites\\\/8\\\/2019\\\/07\\\/humberto-chavez-Ilo0ZD5o-q8-unsplash.jpg\",\"contentUrl\":\"https:\\\/\\\/evangelische-beratung.com\\\/tr\\\/wp-content\\\/uploads\\\/sites\\\/8\\\/2019\\\/07\\\/humberto-chavez-Ilo0ZD5o-q8-unsplash.jpg\",\"width\":1800,\"height\":1200},{\"@type\":\"BreadcrumbList\",\"@id\":\"https:\\\/\\\/evangelische-beratung.com\\\/tr\\\/migration-flucht\\\/kirchenasyl\\\/#breadcrumb\",\"itemListElement\":[{\"@type\":\"ListItem\",\"position\":1,\"name\":\"Startseite\",\"item\":\"https:\\\/\\\/evangelische-beratung.com\\\/tr\\\/\"},{\"@type\":\"ListItem\",\"position\":2,\"name\":\"G\u00f6\u00e7 ve S\u0131\u011f\u0131nma\",\"item\":\"https:\\\/\\\/evangelische-beratung.com\\\/tr\\\/migration-flucht\\\/\"},{\"@type\":\"ListItem\",\"position\":3,\"name\":\"Kiliseye S\u0131\u011f\u0131nma:\"}]},{\"@type\":\"WebSite\",\"@id\":\"https:\\\/\\\/evangelische-beratung.com\\\/tr\\\/#website\",\"url\":\"https:\\\/\\\/evangelische-beratung.com\\\/tr\\\/\",\"name\":\"Evangelischer Regionalverband\",\"description\":\"\",\"publisher\":{\"@id\":\"https:\\\/\\\/evangelische-beratung.com\\\/tr\\\/#organization\"},\"potentialAction\":[{\"@type\":\"SearchAction\",\"target\":{\"@type\":\"EntryPoint\",\"urlTemplate\":\"https:\\\/\\\/evangelische-beratung.com\\\/tr\\\/?s={search_term_string}\"},\"query-input\":{\"@type\":\"PropertyValueSpecification\",\"valueRequired\":true,\"valueName\":\"search_term_string\"}}],\"inLanguage\":\"tr\"},{\"@type\":\"Organization\",\"@id\":\"https:\\\/\\\/evangelische-beratung.com\\\/tr\\\/#organization\",\"name\":\"Evangelischer Regionalverband Frankfurt und Offenbach\",\"url\":\"https:\\\/\\\/evangelische-beratung.com\\\/tr\\\/\",\"logo\":{\"@type\":\"ImageObject\",\"inLanguage\":\"tr\",\"@id\":\"https:\\\/\\\/evangelische-beratung.com\\\/tr\\\/#\\\/schema\\\/logo\\\/image\\\/\",\"url\":\"https:\\\/\\\/evangelische-beratung.com\\\/tr\\\/wp-content\\\/uploads\\\/sites\\\/8\\\/2019\\\/10\\\/erv-logo.png\",\"contentUrl\":\"https:\\\/\\\/evangelische-beratung.com\\\/tr\\\/wp-content\\\/uploads\\\/sites\\\/8\\\/2019\\\/10\\\/erv-logo.png\",\"width\":1127,\"height\":595,\"caption\":\"Evangelischer Regionalverband Frankfurt und Offenbach\"},\"image\":{\"@id\":\"https:\\\/\\\/evangelische-beratung.com\\\/tr\\\/#\\\/schema\\\/logo\\\/image\\\/\"}}]}<\/script>\n<!-- \/ Yoast SEO plugin. -->","yoast_head_json":{"title":"Kirchenasyl. Hilfen u. Infos vom Ev. Regionalverband in Frankfurt u.Offenbach","description":"Wir beraten Sie in allen Fragen rund um das Kirchenasyl. Dabei arbeiten wir eng mit der Clearingstelle Kirchenasyl von EKHN, EKKW und Diakonie zusammen.","robots":{"index":"index","follow":"follow","max-snippet":"max-snippet:-1","max-image-preview":"max-image-preview:large","max-video-preview":"max-video-preview:-1"},"canonical":"https:\/\/evangelische-beratung.com\/tr\/migration-flucht\/kirchenasyl\/","og_locale":"tr_TR","og_type":"article","og_title":"Kirchenasyl. Hilfen u. Infos vom Ev. Regionalverband in Frankfurt u.Offenbach","og_description":"Wir beraten Sie in allen Fragen rund um das Kirchenasyl. Dabei arbeiten wir eng mit der Clearingstelle Kirchenasyl von EKHN, EKKW und Diakonie zusammen.","og_url":"https:\/\/evangelische-beratung.com\/tr\/migration-flucht\/kirchenasyl\/","og_site_name":"Evangelischer Regionalverband","article_modified_time":"2020-04-19T09:27:46+00:00","og_image":[{"width":1800,"height":1200,"url":"https:\/\/evangelische-beratung.com\/tr\/wp-content\/uploads\/sites\/8\/2019\/07\/humberto-chavez-Ilo0ZD5o-q8-unsplash.jpg","type":"image\/jpeg"}],"twitter_card":"summary_large_image","twitter_misc":{"Tahmini okuma s\u00fcresi":"1 dakika"},"schema":{"@context":"https:\/\/schema.org","@graph":[{"@type":"WebPage","@id":"https:\/\/evangelische-beratung.com\/tr\/migration-flucht\/kirchenasyl\/","url":"https:\/\/evangelische-beratung.com\/tr\/migration-flucht\/kirchenasyl\/","name":"Kirchenasyl. Hilfen u. Infos vom Ev. Regionalverband in Frankfurt u.Offenbach","isPartOf":{"@id":"https:\/\/evangelische-beratung.com\/tr\/#website"},"primaryImageOfPage":{"@id":"https:\/\/evangelische-beratung.com\/tr\/migration-flucht\/kirchenasyl\/#primaryimage"},"image":{"@id":"https:\/\/evangelische-beratung.com\/tr\/migration-flucht\/kirchenasyl\/#primaryimage"},"thumbnailUrl":"https:\/\/evangelische-beratung.com\/tr\/wp-content\/uploads\/sites\/8\/2019\/07\/humberto-chavez-Ilo0ZD5o-q8-unsplash.jpg","datePublished":"2019-08-16T13:13:41+00:00","dateModified":"2020-04-19T09:27:46+00:00","description":"Wir beraten Sie in allen Fragen rund um das Kirchenasyl. Dabei arbeiten wir eng mit der Clearingstelle Kirchenasyl von EKHN, EKKW und Diakonie zusammen.","breadcrumb":{"@id":"https:\/\/evangelische-beratung.com\/tr\/migration-flucht\/kirchenasyl\/#breadcrumb"},"inLanguage":"tr","potentialAction":[{"@type":"ReadAction","target":["https:\/\/evangelische-beratung.com\/tr\/migration-flucht\/kirchenasyl\/"]}]},{"@type":"ImageObject","inLanguage":"tr","@id":"https:\/\/evangelische-beratung.com\/tr\/migration-flucht\/kirchenasyl\/#primaryimage","url":"https:\/\/evangelische-beratung.com\/tr\/wp-content\/uploads\/sites\/8\/2019\/07\/humberto-chavez-Ilo0ZD5o-q8-unsplash.jpg","contentUrl":"https:\/\/evangelische-beratung.com\/tr\/wp-content\/uploads\/sites\/8\/2019\/07\/humberto-chavez-Ilo0ZD5o-q8-unsplash.jpg","width":1800,"height":1200},{"@type":"BreadcrumbList","@id":"https:\/\/evangelische-beratung.com\/tr\/migration-flucht\/kirchenasyl\/#breadcrumb","itemListElement":[{"@type":"ListItem","position":1,"name":"Startseite","item":"https:\/\/evangelische-beratung.com\/tr\/"},{"@type":"ListItem","position":2,"name":"G\u00f6\u00e7 ve S\u0131\u011f\u0131nma","item":"https:\/\/evangelische-beratung.com\/tr\/migration-flucht\/"},{"@type":"ListItem","position":3,"name":"Kiliseye S\u0131\u011f\u0131nma:"}]},{"@type":"WebSite","@id":"https:\/\/evangelische-beratung.com\/tr\/#website","url":"https:\/\/evangelische-beratung.com\/tr\/","name":"Evangelischer Regionalverband","description":"","publisher":{"@id":"https:\/\/evangelische-beratung.com\/tr\/#organization"},"potentialAction":[{"@type":"SearchAction","target":{"@type":"EntryPoint","urlTemplate":"https:\/\/evangelische-beratung.com\/tr\/?s={search_term_string}"},"query-input":{"@type":"PropertyValueSpecification","valueRequired":true,"valueName":"search_term_string"}}],"inLanguage":"tr"},{"@type":"Organization","@id":"https:\/\/evangelische-beratung.com\/tr\/#organization","name":"Evangelischer Regionalverband Frankfurt und Offenbach","url":"https:\/\/evangelische-beratung.com\/tr\/","logo":{"@type":"ImageObject","inLanguage":"tr","@id":"https:\/\/evangelische-beratung.com\/tr\/#\/schema\/logo\/image\/","url":"https:\/\/evangelische-beratung.com\/tr\/wp-content\/uploads\/sites\/8\/2019\/10\/erv-logo.png","contentUrl":"https:\/\/evangelische-beratung.com\/tr\/wp-content\/uploads\/sites\/8\/2019\/10\/erv-logo.png","width":1127,"height":595,"caption":"Evangelischer Regionalverband Frankfurt und Offenbach"},"image":{"@id":"https:\/\/evangelische-beratung.com\/tr\/#\/schema\/logo\/image\/"}}]}},"_links":{"self":[{"href":"https:\/\/evangelische-beratung.com\/tr\/wp-json\/wp\/v2\/pages\/275","targetHints":{"allow":["GET"]}}],"collection":[{"href":"https:\/\/evangelische-beratung.com\/tr\/wp-json\/wp\/v2\/pages"}],"about":[{"href":"https:\/\/evangelische-beratung.com\/tr\/wp-json\/wp\/v2\/types\/page"}],"author":[{"embeddable":true,"href":"https:\/\/evangelische-beratung.com\/tr\/wp-json\/wp\/v2\/users\/5"}],"replies":[{"embeddable":true,"href":"https:\/\/evangelische-beratung.com\/tr\/wp-json\/wp\/v2\/comments?post=275"}],"version-history":[{"count":4,"href":"https:\/\/evangelische-beratung.com\/tr\/wp-json\/wp\/v2\/pages\/275\/revisions"}],"predecessor-version":[{"id":1587,"href":"https:\/\/evangelische-beratung.com\/tr\/wp-json\/wp\/v2\/pages\/275\/revisions\/1587"}],"up":[{"embeddable":true,"href":"https:\/\/evangelische-beratung.com\/tr\/wp-json\/wp\/v2\/pages\/16"}],"wp:featuredmedia":[{"embeddable":true,"href":"https:\/\/evangelische-beratung.com\/tr\/wp-json\/wp\/v2\/media\/36"}],"wp:attachment":[{"href":"https:\/\/evangelische-beratung.com\/tr\/wp-json\/wp\/v2\/media?parent=275"}],"curies":[{"name":"wp","href":"https:\/\/api.w.org\/{rel}","templated":true}]}}