{"id":272,"date":"2019-08-16T15:10:50","date_gmt":"2019-08-16T13:10:50","guid":{"rendered":"https:\/\/evangelische-beratung.com\/tr\/?page_id=272"},"modified":"2020-03-24T12:17:54","modified_gmt":"2020-03-24T11:17:54","slug":"unabhaengige-freiwillige-rueckkehrberatung","status":"publish","type":"page","link":"https:\/\/evangelische-beratung.com\/tr\/migration-flucht\/unabhaengige-freiwillige-rueckkehrberatung\/","title":{"rendered":"Ba\u011f\u0131ms\u0131z, G\u00f6n\u00fcll\u00fc d\u00f6n\u00fc\u015f dan\u0131\u015fmanl\u0131\u011f\u0131"},"content":{"rendered":"\n<p class=\"is-style-teaser\">\u00dclkenize g\u00f6n\u00fcll\u00fc d\u00f6n\u00fc\u015f veya devam g\u00f6\u00e7 hakk<strong>\u0131<\/strong>nda t\u00fcm sorularda size dan\u0131\u015fmanl\u0131k hizmetleri sunuyoruz.<\/p>\n\n\n\n<p>Bu konularda bizimle g\u00f6r\u00fc\u015f\u00fcn, \u015fayet;<\/p>\n\n\n\n<p>\u00dclkenize devlet destekli g\u00f6n\u00fcll\u00fc d\u00f6n\u00fc\u015f\u00fc veya devam g\u00f6\u00e7\u00fc d\u00fc\u015f\u00fcn\u00fcyorsan\u0131z ve bu konuda karar vermede deste\u011fe ihtiyac\u0131n\u0131z olursa.<\/p>\n\n\n\n<p>S\u0131n\u0131rd\u0131\u015f\u0131 edilme bildirisi gelmi\u015f olup Almanya\u00b4y\u0131 Terketme y\u00fck\u00fcml\u00fcl\u00fc\u011f\u00fcn\u00fcz varsa<\/p>\n\n\n\n<p>\u00dclkenize kesin d\u00f6n\u00fc\u015f\u00fc istiyorsan\u0131z<\/p>\n\n\n\n<p>Almanya\u2018da veya \u00fclkenizde ki ikamet durumunuzu netle\u015ftirmek zorundaysan\u0131z.<\/p>\n\n\n\n<p>\u00dclkenize geri d\u00f6n\u00fc\u015f\u00fcn\u00fczde, ordaki i\u015fhayat\u0131 ve ya\u015fam kosullar\u0131 hakk\u0131nda bilgi edinmek istiyorsan\u0131z<\/p>\n\n\n\n<p>S\u0131n\u0131rd\u0131\u015f\u0131 edilme-y\u00fck\u00fcml\u00fcl\u00fckleriniz ve s\u0131n\u0131rd\u0131\u015f\u0131 edilme ko\u015fullar\u0131 hakk\u0131nda sorular\u0131n\u0131z varsa &nbsp;<\/p>\n\n\n\n<p><\/p>\n\n\n\n<p>Ge\u00e7erli bir pasaportunuz yoksa, pasaportun yerini tutan belgelerin teminininde, G\u00fcmr\u00fck i\u015flemleri ile ilgili konularda veya di\u011fer seyahat belgelerin teminininde deste\u011fe ihtiyac\u0131n\u0131z olursa.<\/p>\n\n\n\n<p>G\u00f6n\u00fcll\u00fc d\u00f6n\u00fc\u015f ba\u011f\u0131ms\u0131z dan\u0131\u015fmanl\u0131\u011f\u0131m\u0131z, g\u00f6n\u00fcll\u00fc ve \u00fccretsizdir. Kat\u0131l\u0131m\u0131n\u0131z g\u00fcvenlidir ve \u0130ltica s\u00fcrecinin sonucunu etkilemez.<\/p>\n\n\n\n<p>A\u00e7\u0131k dan\u0131\u015fma saatleri: &nbsp;<br> Pazartesi g\u00fcnleri saat 9:30 ile 12:30 aras\u0131 und Per\u015fembe g\u00fcnleri saat 14:00 ile 17:30 aras\u0131. Ayr\u0131ca buna ek olarak, randevu almak&nbsp; m\u00fcmk\u00fcnd\u00fcr.<\/p>\n\n\n\n<p style=\"text-align:center\" class=\"is-style-roof-line\">Randevu almak i\u00e7in ileti\u015fim<\/p>\n\n\n\n<div class=\"wp-block-columns alignwide has-2-columns is-layout-flex wp-container-core-columns-is-layout-9d6595d7 wp-block-columns-is-layout-flex\">\n<div class=\"wp-block-column is-layout-flow wp-block-column-is-layout-flow\">\n<div class=\"wp-block-erv-id-card\"><div class=\"id-card-content\"><figure class=\"id-card-photo\"><img decoding=\"async\" src=\"https:\/\/evangelische-beratung.com\/wp-content\/uploads\/2020\/01\/Leonie-Albert_Sozialberatung-Migranten-Hoechst-300x300.jpg\" \/><\/figure><div class=\"id-card-details\"><p class=\"id-card-name\">Leonie Albert<\/p><p class=\"id-card-job\">Leitung Sozial- und Migrationsberatung<\/p><p class=\"id-card-location\">Frankfurt<\/p><p class=\"id-card-phone\">069 \/ 75 93 672 40<\/p><p class=\"id-card-email\"><a href=\"&#x6d;&#x61;&#105;&#108;t&#x6f;&#x3a;&#x6d;&#105;gr&#x61;&#x74;&#105;&#111;n&#x73;&#x62;&#x65;&#114;at&#x75;&#x6e;&#103;&#46;h&#x6f;&#x65;&#x63;&#104;st&#x40;&#x66;&#114;&#97;n&#x6b;&#x66;&#x75;&#114;&#116;-&#x65;&#x76;&#97;&#110;g&#x65;&#x6c;&#x69;&#115;&#99;h&#x2e;&#x64;&#x65;\">E-Mail<\/a><\/p><\/div><\/div><\/div>\n<\/div>\n\n\n\n<div class=\"wp-block-column is-layout-flow wp-block-column-is-layout-flow\">\n<div class=\"wp-block-erv-id-card\"><div class=\"id-card-content\"><figure class=\"id-card-photo\"><img decoding=\"async\" src=\"https:\/\/evangelische-beratung.com\/wp-content\/uploads\/2020\/01\/portrait_platzhalter-1-300x300.jpg\" \/><\/figure><div class=\"id-card-details\"><p class=\"id-card-name\">Malale Schokory<\/p><p class=\"id-card-job\">Beratung<\/p><p class=\"id-card-location\">Ev. Zentrum am Wei\u00dfen Stein<\/p><p class=\"id-card-phone\">069 \/ 53 02 159<\/p><p class=\"id-card-email\"><a href=\"&#109;&#x61;&#x69;l&#116;&#x6f;:&#109;&#x69;&#x67;r&#97;&#x74;i&#111;&#x6e;&#x73;b&#101;&#x72;a&#116;&#x75;&#x6e;&#103;&#64;&#x66;r&#97;&#x6e;&#x6b;&#102;&#x75;&#x72;t&#45;&#x65;v&#97;&#x6e;&#x67;e&#108;&#x69;s&#99;&#x68;&#x2e;d&#101;\">E-Mail<\/a><\/p><\/div><\/div><\/div>\n<\/div>\n<\/div>\n","protected":false},"excerpt":{"rendered":"<p>\u00dclkenize g\u00f6n\u00fcll\u00fc d\u00f6n\u00fc\u015f veya devam g\u00f6\u00e7 hakk\u0131nda t\u00fcm sorularda size dan\u0131\u015fmanl\u0131k hizmetleri sunuyoruz. Bu konularda bizimle g\u00f6r\u00fc\u015f\u00fcn, \u015fayet; \u00dclkenize devlet destekli g\u00f6n\u00fcll\u00fc d\u00f6n\u00fc\u015f\u00fc veya devam g\u00f6\u00e7\u00fc d\u00fc\u015f\u00fcn\u00fcyorsan\u0131z ve bu konuda karar vermede deste\u011fe ihtiyac\u0131n\u0131z olursa. S\u0131n\u0131rd\u0131\u015f\u0131 edilme bildirisi gelmi\u015f olup Almanya\u00b4y\u0131 Terketme y\u00fck\u00fcml\u00fcl\u00fc\u011f\u00fcn\u00fcz varsa \u00dclkenize kesin d\u00f6n\u00fc\u015f\u00fc istiyorsan\u0131z Almanya\u2018da veya \u00fclkenizde ki ikamet durumunuzu netle\u015ftirmek [&hellip;]<\/p>\n","protected":false},"author":5,"featured_media":36,"parent":16,"menu_order":0,"comment_status":"closed","ping_status":"closed","template":"","meta":{"footnotes":""},"class_list":["post-272","page","type-page","status-publish","has-post-thumbnail","hentry"],"yoast_head":"<!-- This site is optimized with the Yoast SEO plugin v27.3 - https:\/\/yoast.com\/product\/yoast-seo-wordpress\/ -->\n<title>Unabh\u00e4ngige freiwillige R\u00fcckkehrberatung in Frankfurt<\/title>\n<meta name=\"description\" content=\"Wir beraten Sie in allen Fragen zu einer m\u00f6glichen R\u00fcckkehr oder Weiterwanderung. Unsere R\u00fcckkehrberatung ist kostenlos, freiwillig und unabh\u00e4ngig.\" \/>\n<meta name=\"robots\" content=\"index, follow, max-snippet:-1, max-image-preview:large, max-video-preview:-1\" \/>\n<link rel=\"canonical\" href=\"https:\/\/evangelische-beratung.com\/tr\/migration-flucht\/unabhaengige-freiwillige-rueckkehrberatung\/\" \/>\n<meta property=\"og:locale\" content=\"tr_TR\" \/>\n<meta property=\"og:type\" content=\"article\" \/>\n<meta property=\"og:title\" content=\"Unabh\u00e4ngige freiwillige R\u00fcckkehrberatung in Frankfurt\" \/>\n<meta property=\"og:description\" content=\"Wir beraten Sie in allen Fragen zu einer m\u00f6glichen R\u00fcckkehr oder Weiterwanderung. Unsere R\u00fcckkehrberatung ist kostenlos, freiwillig und unabh\u00e4ngig.\" \/>\n<meta property=\"og:url\" content=\"https:\/\/evangelische-beratung.com\/tr\/migration-flucht\/unabhaengige-freiwillige-rueckkehrberatung\/\" \/>\n<meta property=\"og:site_name\" content=\"Evangelischer Regionalverband\" \/>\n<meta property=\"article:modified_time\" content=\"2020-03-24T11:17:54+00:00\" \/>\n<meta property=\"og:image\" content=\"https:\/\/evangelische-beratung.com\/tr\/wp-content\/uploads\/sites\/8\/2019\/07\/humberto-chavez-Ilo0ZD5o-q8-unsplash.jpg\" \/>\n\t<meta property=\"og:image:width\" content=\"1800\" \/>\n\t<meta property=\"og:image:height\" content=\"1200\" \/>\n\t<meta property=\"og:image:type\" content=\"image\/jpeg\" \/>\n<meta name=\"twitter:card\" content=\"summary_large_image\" \/>\n<meta name=\"twitter:label1\" content=\"Tahmini okuma s\u00fcresi\" \/>\n\t<meta name=\"twitter:data1\" content=\"1 dakika\" \/>\n<script type=\"application\/ld+json\" class=\"yoast-schema-graph\">{\"@context\":\"https:\\\/\\\/schema.org\",\"@graph\":[{\"@type\":\"WebPage\",\"@id\":\"https:\\\/\\\/evangelische-beratung.com\\\/tr\\\/migration-flucht\\\/unabhaengige-freiwillige-rueckkehrberatung\\\/\",\"url\":\"https:\\\/\\\/evangelische-beratung.com\\\/tr\\\/migration-flucht\\\/unabhaengige-freiwillige-rueckkehrberatung\\\/\",\"name\":\"Unabh\u00e4ngige freiwillige R\u00fcckkehrberatung in Frankfurt\",\"isPartOf\":{\"@id\":\"https:\\\/\\\/evangelische-beratung.com\\\/tr\\\/#website\"},\"primaryImageOfPage\":{\"@id\":\"https:\\\/\\\/evangelische-beratung.com\\\/tr\\\/migration-flucht\\\/unabhaengige-freiwillige-rueckkehrberatung\\\/#primaryimage\"},\"image\":{\"@id\":\"https:\\\/\\\/evangelische-beratung.com\\\/tr\\\/migration-flucht\\\/unabhaengige-freiwillige-rueckkehrberatung\\\/#primaryimage\"},\"thumbnailUrl\":\"https:\\\/\\\/evangelische-beratung.com\\\/tr\\\/wp-content\\\/uploads\\\/sites\\\/8\\\/2019\\\/07\\\/humberto-chavez-Ilo0ZD5o-q8-unsplash.jpg\",\"datePublished\":\"2019-08-16T13:10:50+00:00\",\"dateModified\":\"2020-03-24T11:17:54+00:00\",\"description\":\"Wir beraten Sie in allen Fragen zu einer m\u00f6glichen R\u00fcckkehr oder Weiterwanderung. Unsere R\u00fcckkehrberatung ist kostenlos, freiwillig und unabh\u00e4ngig.\",\"breadcrumb\":{\"@id\":\"https:\\\/\\\/evangelische-beratung.com\\\/tr\\\/migration-flucht\\\/unabhaengige-freiwillige-rueckkehrberatung\\\/#breadcrumb\"},\"inLanguage\":\"tr\",\"potentialAction\":[{\"@type\":\"ReadAction\",\"target\":[\"https:\\\/\\\/evangelische-beratung.com\\\/tr\\\/migration-flucht\\\/unabhaengige-freiwillige-rueckkehrberatung\\\/\"]}]},{\"@type\":\"ImageObject\",\"inLanguage\":\"tr\",\"@id\":\"https:\\\/\\\/evangelische-beratung.com\\\/tr\\\/migration-flucht\\\/unabhaengige-freiwillige-rueckkehrberatung\\\/#primaryimage\",\"url\":\"https:\\\/\\\/evangelische-beratung.com\\\/tr\\\/wp-content\\\/uploads\\\/sites\\\/8\\\/2019\\\/07\\\/humberto-chavez-Ilo0ZD5o-q8-unsplash.jpg\",\"contentUrl\":\"https:\\\/\\\/evangelische-beratung.com\\\/tr\\\/wp-content\\\/uploads\\\/sites\\\/8\\\/2019\\\/07\\\/humberto-chavez-Ilo0ZD5o-q8-unsplash.jpg\",\"width\":1800,\"height\":1200},{\"@type\":\"BreadcrumbList\",\"@id\":\"https:\\\/\\\/evangelische-beratung.com\\\/tr\\\/migration-flucht\\\/unabhaengige-freiwillige-rueckkehrberatung\\\/#breadcrumb\",\"itemListElement\":[{\"@type\":\"ListItem\",\"position\":1,\"name\":\"Startseite\",\"item\":\"https:\\\/\\\/evangelische-beratung.com\\\/tr\\\/\"},{\"@type\":\"ListItem\",\"position\":2,\"name\":\"G\u00f6\u00e7 ve S\u0131\u011f\u0131nma\",\"item\":\"https:\\\/\\\/evangelische-beratung.com\\\/tr\\\/migration-flucht\\\/\"},{\"@type\":\"ListItem\",\"position\":3,\"name\":\"Ba\u011f\u0131ms\u0131z, G\u00f6n\u00fcll\u00fc d\u00f6n\u00fc\u015f dan\u0131\u015fmanl\u0131\u011f\u0131\"}]},{\"@type\":\"WebSite\",\"@id\":\"https:\\\/\\\/evangelische-beratung.com\\\/tr\\\/#website\",\"url\":\"https:\\\/\\\/evangelische-beratung.com\\\/tr\\\/\",\"name\":\"Evangelischer Regionalverband\",\"description\":\"\",\"publisher\":{\"@id\":\"https:\\\/\\\/evangelische-beratung.com\\\/tr\\\/#organization\"},\"potentialAction\":[{\"@type\":\"SearchAction\",\"target\":{\"@type\":\"EntryPoint\",\"urlTemplate\":\"https:\\\/\\\/evangelische-beratung.com\\\/tr\\\/?s={search_term_string}\"},\"query-input\":{\"@type\":\"PropertyValueSpecification\",\"valueRequired\":true,\"valueName\":\"search_term_string\"}}],\"inLanguage\":\"tr\"},{\"@type\":\"Organization\",\"@id\":\"https:\\\/\\\/evangelische-beratung.com\\\/tr\\\/#organization\",\"name\":\"Evangelischer Regionalverband Frankfurt und Offenbach\",\"url\":\"https:\\\/\\\/evangelische-beratung.com\\\/tr\\\/\",\"logo\":{\"@type\":\"ImageObject\",\"inLanguage\":\"tr\",\"@id\":\"https:\\\/\\\/evangelische-beratung.com\\\/tr\\\/#\\\/schema\\\/logo\\\/image\\\/\",\"url\":\"https:\\\/\\\/evangelische-beratung.com\\\/tr\\\/wp-content\\\/uploads\\\/sites\\\/8\\\/2019\\\/10\\\/erv-logo.png\",\"contentUrl\":\"https:\\\/\\\/evangelische-beratung.com\\\/tr\\\/wp-content\\\/uploads\\\/sites\\\/8\\\/2019\\\/10\\\/erv-logo.png\",\"width\":1127,\"height\":595,\"caption\":\"Evangelischer Regionalverband Frankfurt und Offenbach\"},\"image\":{\"@id\":\"https:\\\/\\\/evangelische-beratung.com\\\/tr\\\/#\\\/schema\\\/logo\\\/image\\\/\"}}]}<\/script>\n<!-- \/ Yoast SEO plugin. -->","yoast_head_json":{"title":"Unabh\u00e4ngige freiwillige R\u00fcckkehrberatung in Frankfurt","description":"Wir beraten Sie in allen Fragen zu einer m\u00f6glichen R\u00fcckkehr oder Weiterwanderung. Unsere R\u00fcckkehrberatung ist kostenlos, freiwillig und unabh\u00e4ngig.","robots":{"index":"index","follow":"follow","max-snippet":"max-snippet:-1","max-image-preview":"max-image-preview:large","max-video-preview":"max-video-preview:-1"},"canonical":"https:\/\/evangelische-beratung.com\/tr\/migration-flucht\/unabhaengige-freiwillige-rueckkehrberatung\/","og_locale":"tr_TR","og_type":"article","og_title":"Unabh\u00e4ngige freiwillige R\u00fcckkehrberatung in Frankfurt","og_description":"Wir beraten Sie in allen Fragen zu einer m\u00f6glichen R\u00fcckkehr oder Weiterwanderung. Unsere R\u00fcckkehrberatung ist kostenlos, freiwillig und unabh\u00e4ngig.","og_url":"https:\/\/evangelische-beratung.com\/tr\/migration-flucht\/unabhaengige-freiwillige-rueckkehrberatung\/","og_site_name":"Evangelischer Regionalverband","article_modified_time":"2020-03-24T11:17:54+00:00","og_image":[{"width":1800,"height":1200,"url":"https:\/\/evangelische-beratung.com\/tr\/wp-content\/uploads\/sites\/8\/2019\/07\/humberto-chavez-Ilo0ZD5o-q8-unsplash.jpg","type":"image\/jpeg"}],"twitter_card":"summary_large_image","twitter_misc":{"Tahmini okuma s\u00fcresi":"1 dakika"},"schema":{"@context":"https:\/\/schema.org","@graph":[{"@type":"WebPage","@id":"https:\/\/evangelische-beratung.com\/tr\/migration-flucht\/unabhaengige-freiwillige-rueckkehrberatung\/","url":"https:\/\/evangelische-beratung.com\/tr\/migration-flucht\/unabhaengige-freiwillige-rueckkehrberatung\/","name":"Unabh\u00e4ngige freiwillige R\u00fcckkehrberatung in Frankfurt","isPartOf":{"@id":"https:\/\/evangelische-beratung.com\/tr\/#website"},"primaryImageOfPage":{"@id":"https:\/\/evangelische-beratung.com\/tr\/migration-flucht\/unabhaengige-freiwillige-rueckkehrberatung\/#primaryimage"},"image":{"@id":"https:\/\/evangelische-beratung.com\/tr\/migration-flucht\/unabhaengige-freiwillige-rueckkehrberatung\/#primaryimage"},"thumbnailUrl":"https:\/\/evangelische-beratung.com\/tr\/wp-content\/uploads\/sites\/8\/2019\/07\/humberto-chavez-Ilo0ZD5o-q8-unsplash.jpg","datePublished":"2019-08-16T13:10:50+00:00","dateModified":"2020-03-24T11:17:54+00:00","description":"Wir beraten Sie in allen Fragen zu einer m\u00f6glichen R\u00fcckkehr oder Weiterwanderung. Unsere R\u00fcckkehrberatung ist kostenlos, freiwillig und unabh\u00e4ngig.","breadcrumb":{"@id":"https:\/\/evangelische-beratung.com\/tr\/migration-flucht\/unabhaengige-freiwillige-rueckkehrberatung\/#breadcrumb"},"inLanguage":"tr","potentialAction":[{"@type":"ReadAction","target":["https:\/\/evangelische-beratung.com\/tr\/migration-flucht\/unabhaengige-freiwillige-rueckkehrberatung\/"]}]},{"@type":"ImageObject","inLanguage":"tr","@id":"https:\/\/evangelische-beratung.com\/tr\/migration-flucht\/unabhaengige-freiwillige-rueckkehrberatung\/#primaryimage","url":"https:\/\/evangelische-beratung.com\/tr\/wp-content\/uploads\/sites\/8\/2019\/07\/humberto-chavez-Ilo0ZD5o-q8-unsplash.jpg","contentUrl":"https:\/\/evangelische-beratung.com\/tr\/wp-content\/uploads\/sites\/8\/2019\/07\/humberto-chavez-Ilo0ZD5o-q8-unsplash.jpg","width":1800,"height":1200},{"@type":"BreadcrumbList","@id":"https:\/\/evangelische-beratung.com\/tr\/migration-flucht\/unabhaengige-freiwillige-rueckkehrberatung\/#breadcrumb","itemListElement":[{"@type":"ListItem","position":1,"name":"Startseite","item":"https:\/\/evangelische-beratung.com\/tr\/"},{"@type":"ListItem","position":2,"name":"G\u00f6\u00e7 ve S\u0131\u011f\u0131nma","item":"https:\/\/evangelische-beratung.com\/tr\/migration-flucht\/"},{"@type":"ListItem","position":3,"name":"Ba\u011f\u0131ms\u0131z, G\u00f6n\u00fcll\u00fc d\u00f6n\u00fc\u015f dan\u0131\u015fmanl\u0131\u011f\u0131"}]},{"@type":"WebSite","@id":"https:\/\/evangelische-beratung.com\/tr\/#website","url":"https:\/\/evangelische-beratung.com\/tr\/","name":"Evangelischer Regionalverband","description":"","publisher":{"@id":"https:\/\/evangelische-beratung.com\/tr\/#organization"},"potentialAction":[{"@type":"SearchAction","target":{"@type":"EntryPoint","urlTemplate":"https:\/\/evangelische-beratung.com\/tr\/?s={search_term_string}"},"query-input":{"@type":"PropertyValueSpecification","valueRequired":true,"valueName":"search_term_string"}}],"inLanguage":"tr"},{"@type":"Organization","@id":"https:\/\/evangelische-beratung.com\/tr\/#organization","name":"Evangelischer Regionalverband Frankfurt und Offenbach","url":"https:\/\/evangelische-beratung.com\/tr\/","logo":{"@type":"ImageObject","inLanguage":"tr","@id":"https:\/\/evangelische-beratung.com\/tr\/#\/schema\/logo\/image\/","url":"https:\/\/evangelische-beratung.com\/tr\/wp-content\/uploads\/sites\/8\/2019\/10\/erv-logo.png","contentUrl":"https:\/\/evangelische-beratung.com\/tr\/wp-content\/uploads\/sites\/8\/2019\/10\/erv-logo.png","width":1127,"height":595,"caption":"Evangelischer Regionalverband Frankfurt und Offenbach"},"image":{"@id":"https:\/\/evangelische-beratung.com\/tr\/#\/schema\/logo\/image\/"}}]}},"_links":{"self":[{"href":"https:\/\/evangelische-beratung.com\/tr\/wp-json\/wp\/v2\/pages\/272","targetHints":{"allow":["GET"]}}],"collection":[{"href":"https:\/\/evangelische-beratung.com\/tr\/wp-json\/wp\/v2\/pages"}],"about":[{"href":"https:\/\/evangelische-beratung.com\/tr\/wp-json\/wp\/v2\/types\/page"}],"author":[{"embeddable":true,"href":"https:\/\/evangelische-beratung.com\/tr\/wp-json\/wp\/v2\/users\/5"}],"replies":[{"embeddable":true,"href":"https:\/\/evangelische-beratung.com\/tr\/wp-json\/wp\/v2\/comments?post=272"}],"version-history":[{"count":2,"href":"https:\/\/evangelische-beratung.com\/tr\/wp-json\/wp\/v2\/pages\/272\/revisions"}],"predecessor-version":[{"id":1414,"href":"https:\/\/evangelische-beratung.com\/tr\/wp-json\/wp\/v2\/pages\/272\/revisions\/1414"}],"up":[{"embeddable":true,"href":"https:\/\/evangelische-beratung.com\/tr\/wp-json\/wp\/v2\/pages\/16"}],"wp:featuredmedia":[{"embeddable":true,"href":"https:\/\/evangelische-beratung.com\/tr\/wp-json\/wp\/v2\/media\/36"}],"wp:attachment":[{"href":"https:\/\/evangelische-beratung.com\/tr\/wp-json\/wp\/v2\/media?parent=272"}],"curies":[{"name":"wp","href":"https:\/\/api.w.org\/{rel}","templated":true}]}}