{"id":269,"date":"2019-08-16T15:05:49","date_gmt":"2019-08-16T13:05:49","guid":{"rendered":"https:\/\/evangelische-beratung.com\/tr\/?page_id=269"},"modified":"2020-03-24T12:48:29","modified_gmt":"2020-03-24T11:48:29","slug":"verfahrensberatung-fur-gefluchtete","status":"publish","type":"page","link":"https:\/\/evangelische-beratung.com\/tr\/migration-flucht\/verfahrensberatung-fur-gefluchtete\/","title":{"rendered":"M\u00fclteciler icin Usul dan\u0131\u015fmanl\u0131\u011f\u0131"},"content":{"rendered":"\n<p class=\"is-style-teaser\">Size, iltica ve ikamet prosed\u00fcr\u00fc ile ilgili t\u00fcm sorularda dan\u0131\u015fma hizmetleri sunar\u0131z.<\/p>\n\n\n\n<p>Bu gibi konular da bize ula\u015f\u0131n, \u015fayet:<\/p>\n\n\n\n<ul class=\"wp-block-list\"><li>iltica Usul m\u00fclakat\u0131na haz\u0131rlanmak isterseniz<\/li><li>sonuclanmam\u0131\u015f  iltica davas\u0131  konuyla ilgili dan\u0131\u015fmaya ihtiyac\u0131n\u0131z varsa<\/li><li>ikamet yasas\u0131 ile ilgili sorulara cevap ar\u0131yorsan\u0131z<\/li><\/ul>\n\n\n\n<p>Almanca, ingilizce, frans\u0131zca ve fars\u00e7a dillerinde dan\u0131\u015fmanl\u0131k hizmetleri sunuyoruz. Di\u011fer lisanlarda beraberinizde size terc\u00fcme edecek birisini getiriniz veya Randevuya basvurdu\u011funuz da bize, terc\u00fcmana ihtiyac\u0131n\u0131z oldu\u011funu bildiriniz. Dil konusunda iyi bir \u00e7\u00f6z\u00fcm yolu buluruz.<\/p>\n\n\n\n<p style=\"text-align:center\" class=\"is-style-roof-line\"><strong>Randevu almak <\/strong>i\u00e7in iletisim<\/p>\n\n\n\n<div class=\"wp-block-erv-id-card\"><div class=\"id-card-content\"><figure class=\"id-card-photo\"><img decoding=\"async\" src=\"https:\/\/evangelische-beratung.com\/wp-content\/uploads\/2019\/11\/barbara-lueken_beratung-und-therpie-fuer-fluechtlinge-e1576337462749-300x260.jpg\" \/><\/figure><div class=\"id-card-details\"><p class=\"id-card-name\">Barbara Lueken <\/p><p class=\"id-card-job\">Beratung<\/p><p class=\"id-card-location\">Frankfurt<\/p><p class=\"id-card-phone\">069 \/ 53 02 291<\/p><p class=\"id-card-email\"><a href=\"&#x6d;&#x61;&#x69;&#x6c;&#x74;&#x6f;&#x3a;&#x66;&#x6c;&#x75;&#x65;&#x63;&#x68;&#x74;&#x6c;&#x69;&#x6e;&#x67;&#x73;&#x62;&#x65;&#x72;&#x61;&#x74;&#x75;&#x6e;&#x67;&#x40;&#x66;&#x72;&#x61;&#x6e;&#x6b;&#x66;&#x75;&#x72;&#x74;&#x2d;&#x65;&#x76;&#x61;&#x6e;&#x67;&#x65;&#x6c;&#x69;&#x73;&#x63;&#x68;&#x2e;&#x64;&#x65;\">E-Mail<\/a><\/p><\/div><\/div><\/div>\n","protected":false},"excerpt":{"rendered":"<p>Size, iltica ve ikamet prosed\u00fcr\u00fc ile ilgili t\u00fcm sorularda dan\u0131\u015fma hizmetleri sunar\u0131z. Bu gibi konular da bize ula\u015f\u0131n, \u015fayet: iltica Usul m\u00fclakat\u0131na haz\u0131rlanmak isterseniz sonuclanmam\u0131\u015f iltica davas\u0131 konuyla ilgili dan\u0131\u015fmaya ihtiyac\u0131n\u0131z varsa ikamet yasas\u0131 ile ilgili sorulara cevap ar\u0131yorsan\u0131z Almanca, ingilizce, frans\u0131zca ve fars\u00e7a dillerinde dan\u0131\u015fmanl\u0131k hizmetleri sunuyoruz. Di\u011fer lisanlarda beraberinizde size terc\u00fcme edecek birisini [&hellip;]<\/p>\n","protected":false},"author":5,"featured_media":36,"parent":16,"menu_order":0,"comment_status":"closed","ping_status":"closed","template":"","meta":{"footnotes":""},"class_list":["post-269","page","type-page","status-publish","has-post-thumbnail","hentry"],"yoast_head":"<!-- This site is optimized with the Yoast SEO plugin v27.3 - https:\/\/yoast.com\/product\/yoast-seo-wordpress\/ -->\n<title>Verfahrensberatung f\u00fcr Gefl\u00fcchtete in Frankfurt beim Ev. Regionalverband<\/title>\n<meta name=\"description\" content=\"Wir beraten Sie in allen Fragen zu Ihrem Asyl- und Aufenthaltsverfahren.\" \/>\n<meta name=\"robots\" content=\"index, follow, max-snippet:-1, max-image-preview:large, max-video-preview:-1\" \/>\n<link rel=\"canonical\" href=\"https:\/\/evangelische-beratung.com\/tr\/migration-flucht\/verfahrensberatung-fur-gefluchtete\/\" \/>\n<meta property=\"og:locale\" content=\"tr_TR\" \/>\n<meta property=\"og:type\" content=\"article\" \/>\n<meta property=\"og:title\" content=\"Verfahrensberatung f\u00fcr Gefl\u00fcchtete in Frankfurt beim Ev. Regionalverband\" \/>\n<meta property=\"og:description\" content=\"Wir beraten Sie in allen Fragen zu Ihrem Asyl- und Aufenthaltsverfahren.\" \/>\n<meta property=\"og:url\" content=\"https:\/\/evangelische-beratung.com\/tr\/migration-flucht\/verfahrensberatung-fur-gefluchtete\/\" \/>\n<meta property=\"og:site_name\" content=\"Evangelischer Regionalverband\" \/>\n<meta property=\"article:modified_time\" content=\"2020-03-24T11:48:29+00:00\" \/>\n<meta property=\"og:image\" content=\"https:\/\/evangelische-beratung.com\/tr\/wp-content\/uploads\/sites\/8\/2019\/07\/humberto-chavez-Ilo0ZD5o-q8-unsplash.jpg\" \/>\n\t<meta property=\"og:image:width\" content=\"1800\" \/>\n\t<meta property=\"og:image:height\" content=\"1200\" \/>\n\t<meta property=\"og:image:type\" content=\"image\/jpeg\" \/>\n<meta name=\"twitter:card\" content=\"summary_large_image\" \/>\n<meta name=\"twitter:label1\" content=\"Tahmini okuma s\u00fcresi\" \/>\n\t<meta name=\"twitter:data1\" content=\"1 dakika\" \/>\n<script type=\"application\/ld+json\" class=\"yoast-schema-graph\">{\"@context\":\"https:\\\/\\\/schema.org\",\"@graph\":[{\"@type\":\"WebPage\",\"@id\":\"https:\\\/\\\/evangelische-beratung.com\\\/tr\\\/migration-flucht\\\/verfahrensberatung-fur-gefluchtete\\\/\",\"url\":\"https:\\\/\\\/evangelische-beratung.com\\\/tr\\\/migration-flucht\\\/verfahrensberatung-fur-gefluchtete\\\/\",\"name\":\"Verfahrensberatung f\u00fcr Gefl\u00fcchtete in Frankfurt beim Ev. Regionalverband\",\"isPartOf\":{\"@id\":\"https:\\\/\\\/evangelische-beratung.com\\\/tr\\\/#website\"},\"primaryImageOfPage\":{\"@id\":\"https:\\\/\\\/evangelische-beratung.com\\\/tr\\\/migration-flucht\\\/verfahrensberatung-fur-gefluchtete\\\/#primaryimage\"},\"image\":{\"@id\":\"https:\\\/\\\/evangelische-beratung.com\\\/tr\\\/migration-flucht\\\/verfahrensberatung-fur-gefluchtete\\\/#primaryimage\"},\"thumbnailUrl\":\"https:\\\/\\\/evangelische-beratung.com\\\/tr\\\/wp-content\\\/uploads\\\/sites\\\/8\\\/2019\\\/07\\\/humberto-chavez-Ilo0ZD5o-q8-unsplash.jpg\",\"datePublished\":\"2019-08-16T13:05:49+00:00\",\"dateModified\":\"2020-03-24T11:48:29+00:00\",\"description\":\"Wir beraten Sie in allen Fragen zu Ihrem Asyl- und Aufenthaltsverfahren.\",\"breadcrumb\":{\"@id\":\"https:\\\/\\\/evangelische-beratung.com\\\/tr\\\/migration-flucht\\\/verfahrensberatung-fur-gefluchtete\\\/#breadcrumb\"},\"inLanguage\":\"tr\",\"potentialAction\":[{\"@type\":\"ReadAction\",\"target\":[\"https:\\\/\\\/evangelische-beratung.com\\\/tr\\\/migration-flucht\\\/verfahrensberatung-fur-gefluchtete\\\/\"]}]},{\"@type\":\"ImageObject\",\"inLanguage\":\"tr\",\"@id\":\"https:\\\/\\\/evangelische-beratung.com\\\/tr\\\/migration-flucht\\\/verfahrensberatung-fur-gefluchtete\\\/#primaryimage\",\"url\":\"https:\\\/\\\/evangelische-beratung.com\\\/tr\\\/wp-content\\\/uploads\\\/sites\\\/8\\\/2019\\\/07\\\/humberto-chavez-Ilo0ZD5o-q8-unsplash.jpg\",\"contentUrl\":\"https:\\\/\\\/evangelische-beratung.com\\\/tr\\\/wp-content\\\/uploads\\\/sites\\\/8\\\/2019\\\/07\\\/humberto-chavez-Ilo0ZD5o-q8-unsplash.jpg\",\"width\":1800,\"height\":1200},{\"@type\":\"BreadcrumbList\",\"@id\":\"https:\\\/\\\/evangelische-beratung.com\\\/tr\\\/migration-flucht\\\/verfahrensberatung-fur-gefluchtete\\\/#breadcrumb\",\"itemListElement\":[{\"@type\":\"ListItem\",\"position\":1,\"name\":\"Startseite\",\"item\":\"https:\\\/\\\/evangelische-beratung.com\\\/tr\\\/\"},{\"@type\":\"ListItem\",\"position\":2,\"name\":\"G\u00f6\u00e7 ve S\u0131\u011f\u0131nma\",\"item\":\"https:\\\/\\\/evangelische-beratung.com\\\/tr\\\/migration-flucht\\\/\"},{\"@type\":\"ListItem\",\"position\":3,\"name\":\"M\u00fclteciler icin Usul dan\u0131\u015fmanl\u0131\u011f\u0131\"}]},{\"@type\":\"WebSite\",\"@id\":\"https:\\\/\\\/evangelische-beratung.com\\\/tr\\\/#website\",\"url\":\"https:\\\/\\\/evangelische-beratung.com\\\/tr\\\/\",\"name\":\"Evangelischer Regionalverband\",\"description\":\"\",\"publisher\":{\"@id\":\"https:\\\/\\\/evangelische-beratung.com\\\/tr\\\/#organization\"},\"potentialAction\":[{\"@type\":\"SearchAction\",\"target\":{\"@type\":\"EntryPoint\",\"urlTemplate\":\"https:\\\/\\\/evangelische-beratung.com\\\/tr\\\/?s={search_term_string}\"},\"query-input\":{\"@type\":\"PropertyValueSpecification\",\"valueRequired\":true,\"valueName\":\"search_term_string\"}}],\"inLanguage\":\"tr\"},{\"@type\":\"Organization\",\"@id\":\"https:\\\/\\\/evangelische-beratung.com\\\/tr\\\/#organization\",\"name\":\"Evangelischer Regionalverband Frankfurt und Offenbach\",\"url\":\"https:\\\/\\\/evangelische-beratung.com\\\/tr\\\/\",\"logo\":{\"@type\":\"ImageObject\",\"inLanguage\":\"tr\",\"@id\":\"https:\\\/\\\/evangelische-beratung.com\\\/tr\\\/#\\\/schema\\\/logo\\\/image\\\/\",\"url\":\"https:\\\/\\\/evangelische-beratung.com\\\/tr\\\/wp-content\\\/uploads\\\/sites\\\/8\\\/2019\\\/10\\\/erv-logo.png\",\"contentUrl\":\"https:\\\/\\\/evangelische-beratung.com\\\/tr\\\/wp-content\\\/uploads\\\/sites\\\/8\\\/2019\\\/10\\\/erv-logo.png\",\"width\":1127,\"height\":595,\"caption\":\"Evangelischer Regionalverband Frankfurt und Offenbach\"},\"image\":{\"@id\":\"https:\\\/\\\/evangelische-beratung.com\\\/tr\\\/#\\\/schema\\\/logo\\\/image\\\/\"}}]}<\/script>\n<!-- \/ Yoast SEO plugin. -->","yoast_head_json":{"title":"Verfahrensberatung f\u00fcr Gefl\u00fcchtete in Frankfurt beim Ev. Regionalverband","description":"Wir beraten Sie in allen Fragen zu Ihrem Asyl- und Aufenthaltsverfahren.","robots":{"index":"index","follow":"follow","max-snippet":"max-snippet:-1","max-image-preview":"max-image-preview:large","max-video-preview":"max-video-preview:-1"},"canonical":"https:\/\/evangelische-beratung.com\/tr\/migration-flucht\/verfahrensberatung-fur-gefluchtete\/","og_locale":"tr_TR","og_type":"article","og_title":"Verfahrensberatung f\u00fcr Gefl\u00fcchtete in Frankfurt beim Ev. Regionalverband","og_description":"Wir beraten Sie in allen Fragen zu Ihrem Asyl- und Aufenthaltsverfahren.","og_url":"https:\/\/evangelische-beratung.com\/tr\/migration-flucht\/verfahrensberatung-fur-gefluchtete\/","og_site_name":"Evangelischer Regionalverband","article_modified_time":"2020-03-24T11:48:29+00:00","og_image":[{"width":1800,"height":1200,"url":"https:\/\/evangelische-beratung.com\/tr\/wp-content\/uploads\/sites\/8\/2019\/07\/humberto-chavez-Ilo0ZD5o-q8-unsplash.jpg","type":"image\/jpeg"}],"twitter_card":"summary_large_image","twitter_misc":{"Tahmini okuma s\u00fcresi":"1 dakika"},"schema":{"@context":"https:\/\/schema.org","@graph":[{"@type":"WebPage","@id":"https:\/\/evangelische-beratung.com\/tr\/migration-flucht\/verfahrensberatung-fur-gefluchtete\/","url":"https:\/\/evangelische-beratung.com\/tr\/migration-flucht\/verfahrensberatung-fur-gefluchtete\/","name":"Verfahrensberatung f\u00fcr Gefl\u00fcchtete in Frankfurt beim Ev. Regionalverband","isPartOf":{"@id":"https:\/\/evangelische-beratung.com\/tr\/#website"},"primaryImageOfPage":{"@id":"https:\/\/evangelische-beratung.com\/tr\/migration-flucht\/verfahrensberatung-fur-gefluchtete\/#primaryimage"},"image":{"@id":"https:\/\/evangelische-beratung.com\/tr\/migration-flucht\/verfahrensberatung-fur-gefluchtete\/#primaryimage"},"thumbnailUrl":"https:\/\/evangelische-beratung.com\/tr\/wp-content\/uploads\/sites\/8\/2019\/07\/humberto-chavez-Ilo0ZD5o-q8-unsplash.jpg","datePublished":"2019-08-16T13:05:49+00:00","dateModified":"2020-03-24T11:48:29+00:00","description":"Wir beraten Sie in allen Fragen zu Ihrem Asyl- und Aufenthaltsverfahren.","breadcrumb":{"@id":"https:\/\/evangelische-beratung.com\/tr\/migration-flucht\/verfahrensberatung-fur-gefluchtete\/#breadcrumb"},"inLanguage":"tr","potentialAction":[{"@type":"ReadAction","target":["https:\/\/evangelische-beratung.com\/tr\/migration-flucht\/verfahrensberatung-fur-gefluchtete\/"]}]},{"@type":"ImageObject","inLanguage":"tr","@id":"https:\/\/evangelische-beratung.com\/tr\/migration-flucht\/verfahrensberatung-fur-gefluchtete\/#primaryimage","url":"https:\/\/evangelische-beratung.com\/tr\/wp-content\/uploads\/sites\/8\/2019\/07\/humberto-chavez-Ilo0ZD5o-q8-unsplash.jpg","contentUrl":"https:\/\/evangelische-beratung.com\/tr\/wp-content\/uploads\/sites\/8\/2019\/07\/humberto-chavez-Ilo0ZD5o-q8-unsplash.jpg","width":1800,"height":1200},{"@type":"BreadcrumbList","@id":"https:\/\/evangelische-beratung.com\/tr\/migration-flucht\/verfahrensberatung-fur-gefluchtete\/#breadcrumb","itemListElement":[{"@type":"ListItem","position":1,"name":"Startseite","item":"https:\/\/evangelische-beratung.com\/tr\/"},{"@type":"ListItem","position":2,"name":"G\u00f6\u00e7 ve S\u0131\u011f\u0131nma","item":"https:\/\/evangelische-beratung.com\/tr\/migration-flucht\/"},{"@type":"ListItem","position":3,"name":"M\u00fclteciler icin Usul dan\u0131\u015fmanl\u0131\u011f\u0131"}]},{"@type":"WebSite","@id":"https:\/\/evangelische-beratung.com\/tr\/#website","url":"https:\/\/evangelische-beratung.com\/tr\/","name":"Evangelischer Regionalverband","description":"","publisher":{"@id":"https:\/\/evangelische-beratung.com\/tr\/#organization"},"potentialAction":[{"@type":"SearchAction","target":{"@type":"EntryPoint","urlTemplate":"https:\/\/evangelische-beratung.com\/tr\/?s={search_term_string}"},"query-input":{"@type":"PropertyValueSpecification","valueRequired":true,"valueName":"search_term_string"}}],"inLanguage":"tr"},{"@type":"Organization","@id":"https:\/\/evangelische-beratung.com\/tr\/#organization","name":"Evangelischer Regionalverband Frankfurt und Offenbach","url":"https:\/\/evangelische-beratung.com\/tr\/","logo":{"@type":"ImageObject","inLanguage":"tr","@id":"https:\/\/evangelische-beratung.com\/tr\/#\/schema\/logo\/image\/","url":"https:\/\/evangelische-beratung.com\/tr\/wp-content\/uploads\/sites\/8\/2019\/10\/erv-logo.png","contentUrl":"https:\/\/evangelische-beratung.com\/tr\/wp-content\/uploads\/sites\/8\/2019\/10\/erv-logo.png","width":1127,"height":595,"caption":"Evangelischer Regionalverband Frankfurt und Offenbach"},"image":{"@id":"https:\/\/evangelische-beratung.com\/tr\/#\/schema\/logo\/image\/"}}]}},"_links":{"self":[{"href":"https:\/\/evangelische-beratung.com\/tr\/wp-json\/wp\/v2\/pages\/269","targetHints":{"allow":["GET"]}}],"collection":[{"href":"https:\/\/evangelische-beratung.com\/tr\/wp-json\/wp\/v2\/pages"}],"about":[{"href":"https:\/\/evangelische-beratung.com\/tr\/wp-json\/wp\/v2\/types\/page"}],"author":[{"embeddable":true,"href":"https:\/\/evangelische-beratung.com\/tr\/wp-json\/wp\/v2\/users\/5"}],"replies":[{"embeddable":true,"href":"https:\/\/evangelische-beratung.com\/tr\/wp-json\/wp\/v2\/comments?post=269"}],"version-history":[{"count":4,"href":"https:\/\/evangelische-beratung.com\/tr\/wp-json\/wp\/v2\/pages\/269\/revisions"}],"predecessor-version":[{"id":1420,"href":"https:\/\/evangelische-beratung.com\/tr\/wp-json\/wp\/v2\/pages\/269\/revisions\/1420"}],"up":[{"embeddable":true,"href":"https:\/\/evangelische-beratung.com\/tr\/wp-json\/wp\/v2\/pages\/16"}],"wp:featuredmedia":[{"embeddable":true,"href":"https:\/\/evangelische-beratung.com\/tr\/wp-json\/wp\/v2\/media\/36"}],"wp:attachment":[{"href":"https:\/\/evangelische-beratung.com\/tr\/wp-json\/wp\/v2\/media?parent=269"}],"curies":[{"name":"wp","href":"https:\/\/api.w.org\/{rel}","templated":true}]}}