{"id":266,"date":"2019-08-16T14:52:06","date_gmt":"2019-08-16T12:52:06","guid":{"rendered":"https:\/\/evangelische-beratung.com\/tr\/?page_id=266"},"modified":"2020-03-06T21:09:43","modified_gmt":"2020-03-06T20:09:43","slug":"psychosoziale-beratung","status":"publish","type":"page","link":"https:\/\/evangelische-beratung.com\/tr\/migration-flucht\/psychosoziale-beratung\/","title":{"rendered":"Psikolojik-Sosyal Dan\u0131\u015fmanl\u0131k"},"content":{"rendered":"\n<p class=\"is-style-teaser\">Sizlere, G\u00fcnl\u00fck ya\u015famda b\u00fcy\u00fck veya k\u00fc\u00e7\u00fck olsun, g\u00fc\u00e7l\u00fck te\u015fkil eden t\u00fcm sorular\u0131n\u0131za Dan\u0131\u015fmanl\u0131k hizmeti sunuyoruz.<\/p>\n\n\n\n<p>Bizimle temasa ge\u00e7iniz, \u015fayet:<\/p>\n\n\n\n<ul class=\"wp-block-list\"><li>G\u00fcnl\u00fck ya\u015fant\u0131n\u0131zda destek ar\u0131yorsan\u0131z.<\/li><li>Sa\u011fl\u0131k sorunlar\u0131, aile konular\u0131, hakk\u0131nda sorular\u0131n\u0131z varsa<\/li><li>Karar verme de veya y\u00f6nlendirilmede deste\u011fe ihtiyac\u0131n\u0131z olursa.<\/li><li>Size g\u00fc\u00e7l\u00fck te\u015fkil eden ya\u015fam Ko\u015fullar\u0131nda bulunuyorsan\u0131z.<\/li><li>Ailevi, \u015fahsi ya da psikolojik sorunlar\u0131n\u0131z varsa.<\/li><\/ul>\n\n\n\n<p>Birlikte bir \u00c7\u00f6z\u00fcm yolu buluruz.<\/p>\n\n\n\n<p> Bu Dan\u0131\u015fmanl\u0131k hizmeti&nbsp; \u00fccretsiz olup, g\u00f6n\u00fcll\u00fcl\u00fck ve gizlilik esas\u0131na dayan\u0131r. Konusunda Uzman bay ve bayan dan\u0131\u015fmanlar\u0131m\u0131z, Sosyal Hizmetler, Pedagoji ve Psikoloji dallar\u0131nda ei\u011fitim g\u00f6rm\u00fc\u015flerdir.<\/p>\n\n\n\n<p style=\"text-align:center\" class=\"is-style-roof-line\">Randevu almak i\u00e7in ileti\u015fim<\/p>\n\n\n\n<div class=\"wp-block-columns alignwide has-3-columns is-layout-flex wp-container-core-columns-is-layout-9d6595d7 wp-block-columns-is-layout-flex\">\n<div class=\"wp-block-column is-layout-flow wp-block-column-is-layout-flow\">\n<div class=\"wp-block-erv-id-card\"><div class=\"id-card-content\"><figure class=\"id-card-photo\"><img decoding=\"async\" src=\"https:\/\/evangelische-beratung.com\/wp-content\/uploads\/2025\/01\/29112024CarolinAbraham05-300x200.jpeg\" \/><\/figure><div class=\"id-card-details\"><p class=\"id-card-name\">Carolin Abraham<\/p><p class=\"id-card-job\">Beratung<\/p><p class=\"id-card-location\">Frankfurt<\/p><p class=\"id-card-phone\">069 \/ 53 02 291<\/p><p class=\"id-card-email\"><a href=\"mai&#108;&#116;&#111;&#58;&#x66;&#x6c;&#x75;&#x65;&#x63;&#x68;&#x74;lin&#103;&#115;&#98;&#101;&#114;&#x61;&#x74;&#x75;&#x6e;&#x67;&#x40;fran&#107;&#102;&#117;&#114;&#x74;&#x2d;&#x65;&#x76;&#x61;&#x6e;geli&#115;&#99;&#104;&#46;&#x64;&#x65;\">E-Mail<\/a><\/p><\/div><\/div><\/div>\n\n\n\n<div class=\"wp-block-erv-id-card\"><div class=\"id-card-content\"><figure class=\"id-card-photo\"><img decoding=\"async\" src=\"https:\/\/evangelische-beratung.com\/tr\/wp-content\/uploads\/sites\/8\/2020\/01\/Susanne-Schupp_Beratung-und-Therapie-fuer-Fluechtlinge-300x300.jpg\" \/><\/figure><div class=\"id-card-details\"><p class=\"id-card-name\">Susanne Schupp<\/p><p class=\"id-card-job\">Beratung<\/p><p class=\"id-card-location\">Frankfurt<\/p><p class=\"id-card-phone\">069 \/ 53 02 291<\/p><p class=\"id-card-email\"><a href=\"&#109;&#x61;&#x69;l&#116;&#x6f;:&#102;&#x6c;&#x75;e&#99;&#x68;t&#108;&#x69;&#x6e;g&#115;&#x62;e&#114;&#x61;&#x74;&#117;&#110;&#x67;&#64;&#102;&#x72;&#x61;&#110;&#x6b;&#x66;u&#114;&#x74;-&#101;&#x76;&#x61;n&#103;&#x65;l&#105;&#x73;&#x63;h&#46;&#x64;e\">E-Mail<\/a><\/p><\/div><\/div><\/div>\n<\/div>\n\n\n\n<div class=\"wp-block-column is-layout-flow wp-block-column-is-layout-flow\">\n<div class=\"wp-block-erv-id-card\"><div class=\"id-card-content\"><figure class=\"id-card-photo\"><img decoding=\"async\" src=\"https:\/\/evangelische-beratung.com\/tr\/wp-content\/uploads\/sites\/8\/2020\/01\/Barbara-Lueken_Beratung-und-Therapie-fuer-Fluechtlinge_Neu-1-300x300.jpg\" \/><\/figure><div class=\"id-card-details\"><p class=\"id-card-name\">Barbara Lueken <\/p><p class=\"id-card-job\">Beratung<\/p><p class=\"id-card-location\">Frankfurt<\/p><p class=\"id-card-phone\">069 \/ 53 02 291<\/p><p class=\"id-card-email\"><a href=\"&#109;&#x61;i&#x6c;&#x74;&#111;&#x3a;f&#108;&#x75;&#101;&#x63;h&#116;&#x6c;i&#x6e;g&#115;&#x62;e&#x72;&#x61;&#116;&#x75;n&#103;&#x40;&#102;&#x72;a&#110;&#x6b;&#102;&#x75;r&#116;&#x2d;e&#x76;&#x61;&#110;&#x67;e&#108;&#x69;&#115;&#x63;h&#46;&#x64;&#101;\">E-Mail<\/a><\/p><\/div><\/div><\/div>\n\n\n\n<div class=\"wp-block-erv-id-card\"><div class=\"id-card-content\"><figure class=\"id-card-photo\"><img decoding=\"async\" src=\"https:\/\/evangelische-beratung.com\/wp-content\/uploads\/2020\/01\/Miriam-Schwarz_Beratung-und-Therapie-fuer-Fluechtlinge-300x300.jpg\" \/><\/figure><div class=\"id-card-details\"><p class=\"id-card-name\">Miriam Schwarz<\/p><p class=\"id-card-job\">Beratung<\/p><p class=\"id-card-location\">Frankfurt<\/p><p class=\"id-card-phone\">069 \/ 53 02 291<\/p><p class=\"id-card-email\"><a href=\"&#109;&#97;&#x69;l&#116;&#x6f;&#x3a;f&#108;&#x75;&#x65;c&#104;&#x74;&#x6c;i&#110;&#x67;&#x73;b&#101;&#x72;&#x61;t&#117;&#x6e;g&#64;&#102;&#x72;a&#110;&#x6b;&#x66;u&#114;&#x74;&#x2d;e&#118;&#x61;&#x6e;g&#101;&#x6c;&#x69;s&#99;&#x68;&#x2e;&#100;&#101;\">E-Mail<\/a><\/p><\/div><\/div><\/div>\n<\/div>\n\n\n\n<div class=\"wp-block-column is-layout-flow wp-block-column-is-layout-flow\">\n<div class=\"wp-block-erv-id-card\"><div class=\"id-card-content\"><figure class=\"id-card-photo\"><img decoding=\"async\" src=\"https:\/\/evangelische-beratung.com\/wp-content\/uploads\/2023\/09\/EWA-Maksym-Akdogan-212x300.png\" \/><\/figure><div class=\"id-card-details\"><p class=\"id-card-name\">Ewa Maksym-Akdogan<\/p><p class=\"id-card-job\">Sekretariat<\/p><p class=\"id-card-location\">Frankfurt<\/p><p class=\"id-card-phone\">069 \/ 53 02 159<\/p><p class=\"id-card-email\"><a href=\"&#x6d;&#x61;&#x69;&#x6c;&#116;&#111;&#58;&#109;igr&#x61;&#x74;&#x69;&#x6f;&#x6e;&#115;&#98;&#101;rat&#x75;&#x6e;&#x67;&#x40;&#x66;&#114;&#97;&#110;kfu&#x72;&#x74;&#x2d;&#x65;&#x76;&#97;&#110;&#103;eli&#x73;&#x63;&#x68;&#x2e;&#x64;&#101;\">E-Mail<\/a><\/p><\/div><\/div><\/div>\n<\/div>\n<\/div>\n","protected":false},"excerpt":{"rendered":"<p>Sizlere, G\u00fcnl\u00fck ya\u015famda b\u00fcy\u00fck veya k\u00fc\u00e7\u00fck olsun, g\u00fc\u00e7l\u00fck te\u015fkil eden t\u00fcm sorular\u0131n\u0131za Dan\u0131\u015fmanl\u0131k hizmeti sunuyoruz. Bizimle temasa ge\u00e7iniz, \u015fayet: G\u00fcnl\u00fck ya\u015fant\u0131n\u0131zda destek ar\u0131yorsan\u0131z. Sa\u011fl\u0131k sorunlar\u0131, aile konular\u0131, hakk\u0131nda sorular\u0131n\u0131z varsa Karar verme de veya y\u00f6nlendirilmede deste\u011fe ihtiyac\u0131n\u0131z olursa. Size g\u00fc\u00e7l\u00fck te\u015fkil eden ya\u015fam Ko\u015fullar\u0131nda bulunuyorsan\u0131z. Ailevi, \u015fahsi ya da psikolojik sorunlar\u0131n\u0131z varsa. Birlikte bir \u00c7\u00f6z\u00fcm [&hellip;]<\/p>\n","protected":false},"author":5,"featured_media":36,"parent":16,"menu_order":0,"comment_status":"closed","ping_status":"closed","template":"","meta":{"footnotes":""},"class_list":["post-266","page","type-page","status-publish","has-post-thumbnail","hentry"],"yoast_head":"<!-- This site is optimized with the Yoast SEO plugin v27.6 - https:\/\/yoast.com\/product\/yoast-seo-wordpress\/ -->\n<title>Psychosoziale Beratung in Frankfurt beim Ev. Regionalverband<\/title>\n<meta name=\"description\" content=\"Unsere Fachkr\u00e4fte aus Sozialarbeit, Sozialp\u00e4dagogik und Pschologie beraten Sie kostenlos, freiwillig und unabh\u00e4ngig im Evangelischen Beratungszentrum Am Wei\u00dfen Stein.\" \/>\n<meta name=\"robots\" content=\"index, follow, max-snippet:-1, max-image-preview:large, max-video-preview:-1\" \/>\n<link rel=\"canonical\" href=\"https:\/\/evangelische-beratung.com\/tr\/migration-flucht\/psychosoziale-beratung\/\" \/>\n<meta property=\"og:locale\" content=\"tr_TR\" \/>\n<meta property=\"og:type\" content=\"article\" \/>\n<meta property=\"og:title\" content=\"Psychosoziale Beratung in Frankfurt beim Ev. Regionalverband\" \/>\n<meta property=\"og:description\" content=\"Unsere Fachkr\u00e4fte aus Sozialarbeit, Sozialp\u00e4dagogik und Pschologie beraten Sie kostenlos, freiwillig und unabh\u00e4ngig im Evangelischen Beratungszentrum Am Wei\u00dfen Stein.\" \/>\n<meta property=\"og:url\" content=\"https:\/\/evangelische-beratung.com\/tr\/migration-flucht\/psychosoziale-beratung\/\" \/>\n<meta property=\"og:site_name\" content=\"Evangelischer Regionalverband\" \/>\n<meta property=\"article:modified_time\" content=\"2020-03-06T20:09:43+00:00\" \/>\n<meta property=\"og:image\" content=\"https:\/\/evangelische-beratung.com\/tr\/wp-content\/uploads\/sites\/8\/2019\/07\/humberto-chavez-Ilo0ZD5o-q8-unsplash.jpg\" \/>\n\t<meta property=\"og:image:width\" content=\"1800\" \/>\n\t<meta property=\"og:image:height\" content=\"1200\" \/>\n\t<meta property=\"og:image:type\" content=\"image\/jpeg\" \/>\n<meta name=\"twitter:card\" content=\"summary_large_image\" \/>\n<meta name=\"twitter:label1\" content=\"Tahmini okuma s\u00fcresi\" \/>\n\t<meta name=\"twitter:data1\" content=\"1 dakika\" \/>\n<script type=\"application\/ld+json\" class=\"yoast-schema-graph\">{\"@context\":\"https:\\\/\\\/schema.org\",\"@graph\":[{\"@type\":\"WebPage\",\"@id\":\"https:\\\/\\\/evangelische-beratung.com\\\/tr\\\/migration-flucht\\\/psychosoziale-beratung\\\/\",\"url\":\"https:\\\/\\\/evangelische-beratung.com\\\/tr\\\/migration-flucht\\\/psychosoziale-beratung\\\/\",\"name\":\"Psychosoziale Beratung in Frankfurt beim Ev. Regionalverband\",\"isPartOf\":{\"@id\":\"https:\\\/\\\/evangelische-beratung.com\\\/tr\\\/#website\"},\"primaryImageOfPage\":{\"@id\":\"https:\\\/\\\/evangelische-beratung.com\\\/tr\\\/migration-flucht\\\/psychosoziale-beratung\\\/#primaryimage\"},\"image\":{\"@id\":\"https:\\\/\\\/evangelische-beratung.com\\\/tr\\\/migration-flucht\\\/psychosoziale-beratung\\\/#primaryimage\"},\"thumbnailUrl\":\"https:\\\/\\\/evangelische-beratung.com\\\/tr\\\/wp-content\\\/uploads\\\/sites\\\/8\\\/2019\\\/07\\\/humberto-chavez-Ilo0ZD5o-q8-unsplash.jpg\",\"datePublished\":\"2019-08-16T12:52:06+00:00\",\"dateModified\":\"2020-03-06T20:09:43+00:00\",\"description\":\"Unsere Fachkr\u00e4fte aus Sozialarbeit, Sozialp\u00e4dagogik und Pschologie beraten Sie kostenlos, freiwillig und unabh\u00e4ngig im Evangelischen Beratungszentrum Am Wei\u00dfen Stein.\",\"breadcrumb\":{\"@id\":\"https:\\\/\\\/evangelische-beratung.com\\\/tr\\\/migration-flucht\\\/psychosoziale-beratung\\\/#breadcrumb\"},\"inLanguage\":\"tr\",\"potentialAction\":[{\"@type\":\"ReadAction\",\"target\":[\"https:\\\/\\\/evangelische-beratung.com\\\/tr\\\/migration-flucht\\\/psychosoziale-beratung\\\/\"]}]},{\"@type\":\"ImageObject\",\"inLanguage\":\"tr\",\"@id\":\"https:\\\/\\\/evangelische-beratung.com\\\/tr\\\/migration-flucht\\\/psychosoziale-beratung\\\/#primaryimage\",\"url\":\"https:\\\/\\\/evangelische-beratung.com\\\/tr\\\/wp-content\\\/uploads\\\/sites\\\/8\\\/2019\\\/07\\\/humberto-chavez-Ilo0ZD5o-q8-unsplash.jpg\",\"contentUrl\":\"https:\\\/\\\/evangelische-beratung.com\\\/tr\\\/wp-content\\\/uploads\\\/sites\\\/8\\\/2019\\\/07\\\/humberto-chavez-Ilo0ZD5o-q8-unsplash.jpg\",\"width\":1800,\"height\":1200},{\"@type\":\"BreadcrumbList\",\"@id\":\"https:\\\/\\\/evangelische-beratung.com\\\/tr\\\/migration-flucht\\\/psychosoziale-beratung\\\/#breadcrumb\",\"itemListElement\":[{\"@type\":\"ListItem\",\"position\":1,\"name\":\"Startseite\",\"item\":\"https:\\\/\\\/evangelische-beratung.com\\\/tr\\\/\"},{\"@type\":\"ListItem\",\"position\":2,\"name\":\"G\u00f6\u00e7 ve S\u0131\u011f\u0131nma\",\"item\":\"https:\\\/\\\/evangelische-beratung.com\\\/tr\\\/migration-flucht\\\/\"},{\"@type\":\"ListItem\",\"position\":3,\"name\":\"Psikolojik-Sosyal Dan\u0131\u015fmanl\u0131k\"}]},{\"@type\":\"WebSite\",\"@id\":\"https:\\\/\\\/evangelische-beratung.com\\\/tr\\\/#website\",\"url\":\"https:\\\/\\\/evangelische-beratung.com\\\/tr\\\/\",\"name\":\"Evangelischer Regionalverband\",\"description\":\"\",\"publisher\":{\"@id\":\"https:\\\/\\\/evangelische-beratung.com\\\/tr\\\/#organization\"},\"potentialAction\":[{\"@type\":\"SearchAction\",\"target\":{\"@type\":\"EntryPoint\",\"urlTemplate\":\"https:\\\/\\\/evangelische-beratung.com\\\/tr\\\/?s={search_term_string}\"},\"query-input\":{\"@type\":\"PropertyValueSpecification\",\"valueRequired\":true,\"valueName\":\"search_term_string\"}}],\"inLanguage\":\"tr\"},{\"@type\":\"Organization\",\"@id\":\"https:\\\/\\\/evangelische-beratung.com\\\/tr\\\/#organization\",\"name\":\"Evangelischer Regionalverband Frankfurt und Offenbach\",\"url\":\"https:\\\/\\\/evangelische-beratung.com\\\/tr\\\/\",\"logo\":{\"@type\":\"ImageObject\",\"inLanguage\":\"tr\",\"@id\":\"https:\\\/\\\/evangelische-beratung.com\\\/tr\\\/#\\\/schema\\\/logo\\\/image\\\/\",\"url\":\"https:\\\/\\\/evangelische-beratung.com\\\/tr\\\/wp-content\\\/uploads\\\/sites\\\/8\\\/2019\\\/10\\\/erv-logo.png\",\"contentUrl\":\"https:\\\/\\\/evangelische-beratung.com\\\/tr\\\/wp-content\\\/uploads\\\/sites\\\/8\\\/2019\\\/10\\\/erv-logo.png\",\"width\":1127,\"height\":595,\"caption\":\"Evangelischer Regionalverband Frankfurt und Offenbach\"},\"image\":{\"@id\":\"https:\\\/\\\/evangelische-beratung.com\\\/tr\\\/#\\\/schema\\\/logo\\\/image\\\/\"}}]}<\/script>\n<!-- \/ Yoast SEO plugin. -->","yoast_head_json":{"title":"Psychosoziale Beratung in Frankfurt beim Ev. Regionalverband","description":"Unsere Fachkr\u00e4fte aus Sozialarbeit, Sozialp\u00e4dagogik und Pschologie beraten Sie kostenlos, freiwillig und unabh\u00e4ngig im Evangelischen Beratungszentrum Am Wei\u00dfen Stein.","robots":{"index":"index","follow":"follow","max-snippet":"max-snippet:-1","max-image-preview":"max-image-preview:large","max-video-preview":"max-video-preview:-1"},"canonical":"https:\/\/evangelische-beratung.com\/tr\/migration-flucht\/psychosoziale-beratung\/","og_locale":"tr_TR","og_type":"article","og_title":"Psychosoziale Beratung in Frankfurt beim Ev. Regionalverband","og_description":"Unsere Fachkr\u00e4fte aus Sozialarbeit, Sozialp\u00e4dagogik und Pschologie beraten Sie kostenlos, freiwillig und unabh\u00e4ngig im Evangelischen Beratungszentrum Am Wei\u00dfen Stein.","og_url":"https:\/\/evangelische-beratung.com\/tr\/migration-flucht\/psychosoziale-beratung\/","og_site_name":"Evangelischer Regionalverband","article_modified_time":"2020-03-06T20:09:43+00:00","og_image":[{"width":1800,"height":1200,"url":"https:\/\/evangelische-beratung.com\/tr\/wp-content\/uploads\/sites\/8\/2019\/07\/humberto-chavez-Ilo0ZD5o-q8-unsplash.jpg","type":"image\/jpeg"}],"twitter_card":"summary_large_image","twitter_misc":{"Tahmini okuma s\u00fcresi":"1 dakika"},"schema":{"@context":"https:\/\/schema.org","@graph":[{"@type":"WebPage","@id":"https:\/\/evangelische-beratung.com\/tr\/migration-flucht\/psychosoziale-beratung\/","url":"https:\/\/evangelische-beratung.com\/tr\/migration-flucht\/psychosoziale-beratung\/","name":"Psychosoziale Beratung in Frankfurt beim Ev. Regionalverband","isPartOf":{"@id":"https:\/\/evangelische-beratung.com\/tr\/#website"},"primaryImageOfPage":{"@id":"https:\/\/evangelische-beratung.com\/tr\/migration-flucht\/psychosoziale-beratung\/#primaryimage"},"image":{"@id":"https:\/\/evangelische-beratung.com\/tr\/migration-flucht\/psychosoziale-beratung\/#primaryimage"},"thumbnailUrl":"https:\/\/evangelische-beratung.com\/tr\/wp-content\/uploads\/sites\/8\/2019\/07\/humberto-chavez-Ilo0ZD5o-q8-unsplash.jpg","datePublished":"2019-08-16T12:52:06+00:00","dateModified":"2020-03-06T20:09:43+00:00","description":"Unsere Fachkr\u00e4fte aus Sozialarbeit, Sozialp\u00e4dagogik und Pschologie beraten Sie kostenlos, freiwillig und unabh\u00e4ngig im Evangelischen Beratungszentrum Am Wei\u00dfen Stein.","breadcrumb":{"@id":"https:\/\/evangelische-beratung.com\/tr\/migration-flucht\/psychosoziale-beratung\/#breadcrumb"},"inLanguage":"tr","potentialAction":[{"@type":"ReadAction","target":["https:\/\/evangelische-beratung.com\/tr\/migration-flucht\/psychosoziale-beratung\/"]}]},{"@type":"ImageObject","inLanguage":"tr","@id":"https:\/\/evangelische-beratung.com\/tr\/migration-flucht\/psychosoziale-beratung\/#primaryimage","url":"https:\/\/evangelische-beratung.com\/tr\/wp-content\/uploads\/sites\/8\/2019\/07\/humberto-chavez-Ilo0ZD5o-q8-unsplash.jpg","contentUrl":"https:\/\/evangelische-beratung.com\/tr\/wp-content\/uploads\/sites\/8\/2019\/07\/humberto-chavez-Ilo0ZD5o-q8-unsplash.jpg","width":1800,"height":1200},{"@type":"BreadcrumbList","@id":"https:\/\/evangelische-beratung.com\/tr\/migration-flucht\/psychosoziale-beratung\/#breadcrumb","itemListElement":[{"@type":"ListItem","position":1,"name":"Startseite","item":"https:\/\/evangelische-beratung.com\/tr\/"},{"@type":"ListItem","position":2,"name":"G\u00f6\u00e7 ve S\u0131\u011f\u0131nma","item":"https:\/\/evangelische-beratung.com\/tr\/migration-flucht\/"},{"@type":"ListItem","position":3,"name":"Psikolojik-Sosyal Dan\u0131\u015fmanl\u0131k"}]},{"@type":"WebSite","@id":"https:\/\/evangelische-beratung.com\/tr\/#website","url":"https:\/\/evangelische-beratung.com\/tr\/","name":"Evangelischer Regionalverband","description":"","publisher":{"@id":"https:\/\/evangelische-beratung.com\/tr\/#organization"},"potentialAction":[{"@type":"SearchAction","target":{"@type":"EntryPoint","urlTemplate":"https:\/\/evangelische-beratung.com\/tr\/?s={search_term_string}"},"query-input":{"@type":"PropertyValueSpecification","valueRequired":true,"valueName":"search_term_string"}}],"inLanguage":"tr"},{"@type":"Organization","@id":"https:\/\/evangelische-beratung.com\/tr\/#organization","name":"Evangelischer Regionalverband Frankfurt und Offenbach","url":"https:\/\/evangelische-beratung.com\/tr\/","logo":{"@type":"ImageObject","inLanguage":"tr","@id":"https:\/\/evangelische-beratung.com\/tr\/#\/schema\/logo\/image\/","url":"https:\/\/evangelische-beratung.com\/tr\/wp-content\/uploads\/sites\/8\/2019\/10\/erv-logo.png","contentUrl":"https:\/\/evangelische-beratung.com\/tr\/wp-content\/uploads\/sites\/8\/2019\/10\/erv-logo.png","width":1127,"height":595,"caption":"Evangelischer Regionalverband Frankfurt und Offenbach"},"image":{"@id":"https:\/\/evangelische-beratung.com\/tr\/#\/schema\/logo\/image\/"}}]}},"_links":{"self":[{"href":"https:\/\/evangelische-beratung.com\/tr\/wp-json\/wp\/v2\/pages\/266","targetHints":{"allow":["GET"]}}],"collection":[{"href":"https:\/\/evangelische-beratung.com\/tr\/wp-json\/wp\/v2\/pages"}],"about":[{"href":"https:\/\/evangelische-beratung.com\/tr\/wp-json\/wp\/v2\/types\/page"}],"author":[{"embeddable":true,"href":"https:\/\/evangelische-beratung.com\/tr\/wp-json\/wp\/v2\/users\/5"}],"replies":[{"embeddable":true,"href":"https:\/\/evangelische-beratung.com\/tr\/wp-json\/wp\/v2\/comments?post=266"}],"version-history":[{"count":0,"href":"https:\/\/evangelische-beratung.com\/tr\/wp-json\/wp\/v2\/pages\/266\/revisions"}],"up":[{"embeddable":true,"href":"https:\/\/evangelische-beratung.com\/tr\/wp-json\/wp\/v2\/pages\/16"}],"wp:featuredmedia":[{"embeddable":true,"href":"https:\/\/evangelische-beratung.com\/tr\/wp-json\/wp\/v2\/media\/36"}],"wp:attachment":[{"href":"https:\/\/evangelische-beratung.com\/tr\/wp-json\/wp\/v2\/media?parent=266"}],"curies":[{"name":"wp","href":"https:\/\/api.w.org\/{rel}","templated":true}]}}