{"id":257,"date":"2019-08-16T14:45:38","date_gmt":"2019-08-16T12:45:38","guid":{"rendered":"https:\/\/evangelische-beratung.com\/tr\/?page_id=257"},"modified":"2020-03-06T20:05:25","modified_gmt":"2020-03-06T19:05:25","slug":"beratung-und-therapie-fuer-fluechtlinge","status":"publish","type":"page","link":"https:\/\/evangelische-beratung.com\/tr\/migration-flucht\/beratung-und-therapie-fuer-fluechtlinge\/","title":{"rendered":"S\u0131\u011f\u0131nmac\u0131lar i\u00e7in dan\u0131\u015fmanl\u0131k ve terapi"},"content":{"rendered":"\n<p class=\"is-style-teaser\">Psikolojik yard\u0131m ar\u0131yorsan\u0131z, sizlere Dan\u0131\u015fmanl\u0131k hizmeti sunar\u0131z.<\/p>\n\n\n\n<figure class=\"wp-block-image alignwide\"><img loading=\"lazy\" decoding=\"async\" width=\"1024\" height=\"512\" src=\"https:\/\/evangelische-beratung.com\/tr\/wp-content\/uploads\/sites\/8\/2020\/01\/Beratung-und-Therapie-fuer-Fluechtlinge_HERO-1024x512.jpg\" alt=\"\" class=\"wp-image-822\" srcset=\"https:\/\/evangelische-beratung.com\/tr\/wp-content\/uploads\/sites\/8\/2020\/01\/Beratung-und-Therapie-fuer-Fluechtlinge_HERO-1024x512.jpg 1024w, https:\/\/evangelische-beratung.com\/tr\/wp-content\/uploads\/sites\/8\/2020\/01\/Beratung-und-Therapie-fuer-Fluechtlinge_HERO-300x150.jpg 300w, https:\/\/evangelische-beratung.com\/tr\/wp-content\/uploads\/sites\/8\/2020\/01\/Beratung-und-Therapie-fuer-Fluechtlinge_HERO-768x384.jpg 768w, https:\/\/evangelische-beratung.com\/tr\/wp-content\/uploads\/sites\/8\/2020\/01\/Beratung-und-Therapie-fuer-Fluechtlinge_HERO.jpg 1840w\" sizes=\"auto, 100vw\" \/><\/figure>\n\n\n\n<p>A\u015fa\u011f<strong>\u0131<\/strong>da sunulan Konularda bize ba\u015fvurabilirsiniz:<\/p>\n\n\n\n<ul class=\"wp-block-list\"><li><\/li><\/ul>\n\n\n\n<ul class=\"wp-block-list\"><li>Psikolojik dan\u0131\u015fmanl\u0131k ve terapi ar\u0131yorsan\u0131z? <\/li><li>Korkular\u0131n\u0131z m\u0131 var, \u00fczg\u00fcn m\u00fcs\u00fcn\u00fcz?<\/li><li>Hi\u00e7bir \u015feyi haf\u0131zan\u0131zda tutam\u0131yorsan\u0131z? <\/li><li>Geceleri uyuyam\u0131yorsan\u0131z?<\/li><li>Aniden uykudan uyan\u0131yorsan\u0131z ve Kalbiniz h\u0131zl\u0131 ve \u015fiddetli \u00e7arp\u0131yorsa?<\/li><\/ul>\n\n\n\n<p>G\u00f6\u00e7, i\u015fkence ve di\u011fer \u015fiddet deneyimleri yeti\u015fkinlerde, ergenlerde ve \u00e7ocuklarda \u00f6nemli \u00f6l\u00e7\u00fcde izler b\u0131rak\u0131r. Dan\u0131\u015fmanl\u0131k hizmetlerimizden yararlan\u0131n. Psikolojik ve bedensel yaralanmalar\u0131n yan\u0131 s\u0131ra, k\u00f6t\u00fc deneyimlerin \u00fcstesinden gelmenize yard\u0131mc\u0131 oluruz. <\/p>\n\n\n\n<p>Uzman bay ve bayan dan\u0131\u015fmanlar\u0131m\u0131z, psikolojik Tan\u0131 (Diyagnostik) ve Tedaviyi Almanca dilinde veya bay bayan Terc\u00fcmanlar deste\u011fi ile size dan\u0131\u015fmanl\u0131k sunuyorlar.<\/p>\n\n\n\n<p>Bu Dan\u0131\u015fma \u00fccretsizdir, g\u00f6n\u00fcll\u00fcd\u00fcr ve gizlilik esas\u0131na dayan\u0131r.  <\/p>\n\n\n\n<p style=\"text-align:center\" class=\"is-style-roof-line\">Randevu almak i\u00e7in ileti\u015fim<\/p>\n\n\n\n<div class=\"wp-block-columns alignwide has-3-columns is-layout-flex wp-container-core-columns-is-layout-9d6595d7 wp-block-columns-is-layout-flex\">\n<div class=\"wp-block-column is-layout-flow wp-block-column-is-layout-flow\">\n<div class=\"wp-block-erv-id-card\"><div class=\"id-card-content\"><figure class=\"id-card-photo\"><img decoding=\"async\" src=\"https:\/\/evangelische-beratung.com\/wp-content\/uploads\/2025\/01\/29112024CarolinAbraham05-300x200.jpeg\" \/><\/figure><div class=\"id-card-details\"><p class=\"id-card-name\">Carolin Abraham<\/p><p class=\"id-card-job\">Beratung<\/p><p class=\"id-card-location\">Frankfurt<\/p><p class=\"id-card-phone\">069 \/ 53 02 291<\/p><p class=\"id-card-email\"><a href=\"&#x6d;&#x61;&#x69;&#x6c;&#x74;&#x6f;&#x3a;&#x66;&#x6c;&#x75;&#x65;&#x63;&#x68;&#x74;&#x6c;&#x69;&#x6e;&#x67;&#x73;&#x62;&#x65;&#x72;&#97;&#116;&#117;&#110;&#103;&#64;&#102;&#114;&#97;&#110;&#107;&#102;&#117;&#114;&#116;-evangelisch&#x2e;&#x64;&#x65;\">E-Mail<\/a><\/p><\/div><\/div><\/div>\n\n\n\n<div class=\"wp-block-erv-id-card\"><div class=\"id-card-content\"><figure class=\"id-card-photo\"><img decoding=\"async\" src=\"https:\/\/evangelische-beratung.com\/tr\/wp-content\/uploads\/sites\/8\/2020\/01\/Susanne-Schupp_Beratung-und-Therapie-fuer-Fluechtlinge-300x300.jpg\" \/><\/figure><div class=\"id-card-details\"><p class=\"id-card-name\">Susanne Schupp<\/p><p class=\"id-card-job\">Beratung<\/p><p class=\"id-card-location\">Frankfurt<\/p><p class=\"id-card-phone\">069 \/ 53 02 291<\/p><p class=\"id-card-email\"><a href=\"&#x6d;a&#x69;&#108;&#x74;&#111;:&#x73;u&#x73;&#97;&#x6e;&#110;e&#x2e;&#115;&#x63;&#104;u&#x70;p&#x40;&#102;&#x72;&#97;n&#x6b;f&#x75;&#114;&#x74;&#x2d;e&#x76;&#97;&#x6e;&#103;e&#x6c;i&#x73;&#99;&#x68;&#46;d&#x65;\">E-Mail<\/a><\/p><\/div><\/div><\/div>\n<\/div>\n\n\n\n<div class=\"wp-block-column is-layout-flow wp-block-column-is-layout-flow\">\n<div class=\"wp-block-erv-id-card\"><div class=\"id-card-content\"><figure class=\"id-card-photo\"><img decoding=\"async\" src=\"https:\/\/evangelische-beratung.com\/wp-content\/uploads\/2019\/11\/barbara-lueken_beratung-und-therpie-fuer-fluechtlinge-e1576337462749-300x260.jpg\" \/><\/figure><div class=\"id-card-details\"><p class=\"id-card-name\">Barbara Lueken <\/p><p class=\"id-card-job\">Beratung<\/p><p class=\"id-card-location\">Frankfurt<\/p><p class=\"id-card-phone\">069 \/ 53 02 291<\/p><p class=\"id-card-email\"><a href=\"mail&#116;&#111;&#58;&#102;&#108;&#x75;&#x65;&#x63;&#x68;&#x74;&#x6c;&#x69;ngsb&#101;&#114;&#97;&#116;&#117;&#x6e;&#x67;&#x40;&#x66;&#x72;&#x61;&#x6e;&#x6b;furt&#45;&#101;&#118;&#97;&#110;&#x67;&#x65;&#x6c;&#x69;&#x73;&#x63;&#x68;&#x2e;de\">E-Mail<\/a><\/p><\/div><\/div><\/div>\n\n\n\n<div class=\"wp-block-erv-id-card\"><div class=\"id-card-content\"><figure class=\"id-card-photo\"><img decoding=\"async\" src=\"https:\/\/evangelische-beratung.com\/wp-content\/uploads\/2020\/01\/Miriam-Schwarz_Beratung-und-Therapie-fuer-Fluechtlinge-300x300.jpg\" \/><\/figure><div class=\"id-card-details\"><p class=\"id-card-name\">Miriam Schwarz<\/p><p class=\"id-card-job\">Beratung<\/p><p class=\"id-card-location\">Frankfurt<\/p><p class=\"id-card-phone\">069 \/ 53 02 291<\/p><p class=\"id-card-email\"><a href=\"&#109;a&#x69;l&#x74;o&#x3a;f&#x6c;&#117;&#x65;&#99;&#x68;&#116;&#x6c;&#105;n&#103;s&#x62;e&#x72;a&#x74;&#117;&#x6e;&#103;&#x40;&#102;&#x72;&#97;&#x6e;&#107;f&#117;r&#x74;-&#x65;v&#x61;&#110;&#x67;&#101;&#x6c;&#105;&#x73;&#99;&#x68;&#46;d&#x65;\">E-Mail<\/a><\/p><\/div><\/div><\/div>\n<\/div>\n\n\n\n<div class=\"wp-block-column is-layout-flow wp-block-column-is-layout-flow\">\n<div class=\"wp-block-erv-id-card\"><div class=\"id-card-content\"><figure class=\"id-card-photo\"><img decoding=\"async\" src=\"https:\/\/evangelische-beratung.com\/tr\/wp-content\/uploads\/sites\/8\/2020\/01\/Karin-Mueller_Verwaltung-Beratung-und-Therapie-fuer-Fluechtlinge-und-Sozialberatung-fuer-Migranten-300x300.jpg\" \/><\/figure><div class=\"id-card-details\"><p class=\"id-card-name\">Karin M\u00fcller<\/p><p class=\"id-card-job\">Sekretariat<\/p><p class=\"id-card-location\">Frankfurt<\/p><p class=\"id-card-phone\">069 \/ 53 02 291<\/p><p class=\"id-card-email\"><a href=\"&#x6d;&#97;i&#x6c;&#116;o&#x3a;&#102;l&#x75;&#x65;&#99;&#x68;&#x74;&#108;i&#x6e;&#103;s&#x62;&#101;r&#x61;&#x74;&#117;&#x6e;&#x67;&#64;f&#x72;&#97;n&#x6b;&#102;u&#x72;&#116;-&#x65;&#x76;&#97;&#x6e;&#x67;&#101;l&#x69;&#115;c&#x68;&#46;d&#x65;\">E-Mail<\/a><\/p><\/div><\/div><\/div>\n<\/div>\n<\/div>\n","protected":false},"excerpt":{"rendered":"<p>Psikolojik yard\u0131m ar\u0131yorsan\u0131z, sizlere Dan\u0131\u015fmanl\u0131k hizmeti sunar\u0131z. A\u015fa\u011f\u0131da sunulan Konularda bize ba\u015fvurabilirsiniz: Psikolojik dan\u0131\u015fmanl\u0131k ve terapi ar\u0131yorsan\u0131z? Korkular\u0131n\u0131z m\u0131 var, \u00fczg\u00fcn m\u00fcs\u00fcn\u00fcz? Hi\u00e7bir \u015feyi haf\u0131zan\u0131zda tutam\u0131yorsan\u0131z? Geceleri uyuyam\u0131yorsan\u0131z? Aniden uykudan uyan\u0131yorsan\u0131z ve Kalbiniz h\u0131zl\u0131 ve \u015fiddetli \u00e7arp\u0131yorsa? G\u00f6\u00e7, i\u015fkence ve di\u011fer \u015fiddet deneyimleri yeti\u015fkinlerde, ergenlerde ve \u00e7ocuklarda \u00f6nemli \u00f6l\u00e7\u00fcde izler b\u0131rak\u0131r. Dan\u0131\u015fmanl\u0131k hizmetlerimizden yararlan\u0131n. Psikolojik [&hellip;]<\/p>\n","protected":false},"author":5,"featured_media":36,"parent":16,"menu_order":0,"comment_status":"closed","ping_status":"closed","template":"","meta":{"footnotes":""},"class_list":["post-257","page","type-page","status-publish","has-post-thumbnail","hentry"],"yoast_head":"<!-- This site is optimized with the Yoast SEO plugin v27.4 - https:\/\/yoast.com\/product\/yoast-seo-wordpress\/ -->\n<title>Beratung und Therapie f\u00fcr Fl\u00fcchtlinge in Frankfurt beim Ev. Regionalverband<\/title>\n<meta name=\"description\" content=\"Flucht und Folter hinterlassen Spuren bei Erwachsenen, Jugendlichen und Kindern. Nutzen Sie unserer Beratungsangebot. Wir helfen Ihnen.\" \/>\n<meta name=\"robots\" content=\"index, follow, max-snippet:-1, max-image-preview:large, max-video-preview:-1\" \/>\n<link rel=\"canonical\" href=\"https:\/\/evangelische-beratung.com\/tr\/migration-flucht\/beratung-und-therapie-fuer-fluechtlinge\/\" \/>\n<meta property=\"og:locale\" content=\"tr_TR\" \/>\n<meta property=\"og:type\" content=\"article\" \/>\n<meta property=\"og:title\" content=\"Beratung und Therapie f\u00fcr Fl\u00fcchtlinge in Frankfurt beim Ev. Regionalverband\" \/>\n<meta property=\"og:description\" content=\"Flucht und Folter hinterlassen Spuren bei Erwachsenen, Jugendlichen und Kindern. Nutzen Sie unserer Beratungsangebot. Wir helfen Ihnen.\" \/>\n<meta property=\"og:url\" content=\"https:\/\/evangelische-beratung.com\/tr\/migration-flucht\/beratung-und-therapie-fuer-fluechtlinge\/\" \/>\n<meta property=\"og:site_name\" content=\"Evangelischer Regionalverband\" \/>\n<meta property=\"article:modified_time\" content=\"2020-03-06T19:05:25+00:00\" \/>\n<meta property=\"og:image\" content=\"https:\/\/evangelische-beratung.com\/tr\/wp-content\/uploads\/sites\/8\/2019\/07\/humberto-chavez-Ilo0ZD5o-q8-unsplash.jpg\" \/>\n\t<meta property=\"og:image:width\" content=\"1800\" \/>\n\t<meta property=\"og:image:height\" content=\"1200\" \/>\n\t<meta property=\"og:image:type\" content=\"image\/jpeg\" \/>\n<meta name=\"twitter:card\" content=\"summary_large_image\" \/>\n<meta name=\"twitter:label1\" content=\"Tahmini okuma s\u00fcresi\" \/>\n\t<meta name=\"twitter:data1\" content=\"1 dakika\" \/>\n<script type=\"application\/ld+json\" class=\"yoast-schema-graph\">{\"@context\":\"https:\\\/\\\/schema.org\",\"@graph\":[{\"@type\":\"WebPage\",\"@id\":\"https:\\\/\\\/evangelische-beratung.com\\\/tr\\\/migration-flucht\\\/beratung-und-therapie-fuer-fluechtlinge\\\/\",\"url\":\"https:\\\/\\\/evangelische-beratung.com\\\/tr\\\/migration-flucht\\\/beratung-und-therapie-fuer-fluechtlinge\\\/\",\"name\":\"Beratung und Therapie f\u00fcr Fl\u00fcchtlinge in Frankfurt beim Ev. Regionalverband\",\"isPartOf\":{\"@id\":\"https:\\\/\\\/evangelische-beratung.com\\\/tr\\\/#website\"},\"primaryImageOfPage\":{\"@id\":\"https:\\\/\\\/evangelische-beratung.com\\\/tr\\\/migration-flucht\\\/beratung-und-therapie-fuer-fluechtlinge\\\/#primaryimage\"},\"image\":{\"@id\":\"https:\\\/\\\/evangelische-beratung.com\\\/tr\\\/migration-flucht\\\/beratung-und-therapie-fuer-fluechtlinge\\\/#primaryimage\"},\"thumbnailUrl\":\"https:\\\/\\\/evangelische-beratung.com\\\/tr\\\/wp-content\\\/uploads\\\/sites\\\/8\\\/2019\\\/07\\\/humberto-chavez-Ilo0ZD5o-q8-unsplash.jpg\",\"datePublished\":\"2019-08-16T12:45:38+00:00\",\"dateModified\":\"2020-03-06T19:05:25+00:00\",\"description\":\"Flucht und Folter hinterlassen Spuren bei Erwachsenen, Jugendlichen und Kindern. Nutzen Sie unserer Beratungsangebot. Wir helfen Ihnen.\",\"breadcrumb\":{\"@id\":\"https:\\\/\\\/evangelische-beratung.com\\\/tr\\\/migration-flucht\\\/beratung-und-therapie-fuer-fluechtlinge\\\/#breadcrumb\"},\"inLanguage\":\"tr\",\"potentialAction\":[{\"@type\":\"ReadAction\",\"target\":[\"https:\\\/\\\/evangelische-beratung.com\\\/tr\\\/migration-flucht\\\/beratung-und-therapie-fuer-fluechtlinge\\\/\"]}]},{\"@type\":\"ImageObject\",\"inLanguage\":\"tr\",\"@id\":\"https:\\\/\\\/evangelische-beratung.com\\\/tr\\\/migration-flucht\\\/beratung-und-therapie-fuer-fluechtlinge\\\/#primaryimage\",\"url\":\"https:\\\/\\\/evangelische-beratung.com\\\/tr\\\/wp-content\\\/uploads\\\/sites\\\/8\\\/2019\\\/07\\\/humberto-chavez-Ilo0ZD5o-q8-unsplash.jpg\",\"contentUrl\":\"https:\\\/\\\/evangelische-beratung.com\\\/tr\\\/wp-content\\\/uploads\\\/sites\\\/8\\\/2019\\\/07\\\/humberto-chavez-Ilo0ZD5o-q8-unsplash.jpg\",\"width\":1800,\"height\":1200},{\"@type\":\"BreadcrumbList\",\"@id\":\"https:\\\/\\\/evangelische-beratung.com\\\/tr\\\/migration-flucht\\\/beratung-und-therapie-fuer-fluechtlinge\\\/#breadcrumb\",\"itemListElement\":[{\"@type\":\"ListItem\",\"position\":1,\"name\":\"Startseite\",\"item\":\"https:\\\/\\\/evangelische-beratung.com\\\/tr\\\/\"},{\"@type\":\"ListItem\",\"position\":2,\"name\":\"G\u00f6\u00e7 ve S\u0131\u011f\u0131nma\",\"item\":\"https:\\\/\\\/evangelische-beratung.com\\\/tr\\\/migration-flucht\\\/\"},{\"@type\":\"ListItem\",\"position\":3,\"name\":\"S\u0131\u011f\u0131nmac\u0131lar i\u00e7in dan\u0131\u015fmanl\u0131k ve terapi\"}]},{\"@type\":\"WebSite\",\"@id\":\"https:\\\/\\\/evangelische-beratung.com\\\/tr\\\/#website\",\"url\":\"https:\\\/\\\/evangelische-beratung.com\\\/tr\\\/\",\"name\":\"Evangelischer Regionalverband\",\"description\":\"\",\"publisher\":{\"@id\":\"https:\\\/\\\/evangelische-beratung.com\\\/tr\\\/#organization\"},\"potentialAction\":[{\"@type\":\"SearchAction\",\"target\":{\"@type\":\"EntryPoint\",\"urlTemplate\":\"https:\\\/\\\/evangelische-beratung.com\\\/tr\\\/?s={search_term_string}\"},\"query-input\":{\"@type\":\"PropertyValueSpecification\",\"valueRequired\":true,\"valueName\":\"search_term_string\"}}],\"inLanguage\":\"tr\"},{\"@type\":\"Organization\",\"@id\":\"https:\\\/\\\/evangelische-beratung.com\\\/tr\\\/#organization\",\"name\":\"Evangelischer Regionalverband Frankfurt und Offenbach\",\"url\":\"https:\\\/\\\/evangelische-beratung.com\\\/tr\\\/\",\"logo\":{\"@type\":\"ImageObject\",\"inLanguage\":\"tr\",\"@id\":\"https:\\\/\\\/evangelische-beratung.com\\\/tr\\\/#\\\/schema\\\/logo\\\/image\\\/\",\"url\":\"https:\\\/\\\/evangelische-beratung.com\\\/tr\\\/wp-content\\\/uploads\\\/sites\\\/8\\\/2019\\\/10\\\/erv-logo.png\",\"contentUrl\":\"https:\\\/\\\/evangelische-beratung.com\\\/tr\\\/wp-content\\\/uploads\\\/sites\\\/8\\\/2019\\\/10\\\/erv-logo.png\",\"width\":1127,\"height\":595,\"caption\":\"Evangelischer Regionalverband Frankfurt und Offenbach\"},\"image\":{\"@id\":\"https:\\\/\\\/evangelische-beratung.com\\\/tr\\\/#\\\/schema\\\/logo\\\/image\\\/\"}}]}<\/script>\n<!-- \/ Yoast SEO plugin. -->","yoast_head_json":{"title":"Beratung und Therapie f\u00fcr Fl\u00fcchtlinge in Frankfurt beim Ev. Regionalverband","description":"Flucht und Folter hinterlassen Spuren bei Erwachsenen, Jugendlichen und Kindern. Nutzen Sie unserer Beratungsangebot. Wir helfen Ihnen.","robots":{"index":"index","follow":"follow","max-snippet":"max-snippet:-1","max-image-preview":"max-image-preview:large","max-video-preview":"max-video-preview:-1"},"canonical":"https:\/\/evangelische-beratung.com\/tr\/migration-flucht\/beratung-und-therapie-fuer-fluechtlinge\/","og_locale":"tr_TR","og_type":"article","og_title":"Beratung und Therapie f\u00fcr Fl\u00fcchtlinge in Frankfurt beim Ev. Regionalverband","og_description":"Flucht und Folter hinterlassen Spuren bei Erwachsenen, Jugendlichen und Kindern. Nutzen Sie unserer Beratungsangebot. Wir helfen Ihnen.","og_url":"https:\/\/evangelische-beratung.com\/tr\/migration-flucht\/beratung-und-therapie-fuer-fluechtlinge\/","og_site_name":"Evangelischer Regionalverband","article_modified_time":"2020-03-06T19:05:25+00:00","og_image":[{"width":1800,"height":1200,"url":"https:\/\/evangelische-beratung.com\/tr\/wp-content\/uploads\/sites\/8\/2019\/07\/humberto-chavez-Ilo0ZD5o-q8-unsplash.jpg","type":"image\/jpeg"}],"twitter_card":"summary_large_image","twitter_misc":{"Tahmini okuma s\u00fcresi":"1 dakika"},"schema":{"@context":"https:\/\/schema.org","@graph":[{"@type":"WebPage","@id":"https:\/\/evangelische-beratung.com\/tr\/migration-flucht\/beratung-und-therapie-fuer-fluechtlinge\/","url":"https:\/\/evangelische-beratung.com\/tr\/migration-flucht\/beratung-und-therapie-fuer-fluechtlinge\/","name":"Beratung und Therapie f\u00fcr Fl\u00fcchtlinge in Frankfurt beim Ev. Regionalverband","isPartOf":{"@id":"https:\/\/evangelische-beratung.com\/tr\/#website"},"primaryImageOfPage":{"@id":"https:\/\/evangelische-beratung.com\/tr\/migration-flucht\/beratung-und-therapie-fuer-fluechtlinge\/#primaryimage"},"image":{"@id":"https:\/\/evangelische-beratung.com\/tr\/migration-flucht\/beratung-und-therapie-fuer-fluechtlinge\/#primaryimage"},"thumbnailUrl":"https:\/\/evangelische-beratung.com\/tr\/wp-content\/uploads\/sites\/8\/2019\/07\/humberto-chavez-Ilo0ZD5o-q8-unsplash.jpg","datePublished":"2019-08-16T12:45:38+00:00","dateModified":"2020-03-06T19:05:25+00:00","description":"Flucht und Folter hinterlassen Spuren bei Erwachsenen, Jugendlichen und Kindern. Nutzen Sie unserer Beratungsangebot. Wir helfen Ihnen.","breadcrumb":{"@id":"https:\/\/evangelische-beratung.com\/tr\/migration-flucht\/beratung-und-therapie-fuer-fluechtlinge\/#breadcrumb"},"inLanguage":"tr","potentialAction":[{"@type":"ReadAction","target":["https:\/\/evangelische-beratung.com\/tr\/migration-flucht\/beratung-und-therapie-fuer-fluechtlinge\/"]}]},{"@type":"ImageObject","inLanguage":"tr","@id":"https:\/\/evangelische-beratung.com\/tr\/migration-flucht\/beratung-und-therapie-fuer-fluechtlinge\/#primaryimage","url":"https:\/\/evangelische-beratung.com\/tr\/wp-content\/uploads\/sites\/8\/2019\/07\/humberto-chavez-Ilo0ZD5o-q8-unsplash.jpg","contentUrl":"https:\/\/evangelische-beratung.com\/tr\/wp-content\/uploads\/sites\/8\/2019\/07\/humberto-chavez-Ilo0ZD5o-q8-unsplash.jpg","width":1800,"height":1200},{"@type":"BreadcrumbList","@id":"https:\/\/evangelische-beratung.com\/tr\/migration-flucht\/beratung-und-therapie-fuer-fluechtlinge\/#breadcrumb","itemListElement":[{"@type":"ListItem","position":1,"name":"Startseite","item":"https:\/\/evangelische-beratung.com\/tr\/"},{"@type":"ListItem","position":2,"name":"G\u00f6\u00e7 ve S\u0131\u011f\u0131nma","item":"https:\/\/evangelische-beratung.com\/tr\/migration-flucht\/"},{"@type":"ListItem","position":3,"name":"S\u0131\u011f\u0131nmac\u0131lar i\u00e7in dan\u0131\u015fmanl\u0131k ve terapi"}]},{"@type":"WebSite","@id":"https:\/\/evangelische-beratung.com\/tr\/#website","url":"https:\/\/evangelische-beratung.com\/tr\/","name":"Evangelischer Regionalverband","description":"","publisher":{"@id":"https:\/\/evangelische-beratung.com\/tr\/#organization"},"potentialAction":[{"@type":"SearchAction","target":{"@type":"EntryPoint","urlTemplate":"https:\/\/evangelische-beratung.com\/tr\/?s={search_term_string}"},"query-input":{"@type":"PropertyValueSpecification","valueRequired":true,"valueName":"search_term_string"}}],"inLanguage":"tr"},{"@type":"Organization","@id":"https:\/\/evangelische-beratung.com\/tr\/#organization","name":"Evangelischer Regionalverband Frankfurt und Offenbach","url":"https:\/\/evangelische-beratung.com\/tr\/","logo":{"@type":"ImageObject","inLanguage":"tr","@id":"https:\/\/evangelische-beratung.com\/tr\/#\/schema\/logo\/image\/","url":"https:\/\/evangelische-beratung.com\/tr\/wp-content\/uploads\/sites\/8\/2019\/10\/erv-logo.png","contentUrl":"https:\/\/evangelische-beratung.com\/tr\/wp-content\/uploads\/sites\/8\/2019\/10\/erv-logo.png","width":1127,"height":595,"caption":"Evangelischer Regionalverband Frankfurt und Offenbach"},"image":{"@id":"https:\/\/evangelische-beratung.com\/tr\/#\/schema\/logo\/image\/"}}]}},"_links":{"self":[{"href":"https:\/\/evangelische-beratung.com\/tr\/wp-json\/wp\/v2\/pages\/257","targetHints":{"allow":["GET"]}}],"collection":[{"href":"https:\/\/evangelische-beratung.com\/tr\/wp-json\/wp\/v2\/pages"}],"about":[{"href":"https:\/\/evangelische-beratung.com\/tr\/wp-json\/wp\/v2\/types\/page"}],"author":[{"embeddable":true,"href":"https:\/\/evangelische-beratung.com\/tr\/wp-json\/wp\/v2\/users\/5"}],"replies":[{"embeddable":true,"href":"https:\/\/evangelische-beratung.com\/tr\/wp-json\/wp\/v2\/comments?post=257"}],"version-history":[{"count":0,"href":"https:\/\/evangelische-beratung.com\/tr\/wp-json\/wp\/v2\/pages\/257\/revisions"}],"up":[{"embeddable":true,"href":"https:\/\/evangelische-beratung.com\/tr\/wp-json\/wp\/v2\/pages\/16"}],"wp:featuredmedia":[{"embeddable":true,"href":"https:\/\/evangelische-beratung.com\/tr\/wp-json\/wp\/v2\/media\/36"}],"wp:attachment":[{"href":"https:\/\/evangelische-beratung.com\/tr\/wp-json\/wp\/v2\/media?parent=257"}],"curies":[{"name":"wp","href":"https:\/\/api.w.org\/{rel}","templated":true}]}}