{"id":253,"date":"2019-08-16T13:20:18","date_gmt":"2019-08-16T11:20:18","guid":{"rendered":"https:\/\/evangelische-beratung.com\/tr\/?page_id=253"},"modified":"2020-03-27T09:55:34","modified_gmt":"2020-03-27T08:55:34","slug":"medikatmente","status":"publish","type":"page","link":"https:\/\/evangelische-beratung.com\/tr\/sucht\/medikatmente\/","title":{"rendered":"\u0130la\u00e7lar"},"content":{"rendered":"\n<p class=\"is-style-teaser\">\u0130la\u00e7 kullan\u0131m\u0131nda sorunlar m\u0131 var? Size, y\u00f6nlendirici Dan\u0131\u015fmanl\u0131k hizmeti&nbsp;sunuyoruz.<\/p>\n\n\n\n<p>Benzer konularda bize ula\u015f\u0131n:<\/p>\n\n\n\n<ul class=\"wp-block-list\"><li>\u0130la\u00e7 Ba\u011f\u0131ml\u0131l\u0131k konu hakk\u0131nda genel bilgilendirmeler<\/li><li>\u0130la\u00e7 Ba\u011f\u0131ml\u0131l\u0131\u011f\u0131n\u0131z\u0131n, &nbsp;tarafs\u0131z ve yarg\u0131s\u0131z &nbsp;de\u011ferlerindermesi<\/li><li>\u0130la\u00e7 kullan\u0131m Sorunlar\u0131nda, hem ba\u011f\u0131ml\u0131 ki\u015fiye hem de ba\u011f\u0131ml\u0131 ki\u015finin sosyal \u00e7evresine dan\u0131\u015fmalar (ki\u015finin Ailesine, yak\u0131nlar\u0131na ve i\u015f \u00e7evresine).<\/li><li><a href=\"https:\/\/evangelische-beratung.com\/tr\/sucht\/angehoerigenberatung\/\">Angeh\u00f6rigenberatung<\/a><\/li><\/ul>\n\n\n\n<p>Size,  ila\u00e7 ba\u011f\u0131ml\u0131l\u0131\u011f\u0131nda, konu de\u011ferlendirmesi yap\u0131yoruz:<\/p>\n\n\n\n<p>Yapaca\u011f\u0131m\u0131z, ila\u00e7 ba\u011f\u0131ml\u0131l\u0131\u011f\u0131 de\u011ferlendirmesinden sonra, ki\u015fisel ihtiyac\u0131n\u0131za ve size yap\u0131lan Te\u015fhise g\u00f6re yard\u0131m teklifleri sunuyoruz. \u00d6rne\u011fin, Ba\u011f\u0131ml\u0131 hastal\u0131k Ar\u0131nd\u0131rma Tedavisi veya yetkili doktorla g\u00f6r\u00fc\u015f\u00fcp, tedavi de ki ila\u00e7lar\u0131n yeniden d\u00fczenlenmesi  konusunda destekleriz.<\/p>\n\n\n\n<p>  Bireysel-, E\u015fler- ve Ailesel g\u00f6r\u00fc\u015fmeleri sunuyoruz. <\/p>\n\n\n\n<p>Ba\u011f\u0131ml\u0131 hastal\u0131k tedavisi de kapsaml\u0131 ve b\u00fct\u00fcnsel yard\u0131m gerektirir. Bu nedenle, Ba\u011f\u0131ml\u0131 hastal\u0131k Ar\u0131nd\u0131rma tedavi merkezleri, konusunda uzman Klinikler, kendi kendine yard\u0131m Gruplar\u0131, Bor\u00e7lu ve icra dan\u0131\u015fmanl\u0131\u011f\u0131 ve di\u011fer sosyal hizmetler a\u011f\u0131nda i\u015fbirli\u011findeyiz.<\/p>\n\n\n\n<p>Say\u0131s\u0131 15 olan ba\u011f\u0131ml\u0131 kendi kendine yard\u0131m Gruplar\u0131yla i\u015fbirli\u011findeyiz. \u201eDer Freundeskreis Frankfurt \u201e ba\u011f\u0131ml\u0131l\u0131k kendi kendine yard\u0131m gruplar\u0131nda  organize edilmektedir. \u201eFrankfurt Dostluk \u00e7evresi\u201c t\u00fcm ba\u011f\u0131ml\u0131l\u0131k sorunlar\u0131na (alkol, yasad\u0131\u015f\u0131 uyu\u015fturucu, kumar, ila\u00e7, davran\u0131\u015f ba\u011f\u0131ml\u0131l\u0131\u011f\u0131) i\u00e7in bir teklif sunuyor. \u00d6rne\u011fin, Aile- veya kad\u0131n gruplar\u0131 gibi. Sizi, ba\u011f\u0131ml\u0131l\u0131k odakl\u0131, kendi kendine yard\u0131m gruplar\u0131yla Temasa girmenizi sa\u011flar\u0131z. <\/p>\n\n\n\n<p>Uzman bay ve bayan dan\u0131\u015fmanlar\u0131m\u0131z, Sosyal Hizmetler, Pedagoji ve Psikoloji dallar\u0131nda ei\u011fitim g\u00f6rm\u00fc\u015flerdir. <\/p>\n\n\n\n<p>Bu Dan\u0131\u015fmanl\u0131k hizmeti&nbsp; \u00fccretsiz olup, g\u00f6n\u00fcll\u00fcl\u00fck ve gizlilik esas\u0131na dayan\u0131r. Gerekti\u011finde Bay\/Bayan terc\u00fcmanlar \u00e7a\u011fr\u0131l\u0131r. <\/p>\n\n\n\n<div class=\"wp-block-erv-download -show-file-extension\"><span aria-hidden=\"true\"><span class=\"file-extension\">pdf<\/span><\/span><div class=\"title-and-description\"><p class=\"download-title -inverted-link-style\"><a href=\"https:\/\/evangelische-beratung.com\/tr\/wp-content\/uploads\/sites\/8\/2020\/01\/Faltblatt-Fachberater-Sucht-Angehoerigenworkshop-2019-Allgemein-Ohne-Termin.pdf\" target=\"_blank\" rel=\"noopener noreferrer\">Infoblatt zur Angeh\u00f6rigenberatung<\/a><\/p><p class=\"download-description\"><\/p><\/div><\/div>\n\n\n<div class=\"wp-block-erv-tile \">\n\t\t\t<div>\n\t\t\t<a href=\"https:\/\/evangelische-beratung.com\/tr\/sucht\/medikatmente\/therapieangebote\/\" tabindex=\"-1\" aria-hidden=\"true\" ><\/a>\n\t\t\t<h2 class=\"tile-title\"><a href=\"https:\/\/evangelische-beratung.com\/tr\/sucht\/medikatmente\/therapieangebote\/\" >\u0130la\u00e7 ba\u011f\u0131ml\u0131l\u0131\u011f\u0131n da Tedavi Teklifleri<\/a><\/h2>\n\t\t\t\n\t\t\t<p aria-hidden=\"true\" class=\"-is-micro\"><svg xmlns=\"http:\/\/www.w3.org\/2000\/svg\" viewBox=\"0 0 13 10\"><path d=\"M1.5 5H12M8 1l4 4-4 4\" fill=\"none\" stroke=\"#a22a45\" stroke-width=\"1.2\" stroke-linecap=\"round\" stroke-linejoin=\"round\"\/><\/svg><\/p>\n\t\t\t<\/div>\n\t\t<\/div>\n\n\n<p style=\"text-align:center\" class=\"is-style-roof-line\"><strong> ileti\u015fim yetkilileri<\/strong><\/p>\n\n\n\n<div class=\"wp-block-columns alignwide has-3-columns is-layout-flex wp-container-core-columns-is-layout-9d6595d7 wp-block-columns-is-layout-flex\">\n<div class=\"wp-block-column is-layout-flow wp-block-column-is-layout-flow\">\n<div class=\"wp-block-erv-id-card\"><div class=\"id-card-content\"><figure class=\"id-card-photo\"><img decoding=\"async\" src=\"https:\/\/evangelische-beratung.com\/wp-content\/uploads\/2019\/08\/Monika-Schiemann_Verwaltung-Suchtberatung-300x200.jpg\" \/><\/figure><div class=\"id-card-details\"><p class=\"id-card-name\">Monika Schiemann<\/p><p class=\"id-card-job\">Sekretariat &amp; Anmeldung<\/p><p class=\"id-card-location\">Frankfurt<\/p><p class=\"id-card-phone\">069 \/ 53 02 302 <\/p><p class=\"id-card-email\"><a href=\"&#109;&#x61;i&#x6c;&#x74;&#111;&#x3a;s&#x75;&#x63;&#104;&#x74;b&#x65;&#x72;&#97;&#x74;u&#x6e;&#x67;&#64;&#x66;r&#x61;&#x6e;&#107;&#x66;u&#x72;&#x74;&#45;&#x65;v&#x61;&#x6e;&#103;&#x65;l&#x69;&#x73;&#99;&#x68;&#46;&#x64;&#x65;\">E-Mail<\/a><\/p><\/div><\/div><\/div>\n\n\n\n<div class=\"wp-block-erv-id-card\"><div class=\"id-card-content\"><figure class=\"id-card-photo\"><img decoding=\"async\" src=\"https:\/\/evangelische-beratung.com\/wp-content\/uploads\/2020\/01\/portrait_platzhalter-1-300x300.jpg\"\/><\/figure><div class=\"id-card-details\"><p class=\"id-card-name\">Katrin Werland<\/p><p class=\"id-card-job\">Beratung &amp; Therapie<\/p><p class=\"id-card-location\">Frankfurt<\/p><p class=\"id-card-phone\">069 \/ 53 02 305<\/p><p class=\"id-card-email\"><a href=\"&#109;a&#x69;l&#x74;o&#x3a;k&#x61;t&#x72;i&#x6e;&#46;&#x77;&#101;&#x72;&#108;&#x61;&#110;&#x64;&#64;&#x66;&#114;&#x61;&#110;k&#x66;u&#x72;t&#x2d;e&#x76;a&#x6e;g&#x65;&#108;&#x69;&#115;&#x63;&#104;&#x2e;&#100;&#x65;\">E-Mail<\/a><\/p><\/div><\/div><\/div>\n<\/div>\n\n\n\n<div class=\"wp-block-column is-layout-flow wp-block-column-is-layout-flow\">\n<div class=\"wp-block-erv-id-card\"><div class=\"id-card-content\"><figure class=\"id-card-photo\"><img decoding=\"async\" src=\"https:\/\/evangelische-beratung.com\/wp-content\/uploads\/2025\/04\/portrait_platzhalter-1-300x300-1.jpg\" \/><\/figure><div class=\"id-card-details\"><p class=\"id-card-name\">N. N. <\/p><p class=\"id-card-job\">Leitung<\/p><p class=\"id-card-location\">Frankfurt<\/p><p class=\"id-card-phone\">069 \/ 53 02 301<\/p><p class=\"id-card-email\"><a href=\"&#109;a&#x69;l&#x74;o&#x3a;&#115;&#x75;&#99;&#x68;&#116;b&#x65;r&#x61;t&#x75;&#110;&#x67;&#64;&#x66;&#114;&#x61;&#110;k&#x66;u&#x72;t&#x2d;&#101;&#x76;&#97;&#x6e;&#103;&#x65;&#108;i&#x73;c&#x68;&#46;&#x64;&#101;\">E-Mail<\/a><\/p><\/div><\/div><\/div>\n<\/div>\n\n\n\n<div class=\"wp-block-column is-layout-flow wp-block-column-is-layout-flow\">\n<div class=\"wp-block-erv-id-card\"><div class=\"id-card-content\"><figure class=\"id-card-photo\"><img decoding=\"async\" src=\"https:\/\/evangelische-beratung.com\/wp-content\/uploads\/2020\/01\/portrait_platzhalter-1-300x300.jpg\"\/><\/figure><div class=\"id-card-details\"><p class=\"id-card-name\">Anzhelina Blum<\/p><p class=\"id-card-job\">Beratung &amp; Therapie<\/p><p class=\"id-card-location\">Frankfurt<\/p><p class=\"id-card-phone\">069 \/ 53 02 303<\/p><p class=\"id-card-email\"><a href=\"&#x6d;&#97;i&#x6c;&#116;o&#x3a;&#97;n&#x7a;&#x68;&#101;&#x6c;&#x69;&#110;a&#x2e;&#98;l&#x75;&#109;&#64;&#x66;&#x72;&#97;&#x6e;&#x6b;&#102;u&#x72;&#116;-&#x65;&#118;a&#x6e;&#103;e&#x6c;&#x69;&#115;&#x63;&#x68;&#46;d&#x65;\">E-Mail<\/a><\/p><\/div><\/div><\/div>\n<\/div>\n<\/div>\n","protected":false},"excerpt":{"rendered":"<p>\u0130la\u00e7 kullan\u0131m\u0131nda sorunlar m\u0131 var? Size, y\u00f6nlendirici Dan\u0131\u015fmanl\u0131k hizmeti&nbsp;sunuyoruz. Benzer konularda bize ula\u015f\u0131n: \u0130la\u00e7 Ba\u011f\u0131ml\u0131l\u0131k konu hakk\u0131nda genel bilgilendirmeler \u0130la\u00e7 Ba\u011f\u0131ml\u0131l\u0131\u011f\u0131n\u0131z\u0131n, &nbsp;tarafs\u0131z ve yarg\u0131s\u0131z &nbsp;de\u011ferlerindermesi \u0130la\u00e7 kullan\u0131m Sorunlar\u0131nda, hem ba\u011f\u0131ml\u0131 ki\u015fiye hem de ba\u011f\u0131ml\u0131 ki\u015finin sosyal \u00e7evresine dan\u0131\u015fmalar (ki\u015finin Ailesine, yak\u0131nlar\u0131na ve i\u015f \u00e7evresine). Angeh\u00f6rigenberatung Size, ila\u00e7 ba\u011f\u0131ml\u0131l\u0131\u011f\u0131nda, konu de\u011ferlendirmesi yap\u0131yoruz: Yapaca\u011f\u0131m\u0131z, ila\u00e7 ba\u011f\u0131ml\u0131l\u0131\u011f\u0131 de\u011ferlendirmesinden [&hellip;]<\/p>\n","protected":false},"author":3,"featured_media":0,"parent":37,"menu_order":0,"comment_status":"closed","ping_status":"closed","template":"","meta":{"footnotes":""},"class_list":["post-253","page","type-page","status-publish","hentry"],"yoast_head":"<!-- This site is optimized with the Yoast SEO plugin v27.3 - https:\/\/yoast.com\/product\/yoast-seo-wordpress\/ -->\n<title>Probleme mit Medikamenten? Wir bieten eine orientierende Beratung in Frankfurt.<\/title>\n<meta name=\"description\" content=\"Kommen Sie zu uns f\u00fcr alle Fragen rund um das Thema Medikamente. Wir beraten auch Angeh\u00f6rige und bieten Einzel-, Paar- und Familiengespr\u00e4che an.\" \/>\n<meta name=\"robots\" content=\"index, follow, max-snippet:-1, max-image-preview:large, max-video-preview:-1\" \/>\n<link rel=\"canonical\" href=\"https:\/\/evangelische-beratung.com\/tr\/sucht\/medikatmente\/\" \/>\n<meta property=\"og:locale\" content=\"tr_TR\" \/>\n<meta property=\"og:type\" content=\"article\" \/>\n<meta property=\"og:title\" content=\"Probleme mit Medikamenten? Wir bieten eine orientierende Beratung in Frankfurt.\" \/>\n<meta property=\"og:description\" content=\"Kommen Sie zu uns f\u00fcr alle Fragen rund um das Thema Medikamente. Wir beraten auch Angeh\u00f6rige und bieten Einzel-, Paar- und Familiengespr\u00e4che an.\" \/>\n<meta property=\"og:url\" content=\"https:\/\/evangelische-beratung.com\/tr\/sucht\/medikatmente\/\" \/>\n<meta property=\"og:site_name\" content=\"Evangelischer Regionalverband\" \/>\n<meta property=\"article:modified_time\" content=\"2020-03-27T08:55:34+00:00\" \/>\n<meta name=\"twitter:card\" content=\"summary_large_image\" \/>\n<meta name=\"twitter:label1\" content=\"Tahmini okuma s\u00fcresi\" \/>\n\t<meta name=\"twitter:data1\" content=\"2 dakika\" \/>\n<script type=\"application\/ld+json\" class=\"yoast-schema-graph\">{\"@context\":\"https:\\\/\\\/schema.org\",\"@graph\":[{\"@type\":\"WebPage\",\"@id\":\"https:\\\/\\\/evangelische-beratung.com\\\/tr\\\/sucht\\\/medikatmente\\\/\",\"url\":\"https:\\\/\\\/evangelische-beratung.com\\\/tr\\\/sucht\\\/medikatmente\\\/\",\"name\":\"Probleme mit Medikamenten? Wir bieten eine orientierende Beratung in Frankfurt.\",\"isPartOf\":{\"@id\":\"https:\\\/\\\/evangelische-beratung.com\\\/tr\\\/#website\"},\"datePublished\":\"2019-08-16T11:20:18+00:00\",\"dateModified\":\"2020-03-27T08:55:34+00:00\",\"description\":\"Kommen Sie zu uns f\u00fcr alle Fragen rund um das Thema Medikamente. Wir beraten auch Angeh\u00f6rige und bieten Einzel-, Paar- und Familiengespr\u00e4che an.\",\"breadcrumb\":{\"@id\":\"https:\\\/\\\/evangelische-beratung.com\\\/tr\\\/sucht\\\/medikatmente\\\/#breadcrumb\"},\"inLanguage\":\"tr\",\"potentialAction\":[{\"@type\":\"ReadAction\",\"target\":[\"https:\\\/\\\/evangelische-beratung.com\\\/tr\\\/sucht\\\/medikatmente\\\/\"]}]},{\"@type\":\"BreadcrumbList\",\"@id\":\"https:\\\/\\\/evangelische-beratung.com\\\/tr\\\/sucht\\\/medikatmente\\\/#breadcrumb\",\"itemListElement\":[{\"@type\":\"ListItem\",\"position\":1,\"name\":\"Startseite\",\"item\":\"https:\\\/\\\/evangelische-beratung.com\\\/tr\\\/\"},{\"@type\":\"ListItem\",\"position\":2,\"name\":\"Ba\u011f\u0131ml\u0131l\u0131k\",\"item\":\"https:\\\/\\\/evangelische-beratung.com\\\/tr\\\/sucht\\\/\"},{\"@type\":\"ListItem\",\"position\":3,\"name\":\"\u0130la\u00e7lar\"}]},{\"@type\":\"WebSite\",\"@id\":\"https:\\\/\\\/evangelische-beratung.com\\\/tr\\\/#website\",\"url\":\"https:\\\/\\\/evangelische-beratung.com\\\/tr\\\/\",\"name\":\"Evangelischer Regionalverband\",\"description\":\"\",\"publisher\":{\"@id\":\"https:\\\/\\\/evangelische-beratung.com\\\/tr\\\/#organization\"},\"potentialAction\":[{\"@type\":\"SearchAction\",\"target\":{\"@type\":\"EntryPoint\",\"urlTemplate\":\"https:\\\/\\\/evangelische-beratung.com\\\/tr\\\/?s={search_term_string}\"},\"query-input\":{\"@type\":\"PropertyValueSpecification\",\"valueRequired\":true,\"valueName\":\"search_term_string\"}}],\"inLanguage\":\"tr\"},{\"@type\":\"Organization\",\"@id\":\"https:\\\/\\\/evangelische-beratung.com\\\/tr\\\/#organization\",\"name\":\"Evangelischer Regionalverband Frankfurt und Offenbach\",\"url\":\"https:\\\/\\\/evangelische-beratung.com\\\/tr\\\/\",\"logo\":{\"@type\":\"ImageObject\",\"inLanguage\":\"tr\",\"@id\":\"https:\\\/\\\/evangelische-beratung.com\\\/tr\\\/#\\\/schema\\\/logo\\\/image\\\/\",\"url\":\"https:\\\/\\\/evangelische-beratung.com\\\/tr\\\/wp-content\\\/uploads\\\/sites\\\/8\\\/2019\\\/10\\\/erv-logo.png\",\"contentUrl\":\"https:\\\/\\\/evangelische-beratung.com\\\/tr\\\/wp-content\\\/uploads\\\/sites\\\/8\\\/2019\\\/10\\\/erv-logo.png\",\"width\":1127,\"height\":595,\"caption\":\"Evangelischer Regionalverband Frankfurt und Offenbach\"},\"image\":{\"@id\":\"https:\\\/\\\/evangelische-beratung.com\\\/tr\\\/#\\\/schema\\\/logo\\\/image\\\/\"}}]}<\/script>\n<!-- \/ Yoast SEO plugin. -->","yoast_head_json":{"title":"Probleme mit Medikamenten? Wir bieten eine orientierende Beratung in Frankfurt.","description":"Kommen Sie zu uns f\u00fcr alle Fragen rund um das Thema Medikamente. Wir beraten auch Angeh\u00f6rige und bieten Einzel-, Paar- und Familiengespr\u00e4che an.","robots":{"index":"index","follow":"follow","max-snippet":"max-snippet:-1","max-image-preview":"max-image-preview:large","max-video-preview":"max-video-preview:-1"},"canonical":"https:\/\/evangelische-beratung.com\/tr\/sucht\/medikatmente\/","og_locale":"tr_TR","og_type":"article","og_title":"Probleme mit Medikamenten? Wir bieten eine orientierende Beratung in Frankfurt.","og_description":"Kommen Sie zu uns f\u00fcr alle Fragen rund um das Thema Medikamente. Wir beraten auch Angeh\u00f6rige und bieten Einzel-, Paar- und Familiengespr\u00e4che an.","og_url":"https:\/\/evangelische-beratung.com\/tr\/sucht\/medikatmente\/","og_site_name":"Evangelischer Regionalverband","article_modified_time":"2020-03-27T08:55:34+00:00","twitter_card":"summary_large_image","twitter_misc":{"Tahmini okuma s\u00fcresi":"2 dakika"},"schema":{"@context":"https:\/\/schema.org","@graph":[{"@type":"WebPage","@id":"https:\/\/evangelische-beratung.com\/tr\/sucht\/medikatmente\/","url":"https:\/\/evangelische-beratung.com\/tr\/sucht\/medikatmente\/","name":"Probleme mit Medikamenten? Wir bieten eine orientierende Beratung in Frankfurt.","isPartOf":{"@id":"https:\/\/evangelische-beratung.com\/tr\/#website"},"datePublished":"2019-08-16T11:20:18+00:00","dateModified":"2020-03-27T08:55:34+00:00","description":"Kommen Sie zu uns f\u00fcr alle Fragen rund um das Thema Medikamente. Wir beraten auch Angeh\u00f6rige und bieten Einzel-, Paar- und Familiengespr\u00e4che an.","breadcrumb":{"@id":"https:\/\/evangelische-beratung.com\/tr\/sucht\/medikatmente\/#breadcrumb"},"inLanguage":"tr","potentialAction":[{"@type":"ReadAction","target":["https:\/\/evangelische-beratung.com\/tr\/sucht\/medikatmente\/"]}]},{"@type":"BreadcrumbList","@id":"https:\/\/evangelische-beratung.com\/tr\/sucht\/medikatmente\/#breadcrumb","itemListElement":[{"@type":"ListItem","position":1,"name":"Startseite","item":"https:\/\/evangelische-beratung.com\/tr\/"},{"@type":"ListItem","position":2,"name":"Ba\u011f\u0131ml\u0131l\u0131k","item":"https:\/\/evangelische-beratung.com\/tr\/sucht\/"},{"@type":"ListItem","position":3,"name":"\u0130la\u00e7lar"}]},{"@type":"WebSite","@id":"https:\/\/evangelische-beratung.com\/tr\/#website","url":"https:\/\/evangelische-beratung.com\/tr\/","name":"Evangelischer Regionalverband","description":"","publisher":{"@id":"https:\/\/evangelische-beratung.com\/tr\/#organization"},"potentialAction":[{"@type":"SearchAction","target":{"@type":"EntryPoint","urlTemplate":"https:\/\/evangelische-beratung.com\/tr\/?s={search_term_string}"},"query-input":{"@type":"PropertyValueSpecification","valueRequired":true,"valueName":"search_term_string"}}],"inLanguage":"tr"},{"@type":"Organization","@id":"https:\/\/evangelische-beratung.com\/tr\/#organization","name":"Evangelischer Regionalverband Frankfurt und Offenbach","url":"https:\/\/evangelische-beratung.com\/tr\/","logo":{"@type":"ImageObject","inLanguage":"tr","@id":"https:\/\/evangelische-beratung.com\/tr\/#\/schema\/logo\/image\/","url":"https:\/\/evangelische-beratung.com\/tr\/wp-content\/uploads\/sites\/8\/2019\/10\/erv-logo.png","contentUrl":"https:\/\/evangelische-beratung.com\/tr\/wp-content\/uploads\/sites\/8\/2019\/10\/erv-logo.png","width":1127,"height":595,"caption":"Evangelischer Regionalverband Frankfurt und Offenbach"},"image":{"@id":"https:\/\/evangelische-beratung.com\/tr\/#\/schema\/logo\/image\/"}}]}},"_links":{"self":[{"href":"https:\/\/evangelische-beratung.com\/tr\/wp-json\/wp\/v2\/pages\/253","targetHints":{"allow":["GET"]}}],"collection":[{"href":"https:\/\/evangelische-beratung.com\/tr\/wp-json\/wp\/v2\/pages"}],"about":[{"href":"https:\/\/evangelische-beratung.com\/tr\/wp-json\/wp\/v2\/types\/page"}],"author":[{"embeddable":true,"href":"https:\/\/evangelische-beratung.com\/tr\/wp-json\/wp\/v2\/users\/3"}],"replies":[{"embeddable":true,"href":"https:\/\/evangelische-beratung.com\/tr\/wp-json\/wp\/v2\/comments?post=253"}],"version-history":[{"count":5,"href":"https:\/\/evangelische-beratung.com\/tr\/wp-json\/wp\/v2\/pages\/253\/revisions"}],"predecessor-version":[{"id":1432,"href":"https:\/\/evangelische-beratung.com\/tr\/wp-json\/wp\/v2\/pages\/253\/revisions\/1432"}],"up":[{"embeddable":true,"href":"https:\/\/evangelische-beratung.com\/tr\/wp-json\/wp\/v2\/pages\/37"}],"wp:attachment":[{"href":"https:\/\/evangelische-beratung.com\/tr\/wp-json\/wp\/v2\/media?parent=253"}],"curies":[{"name":"wp","href":"https:\/\/api.w.org\/{rel}","templated":true}]}}