{"id":227,"date":"2019-08-15T19:46:32","date_gmt":"2019-08-15T17:46:32","guid":{"rendered":"https:\/\/evangelische-beratung.com\/tr\/?page_id=227"},"modified":"2020-04-19T11:35:24","modified_gmt":"2020-04-19T09:35:24","slug":"fachstelle-fuer-migration-und-interkulturelle-beratung","status":"publish","type":"page","link":"https:\/\/evangelische-beratung.com\/tr\/migration-flucht\/fachstelle-fuer-migration-und-interkulturelle-beratung\/","title":{"rendered":"G\u00f6\u00e7 ve K\u00fclt\u00fcrleraras\u0131 Dan\u0131\u015fmanl\u0131k B\u00f6l\u00fcm\u00fc"},"content":{"rendered":"\n<p class=\"is-style-teaser\"> Offenbach b\u00f6lgesinde mi ya\u015f\u0131yorsunuz?  Ba\u015fka bir \u00fclkeden ta\u015f\u0131nd\u0131ysan\u0131z?  Almanya&#8217;da, yerle\u015fip, \u00e7al\u0131\u015fmak ve ya\u015famak istiyorsan\u0131z?  Bu Konuda sorular\u0131n\u0131z varsa?<\/p>\n\n\n\n<figure class=\"wp-block-image alignwide\"><img loading=\"lazy\" decoding=\"async\" width=\"1024\" height=\"512\" src=\"https:\/\/evangelische-beratung.com\/tr\/wp-content\/uploads\/sites\/8\/2019\/08\/Zentrum-Offenbach_HERO-1024x512.jpg\" alt=\"\" class=\"wp-image-494\" srcset=\"https:\/\/evangelische-beratung.com\/tr\/wp-content\/uploads\/sites\/8\/2019\/08\/Zentrum-Offenbach_HERO-1024x512.jpg 1024w, https:\/\/evangelische-beratung.com\/tr\/wp-content\/uploads\/sites\/8\/2019\/08\/Zentrum-Offenbach_HERO-300x150.jpg 300w, https:\/\/evangelische-beratung.com\/tr\/wp-content\/uploads\/sites\/8\/2019\/08\/Zentrum-Offenbach_HERO-768x384.jpg 768w, https:\/\/evangelische-beratung.com\/tr\/wp-content\/uploads\/sites\/8\/2019\/08\/Zentrum-Offenbach_HERO.jpg 1840w\" sizes=\"auto, 100vw\" \/><\/figure>\n\n\n\n<h4 class=\"wp-block-heading\">Sizi biliglendirir ve size yard\u0131mlarda bulunuruz.<\/h4>\n\n\n\n<ul class=\"wp-block-list\"><li>Yabanc\u0131lar kanunu ve oturum sorularda,<\/li><li>Hukuki ve sosyal konular hakk\u0131nda,<\/li><li>\u00c7ocuklar\u0131n\u0131z\u0131n E\u011fitimi veya ileri E\u011fitimi sorularda,<\/li><li>\u00c7al\u0131\u015fma veya i\u015fg\u00fcc\u00fc azalmas\u0131 ile ilgili sorularda,<\/li><li>Evinizin, Ev sahibi veya kom\u015fular\u0131n\u0131zla olan sorunlarda,<\/li><li>Hastabak\u0131m\u0131 ve Hastal\u0131k la ilgili Sorunlarda,<\/li><li>\u00dclkenize Kesin D\u00f6n\u00fc\u015f konular\u0131nda,<\/li><li>Almanca Dilkursu, uyum kursu ve di\u011fer sunulan yard\u0131m \u00f6nerileri i\u00e7in, temasta arabuluculuk olmada,<\/li><li>Bo\u015f zaman de\u011ferlendirmesinde, spor- ve k\u00fclt\u00fcrelteklifleri hakk\u0131ndaki sorularda.<\/li><\/ul>\n\n\n\n<p><\/p>\n\n\n\n<h4 class=\"wp-block-heading\">Size Dan\u0131\u015fmanl\u0131k hizmetleri sunar ve yard\u0131mlarda bulunuruz.<\/h4>\n\n\n\n<ul class=\"wp-block-list\"><li>Kendini ifade etme sorunlar\u0131 ve k\u00fclt\u00fcrleraras\u0131 \u00e7at\u0131\u015fmalar,<\/li><li>Ayr\u0131mc\u0131l\u0131k durumlar\u0131,<\/li><li>Aile- E\u015f- ve \u00c7ocuk E\u011fitimsorunlar\u0131<\/li><li>Nesiller aras\u0131 \u00e7at\u0131\u015fmalar,<\/li><li>Kamu kurulu\u015fu ve devlet dairelerinde ki g\u00fc\u00e7l\u00fckler ve onlarla yaz\u0131\u015fmalarda.<\/li><\/ul>\n\n\n\n<p> Bu Dan\u0131\u015fmanl\u0131k hizmeti&nbsp;K\u00f6ken, d\u00fcnya g\u00f6r\u00fc\u015f\u00fc, inanc ay\u0131r\u0131m\u0131 olmaks\u0131z\u0131n ger\u00e7eklesir.  Bu Dan\u0131\u015fmanl\u0131k hizmeti, ba\u011f\u0131ms\u0131z ve \u00fccretsiz olup, g\u00f6n\u00fcll\u00fcl\u00fck ve gizlilik esas\u0131na dayan\u0131r. <\/p>\n\n\n\n<p>A\u00e7\u0131k G\u00f6r\u00fc\u015fme saatleri<strong>:<\/strong> Sal\u0131 g\u00fcnleri, saat 14 ile 16 aras\u0131<\/p>\n\n\n\n<p style=\"text-align:center\" class=\"is-style-roof-line\"><strong>\u0130letisim i\u00e7in Bay\/Bayan g\u00f6revliler<\/strong><\/p>\n\n\n\n<div class=\"wp-block-columns alignwide has-3-columns -small-column-gap -columns-equal-height is-layout-flex wp-container-core-columns-is-layout-9d6595d7 wp-block-columns-is-layout-flex\">\n<div class=\"wp-block-column is-layout-flow wp-block-column-is-layout-flow\">\n<div class=\"wp-block-erv-id-card\"><div class=\"id-card-content\"><figure class=\"id-card-photo\"><img decoding=\"async\" src=\"https:\/\/evangelische-beratung.com\/wp-content\/uploads\/2020\/01\/portrait_platzhalter-1-300x300.jpg\" \/><\/figure><div class=\"id-card-details\"><p class=\"id-card-name\">Stephanie Laier<\/p><p class=\"id-card-job\">Verwaltung<\/p><p class=\"id-card-location\">Offenbach<\/p><p class=\"id-card-phone\">069 \/ 82 97 70 99<\/p><p class=\"id-card-email\"><a href=\"&#x6d;&#97;&#x69;&#x6c;&#116;&#x6f;&#58;m&#x69;&#103;r&#x61;&#116;i&#x6f;&#110;s&#x62;&#101;&#x72;&#x61;&#116;&#x75;&#x6e;&#103;&#x40;&#111;f&#x66;&#101;n&#x62;&#97;c&#x68;&#45;e&#x76;&#97;&#x6e;&#x67;&#101;&#x6c;&#x69;&#115;&#x63;&#104;&#46;&#x64;&#101;\">E-Mail<\/a><\/p><\/div><\/div><\/div>\n<\/div>\n\n\n\n<div class=\"wp-block-column is-layout-flow wp-block-column-is-layout-flow\"><\/div>\n\n\n\n<div class=\"wp-block-column is-layout-flow wp-block-column-is-layout-flow\">\n<div class=\"wp-block-erv-id-card\"><div class=\"id-card-content\"><figure class=\"id-card-photo\"><img decoding=\"async\" src=\"https:\/\/evangelische-beratung.com\/wp-content\/uploads\/2020\/01\/portrait_platzhalter-1-300x300.jpg\" \/><\/figure><div class=\"id-card-details\"><p class=\"id-card-name\">Anastassia-Tasoula Pentidou <\/p><p class=\"id-card-job\">Beratung<\/p><p class=\"id-card-location\">Ev. Beratungszentrum Offenbach<\/p><p class=\"id-card-phone\">069 \/ 82 97 70 99<\/p><p class=\"id-card-email\"><a href=\"&#x6d;a&#x69;l&#x74;&#111;&#x3a;&#109;i&#x67;r&#x61;&#116;&#x69;&#111;&#x6e;&#115;b&#x65;r&#x61;&#116;&#x75;&#110;&#x67;&#x40;o&#x66;f&#x65;&#110;&#x62;&#97;c&#x68;-&#x65;&#118;&#x61;&#110;&#x67;&#101;l&#x69;s&#x63;&#104;&#x2e;&#100;&#x65;\">E-Mail<\/a><\/p><\/div><\/div><\/div>\n\n\n\n<p><\/p>\n<\/div>\n<\/div>\n","protected":false},"excerpt":{"rendered":"<p>Offenbach b\u00f6lgesinde mi ya\u015f\u0131yorsunuz? Ba\u015fka bir \u00fclkeden ta\u015f\u0131nd\u0131ysan\u0131z? Almanya&#8217;da, yerle\u015fip, \u00e7al\u0131\u015fmak ve ya\u015famak istiyorsan\u0131z? Bu Konuda sorular\u0131n\u0131z varsa? Sizi biliglendirir ve size yard\u0131mlarda bulunuruz. Yabanc\u0131lar kanunu ve oturum sorularda, Hukuki ve sosyal konular hakk\u0131nda, \u00c7ocuklar\u0131n\u0131z\u0131n E\u011fitimi veya ileri E\u011fitimi sorularda, \u00c7al\u0131\u015fma veya i\u015fg\u00fcc\u00fc azalmas\u0131 ile ilgili sorularda, Evinizin, Ev sahibi veya kom\u015fular\u0131n\u0131zla olan sorunlarda, Hastabak\u0131m\u0131 [&hellip;]<\/p>\n","protected":false},"author":5,"featured_media":36,"parent":16,"menu_order":0,"comment_status":"closed","ping_status":"closed","template":"","meta":{"footnotes":""},"class_list":["post-227","page","type-page","status-publish","has-post-thumbnail","hentry"],"yoast_head":"<!-- This site is optimized with the Yoast SEO plugin v27.3 - https:\/\/yoast.com\/product\/yoast-seo-wordpress\/ -->\n<title>Fachstelle f\u00fcr Migration und interkulturelle Beratung in Offenbach<\/title>\n<meta name=\"description\" content=\"Wir informieren Sie u. geben Ihnen Hilfestellungen zu vielen ausl\u00e4nderrechtlichen Fragen. Wir beraten Sie vertraulich, unabh\u00e4ngig und kostenlos.\" \/>\n<meta name=\"robots\" content=\"index, follow, max-snippet:-1, max-image-preview:large, max-video-preview:-1\" \/>\n<link rel=\"canonical\" href=\"https:\/\/evangelische-beratung.com\/tr\/migration-flucht\/fachstelle-fuer-migration-und-interkulturelle-beratung\/\" \/>\n<meta property=\"og:locale\" content=\"tr_TR\" \/>\n<meta property=\"og:type\" content=\"article\" \/>\n<meta property=\"og:title\" content=\"Fachstelle f\u00fcr Migration und interkulturelle Beratung in Offenbach\" \/>\n<meta property=\"og:description\" content=\"Wir informieren Sie u. geben Ihnen Hilfestellungen zu vielen ausl\u00e4nderrechtlichen Fragen. Wir beraten Sie vertraulich, unabh\u00e4ngig und kostenlos.\" \/>\n<meta property=\"og:url\" content=\"https:\/\/evangelische-beratung.com\/tr\/migration-flucht\/fachstelle-fuer-migration-und-interkulturelle-beratung\/\" \/>\n<meta property=\"og:site_name\" content=\"Evangelischer Regionalverband\" \/>\n<meta property=\"article:modified_time\" content=\"2020-04-19T09:35:24+00:00\" \/>\n<meta property=\"og:image\" content=\"https:\/\/evangelische-beratung.com\/tr\/wp-content\/uploads\/sites\/8\/2019\/07\/humberto-chavez-Ilo0ZD5o-q8-unsplash.jpg\" \/>\n\t<meta property=\"og:image:width\" content=\"1800\" \/>\n\t<meta property=\"og:image:height\" content=\"1200\" \/>\n\t<meta property=\"og:image:type\" content=\"image\/jpeg\" \/>\n<meta name=\"twitter:card\" content=\"summary_large_image\" \/>\n<meta name=\"twitter:label1\" content=\"Tahmini okuma s\u00fcresi\" \/>\n\t<meta name=\"twitter:data1\" content=\"1 dakika\" \/>\n<script type=\"application\/ld+json\" class=\"yoast-schema-graph\">{\"@context\":\"https:\\\/\\\/schema.org\",\"@graph\":[{\"@type\":\"WebPage\",\"@id\":\"https:\\\/\\\/evangelische-beratung.com\\\/tr\\\/migration-flucht\\\/fachstelle-fuer-migration-und-interkulturelle-beratung\\\/\",\"url\":\"https:\\\/\\\/evangelische-beratung.com\\\/tr\\\/migration-flucht\\\/fachstelle-fuer-migration-und-interkulturelle-beratung\\\/\",\"name\":\"Fachstelle f\u00fcr Migration und interkulturelle Beratung in Offenbach\",\"isPartOf\":{\"@id\":\"https:\\\/\\\/evangelische-beratung.com\\\/tr\\\/#website\"},\"primaryImageOfPage\":{\"@id\":\"https:\\\/\\\/evangelische-beratung.com\\\/tr\\\/migration-flucht\\\/fachstelle-fuer-migration-und-interkulturelle-beratung\\\/#primaryimage\"},\"image\":{\"@id\":\"https:\\\/\\\/evangelische-beratung.com\\\/tr\\\/migration-flucht\\\/fachstelle-fuer-migration-und-interkulturelle-beratung\\\/#primaryimage\"},\"thumbnailUrl\":\"https:\\\/\\\/evangelische-beratung.com\\\/tr\\\/wp-content\\\/uploads\\\/sites\\\/8\\\/2019\\\/07\\\/humberto-chavez-Ilo0ZD5o-q8-unsplash.jpg\",\"datePublished\":\"2019-08-15T17:46:32+00:00\",\"dateModified\":\"2020-04-19T09:35:24+00:00\",\"description\":\"Wir informieren Sie u. geben Ihnen Hilfestellungen zu vielen ausl\u00e4nderrechtlichen Fragen. Wir beraten Sie vertraulich, unabh\u00e4ngig und kostenlos.\",\"breadcrumb\":{\"@id\":\"https:\\\/\\\/evangelische-beratung.com\\\/tr\\\/migration-flucht\\\/fachstelle-fuer-migration-und-interkulturelle-beratung\\\/#breadcrumb\"},\"inLanguage\":\"tr\",\"potentialAction\":[{\"@type\":\"ReadAction\",\"target\":[\"https:\\\/\\\/evangelische-beratung.com\\\/tr\\\/migration-flucht\\\/fachstelle-fuer-migration-und-interkulturelle-beratung\\\/\"]}]},{\"@type\":\"ImageObject\",\"inLanguage\":\"tr\",\"@id\":\"https:\\\/\\\/evangelische-beratung.com\\\/tr\\\/migration-flucht\\\/fachstelle-fuer-migration-und-interkulturelle-beratung\\\/#primaryimage\",\"url\":\"https:\\\/\\\/evangelische-beratung.com\\\/tr\\\/wp-content\\\/uploads\\\/sites\\\/8\\\/2019\\\/07\\\/humberto-chavez-Ilo0ZD5o-q8-unsplash.jpg\",\"contentUrl\":\"https:\\\/\\\/evangelische-beratung.com\\\/tr\\\/wp-content\\\/uploads\\\/sites\\\/8\\\/2019\\\/07\\\/humberto-chavez-Ilo0ZD5o-q8-unsplash.jpg\",\"width\":1800,\"height\":1200},{\"@type\":\"BreadcrumbList\",\"@id\":\"https:\\\/\\\/evangelische-beratung.com\\\/tr\\\/migration-flucht\\\/fachstelle-fuer-migration-und-interkulturelle-beratung\\\/#breadcrumb\",\"itemListElement\":[{\"@type\":\"ListItem\",\"position\":1,\"name\":\"Startseite\",\"item\":\"https:\\\/\\\/evangelische-beratung.com\\\/tr\\\/\"},{\"@type\":\"ListItem\",\"position\":2,\"name\":\"G\u00f6\u00e7 ve S\u0131\u011f\u0131nma\",\"item\":\"https:\\\/\\\/evangelische-beratung.com\\\/tr\\\/migration-flucht\\\/\"},{\"@type\":\"ListItem\",\"position\":3,\"name\":\"G\u00f6\u00e7 ve K\u00fclt\u00fcrleraras\u0131 Dan\u0131\u015fmanl\u0131k B\u00f6l\u00fcm\u00fc\"}]},{\"@type\":\"WebSite\",\"@id\":\"https:\\\/\\\/evangelische-beratung.com\\\/tr\\\/#website\",\"url\":\"https:\\\/\\\/evangelische-beratung.com\\\/tr\\\/\",\"name\":\"Evangelischer Regionalverband\",\"description\":\"\",\"publisher\":{\"@id\":\"https:\\\/\\\/evangelische-beratung.com\\\/tr\\\/#organization\"},\"potentialAction\":[{\"@type\":\"SearchAction\",\"target\":{\"@type\":\"EntryPoint\",\"urlTemplate\":\"https:\\\/\\\/evangelische-beratung.com\\\/tr\\\/?s={search_term_string}\"},\"query-input\":{\"@type\":\"PropertyValueSpecification\",\"valueRequired\":true,\"valueName\":\"search_term_string\"}}],\"inLanguage\":\"tr\"},{\"@type\":\"Organization\",\"@id\":\"https:\\\/\\\/evangelische-beratung.com\\\/tr\\\/#organization\",\"name\":\"Evangelischer Regionalverband Frankfurt und Offenbach\",\"url\":\"https:\\\/\\\/evangelische-beratung.com\\\/tr\\\/\",\"logo\":{\"@type\":\"ImageObject\",\"inLanguage\":\"tr\",\"@id\":\"https:\\\/\\\/evangelische-beratung.com\\\/tr\\\/#\\\/schema\\\/logo\\\/image\\\/\",\"url\":\"https:\\\/\\\/evangelische-beratung.com\\\/tr\\\/wp-content\\\/uploads\\\/sites\\\/8\\\/2019\\\/10\\\/erv-logo.png\",\"contentUrl\":\"https:\\\/\\\/evangelische-beratung.com\\\/tr\\\/wp-content\\\/uploads\\\/sites\\\/8\\\/2019\\\/10\\\/erv-logo.png\",\"width\":1127,\"height\":595,\"caption\":\"Evangelischer Regionalverband Frankfurt und Offenbach\"},\"image\":{\"@id\":\"https:\\\/\\\/evangelische-beratung.com\\\/tr\\\/#\\\/schema\\\/logo\\\/image\\\/\"}}]}<\/script>\n<!-- \/ Yoast SEO plugin. -->","yoast_head_json":{"title":"Fachstelle f\u00fcr Migration und interkulturelle Beratung in Offenbach","description":"Wir informieren Sie u. geben Ihnen Hilfestellungen zu vielen ausl\u00e4nderrechtlichen Fragen. Wir beraten Sie vertraulich, unabh\u00e4ngig und kostenlos.","robots":{"index":"index","follow":"follow","max-snippet":"max-snippet:-1","max-image-preview":"max-image-preview:large","max-video-preview":"max-video-preview:-1"},"canonical":"https:\/\/evangelische-beratung.com\/tr\/migration-flucht\/fachstelle-fuer-migration-und-interkulturelle-beratung\/","og_locale":"tr_TR","og_type":"article","og_title":"Fachstelle f\u00fcr Migration und interkulturelle Beratung in Offenbach","og_description":"Wir informieren Sie u. geben Ihnen Hilfestellungen zu vielen ausl\u00e4nderrechtlichen Fragen. Wir beraten Sie vertraulich, unabh\u00e4ngig und kostenlos.","og_url":"https:\/\/evangelische-beratung.com\/tr\/migration-flucht\/fachstelle-fuer-migration-und-interkulturelle-beratung\/","og_site_name":"Evangelischer Regionalverband","article_modified_time":"2020-04-19T09:35:24+00:00","og_image":[{"width":1800,"height":1200,"url":"https:\/\/evangelische-beratung.com\/tr\/wp-content\/uploads\/sites\/8\/2019\/07\/humberto-chavez-Ilo0ZD5o-q8-unsplash.jpg","type":"image\/jpeg"}],"twitter_card":"summary_large_image","twitter_misc":{"Tahmini okuma s\u00fcresi":"1 dakika"},"schema":{"@context":"https:\/\/schema.org","@graph":[{"@type":"WebPage","@id":"https:\/\/evangelische-beratung.com\/tr\/migration-flucht\/fachstelle-fuer-migration-und-interkulturelle-beratung\/","url":"https:\/\/evangelische-beratung.com\/tr\/migration-flucht\/fachstelle-fuer-migration-und-interkulturelle-beratung\/","name":"Fachstelle f\u00fcr Migration und interkulturelle Beratung in Offenbach","isPartOf":{"@id":"https:\/\/evangelische-beratung.com\/tr\/#website"},"primaryImageOfPage":{"@id":"https:\/\/evangelische-beratung.com\/tr\/migration-flucht\/fachstelle-fuer-migration-und-interkulturelle-beratung\/#primaryimage"},"image":{"@id":"https:\/\/evangelische-beratung.com\/tr\/migration-flucht\/fachstelle-fuer-migration-und-interkulturelle-beratung\/#primaryimage"},"thumbnailUrl":"https:\/\/evangelische-beratung.com\/tr\/wp-content\/uploads\/sites\/8\/2019\/07\/humberto-chavez-Ilo0ZD5o-q8-unsplash.jpg","datePublished":"2019-08-15T17:46:32+00:00","dateModified":"2020-04-19T09:35:24+00:00","description":"Wir informieren Sie u. geben Ihnen Hilfestellungen zu vielen ausl\u00e4nderrechtlichen Fragen. Wir beraten Sie vertraulich, unabh\u00e4ngig und kostenlos.","breadcrumb":{"@id":"https:\/\/evangelische-beratung.com\/tr\/migration-flucht\/fachstelle-fuer-migration-und-interkulturelle-beratung\/#breadcrumb"},"inLanguage":"tr","potentialAction":[{"@type":"ReadAction","target":["https:\/\/evangelische-beratung.com\/tr\/migration-flucht\/fachstelle-fuer-migration-und-interkulturelle-beratung\/"]}]},{"@type":"ImageObject","inLanguage":"tr","@id":"https:\/\/evangelische-beratung.com\/tr\/migration-flucht\/fachstelle-fuer-migration-und-interkulturelle-beratung\/#primaryimage","url":"https:\/\/evangelische-beratung.com\/tr\/wp-content\/uploads\/sites\/8\/2019\/07\/humberto-chavez-Ilo0ZD5o-q8-unsplash.jpg","contentUrl":"https:\/\/evangelische-beratung.com\/tr\/wp-content\/uploads\/sites\/8\/2019\/07\/humberto-chavez-Ilo0ZD5o-q8-unsplash.jpg","width":1800,"height":1200},{"@type":"BreadcrumbList","@id":"https:\/\/evangelische-beratung.com\/tr\/migration-flucht\/fachstelle-fuer-migration-und-interkulturelle-beratung\/#breadcrumb","itemListElement":[{"@type":"ListItem","position":1,"name":"Startseite","item":"https:\/\/evangelische-beratung.com\/tr\/"},{"@type":"ListItem","position":2,"name":"G\u00f6\u00e7 ve S\u0131\u011f\u0131nma","item":"https:\/\/evangelische-beratung.com\/tr\/migration-flucht\/"},{"@type":"ListItem","position":3,"name":"G\u00f6\u00e7 ve K\u00fclt\u00fcrleraras\u0131 Dan\u0131\u015fmanl\u0131k B\u00f6l\u00fcm\u00fc"}]},{"@type":"WebSite","@id":"https:\/\/evangelische-beratung.com\/tr\/#website","url":"https:\/\/evangelische-beratung.com\/tr\/","name":"Evangelischer Regionalverband","description":"","publisher":{"@id":"https:\/\/evangelische-beratung.com\/tr\/#organization"},"potentialAction":[{"@type":"SearchAction","target":{"@type":"EntryPoint","urlTemplate":"https:\/\/evangelische-beratung.com\/tr\/?s={search_term_string}"},"query-input":{"@type":"PropertyValueSpecification","valueRequired":true,"valueName":"search_term_string"}}],"inLanguage":"tr"},{"@type":"Organization","@id":"https:\/\/evangelische-beratung.com\/tr\/#organization","name":"Evangelischer Regionalverband Frankfurt und Offenbach","url":"https:\/\/evangelische-beratung.com\/tr\/","logo":{"@type":"ImageObject","inLanguage":"tr","@id":"https:\/\/evangelische-beratung.com\/tr\/#\/schema\/logo\/image\/","url":"https:\/\/evangelische-beratung.com\/tr\/wp-content\/uploads\/sites\/8\/2019\/10\/erv-logo.png","contentUrl":"https:\/\/evangelische-beratung.com\/tr\/wp-content\/uploads\/sites\/8\/2019\/10\/erv-logo.png","width":1127,"height":595,"caption":"Evangelischer Regionalverband Frankfurt und Offenbach"},"image":{"@id":"https:\/\/evangelische-beratung.com\/tr\/#\/schema\/logo\/image\/"}}]}},"_links":{"self":[{"href":"https:\/\/evangelische-beratung.com\/tr\/wp-json\/wp\/v2\/pages\/227","targetHints":{"allow":["GET"]}}],"collection":[{"href":"https:\/\/evangelische-beratung.com\/tr\/wp-json\/wp\/v2\/pages"}],"about":[{"href":"https:\/\/evangelische-beratung.com\/tr\/wp-json\/wp\/v2\/types\/page"}],"author":[{"embeddable":true,"href":"https:\/\/evangelische-beratung.com\/tr\/wp-json\/wp\/v2\/users\/5"}],"replies":[{"embeddable":true,"href":"https:\/\/evangelische-beratung.com\/tr\/wp-json\/wp\/v2\/comments?post=227"}],"version-history":[{"count":5,"href":"https:\/\/evangelische-beratung.com\/tr\/wp-json\/wp\/v2\/pages\/227\/revisions"}],"predecessor-version":[{"id":1588,"href":"https:\/\/evangelische-beratung.com\/tr\/wp-json\/wp\/v2\/pages\/227\/revisions\/1588"}],"up":[{"embeddable":true,"href":"https:\/\/evangelische-beratung.com\/tr\/wp-json\/wp\/v2\/pages\/16"}],"wp:featuredmedia":[{"embeddable":true,"href":"https:\/\/evangelische-beratung.com\/tr\/wp-json\/wp\/v2\/media\/36"}],"wp:attachment":[{"href":"https:\/\/evangelische-beratung.com\/tr\/wp-json\/wp\/v2\/media?parent=227"}],"curies":[{"name":"wp","href":"https:\/\/api.w.org\/{rel}","templated":true}]}}