{"id":222,"date":"2019-08-15T19:21:14","date_gmt":"2019-08-15T17:21:14","guid":{"rendered":"https:\/\/evangelische-beratung.com\/tr\/?page_id=222"},"modified":"2020-03-27T08:56:12","modified_gmt":"2020-03-27T07:56:12","slug":"onlineberatung-fuer-eltern","status":"publish","type":"page","link":"https:\/\/evangelische-beratung.com\/tr\/aile-cocuk-gencler\/familie-erziehung\/onlineberatung-fuer-eltern\/","title":{"rendered":"Ebeveynlere online- Dan\u0131\u015fma hizmeti"},"content":{"rendered":"\n<p class=\"is-style-teaser\">online- Dan\u0131\u015fma hatt\u0131 ve an\u00f6n\u00fcm olarak, aile ya\u015fam\u0131 konusunda dan\u0131\u015fmalar m\u0131 istiyorsunuz?<\/p>\n\n\n\n<p>Kurumumuz, Federal E\u011fitim Dan\u0131\u015fmanl\u0131\u011f\u0131 Konferans\u0131 (bke), gen\u00e7ler ve ebeveynler i\u00e7in online dan\u0131\u015fma hizmeti sunmaktad\u0131r.  &#8211; G\u00f6r\u00fc\u015fme dan\u0131\u015fmalarda oldu\u011fu gibi \u2013 b\u00f6ylesi dan\u0131\u015fma da \u00fccretsizdir<strong>.<\/strong><\/p>\n\n\n\n<p>Dan\u0131\u015fma hizmeti, konusunda deneyim sahibi, e\u011fitimli uzmanlar taraf\u0131ndan ve ge\u00e7erli g\u00fcncel Gizlilik Beyan\u0131n\u0131na uygun olarak sa\u011flanmaktad\u0131r.<\/p>\n\n\n\n<p>Al\u0131\u015fagelmi\u015f e-posta Dan\u0131\u015fmalara ek olarak, burada, bireysel-Sohbet veya gurup-sohbet tekliflerini de bulacaks\u0131n\u0131z. Ayr\u0131ca, y\u00f6netimli Sohbet-sitelerinde, di\u011fer Anne ve Babalarla veya gen\u00e7lerle fikir payla\u015f\u0131m\u0131nda bulunabilirsiniz.<\/p>\n\n\n\n<div style=\"height:30px\" aria-hidden=\"true\" class=\"wp-block-spacer\"><\/div>\n\n\n\n<div class=\"wp-block-image\"><figure class=\"aligncenter is-resized\"><a href=\"http:\/\/www.bke-elternberatung.de\" target=\"_blank\" rel=\"noopener noreferrer\"><img loading=\"lazy\" decoding=\"async\" src=\"https:\/\/evangelische-beratung.com\/tr\/wp-content\/uploads\/sites\/8\/2019\/08\/Banner-92x30-alle3-1024x334.jpg\" alt=\"\" class=\"wp-image-533\" width=\"441\" height=\"143\" srcset=\"https:\/\/evangelische-beratung.com\/tr\/wp-content\/uploads\/sites\/8\/2019\/08\/Banner-92x30-alle3-1024x334.jpg 1024w, https:\/\/evangelische-beratung.com\/tr\/wp-content\/uploads\/sites\/8\/2019\/08\/Banner-92x30-alle3-300x98.jpg 300w, https:\/\/evangelische-beratung.com\/tr\/wp-content\/uploads\/sites\/8\/2019\/08\/Banner-92x30-alle3-768x251.jpg 768w, https:\/\/evangelische-beratung.com\/tr\/wp-content\/uploads\/sites\/8\/2019\/08\/Banner-92x30-alle3.jpg 1920w\" sizes=\"auto, (max-width: 441px) 100vw, 441px\" \/><\/a><\/figure><\/div>\n\n\n\n<p><\/p>\n","protected":false},"excerpt":{"rendered":"<p>online- Dan\u0131\u015fma hatt\u0131 ve an\u00f6n\u00fcm olarak, aile ya\u015fam\u0131 konusunda dan\u0131\u015fmalar m\u0131 istiyorsunuz? Kurumumuz, Federal E\u011fitim Dan\u0131\u015fmanl\u0131\u011f\u0131 Konferans\u0131 (bke), gen\u00e7ler ve ebeveynler i\u00e7in online dan\u0131\u015fma hizmeti sunmaktad\u0131r. &#8211; G\u00f6r\u00fc\u015fme dan\u0131\u015fmalarda oldu\u011fu gibi \u2013 b\u00f6ylesi dan\u0131\u015fma da \u00fccretsizdir. Dan\u0131\u015fma hizmeti, konusunda deneyim sahibi, e\u011fitimli uzmanlar taraf\u0131ndan ve ge\u00e7erli g\u00fcncel Gizlilik Beyan\u0131n\u0131na uygun olarak sa\u011flanmaktad\u0131r. Al\u0131\u015fagelmi\u015f e-posta Dan\u0131\u015fmalara [&hellip;]<\/p>\n","protected":false},"author":3,"featured_media":0,"parent":193,"menu_order":0,"comment_status":"closed","ping_status":"closed","template":"","meta":{"footnotes":""},"class_list":["post-222","page","type-page","status-publish","hentry"],"yoast_head":"<!-- This site is optimized with the Yoast SEO plugin v27.4 - https:\/\/yoast.com\/product\/yoast-seo-wordpress\/ -->\n<title>Anonyme Online Beratung f\u00fcr Eltern<\/title>\n<meta name=\"description\" content=\"Unser Fachverband bke bietet Onlineberatung f\u00fcr Jugendliche und Eltern an. Kostenfrei und anonym. Beratung erfolgt nur durch ausgebildete Fachkr\u00e4fte.\" \/>\n<meta name=\"robots\" content=\"index, follow, max-snippet:-1, max-image-preview:large, max-video-preview:-1\" \/>\n<link rel=\"canonical\" href=\"https:\/\/evangelische-beratung.com\/tr\/aile-cocuk-gencler\/familie-erziehung\/onlineberatung-fuer-eltern\/\" \/>\n<meta property=\"og:locale\" content=\"tr_TR\" \/>\n<meta property=\"og:type\" content=\"article\" \/>\n<meta property=\"og:title\" content=\"Anonyme Online Beratung f\u00fcr Eltern\" \/>\n<meta property=\"og:description\" content=\"Unser Fachverband bke bietet Onlineberatung f\u00fcr Jugendliche und Eltern an. Kostenfrei und anonym. Beratung erfolgt nur durch ausgebildete Fachkr\u00e4fte.\" \/>\n<meta property=\"og:url\" content=\"https:\/\/evangelische-beratung.com\/tr\/aile-cocuk-gencler\/familie-erziehung\/onlineberatung-fuer-eltern\/\" \/>\n<meta property=\"og:site_name\" content=\"Evangelischer Regionalverband\" \/>\n<meta property=\"article:modified_time\" content=\"2020-03-27T07:56:12+00:00\" \/>\n<meta property=\"og:image\" content=\"https:\/\/evangelische-beratung.com\/tr\/wp-content\/uploads\/sites\/8\/2019\/08\/Banner-92x30-alle3-1024x334.jpg\" \/>\n<meta name=\"twitter:card\" content=\"summary_large_image\" \/>\n<meta name=\"twitter:label1\" content=\"Tahmini okuma s\u00fcresi\" \/>\n\t<meta name=\"twitter:data1\" content=\"1 dakika\" \/>\n<script type=\"application\/ld+json\" class=\"yoast-schema-graph\">{\"@context\":\"https:\\\/\\\/schema.org\",\"@graph\":[{\"@type\":\"WebPage\",\"@id\":\"https:\\\/\\\/evangelische-beratung.com\\\/tr\\\/aile-cocuk-gencler\\\/familie-erziehung\\\/onlineberatung-fuer-eltern\\\/\",\"url\":\"https:\\\/\\\/evangelische-beratung.com\\\/tr\\\/aile-cocuk-gencler\\\/familie-erziehung\\\/onlineberatung-fuer-eltern\\\/\",\"name\":\"Anonyme Online Beratung f\u00fcr Eltern\",\"isPartOf\":{\"@id\":\"https:\\\/\\\/evangelische-beratung.com\\\/tr\\\/#website\"},\"primaryImageOfPage\":{\"@id\":\"https:\\\/\\\/evangelische-beratung.com\\\/tr\\\/aile-cocuk-gencler\\\/familie-erziehung\\\/onlineberatung-fuer-eltern\\\/#primaryimage\"},\"image\":{\"@id\":\"https:\\\/\\\/evangelische-beratung.com\\\/tr\\\/aile-cocuk-gencler\\\/familie-erziehung\\\/onlineberatung-fuer-eltern\\\/#primaryimage\"},\"thumbnailUrl\":\"https:\\\/\\\/evangelische-beratung.com\\\/tr\\\/wp-content\\\/uploads\\\/sites\\\/8\\\/2019\\\/08\\\/Banner-92x30-alle3-1024x334.jpg\",\"datePublished\":\"2019-08-15T17:21:14+00:00\",\"dateModified\":\"2020-03-27T07:56:12+00:00\",\"description\":\"Unser Fachverband bke bietet Onlineberatung f\u00fcr Jugendliche und Eltern an. Kostenfrei und anonym. Beratung erfolgt nur durch ausgebildete Fachkr\u00e4fte.\",\"breadcrumb\":{\"@id\":\"https:\\\/\\\/evangelische-beratung.com\\\/tr\\\/aile-cocuk-gencler\\\/familie-erziehung\\\/onlineberatung-fuer-eltern\\\/#breadcrumb\"},\"inLanguage\":\"tr\",\"potentialAction\":[{\"@type\":\"ReadAction\",\"target\":[\"https:\\\/\\\/evangelische-beratung.com\\\/tr\\\/aile-cocuk-gencler\\\/familie-erziehung\\\/onlineberatung-fuer-eltern\\\/\"]}]},{\"@type\":\"ImageObject\",\"inLanguage\":\"tr\",\"@id\":\"https:\\\/\\\/evangelische-beratung.com\\\/tr\\\/aile-cocuk-gencler\\\/familie-erziehung\\\/onlineberatung-fuer-eltern\\\/#primaryimage\",\"url\":\"https:\\\/\\\/evangelische-beratung.com\\\/tr\\\/wp-content\\\/uploads\\\/sites\\\/8\\\/2019\\\/08\\\/Banner-92x30-alle3-1024x334.jpg\",\"contentUrl\":\"https:\\\/\\\/evangelische-beratung.com\\\/tr\\\/wp-content\\\/uploads\\\/sites\\\/8\\\/2019\\\/08\\\/Banner-92x30-alle3-1024x334.jpg\"},{\"@type\":\"BreadcrumbList\",\"@id\":\"https:\\\/\\\/evangelische-beratung.com\\\/tr\\\/aile-cocuk-gencler\\\/familie-erziehung\\\/onlineberatung-fuer-eltern\\\/#breadcrumb\",\"itemListElement\":[{\"@type\":\"ListItem\",\"position\":1,\"name\":\"Startseite\",\"item\":\"https:\\\/\\\/evangelische-beratung.com\\\/tr\\\/\"},{\"@type\":\"ListItem\",\"position\":2,\"name\":\"Aile- \u00c7ocuklar -Ergenler\",\"item\":\"https:\\\/\\\/evangelische-beratung.com\\\/tr\\\/aile-cocuk-gencler\\\/\"},{\"@type\":\"ListItem\",\"position\":3,\"name\":\"Aile ve E\u011fitim\",\"item\":\"https:\\\/\\\/evangelische-beratung.com\\\/tr\\\/aile-cocuk-gencler\\\/familie-erziehung\\\/\"},{\"@type\":\"ListItem\",\"position\":4,\"name\":\"Ebeveynlere online- Dan\u0131\u015fma hizmeti\"}]},{\"@type\":\"WebSite\",\"@id\":\"https:\\\/\\\/evangelische-beratung.com\\\/tr\\\/#website\",\"url\":\"https:\\\/\\\/evangelische-beratung.com\\\/tr\\\/\",\"name\":\"Evangelischer Regionalverband\",\"description\":\"\",\"publisher\":{\"@id\":\"https:\\\/\\\/evangelische-beratung.com\\\/tr\\\/#organization\"},\"potentialAction\":[{\"@type\":\"SearchAction\",\"target\":{\"@type\":\"EntryPoint\",\"urlTemplate\":\"https:\\\/\\\/evangelische-beratung.com\\\/tr\\\/?s={search_term_string}\"},\"query-input\":{\"@type\":\"PropertyValueSpecification\",\"valueRequired\":true,\"valueName\":\"search_term_string\"}}],\"inLanguage\":\"tr\"},{\"@type\":\"Organization\",\"@id\":\"https:\\\/\\\/evangelische-beratung.com\\\/tr\\\/#organization\",\"name\":\"Evangelischer Regionalverband Frankfurt und Offenbach\",\"url\":\"https:\\\/\\\/evangelische-beratung.com\\\/tr\\\/\",\"logo\":{\"@type\":\"ImageObject\",\"inLanguage\":\"tr\",\"@id\":\"https:\\\/\\\/evangelische-beratung.com\\\/tr\\\/#\\\/schema\\\/logo\\\/image\\\/\",\"url\":\"https:\\\/\\\/evangelische-beratung.com\\\/tr\\\/wp-content\\\/uploads\\\/sites\\\/8\\\/2019\\\/10\\\/erv-logo.png\",\"contentUrl\":\"https:\\\/\\\/evangelische-beratung.com\\\/tr\\\/wp-content\\\/uploads\\\/sites\\\/8\\\/2019\\\/10\\\/erv-logo.png\",\"width\":1127,\"height\":595,\"caption\":\"Evangelischer Regionalverband Frankfurt und Offenbach\"},\"image\":{\"@id\":\"https:\\\/\\\/evangelische-beratung.com\\\/tr\\\/#\\\/schema\\\/logo\\\/image\\\/\"}}]}<\/script>\n<!-- \/ Yoast SEO plugin. -->","yoast_head_json":{"title":"Anonyme Online Beratung f\u00fcr Eltern","description":"Unser Fachverband bke bietet Onlineberatung f\u00fcr Jugendliche und Eltern an. Kostenfrei und anonym. Beratung erfolgt nur durch ausgebildete Fachkr\u00e4fte.","robots":{"index":"index","follow":"follow","max-snippet":"max-snippet:-1","max-image-preview":"max-image-preview:large","max-video-preview":"max-video-preview:-1"},"canonical":"https:\/\/evangelische-beratung.com\/tr\/aile-cocuk-gencler\/familie-erziehung\/onlineberatung-fuer-eltern\/","og_locale":"tr_TR","og_type":"article","og_title":"Anonyme Online Beratung f\u00fcr Eltern","og_description":"Unser Fachverband bke bietet Onlineberatung f\u00fcr Jugendliche und Eltern an. Kostenfrei und anonym. Beratung erfolgt nur durch ausgebildete Fachkr\u00e4fte.","og_url":"https:\/\/evangelische-beratung.com\/tr\/aile-cocuk-gencler\/familie-erziehung\/onlineberatung-fuer-eltern\/","og_site_name":"Evangelischer Regionalverband","article_modified_time":"2020-03-27T07:56:12+00:00","og_image":[{"url":"https:\/\/evangelische-beratung.com\/tr\/wp-content\/uploads\/sites\/8\/2019\/08\/Banner-92x30-alle3-1024x334.jpg","type":"","width":"","height":""}],"twitter_card":"summary_large_image","twitter_misc":{"Tahmini okuma s\u00fcresi":"1 dakika"},"schema":{"@context":"https:\/\/schema.org","@graph":[{"@type":"WebPage","@id":"https:\/\/evangelische-beratung.com\/tr\/aile-cocuk-gencler\/familie-erziehung\/onlineberatung-fuer-eltern\/","url":"https:\/\/evangelische-beratung.com\/tr\/aile-cocuk-gencler\/familie-erziehung\/onlineberatung-fuer-eltern\/","name":"Anonyme Online Beratung f\u00fcr Eltern","isPartOf":{"@id":"https:\/\/evangelische-beratung.com\/tr\/#website"},"primaryImageOfPage":{"@id":"https:\/\/evangelische-beratung.com\/tr\/aile-cocuk-gencler\/familie-erziehung\/onlineberatung-fuer-eltern\/#primaryimage"},"image":{"@id":"https:\/\/evangelische-beratung.com\/tr\/aile-cocuk-gencler\/familie-erziehung\/onlineberatung-fuer-eltern\/#primaryimage"},"thumbnailUrl":"https:\/\/evangelische-beratung.com\/tr\/wp-content\/uploads\/sites\/8\/2019\/08\/Banner-92x30-alle3-1024x334.jpg","datePublished":"2019-08-15T17:21:14+00:00","dateModified":"2020-03-27T07:56:12+00:00","description":"Unser Fachverband bke bietet Onlineberatung f\u00fcr Jugendliche und Eltern an. Kostenfrei und anonym. Beratung erfolgt nur durch ausgebildete Fachkr\u00e4fte.","breadcrumb":{"@id":"https:\/\/evangelische-beratung.com\/tr\/aile-cocuk-gencler\/familie-erziehung\/onlineberatung-fuer-eltern\/#breadcrumb"},"inLanguage":"tr","potentialAction":[{"@type":"ReadAction","target":["https:\/\/evangelische-beratung.com\/tr\/aile-cocuk-gencler\/familie-erziehung\/onlineberatung-fuer-eltern\/"]}]},{"@type":"ImageObject","inLanguage":"tr","@id":"https:\/\/evangelische-beratung.com\/tr\/aile-cocuk-gencler\/familie-erziehung\/onlineberatung-fuer-eltern\/#primaryimage","url":"https:\/\/evangelische-beratung.com\/tr\/wp-content\/uploads\/sites\/8\/2019\/08\/Banner-92x30-alle3-1024x334.jpg","contentUrl":"https:\/\/evangelische-beratung.com\/tr\/wp-content\/uploads\/sites\/8\/2019\/08\/Banner-92x30-alle3-1024x334.jpg"},{"@type":"BreadcrumbList","@id":"https:\/\/evangelische-beratung.com\/tr\/aile-cocuk-gencler\/familie-erziehung\/onlineberatung-fuer-eltern\/#breadcrumb","itemListElement":[{"@type":"ListItem","position":1,"name":"Startseite","item":"https:\/\/evangelische-beratung.com\/tr\/"},{"@type":"ListItem","position":2,"name":"Aile- \u00c7ocuklar -Ergenler","item":"https:\/\/evangelische-beratung.com\/tr\/aile-cocuk-gencler\/"},{"@type":"ListItem","position":3,"name":"Aile ve E\u011fitim","item":"https:\/\/evangelische-beratung.com\/tr\/aile-cocuk-gencler\/familie-erziehung\/"},{"@type":"ListItem","position":4,"name":"Ebeveynlere online- Dan\u0131\u015fma hizmeti"}]},{"@type":"WebSite","@id":"https:\/\/evangelische-beratung.com\/tr\/#website","url":"https:\/\/evangelische-beratung.com\/tr\/","name":"Evangelischer Regionalverband","description":"","publisher":{"@id":"https:\/\/evangelische-beratung.com\/tr\/#organization"},"potentialAction":[{"@type":"SearchAction","target":{"@type":"EntryPoint","urlTemplate":"https:\/\/evangelische-beratung.com\/tr\/?s={search_term_string}"},"query-input":{"@type":"PropertyValueSpecification","valueRequired":true,"valueName":"search_term_string"}}],"inLanguage":"tr"},{"@type":"Organization","@id":"https:\/\/evangelische-beratung.com\/tr\/#organization","name":"Evangelischer Regionalverband Frankfurt und Offenbach","url":"https:\/\/evangelische-beratung.com\/tr\/","logo":{"@type":"ImageObject","inLanguage":"tr","@id":"https:\/\/evangelische-beratung.com\/tr\/#\/schema\/logo\/image\/","url":"https:\/\/evangelische-beratung.com\/tr\/wp-content\/uploads\/sites\/8\/2019\/10\/erv-logo.png","contentUrl":"https:\/\/evangelische-beratung.com\/tr\/wp-content\/uploads\/sites\/8\/2019\/10\/erv-logo.png","width":1127,"height":595,"caption":"Evangelischer Regionalverband Frankfurt und Offenbach"},"image":{"@id":"https:\/\/evangelische-beratung.com\/tr\/#\/schema\/logo\/image\/"}}]}},"_links":{"self":[{"href":"https:\/\/evangelische-beratung.com\/tr\/wp-json\/wp\/v2\/pages\/222","targetHints":{"allow":["GET"]}}],"collection":[{"href":"https:\/\/evangelische-beratung.com\/tr\/wp-json\/wp\/v2\/pages"}],"about":[{"href":"https:\/\/evangelische-beratung.com\/tr\/wp-json\/wp\/v2\/types\/page"}],"author":[{"embeddable":true,"href":"https:\/\/evangelische-beratung.com\/tr\/wp-json\/wp\/v2\/users\/3"}],"replies":[{"embeddable":true,"href":"https:\/\/evangelische-beratung.com\/tr\/wp-json\/wp\/v2\/comments?post=222"}],"version-history":[{"count":1,"href":"https:\/\/evangelische-beratung.com\/tr\/wp-json\/wp\/v2\/pages\/222\/revisions"}],"predecessor-version":[{"id":1451,"href":"https:\/\/evangelische-beratung.com\/tr\/wp-json\/wp\/v2\/pages\/222\/revisions\/1451"}],"up":[{"embeddable":true,"href":"https:\/\/evangelische-beratung.com\/tr\/wp-json\/wp\/v2\/pages\/193"}],"wp:attachment":[{"href":"https:\/\/evangelische-beratung.com\/tr\/wp-json\/wp\/v2\/media?parent=222"}],"curies":[{"name":"wp","href":"https:\/\/api.w.org\/{rel}","templated":true}]}}