{"id":211,"date":"2019-08-15T19:06:51","date_gmt":"2019-08-15T17:06:51","guid":{"rendered":"https:\/\/evangelische-beratung.com\/tr\/?page_id=211"},"modified":"2020-03-06T21:01:13","modified_gmt":"2020-03-06T20:01:13","slug":"migrationsberatung-fuer-erwachsene-zugewanderte-mbe","status":"publish","type":"page","link":"https:\/\/evangelische-beratung.com\/tr\/migration-flucht\/migrationsberatung-fuer-erwachsene-zugewanderte-mbe\/","title":{"rendered":"Yeti\u015fkin G\u00f6\u00e7menler i\u00e7in g\u00f6\u00e7 dan\u0131\u015fmanl\u0131k hizmetleri (MBE)"},"content":{"rendered":"\n<p>Almanya&#8217;ya yeni geldiniz ve burada uyum sa\u011flamak istiyorsunuz. Yeti\u015fkin g\u00f6\u00e7menler i\u00e7in g\u00f6\u00e7 dan\u0131\u015fmanl\u0131\u011f\u0131, sizi bu konularda destekler.<\/p>\n\n\n\n<figure class=\"wp-block-image alignwide\"><img loading=\"lazy\" decoding=\"async\" width=\"1024\" height=\"401\" src=\"https:\/\/evangelische-beratung.com\/tr\/wp-content\/uploads\/sites\/8\/2019\/08\/Migration1-1024x401.png\" alt=\"\" class=\"wp-image-223\" srcset=\"https:\/\/evangelische-beratung.com\/tr\/wp-content\/uploads\/sites\/8\/2019\/08\/Migration1-1024x401.png 1024w, https:\/\/evangelische-beratung.com\/tr\/wp-content\/uploads\/sites\/8\/2019\/08\/Migration1-300x117.png 300w, https:\/\/evangelische-beratung.com\/tr\/wp-content\/uploads\/sites\/8\/2019\/08\/Migration1-768x301.png 768w, https:\/\/evangelische-beratung.com\/tr\/wp-content\/uploads\/sites\/8\/2019\/08\/Migration1.png 1840w\" sizes=\"auto, 100vw\" \/><\/figure>\n\n\n\n<p>A\u015fa\u011f\u0131da sunulan benzer konularda bizimle irtibata giriniz:<\/p>\n\n\n\n<p><\/p>\n\n\n\n<ul class=\"wp-block-list\"><li>Frankfurt`ta yeni geldiniz veya uzun zamand\u0131r burada ya\u015f\u0131yorsan\u0131z.<\/li><li>Ki\u015fisel, sa\u011fl\u0131k, ikamet ve sosyal konularda yard\u0131m ar\u0131yorsan\u0131z.<\/li><li>Dil Kursu veya Uyum kursu yeri ar\u0131yorsan\u0131z.<\/li><li>Karne ve Diplomalar\u0131n\u0131z\u0131n tan\u0131nmas\u0131n\u0131 istiyorsan\u0131z.<\/li><li>Aile birle\u015fimi konusunda yard\u0131ma ihtiyac\u0131n\u0131z varsa.<\/li><li>Mesleki bir e\u011fitim, ileri e\u011fitim veya di\u011fer mesleki nitelikler ar\u0131yorsan\u0131z.<\/li><li>Aile ya\u015fam\u0131 ve \u00e7ocuk e\u011fitimi veya anaokulu ve okullar hakk\u0131nda sorular\u0131n\u0131z varsa.<\/li><\/ul>\n\n\n\n<p> Yeti\u015fkin G\u00f6\u00e7menler i\u00e7in G\u00f6\u00e7 dan\u0131\u015fmanl\u0131\u011f\u0131 (MBE) bu istemleriniz de size destek sa\u011flar. Gerekirse, size di\u011fer uzmanl\u0131k hizmetleri ve E\u011fitim kurumlar\u0131 ile ili\u015fkiye girmenizi sa\u011flar\u0131z.<\/p>\n\n\n\n<p>Uzman bay ve bayan dan\u0131\u015fmanlar\u0131m\u0131z, Sosyal Hizmetler, Sosyal E\u011fitim ve Psikoloji dallar\u0131 mezunudurlar. Birlikte bir \u00c7\u00f6z\u00fcm yolu buluruz. Dan\u0131\u015fma hizmetine kat\u0131l\u0131m, \u00fccretsiz olup, g\u00f6n\u00fcll\u00fck esas\u0131na dayan\u0131r. T\u00fcm dan\u0131\u015fma hizmetleri, gizlilik esas\u0131na dayan\u0131r.  <\/p>\n\n\n\n<p style=\"text-align:center\" class=\"is-style-roof-line\">Randevu almak i\u00e7in ileti\u015fim<\/p>\n\n\n\n<div class=\"wp-block-columns alignwide has-3-columns is-layout-flex wp-container-core-columns-is-layout-9d6595d7 wp-block-columns-is-layout-flex\">\n<div class=\"wp-block-column is-layout-flow wp-block-column-is-layout-flow\">\n<div class=\"wp-block-erv-id-card\"><div class=\"id-card-content\"><figure class=\"id-card-photo\"><img decoding=\"async\" src=\"https:\/\/evangelische-beratung.com\/wp-content\/uploads\/2020\/01\/portrait_platzhalter-1-300x300.jpg\" \/><\/figure><div class=\"id-card-details\"><p class=\"id-card-name\">Johanna Wagner<\/p><p class=\"id-card-job\">Verwaltung<\/p><p class=\"id-card-location\">Offenbach<\/p><p class=\"id-card-phone\">069 \/ 82 97 70 99<\/p><p class=\"id-card-email\"><a href=\"&#x6d;&#97;i&#x6c;&#116;o&#x3a;&#x62;&#101;&#x72;&#x61;&#116;u&#x6e;&#103;s&#x7a;&#x65;&#110;&#x74;&#x72;&#117;m&#x40;&#111;f&#x66;&#x65;&#110;&#x62;&#x61;&#99;h&#x2d;&#101;v&#x61;&#x6e;&#103;&#x65;&#x6c;&#105;s&#x63;&#104;&#46;&#x64;&#x65;\">E-Mail<\/a><\/p><\/div><\/div><\/div>\n\n\n\n<div class=\"wp-block-erv-id-card\"><div class=\"id-card-content\"><figure class=\"id-card-photo\"><img decoding=\"async\" src=\"https:\/\/evangelische-beratung.com\/wp-content\/uploads\/2023\/09\/EWA-Maksym-Akdogan-212x300.png\" \/><\/figure><div class=\"id-card-details\"><p class=\"id-card-name\">Ewa Maksym-Akdogan<\/p><p class=\"id-card-job\">Sekretariat<\/p><p class=\"id-card-location\">Frankfurt<\/p><p class=\"id-card-phone\">069 \/ 53 02 159<\/p><p class=\"id-card-email\"><a href=\"&#109;&#x61;&#x69;&#108;&#x74;&#x6f;:&#x6d;&#x69;g&#114;&#x61;t&#105;&#x6f;n&#115;&#x62;e&#114;&#x61;t&#117;&#x6e;&#x67;&#64;&#x66;&#x72;&#97;&#x6e;&#x6b;f&#x75;&#x72;t&#45;&#x65;v&#97;&#x6e;g&#101;&#x6c;i&#115;&#x63;h&#46;&#x64;&#x65;\">E-Mail<\/a><\/p><\/div><\/div><\/div>\n\n\n\n<div class=\"wp-block-erv-id-card\"><div class=\"id-card-content\"><figure class=\"id-card-photo\"><img decoding=\"async\" src=\"https:\/\/evangelische-beratung.com\/wp-content\/uploads\/2020\/01\/Kahraman-Topuz_Sozialberatung-fuer-Migranten-2-300x200.jpg\" \/><\/figure><div class=\"id-card-details\"><p class=\"id-card-name\">Kahraman Topuz<\/p><p class=\"id-card-job\">Beratung<\/p><p class=\"id-card-location\">Ev. Zentrum am Wei\u00dfen Stein<\/p><p class=\"id-card-phone\">069 \/ 53 02 159<\/p><p class=\"id-card-email\"><a href=\"&#x6d;&#97;&#x69;&#x6c;&#116;&#x6f;&#x3a;&#109;&#x69;&#x67;&#114;&#x61;&#x74;i&#x6f;&#x6e;s&#x62;&#101;r&#x61;&#116;u&#x6e;&#103;&#64;&#x66;&#114;a&#x6e;&#107;f&#x75;&#114;t&#x2d;&#101;v&#x61;&#110;g&#x65;&#108;i&#x73;&#99;h&#x2e;&#100;&#x65;\">E-Mail<\/a><\/p><\/div><\/div><\/div>\n\n\n\n<p><\/p>\n<\/div>\n\n\n\n<div class=\"wp-block-column is-layout-flow wp-block-column-is-layout-flow\">\n\n\n<div class=\"wp-block-erv-id-card\"><div class=\"id-card-content\"><figure class=\"id-card-photo\"><img decoding=\"async\" src=\"https:\/\/evangelische-beratung.com\/wp-content\/uploads\/2020\/01\/portrait_platzhalter-1-300x300.jpg\" \/><\/figure><div class=\"id-card-details\"><p class=\"id-card-name\">Anastassia-Tasoula Pentidou <\/p><p class=\"id-card-job\">Beratung<\/p><p class=\"id-card-location\">Ev. Beratungszentrum Offenbach<\/p><p class=\"id-card-phone\">069 \/ 82 97 70 99<\/p><p class=\"id-card-email\"><a href=\"&#109;&#x61;&#105;&#x6c;&#116;&#x6f;&#58;&#x6d;&#105;&#x67;&#114;&#x61;t&#x69;o&#x6e;s&#x62;e&#x72;a&#x74;u&#110;&#x67;&#64;&#x6f;&#102;&#x66;&#101;&#x6e;&#98;&#x61;&#99;&#x68;&#45;&#x65;v&#x61;n&#x67;e&#x6c;i&#x73;c&#x68;&#46;&#100;&#x65;\">E-Mail<\/a><\/p><\/div><\/div><\/div>\n\n\n\n<p><\/p>\n\n\n<\/div>\n\n\n\n<div class=\"wp-block-column is-layout-flow wp-block-column-is-layout-flow\">\n<div class=\"wp-block-erv-id-card\"><div class=\"id-card-content\"><figure class=\"id-card-photo\"><img decoding=\"async\" src=\"https:\/\/evangelische-beratung.com\/wp-content\/uploads\/2020\/01\/Kahraman-Topuz_Sozialberatung-fuer-Migranten-2-300x200.jpg\" \/><\/figure><div class=\"id-card-details\"><p class=\"id-card-name\">Kahraman Topuz<\/p><p class=\"id-card-job\">Beratung<\/p><p class=\"id-card-location\">Ev. Zentrum am Wei\u00dfen Stein<\/p><p class=\"id-card-phone\">069 \/ 53 02 159<\/p><p class=\"id-card-email\"><a href=\"&#x6d;&#x61;&#105;lt&#x6f;&#x3a;&#109;&#105;g&#x72;&#x61;&#116;&#105;o&#x6e;&#x73;&#x62;&#101;ra&#x74;&#x75;&#110;&#103;&#64;&#x66;&#x72;&#97;&#110;k&#x66;&#x75;&#114;&#116;-&#x65;&#x76;&#x61;&#110;ge&#x6c;&#x69;&#115;&#99;h&#x2e;&#x64;&#101;\">E-Mail<\/a><\/p><\/div><\/div><\/div>\n\n\n\n<p><\/p>\n\n\n\n<div class=\"wp-block-erv-id-card\"><div class=\"id-card-content\"><figure class=\"id-card-photo\"><img decoding=\"async\" src=\"https:\/\/evangelische-beratung.com\/wp-content\/uploads\/2020\/01\/portrait_platzhalter-1-300x300.jpg\" \/><\/figure><div class=\"id-card-details\"><p class=\"id-card-name\">Paulina Hassenrueck<\/p><p class=\"id-card-job\">Sekretariat <\/p><p class=\"id-card-location\">Ev. Beratungszentrum H\u00f6chst<\/p><p class=\"id-card-phone\">069 \/ 75 93 672 40<\/p><p class=\"id-card-email\"><a href=\"&#x6d;&#97;&#105;l&#x74;&#x6f;&#58;m&#x69;&#x67;&#114;at&#x69;&#111;&#110;s&#x62;&#x65;&#114;a&#x74;&#x75;&#110;&#103;&#46;&#x68;&#x6f;&#101;c&#x68;&#x73;&#116;&#64;&#x66;&#x72;&#97;&#110;k&#x66;&#x75;&#114;t&#x2d;&#x65;&#118;a&#x6e;&#x67;&#101;&#108;i&#x73;&#x63;&#104;&#46;&#x64;&#x65;\">E-Mail<\/a><\/p><\/div><\/div><\/div>\n\n\n\n<p><\/p>\n<\/div>\n<\/div>\n\n\n\n<p>Dan\u0131\u015fma hizmeti, Din, Dil, mezhep, inan\u00e7 ve milli kimlik ay\u0131r\u0131m\u0131 yap\u0131lmaks\u0131z\u0131n ger\u00e7ekle\u015fir. Size g\u00fcvenceli, \u00fccretsiz ve ba\u011f\u0131ms\u0131z dan\u0131\u015fma hizmetleri sunar\u0131z. Yeti\u015fkin G\u00f6\u00e7menler i\u00e7in g\u00f6\u00e7 dan\u0131\u015fmanl\u0131\u011f\u0131 (MBE), dan\u0131\u015fma hizmetine destek ve katk\u0131da bulunan kurumlar: <\/p>\n\n\n\n<div class=\"wp-block-columns has-2-columns is-layout-flex wp-container-core-columns-is-layout-9d6595d7 wp-block-columns-is-layout-flex\">\n<div class=\"wp-block-column is-layout-flow wp-block-column-is-layout-flow\">\n<p><\/p>\n\n\n\n<figure class=\"wp-block-image\"><img loading=\"lazy\" decoding=\"async\" width=\"800\" height=\"476\" src=\"https:\/\/evangelische-beratung.com\/tr\/wp-content\/uploads\/sites\/8\/2019\/08\/BMI.png\" alt=\"\" class=\"wp-image-224\" srcset=\"https:\/\/evangelische-beratung.com\/tr\/wp-content\/uploads\/sites\/8\/2019\/08\/BMI.png 800w, https:\/\/evangelische-beratung.com\/tr\/wp-content\/uploads\/sites\/8\/2019\/08\/BMI-300x179.png 300w, https:\/\/evangelische-beratung.com\/tr\/wp-content\/uploads\/sites\/8\/2019\/08\/BMI-768x457.png 768w\" sizes=\"auto, 100vw\" \/><\/figure>\n<\/div>\n\n\n\n<div class=\"wp-block-column is-layout-flow wp-block-column-is-layout-flow\">\n<figure class=\"wp-block-image\"><img loading=\"lazy\" decoding=\"async\" width=\"926\" height=\"445\" src=\"https:\/\/evangelische-beratung.com\/tr\/wp-content\/uploads\/sites\/8\/2019\/08\/BAMF_Logo-MBE-1.png\" alt=\"\" class=\"wp-image-226\" srcset=\"https:\/\/evangelische-beratung.com\/tr\/wp-content\/uploads\/sites\/8\/2019\/08\/BAMF_Logo-MBE-1.png 926w, https:\/\/evangelische-beratung.com\/tr\/wp-content\/uploads\/sites\/8\/2019\/08\/BAMF_Logo-MBE-1-300x144.png 300w, https:\/\/evangelische-beratung.com\/tr\/wp-content\/uploads\/sites\/8\/2019\/08\/BAMF_Logo-MBE-1-768x369.png 768w\" sizes=\"auto, 100vw\" \/><\/figure>\n<\/div>\n<\/div>\n","protected":false},"excerpt":{"rendered":"<p>Almanya&#8217;ya yeni geldiniz ve burada uyum sa\u011flamak istiyorsunuz. Yeti\u015fkin g\u00f6\u00e7menler i\u00e7in g\u00f6\u00e7 dan\u0131\u015fmanl\u0131\u011f\u0131, sizi bu konularda destekler. A\u015fa\u011f\u0131da sunulan benzer konularda bizimle irtibata giriniz: Frankfurt`ta yeni geldiniz veya uzun zamand\u0131r burada ya\u015f\u0131yorsan\u0131z. Ki\u015fisel, sa\u011fl\u0131k, ikamet ve sosyal konularda yard\u0131m ar\u0131yorsan\u0131z. Dil Kursu veya Uyum kursu yeri ar\u0131yorsan\u0131z. Karne ve Diplomalar\u0131n\u0131z\u0131n tan\u0131nmas\u0131n\u0131 istiyorsan\u0131z. Aile birle\u015fimi konusunda [&hellip;]<\/p>\n","protected":false},"author":5,"featured_media":36,"parent":16,"menu_order":0,"comment_status":"closed","ping_status":"closed","template":"","meta":{"footnotes":""},"class_list":["post-211","page","type-page","status-publish","has-post-thumbnail","hentry"],"yoast_head":"<!-- This site is optimized with the Yoast SEO plugin v27.4 - https:\/\/yoast.com\/product\/yoast-seo-wordpress\/ -->\n<title>Migrationsberatung f\u00fcr erwachsene Zuwanderer (MBE)<\/title>\n<meta name=\"description\" content=\"Sie sind neu nach Deutschland gekommen und m\u00f6chten sich hier zurechtfinden? Die Migrationsberatung f\u00fcr erwachsene Zugewanderte unterst\u00fctzt Sie dabei.\" \/>\n<meta name=\"robots\" content=\"index, follow, max-snippet:-1, max-image-preview:large, max-video-preview:-1\" \/>\n<link rel=\"canonical\" href=\"https:\/\/evangelische-beratung.com\/tr\/migration-flucht\/migrationsberatung-fuer-erwachsene-zugewanderte-mbe\/\" \/>\n<meta property=\"og:locale\" content=\"tr_TR\" \/>\n<meta property=\"og:type\" content=\"article\" \/>\n<meta property=\"og:title\" content=\"Migrationsberatung f\u00fcr erwachsene Zuwanderer (MBE)\" \/>\n<meta property=\"og:description\" content=\"Sie sind neu nach Deutschland gekommen und m\u00f6chten sich hier zurechtfinden? Die Migrationsberatung f\u00fcr erwachsene Zugewanderte unterst\u00fctzt Sie dabei.\" \/>\n<meta property=\"og:url\" content=\"https:\/\/evangelische-beratung.com\/tr\/migration-flucht\/migrationsberatung-fuer-erwachsene-zugewanderte-mbe\/\" \/>\n<meta property=\"og:site_name\" content=\"Evangelischer Regionalverband\" \/>\n<meta property=\"article:modified_time\" content=\"2020-03-06T20:01:13+00:00\" \/>\n<meta property=\"og:image\" content=\"https:\/\/evangelische-beratung.com\/tr\/wp-content\/uploads\/sites\/8\/2019\/07\/humberto-chavez-Ilo0ZD5o-q8-unsplash.jpg\" \/>\n\t<meta property=\"og:image:width\" content=\"1800\" \/>\n\t<meta property=\"og:image:height\" content=\"1200\" \/>\n\t<meta property=\"og:image:type\" content=\"image\/jpeg\" \/>\n<meta name=\"twitter:card\" content=\"summary_large_image\" \/>\n<meta name=\"twitter:label1\" content=\"Tahmini okuma s\u00fcresi\" \/>\n\t<meta name=\"twitter:data1\" content=\"1 dakika\" \/>\n<script type=\"application\/ld+json\" class=\"yoast-schema-graph\">{\"@context\":\"https:\\\/\\\/schema.org\",\"@graph\":[{\"@type\":\"WebPage\",\"@id\":\"https:\\\/\\\/evangelische-beratung.com\\\/tr\\\/migration-flucht\\\/migrationsberatung-fuer-erwachsene-zugewanderte-mbe\\\/\",\"url\":\"https:\\\/\\\/evangelische-beratung.com\\\/tr\\\/migration-flucht\\\/migrationsberatung-fuer-erwachsene-zugewanderte-mbe\\\/\",\"name\":\"Migrationsberatung f\u00fcr erwachsene Zuwanderer (MBE)\",\"isPartOf\":{\"@id\":\"https:\\\/\\\/evangelische-beratung.com\\\/tr\\\/#website\"},\"primaryImageOfPage\":{\"@id\":\"https:\\\/\\\/evangelische-beratung.com\\\/tr\\\/migration-flucht\\\/migrationsberatung-fuer-erwachsene-zugewanderte-mbe\\\/#primaryimage\"},\"image\":{\"@id\":\"https:\\\/\\\/evangelische-beratung.com\\\/tr\\\/migration-flucht\\\/migrationsberatung-fuer-erwachsene-zugewanderte-mbe\\\/#primaryimage\"},\"thumbnailUrl\":\"https:\\\/\\\/evangelische-beratung.com\\\/tr\\\/wp-content\\\/uploads\\\/sites\\\/8\\\/2019\\\/07\\\/humberto-chavez-Ilo0ZD5o-q8-unsplash.jpg\",\"datePublished\":\"2019-08-15T17:06:51+00:00\",\"dateModified\":\"2020-03-06T20:01:13+00:00\",\"description\":\"Sie sind neu nach Deutschland gekommen und m\u00f6chten sich hier zurechtfinden? Die Migrationsberatung f\u00fcr erwachsene Zugewanderte unterst\u00fctzt Sie dabei.\",\"breadcrumb\":{\"@id\":\"https:\\\/\\\/evangelische-beratung.com\\\/tr\\\/migration-flucht\\\/migrationsberatung-fuer-erwachsene-zugewanderte-mbe\\\/#breadcrumb\"},\"inLanguage\":\"tr\",\"potentialAction\":[{\"@type\":\"ReadAction\",\"target\":[\"https:\\\/\\\/evangelische-beratung.com\\\/tr\\\/migration-flucht\\\/migrationsberatung-fuer-erwachsene-zugewanderte-mbe\\\/\"]}]},{\"@type\":\"ImageObject\",\"inLanguage\":\"tr\",\"@id\":\"https:\\\/\\\/evangelische-beratung.com\\\/tr\\\/migration-flucht\\\/migrationsberatung-fuer-erwachsene-zugewanderte-mbe\\\/#primaryimage\",\"url\":\"https:\\\/\\\/evangelische-beratung.com\\\/tr\\\/wp-content\\\/uploads\\\/sites\\\/8\\\/2019\\\/07\\\/humberto-chavez-Ilo0ZD5o-q8-unsplash.jpg\",\"contentUrl\":\"https:\\\/\\\/evangelische-beratung.com\\\/tr\\\/wp-content\\\/uploads\\\/sites\\\/8\\\/2019\\\/07\\\/humberto-chavez-Ilo0ZD5o-q8-unsplash.jpg\",\"width\":1800,\"height\":1200},{\"@type\":\"BreadcrumbList\",\"@id\":\"https:\\\/\\\/evangelische-beratung.com\\\/tr\\\/migration-flucht\\\/migrationsberatung-fuer-erwachsene-zugewanderte-mbe\\\/#breadcrumb\",\"itemListElement\":[{\"@type\":\"ListItem\",\"position\":1,\"name\":\"Startseite\",\"item\":\"https:\\\/\\\/evangelische-beratung.com\\\/tr\\\/\"},{\"@type\":\"ListItem\",\"position\":2,\"name\":\"G\u00f6\u00e7 ve S\u0131\u011f\u0131nma\",\"item\":\"https:\\\/\\\/evangelische-beratung.com\\\/tr\\\/migration-flucht\\\/\"},{\"@type\":\"ListItem\",\"position\":3,\"name\":\"Yeti\u015fkin G\u00f6\u00e7menler i\u00e7in g\u00f6\u00e7 dan\u0131\u015fmanl\u0131k hizmetleri (MBE)\"}]},{\"@type\":\"WebSite\",\"@id\":\"https:\\\/\\\/evangelische-beratung.com\\\/tr\\\/#website\",\"url\":\"https:\\\/\\\/evangelische-beratung.com\\\/tr\\\/\",\"name\":\"Evangelischer Regionalverband\",\"description\":\"\",\"publisher\":{\"@id\":\"https:\\\/\\\/evangelische-beratung.com\\\/tr\\\/#organization\"},\"potentialAction\":[{\"@type\":\"SearchAction\",\"target\":{\"@type\":\"EntryPoint\",\"urlTemplate\":\"https:\\\/\\\/evangelische-beratung.com\\\/tr\\\/?s={search_term_string}\"},\"query-input\":{\"@type\":\"PropertyValueSpecification\",\"valueRequired\":true,\"valueName\":\"search_term_string\"}}],\"inLanguage\":\"tr\"},{\"@type\":\"Organization\",\"@id\":\"https:\\\/\\\/evangelische-beratung.com\\\/tr\\\/#organization\",\"name\":\"Evangelischer Regionalverband Frankfurt und Offenbach\",\"url\":\"https:\\\/\\\/evangelische-beratung.com\\\/tr\\\/\",\"logo\":{\"@type\":\"ImageObject\",\"inLanguage\":\"tr\",\"@id\":\"https:\\\/\\\/evangelische-beratung.com\\\/tr\\\/#\\\/schema\\\/logo\\\/image\\\/\",\"url\":\"https:\\\/\\\/evangelische-beratung.com\\\/tr\\\/wp-content\\\/uploads\\\/sites\\\/8\\\/2019\\\/10\\\/erv-logo.png\",\"contentUrl\":\"https:\\\/\\\/evangelische-beratung.com\\\/tr\\\/wp-content\\\/uploads\\\/sites\\\/8\\\/2019\\\/10\\\/erv-logo.png\",\"width\":1127,\"height\":595,\"caption\":\"Evangelischer Regionalverband Frankfurt und Offenbach\"},\"image\":{\"@id\":\"https:\\\/\\\/evangelische-beratung.com\\\/tr\\\/#\\\/schema\\\/logo\\\/image\\\/\"}}]}<\/script>\n<!-- \/ Yoast SEO plugin. -->","yoast_head_json":{"title":"Migrationsberatung f\u00fcr erwachsene Zuwanderer (MBE)","description":"Sie sind neu nach Deutschland gekommen und m\u00f6chten sich hier zurechtfinden? Die Migrationsberatung f\u00fcr erwachsene Zugewanderte unterst\u00fctzt Sie dabei.","robots":{"index":"index","follow":"follow","max-snippet":"max-snippet:-1","max-image-preview":"max-image-preview:large","max-video-preview":"max-video-preview:-1"},"canonical":"https:\/\/evangelische-beratung.com\/tr\/migration-flucht\/migrationsberatung-fuer-erwachsene-zugewanderte-mbe\/","og_locale":"tr_TR","og_type":"article","og_title":"Migrationsberatung f\u00fcr erwachsene Zuwanderer (MBE)","og_description":"Sie sind neu nach Deutschland gekommen und m\u00f6chten sich hier zurechtfinden? Die Migrationsberatung f\u00fcr erwachsene Zugewanderte unterst\u00fctzt Sie dabei.","og_url":"https:\/\/evangelische-beratung.com\/tr\/migration-flucht\/migrationsberatung-fuer-erwachsene-zugewanderte-mbe\/","og_site_name":"Evangelischer Regionalverband","article_modified_time":"2020-03-06T20:01:13+00:00","og_image":[{"width":1800,"height":1200,"url":"https:\/\/evangelische-beratung.com\/tr\/wp-content\/uploads\/sites\/8\/2019\/07\/humberto-chavez-Ilo0ZD5o-q8-unsplash.jpg","type":"image\/jpeg"}],"twitter_card":"summary_large_image","twitter_misc":{"Tahmini okuma s\u00fcresi":"1 dakika"},"schema":{"@context":"https:\/\/schema.org","@graph":[{"@type":"WebPage","@id":"https:\/\/evangelische-beratung.com\/tr\/migration-flucht\/migrationsberatung-fuer-erwachsene-zugewanderte-mbe\/","url":"https:\/\/evangelische-beratung.com\/tr\/migration-flucht\/migrationsberatung-fuer-erwachsene-zugewanderte-mbe\/","name":"Migrationsberatung f\u00fcr erwachsene Zuwanderer (MBE)","isPartOf":{"@id":"https:\/\/evangelische-beratung.com\/tr\/#website"},"primaryImageOfPage":{"@id":"https:\/\/evangelische-beratung.com\/tr\/migration-flucht\/migrationsberatung-fuer-erwachsene-zugewanderte-mbe\/#primaryimage"},"image":{"@id":"https:\/\/evangelische-beratung.com\/tr\/migration-flucht\/migrationsberatung-fuer-erwachsene-zugewanderte-mbe\/#primaryimage"},"thumbnailUrl":"https:\/\/evangelische-beratung.com\/tr\/wp-content\/uploads\/sites\/8\/2019\/07\/humberto-chavez-Ilo0ZD5o-q8-unsplash.jpg","datePublished":"2019-08-15T17:06:51+00:00","dateModified":"2020-03-06T20:01:13+00:00","description":"Sie sind neu nach Deutschland gekommen und m\u00f6chten sich hier zurechtfinden? Die Migrationsberatung f\u00fcr erwachsene Zugewanderte unterst\u00fctzt Sie dabei.","breadcrumb":{"@id":"https:\/\/evangelische-beratung.com\/tr\/migration-flucht\/migrationsberatung-fuer-erwachsene-zugewanderte-mbe\/#breadcrumb"},"inLanguage":"tr","potentialAction":[{"@type":"ReadAction","target":["https:\/\/evangelische-beratung.com\/tr\/migration-flucht\/migrationsberatung-fuer-erwachsene-zugewanderte-mbe\/"]}]},{"@type":"ImageObject","inLanguage":"tr","@id":"https:\/\/evangelische-beratung.com\/tr\/migration-flucht\/migrationsberatung-fuer-erwachsene-zugewanderte-mbe\/#primaryimage","url":"https:\/\/evangelische-beratung.com\/tr\/wp-content\/uploads\/sites\/8\/2019\/07\/humberto-chavez-Ilo0ZD5o-q8-unsplash.jpg","contentUrl":"https:\/\/evangelische-beratung.com\/tr\/wp-content\/uploads\/sites\/8\/2019\/07\/humberto-chavez-Ilo0ZD5o-q8-unsplash.jpg","width":1800,"height":1200},{"@type":"BreadcrumbList","@id":"https:\/\/evangelische-beratung.com\/tr\/migration-flucht\/migrationsberatung-fuer-erwachsene-zugewanderte-mbe\/#breadcrumb","itemListElement":[{"@type":"ListItem","position":1,"name":"Startseite","item":"https:\/\/evangelische-beratung.com\/tr\/"},{"@type":"ListItem","position":2,"name":"G\u00f6\u00e7 ve S\u0131\u011f\u0131nma","item":"https:\/\/evangelische-beratung.com\/tr\/migration-flucht\/"},{"@type":"ListItem","position":3,"name":"Yeti\u015fkin G\u00f6\u00e7menler i\u00e7in g\u00f6\u00e7 dan\u0131\u015fmanl\u0131k hizmetleri (MBE)"}]},{"@type":"WebSite","@id":"https:\/\/evangelische-beratung.com\/tr\/#website","url":"https:\/\/evangelische-beratung.com\/tr\/","name":"Evangelischer Regionalverband","description":"","publisher":{"@id":"https:\/\/evangelische-beratung.com\/tr\/#organization"},"potentialAction":[{"@type":"SearchAction","target":{"@type":"EntryPoint","urlTemplate":"https:\/\/evangelische-beratung.com\/tr\/?s={search_term_string}"},"query-input":{"@type":"PropertyValueSpecification","valueRequired":true,"valueName":"search_term_string"}}],"inLanguage":"tr"},{"@type":"Organization","@id":"https:\/\/evangelische-beratung.com\/tr\/#organization","name":"Evangelischer Regionalverband Frankfurt und Offenbach","url":"https:\/\/evangelische-beratung.com\/tr\/","logo":{"@type":"ImageObject","inLanguage":"tr","@id":"https:\/\/evangelische-beratung.com\/tr\/#\/schema\/logo\/image\/","url":"https:\/\/evangelische-beratung.com\/tr\/wp-content\/uploads\/sites\/8\/2019\/10\/erv-logo.png","contentUrl":"https:\/\/evangelische-beratung.com\/tr\/wp-content\/uploads\/sites\/8\/2019\/10\/erv-logo.png","width":1127,"height":595,"caption":"Evangelischer Regionalverband Frankfurt und Offenbach"},"image":{"@id":"https:\/\/evangelische-beratung.com\/tr\/#\/schema\/logo\/image\/"}}]}},"_links":{"self":[{"href":"https:\/\/evangelische-beratung.com\/tr\/wp-json\/wp\/v2\/pages\/211","targetHints":{"allow":["GET"]}}],"collection":[{"href":"https:\/\/evangelische-beratung.com\/tr\/wp-json\/wp\/v2\/pages"}],"about":[{"href":"https:\/\/evangelische-beratung.com\/tr\/wp-json\/wp\/v2\/types\/page"}],"author":[{"embeddable":true,"href":"https:\/\/evangelische-beratung.com\/tr\/wp-json\/wp\/v2\/users\/5"}],"replies":[{"embeddable":true,"href":"https:\/\/evangelische-beratung.com\/tr\/wp-json\/wp\/v2\/comments?post=211"}],"version-history":[{"count":0,"href":"https:\/\/evangelische-beratung.com\/tr\/wp-json\/wp\/v2\/pages\/211\/revisions"}],"up":[{"embeddable":true,"href":"https:\/\/evangelische-beratung.com\/tr\/wp-json\/wp\/v2\/pages\/16"}],"wp:featuredmedia":[{"embeddable":true,"href":"https:\/\/evangelische-beratung.com\/tr\/wp-json\/wp\/v2\/media\/36"}],"wp:attachment":[{"href":"https:\/\/evangelische-beratung.com\/tr\/wp-json\/wp\/v2\/media?parent=211"}],"curies":[{"name":"wp","href":"https:\/\/api.w.org\/{rel}","templated":true}]}}