{"id":190,"date":"2019-08-15T16:43:44","date_gmt":"2019-08-15T14:43:44","guid":{"rendered":"https:\/\/evangelische-beratung.com\/tr\/?page_id=190"},"modified":"2020-04-27T12:04:58","modified_gmt":"2020-04-27T10:04:58","slug":"sozialberatung-fur-migranten-und-fluchtlinge","status":"publish","type":"page","link":"https:\/\/evangelische-beratung.com\/tr\/migration-flucht\/sozialberatung-fur-migranten-und-fluchtlinge\/","title":{"rendered":"G\u00f6\u00e7menler ve M\u00fclteciler i\u00e7in Sosyal Dan\u0131\u015fmanl\u0131k"},"content":{"rendered":"\n<p class=\"is-style-teaser\">Frankfurt&#8217;taki ya\u015fam\u0131n\u0131zda, size kanuni, ailevi ve sosyal konular hakk\u0131nda Uzman Dan\u0131\u015fma hizmetleri sunuyoruz.<\/p>\n\n\n\n<figure class=\"wp-block-image alignwide\"><img loading=\"lazy\" decoding=\"async\" width=\"1024\" height=\"512\" src=\"https:\/\/evangelische-beratung.com\/tr\/wp-content\/uploads\/sites\/8\/2020\/01\/Sozialberatung-fuer-Migranten-Zentrum-Am-Weissen-Stein-2_HERO-1024x512.jpg\" alt=\"\" class=\"wp-image-821\" srcset=\"https:\/\/evangelische-beratung.com\/tr\/wp-content\/uploads\/sites\/8\/2020\/01\/Sozialberatung-fuer-Migranten-Zentrum-Am-Weissen-Stein-2_HERO-1024x512.jpg 1024w, https:\/\/evangelische-beratung.com\/tr\/wp-content\/uploads\/sites\/8\/2020\/01\/Sozialberatung-fuer-Migranten-Zentrum-Am-Weissen-Stein-2_HERO-300x150.jpg 300w, https:\/\/evangelische-beratung.com\/tr\/wp-content\/uploads\/sites\/8\/2020\/01\/Sozialberatung-fuer-Migranten-Zentrum-Am-Weissen-Stein-2_HERO-768x384.jpg 768w, https:\/\/evangelische-beratung.com\/tr\/wp-content\/uploads\/sites\/8\/2020\/01\/Sozialberatung-fuer-Migranten-Zentrum-Am-Weissen-Stein-2_HERO.jpg 1840w\" sizes=\"auto, 100vw\" \/><\/figure>\n\n\n\n<p>A\u015fa\u011f\u0131da Belirtilen benzer Konu ve Sorunlar\u0131n\u0131zda sizi yard\u0131mlar bulunuruz.<\/p>\n\n\n\n<ul class=\"wp-block-list\"><li>Ki\u015fisel, sa\u011fl\u0131k, ikamet ve sosyal hukuk konular\u0131nda yard\u0131m ar\u0131yorsan\u0131z?<\/li><li>Sosyal yard\u0131mlara ba\u015fvurmak istiyorsan\u0131z?<\/li><li>Ailevi veya yeni ku\u015fak ile uzla\u015fmazl\u0131klar varsa?<\/li><li>Federal G\u00f6\u00e7men ve M\u00fclteci Dairesi\u2019nin uyum kursuyon\/topluma uyum kursu veya dil kursu ar\u0131yorsan\u0131z?<\/li><li>Mesleki e\u011fitim veya ileri d\u00fczey e\u011fitim yapmak istiyorsan\u0131z?<\/li><li>Aile fertlerinizi Almanya&#8217;ya getirmek istiyorsan\u0131z?<\/li><li>\u00dclkenize, g\u00f6n\u00fcll\u00fc d\u00f6n\u00fc\u015f yapmak istiyorsan\u0131z?<\/li><li>\u0130lticaya ba\u015fvuru davan\u0131z  halen s\u00fcr\u00fcyor ve bu konuda dan\u0131\u015fma ar\u0131yorsan\u0131z?<\/li><\/ul>\n\n\n\n<p>Sosyal, E\u011fitim ve Di\u011fer kamu kurumlar\u0131yla i\u015fbirli\u011fi i\u00e7indeyiz. B\u00f6ylelikle size daha iyi yard\u0131mc\u0131 olabiliriz. <\/p>\n\n\n\n<p>Konusular\u0131nda uzman bay ve bayan dan\u0131\u015fmanlar\u0131m\u0131z farkl\u0131 dillerde veya terc\u00fcmanlar deste\u011fi ile de dan\u0131\u015fma hizmetleri sunarlar.<\/p>\n\n\n\n<p>Bu \u00fccretsiz Dan\u0131\u015fma, g\u00f6n\u00fcll\u00fcl\u00fck ve gizlilik esas\u0131na dayan\u0131r. <\/p>\n\n\n\n<div class=\"wp-block-erv-container -has-background\">\n<p class=\"is-style-roof-line\">Bay Bayan Dan\u0131\u015fmanlar\u0131n\u0131z<\/p>\n\n\n\n<h3 class=\"wp-block-heading\">G\u00f6\u00e7menler ve M\u00fclteciler i\u00e7in sosyal dan\u0131\u015fmanl\u0131k<\/h3>\n\n\n\n<div class=\"wp-block-columns alignwide has-2-columns is-layout-flex wp-container-core-columns-is-layout-9d6595d7 wp-block-columns-is-layout-flex\">\n<div class=\"wp-block-column is-layout-flow wp-block-column-is-layout-flow\">\n<div class=\"wp-block-erv-id-card\"><div class=\"id-card-content\"><figure class=\"id-card-photo\"><img decoding=\"async\" src=\"https:\/\/evangelische-beratung.com\/wp-content\/uploads\/2023\/09\/EWA-Maksym-Akdogan-212x300.png\" \/><\/figure><div class=\"id-card-details\"><p class=\"id-card-name\">Ewa Maksym-Akdogan<\/p><p class=\"id-card-job\">Sekretariat<\/p><p class=\"id-card-location\">Frankfurt<\/p><p class=\"id-card-phone\">069 \/ 53 02 159<\/p><p class=\"id-card-email\"><a href=\"&#109;&#x61;&#105;&#x6c;t&#x6f;:&#109;&#x69;&#103;&#x72;a&#x74;i&#111;&#x6e;&#115;&#x62;e&#x72;a&#116;&#x75;&#110;&#x67;&#64;&#x66;r&#97;&#x6e;&#107;&#x66;u&#x72;t&#45;&#x65;&#118;&#x61;n&#x67;e&#108;&#x69;&#115;&#x63;h&#x2e;d&#101;\">E-Mail<\/a><\/p><\/div><\/div><\/div>\n<\/div>\n\n\n\n<div class=\"wp-block-column is-layout-flow wp-block-column-is-layout-flow\">\n<p>Offene Sprechstunde<br>Montag   9:30\u201312:30 Uhr  <br>Donnerstag     14:00\u201317:30 Uhr <br>Dar\u00fcber hinaus sind Terminvereinbarungen m\u00f6glich. <\/p>\n<\/div>\n<\/div>\n\n\n\n<div class=\"wp-block-columns alignwide has-2-columns -columns-equal-height is-layout-flex wp-container-core-columns-is-layout-9d6595d7 wp-block-columns-is-layout-flex\">\n<div class=\"wp-block-column is-layout-flow wp-block-column-is-layout-flow\">\n<div class=\"wp-block-erv-id-card\"><div class=\"id-card-content\"><figure class=\"id-card-photo\"><img decoding=\"async\" src=\"https:\/\/evangelische-beratung.com\/wp-content\/uploads\/2020\/01\/portrait_platzhalter-1-300x300.jpg\" \/><\/figure><div class=\"id-card-details\"><p class=\"id-card-name\">Paulina Hassenrueck<\/p><p class=\"id-card-job\">Sekretariat <\/p><p class=\"id-card-location\">Ev. Beratungszentrum H\u00f6chst<\/p><p class=\"id-card-phone\">069 \/ 75 93 672 40<\/p><p class=\"id-card-email\"><a href=\"ma&#105;&#108;&#116;&#111;&#x3a;&#x6d;&#x69;&#x67;&#x72;at&#105;&#111;&#110;&#115;&#x62;&#x65;&#x72;&#x61;&#x74;un&#103;&#46;&#104;&#111;&#x65;&#x63;&#x68;&#x73;&#x74;&#64;fr&#97;&#110;&#107;&#x66;&#x75;&#x72;&#x74;&#x2d;eva&#110;&#103;&#101;&#x6c;&#x69;&#x73;&#x63;&#x68;&#46;de\">E-Mail<\/a><\/p><\/div><\/div><\/div>\n\n\n\n<p><\/p>\n\n\n\n<div class=\"wp-block-columns has-2-columns is-layout-flex wp-container-core-columns-is-layout-9d6595d7 wp-block-columns-is-layout-flex\">\n<div class=\"wp-block-column is-layout-flow wp-block-column-is-layout-flow\">\n<p><\/p>\n<\/div>\n\n\n\n<div class=\"wp-block-column is-layout-flow wp-block-column-is-layout-flow\"><\/div>\n<\/div>\n<\/div>\n\n\n\n<div class=\"wp-block-column is-layout-flow wp-block-column-is-layout-flow\">\n<p class=\"is-style-default\">Offene Sprechstunde<br>Donnerstag 14:00 \u201317:00 Uhr<br>Dar\u00fcber hinaus sind Terminvereinbarungen m\u00f6glich<\/p>\n<\/div>\n<\/div>\n<\/div>\n\n\n\n<div class=\"wp-block-columns alignwide has-3-columns is-layout-flex wp-container-core-columns-is-layout-9d6595d7 wp-block-columns-is-layout-flex\">\n<div class=\"wp-block-column is-layout-flow wp-block-column-is-layout-flow\">\n<div class=\"wp-block-erv-id-card\"><div class=\"id-card-content\"><figure class=\"id-card-photo\"><img decoding=\"async\" src=\"https:\/\/evangelische-beratung.com\/wp-content\/uploads\/2020\/01\/Leonie-Albert_Sozialberatung-Migranten-Hoechst-300x300.jpg\" \/><\/figure><div class=\"id-card-details\"><p class=\"id-card-name\">Leonie Albert<\/p><p class=\"id-card-job\">Leitung Sozial- und Migrationsberatung<\/p><p class=\"id-card-location\">Frankfurt<\/p><p class=\"id-card-phone\">069 \/ 75 93 672 40<\/p><p class=\"id-card-email\"><a href=\"m&#97;&#105;&#x6c;&#x74;&#x6f;:&#109;&#105;&#x67;&#x72;&#x61;ti&#111;&#x6e;&#x73;&#x62;er&#97;&#116;&#x75;&#x6e;&#x67;&#46;&#104;&#111;&#x65;&#x63;&#x68;s&#116;&#64;&#x66;&#x72;&#x61;nk&#102;&#x75;&#x72;&#x74;-e&#118;&#97;&#x6e;&#x67;&#x65;l&#105;&#115;&#x63;&#x68;&#x2e;d&#101;\">E-Mail<\/a><\/p><\/div><\/div><\/div>\n\n\n\n<div class=\"wp-block-erv-id-card\"><div class=\"id-card-content\"><figure class=\"id-card-photo\"><img decoding=\"async\" src=\"https:\/\/evangelische-beratung.com\/wp-content\/uploads\/2020\/01\/Kahraman-Topuz_Sozialberatung-fuer-Migranten-2-300x200.jpg\" \/><\/figure><div class=\"id-card-details\"><p class=\"id-card-name\">Kahraman Topuz<\/p><p class=\"id-card-job\">Beratung<\/p><p class=\"id-card-location\">Ev. Zentrum am Wei\u00dfen Stein<\/p><p class=\"id-card-phone\">069 \/ 53 02 159<\/p><p class=\"id-card-email\"><a href=\"&#109;&#x61;&#105;&#x6c;&#116;&#x6f;&#58;&#x6d;&#105;&#x67;&#114;&#x61;t&#x69;o&#x6e;s&#x62;e&#x72;a&#x74;u&#110;&#x67;&#64;&#x66;&#114;&#x61;&#110;&#x6b;&#102;&#x75;&#114;&#x74;&#45;&#x65;v&#x61;n&#x67;e&#x6c;i&#x73;c&#x68;&#46;&#100;&#x65;\">E-Mail<\/a><\/p><\/div><\/div><\/div>\n\n\n\n<p><\/p>\n\n\n\n<div class=\"wp-block-erv-id-card\"><div class=\"id-card-content\"><figure class=\"id-card-photo\"><img decoding=\"async\" src=\"https:\/\/evangelische-beratung.com\/wp-content\/uploads\/2020\/01\/Kahraman-Topuz_Sozialberatung-fuer-Migranten-2-300x200.jpg\" \/><\/figure><div class=\"id-card-details\"><p class=\"id-card-name\">Kahraman Topuz<\/p><p class=\"id-card-job\">Beratung<\/p><p class=\"id-card-location\">Ev. Zentrum am Wei\u00dfen Stein<\/p><p class=\"id-card-phone\">069 \/ 53 02 159<\/p><p class=\"id-card-email\"><a href=\"m&#97;&#105;&#x6c;&#x74;o:&#109;&#105;&#x67;&#x72;at&#105;&#111;&#x6e;&#x73;be&#114;&#x61;&#x74;&#x75;n&#103;&#64;&#x66;&#x72;&#x61;n&#107;&#102;&#x75;&#x72;&#x74;-&#101;&#118;&#x61;&#x6e;&#x67;e&#108;&#105;&#x73;&#x63;&#x68;&#46;&#100;&#101;\">E-Mail<\/a><\/p><\/div><\/div><\/div>\n\n\n\n<p><\/p>\n<\/div>\n\n\n\n<div class=\"wp-block-column is-layout-flow wp-block-column-is-layout-flow\">\n<div class=\"wp-block-erv-id-card\"><div class=\"id-card-content\"><figure class=\"id-card-photo\"><img decoding=\"async\" src=\"https:\/\/evangelische-beratung.com\/tr\/wp-content\/uploads\/sites\/8\/2020\/01\/portrait_platzhalter-1-300x300.jpg\" \/><\/figure><div class=\"id-card-details\"><p class=\"id-card-name\">Sanmira Cehajic<\/p><p class=\"id-card-job\">Beratung<\/p><p class=\"id-card-location\">H\u00f6chst<\/p><p class=\"id-card-phone\">069 \/ 75 93 672 40<\/p><p class=\"id-card-email\"><a href=\"ma&#105;&#108;&#116;&#x6f;&#x3a;&#x6d;&#x69;gr&#97;&#116;&#105;&#x6f;&#x6e;&#x73;&#x62;er&#97;&#116;&#117;&#x6e;&#x67;&#x2e;&#x68;oe&#99;&#104;&#115;&#x74;&#x40;&#x66;&#x72;an&#107;&#102;&#117;&#x72;&#x74;&#x2d;&#x65;va&#110;&#103;&#101;&#x6c;&#x69;&#x73;&#x63;h&#46;&#100;&#101;\">E-Mail<\/a><\/p><\/div><\/div><\/div>\n\n\n\n\n<\/div>\n\n\n\n<div class=\"wp-block-column is-layout-flow wp-block-column-is-layout-flow\">\n<div class=\"wp-block-erv-id-card\"><div class=\"id-card-content\"><figure class=\"id-card-photo\"><img decoding=\"async\" src=\"https:\/\/evangelische-beratung.com\/tr\/wp-content\/uploads\/sites\/8\/2020\/01\/Mehari-Dunfu_Sozialberatung-Migranten-Hoechst-300x300.jpg\" \/><\/figure><div class=\"id-card-details\"><p class=\"id-card-name\">Mehari Dunfu<\/p><p class=\"id-card-job\">Beratung<\/p><p class=\"id-card-location\">H\u00f6chst<\/p><p class=\"id-card-phone\">069 \/ 75 93 672 40<\/p><p class=\"id-card-email\"><a href=\"&#x6d;&#97;&#x69;&#x6c;t&#x6f;&#58;m&#x69;&#103;r&#x61;&#116;&#x69;&#x6f;n&#x73;&#98;e&#x72;&#97;t&#x75;&#110;&#x67;&#x2e;&#104;&#x6f;&#x65;c&#x68;&#115;t&#x40;&#102;r&#x61;&#110;&#x6b;&#x66;u&#x72;&#116;-&#x65;&#118;a&#x6e;&#103;&#x65;&#x6c;&#105;&#x73;&#x63;h&#x2e;&#100;e\">E-Mail<\/a><\/p><\/div><\/div><\/div>\n\n\n\n<div class=\"wp-block-erv-id-card\"><div class=\"id-card-content\"><figure class=\"id-card-photo\"><img decoding=\"async\" src=\"https:\/\/evangelische-beratung.com\/wp-content\/uploads\/2020\/01\/portrait_platzhalter-1-300x300.jpg\" \/><\/figure><div class=\"id-card-details\"><p class=\"id-card-name\">Malale Schokory<\/p><p class=\"id-card-job\">Beratung<\/p><p class=\"id-card-location\">Ev. Zentrum am Wei\u00dfen Stein<\/p><p class=\"id-card-phone\">069 \/ 53 02 159<\/p><p class=\"id-card-email\"><a href=\"&#109;&#x61;&#105;&#x6c;&#116;&#x6f;&#58;&#x6d;i&#x67;r&#x61;t&#x69;o&#110;&#x73;&#98;&#x65;&#114;&#x61;&#116;&#x75;&#110;&#x67;&#64;&#x66;r&#x61;n&#x6b;f&#117;&#x72;&#116;&#x2d;&#101;&#x76;&#97;&#x6e;&#103;&#x65;l&#x69;s&#x63;h&#x2e;d&#101;\">E-Mail<\/a><\/p><\/div><\/div><\/div>\n<\/div>\n<\/div>\n\n\n\n<p><\/p>\n","protected":false},"excerpt":{"rendered":"<p>Frankfurt&#8217;taki ya\u015fam\u0131n\u0131zda, size kanuni, ailevi ve sosyal konular hakk\u0131nda Uzman Dan\u0131\u015fma hizmetleri sunuyoruz. A\u015fa\u011f\u0131da Belirtilen benzer Konu ve Sorunlar\u0131n\u0131zda sizi yard\u0131mlar bulunuruz. Ki\u015fisel, sa\u011fl\u0131k, ikamet ve sosyal hukuk konular\u0131nda yard\u0131m ar\u0131yorsan\u0131z? Sosyal yard\u0131mlara ba\u015fvurmak istiyorsan\u0131z? Ailevi veya yeni ku\u015fak ile uzla\u015fmazl\u0131klar varsa? Federal G\u00f6\u00e7men ve M\u00fclteci Dairesi\u2019nin uyum kursuyon\/topluma uyum kursu veya dil kursu ar\u0131yorsan\u0131z? [&hellip;]<\/p>\n","protected":false},"author":5,"featured_media":36,"parent":16,"menu_order":0,"comment_status":"closed","ping_status":"closed","template":"","meta":{"footnotes":""},"class_list":["post-190","page","type-page","status-publish","has-post-thumbnail","hentry"],"yoast_head":"<!-- This site is optimized with the Yoast SEO plugin v27.6 - https:\/\/yoast.com\/product\/yoast-seo-wordpress\/ -->\n<title>Sozialberatung f. Migranten u. Fl\u00fcchtlinge beim Ev. Regionalverband Frankfurt<\/title>\n<meta name=\"description\" content=\"Wir beraten Sie in rechtlichen, famili\u00e4ren und sozialen Fragen zu Ihrem Leben in Frankfurt.\" \/>\n<meta name=\"robots\" content=\"index, follow, max-snippet:-1, max-image-preview:large, max-video-preview:-1\" \/>\n<link rel=\"canonical\" href=\"https:\/\/evangelische-beratung.com\/tr\/migration-flucht\/sozialberatung-fur-migranten-und-fluchtlinge\/\" \/>\n<meta property=\"og:locale\" content=\"tr_TR\" \/>\n<meta property=\"og:type\" content=\"article\" \/>\n<meta property=\"og:title\" content=\"Sozialberatung f. Migranten u. Fl\u00fcchtlinge beim Ev. Regionalverband Frankfurt\" \/>\n<meta property=\"og:description\" content=\"Wir beraten Sie in rechtlichen, famili\u00e4ren und sozialen Fragen zu Ihrem Leben in Frankfurt.\" \/>\n<meta property=\"og:url\" content=\"https:\/\/evangelische-beratung.com\/tr\/migration-flucht\/sozialberatung-fur-migranten-und-fluchtlinge\/\" \/>\n<meta property=\"og:site_name\" content=\"Evangelischer Regionalverband\" \/>\n<meta property=\"article:modified_time\" content=\"2020-04-27T10:04:58+00:00\" \/>\n<meta property=\"og:image\" content=\"https:\/\/evangelische-beratung.com\/tr\/wp-content\/uploads\/sites\/8\/2019\/07\/humberto-chavez-Ilo0ZD5o-q8-unsplash.jpg\" \/>\n\t<meta property=\"og:image:width\" content=\"1800\" \/>\n\t<meta property=\"og:image:height\" content=\"1200\" \/>\n\t<meta property=\"og:image:type\" content=\"image\/jpeg\" \/>\n<meta name=\"twitter:card\" content=\"summary_large_image\" \/>\n<meta name=\"twitter:label1\" content=\"Tahmini okuma s\u00fcresi\" \/>\n\t<meta name=\"twitter:data1\" content=\"1 dakika\" \/>\n<script type=\"application\/ld+json\" class=\"yoast-schema-graph\">{\"@context\":\"https:\\\/\\\/schema.org\",\"@graph\":[{\"@type\":\"WebPage\",\"@id\":\"https:\\\/\\\/evangelische-beratung.com\\\/tr\\\/migration-flucht\\\/sozialberatung-fur-migranten-und-fluchtlinge\\\/\",\"url\":\"https:\\\/\\\/evangelische-beratung.com\\\/tr\\\/migration-flucht\\\/sozialberatung-fur-migranten-und-fluchtlinge\\\/\",\"name\":\"Sozialberatung f. Migranten u. Fl\u00fcchtlinge beim Ev. Regionalverband Frankfurt\",\"isPartOf\":{\"@id\":\"https:\\\/\\\/evangelische-beratung.com\\\/tr\\\/#website\"},\"primaryImageOfPage\":{\"@id\":\"https:\\\/\\\/evangelische-beratung.com\\\/tr\\\/migration-flucht\\\/sozialberatung-fur-migranten-und-fluchtlinge\\\/#primaryimage\"},\"image\":{\"@id\":\"https:\\\/\\\/evangelische-beratung.com\\\/tr\\\/migration-flucht\\\/sozialberatung-fur-migranten-und-fluchtlinge\\\/#primaryimage\"},\"thumbnailUrl\":\"https:\\\/\\\/evangelische-beratung.com\\\/tr\\\/wp-content\\\/uploads\\\/sites\\\/8\\\/2019\\\/07\\\/humberto-chavez-Ilo0ZD5o-q8-unsplash.jpg\",\"datePublished\":\"2019-08-15T14:43:44+00:00\",\"dateModified\":\"2020-04-27T10:04:58+00:00\",\"description\":\"Wir beraten Sie in rechtlichen, famili\u00e4ren und sozialen Fragen zu Ihrem Leben in Frankfurt.\",\"breadcrumb\":{\"@id\":\"https:\\\/\\\/evangelische-beratung.com\\\/tr\\\/migration-flucht\\\/sozialberatung-fur-migranten-und-fluchtlinge\\\/#breadcrumb\"},\"inLanguage\":\"tr\",\"potentialAction\":[{\"@type\":\"ReadAction\",\"target\":[\"https:\\\/\\\/evangelische-beratung.com\\\/tr\\\/migration-flucht\\\/sozialberatung-fur-migranten-und-fluchtlinge\\\/\"]}]},{\"@type\":\"ImageObject\",\"inLanguage\":\"tr\",\"@id\":\"https:\\\/\\\/evangelische-beratung.com\\\/tr\\\/migration-flucht\\\/sozialberatung-fur-migranten-und-fluchtlinge\\\/#primaryimage\",\"url\":\"https:\\\/\\\/evangelische-beratung.com\\\/tr\\\/wp-content\\\/uploads\\\/sites\\\/8\\\/2019\\\/07\\\/humberto-chavez-Ilo0ZD5o-q8-unsplash.jpg\",\"contentUrl\":\"https:\\\/\\\/evangelische-beratung.com\\\/tr\\\/wp-content\\\/uploads\\\/sites\\\/8\\\/2019\\\/07\\\/humberto-chavez-Ilo0ZD5o-q8-unsplash.jpg\",\"width\":1800,\"height\":1200},{\"@type\":\"BreadcrumbList\",\"@id\":\"https:\\\/\\\/evangelische-beratung.com\\\/tr\\\/migration-flucht\\\/sozialberatung-fur-migranten-und-fluchtlinge\\\/#breadcrumb\",\"itemListElement\":[{\"@type\":\"ListItem\",\"position\":1,\"name\":\"Startseite\",\"item\":\"https:\\\/\\\/evangelische-beratung.com\\\/tr\\\/\"},{\"@type\":\"ListItem\",\"position\":2,\"name\":\"G\u00f6\u00e7 ve S\u0131\u011f\u0131nma\",\"item\":\"https:\\\/\\\/evangelische-beratung.com\\\/tr\\\/migration-flucht\\\/\"},{\"@type\":\"ListItem\",\"position\":3,\"name\":\"G\u00f6\u00e7menler ve M\u00fclteciler i\u00e7in Sosyal Dan\u0131\u015fmanl\u0131k\"}]},{\"@type\":\"WebSite\",\"@id\":\"https:\\\/\\\/evangelische-beratung.com\\\/tr\\\/#website\",\"url\":\"https:\\\/\\\/evangelische-beratung.com\\\/tr\\\/\",\"name\":\"Evangelischer Regionalverband\",\"description\":\"\",\"publisher\":{\"@id\":\"https:\\\/\\\/evangelische-beratung.com\\\/tr\\\/#organization\"},\"potentialAction\":[{\"@type\":\"SearchAction\",\"target\":{\"@type\":\"EntryPoint\",\"urlTemplate\":\"https:\\\/\\\/evangelische-beratung.com\\\/tr\\\/?s={search_term_string}\"},\"query-input\":{\"@type\":\"PropertyValueSpecification\",\"valueRequired\":true,\"valueName\":\"search_term_string\"}}],\"inLanguage\":\"tr\"},{\"@type\":\"Organization\",\"@id\":\"https:\\\/\\\/evangelische-beratung.com\\\/tr\\\/#organization\",\"name\":\"Evangelischer Regionalverband Frankfurt und Offenbach\",\"url\":\"https:\\\/\\\/evangelische-beratung.com\\\/tr\\\/\",\"logo\":{\"@type\":\"ImageObject\",\"inLanguage\":\"tr\",\"@id\":\"https:\\\/\\\/evangelische-beratung.com\\\/tr\\\/#\\\/schema\\\/logo\\\/image\\\/\",\"url\":\"https:\\\/\\\/evangelische-beratung.com\\\/tr\\\/wp-content\\\/uploads\\\/sites\\\/8\\\/2019\\\/10\\\/erv-logo.png\",\"contentUrl\":\"https:\\\/\\\/evangelische-beratung.com\\\/tr\\\/wp-content\\\/uploads\\\/sites\\\/8\\\/2019\\\/10\\\/erv-logo.png\",\"width\":1127,\"height\":595,\"caption\":\"Evangelischer Regionalverband Frankfurt und Offenbach\"},\"image\":{\"@id\":\"https:\\\/\\\/evangelische-beratung.com\\\/tr\\\/#\\\/schema\\\/logo\\\/image\\\/\"}}]}<\/script>\n<!-- \/ Yoast SEO plugin. -->","yoast_head_json":{"title":"Sozialberatung f. Migranten u. Fl\u00fcchtlinge beim Ev. Regionalverband Frankfurt","description":"Wir beraten Sie in rechtlichen, famili\u00e4ren und sozialen Fragen zu Ihrem Leben in Frankfurt.","robots":{"index":"index","follow":"follow","max-snippet":"max-snippet:-1","max-image-preview":"max-image-preview:large","max-video-preview":"max-video-preview:-1"},"canonical":"https:\/\/evangelische-beratung.com\/tr\/migration-flucht\/sozialberatung-fur-migranten-und-fluchtlinge\/","og_locale":"tr_TR","og_type":"article","og_title":"Sozialberatung f. Migranten u. Fl\u00fcchtlinge beim Ev. Regionalverband Frankfurt","og_description":"Wir beraten Sie in rechtlichen, famili\u00e4ren und sozialen Fragen zu Ihrem Leben in Frankfurt.","og_url":"https:\/\/evangelische-beratung.com\/tr\/migration-flucht\/sozialberatung-fur-migranten-und-fluchtlinge\/","og_site_name":"Evangelischer Regionalverband","article_modified_time":"2020-04-27T10:04:58+00:00","og_image":[{"width":1800,"height":1200,"url":"https:\/\/evangelische-beratung.com\/tr\/wp-content\/uploads\/sites\/8\/2019\/07\/humberto-chavez-Ilo0ZD5o-q8-unsplash.jpg","type":"image\/jpeg"}],"twitter_card":"summary_large_image","twitter_misc":{"Tahmini okuma s\u00fcresi":"1 dakika"},"schema":{"@context":"https:\/\/schema.org","@graph":[{"@type":"WebPage","@id":"https:\/\/evangelische-beratung.com\/tr\/migration-flucht\/sozialberatung-fur-migranten-und-fluchtlinge\/","url":"https:\/\/evangelische-beratung.com\/tr\/migration-flucht\/sozialberatung-fur-migranten-und-fluchtlinge\/","name":"Sozialberatung f. Migranten u. Fl\u00fcchtlinge beim Ev. Regionalverband Frankfurt","isPartOf":{"@id":"https:\/\/evangelische-beratung.com\/tr\/#website"},"primaryImageOfPage":{"@id":"https:\/\/evangelische-beratung.com\/tr\/migration-flucht\/sozialberatung-fur-migranten-und-fluchtlinge\/#primaryimage"},"image":{"@id":"https:\/\/evangelische-beratung.com\/tr\/migration-flucht\/sozialberatung-fur-migranten-und-fluchtlinge\/#primaryimage"},"thumbnailUrl":"https:\/\/evangelische-beratung.com\/tr\/wp-content\/uploads\/sites\/8\/2019\/07\/humberto-chavez-Ilo0ZD5o-q8-unsplash.jpg","datePublished":"2019-08-15T14:43:44+00:00","dateModified":"2020-04-27T10:04:58+00:00","description":"Wir beraten Sie in rechtlichen, famili\u00e4ren und sozialen Fragen zu Ihrem Leben in Frankfurt.","breadcrumb":{"@id":"https:\/\/evangelische-beratung.com\/tr\/migration-flucht\/sozialberatung-fur-migranten-und-fluchtlinge\/#breadcrumb"},"inLanguage":"tr","potentialAction":[{"@type":"ReadAction","target":["https:\/\/evangelische-beratung.com\/tr\/migration-flucht\/sozialberatung-fur-migranten-und-fluchtlinge\/"]}]},{"@type":"ImageObject","inLanguage":"tr","@id":"https:\/\/evangelische-beratung.com\/tr\/migration-flucht\/sozialberatung-fur-migranten-und-fluchtlinge\/#primaryimage","url":"https:\/\/evangelische-beratung.com\/tr\/wp-content\/uploads\/sites\/8\/2019\/07\/humberto-chavez-Ilo0ZD5o-q8-unsplash.jpg","contentUrl":"https:\/\/evangelische-beratung.com\/tr\/wp-content\/uploads\/sites\/8\/2019\/07\/humberto-chavez-Ilo0ZD5o-q8-unsplash.jpg","width":1800,"height":1200},{"@type":"BreadcrumbList","@id":"https:\/\/evangelische-beratung.com\/tr\/migration-flucht\/sozialberatung-fur-migranten-und-fluchtlinge\/#breadcrumb","itemListElement":[{"@type":"ListItem","position":1,"name":"Startseite","item":"https:\/\/evangelische-beratung.com\/tr\/"},{"@type":"ListItem","position":2,"name":"G\u00f6\u00e7 ve S\u0131\u011f\u0131nma","item":"https:\/\/evangelische-beratung.com\/tr\/migration-flucht\/"},{"@type":"ListItem","position":3,"name":"G\u00f6\u00e7menler ve M\u00fclteciler i\u00e7in Sosyal Dan\u0131\u015fmanl\u0131k"}]},{"@type":"WebSite","@id":"https:\/\/evangelische-beratung.com\/tr\/#website","url":"https:\/\/evangelische-beratung.com\/tr\/","name":"Evangelischer Regionalverband","description":"","publisher":{"@id":"https:\/\/evangelische-beratung.com\/tr\/#organization"},"potentialAction":[{"@type":"SearchAction","target":{"@type":"EntryPoint","urlTemplate":"https:\/\/evangelische-beratung.com\/tr\/?s={search_term_string}"},"query-input":{"@type":"PropertyValueSpecification","valueRequired":true,"valueName":"search_term_string"}}],"inLanguage":"tr"},{"@type":"Organization","@id":"https:\/\/evangelische-beratung.com\/tr\/#organization","name":"Evangelischer Regionalverband Frankfurt und Offenbach","url":"https:\/\/evangelische-beratung.com\/tr\/","logo":{"@type":"ImageObject","inLanguage":"tr","@id":"https:\/\/evangelische-beratung.com\/tr\/#\/schema\/logo\/image\/","url":"https:\/\/evangelische-beratung.com\/tr\/wp-content\/uploads\/sites\/8\/2019\/10\/erv-logo.png","contentUrl":"https:\/\/evangelische-beratung.com\/tr\/wp-content\/uploads\/sites\/8\/2019\/10\/erv-logo.png","width":1127,"height":595,"caption":"Evangelischer Regionalverband Frankfurt und Offenbach"},"image":{"@id":"https:\/\/evangelische-beratung.com\/tr\/#\/schema\/logo\/image\/"}}]}},"_links":{"self":[{"href":"https:\/\/evangelische-beratung.com\/tr\/wp-json\/wp\/v2\/pages\/190","targetHints":{"allow":["GET"]}}],"collection":[{"href":"https:\/\/evangelische-beratung.com\/tr\/wp-json\/wp\/v2\/pages"}],"about":[{"href":"https:\/\/evangelische-beratung.com\/tr\/wp-json\/wp\/v2\/types\/page"}],"author":[{"embeddable":true,"href":"https:\/\/evangelische-beratung.com\/tr\/wp-json\/wp\/v2\/users\/5"}],"replies":[{"embeddable":true,"href":"https:\/\/evangelische-beratung.com\/tr\/wp-json\/wp\/v2\/comments?post=190"}],"version-history":[{"count":2,"href":"https:\/\/evangelische-beratung.com\/tr\/wp-json\/wp\/v2\/pages\/190\/revisions"}],"predecessor-version":[{"id":1621,"href":"https:\/\/evangelische-beratung.com\/tr\/wp-json\/wp\/v2\/pages\/190\/revisions\/1621"}],"up":[{"embeddable":true,"href":"https:\/\/evangelische-beratung.com\/tr\/wp-json\/wp\/v2\/pages\/16"}],"wp:featuredmedia":[{"embeddable":true,"href":"https:\/\/evangelische-beratung.com\/tr\/wp-json\/wp\/v2\/media\/36"}],"wp:attachment":[{"href":"https:\/\/evangelische-beratung.com\/tr\/wp-json\/wp\/v2\/media?parent=190"}],"curies":[{"name":"wp","href":"https:\/\/api.w.org\/{rel}","templated":true}]}}