{"id":144,"date":"2019-08-14T17:45:57","date_gmt":"2019-08-14T15:45:57","guid":{"rendered":"https:\/\/evangelische-beratung.com\/tr\/?page_id=144"},"modified":"2020-03-27T08:58:02","modified_gmt":"2020-03-27T07:58:02","slug":"konfliktregulierende-beratung-bei-trennung-und-scheidung","status":"publish","type":"page","link":"https:\/\/evangelische-beratung.com\/tr\/aile-cocuk-gencler\/konfliktregulierende-beratung-bei-trennung-und-scheidung\/","title":{"rendered":"Ayr\u0131l\u0131k ve bo\u015fanma da Uyu\u015fmazl\u0131k d\u00fczenleyici ve koruyucu  Dan\u0131\u015fma;"},"content":{"rendered":"\n<p class=\"is-style-teaser\">Ayr\u0131l\u0131k ve bo\u015fanma konusunda Uyu\u015fmazl\u0131k d\u00fczenleyici ve koruyucu Dan\u0131\u015fma, \u00e7ocu\u011fun iyi yeti\u015ftirilmesi ve \u00e7\u0131karlar\u0131n\u0131n korunmas\u0131 i\u00e7in, r\u0131za anla\u015fmalar\u0131 haz\u0131rlanmas\u0131nda yard\u0131mc\u0131 olunur.<\/p>\n\n\n\n<p>B\u00f6ylesi durumlarda bize y\u00f6nelebilirsiniz.<\/p>\n\n\n\n<p>Ayr\u0131lma s\u00fcrecinden sonra Velayet ve \u00e7ocu\u011fun eri\u015fim Haklar\u0131 i\u00e7in bir\u00a0 mahkeme de davan\u0131z a\u00e7\u0131lm\u0131\u015fsa?<br>Konuda Yard\u0131m ve destek icin Tarafs\u0131z birisini mi ar\u0131yorsunuz?<br>\u00c7ocu\u011funuzun yeti\u015ftirilmesi ve \u00e7\u0131karlar\u0131n\u0131n korunmas\u0131nda ortakla\u015fa bir Tav\u0131r da bulunmak istiyorsunuz<\/p>\n\n\n\n<ul class=\"wp-block-list\"><li>Bazen, E\u015ften ayr\u0131lma veya bo\u015fanma sahfas\u0131nda bulunan Anne ve babalar, eri\u015fim haklar\u0131nda ve velayette, d\u0131\u015fardan destek ve yard\u0131m olmadan yapamazlar. Uyu\u015fmazl\u0131k d\u00fczenleyici ve koruyucu\u00a0 Dan\u0131\u015fmalarda, Ebeveynler aras\u0131nda kaybedilen g\u00fcveni yeniden geli\u015ftirilenebilinir. Bu \u015fekilde, r\u0131za anla\u015fmalar\u0131 \u00e7ocuklar\u0131n\u0131z\u0131n yarar\u0131na birlikte d\u00fczeltilebilinir. B\u00f6ylelikle Mahkeme karar\u0131na gerek duyulmaz.<\/li><li>\u00dc\u00e7 temel fikir, dan\u0131\u015fmalar\u0131 belirler:<\/li><\/ul>\n\n\n\n<div class=\"wp-block-erv-infobox\"><p class=\"infobox-title\">\u00c7ocuklar, hem anne ile hem de baba ile iyi veistikrarl\u0131 bir ili\u015fkiye ihtiya\u00e7 duyarlar<\/p><div class=\"infobox-content\">\n<ul class=\"wp-block-list\"><li>Ebeveynlerin \u0130li\u015fkileri, mahkemenin verece\u011fi kararlarla, d\u00fczeltilemez.<\/li><li>Ayr\u0131l\u0131k \u00e7at\u0131\u015fmas\u0131 s\u00fcrecinde bulunan Anne ve Babalar, \u00e7ocuklar\u0131na, di\u011fer ebeveyn aras\u0131ndaki ili\u015fkilerin g\u00fc\u00e7lenmesine destek verirler.<\/li><\/ul>\n\n\n\n<ul class=\"wp-block-list\"><li><\/li><\/ul>\n<\/div><\/div>\n\n\n\n<p>Uyu\u015fmazl\u0131k d\u00fczenleyici Dan\u0131\u015fmalar,\nyetkili mahkeme taraf\u0131ndan al\u0131nan Transfer, yoluyla ger\u00e7ekle\u015fir. Burada konu\nile ilgili ba\u015fvuru dilek\u00e7esi verebilirsiniz.<\/p>\n\n\n\n<p> Frankfurt&#8217;ta, Caritasverband ve Evangelische Regionalverband Frankfurt ve 2009 y\u0131l\u0131ndan itibaren, Offenbach, ta mahkeme usl\u00fcb\u00fcne uygun, Dan\u0131\u015fmalar sunuyorlar.<\/p>\n\n\n\n<div class=\"wp-block-columns has-2-columns is-layout-flex wp-container-core-columns-is-layout-9d6595d7 wp-block-columns-is-layout-flex\">\n<div class=\"wp-block-column is-layout-flow wp-block-column-is-layout-flow\">\n<div class=\"wp-block-erv-download -show-file-extension\"><span aria-hidden=\"true\"><span class=\"file-extension\">pdf<\/span><\/span><div class=\"title-and-description\"><p class=\"download-title -inverted-link-style\"><a href=\"https:\/\/evangelische-beratung.com\/tr\/wp-content\/uploads\/sites\/8\/2019\/11\/KrB-Infoblatt.pdf\" target=\"_blank\" rel=\"noopener noreferrer\">Infoblatt<\/a><\/p><p class=\"download-description\"><\/p><\/div><\/div>\n\n\n\n<p><\/p>\n<\/div>\n\n\n\n<div class=\"wp-block-column is-layout-flow wp-block-column-is-layout-flow\"><\/div>\n<\/div>\n\n\n\n<p style=\"text-align:center\" class=\"is-style-roof-line\"> Randevu almak i\u00e7in i<strong>leti\u015fim:<\/strong><\/p>\n\n\n\n<div class=\"wp-block-columns has-2-columns is-layout-flex wp-container-core-columns-is-layout-9d6595d7 wp-block-columns-is-layout-flex\">\n<div class=\"wp-block-column is-layout-flow wp-block-column-is-layout-flow\">\n<div class=\"wp-block-erv-id-card -hidden-image\"><div class=\"id-card-content\"><div class=\"id-card-details\"><p class=\"id-card-name\">Mandy Hanke<\/p><p class=\"id-card-job\">Sekretariat<\/p><p class=\"id-card-location\">Frankfurt<\/p><p class=\"id-card-phone\">069 \/ 53 02 221<\/p><p class=\"id-card-email\"><a href=\"&#109;&#x61;&#105;&#x6c;&#116;&#x6f;&#58;&#x6c;&#101;&#x62;&#101;&#x6e;&#115;&#x62;&#101;&#x72;&#97;&#x74;&#117;&#x6e;&#103;&#x40;&#102;&#x72;&#97;&#x6e;k&#x66;u&#x72;t&#x2d;e&#x76;a&#x6e;g&#x65;l&#x69;s&#x63;h&#x2e;d&#101;\">E-Mail<\/a><\/p><\/div><\/div><\/div>\n\n\n\n<p><\/p>\n<\/div>\n\n\n\n<div class=\"wp-block-column is-layout-flow wp-block-column-is-layout-flow\">\n<div class=\"wp-block-erv-id-card -hidden-image\"><div class=\"id-card-content\"><div class=\"id-card-details\"><p class=\"id-card-name\">Andrea Schare<\/p><p class=\"id-card-job\">Sekretariat<\/p><p class=\"id-card-location\">H\u00f6chst<\/p><p class=\"id-card-phone\">069 \/ 75 93 672 10<\/p><p class=\"id-card-email\"><a href=\"&#109;&#97;&#x69;l&#116;&#x6f;&#x3a;p&#115;&#x79;&#x63;h&#111;&#x6c;o&#103;&#x69;&#x73;c&#104;&#x65;&#x62;e&#114;&#x61;t&#117;&#x6e;&#x67;&#46;&#104;&#x6f;&#x65;c&#104;&#x73;&#x74;&#64;&#102;&#x72;a&#110;&#x6b;&#x66;u&#114;&#x74;&#x2d;e&#118;&#x61;n&#103;&#x65;&#x6c;i&#115;&#x63;&#x68;&#46;&#100;&#x65;\">E-Mail<\/a><\/p><\/div><\/div><\/div>\n<\/div>\n<\/div>\n","protected":false},"excerpt":{"rendered":"<p>Ayr\u0131l\u0131k ve bo\u015fanma konusunda Uyu\u015fmazl\u0131k d\u00fczenleyici ve koruyucu Dan\u0131\u015fma, \u00e7ocu\u011fun iyi yeti\u015ftirilmesi ve \u00e7\u0131karlar\u0131n\u0131n korunmas\u0131 i\u00e7in, r\u0131za anla\u015fmalar\u0131 haz\u0131rlanmas\u0131nda yard\u0131mc\u0131 olunur. B\u00f6ylesi durumlarda bize y\u00f6nelebilirsiniz. Ayr\u0131lma s\u00fcrecinden sonra Velayet ve \u00e7ocu\u011fun eri\u015fim Haklar\u0131 i\u00e7in bir\u00a0 mahkeme de davan\u0131z a\u00e7\u0131lm\u0131\u015fsa?Konuda Yard\u0131m ve destek icin Tarafs\u0131z birisini mi ar\u0131yorsunuz?\u00c7ocu\u011funuzun yeti\u015ftirilmesi ve \u00e7\u0131karlar\u0131n\u0131n korunmas\u0131nda ortakla\u015fa bir Tav\u0131r da [&hellip;]<\/p>\n","protected":false},"author":3,"featured_media":0,"parent":15,"menu_order":0,"comment_status":"closed","ping_status":"closed","template":"","meta":{"footnotes":""},"class_list":["post-144","page","type-page","status-publish","hentry"],"yoast_head":"<!-- This site is optimized with the Yoast SEO plugin v27.3 - https:\/\/yoast.com\/product\/yoast-seo-wordpress\/ -->\n<title>Konfliktregulierende Beratung bei Trennung &amp; Scheidung in Frankfurt u. H\u00f6chst<\/title>\n<meta name=\"description\" content=\"Die Konfliktregulierende Beratung hilft Ihnen, einvernehmliche Vereinbarungen zum Wohle Ihrer Kinder zu erarbeiten. Beratungsstellen in Frankfurt u. H\u00f6chst\" \/>\n<meta name=\"robots\" content=\"index, follow, max-snippet:-1, max-image-preview:large, max-video-preview:-1\" \/>\n<link rel=\"canonical\" href=\"https:\/\/evangelische-beratung.com\/tr\/aile-cocuk-gencler\/konfliktregulierende-beratung-bei-trennung-und-scheidung\/\" \/>\n<meta property=\"og:locale\" content=\"tr_TR\" \/>\n<meta property=\"og:type\" content=\"article\" \/>\n<meta property=\"og:title\" content=\"Konfliktregulierende Beratung bei Trennung &amp; Scheidung in Frankfurt u. H\u00f6chst\" \/>\n<meta property=\"og:description\" content=\"Die Konfliktregulierende Beratung hilft Ihnen, einvernehmliche Vereinbarungen zum Wohle Ihrer Kinder zu erarbeiten. Beratungsstellen in Frankfurt u. H\u00f6chst\" \/>\n<meta property=\"og:url\" content=\"https:\/\/evangelische-beratung.com\/tr\/aile-cocuk-gencler\/konfliktregulierende-beratung-bei-trennung-und-scheidung\/\" \/>\n<meta property=\"og:site_name\" content=\"Evangelischer Regionalverband\" \/>\n<meta property=\"article:modified_time\" content=\"2020-03-27T07:58:02+00:00\" \/>\n<meta name=\"twitter:card\" content=\"summary_large_image\" \/>\n<meta name=\"twitter:label1\" content=\"Tahmini okuma s\u00fcresi\" \/>\n\t<meta name=\"twitter:data1\" content=\"1 dakika\" \/>\n<script type=\"application\/ld+json\" class=\"yoast-schema-graph\">{\"@context\":\"https:\\\/\\\/schema.org\",\"@graph\":[{\"@type\":\"WebPage\",\"@id\":\"https:\\\/\\\/evangelische-beratung.com\\\/tr\\\/aile-cocuk-gencler\\\/konfliktregulierende-beratung-bei-trennung-und-scheidung\\\/\",\"url\":\"https:\\\/\\\/evangelische-beratung.com\\\/tr\\\/aile-cocuk-gencler\\\/konfliktregulierende-beratung-bei-trennung-und-scheidung\\\/\",\"name\":\"Konfliktregulierende Beratung bei Trennung & Scheidung in Frankfurt u. H\u00f6chst\",\"isPartOf\":{\"@id\":\"https:\\\/\\\/evangelische-beratung.com\\\/tr\\\/#website\"},\"datePublished\":\"2019-08-14T15:45:57+00:00\",\"dateModified\":\"2020-03-27T07:58:02+00:00\",\"description\":\"Die Konfliktregulierende Beratung hilft Ihnen, einvernehmliche Vereinbarungen zum Wohle Ihrer Kinder zu erarbeiten. Beratungsstellen in Frankfurt u. H\u00f6chst\",\"breadcrumb\":{\"@id\":\"https:\\\/\\\/evangelische-beratung.com\\\/tr\\\/aile-cocuk-gencler\\\/konfliktregulierende-beratung-bei-trennung-und-scheidung\\\/#breadcrumb\"},\"inLanguage\":\"tr\",\"potentialAction\":[{\"@type\":\"ReadAction\",\"target\":[\"https:\\\/\\\/evangelische-beratung.com\\\/tr\\\/aile-cocuk-gencler\\\/konfliktregulierende-beratung-bei-trennung-und-scheidung\\\/\"]}]},{\"@type\":\"BreadcrumbList\",\"@id\":\"https:\\\/\\\/evangelische-beratung.com\\\/tr\\\/aile-cocuk-gencler\\\/konfliktregulierende-beratung-bei-trennung-und-scheidung\\\/#breadcrumb\",\"itemListElement\":[{\"@type\":\"ListItem\",\"position\":1,\"name\":\"Startseite\",\"item\":\"https:\\\/\\\/evangelische-beratung.com\\\/tr\\\/\"},{\"@type\":\"ListItem\",\"position\":2,\"name\":\"Aile- \u00c7ocuklar -Ergenler\",\"item\":\"https:\\\/\\\/evangelische-beratung.com\\\/tr\\\/aile-cocuk-gencler\\\/\"},{\"@type\":\"ListItem\",\"position\":3,\"name\":\"Ayr\u0131l\u0131k ve bo\u015fanma da Uyu\u015fmazl\u0131k d\u00fczenleyici ve koruyucu Dan\u0131\u015fma;\"}]},{\"@type\":\"WebSite\",\"@id\":\"https:\\\/\\\/evangelische-beratung.com\\\/tr\\\/#website\",\"url\":\"https:\\\/\\\/evangelische-beratung.com\\\/tr\\\/\",\"name\":\"Evangelischer Regionalverband\",\"description\":\"\",\"publisher\":{\"@id\":\"https:\\\/\\\/evangelische-beratung.com\\\/tr\\\/#organization\"},\"potentialAction\":[{\"@type\":\"SearchAction\",\"target\":{\"@type\":\"EntryPoint\",\"urlTemplate\":\"https:\\\/\\\/evangelische-beratung.com\\\/tr\\\/?s={search_term_string}\"},\"query-input\":{\"@type\":\"PropertyValueSpecification\",\"valueRequired\":true,\"valueName\":\"search_term_string\"}}],\"inLanguage\":\"tr\"},{\"@type\":\"Organization\",\"@id\":\"https:\\\/\\\/evangelische-beratung.com\\\/tr\\\/#organization\",\"name\":\"Evangelischer Regionalverband Frankfurt und Offenbach\",\"url\":\"https:\\\/\\\/evangelische-beratung.com\\\/tr\\\/\",\"logo\":{\"@type\":\"ImageObject\",\"inLanguage\":\"tr\",\"@id\":\"https:\\\/\\\/evangelische-beratung.com\\\/tr\\\/#\\\/schema\\\/logo\\\/image\\\/\",\"url\":\"https:\\\/\\\/evangelische-beratung.com\\\/tr\\\/wp-content\\\/uploads\\\/sites\\\/8\\\/2019\\\/10\\\/erv-logo.png\",\"contentUrl\":\"https:\\\/\\\/evangelische-beratung.com\\\/tr\\\/wp-content\\\/uploads\\\/sites\\\/8\\\/2019\\\/10\\\/erv-logo.png\",\"width\":1127,\"height\":595,\"caption\":\"Evangelischer Regionalverband Frankfurt und Offenbach\"},\"image\":{\"@id\":\"https:\\\/\\\/evangelische-beratung.com\\\/tr\\\/#\\\/schema\\\/logo\\\/image\\\/\"}}]}<\/script>\n<!-- \/ Yoast SEO plugin. -->","yoast_head_json":{"title":"Konfliktregulierende Beratung bei Trennung & Scheidung in Frankfurt u. H\u00f6chst","description":"Die Konfliktregulierende Beratung hilft Ihnen, einvernehmliche Vereinbarungen zum Wohle Ihrer Kinder zu erarbeiten. Beratungsstellen in Frankfurt u. H\u00f6chst","robots":{"index":"index","follow":"follow","max-snippet":"max-snippet:-1","max-image-preview":"max-image-preview:large","max-video-preview":"max-video-preview:-1"},"canonical":"https:\/\/evangelische-beratung.com\/tr\/aile-cocuk-gencler\/konfliktregulierende-beratung-bei-trennung-und-scheidung\/","og_locale":"tr_TR","og_type":"article","og_title":"Konfliktregulierende Beratung bei Trennung & Scheidung in Frankfurt u. H\u00f6chst","og_description":"Die Konfliktregulierende Beratung hilft Ihnen, einvernehmliche Vereinbarungen zum Wohle Ihrer Kinder zu erarbeiten. Beratungsstellen in Frankfurt u. H\u00f6chst","og_url":"https:\/\/evangelische-beratung.com\/tr\/aile-cocuk-gencler\/konfliktregulierende-beratung-bei-trennung-und-scheidung\/","og_site_name":"Evangelischer Regionalverband","article_modified_time":"2020-03-27T07:58:02+00:00","twitter_card":"summary_large_image","twitter_misc":{"Tahmini okuma s\u00fcresi":"1 dakika"},"schema":{"@context":"https:\/\/schema.org","@graph":[{"@type":"WebPage","@id":"https:\/\/evangelische-beratung.com\/tr\/aile-cocuk-gencler\/konfliktregulierende-beratung-bei-trennung-und-scheidung\/","url":"https:\/\/evangelische-beratung.com\/tr\/aile-cocuk-gencler\/konfliktregulierende-beratung-bei-trennung-und-scheidung\/","name":"Konfliktregulierende Beratung bei Trennung & Scheidung in Frankfurt u. H\u00f6chst","isPartOf":{"@id":"https:\/\/evangelische-beratung.com\/tr\/#website"},"datePublished":"2019-08-14T15:45:57+00:00","dateModified":"2020-03-27T07:58:02+00:00","description":"Die Konfliktregulierende Beratung hilft Ihnen, einvernehmliche Vereinbarungen zum Wohle Ihrer Kinder zu erarbeiten. Beratungsstellen in Frankfurt u. H\u00f6chst","breadcrumb":{"@id":"https:\/\/evangelische-beratung.com\/tr\/aile-cocuk-gencler\/konfliktregulierende-beratung-bei-trennung-und-scheidung\/#breadcrumb"},"inLanguage":"tr","potentialAction":[{"@type":"ReadAction","target":["https:\/\/evangelische-beratung.com\/tr\/aile-cocuk-gencler\/konfliktregulierende-beratung-bei-trennung-und-scheidung\/"]}]},{"@type":"BreadcrumbList","@id":"https:\/\/evangelische-beratung.com\/tr\/aile-cocuk-gencler\/konfliktregulierende-beratung-bei-trennung-und-scheidung\/#breadcrumb","itemListElement":[{"@type":"ListItem","position":1,"name":"Startseite","item":"https:\/\/evangelische-beratung.com\/tr\/"},{"@type":"ListItem","position":2,"name":"Aile- \u00c7ocuklar -Ergenler","item":"https:\/\/evangelische-beratung.com\/tr\/aile-cocuk-gencler\/"},{"@type":"ListItem","position":3,"name":"Ayr\u0131l\u0131k ve bo\u015fanma da Uyu\u015fmazl\u0131k d\u00fczenleyici ve koruyucu Dan\u0131\u015fma;"}]},{"@type":"WebSite","@id":"https:\/\/evangelische-beratung.com\/tr\/#website","url":"https:\/\/evangelische-beratung.com\/tr\/","name":"Evangelischer Regionalverband","description":"","publisher":{"@id":"https:\/\/evangelische-beratung.com\/tr\/#organization"},"potentialAction":[{"@type":"SearchAction","target":{"@type":"EntryPoint","urlTemplate":"https:\/\/evangelische-beratung.com\/tr\/?s={search_term_string}"},"query-input":{"@type":"PropertyValueSpecification","valueRequired":true,"valueName":"search_term_string"}}],"inLanguage":"tr"},{"@type":"Organization","@id":"https:\/\/evangelische-beratung.com\/tr\/#organization","name":"Evangelischer Regionalverband Frankfurt und Offenbach","url":"https:\/\/evangelische-beratung.com\/tr\/","logo":{"@type":"ImageObject","inLanguage":"tr","@id":"https:\/\/evangelische-beratung.com\/tr\/#\/schema\/logo\/image\/","url":"https:\/\/evangelische-beratung.com\/tr\/wp-content\/uploads\/sites\/8\/2019\/10\/erv-logo.png","contentUrl":"https:\/\/evangelische-beratung.com\/tr\/wp-content\/uploads\/sites\/8\/2019\/10\/erv-logo.png","width":1127,"height":595,"caption":"Evangelischer Regionalverband Frankfurt und Offenbach"},"image":{"@id":"https:\/\/evangelische-beratung.com\/tr\/#\/schema\/logo\/image\/"}}]}},"_links":{"self":[{"href":"https:\/\/evangelische-beratung.com\/tr\/wp-json\/wp\/v2\/pages\/144","targetHints":{"allow":["GET"]}}],"collection":[{"href":"https:\/\/evangelische-beratung.com\/tr\/wp-json\/wp\/v2\/pages"}],"about":[{"href":"https:\/\/evangelische-beratung.com\/tr\/wp-json\/wp\/v2\/types\/page"}],"author":[{"embeddable":true,"href":"https:\/\/evangelische-beratung.com\/tr\/wp-json\/wp\/v2\/users\/3"}],"replies":[{"embeddable":true,"href":"https:\/\/evangelische-beratung.com\/tr\/wp-json\/wp\/v2\/comments?post=144"}],"version-history":[{"count":5,"href":"https:\/\/evangelische-beratung.com\/tr\/wp-json\/wp\/v2\/pages\/144\/revisions"}],"predecessor-version":[{"id":1453,"href":"https:\/\/evangelische-beratung.com\/tr\/wp-json\/wp\/v2\/pages\/144\/revisions\/1453"}],"up":[{"embeddable":true,"href":"https:\/\/evangelische-beratung.com\/tr\/wp-json\/wp\/v2\/pages\/15"}],"wp:attachment":[{"href":"https:\/\/evangelische-beratung.com\/tr\/wp-json\/wp\/v2\/media?parent=144"}],"curies":[{"name":"wp","href":"https:\/\/api.w.org\/{rel}","templated":true}]}}