{"id":14,"date":"2019-07-12T11:06:55","date_gmt":"2019-07-12T09:06:55","guid":{"rendered":"https:\/\/erv.test\/?page_id=13"},"modified":"2020-04-01T14:57:48","modified_gmt":"2020-04-01T12:57:48","slug":"ueber-uns","status":"publish","type":"page","link":"https:\/\/evangelische-beratung.com\/tr\/ueber-uns\/","title":{"rendered":"Hakk\u0131m\u0131zda"},"content":{"rendered":"\n<p style=\"text-align:center\" class=\"is-style-teaser\">Evangelischer Regionalverband olarak, tarihsel ge\u00e7mi\u015fimiz ve ilkelerimiz hakk\u0131nda ki t\u00fcm bilgiler.<\/p>\n\n\n\n<figure class=\"wp-block-image alignwide\"><img loading=\"lazy\" decoding=\"async\" width=\"1024\" height=\"512\" src=\"https:\/\/evangelische-beratung.com\/tr\/wp-content\/uploads\/sites\/8\/2019\/08\/domkloster.original.HEro_-1024x512.jpg\" alt=\"\" class=\"wp-image-544\" srcset=\"https:\/\/evangelische-beratung.com\/tr\/wp-content\/uploads\/sites\/8\/2019\/08\/domkloster.original.HEro_-1024x512.jpg 1024w, https:\/\/evangelische-beratung.com\/tr\/wp-content\/uploads\/sites\/8\/2019\/08\/domkloster.original.HEro_-300x150.jpg 300w, https:\/\/evangelische-beratung.com\/tr\/wp-content\/uploads\/sites\/8\/2019\/08\/domkloster.original.HEro_-768x384.jpg 768w, https:\/\/evangelische-beratung.com\/tr\/wp-content\/uploads\/sites\/8\/2019\/08\/domkloster.original.HEro_.jpg 1840w\" sizes=\"auto, 100vw\" \/><\/figure>\n\n\n\n<p>Evangelischen Regionalverband, Frankfurt ve Offenbach \u015eehirlerinde ki, Protestan Kilise cemiyetleri ve Protestan \u015eehir Dekanl\u0131\u011f\u0131 birle\u015fiminden olu\u015fan bir B\u00f6lgesel Birliktir.  Sosyal Yard\u0131m Sistemi ve Gen\u00e7lik Yard\u0131m Kurumu olarak Kabul ve Tan\u0131m g\u00f6rm\u00fc\u015f olan Birli\u011fimiz, Frankfurt ve Offenbach \u015eehirlerinde ki insanlara y\u00f6nelik \u00e7ok \u00e7e\u015fitli Sosyal- ve E\u011fitim kurumlar\u0131 i\u015fletiyor. Birli\u011fimizin, 1. Biriminde, Protestan E\u011fitim Kurumlar\u0131, Protestan Gen\u00e7lik Yard\u0131m Kurumlar\u0131 ve Protestan  Dan\u0131\u015fmanl\u0131k hizmet Kurumlar\u0131 yer al\u0131r.  <\/p>\n\n\n\n<p>55 y\u0131l\u0131 a\u015fan s\u00fcre i\u00e7inde sundu\u011fumuz dan\u0131\u015fmanl\u0131k hizmetlerimizle ki\u015fisel kriz, acil durum ve \u00e7at\u0131\u015fma durumlar\u0131nda bulunan, soru ve sorun konularda, bize ba\u015fvuran insanlara desteklerde bulunuruz. Her Zaman hedefimizi g\u00f6z \u00f6n\u00fcnde bulundurarak, Frankfurt \u015fehri insanlar\u0131n\u0131, kendi kendine yard\u0131m becerilerini, g\u00fc\u00e7lendirmede, otonom bir hayat s\u00fcrd\u00fcrebilmelerini ve Toplum yap\u0131land\u0131r\u0131c\u0131 olarak, yeterli hale getirmeye \u00e7al\u0131\u015f\u0131yoruz. Frankfurt ve Offenbach \u015eehirlerinde ki,  Protestan Kilisesi&#8217;nin bir birimi olarak, bu \u00e7abam\u0131z, bireysel olarak, kendi kaderini tayin etmeyi, Toplum yap\u0131land\u0131r\u0131c\u0131  varsay\u0131m\u0131 ve sosyal kat\u0131l\u0131m\u0131 te\u015fvik gibi, H\u0131ristiyan Misyon-Dayan\u0131\u015fma birlikteli\u011fi, beyan\u0131m\u0131za e\u015fit gelmektedir.<\/p>\n\n\n\n<p> A\u00e7\u0131k dan\u0131\u015fmanl\u0131k merkezlerimizde, stat\u00fc, din, k\u00f6ken, milliyet ve cinsel y\u00f6nelim ay\u0131rt etmeksizin, bize gelen insanlara \u00fccretsiz dan\u0131\u015fma hizmetleri sunuyoruz.  Eschersheim, H\u00f6chst semtlerinde ve Offenbach \u015fehrinde \u00fc\u00e7 dan\u0131\u015fmanl\u0131k merkezimizde, Aile-, E\u011fitim ve Gen\u00e7lik dan\u0131\u015fmanl\u0131k hizmetlerinden, E\u015fler-ve ya\u015famdan\u0131\u015fmanl\u0131\u011f\u0131na, Muhacirlik- ve S\u0131\u011f\u0131nma Toplu bar\u0131naklarda, sosyal dan\u0131\u015fmanl\u0131k, m\u00fclteciler i\u00e7in dan\u0131\u015fmanl\u0131k ve terapiye kadar, \u00e7e\u015fitli dan\u0131\u015fmanl\u0131k hizmetleri, Bor\u00e7 ve icra dan\u0131\u015fmanl\u0131\u011f\u0131ndan, ta  Alkol- ve Kumaroyunlar\u0131-ba\u011f\u0131ml\u0131l\u0131\u011f\u0131n  odakland\u0131\u011f\u0131 Ba\u011f\u0131ml\u0131l\u0131k dan\u0131\u015fmanl\u0131k hizmetlerine kadar, geni\u015f kapsaml\u0131 ve \u00e7e\u015fitli dan\u0131\u015fmanl\u0131k hizmetleri sunuyoruz. Prensip itibariyle, sundu\u011fumuz Teklifler Frankfurt \u015fehrinde yasayan t\u00fcm insanlara ac\u0131kt\u0131r. A\u00e7\u0131k dan\u0131\u015fmanl\u0131k hizmetleri merkezlerimizde, stat\u00fc, din, k\u00f6ken, cinsiyet ve cinsel y\u00f6nelim ne olursa olsun, herkese, \u00fccretsiz ve ba\u011f\u0131ms\u0131z bir \u015fekilde, dan\u0131\u015fma hizmetleri sunulur. Ayr\u0131ca, S\u0131\u011f\u0131nmac\u0131lar i\u00e7in be\u015f b\u00fcy\u00fck Toplu Bar\u0131naklarda, sosyal dan\u0131\u015fmanl\u0131k hizmeti de sunuyoruz.  <\/p>\n\n\n\n<p>Say\u0131s\u0131 9 olan Konumlar\u0131m\u0131zda,  50 yi a\u015fan  Psikoloji-, Pedagoji-, Politik- vs dallar\u0131nda E\u011fitim g\u00f6rm\u00fc\u015f,  alanlar\u0131nda tamamlad\u0131klar\u0131 \u00e7al\u0131\u015fmalarla ve \u00e7ok \u00e7e\u015fitli ek  ileri E\u011fitim sahibi ve tecr\u00fcbeli dan\u0131\u015fmanl\u0131k hizmet nitelikleri olan Uzman Dan\u0131\u015fmanlar hizmetlerini sunarlar.  Ayr\u0131ca, Ment\u00f6rl\u00fck alan\u0131nda da, Fahri E\u011fitimli Frankfurtlular, Dan\u0131\u015fmanl\u0131k hizmetlerinde ve &#8220;Kendi kendine yard\u0131m Gruplar&#8221;\u0131n denetimi ve y\u00f6netiminde, di\u011fer \u015feylerin yan\u0131 s\u0131ra, g\u00f6n\u00fcll\u00fcler,  Dan\u0131\u015fman Ekiplerimizi destekler.<\/p>\n\n\n\n<p>Detayl\u0131 bilgi i\u00e7in:<\/p>\n\n\n<div class=\"wp-block-erv-tile \">\n\t\t\t<div>\n\t\t\t<a href=\"https:\/\/www.efo-magazin.de\/magazin\/\" tabindex=\"-1\" aria-hidden=\"true\"  target=\"_blank\"><\/a>\n\t\t\t<h2 class=\"tile-title\"><a href=\"https:\/\/www.efo-magazin.de\/magazin\/\"  target=\"_blank\">EFO Magazin<\/a><\/h2>\n\t\t\t\n\t\t\t<p aria-hidden=\"true\" class=\"-is-micro\">Go to website<svg xmlns=\"http:\/\/www.w3.org\/2000\/svg\" viewBox=\"0 0 13 10\"><path d=\"M1.5 5H12M8 1l4 4-4 4\" fill=\"none\" stroke=\"#a22a45\" stroke-width=\"1.2\" stroke-linecap=\"round\" stroke-linejoin=\"round\"\/><\/svg><\/p>\n\t\t\t<\/div>\n\t\t<\/div>","protected":false},"excerpt":{"rendered":"<p>Evangelischer Regionalverband olarak, tarihsel ge\u00e7mi\u015fimiz ve ilkelerimiz hakk\u0131nda ki t\u00fcm bilgiler. Evangelischen Regionalverband, Frankfurt ve Offenbach \u015eehirlerinde ki, Protestan Kilise cemiyetleri ve Protestan \u015eehir Dekanl\u0131\u011f\u0131 birle\u015fiminden olu\u015fan bir B\u00f6lgesel Birliktir. Sosyal Yard\u0131m Sistemi ve Gen\u00e7lik Yard\u0131m Kurumu olarak Kabul ve Tan\u0131m g\u00f6rm\u00fc\u015f olan Birli\u011fimiz, Frankfurt ve Offenbach \u015eehirlerinde ki insanlara y\u00f6nelik \u00e7ok \u00e7e\u015fitli Sosyal- ve [&hellip;]<\/p>\n","protected":false},"author":2,"featured_media":0,"parent":0,"menu_order":0,"comment_status":"closed","ping_status":"closed","template":"","meta":{"footnotes":""},"class_list":["post-14","page","type-page","status-publish","hentry"],"yoast_head":"<!-- This site is optimized with the Yoast SEO plugin v27.3 - https:\/\/yoast.com\/product\/yoast-seo-wordpress\/ -->\n<title>Hakk\u0131m\u0131zda - Evangelischer Regionalverband<\/title>\n<meta name=\"robots\" content=\"index, follow, max-snippet:-1, max-image-preview:large, max-video-preview:-1\" \/>\n<link rel=\"canonical\" href=\"https:\/\/evangelische-beratung.com\/tr\/ueber-uns\/\" \/>\n<meta property=\"og:locale\" content=\"tr_TR\" \/>\n<meta property=\"og:type\" content=\"article\" \/>\n<meta property=\"og:title\" content=\"Hakk\u0131m\u0131zda - Evangelischer Regionalverband\" \/>\n<meta property=\"og:description\" content=\"Evangelischer Regionalverband olarak, tarihsel ge\u00e7mi\u015fimiz ve ilkelerimiz hakk\u0131nda ki t\u00fcm bilgiler. Evangelischen Regionalverband, Frankfurt ve Offenbach \u015eehirlerinde ki, Protestan Kilise cemiyetleri ve Protestan \u015eehir Dekanl\u0131\u011f\u0131 birle\u015fiminden olu\u015fan bir B\u00f6lgesel Birliktir. Sosyal Yard\u0131m Sistemi ve Gen\u00e7lik Yard\u0131m Kurumu olarak Kabul ve Tan\u0131m g\u00f6rm\u00fc\u015f olan Birli\u011fimiz, Frankfurt ve Offenbach \u015eehirlerinde ki insanlara y\u00f6nelik \u00e7ok \u00e7e\u015fitli Sosyal- ve [&hellip;]\" \/>\n<meta property=\"og:url\" content=\"https:\/\/evangelische-beratung.com\/tr\/ueber-uns\/\" \/>\n<meta property=\"og:site_name\" content=\"Evangelischer Regionalverband\" \/>\n<meta property=\"article:modified_time\" content=\"2020-04-01T12:57:48+00:00\" \/>\n<meta property=\"og:image\" content=\"https:\/\/evangelische-beratung.com\/tr\/wp-content\/uploads\/sites\/8\/2019\/08\/domkloster.original.HEro_-1024x512.jpg\" \/>\n<meta name=\"twitter:card\" content=\"summary_large_image\" \/>\n<meta name=\"twitter:label1\" content=\"Tahmini okuma s\u00fcresi\" \/>\n\t<meta name=\"twitter:data1\" content=\"2 dakika\" \/>\n<script type=\"application\/ld+json\" class=\"yoast-schema-graph\">{\"@context\":\"https:\\\/\\\/schema.org\",\"@graph\":[{\"@type\":\"WebPage\",\"@id\":\"https:\\\/\\\/evangelische-beratung.com\\\/tr\\\/ueber-uns\\\/\",\"url\":\"https:\\\/\\\/evangelische-beratung.com\\\/tr\\\/ueber-uns\\\/\",\"name\":\"Hakk\u0131m\u0131zda - Evangelischer Regionalverband\",\"isPartOf\":{\"@id\":\"https:\\\/\\\/evangelische-beratung.com\\\/tr\\\/#website\"},\"primaryImageOfPage\":{\"@id\":\"https:\\\/\\\/evangelische-beratung.com\\\/tr\\\/ueber-uns\\\/#primaryimage\"},\"image\":{\"@id\":\"https:\\\/\\\/evangelische-beratung.com\\\/tr\\\/ueber-uns\\\/#primaryimage\"},\"thumbnailUrl\":\"https:\\\/\\\/evangelische-beratung.com\\\/tr\\\/wp-content\\\/uploads\\\/sites\\\/8\\\/2019\\\/08\\\/domkloster.original.HEro_-1024x512.jpg\",\"datePublished\":\"2019-07-12T09:06:55+00:00\",\"dateModified\":\"2020-04-01T12:57:48+00:00\",\"breadcrumb\":{\"@id\":\"https:\\\/\\\/evangelische-beratung.com\\\/tr\\\/ueber-uns\\\/#breadcrumb\"},\"inLanguage\":\"tr\",\"potentialAction\":[{\"@type\":\"ReadAction\",\"target\":[\"https:\\\/\\\/evangelische-beratung.com\\\/tr\\\/ueber-uns\\\/\"]}]},{\"@type\":\"ImageObject\",\"inLanguage\":\"tr\",\"@id\":\"https:\\\/\\\/evangelische-beratung.com\\\/tr\\\/ueber-uns\\\/#primaryimage\",\"url\":\"https:\\\/\\\/evangelische-beratung.com\\\/tr\\\/wp-content\\\/uploads\\\/sites\\\/8\\\/2019\\\/08\\\/domkloster.original.HEro_-1024x512.jpg\",\"contentUrl\":\"https:\\\/\\\/evangelische-beratung.com\\\/tr\\\/wp-content\\\/uploads\\\/sites\\\/8\\\/2019\\\/08\\\/domkloster.original.HEro_-1024x512.jpg\"},{\"@type\":\"BreadcrumbList\",\"@id\":\"https:\\\/\\\/evangelische-beratung.com\\\/tr\\\/ueber-uns\\\/#breadcrumb\",\"itemListElement\":[{\"@type\":\"ListItem\",\"position\":1,\"name\":\"Startseite\",\"item\":\"https:\\\/\\\/evangelische-beratung.com\\\/tr\\\/\"},{\"@type\":\"ListItem\",\"position\":2,\"name\":\"Hakk\u0131m\u0131zda\"}]},{\"@type\":\"WebSite\",\"@id\":\"https:\\\/\\\/evangelische-beratung.com\\\/tr\\\/#website\",\"url\":\"https:\\\/\\\/evangelische-beratung.com\\\/tr\\\/\",\"name\":\"Evangelischer Regionalverband\",\"description\":\"\",\"publisher\":{\"@id\":\"https:\\\/\\\/evangelische-beratung.com\\\/tr\\\/#organization\"},\"potentialAction\":[{\"@type\":\"SearchAction\",\"target\":{\"@type\":\"EntryPoint\",\"urlTemplate\":\"https:\\\/\\\/evangelische-beratung.com\\\/tr\\\/?s={search_term_string}\"},\"query-input\":{\"@type\":\"PropertyValueSpecification\",\"valueRequired\":true,\"valueName\":\"search_term_string\"}}],\"inLanguage\":\"tr\"},{\"@type\":\"Organization\",\"@id\":\"https:\\\/\\\/evangelische-beratung.com\\\/tr\\\/#organization\",\"name\":\"Evangelischer Regionalverband Frankfurt und Offenbach\",\"url\":\"https:\\\/\\\/evangelische-beratung.com\\\/tr\\\/\",\"logo\":{\"@type\":\"ImageObject\",\"inLanguage\":\"tr\",\"@id\":\"https:\\\/\\\/evangelische-beratung.com\\\/tr\\\/#\\\/schema\\\/logo\\\/image\\\/\",\"url\":\"https:\\\/\\\/evangelische-beratung.com\\\/tr\\\/wp-content\\\/uploads\\\/sites\\\/8\\\/2019\\\/10\\\/erv-logo.png\",\"contentUrl\":\"https:\\\/\\\/evangelische-beratung.com\\\/tr\\\/wp-content\\\/uploads\\\/sites\\\/8\\\/2019\\\/10\\\/erv-logo.png\",\"width\":1127,\"height\":595,\"caption\":\"Evangelischer Regionalverband Frankfurt und Offenbach\"},\"image\":{\"@id\":\"https:\\\/\\\/evangelische-beratung.com\\\/tr\\\/#\\\/schema\\\/logo\\\/image\\\/\"}}]}<\/script>\n<!-- \/ Yoast SEO plugin. -->","yoast_head_json":{"title":"Hakk\u0131m\u0131zda - Evangelischer Regionalverband","robots":{"index":"index","follow":"follow","max-snippet":"max-snippet:-1","max-image-preview":"max-image-preview:large","max-video-preview":"max-video-preview:-1"},"canonical":"https:\/\/evangelische-beratung.com\/tr\/ueber-uns\/","og_locale":"tr_TR","og_type":"article","og_title":"Hakk\u0131m\u0131zda - Evangelischer Regionalverband","og_description":"Evangelischer Regionalverband olarak, tarihsel ge\u00e7mi\u015fimiz ve ilkelerimiz hakk\u0131nda ki t\u00fcm bilgiler. Evangelischen Regionalverband, Frankfurt ve Offenbach \u015eehirlerinde ki, Protestan Kilise cemiyetleri ve Protestan \u015eehir Dekanl\u0131\u011f\u0131 birle\u015fiminden olu\u015fan bir B\u00f6lgesel Birliktir. Sosyal Yard\u0131m Sistemi ve Gen\u00e7lik Yard\u0131m Kurumu olarak Kabul ve Tan\u0131m g\u00f6rm\u00fc\u015f olan Birli\u011fimiz, Frankfurt ve Offenbach \u015eehirlerinde ki insanlara y\u00f6nelik \u00e7ok \u00e7e\u015fitli Sosyal- ve [&hellip;]","og_url":"https:\/\/evangelische-beratung.com\/tr\/ueber-uns\/","og_site_name":"Evangelischer Regionalverband","article_modified_time":"2020-04-01T12:57:48+00:00","og_image":[{"url":"https:\/\/evangelische-beratung.com\/tr\/wp-content\/uploads\/sites\/8\/2019\/08\/domkloster.original.HEro_-1024x512.jpg","type":"","width":"","height":""}],"twitter_card":"summary_large_image","twitter_misc":{"Tahmini okuma s\u00fcresi":"2 dakika"},"schema":{"@context":"https:\/\/schema.org","@graph":[{"@type":"WebPage","@id":"https:\/\/evangelische-beratung.com\/tr\/ueber-uns\/","url":"https:\/\/evangelische-beratung.com\/tr\/ueber-uns\/","name":"Hakk\u0131m\u0131zda - Evangelischer Regionalverband","isPartOf":{"@id":"https:\/\/evangelische-beratung.com\/tr\/#website"},"primaryImageOfPage":{"@id":"https:\/\/evangelische-beratung.com\/tr\/ueber-uns\/#primaryimage"},"image":{"@id":"https:\/\/evangelische-beratung.com\/tr\/ueber-uns\/#primaryimage"},"thumbnailUrl":"https:\/\/evangelische-beratung.com\/tr\/wp-content\/uploads\/sites\/8\/2019\/08\/domkloster.original.HEro_-1024x512.jpg","datePublished":"2019-07-12T09:06:55+00:00","dateModified":"2020-04-01T12:57:48+00:00","breadcrumb":{"@id":"https:\/\/evangelische-beratung.com\/tr\/ueber-uns\/#breadcrumb"},"inLanguage":"tr","potentialAction":[{"@type":"ReadAction","target":["https:\/\/evangelische-beratung.com\/tr\/ueber-uns\/"]}]},{"@type":"ImageObject","inLanguage":"tr","@id":"https:\/\/evangelische-beratung.com\/tr\/ueber-uns\/#primaryimage","url":"https:\/\/evangelische-beratung.com\/tr\/wp-content\/uploads\/sites\/8\/2019\/08\/domkloster.original.HEro_-1024x512.jpg","contentUrl":"https:\/\/evangelische-beratung.com\/tr\/wp-content\/uploads\/sites\/8\/2019\/08\/domkloster.original.HEro_-1024x512.jpg"},{"@type":"BreadcrumbList","@id":"https:\/\/evangelische-beratung.com\/tr\/ueber-uns\/#breadcrumb","itemListElement":[{"@type":"ListItem","position":1,"name":"Startseite","item":"https:\/\/evangelische-beratung.com\/tr\/"},{"@type":"ListItem","position":2,"name":"Hakk\u0131m\u0131zda"}]},{"@type":"WebSite","@id":"https:\/\/evangelische-beratung.com\/tr\/#website","url":"https:\/\/evangelische-beratung.com\/tr\/","name":"Evangelischer Regionalverband","description":"","publisher":{"@id":"https:\/\/evangelische-beratung.com\/tr\/#organization"},"potentialAction":[{"@type":"SearchAction","target":{"@type":"EntryPoint","urlTemplate":"https:\/\/evangelische-beratung.com\/tr\/?s={search_term_string}"},"query-input":{"@type":"PropertyValueSpecification","valueRequired":true,"valueName":"search_term_string"}}],"inLanguage":"tr"},{"@type":"Organization","@id":"https:\/\/evangelische-beratung.com\/tr\/#organization","name":"Evangelischer Regionalverband Frankfurt und Offenbach","url":"https:\/\/evangelische-beratung.com\/tr\/","logo":{"@type":"ImageObject","inLanguage":"tr","@id":"https:\/\/evangelische-beratung.com\/tr\/#\/schema\/logo\/image\/","url":"https:\/\/evangelische-beratung.com\/tr\/wp-content\/uploads\/sites\/8\/2019\/10\/erv-logo.png","contentUrl":"https:\/\/evangelische-beratung.com\/tr\/wp-content\/uploads\/sites\/8\/2019\/10\/erv-logo.png","width":1127,"height":595,"caption":"Evangelischer Regionalverband Frankfurt und Offenbach"},"image":{"@id":"https:\/\/evangelische-beratung.com\/tr\/#\/schema\/logo\/image\/"}}]}},"_links":{"self":[{"href":"https:\/\/evangelische-beratung.com\/tr\/wp-json\/wp\/v2\/pages\/14","targetHints":{"allow":["GET"]}}],"collection":[{"href":"https:\/\/evangelische-beratung.com\/tr\/wp-json\/wp\/v2\/pages"}],"about":[{"href":"https:\/\/evangelische-beratung.com\/tr\/wp-json\/wp\/v2\/types\/page"}],"author":[{"embeddable":true,"href":"https:\/\/evangelische-beratung.com\/tr\/wp-json\/wp\/v2\/users\/2"}],"replies":[{"embeddable":true,"href":"https:\/\/evangelische-beratung.com\/tr\/wp-json\/wp\/v2\/comments?post=14"}],"version-history":[{"count":5,"href":"https:\/\/evangelische-beratung.com\/tr\/wp-json\/wp\/v2\/pages\/14\/revisions"}],"predecessor-version":[{"id":1551,"href":"https:\/\/evangelische-beratung.com\/tr\/wp-json\/wp\/v2\/pages\/14\/revisions\/1551"}],"wp:attachment":[{"href":"https:\/\/evangelische-beratung.com\/tr\/wp-json\/wp\/v2\/media?parent=14"}],"curies":[{"name":"wp","href":"https:\/\/api.w.org\/{rel}","templated":true}]}}