{"id":82,"date":"2019-07-21T23:21:08","date_gmt":"2019-07-21T21:21:08","guid":{"rendered":"https:\/\/evangelische-beratung.com\/fr\/?page_id=82"},"modified":"2020-03-17T12:56:07","modified_gmt":"2020-03-17T11:56:07","slug":"krisenintervention","status":"publish","type":"page","link":"https:\/\/evangelische-beratung.com\/fr\/familie-kinder-jugend\/krisenintervention\/","title":{"rendered":"Intervention de crise"},"content":{"rendered":"\n<p class=\"is-style-teaser\">Nous nous effor\u00e7ons toujours de proposer un rendez-vous dans les meilleurs d\u00e9lais dans les cas de crises aig\u00fces. <\/p>\n\n\n\n<p>Des crises aig\u00fces sont, par exemple :<\/p>\n\n\n\n<ul class=\"wp-block-list\"><li>D\u00e9c\u00e8s<\/li><li>Enfants pris en charge<\/li><li>Suicide<\/li><li>Maladie grave<\/li><li>Accident<\/li><li> etc.<\/li><\/ul>\n\n\n\n<p>Veuillez prendre contact avec notre secr\u00e9tariat dans l\u2019un quelconque de ces cas. Nous accordons r\u00e9guli\u00e8rement des rendez-vous gratuits aux jeunes gens.<\/p>\n\n\n\n<p style=\"text-align:center\" class=\"is-style-roof-line\"><strong>Vos interlocuteurs pour convenir d&rsquo;un RDV<\/strong><\/p>\n\n\n\n<div class=\"wp-block-columns alignwide has-3-columns is-layout-flex wp-container-core-columns-is-layout-9d6595d7 wp-block-columns-is-layout-flex\">\n<div class=\"wp-block-column is-layout-flow wp-block-column-is-layout-flow\">\n\n\n<p><\/p>\n<\/div>\n\n\n\n<div class=\"wp-block-column is-layout-flow wp-block-column-is-layout-flow\">\n<div class=\"wp-block-erv-id-card\"><div class=\"id-card-content\"><figure class=\"id-card-photo\"><img decoding=\"async\" src=\"https:\/\/evangelische-beratung.com\/wp-content\/uploads\/2020\/01\/portrait_platzhalter-1-300x300.jpg\" \/><\/figure><div class=\"id-card-details\"><p class=\"id-card-name\">Claudia Hauer<\/p><p class=\"id-card-job\">Sekretariat<\/p><p class=\"id-card-location\">Frankfurt<\/p><p class=\"id-card-phone\">069 \/ 53 02 220<\/p><p class=\"id-card-email\"><a href=\"&#109;&#97;&#x69;l&#116;&#x6f;&#x3a;f&#97;&#x6d;&#x69;l&#105;&#x65;n&#98;&#x65;&#x72;a&#116;&#x75;&#x6e;g&#64;&#x66;r&#97;&#x6e;&#x6b;f&#117;&#x72;&#x74;-&#101;&#x76;&#x61;&#110;&#103;&#x65;l&#105;&#x73;&#x63;h&#46;&#x64;&#x65;\">E-Mail<\/a><\/p><\/div><\/div><\/div>\n\n\n\n<p><\/p>\n<\/div>\n\n\n\n<div class=\"wp-block-column is-layout-flow wp-block-column-is-layout-flow\">\n<div class=\"wp-block-erv-id-card -hidden-image\"><div class=\"id-card-content\"><div class=\"id-card-details\"><p class=\"id-card-name\">Andrea Schare<\/p><p class=\"id-card-job\">Sekretariat<\/p><p class=\"id-card-location\">H\u00f6chst<\/p><p class=\"id-card-phone\">069 \/ 75 93 672 10<\/p><p class=\"id-card-email\"><a href=\"&#x6d;&#x61;&#105;l&#x74;&#x6f;&#58;&#112;s&#x79;&#x63;&#104;&#111;l&#x6f;&#x67;&#105;sc&#x68;&#x65;&#98;e&#x72;&#x61;&#116;&#117;n&#x67;&#x2e;&#104;&#111;e&#x63;&#x68;&#115;t&#64;&#x66;&#x72;&#97;n&#x6b;&#x66;&#117;&#114;t&#x2d;&#x65;&#118;&#97;n&#x67;&#x65;&#108;is&#x63;&#x68;&#46;d&#x65;\">E-Mail<\/a><\/p><\/div><\/div><\/div>\n<\/div>\n<\/div>\n","protected":false},"excerpt":{"rendered":"<p>Nous nous effor\u00e7ons toujours de proposer un rendez-vous dans les meilleurs d\u00e9lais dans les cas de crises aig\u00fces. Des crises aig\u00fces sont, par exemple : D\u00e9c\u00e8s Enfants pris en charge Suicide Maladie grave Accident etc. Veuillez prendre contact avec notre secr\u00e9tariat dans l\u2019un quelconque de ces cas. Nous accordons r\u00e9guli\u00e8rement des rendez-vous gratuits aux jeunes [&hellip;]<\/p>\n","protected":false},"author":2,"featured_media":0,"parent":15,"menu_order":0,"comment_status":"closed","ping_status":"closed","template":"","meta":{"footnotes":""},"class_list":["post-82","page","type-page","status-publish","hentry"],"yoast_head":"<!-- This site is optimized with the Yoast SEO plugin v27.3 - https:\/\/yoast.com\/product\/yoast-seo-wordpress\/ -->\n<title>Krisenintervention - Beratung in Frankfurt vom Ev. Regionalverband<\/title>\n<meta name=\"description\" content=\"Nehmen Sie Kontakt auf bei Krisen wie Todesf\u00e4llen, Inobhutnahmen, Suizid, schwere Krankheiten, Unf\u00e4lle etc. F\u00fcr Jugendliche haben wir eigene freie Termine.\" \/>\n<meta name=\"robots\" content=\"index, follow, max-snippet:-1, max-image-preview:large, max-video-preview:-1\" \/>\n<link rel=\"canonical\" href=\"https:\/\/evangelische-beratung.com\/fr\/familie-kinder-jugend\/krisenintervention\/\" \/>\n<meta property=\"og:locale\" content=\"fr_FR\" \/>\n<meta property=\"og:type\" content=\"article\" \/>\n<meta property=\"og:title\" content=\"Krisenintervention - Beratung in Frankfurt vom Ev. Regionalverband\" \/>\n<meta property=\"og:description\" content=\"Nehmen Sie Kontakt auf bei Krisen wie Todesf\u00e4llen, Inobhutnahmen, Suizid, schwere Krankheiten, Unf\u00e4lle etc. F\u00fcr Jugendliche haben wir eigene freie Termine.\" \/>\n<meta property=\"og:url\" content=\"https:\/\/evangelische-beratung.com\/fr\/familie-kinder-jugend\/krisenintervention\/\" \/>\n<meta property=\"og:site_name\" content=\"Evangelischer Regionalverband\" \/>\n<meta property=\"article:modified_time\" content=\"2020-03-17T11:56:07+00:00\" \/>\n<meta name=\"twitter:card\" content=\"summary_large_image\" \/>\n<script type=\"application\/ld+json\" class=\"yoast-schema-graph\">{\"@context\":\"https:\\\/\\\/schema.org\",\"@graph\":[{\"@type\":\"WebPage\",\"@id\":\"https:\\\/\\\/evangelische-beratung.com\\\/fr\\\/familie-kinder-jugend\\\/krisenintervention\\\/\",\"url\":\"https:\\\/\\\/evangelische-beratung.com\\\/fr\\\/familie-kinder-jugend\\\/krisenintervention\\\/\",\"name\":\"Krisenintervention - Beratung in Frankfurt vom Ev. Regionalverband\",\"isPartOf\":{\"@id\":\"https:\\\/\\\/evangelische-beratung.com\\\/fr\\\/#website\"},\"datePublished\":\"2019-07-21T21:21:08+00:00\",\"dateModified\":\"2020-03-17T11:56:07+00:00\",\"description\":\"Nehmen Sie Kontakt auf bei Krisen wie Todesf\u00e4llen, Inobhutnahmen, Suizid, schwere Krankheiten, Unf\u00e4lle etc. F\u00fcr Jugendliche haben wir eigene freie Termine.\",\"breadcrumb\":{\"@id\":\"https:\\\/\\\/evangelische-beratung.com\\\/fr\\\/familie-kinder-jugend\\\/krisenintervention\\\/#breadcrumb\"},\"inLanguage\":\"fr-FR\",\"potentialAction\":[{\"@type\":\"ReadAction\",\"target\":[\"https:\\\/\\\/evangelische-beratung.com\\\/fr\\\/familie-kinder-jugend\\\/krisenintervention\\\/\"]}]},{\"@type\":\"BreadcrumbList\",\"@id\":\"https:\\\/\\\/evangelische-beratung.com\\\/fr\\\/familie-kinder-jugend\\\/krisenintervention\\\/#breadcrumb\",\"itemListElement\":[{\"@type\":\"ListItem\",\"position\":1,\"name\":\"Startseite\",\"item\":\"https:\\\/\\\/evangelische-beratung.com\\\/fr\\\/\"},{\"@type\":\"ListItem\",\"position\":2,\"name\":\"Famille, enfants, jeunesse\",\"item\":\"https:\\\/\\\/evangelische-beratung.com\\\/fr\\\/familie-kinder-jugend\\\/\"},{\"@type\":\"ListItem\",\"position\":3,\"name\":\"Intervention de crise\"}]},{\"@type\":\"WebSite\",\"@id\":\"https:\\\/\\\/evangelische-beratung.com\\\/fr\\\/#website\",\"url\":\"https:\\\/\\\/evangelische-beratung.com\\\/fr\\\/\",\"name\":\"Evangelischer Regionalverband\",\"description\":\"\",\"publisher\":{\"@id\":\"https:\\\/\\\/evangelische-beratung.com\\\/fr\\\/#organization\"},\"potentialAction\":[{\"@type\":\"SearchAction\",\"target\":{\"@type\":\"EntryPoint\",\"urlTemplate\":\"https:\\\/\\\/evangelische-beratung.com\\\/fr\\\/?s={search_term_string}\"},\"query-input\":{\"@type\":\"PropertyValueSpecification\",\"valueRequired\":true,\"valueName\":\"search_term_string\"}}],\"inLanguage\":\"fr-FR\"},{\"@type\":\"Organization\",\"@id\":\"https:\\\/\\\/evangelische-beratung.com\\\/fr\\\/#organization\",\"name\":\"Evangelischer Regionalverband Frankfurt und Offenbach\",\"url\":\"https:\\\/\\\/evangelische-beratung.com\\\/fr\\\/\",\"logo\":{\"@type\":\"ImageObject\",\"inLanguage\":\"fr-FR\",\"@id\":\"https:\\\/\\\/evangelische-beratung.com\\\/fr\\\/#\\\/schema\\\/logo\\\/image\\\/\",\"url\":\"https:\\\/\\\/evangelische-beratung.com\\\/fr\\\/wp-content\\\/uploads\\\/sites\\\/5\\\/2019\\\/10\\\/erv-logo.png\",\"contentUrl\":\"https:\\\/\\\/evangelische-beratung.com\\\/fr\\\/wp-content\\\/uploads\\\/sites\\\/5\\\/2019\\\/10\\\/erv-logo.png\",\"width\":1127,\"height\":595,\"caption\":\"Evangelischer Regionalverband Frankfurt und Offenbach\"},\"image\":{\"@id\":\"https:\\\/\\\/evangelische-beratung.com\\\/fr\\\/#\\\/schema\\\/logo\\\/image\\\/\"}}]}<\/script>\n<!-- \/ Yoast SEO plugin. -->","yoast_head_json":{"title":"Krisenintervention - Beratung in Frankfurt vom Ev. Regionalverband","description":"Nehmen Sie Kontakt auf bei Krisen wie Todesf\u00e4llen, Inobhutnahmen, Suizid, schwere Krankheiten, Unf\u00e4lle etc. F\u00fcr Jugendliche haben wir eigene freie Termine.","robots":{"index":"index","follow":"follow","max-snippet":"max-snippet:-1","max-image-preview":"max-image-preview:large","max-video-preview":"max-video-preview:-1"},"canonical":"https:\/\/evangelische-beratung.com\/fr\/familie-kinder-jugend\/krisenintervention\/","og_locale":"fr_FR","og_type":"article","og_title":"Krisenintervention - Beratung in Frankfurt vom Ev. Regionalverband","og_description":"Nehmen Sie Kontakt auf bei Krisen wie Todesf\u00e4llen, Inobhutnahmen, Suizid, schwere Krankheiten, Unf\u00e4lle etc. F\u00fcr Jugendliche haben wir eigene freie Termine.","og_url":"https:\/\/evangelische-beratung.com\/fr\/familie-kinder-jugend\/krisenintervention\/","og_site_name":"Evangelischer Regionalverband","article_modified_time":"2020-03-17T11:56:07+00:00","twitter_card":"summary_large_image","schema":{"@context":"https:\/\/schema.org","@graph":[{"@type":"WebPage","@id":"https:\/\/evangelische-beratung.com\/fr\/familie-kinder-jugend\/krisenintervention\/","url":"https:\/\/evangelische-beratung.com\/fr\/familie-kinder-jugend\/krisenintervention\/","name":"Krisenintervention - Beratung in Frankfurt vom Ev. Regionalverband","isPartOf":{"@id":"https:\/\/evangelische-beratung.com\/fr\/#website"},"datePublished":"2019-07-21T21:21:08+00:00","dateModified":"2020-03-17T11:56:07+00:00","description":"Nehmen Sie Kontakt auf bei Krisen wie Todesf\u00e4llen, Inobhutnahmen, Suizid, schwere Krankheiten, Unf\u00e4lle etc. F\u00fcr Jugendliche haben wir eigene freie Termine.","breadcrumb":{"@id":"https:\/\/evangelische-beratung.com\/fr\/familie-kinder-jugend\/krisenintervention\/#breadcrumb"},"inLanguage":"fr-FR","potentialAction":[{"@type":"ReadAction","target":["https:\/\/evangelische-beratung.com\/fr\/familie-kinder-jugend\/krisenintervention\/"]}]},{"@type":"BreadcrumbList","@id":"https:\/\/evangelische-beratung.com\/fr\/familie-kinder-jugend\/krisenintervention\/#breadcrumb","itemListElement":[{"@type":"ListItem","position":1,"name":"Startseite","item":"https:\/\/evangelische-beratung.com\/fr\/"},{"@type":"ListItem","position":2,"name":"Famille, enfants, jeunesse","item":"https:\/\/evangelische-beratung.com\/fr\/familie-kinder-jugend\/"},{"@type":"ListItem","position":3,"name":"Intervention de crise"}]},{"@type":"WebSite","@id":"https:\/\/evangelische-beratung.com\/fr\/#website","url":"https:\/\/evangelische-beratung.com\/fr\/","name":"Evangelischer Regionalverband","description":"","publisher":{"@id":"https:\/\/evangelische-beratung.com\/fr\/#organization"},"potentialAction":[{"@type":"SearchAction","target":{"@type":"EntryPoint","urlTemplate":"https:\/\/evangelische-beratung.com\/fr\/?s={search_term_string}"},"query-input":{"@type":"PropertyValueSpecification","valueRequired":true,"valueName":"search_term_string"}}],"inLanguage":"fr-FR"},{"@type":"Organization","@id":"https:\/\/evangelische-beratung.com\/fr\/#organization","name":"Evangelischer Regionalverband Frankfurt und Offenbach","url":"https:\/\/evangelische-beratung.com\/fr\/","logo":{"@type":"ImageObject","inLanguage":"fr-FR","@id":"https:\/\/evangelische-beratung.com\/fr\/#\/schema\/logo\/image\/","url":"https:\/\/evangelische-beratung.com\/fr\/wp-content\/uploads\/sites\/5\/2019\/10\/erv-logo.png","contentUrl":"https:\/\/evangelische-beratung.com\/fr\/wp-content\/uploads\/sites\/5\/2019\/10\/erv-logo.png","width":1127,"height":595,"caption":"Evangelischer Regionalverband Frankfurt und Offenbach"},"image":{"@id":"https:\/\/evangelische-beratung.com\/fr\/#\/schema\/logo\/image\/"}}]}},"_links":{"self":[{"href":"https:\/\/evangelische-beratung.com\/fr\/wp-json\/wp\/v2\/pages\/82","targetHints":{"allow":["GET"]}}],"collection":[{"href":"https:\/\/evangelische-beratung.com\/fr\/wp-json\/wp\/v2\/pages"}],"about":[{"href":"https:\/\/evangelische-beratung.com\/fr\/wp-json\/wp\/v2\/types\/page"}],"author":[{"embeddable":true,"href":"https:\/\/evangelische-beratung.com\/fr\/wp-json\/wp\/v2\/users\/2"}],"replies":[{"embeddable":true,"href":"https:\/\/evangelische-beratung.com\/fr\/wp-json\/wp\/v2\/comments?post=82"}],"version-history":[{"count":5,"href":"https:\/\/evangelische-beratung.com\/fr\/wp-json\/wp\/v2\/pages\/82\/revisions"}],"predecessor-version":[{"id":1370,"href":"https:\/\/evangelische-beratung.com\/fr\/wp-json\/wp\/v2\/pages\/82\/revisions\/1370"}],"up":[{"embeddable":true,"href":"https:\/\/evangelische-beratung.com\/fr\/wp-json\/wp\/v2\/pages\/15"}],"wp:attachment":[{"href":"https:\/\/evangelische-beratung.com\/fr\/wp-json\/wp\/v2\/media?parent=82"}],"curies":[{"name":"wp","href":"https:\/\/api.w.org\/{rel}","templated":true}]}}