{"id":81,"date":"2019-07-21T23:20:54","date_gmt":"2019-07-21T21:20:54","guid":{"rendered":"https:\/\/evangelische-beratung.com\/fr\/?page_id=81"},"modified":"2020-03-16T16:58:46","modified_gmt":"2020-03-16T15:58:46","slug":"angebote-fuer-jugendhilfe-einrichtungen-kitas-und-schulen","status":"publish","type":"page","link":"https:\/\/evangelische-beratung.com\/fr\/familie-kinder-jugend\/angebote-fuer-jugendhilfe-einrichtungen-kitas-und-schulen\/","title":{"rendered":"Services \u00e0 l\u2019attention des organismes en faveur de la jeunesse, centre d\u2019accueil de jour et \u00e9coles"},"content":{"rendered":"\n<p class=\"is-style-teaser\">Contactez-nous si vous avez besoin d\u2019un support comp\u00e9tent.<\/p>\n\n\n\n<p>Nous fournissons \u00e0 nos coll\u00e8gues des conseils et une assistance en ce qui concerne<\/p>\n\n\n\n<ul class=\"wp-block-list\"><li>le d\u00e9veloppement et comportement de b\u00e9b\u00e9s, d\u2019enfants et d\u2019adolescents<\/li><li>les questions de protection des enfants dans un contexte d\u2019emploi<\/li><li>l\u2019organisation de conf\u00e9rences \u00e0 l\u2019attention des parents<\/li><li>les familles avec des parents s\u00e9par\u00e9s qui assument le r\u00f4le de coparents pour leurs enfants<\/li><li>l\u2019organisation de soir\u00e9es pour les parents sur des sujets sp\u00e9cifiques<\/li><li>la prise de contact avec des centres de conseil et de support<\/li><li>la pr\u00e9vention et le diagnostic de difficult\u00e9s et d\u2019incapacit\u00e9s d\u2019apprentissage<\/li><li> les difficult\u00e9s d\u2019apprentissage sp\u00e9cifiques et les conflits \u00e0 l\u2019\u00e9cole.<\/li><\/ul>\n\n\n\n<p>Nous serons heureux de soutenir votre travail et d\u2019apporter la contribution de notre expertise \u00e0 des discussions t\u00e9l\u00e9phonique, des soir\u00e9es consacr\u00e9es aux parents, des r\u00e9unions de groupe ou des conf\u00e9rences p\u00e9dagogiques ou de la supervision.<\/p>\n\n\n\n<p style=\"text-align:center\" class=\"is-style-roof-line\"><strong>Vos interlocuteurs<\/strong> pour convenir d&rsquo;un RDV<\/p>\n\n\n\n<div class=\"wp-block-columns alignwide has-3-columns -columns-equal-height is-layout-flex wp-container-core-columns-is-layout-9d6595d7 wp-block-columns-is-layout-flex\">\n<div class=\"wp-block-column is-layout-flow wp-block-column-is-layout-flow\"><\/div>\n\n\n\n<div class=\"wp-block-column is-layout-flow wp-block-column-is-layout-flow\">\n<div class=\"wp-block-erv-id-card\"><div class=\"id-card-content\"><figure class=\"id-card-photo\"><img decoding=\"async\" src=\"https:\/\/evangelische-beratung.com\/wp-content\/uploads\/2020\/01\/portrait_platzhalter-1-300x300.jpg\" \/><\/figure><div class=\"id-card-details\"><p class=\"id-card-name\">Claudia Hauer<\/p><p class=\"id-card-job\">Sekretariat<\/p><p class=\"id-card-location\">Frankfurt<\/p><p class=\"id-card-phone\">069 \/ 53 02 220<\/p><p class=\"id-card-email\"><a href=\"ma&#105;&#108;&#116;&#x6f;&#x3a;&#x66;&#x61;mi&#108;&#105;&#101;&#x6e;&#x62;&#x65;&#x72;at&#117;&#110;&#103;&#x40;&#x66;&#x72;&#x61;nk&#102;&#117;&#114;&#x74;&#x2d;&#x65;&#x76;an&#103;&#101;&#108;&#x69;&#x73;&#x63;&#x68;&#46;d&#101;\">E-Mail<\/a><\/p><\/div><\/div><\/div>\n<\/div>\n\n\n\n<div class=\"wp-block-column is-layout-flow wp-block-column-is-layout-flow\">\n<div class=\"wp-block-erv-id-card -hidden-image\"><div class=\"id-card-content\"><div class=\"id-card-details\"><p class=\"id-card-name\">Andrea Schare<\/p><p class=\"id-card-job\">Sekretariat<\/p><p class=\"id-card-location\">H\u00f6chst<\/p><p class=\"id-card-phone\">069 \/ 75 93 672 10<\/p><p class=\"id-card-email\"><a href=\"&#x6d;&#x61;&#x69;&#x6c;&#x74;&#x6f;&#x3a;&#x70;&#x73;&#x79;&#x63;&#104;&#111;&#108;&#111;&#103;&#105;&#115;cheber&#x61;&#x74;&#x75;&#x6e;&#x67;&#x2e;&#x68;&#x6f;&#x65;&#x63;&#x68;&#x73;&#116;&#64;&#102;&#114;&#97;&#110;&#107;furt-e&#x76;&#x61;&#x6e;&#x67;&#x65;&#x6c;&#x69;&#x73;&#x63;&#x68;&#x2e;&#x64;&#101;\">E-Mail<\/a><\/p><\/div><\/div><\/div>\n<\/div>\n<\/div>\n\n\n\n<p><\/p>\n","protected":false},"excerpt":{"rendered":"<p>Contactez-nous si vous avez besoin d\u2019un support comp\u00e9tent. Nous fournissons \u00e0 nos coll\u00e8gues des conseils et une assistance en ce qui concerne le d\u00e9veloppement et comportement de b\u00e9b\u00e9s, d\u2019enfants et d\u2019adolescents les questions de protection des enfants dans un contexte d\u2019emploi l\u2019organisation de conf\u00e9rences \u00e0 l\u2019attention des parents les familles avec des parents s\u00e9par\u00e9s qui [&hellip;]<\/p>\n","protected":false},"author":2,"featured_media":0,"parent":15,"menu_order":0,"comment_status":"closed","ping_status":"closed","template":"","meta":{"footnotes":""},"class_list":["post-81","page","type-page","status-publish","hentry"],"yoast_head":"<!-- This site is optimized with the Yoast SEO plugin v27.3 - https:\/\/yoast.com\/product\/yoast-seo-wordpress\/ -->\n<title>Services \u00e0 l\u2019attention des organismes en faveur de la jeunesse, centre d\u2019accueil de jour et \u00e9coles vom Ev. Regionalverband Frankfurt und Offenbach<\/title>\n<meta name=\"description\" content=\"Wir unterst\u00fctzen u. beraten Kolleg*innen bei Fragen zu Entwicklung und Verhalten von Kindern u. Jugendlichen, Kinderschutzthemen, schulischen Konflikten uvm\" \/>\n<meta name=\"robots\" content=\"index, follow, max-snippet:-1, max-image-preview:large, max-video-preview:-1\" \/>\n<link rel=\"canonical\" href=\"https:\/\/evangelische-beratung.com\/fr\/familie-kinder-jugend\/angebote-fuer-jugendhilfe-einrichtungen-kitas-und-schulen\/\" \/>\n<meta property=\"og:locale\" content=\"fr_FR\" \/>\n<meta property=\"og:type\" content=\"article\" \/>\n<meta property=\"og:title\" content=\"Services \u00e0 l\u2019attention des organismes en faveur de la jeunesse, centre d\u2019accueil de jour et \u00e9coles vom Ev. Regionalverband Frankfurt und Offenbach\" \/>\n<meta property=\"og:description\" content=\"Wir unterst\u00fctzen u. beraten Kolleg*innen bei Fragen zu Entwicklung und Verhalten von Kindern u. Jugendlichen, Kinderschutzthemen, schulischen Konflikten uvm\" \/>\n<meta property=\"og:url\" content=\"https:\/\/evangelische-beratung.com\/fr\/familie-kinder-jugend\/angebote-fuer-jugendhilfe-einrichtungen-kitas-und-schulen\/\" \/>\n<meta property=\"og:site_name\" content=\"Evangelischer Regionalverband\" \/>\n<meta property=\"article:modified_time\" content=\"2020-03-16T15:58:46+00:00\" \/>\n<meta name=\"twitter:card\" content=\"summary_large_image\" \/>\n<meta name=\"twitter:label1\" content=\"Dur\u00e9e de lecture estim\u00e9e\" \/>\n\t<meta name=\"twitter:data1\" content=\"1 minute\" \/>\n<script type=\"application\/ld+json\" class=\"yoast-schema-graph\">{\"@context\":\"https:\\\/\\\/schema.org\",\"@graph\":[{\"@type\":\"WebPage\",\"@id\":\"https:\\\/\\\/evangelische-beratung.com\\\/fr\\\/familie-kinder-jugend\\\/angebote-fuer-jugendhilfe-einrichtungen-kitas-und-schulen\\\/\",\"url\":\"https:\\\/\\\/evangelische-beratung.com\\\/fr\\\/familie-kinder-jugend\\\/angebote-fuer-jugendhilfe-einrichtungen-kitas-und-schulen\\\/\",\"name\":\"Services \u00e0 l\u2019attention des organismes en faveur de la jeunesse, centre d\u2019accueil de jour et \u00e9coles vom Ev. Regionalverband Frankfurt und Offenbach\",\"isPartOf\":{\"@id\":\"https:\\\/\\\/evangelische-beratung.com\\\/fr\\\/#website\"},\"datePublished\":\"2019-07-21T21:20:54+00:00\",\"dateModified\":\"2020-03-16T15:58:46+00:00\",\"description\":\"Wir unterst\u00fctzen u. beraten Kolleg*innen bei Fragen zu Entwicklung und Verhalten von Kindern u. Jugendlichen, Kinderschutzthemen, schulischen Konflikten uvm\",\"breadcrumb\":{\"@id\":\"https:\\\/\\\/evangelische-beratung.com\\\/fr\\\/familie-kinder-jugend\\\/angebote-fuer-jugendhilfe-einrichtungen-kitas-und-schulen\\\/#breadcrumb\"},\"inLanguage\":\"fr-FR\",\"potentialAction\":[{\"@type\":\"ReadAction\",\"target\":[\"https:\\\/\\\/evangelische-beratung.com\\\/fr\\\/familie-kinder-jugend\\\/angebote-fuer-jugendhilfe-einrichtungen-kitas-und-schulen\\\/\"]}]},{\"@type\":\"BreadcrumbList\",\"@id\":\"https:\\\/\\\/evangelische-beratung.com\\\/fr\\\/familie-kinder-jugend\\\/angebote-fuer-jugendhilfe-einrichtungen-kitas-und-schulen\\\/#breadcrumb\",\"itemListElement\":[{\"@type\":\"ListItem\",\"position\":1,\"name\":\"Startseite\",\"item\":\"https:\\\/\\\/evangelische-beratung.com\\\/fr\\\/\"},{\"@type\":\"ListItem\",\"position\":2,\"name\":\"Famille, enfants, jeunesse\",\"item\":\"https:\\\/\\\/evangelische-beratung.com\\\/fr\\\/familie-kinder-jugend\\\/\"},{\"@type\":\"ListItem\",\"position\":3,\"name\":\"Services \u00e0 l\u2019attention des organismes en faveur de la jeunesse, centre d\u2019accueil de jour et \u00e9coles\"}]},{\"@type\":\"WebSite\",\"@id\":\"https:\\\/\\\/evangelische-beratung.com\\\/fr\\\/#website\",\"url\":\"https:\\\/\\\/evangelische-beratung.com\\\/fr\\\/\",\"name\":\"Evangelischer Regionalverband\",\"description\":\"\",\"publisher\":{\"@id\":\"https:\\\/\\\/evangelische-beratung.com\\\/fr\\\/#organization\"},\"potentialAction\":[{\"@type\":\"SearchAction\",\"target\":{\"@type\":\"EntryPoint\",\"urlTemplate\":\"https:\\\/\\\/evangelische-beratung.com\\\/fr\\\/?s={search_term_string}\"},\"query-input\":{\"@type\":\"PropertyValueSpecification\",\"valueRequired\":true,\"valueName\":\"search_term_string\"}}],\"inLanguage\":\"fr-FR\"},{\"@type\":\"Organization\",\"@id\":\"https:\\\/\\\/evangelische-beratung.com\\\/fr\\\/#organization\",\"name\":\"Evangelischer Regionalverband Frankfurt und Offenbach\",\"url\":\"https:\\\/\\\/evangelische-beratung.com\\\/fr\\\/\",\"logo\":{\"@type\":\"ImageObject\",\"inLanguage\":\"fr-FR\",\"@id\":\"https:\\\/\\\/evangelische-beratung.com\\\/fr\\\/#\\\/schema\\\/logo\\\/image\\\/\",\"url\":\"https:\\\/\\\/evangelische-beratung.com\\\/fr\\\/wp-content\\\/uploads\\\/sites\\\/5\\\/2019\\\/10\\\/erv-logo.png\",\"contentUrl\":\"https:\\\/\\\/evangelische-beratung.com\\\/fr\\\/wp-content\\\/uploads\\\/sites\\\/5\\\/2019\\\/10\\\/erv-logo.png\",\"width\":1127,\"height\":595,\"caption\":\"Evangelischer Regionalverband Frankfurt und Offenbach\"},\"image\":{\"@id\":\"https:\\\/\\\/evangelische-beratung.com\\\/fr\\\/#\\\/schema\\\/logo\\\/image\\\/\"}}]}<\/script>\n<!-- \/ Yoast SEO plugin. -->","yoast_head_json":{"title":"Services \u00e0 l\u2019attention des organismes en faveur de la jeunesse, centre d\u2019accueil de jour et \u00e9coles vom Ev. Regionalverband Frankfurt und Offenbach","description":"Wir unterst\u00fctzen u. beraten Kolleg*innen bei Fragen zu Entwicklung und Verhalten von Kindern u. Jugendlichen, Kinderschutzthemen, schulischen Konflikten uvm","robots":{"index":"index","follow":"follow","max-snippet":"max-snippet:-1","max-image-preview":"max-image-preview:large","max-video-preview":"max-video-preview:-1"},"canonical":"https:\/\/evangelische-beratung.com\/fr\/familie-kinder-jugend\/angebote-fuer-jugendhilfe-einrichtungen-kitas-und-schulen\/","og_locale":"fr_FR","og_type":"article","og_title":"Services \u00e0 l\u2019attention des organismes en faveur de la jeunesse, centre d\u2019accueil de jour et \u00e9coles vom Ev. Regionalverband Frankfurt und Offenbach","og_description":"Wir unterst\u00fctzen u. beraten Kolleg*innen bei Fragen zu Entwicklung und Verhalten von Kindern u. Jugendlichen, Kinderschutzthemen, schulischen Konflikten uvm","og_url":"https:\/\/evangelische-beratung.com\/fr\/familie-kinder-jugend\/angebote-fuer-jugendhilfe-einrichtungen-kitas-und-schulen\/","og_site_name":"Evangelischer Regionalverband","article_modified_time":"2020-03-16T15:58:46+00:00","twitter_card":"summary_large_image","twitter_misc":{"Dur\u00e9e de lecture estim\u00e9e":"1 minute"},"schema":{"@context":"https:\/\/schema.org","@graph":[{"@type":"WebPage","@id":"https:\/\/evangelische-beratung.com\/fr\/familie-kinder-jugend\/angebote-fuer-jugendhilfe-einrichtungen-kitas-und-schulen\/","url":"https:\/\/evangelische-beratung.com\/fr\/familie-kinder-jugend\/angebote-fuer-jugendhilfe-einrichtungen-kitas-und-schulen\/","name":"Services \u00e0 l\u2019attention des organismes en faveur de la jeunesse, centre d\u2019accueil de jour et \u00e9coles vom Ev. Regionalverband Frankfurt und Offenbach","isPartOf":{"@id":"https:\/\/evangelische-beratung.com\/fr\/#website"},"datePublished":"2019-07-21T21:20:54+00:00","dateModified":"2020-03-16T15:58:46+00:00","description":"Wir unterst\u00fctzen u. beraten Kolleg*innen bei Fragen zu Entwicklung und Verhalten von Kindern u. Jugendlichen, Kinderschutzthemen, schulischen Konflikten uvm","breadcrumb":{"@id":"https:\/\/evangelische-beratung.com\/fr\/familie-kinder-jugend\/angebote-fuer-jugendhilfe-einrichtungen-kitas-und-schulen\/#breadcrumb"},"inLanguage":"fr-FR","potentialAction":[{"@type":"ReadAction","target":["https:\/\/evangelische-beratung.com\/fr\/familie-kinder-jugend\/angebote-fuer-jugendhilfe-einrichtungen-kitas-und-schulen\/"]}]},{"@type":"BreadcrumbList","@id":"https:\/\/evangelische-beratung.com\/fr\/familie-kinder-jugend\/angebote-fuer-jugendhilfe-einrichtungen-kitas-und-schulen\/#breadcrumb","itemListElement":[{"@type":"ListItem","position":1,"name":"Startseite","item":"https:\/\/evangelische-beratung.com\/fr\/"},{"@type":"ListItem","position":2,"name":"Famille, enfants, jeunesse","item":"https:\/\/evangelische-beratung.com\/fr\/familie-kinder-jugend\/"},{"@type":"ListItem","position":3,"name":"Services \u00e0 l\u2019attention des organismes en faveur de la jeunesse, centre d\u2019accueil de jour et \u00e9coles"}]},{"@type":"WebSite","@id":"https:\/\/evangelische-beratung.com\/fr\/#website","url":"https:\/\/evangelische-beratung.com\/fr\/","name":"Evangelischer Regionalverband","description":"","publisher":{"@id":"https:\/\/evangelische-beratung.com\/fr\/#organization"},"potentialAction":[{"@type":"SearchAction","target":{"@type":"EntryPoint","urlTemplate":"https:\/\/evangelische-beratung.com\/fr\/?s={search_term_string}"},"query-input":{"@type":"PropertyValueSpecification","valueRequired":true,"valueName":"search_term_string"}}],"inLanguage":"fr-FR"},{"@type":"Organization","@id":"https:\/\/evangelische-beratung.com\/fr\/#organization","name":"Evangelischer Regionalverband Frankfurt und Offenbach","url":"https:\/\/evangelische-beratung.com\/fr\/","logo":{"@type":"ImageObject","inLanguage":"fr-FR","@id":"https:\/\/evangelische-beratung.com\/fr\/#\/schema\/logo\/image\/","url":"https:\/\/evangelische-beratung.com\/fr\/wp-content\/uploads\/sites\/5\/2019\/10\/erv-logo.png","contentUrl":"https:\/\/evangelische-beratung.com\/fr\/wp-content\/uploads\/sites\/5\/2019\/10\/erv-logo.png","width":1127,"height":595,"caption":"Evangelischer Regionalverband Frankfurt und Offenbach"},"image":{"@id":"https:\/\/evangelische-beratung.com\/fr\/#\/schema\/logo\/image\/"}}]}},"_links":{"self":[{"href":"https:\/\/evangelische-beratung.com\/fr\/wp-json\/wp\/v2\/pages\/81","targetHints":{"allow":["GET"]}}],"collection":[{"href":"https:\/\/evangelische-beratung.com\/fr\/wp-json\/wp\/v2\/pages"}],"about":[{"href":"https:\/\/evangelische-beratung.com\/fr\/wp-json\/wp\/v2\/types\/page"}],"author":[{"embeddable":true,"href":"https:\/\/evangelische-beratung.com\/fr\/wp-json\/wp\/v2\/users\/2"}],"replies":[{"embeddable":true,"href":"https:\/\/evangelische-beratung.com\/fr\/wp-json\/wp\/v2\/comments?post=81"}],"version-history":[{"count":5,"href":"https:\/\/evangelische-beratung.com\/fr\/wp-json\/wp\/v2\/pages\/81\/revisions"}],"predecessor-version":[{"id":1298,"href":"https:\/\/evangelische-beratung.com\/fr\/wp-json\/wp\/v2\/pages\/81\/revisions\/1298"}],"up":[{"embeddable":true,"href":"https:\/\/evangelische-beratung.com\/fr\/wp-json\/wp\/v2\/pages\/15"}],"wp:attachment":[{"href":"https:\/\/evangelische-beratung.com\/fr\/wp-json\/wp\/v2\/media?parent=81"}],"curies":[{"name":"wp","href":"https:\/\/api.w.org\/{rel}","templated":true}]}}