{"id":78,"date":"2019-07-21T23:20:06","date_gmt":"2019-07-21T21:20:06","guid":{"rendered":"https:\/\/evangelische-beratung.com\/fr\/?page_id=78"},"modified":"2020-03-16T18:36:22","modified_gmt":"2020-03-16T17:36:22","slug":"begleiteter-umgang","status":"publish","type":"page","link":"https:\/\/evangelische-beratung.com\/fr\/familie-kinder-jugend\/begleiteter-umgang\/","title":{"rendered":"Contact prot\u00e9g\u00e9"},"content":{"rendered":"\n<p class=\"is-style-teaser\">Nous vous aidons \u00e0 maintenir le contact avec vos enfants pendant les situations difficiles.<\/p>\n\n\n\n<p>Contactez-nous si :<\/p>\n\n\n\n<ul class=\"wp-block-list\"><li>Vous n\u2019avez pas vu votre enfant depuis un bon moment<\/li><li> Le tribunal des familles ou le Bureau d\u2019aide sociale \u00e0 l\u2019enfance ont recommand\u00e9 ou exig\u00e9 un contact supervis\u00e9 ou prot\u00e9g\u00e9<\/li><\/ul>\n\n\n\n<p>Chaque enfant a le droit d\u2019\u00eatre en contact avec ses deux parents. Tout parent est habilit\u00e9 \u00e0 et est oblig\u00e9 d\u2019avoir un contact avec ses enfants. Cependant, le contact et le droit de visite peut parfois devenir probl\u00e9matique. Ceci peut arriver si des conflits graves existent entre les parents, ou si un parent adopte un comportement qui met en danger le bien-\u00eatre de l\u2019enfant (p. ex. du fait d\u2019un abus d\u2019alcool ou de drogue). Dans ces cas, il peut \u00eatre utile d\u2019avoir un contact sous la supervision d\u2019un professionnel pendant un certain temps. Ceci permet aux enfants de rester en contact avec leurs parents m\u00eame dans des situations difficiles. <\/p>\n\n\n\n<p style=\"text-align:center\" class=\"is-style-roof-line\"><strong>Vos interlocuteurs<\/strong>&nbsp;pour convenir d\u2019un RDV<\/p>\n\n\n\n<div class=\"wp-block-columns alignwide has-3-columns -columns-equal-height is-layout-flex wp-container-core-columns-is-layout-9d6595d7 wp-block-columns-is-layout-flex\">\n<div class=\"wp-block-column is-layout-flow wp-block-column-is-layout-flow\"><\/div>\n\n\n\n<div class=\"wp-block-column is-layout-flow wp-block-column-is-layout-flow\">\n<div class=\"wp-block-erv-id-card\"><div class=\"id-card-content\"><figure class=\"id-card-photo\"><img decoding=\"async\" src=\"https:\/\/evangelische-beratung.com\/wp-content\/uploads\/2020\/01\/portrait_platzhalter-1-300x300.jpg\" \/><\/figure><div class=\"id-card-details\"><p class=\"id-card-name\">Claudia Hauer<\/p><p class=\"id-card-job\">Sekretariat<\/p><p class=\"id-card-location\">Frankfurt<\/p><p class=\"id-card-phone\">069 \/ 53 02 220<\/p><p class=\"id-card-email\"><a href=\"&#x6d;&#97;&#105;l&#x74;&#x6f;&#58;f&#x61;&#x6d;&#105;l&#x69;&#x65;&#110;b&#x65;&#x72;&#97;t&#x75;&#x6e;&#103;&#64;&#x66;&#x72;&#97;&#110;k&#x66;&#x75;&#114;t&#x2d;&#x65;&#118;a&#x6e;&#x67;&#101;l&#x69;&#x73;&#99;h&#x2e;&#x64;&#101;\">E-Mail<\/a><\/p><\/div><\/div><\/div>\n<\/div>\n\n\n\n<div class=\"wp-block-column is-layout-flow wp-block-column-is-layout-flow\">\n<div class=\"wp-block-erv-id-card -hidden-image\"><div class=\"id-card-content\"><div class=\"id-card-details\"><p class=\"id-card-name\">Andrea Schare<\/p><p class=\"id-card-job\">Sekretariat<\/p><p class=\"id-card-location\">H\u00f6chst<\/p><p class=\"id-card-phone\">069 \/ 75 93 672 10<\/p><p class=\"id-card-email\"><a href=\"&#x6d;&#97;i&#x6c;&#x74;&#111;:&#x70;&#x73;&#121;c&#x68;&#x6f;&#108;o&#x67;&#x69;&#115;c&#x68;&#101;&#98;e&#x72;&#97;t&#x75;&#x6e;&#103;&#46;&#x68;&#x6f;&#101;c&#x68;&#x73;&#116;&#64;&#x66;&#x72;&#97;n&#x6b;&#x66;&#117;r&#x74;&#45;&#101;&#x76;&#x61;&#110;g&#x65;&#x6c;&#105;s&#x63;&#x68;&#46;d&#x65;\">E-Mail<\/a><\/p><\/div><\/div><\/div>\n<\/div>\n<\/div>\n","protected":false},"excerpt":{"rendered":"<p>Nous vous aidons \u00e0 maintenir le contact avec vos enfants pendant les situations difficiles. Contactez-nous si : Vous n\u2019avez pas vu votre enfant depuis un bon moment Le tribunal des familles ou le Bureau d\u2019aide sociale \u00e0 l\u2019enfance ont recommand\u00e9 ou exig\u00e9 un contact supervis\u00e9 ou prot\u00e9g\u00e9 Chaque enfant a le droit d\u2019\u00eatre en contact [&hellip;]<\/p>\n","protected":false},"author":2,"featured_media":0,"parent":15,"menu_order":0,"comment_status":"closed","ping_status":"closed","template":"","meta":{"footnotes":""},"class_list":["post-78","page","type-page","status-publish","hentry"],"yoast_head":"<!-- This site is optimized with the Yoast SEO plugin v27.3 - https:\/\/yoast.com\/product\/yoast-seo-wordpress\/ -->\n<title>Besch\u00fctzter Umgang - Rat u. Hilfe vom Ev. Regionalverband Frankfurt u. Offenbach<\/title>\n<meta name=\"description\" content=\"Wir helfen Ihnen, auch in schwierigen Situationen den Kontakt mit Ihren Kindern zu pflegen. Jedes Kind hat ein Recht auf Umgang mit beiden Elternteilen.\" \/>\n<meta name=\"robots\" content=\"index, follow, max-snippet:-1, max-image-preview:large, max-video-preview:-1\" \/>\n<link rel=\"canonical\" href=\"https:\/\/evangelische-beratung.com\/fr\/familie-kinder-jugend\/begleiteter-umgang\/\" \/>\n<meta property=\"og:locale\" content=\"fr_FR\" \/>\n<meta property=\"og:type\" content=\"article\" \/>\n<meta property=\"og:title\" content=\"Besch\u00fctzter Umgang - Rat u. Hilfe vom Ev. Regionalverband Frankfurt u. Offenbach\" \/>\n<meta property=\"og:description\" content=\"Wir helfen Ihnen, auch in schwierigen Situationen den Kontakt mit Ihren Kindern zu pflegen. Jedes Kind hat ein Recht auf Umgang mit beiden Elternteilen.\" \/>\n<meta property=\"og:url\" content=\"https:\/\/evangelische-beratung.com\/fr\/familie-kinder-jugend\/begleiteter-umgang\/\" \/>\n<meta property=\"og:site_name\" content=\"Evangelischer Regionalverband\" \/>\n<meta property=\"article:modified_time\" content=\"2020-03-16T17:36:22+00:00\" \/>\n<meta name=\"twitter:card\" content=\"summary_large_image\" \/>\n<meta name=\"twitter:label1\" content=\"Dur\u00e9e de lecture estim\u00e9e\" \/>\n\t<meta name=\"twitter:data1\" content=\"1 minute\" \/>\n<script type=\"application\/ld+json\" class=\"yoast-schema-graph\">{\"@context\":\"https:\\\/\\\/schema.org\",\"@graph\":[{\"@type\":\"WebPage\",\"@id\":\"https:\\\/\\\/evangelische-beratung.com\\\/fr\\\/familie-kinder-jugend\\\/begleiteter-umgang\\\/\",\"url\":\"https:\\\/\\\/evangelische-beratung.com\\\/fr\\\/familie-kinder-jugend\\\/begleiteter-umgang\\\/\",\"name\":\"Besch\u00fctzter Umgang - Rat u. Hilfe vom Ev. Regionalverband Frankfurt u. Offenbach\",\"isPartOf\":{\"@id\":\"https:\\\/\\\/evangelische-beratung.com\\\/fr\\\/#website\"},\"datePublished\":\"2019-07-21T21:20:06+00:00\",\"dateModified\":\"2020-03-16T17:36:22+00:00\",\"description\":\"Wir helfen Ihnen, auch in schwierigen Situationen den Kontakt mit Ihren Kindern zu pflegen. Jedes Kind hat ein Recht auf Umgang mit beiden Elternteilen.\",\"breadcrumb\":{\"@id\":\"https:\\\/\\\/evangelische-beratung.com\\\/fr\\\/familie-kinder-jugend\\\/begleiteter-umgang\\\/#breadcrumb\"},\"inLanguage\":\"fr-FR\",\"potentialAction\":[{\"@type\":\"ReadAction\",\"target\":[\"https:\\\/\\\/evangelische-beratung.com\\\/fr\\\/familie-kinder-jugend\\\/begleiteter-umgang\\\/\"]}]},{\"@type\":\"BreadcrumbList\",\"@id\":\"https:\\\/\\\/evangelische-beratung.com\\\/fr\\\/familie-kinder-jugend\\\/begleiteter-umgang\\\/#breadcrumb\",\"itemListElement\":[{\"@type\":\"ListItem\",\"position\":1,\"name\":\"Startseite\",\"item\":\"https:\\\/\\\/evangelische-beratung.com\\\/fr\\\/\"},{\"@type\":\"ListItem\",\"position\":2,\"name\":\"Famille, enfants, jeunesse\",\"item\":\"https:\\\/\\\/evangelische-beratung.com\\\/fr\\\/familie-kinder-jugend\\\/\"},{\"@type\":\"ListItem\",\"position\":3,\"name\":\"Contact prot\u00e9g\u00e9\"}]},{\"@type\":\"WebSite\",\"@id\":\"https:\\\/\\\/evangelische-beratung.com\\\/fr\\\/#website\",\"url\":\"https:\\\/\\\/evangelische-beratung.com\\\/fr\\\/\",\"name\":\"Evangelischer Regionalverband\",\"description\":\"\",\"publisher\":{\"@id\":\"https:\\\/\\\/evangelische-beratung.com\\\/fr\\\/#organization\"},\"potentialAction\":[{\"@type\":\"SearchAction\",\"target\":{\"@type\":\"EntryPoint\",\"urlTemplate\":\"https:\\\/\\\/evangelische-beratung.com\\\/fr\\\/?s={search_term_string}\"},\"query-input\":{\"@type\":\"PropertyValueSpecification\",\"valueRequired\":true,\"valueName\":\"search_term_string\"}}],\"inLanguage\":\"fr-FR\"},{\"@type\":\"Organization\",\"@id\":\"https:\\\/\\\/evangelische-beratung.com\\\/fr\\\/#organization\",\"name\":\"Evangelischer Regionalverband Frankfurt und Offenbach\",\"url\":\"https:\\\/\\\/evangelische-beratung.com\\\/fr\\\/\",\"logo\":{\"@type\":\"ImageObject\",\"inLanguage\":\"fr-FR\",\"@id\":\"https:\\\/\\\/evangelische-beratung.com\\\/fr\\\/#\\\/schema\\\/logo\\\/image\\\/\",\"url\":\"https:\\\/\\\/evangelische-beratung.com\\\/fr\\\/wp-content\\\/uploads\\\/sites\\\/5\\\/2019\\\/10\\\/erv-logo.png\",\"contentUrl\":\"https:\\\/\\\/evangelische-beratung.com\\\/fr\\\/wp-content\\\/uploads\\\/sites\\\/5\\\/2019\\\/10\\\/erv-logo.png\",\"width\":1127,\"height\":595,\"caption\":\"Evangelischer Regionalverband Frankfurt und Offenbach\"},\"image\":{\"@id\":\"https:\\\/\\\/evangelische-beratung.com\\\/fr\\\/#\\\/schema\\\/logo\\\/image\\\/\"}}]}<\/script>\n<!-- \/ Yoast SEO plugin. -->","yoast_head_json":{"title":"Besch\u00fctzter Umgang - Rat u. Hilfe vom Ev. Regionalverband Frankfurt u. Offenbach","description":"Wir helfen Ihnen, auch in schwierigen Situationen den Kontakt mit Ihren Kindern zu pflegen. Jedes Kind hat ein Recht auf Umgang mit beiden Elternteilen.","robots":{"index":"index","follow":"follow","max-snippet":"max-snippet:-1","max-image-preview":"max-image-preview:large","max-video-preview":"max-video-preview:-1"},"canonical":"https:\/\/evangelische-beratung.com\/fr\/familie-kinder-jugend\/begleiteter-umgang\/","og_locale":"fr_FR","og_type":"article","og_title":"Besch\u00fctzter Umgang - Rat u. Hilfe vom Ev. Regionalverband Frankfurt u. Offenbach","og_description":"Wir helfen Ihnen, auch in schwierigen Situationen den Kontakt mit Ihren Kindern zu pflegen. Jedes Kind hat ein Recht auf Umgang mit beiden Elternteilen.","og_url":"https:\/\/evangelische-beratung.com\/fr\/familie-kinder-jugend\/begleiteter-umgang\/","og_site_name":"Evangelischer Regionalverband","article_modified_time":"2020-03-16T17:36:22+00:00","twitter_card":"summary_large_image","twitter_misc":{"Dur\u00e9e de lecture estim\u00e9e":"1 minute"},"schema":{"@context":"https:\/\/schema.org","@graph":[{"@type":"WebPage","@id":"https:\/\/evangelische-beratung.com\/fr\/familie-kinder-jugend\/begleiteter-umgang\/","url":"https:\/\/evangelische-beratung.com\/fr\/familie-kinder-jugend\/begleiteter-umgang\/","name":"Besch\u00fctzter Umgang - Rat u. Hilfe vom Ev. Regionalverband Frankfurt u. Offenbach","isPartOf":{"@id":"https:\/\/evangelische-beratung.com\/fr\/#website"},"datePublished":"2019-07-21T21:20:06+00:00","dateModified":"2020-03-16T17:36:22+00:00","description":"Wir helfen Ihnen, auch in schwierigen Situationen den Kontakt mit Ihren Kindern zu pflegen. Jedes Kind hat ein Recht auf Umgang mit beiden Elternteilen.","breadcrumb":{"@id":"https:\/\/evangelische-beratung.com\/fr\/familie-kinder-jugend\/begleiteter-umgang\/#breadcrumb"},"inLanguage":"fr-FR","potentialAction":[{"@type":"ReadAction","target":["https:\/\/evangelische-beratung.com\/fr\/familie-kinder-jugend\/begleiteter-umgang\/"]}]},{"@type":"BreadcrumbList","@id":"https:\/\/evangelische-beratung.com\/fr\/familie-kinder-jugend\/begleiteter-umgang\/#breadcrumb","itemListElement":[{"@type":"ListItem","position":1,"name":"Startseite","item":"https:\/\/evangelische-beratung.com\/fr\/"},{"@type":"ListItem","position":2,"name":"Famille, enfants, jeunesse","item":"https:\/\/evangelische-beratung.com\/fr\/familie-kinder-jugend\/"},{"@type":"ListItem","position":3,"name":"Contact prot\u00e9g\u00e9"}]},{"@type":"WebSite","@id":"https:\/\/evangelische-beratung.com\/fr\/#website","url":"https:\/\/evangelische-beratung.com\/fr\/","name":"Evangelischer Regionalverband","description":"","publisher":{"@id":"https:\/\/evangelische-beratung.com\/fr\/#organization"},"potentialAction":[{"@type":"SearchAction","target":{"@type":"EntryPoint","urlTemplate":"https:\/\/evangelische-beratung.com\/fr\/?s={search_term_string}"},"query-input":{"@type":"PropertyValueSpecification","valueRequired":true,"valueName":"search_term_string"}}],"inLanguage":"fr-FR"},{"@type":"Organization","@id":"https:\/\/evangelische-beratung.com\/fr\/#organization","name":"Evangelischer Regionalverband Frankfurt und Offenbach","url":"https:\/\/evangelische-beratung.com\/fr\/","logo":{"@type":"ImageObject","inLanguage":"fr-FR","@id":"https:\/\/evangelische-beratung.com\/fr\/#\/schema\/logo\/image\/","url":"https:\/\/evangelische-beratung.com\/fr\/wp-content\/uploads\/sites\/5\/2019\/10\/erv-logo.png","contentUrl":"https:\/\/evangelische-beratung.com\/fr\/wp-content\/uploads\/sites\/5\/2019\/10\/erv-logo.png","width":1127,"height":595,"caption":"Evangelischer Regionalverband Frankfurt und Offenbach"},"image":{"@id":"https:\/\/evangelische-beratung.com\/fr\/#\/schema\/logo\/image\/"}}]}},"_links":{"self":[{"href":"https:\/\/evangelische-beratung.com\/fr\/wp-json\/wp\/v2\/pages\/78","targetHints":{"allow":["GET"]}}],"collection":[{"href":"https:\/\/evangelische-beratung.com\/fr\/wp-json\/wp\/v2\/pages"}],"about":[{"href":"https:\/\/evangelische-beratung.com\/fr\/wp-json\/wp\/v2\/types\/page"}],"author":[{"embeddable":true,"href":"https:\/\/evangelische-beratung.com\/fr\/wp-json\/wp\/v2\/users\/2"}],"replies":[{"embeddable":true,"href":"https:\/\/evangelische-beratung.com\/fr\/wp-json\/wp\/v2\/comments?post=78"}],"version-history":[{"count":5,"href":"https:\/\/evangelische-beratung.com\/fr\/wp-json\/wp\/v2\/pages\/78\/revisions"}],"predecessor-version":[{"id":1313,"href":"https:\/\/evangelische-beratung.com\/fr\/wp-json\/wp\/v2\/pages\/78\/revisions\/1313"}],"up":[{"embeddable":true,"href":"https:\/\/evangelische-beratung.com\/fr\/wp-json\/wp\/v2\/pages\/15"}],"wp:attachment":[{"href":"https:\/\/evangelische-beratung.com\/fr\/wp-json\/wp\/v2\/media?parent=78"}],"curies":[{"name":"wp","href":"https:\/\/api.w.org\/{rel}","templated":true}]}}