{"id":77,"date":"2019-07-21T23:19:47","date_gmt":"2019-07-21T21:19:47","guid":{"rendered":"https:\/\/evangelische-beratung.com\/fr\/?page_id=77"},"modified":"2026-04-14T09:39:59","modified_gmt":"2026-04-14T07:39:59","slug":"beratung-fuer-jugendliche","status":"publish","type":"page","link":"https:\/\/evangelische-beratung.com\/fr\/familie-kinder-jugend\/beratung-fuer-jugendliche\/","title":{"rendered":"Soutien et conseil \u00e0 l\u2019attention des jeunes gens"},"content":{"rendered":"\n<p class=\"is-style-teaser\">Nous apportons notre soutien et apportons nos conseils aux jeunes gens confront\u00e9s \u00e0 des difficult\u00e9s \u00e0 la maison, \u00e0 l\u2019\u00e9cole ou dans leurs vies priv\u00e9es.<\/p>\n\n\n\n<p>Contacte-nous \u00e0 propos de questions telles que :<\/p>\n\n\n\n<ul class=\"wp-block-list\"><li>Tu as parfois l\u2019impression d\u2019\u00eatre d\u00e9pass\u00e9 par les \u00e9v\u00e9nements ? <\/li><li>Il n\u2019y a rien que du stress \u00e0 la maison ?<\/li><li>Rien ne va plus avec les amis ?<\/li><li>Le stress \u00e0 l\u2019\u00e9cole est devenu insupportable&nbsp;?<\/li><li>Votre relation est en crise&nbsp;?<\/li><li>Tu es oppress\u00e9 par un secret&nbsp;?<\/li><\/ul>\n\n\n\n<p>Tu es au bon endroit si tu veux recevoir de l&rsquo;aide dans une de ces questions et probl\u00e8mes. Nous \u00e9couterons, consid\u00e9rons les solutions possibles ensemble avec toi et t&rsquo;aidons \u00e0 t&rsquo;aider toi-m\u00eame. Tout est strictement confidentiel et gratuit pour toi.<\/p>\n\n\n\n<p style=\"text-align:left\">Si tu nous appelle, tu auras rapidement un rendez-vous avec un de nos conseillers. Tu n\u2019as pas besoin de fournir beaucoup d\u2019informations au t\u00e9l\u00e9phone.<\/p>\n\n\n\n<p>Tu obtiendras de plus amples informations aupr\u00e8s du conseil aux jeunes gens en ligne bke :<\/p>\n\n\n\n<div class=\"wp-block-image\"><figure class=\"aligncenter is-resized\"><a href=\"https:\/\/jugend.bke-beratung.de\" target=\"_blank\" rel=\"noreferrer noopener\"><img loading=\"lazy\" decoding=\"async\" src=\"https:\/\/evangelische-beratung.com\/fr\/wp-content\/uploads\/sites\/5\/2019\/10\/jugend-banner-1024x340.jpg\" alt=\"\" class=\"wp-image-644\" width=\"512\" height=\"170\" srcset=\"https:\/\/evangelische-beratung.com\/fr\/wp-content\/uploads\/sites\/5\/2019\/10\/jugend-banner-1024x340.jpg 1024w, https:\/\/evangelische-beratung.com\/fr\/wp-content\/uploads\/sites\/5\/2019\/10\/jugend-banner-300x100.jpg 300w, https:\/\/evangelische-beratung.com\/fr\/wp-content\/uploads\/sites\/5\/2019\/10\/jugend-banner-768x255.jpg 768w, https:\/\/evangelische-beratung.com\/fr\/wp-content\/uploads\/sites\/5\/2019\/10\/jugend-banner.jpg 1557w\" sizes=\"auto, (max-width: 512px) 100vw, 512px\" \/><\/a><\/figure><\/div>\n\n\n\n<p style=\"text-align:center\" class=\"is-style-roof-line\"><strong>Interlocuteurs pour convenir d&rsquo;un RDV<\/strong><\/p>\n\n\n\n<div class=\"wp-block-columns alignwide has-3-columns -columns-equal-height is-layout-flex wp-container-core-columns-is-layout-9d6595d7 wp-block-columns-is-layout-flex\">\n<div class=\"wp-block-column is-layout-flow wp-block-column-is-layout-flow\"><\/div>\n\n\n\n<div class=\"wp-block-column is-layout-flow wp-block-column-is-layout-flow\">\n<div class=\"wp-block-erv-id-card\"><div class=\"id-card-content\"><figure class=\"id-card-photo\"><img decoding=\"async\" src=\"https:\/\/evangelische-beratung.com\/wp-content\/uploads\/2020\/01\/portrait_platzhalter-1-300x300.jpg\" \/><\/figure><div class=\"id-card-details\"><p class=\"id-card-name\">Claudia Hauer<\/p><p class=\"id-card-job\">Sekretariat<\/p><p class=\"id-card-location\">Frankfurt<\/p><p class=\"id-card-phone\">069 \/ 53 02 220<\/p><p class=\"id-card-email\"><a href=\"&#x6d;a&#x69;&#108;&#x74;&#111;:&#x66;a&#x6d;&#105;&#x6c;&#105;e&#x6e;&#98;&#x65;&#114;a&#x74;u&#x6e;&#103;&#x40;&#102;r&#x61;n&#x6b;&#102;&#x75;&#x72;t&#x2d;&#101;&#x76;&#97;n&#x67;e&#x6c;&#105;&#x73;&#99;h&#x2e;&#100;&#x65;\">E-Mail<\/a><\/p><\/div><\/div><\/div>\n<\/div>\n\n\n\n<div class=\"wp-block-column is-layout-flow wp-block-column-is-layout-flow\">\n<div class=\"wp-block-erv-id-card -hidden-image\"><div class=\"id-card-content\"><div class=\"id-card-details\"><p class=\"id-card-name\">Andrea Schare<\/p><p class=\"id-card-job\">Sekretariat<\/p><p class=\"id-card-location\">H\u00f6chst<\/p><p class=\"id-card-phone\">069 \/ 75 93 672 10<\/p><p class=\"id-card-email\"><a href=\"&#x6d;&#97;i&#x6c;&#x74;&#111;:&#x70;&#x73;&#121;c&#x68;&#x6f;&#108;o&#x67;&#x69;&#115;c&#x68;&#101;&#98;e&#x72;&#97;t&#x75;&#x6e;&#103;&#46;&#x68;&#x6f;&#101;c&#x68;&#x73;&#116;&#64;&#x66;&#x72;&#97;n&#x6b;&#x66;&#117;r&#x74;&#45;&#101;&#x76;&#x61;&#110;g&#x65;&#x6c;&#105;s&#x63;&#x68;&#46;d&#x65;\">E-Mail<\/a><\/p><\/div><\/div><\/div>\n<\/div>\n<\/div>\n","protected":false},"excerpt":{"rendered":"<p>Nous apportons notre soutien et apportons nos conseils aux jeunes gens confront\u00e9s \u00e0 des difficult\u00e9s \u00e0 la maison, \u00e0 l\u2019\u00e9cole ou dans leurs vies priv\u00e9es. Contacte-nous \u00e0 propos de questions telles que : Tu as parfois l\u2019impression d\u2019\u00eatre d\u00e9pass\u00e9 par les \u00e9v\u00e9nements ? Il n\u2019y a rien que du stress \u00e0 la maison ? Rien [&hellip;]<\/p>\n","protected":false},"author":36,"featured_media":0,"parent":15,"menu_order":0,"comment_status":"closed","ping_status":"closed","template":"","meta":{"footnotes":""},"class_list":["post-77","page","type-page","status-publish","hentry"],"yoast_head":"<!-- This site is optimized with the Yoast SEO plugin v27.4 - https:\/\/yoast.com\/product\/yoast-seo-wordpress\/ -->\n<title>Beratung von Jugendlichen bei Problemen zu Hause o. in der Schule in Frankfurt u. Offenbach<\/title>\n<meta name=\"description\" content=\"Mit allen Fragen und Themen k\u00f6nnen sich Jugendliche an unser professionelles Team wenden. Vertraulich. Kostenfrei. Online oder pers\u00f6nlich.\" \/>\n<meta name=\"robots\" content=\"index, follow, max-snippet:-1, max-image-preview:large, max-video-preview:-1\" \/>\n<link rel=\"canonical\" href=\"https:\/\/evangelische-beratung.com\/fr\/familie-kinder-jugend\/beratung-fuer-jugendliche\/\" \/>\n<meta property=\"og:locale\" content=\"fr_FR\" \/>\n<meta property=\"og:type\" content=\"article\" \/>\n<meta property=\"og:title\" content=\"Beratung von Jugendlichen bei Problemen zu Hause o. in der Schule in Frankfurt u. Offenbach\" \/>\n<meta property=\"og:description\" content=\"Mit allen Fragen und Themen k\u00f6nnen sich Jugendliche an unser professionelles Team wenden. Vertraulich. Kostenfrei. Online oder pers\u00f6nlich.\" \/>\n<meta property=\"og:url\" content=\"https:\/\/evangelische-beratung.com\/fr\/familie-kinder-jugend\/beratung-fuer-jugendliche\/\" \/>\n<meta property=\"og:site_name\" content=\"Evangelischer Regionalverband\" \/>\n<meta property=\"article:modified_time\" content=\"2026-04-14T07:39:59+00:00\" \/>\n<meta property=\"og:image\" content=\"https:\/\/evangelische-beratung.com\/fr\/wp-content\/uploads\/sites\/5\/2019\/10\/jugend-banner.jpg\" \/>\n\t<meta property=\"og:image:width\" content=\"1557\" \/>\n\t<meta property=\"og:image:height\" content=\"517\" \/>\n\t<meta property=\"og:image:type\" content=\"image\/jpeg\" \/>\n<meta name=\"twitter:card\" content=\"summary_large_image\" \/>\n<meta name=\"twitter:label1\" content=\"Dur\u00e9e de lecture estim\u00e9e\" \/>\n\t<meta name=\"twitter:data1\" content=\"1 minute\" \/>\n<script type=\"application\/ld+json\" class=\"yoast-schema-graph\">{\"@context\":\"https:\\\/\\\/schema.org\",\"@graph\":[{\"@type\":\"WebPage\",\"@id\":\"https:\\\/\\\/evangelische-beratung.com\\\/fr\\\/familie-kinder-jugend\\\/beratung-fuer-jugendliche\\\/\",\"url\":\"https:\\\/\\\/evangelische-beratung.com\\\/fr\\\/familie-kinder-jugend\\\/beratung-fuer-jugendliche\\\/\",\"name\":\"Beratung von Jugendlichen bei Problemen zu Hause o. in der Schule in Frankfurt u. Offenbach\",\"isPartOf\":{\"@id\":\"https:\\\/\\\/evangelische-beratung.com\\\/fr\\\/#website\"},\"primaryImageOfPage\":{\"@id\":\"https:\\\/\\\/evangelische-beratung.com\\\/fr\\\/familie-kinder-jugend\\\/beratung-fuer-jugendliche\\\/#primaryimage\"},\"image\":{\"@id\":\"https:\\\/\\\/evangelische-beratung.com\\\/fr\\\/familie-kinder-jugend\\\/beratung-fuer-jugendliche\\\/#primaryimage\"},\"thumbnailUrl\":\"https:\\\/\\\/evangelische-beratung.com\\\/fr\\\/wp-content\\\/uploads\\\/sites\\\/5\\\/2019\\\/10\\\/jugend-banner-1024x340.jpg\",\"datePublished\":\"2019-07-21T21:19:47+00:00\",\"dateModified\":\"2026-04-14T07:39:59+00:00\",\"description\":\"Mit allen Fragen und Themen k\u00f6nnen sich Jugendliche an unser professionelles Team wenden. Vertraulich. Kostenfrei. Online oder pers\u00f6nlich.\",\"breadcrumb\":{\"@id\":\"https:\\\/\\\/evangelische-beratung.com\\\/fr\\\/familie-kinder-jugend\\\/beratung-fuer-jugendliche\\\/#breadcrumb\"},\"inLanguage\":\"fr-FR\",\"potentialAction\":[{\"@type\":\"ReadAction\",\"target\":[\"https:\\\/\\\/evangelische-beratung.com\\\/fr\\\/familie-kinder-jugend\\\/beratung-fuer-jugendliche\\\/\"]}]},{\"@type\":\"ImageObject\",\"inLanguage\":\"fr-FR\",\"@id\":\"https:\\\/\\\/evangelische-beratung.com\\\/fr\\\/familie-kinder-jugend\\\/beratung-fuer-jugendliche\\\/#primaryimage\",\"url\":\"https:\\\/\\\/evangelische-beratung.com\\\/fr\\\/wp-content\\\/uploads\\\/sites\\\/5\\\/2019\\\/10\\\/jugend-banner.jpg\",\"contentUrl\":\"https:\\\/\\\/evangelische-beratung.com\\\/fr\\\/wp-content\\\/uploads\\\/sites\\\/5\\\/2019\\\/10\\\/jugend-banner.jpg\",\"width\":1557,\"height\":517},{\"@type\":\"BreadcrumbList\",\"@id\":\"https:\\\/\\\/evangelische-beratung.com\\\/fr\\\/familie-kinder-jugend\\\/beratung-fuer-jugendliche\\\/#breadcrumb\",\"itemListElement\":[{\"@type\":\"ListItem\",\"position\":1,\"name\":\"Startseite\",\"item\":\"https:\\\/\\\/evangelische-beratung.com\\\/fr\\\/\"},{\"@type\":\"ListItem\",\"position\":2,\"name\":\"Famille, enfants, jeunesse\",\"item\":\"https:\\\/\\\/evangelische-beratung.com\\\/fr\\\/familie-kinder-jugend\\\/\"},{\"@type\":\"ListItem\",\"position\":3,\"name\":\"Soutien et conseil \u00e0 l\u2019attention des jeunes gens\"}]},{\"@type\":\"WebSite\",\"@id\":\"https:\\\/\\\/evangelische-beratung.com\\\/fr\\\/#website\",\"url\":\"https:\\\/\\\/evangelische-beratung.com\\\/fr\\\/\",\"name\":\"Evangelischer Regionalverband\",\"description\":\"\",\"publisher\":{\"@id\":\"https:\\\/\\\/evangelische-beratung.com\\\/fr\\\/#organization\"},\"potentialAction\":[{\"@type\":\"SearchAction\",\"target\":{\"@type\":\"EntryPoint\",\"urlTemplate\":\"https:\\\/\\\/evangelische-beratung.com\\\/fr\\\/?s={search_term_string}\"},\"query-input\":{\"@type\":\"PropertyValueSpecification\",\"valueRequired\":true,\"valueName\":\"search_term_string\"}}],\"inLanguage\":\"fr-FR\"},{\"@type\":\"Organization\",\"@id\":\"https:\\\/\\\/evangelische-beratung.com\\\/fr\\\/#organization\",\"name\":\"Evangelischer Regionalverband Frankfurt und Offenbach\",\"url\":\"https:\\\/\\\/evangelische-beratung.com\\\/fr\\\/\",\"logo\":{\"@type\":\"ImageObject\",\"inLanguage\":\"fr-FR\",\"@id\":\"https:\\\/\\\/evangelische-beratung.com\\\/fr\\\/#\\\/schema\\\/logo\\\/image\\\/\",\"url\":\"https:\\\/\\\/evangelische-beratung.com\\\/fr\\\/wp-content\\\/uploads\\\/sites\\\/5\\\/2019\\\/10\\\/erv-logo.png\",\"contentUrl\":\"https:\\\/\\\/evangelische-beratung.com\\\/fr\\\/wp-content\\\/uploads\\\/sites\\\/5\\\/2019\\\/10\\\/erv-logo.png\",\"width\":1127,\"height\":595,\"caption\":\"Evangelischer Regionalverband Frankfurt und Offenbach\"},\"image\":{\"@id\":\"https:\\\/\\\/evangelische-beratung.com\\\/fr\\\/#\\\/schema\\\/logo\\\/image\\\/\"}}]}<\/script>\n<!-- \/ Yoast SEO plugin. -->","yoast_head_json":{"title":"Beratung von Jugendlichen bei Problemen zu Hause o. in der Schule in Frankfurt u. Offenbach","description":"Mit allen Fragen und Themen k\u00f6nnen sich Jugendliche an unser professionelles Team wenden. Vertraulich. Kostenfrei. Online oder pers\u00f6nlich.","robots":{"index":"index","follow":"follow","max-snippet":"max-snippet:-1","max-image-preview":"max-image-preview:large","max-video-preview":"max-video-preview:-1"},"canonical":"https:\/\/evangelische-beratung.com\/fr\/familie-kinder-jugend\/beratung-fuer-jugendliche\/","og_locale":"fr_FR","og_type":"article","og_title":"Beratung von Jugendlichen bei Problemen zu Hause o. in der Schule in Frankfurt u. Offenbach","og_description":"Mit allen Fragen und Themen k\u00f6nnen sich Jugendliche an unser professionelles Team wenden. Vertraulich. Kostenfrei. Online oder pers\u00f6nlich.","og_url":"https:\/\/evangelische-beratung.com\/fr\/familie-kinder-jugend\/beratung-fuer-jugendliche\/","og_site_name":"Evangelischer Regionalverband","article_modified_time":"2026-04-14T07:39:59+00:00","og_image":[{"width":1557,"height":517,"url":"https:\/\/evangelische-beratung.com\/fr\/wp-content\/uploads\/sites\/5\/2019\/10\/jugend-banner.jpg","type":"image\/jpeg"}],"twitter_card":"summary_large_image","twitter_misc":{"Dur\u00e9e de lecture estim\u00e9e":"1 minute"},"schema":{"@context":"https:\/\/schema.org","@graph":[{"@type":"WebPage","@id":"https:\/\/evangelische-beratung.com\/fr\/familie-kinder-jugend\/beratung-fuer-jugendliche\/","url":"https:\/\/evangelische-beratung.com\/fr\/familie-kinder-jugend\/beratung-fuer-jugendliche\/","name":"Beratung von Jugendlichen bei Problemen zu Hause o. in der Schule in Frankfurt u. Offenbach","isPartOf":{"@id":"https:\/\/evangelische-beratung.com\/fr\/#website"},"primaryImageOfPage":{"@id":"https:\/\/evangelische-beratung.com\/fr\/familie-kinder-jugend\/beratung-fuer-jugendliche\/#primaryimage"},"image":{"@id":"https:\/\/evangelische-beratung.com\/fr\/familie-kinder-jugend\/beratung-fuer-jugendliche\/#primaryimage"},"thumbnailUrl":"https:\/\/evangelische-beratung.com\/fr\/wp-content\/uploads\/sites\/5\/2019\/10\/jugend-banner-1024x340.jpg","datePublished":"2019-07-21T21:19:47+00:00","dateModified":"2026-04-14T07:39:59+00:00","description":"Mit allen Fragen und Themen k\u00f6nnen sich Jugendliche an unser professionelles Team wenden. Vertraulich. Kostenfrei. Online oder pers\u00f6nlich.","breadcrumb":{"@id":"https:\/\/evangelische-beratung.com\/fr\/familie-kinder-jugend\/beratung-fuer-jugendliche\/#breadcrumb"},"inLanguage":"fr-FR","potentialAction":[{"@type":"ReadAction","target":["https:\/\/evangelische-beratung.com\/fr\/familie-kinder-jugend\/beratung-fuer-jugendliche\/"]}]},{"@type":"ImageObject","inLanguage":"fr-FR","@id":"https:\/\/evangelische-beratung.com\/fr\/familie-kinder-jugend\/beratung-fuer-jugendliche\/#primaryimage","url":"https:\/\/evangelische-beratung.com\/fr\/wp-content\/uploads\/sites\/5\/2019\/10\/jugend-banner.jpg","contentUrl":"https:\/\/evangelische-beratung.com\/fr\/wp-content\/uploads\/sites\/5\/2019\/10\/jugend-banner.jpg","width":1557,"height":517},{"@type":"BreadcrumbList","@id":"https:\/\/evangelische-beratung.com\/fr\/familie-kinder-jugend\/beratung-fuer-jugendliche\/#breadcrumb","itemListElement":[{"@type":"ListItem","position":1,"name":"Startseite","item":"https:\/\/evangelische-beratung.com\/fr\/"},{"@type":"ListItem","position":2,"name":"Famille, enfants, jeunesse","item":"https:\/\/evangelische-beratung.com\/fr\/familie-kinder-jugend\/"},{"@type":"ListItem","position":3,"name":"Soutien et conseil \u00e0 l\u2019attention des jeunes gens"}]},{"@type":"WebSite","@id":"https:\/\/evangelische-beratung.com\/fr\/#website","url":"https:\/\/evangelische-beratung.com\/fr\/","name":"Evangelischer Regionalverband","description":"","publisher":{"@id":"https:\/\/evangelische-beratung.com\/fr\/#organization"},"potentialAction":[{"@type":"SearchAction","target":{"@type":"EntryPoint","urlTemplate":"https:\/\/evangelische-beratung.com\/fr\/?s={search_term_string}"},"query-input":{"@type":"PropertyValueSpecification","valueRequired":true,"valueName":"search_term_string"}}],"inLanguage":"fr-FR"},{"@type":"Organization","@id":"https:\/\/evangelische-beratung.com\/fr\/#organization","name":"Evangelischer Regionalverband Frankfurt und Offenbach","url":"https:\/\/evangelische-beratung.com\/fr\/","logo":{"@type":"ImageObject","inLanguage":"fr-FR","@id":"https:\/\/evangelische-beratung.com\/fr\/#\/schema\/logo\/image\/","url":"https:\/\/evangelische-beratung.com\/fr\/wp-content\/uploads\/sites\/5\/2019\/10\/erv-logo.png","contentUrl":"https:\/\/evangelische-beratung.com\/fr\/wp-content\/uploads\/sites\/5\/2019\/10\/erv-logo.png","width":1127,"height":595,"caption":"Evangelischer Regionalverband Frankfurt und Offenbach"},"image":{"@id":"https:\/\/evangelische-beratung.com\/fr\/#\/schema\/logo\/image\/"}}]}},"_links":{"self":[{"href":"https:\/\/evangelische-beratung.com\/fr\/wp-json\/wp\/v2\/pages\/77","targetHints":{"allow":["GET"]}}],"collection":[{"href":"https:\/\/evangelische-beratung.com\/fr\/wp-json\/wp\/v2\/pages"}],"about":[{"href":"https:\/\/evangelische-beratung.com\/fr\/wp-json\/wp\/v2\/types\/page"}],"author":[{"embeddable":true,"href":"https:\/\/evangelische-beratung.com\/fr\/wp-json\/wp\/v2\/users\/36"}],"replies":[{"embeddable":true,"href":"https:\/\/evangelische-beratung.com\/fr\/wp-json\/wp\/v2\/comments?post=77"}],"version-history":[{"count":5,"href":"https:\/\/evangelische-beratung.com\/fr\/wp-json\/wp\/v2\/pages\/77\/revisions"}],"predecessor-version":[{"id":1307,"href":"https:\/\/evangelische-beratung.com\/fr\/wp-json\/wp\/v2\/pages\/77\/revisions\/1307"}],"up":[{"embeddable":true,"href":"https:\/\/evangelische-beratung.com\/fr\/wp-json\/wp\/v2\/pages\/15"}],"wp:attachment":[{"href":"https:\/\/evangelische-beratung.com\/fr\/wp-json\/wp\/v2\/media?parent=77"}],"curies":[{"name":"wp","href":"https:\/\/api.w.org\/{rel}","templated":true}]}}