{"id":51,"date":"2019-07-21T22:21:34","date_gmt":"2019-07-21T20:21:34","guid":{"rendered":"https:\/\/evangelische-beratung.com\/fr\/?page_id=51"},"modified":"2026-04-14T09:39:59","modified_gmt":"2026-04-14T07:39:59","slug":"impressum","status":"publish","type":"page","link":"https:\/\/evangelische-beratung.com\/fr\/impressum\/","title":{"rendered":"Mentions l\u00e9gales"},"content":{"rendered":"\n<p class=\"is-style-teaser\">La pr\u00e9sentation sur Internet&nbsp;<a href=\"http:\/\/www.evangelische-beratung.com\/\">www.evangelische-beratung.com<\/a>&nbsp;&nbsp;est une offre du d\u00e9partement sp\u00e9cialis\u00e9 I de l\u2019Evangelischer Regionalverband Frankfurt und Offenbach (Association r\u00e9gionale \u00e9vang\u00e9lique de Francfort et Offenbach).<\/p>\n\n\n\n<h2 class=\"wp-block-heading\"><strong>\u00c9diteur<\/strong><\/h2>\n\n\n\n<p>Evangelischer Regionalverband Frankfurt und Offenbach (Association r\u00e9gionale \u00e9vang\u00e9lique de Francfort et Offenbach) <\/p>\n\n\n\n<p>L\u2019Evangelische Kirche in Frankfurt und Offenbach (\u00c9glise \u00e9vang\u00e9lique \u00e0 Francfort et Offenbach) a \u00e9t\u00e9 constitu\u00e9e par l\u2019Evangelischer Stadtdekanat (d\u00e9canat \u00e9vang\u00e9lique municipal) et l\u2019Evangelischer Regionalverband Frankfurt und Offenbach (Association r\u00e9gionale \u00e9vang\u00e9lique de Francfort et d\u2019Offenbach). Ce sont des organismes publics ayant leur si\u00e8ge \u00e0 Francfort sur le Main qui sont repr\u00e9sent\u00e9s par les personnes identiques appartenant au directoire du d\u00e9canat synodal du d\u00e9canat  municipal de Francfort et d\u2019Offenbach et le directoire de l\u2019Evangelischer Regionalverband Frankfurt und (Association r\u00e9gionale \u00e9vang\u00e9lique de Francfort et d\u2019Offenbach) et ces derniers par son pr\u00e9sident, le Dr. Achim Knecht, doyen.<\/p>\n\n\n\n<h2 class=\"wp-block-heading\"><strong>Responsable du contenu<\/strong><\/h2>\n\n\n\n<p>Evangelischer Regionalverband Frankfurt und Offenbach<br> Fachbereich I<br>Manfred Oschkinat,<br> Rechneigrabenstrasse 10, 60311 Frankfurt am Main<br> T\u00e9l\u00e9phone 069 92105-6671, Fax 069-92105-7677<br> Adresse de messagerie &#x66;&#x61;&#x63;&#104;&#98;er&#x65;&#x69;&#x63;&#104;&#115;bu&#x65;&#x72;&#x6f;&#64;&#102;ra&#x6e;&#x6b;&#x66;&#117;&#114;t-&#x65;&#x76;&#x61;&#110;&#103;el&#x69;&#x73;&#x63;&#104;&#46;&#100;e<\/p>\n\n\n\n<h2 class=\"wp-block-heading\"><strong>Conseil, conception graphique du site Internet et programmation<\/strong><\/h2>\n\n\n\n<p>made in<br>Design und Strategieberatung<\/p>\n\n\n\n<p><a href=\"http:\/\/www.madein.io\">www.madein.io<\/a><\/p>\n\n\n\n<p>Les textes, photos, graphiques et fichiers d\u2019animation utilis\u00e9s sur le site Internet&nbsp;<a href=\"http:\/\/www.evangelische-beratung.com\/\">www.evangelische-beratung.com<\/a>&nbsp;sont soumis aux droits d\u2019auteur et autres lois afin de prot\u00e9ger la propri\u00e9t\u00e9 intellectuelle. Leur transmission, modification, exploitation ou utilisation commerciale n\u00e9cessite le consentement de l\u2019\u00c9glise \u00e9vang\u00e9lique \u00e0 Francfort et Offenbach ou du d\u00e9tenteur respectif des droits.<\/p>\n\n\n\n<p>Toutes les photos sont des \u0153uvres du service des relations publiques de l\u2019Evangelischer Regionalverband Frankfurt und Offenbach (Association r\u00e9gionale \u00e9vang\u00e9lique de Francfort et d\u2019Offenbach) :<\/p>\n\n\n\n<p>saskyaphoto.com<br>colourbox.de<\/p>\n\n\n\n<p>Les contenus et droits de tiers sont identifi\u00e9s comme tels.<\/p>\n\n\n\n<h2 class=\"wp-block-heading\"><strong>Remarque l\u00e9gale<\/strong><\/h2>\n\n\n\n<p>Les informations et donn\u00e9es mises \u00e0 disposition sur le site Internet&nbsp;<a href=\"http:\/\/www.evangelische-beratung.com\/\">www.evangelische-beratung.com<\/a>&nbsp;sont publi\u00e9es pour le compte du d\u00e9partement I de l\u2019Evangelischer Regionalverband Frankfurt und Offenbach (Association r\u00e9gionale \u00e9vang\u00e9lique de Francfort et d\u2019Offenbach) et&nbsp; donnent \u00e0 l\u2019utilisateur un aper\u00e7u g\u00e9n\u00e9ral des offres existant dans les domaines du conseil et de la th\u00e9rapie.<\/p>\n\n\n\n<p>Toute responsabilit\u00e9 ou garantie pour l\u2019actualit\u00e9, l\u2019exactitude et le caract\u00e8re complet des informations, donn\u00e9es et offres des informations sont exclues. Ceci vaut \u00e9galement pour tous les autres sites Internet auxquels il a \u00e9t\u00e9 renvoy\u00e9 au moyen d\u2019un hyperlien. Le d\u00e9partement I de l\u2019Evangelischer Regionalverband Frankfurt und Offenbach (Association r\u00e9gionale \u00e9vang\u00e9lique de Francfort et d\u2019Offenbach) n\u2019est pas responsable des sites Internet qui sont atteints au moyen d\u2019une telle liaison. Ces derniers sont soumis \u00e0 la responsabilit\u00e9 des diff\u00e9rents exploitants, qui sont seuls responsables de leurs contenus.<\/p>\n\n\n\n<p>Le d\u00e9partement I de l\u2019Evangelischer Regionalverband Frankfurt und Offenbach (Association r\u00e9gionale \u00e9vang\u00e9lique de Francfort et d\u2019Offenbach) d\u00e9cline toute responsabilit\u00e9 pour les pr\u00e9judices directs ou indirects d\u00e9coulant de l\u2019utilisation des informations ou donn\u00e9es que l\u2019on trouve sur ce site Internet. Les donn\u00e9es \u00e0 caract\u00e8re personnel que les personnes int\u00e9ress\u00e9es nous transmettent par courriel sont exclusivement utilis\u00e9es en interne pour les services sollicit\u00e9s et dans le cadre de la loi sur la protection des donn\u00e9es eccl\u00e9siastiques en vigueur. Le d\u00e9partement I de l\u2019Evangelischer Regionalverband Frankfurt und Offenbach (Association r\u00e9gionale \u00e9vang\u00e9lique de Francfort et d\u2019Offenbach) ne peut cependant pas garantir que ces donn\u00e9es ne soient pas consult\u00e9es et utilis\u00e9es par des tiers pendant la transmission sur Internet.<\/p>\n","protected":false},"excerpt":{"rendered":"<p>La pr\u00e9sentation sur Internet&nbsp;www.evangelische-beratung.com&nbsp;&nbsp;est une offre du d\u00e9partement sp\u00e9cialis\u00e9 I de l\u2019Evangelischer Regionalverband Frankfurt und Offenbach (Association r\u00e9gionale \u00e9vang\u00e9lique de Francfort et Offenbach). \u00c9diteur Evangelischer Regionalverband Frankfurt und Offenbach (Association r\u00e9gionale \u00e9vang\u00e9lique de Francfort et Offenbach) L\u2019Evangelische Kirche in Frankfurt und Offenbach (\u00c9glise \u00e9vang\u00e9lique \u00e0 Francfort et Offenbach) a \u00e9t\u00e9 constitu\u00e9e par l\u2019Evangelischer Stadtdekanat (d\u00e9canat [&hellip;]<\/p>\n","protected":false},"author":36,"featured_media":0,"parent":0,"menu_order":0,"comment_status":"closed","ping_status":"closed","template":"","meta":{"footnotes":""},"class_list":["post-51","page","type-page","status-publish","hentry"],"yoast_head":"<!-- This site is optimized with the Yoast SEO plugin v27.4 - https:\/\/yoast.com\/product\/yoast-seo-wordpress\/ -->\n<title>Mentions l\u00e9gales - Evangelischer Regionalverband<\/title>\n<meta name=\"robots\" content=\"index, follow, max-snippet:-1, max-image-preview:large, max-video-preview:-1\" \/>\n<link rel=\"canonical\" href=\"https:\/\/evangelische-beratung.com\/fr\/impressum\/\" \/>\n<meta property=\"og:locale\" content=\"fr_FR\" \/>\n<meta property=\"og:type\" content=\"article\" \/>\n<meta property=\"og:title\" content=\"Mentions l\u00e9gales - Evangelischer Regionalverband\" \/>\n<meta property=\"og:description\" content=\"La pr\u00e9sentation sur Internet&nbsp;www.evangelische-beratung.com&nbsp;&nbsp;est une offre du d\u00e9partement sp\u00e9cialis\u00e9 I de l\u2019Evangelischer Regionalverband Frankfurt und Offenbach (Association r\u00e9gionale \u00e9vang\u00e9lique de Francfort et Offenbach). \u00c9diteur Evangelischer Regionalverband Frankfurt und Offenbach (Association r\u00e9gionale \u00e9vang\u00e9lique de Francfort et Offenbach) L\u2019Evangelische Kirche in Frankfurt und Offenbach (\u00c9glise \u00e9vang\u00e9lique \u00e0 Francfort et Offenbach) a \u00e9t\u00e9 constitu\u00e9e par l\u2019Evangelischer Stadtdekanat (d\u00e9canat [&hellip;]\" \/>\n<meta property=\"og:url\" content=\"https:\/\/evangelische-beratung.com\/fr\/impressum\/\" \/>\n<meta property=\"og:site_name\" content=\"Evangelischer Regionalverband\" \/>\n<meta property=\"article:modified_time\" content=\"2026-04-14T07:39:59+00:00\" \/>\n<meta name=\"twitter:card\" content=\"summary_large_image\" \/>\n<meta name=\"twitter:label1\" content=\"Dur\u00e9e de lecture estim\u00e9e\" \/>\n\t<meta name=\"twitter:data1\" content=\"3 minutes\" \/>\n<script type=\"application\/ld+json\" class=\"yoast-schema-graph\">{\"@context\":\"https:\\\/\\\/schema.org\",\"@graph\":[{\"@type\":\"WebPage\",\"@id\":\"https:\\\/\\\/evangelische-beratung.com\\\/fr\\\/impressum\\\/\",\"url\":\"https:\\\/\\\/evangelische-beratung.com\\\/fr\\\/impressum\\\/\",\"name\":\"Mentions l\u00e9gales - Evangelischer Regionalverband\",\"isPartOf\":{\"@id\":\"https:\\\/\\\/evangelische-beratung.com\\\/fr\\\/#website\"},\"datePublished\":\"2019-07-21T20:21:34+00:00\",\"dateModified\":\"2026-04-14T07:39:59+00:00\",\"breadcrumb\":{\"@id\":\"https:\\\/\\\/evangelische-beratung.com\\\/fr\\\/impressum\\\/#breadcrumb\"},\"inLanguage\":\"fr-FR\",\"potentialAction\":[{\"@type\":\"ReadAction\",\"target\":[\"https:\\\/\\\/evangelische-beratung.com\\\/fr\\\/impressum\\\/\"]}]},{\"@type\":\"BreadcrumbList\",\"@id\":\"https:\\\/\\\/evangelische-beratung.com\\\/fr\\\/impressum\\\/#breadcrumb\",\"itemListElement\":[{\"@type\":\"ListItem\",\"position\":1,\"name\":\"Startseite\",\"item\":\"https:\\\/\\\/evangelische-beratung.com\\\/fr\\\/\"},{\"@type\":\"ListItem\",\"position\":2,\"name\":\"Mentions l\u00e9gales\"}]},{\"@type\":\"WebSite\",\"@id\":\"https:\\\/\\\/evangelische-beratung.com\\\/fr\\\/#website\",\"url\":\"https:\\\/\\\/evangelische-beratung.com\\\/fr\\\/\",\"name\":\"Evangelischer Regionalverband\",\"description\":\"\",\"publisher\":{\"@id\":\"https:\\\/\\\/evangelische-beratung.com\\\/fr\\\/#organization\"},\"potentialAction\":[{\"@type\":\"SearchAction\",\"target\":{\"@type\":\"EntryPoint\",\"urlTemplate\":\"https:\\\/\\\/evangelische-beratung.com\\\/fr\\\/?s={search_term_string}\"},\"query-input\":{\"@type\":\"PropertyValueSpecification\",\"valueRequired\":true,\"valueName\":\"search_term_string\"}}],\"inLanguage\":\"fr-FR\"},{\"@type\":\"Organization\",\"@id\":\"https:\\\/\\\/evangelische-beratung.com\\\/fr\\\/#organization\",\"name\":\"Evangelischer Regionalverband Frankfurt und Offenbach\",\"url\":\"https:\\\/\\\/evangelische-beratung.com\\\/fr\\\/\",\"logo\":{\"@type\":\"ImageObject\",\"inLanguage\":\"fr-FR\",\"@id\":\"https:\\\/\\\/evangelische-beratung.com\\\/fr\\\/#\\\/schema\\\/logo\\\/image\\\/\",\"url\":\"https:\\\/\\\/evangelische-beratung.com\\\/fr\\\/wp-content\\\/uploads\\\/sites\\\/5\\\/2019\\\/10\\\/erv-logo.png\",\"contentUrl\":\"https:\\\/\\\/evangelische-beratung.com\\\/fr\\\/wp-content\\\/uploads\\\/sites\\\/5\\\/2019\\\/10\\\/erv-logo.png\",\"width\":1127,\"height\":595,\"caption\":\"Evangelischer Regionalverband Frankfurt und Offenbach\"},\"image\":{\"@id\":\"https:\\\/\\\/evangelische-beratung.com\\\/fr\\\/#\\\/schema\\\/logo\\\/image\\\/\"}}]}<\/script>\n<!-- \/ Yoast SEO plugin. -->","yoast_head_json":{"title":"Mentions l\u00e9gales - Evangelischer Regionalverband","robots":{"index":"index","follow":"follow","max-snippet":"max-snippet:-1","max-image-preview":"max-image-preview:large","max-video-preview":"max-video-preview:-1"},"canonical":"https:\/\/evangelische-beratung.com\/fr\/impressum\/","og_locale":"fr_FR","og_type":"article","og_title":"Mentions l\u00e9gales - Evangelischer Regionalverband","og_description":"La pr\u00e9sentation sur Internet&nbsp;www.evangelische-beratung.com&nbsp;&nbsp;est une offre du d\u00e9partement sp\u00e9cialis\u00e9 I de l\u2019Evangelischer Regionalverband Frankfurt und Offenbach (Association r\u00e9gionale \u00e9vang\u00e9lique de Francfort et Offenbach). \u00c9diteur Evangelischer Regionalverband Frankfurt und Offenbach (Association r\u00e9gionale \u00e9vang\u00e9lique de Francfort et Offenbach) L\u2019Evangelische Kirche in Frankfurt und Offenbach (\u00c9glise \u00e9vang\u00e9lique \u00e0 Francfort et Offenbach) a \u00e9t\u00e9 constitu\u00e9e par l\u2019Evangelischer Stadtdekanat (d\u00e9canat [&hellip;]","og_url":"https:\/\/evangelische-beratung.com\/fr\/impressum\/","og_site_name":"Evangelischer Regionalverband","article_modified_time":"2026-04-14T07:39:59+00:00","twitter_card":"summary_large_image","twitter_misc":{"Dur\u00e9e de lecture estim\u00e9e":"3 minutes"},"schema":{"@context":"https:\/\/schema.org","@graph":[{"@type":"WebPage","@id":"https:\/\/evangelische-beratung.com\/fr\/impressum\/","url":"https:\/\/evangelische-beratung.com\/fr\/impressum\/","name":"Mentions l\u00e9gales - Evangelischer Regionalverband","isPartOf":{"@id":"https:\/\/evangelische-beratung.com\/fr\/#website"},"datePublished":"2019-07-21T20:21:34+00:00","dateModified":"2026-04-14T07:39:59+00:00","breadcrumb":{"@id":"https:\/\/evangelische-beratung.com\/fr\/impressum\/#breadcrumb"},"inLanguage":"fr-FR","potentialAction":[{"@type":"ReadAction","target":["https:\/\/evangelische-beratung.com\/fr\/impressum\/"]}]},{"@type":"BreadcrumbList","@id":"https:\/\/evangelische-beratung.com\/fr\/impressum\/#breadcrumb","itemListElement":[{"@type":"ListItem","position":1,"name":"Startseite","item":"https:\/\/evangelische-beratung.com\/fr\/"},{"@type":"ListItem","position":2,"name":"Mentions l\u00e9gales"}]},{"@type":"WebSite","@id":"https:\/\/evangelische-beratung.com\/fr\/#website","url":"https:\/\/evangelische-beratung.com\/fr\/","name":"Evangelischer Regionalverband","description":"","publisher":{"@id":"https:\/\/evangelische-beratung.com\/fr\/#organization"},"potentialAction":[{"@type":"SearchAction","target":{"@type":"EntryPoint","urlTemplate":"https:\/\/evangelische-beratung.com\/fr\/?s={search_term_string}"},"query-input":{"@type":"PropertyValueSpecification","valueRequired":true,"valueName":"search_term_string"}}],"inLanguage":"fr-FR"},{"@type":"Organization","@id":"https:\/\/evangelische-beratung.com\/fr\/#organization","name":"Evangelischer Regionalverband Frankfurt und Offenbach","url":"https:\/\/evangelische-beratung.com\/fr\/","logo":{"@type":"ImageObject","inLanguage":"fr-FR","@id":"https:\/\/evangelische-beratung.com\/fr\/#\/schema\/logo\/image\/","url":"https:\/\/evangelische-beratung.com\/fr\/wp-content\/uploads\/sites\/5\/2019\/10\/erv-logo.png","contentUrl":"https:\/\/evangelische-beratung.com\/fr\/wp-content\/uploads\/sites\/5\/2019\/10\/erv-logo.png","width":1127,"height":595,"caption":"Evangelischer Regionalverband Frankfurt und Offenbach"},"image":{"@id":"https:\/\/evangelische-beratung.com\/fr\/#\/schema\/logo\/image\/"}}]}},"_links":{"self":[{"href":"https:\/\/evangelische-beratung.com\/fr\/wp-json\/wp\/v2\/pages\/51","targetHints":{"allow":["GET"]}}],"collection":[{"href":"https:\/\/evangelische-beratung.com\/fr\/wp-json\/wp\/v2\/pages"}],"about":[{"href":"https:\/\/evangelische-beratung.com\/fr\/wp-json\/wp\/v2\/types\/page"}],"author":[{"embeddable":true,"href":"https:\/\/evangelische-beratung.com\/fr\/wp-json\/wp\/v2\/users\/36"}],"replies":[{"embeddable":true,"href":"https:\/\/evangelische-beratung.com\/fr\/wp-json\/wp\/v2\/comments?post=51"}],"version-history":[{"count":5,"href":"https:\/\/evangelische-beratung.com\/fr\/wp-json\/wp\/v2\/pages\/51\/revisions"}],"predecessor-version":[{"id":1857,"href":"https:\/\/evangelische-beratung.com\/fr\/wp-json\/wp\/v2\/pages\/51\/revisions\/1857"}],"wp:attachment":[{"href":"https:\/\/evangelische-beratung.com\/fr\/wp-json\/wp\/v2\/media?parent=51"}],"curies":[{"name":"wp","href":"https:\/\/api.w.org\/{rel}","templated":true}]}}