{"id":432,"date":"2019-08-19T18:47:01","date_gmt":"2019-08-19T16:47:01","guid":{"rendered":"https:\/\/evangelische-beratung.com\/fr\/?page_id=432"},"modified":"2020-03-14T17:57:24","modified_gmt":"2020-03-14T16:57:24","slug":"therapieangebote","status":"publish","type":"page","link":"https:\/\/evangelische-beratung.com\/fr\/sucht\/alkohol\/therapieangebote\/","title":{"rendered":"Offres de th\u00e9rapie"},"content":{"rendered":"\n<p class=\"is-style-teaser\"> Il existe diverses options de th\u00e9rapie qui peuvent aider les gens \u00e0 vivre sans alcool. Nous faisons r\u00e9f\u00e9rence \u00e0 ces th\u00e9rapies en tant que th\u00e9rapies de d\u00e9sintoxication.<\/p>\n\n\n\n<figure class=\"wp-block-image\"><img loading=\"lazy\" decoding=\"async\" width=\"713\" height=\"534\" src=\"https:\/\/evangelische-beratung.com\/fr\/wp-content\/uploads\/sites\/5\/2020\/01\/Schaubild-zur-Behandlung-der-Abhaengigkeit-1.jpg\" alt=\"\" class=\"wp-image-825\" srcset=\"https:\/\/evangelische-beratung.com\/fr\/wp-content\/uploads\/sites\/5\/2020\/01\/Schaubild-zur-Behandlung-der-Abhaengigkeit-1.jpg 713w, https:\/\/evangelische-beratung.com\/fr\/wp-content\/uploads\/sites\/5\/2020\/01\/Schaubild-zur-Behandlung-der-Abhaengigkeit-1-300x225.jpg 300w\" sizes=\"auto, (max-width: 713px) 100vw, 713px\" \/><\/figure>\n\n\n\n<p>Vous pouvez faire une th\u00e9rapie de d\u00e9sintoxication \u00e0 notre centre de conseil contre les addictions.&nbsp;<\/p>\n\n\n\n<p>Les co\u00fbts d\u2019une th\u00e9rapie de d\u00e9sintoxication sont couverts par votre assurance vieillesse ou votre assurance maladie (la situation peut \u00eatre diff\u00e9rente si vous \u00eates assur\u00e9 aupr\u00e8s d\u2019une assurance priv\u00e9e).<\/p>\n\n\n\n<p>Apr\u00e8s avoir men\u00e9 \u00e0 bien une th\u00e9rapie de d\u00e9sintoxication  stationnaire, vous pouvez b\u00e9n\u00e9ficier d\u2019une th\u00e9rapie ambulatoire de notre part (th\u00e9rapie de d\u00e9sintoxication post-stationnaire ou suivi).<\/p>\n","protected":false},"excerpt":{"rendered":"<p>Il existe diverses options de th\u00e9rapie qui peuvent aider les gens \u00e0 vivre sans alcool. Nous faisons r\u00e9f\u00e9rence \u00e0 ces th\u00e9rapies en tant que th\u00e9rapies de d\u00e9sintoxication. Vous pouvez faire une th\u00e9rapie de d\u00e9sintoxication \u00e0 notre centre de conseil contre les addictions.&nbsp; Les co\u00fbts d\u2019une th\u00e9rapie de d\u00e9sintoxication sont couverts par votre assurance vieillesse ou [&hellip;]<\/p>\n","protected":false},"author":3,"featured_media":0,"parent":237,"menu_order":0,"comment_status":"closed","ping_status":"closed","template":"","meta":{"footnotes":""},"class_list":["post-432","page","type-page","status-publish","hentry"],"yoast_head":"<!-- This site is optimized with the Yoast SEO plugin v27.4 - https:\/\/yoast.com\/product\/yoast-seo-wordpress\/ -->\n<title>Entw\u00f6hnungstherapien. Beratung in Frankfurt durch den Ev. Regionalverband<\/title>\n<meta name=\"description\" content=\"Es gibt verschiedene Therapiem\u00f6glichkeiten, die hlefen, ohne Alkohol leben zu k\u00f6nnen. Diese Therapien nennen wir Entw\u00f6hnungstherapien. Sprechen Sie mit uns!\" \/>\n<meta name=\"robots\" content=\"index, follow, max-snippet:-1, max-image-preview:large, max-video-preview:-1\" \/>\n<link rel=\"canonical\" href=\"https:\/\/evangelische-beratung.com\/fr\/sucht\/alkohol\/therapieangebote\/\" \/>\n<meta property=\"og:locale\" content=\"fr_FR\" \/>\n<meta property=\"og:type\" content=\"article\" \/>\n<meta property=\"og:title\" content=\"Entw\u00f6hnungstherapien. Beratung in Frankfurt durch den Ev. Regionalverband\" \/>\n<meta property=\"og:description\" content=\"Es gibt verschiedene Therapiem\u00f6glichkeiten, die hlefen, ohne Alkohol leben zu k\u00f6nnen. Diese Therapien nennen wir Entw\u00f6hnungstherapien. Sprechen Sie mit uns!\" \/>\n<meta property=\"og:url\" content=\"https:\/\/evangelische-beratung.com\/fr\/sucht\/alkohol\/therapieangebote\/\" \/>\n<meta property=\"og:site_name\" content=\"Evangelischer Regionalverband\" \/>\n<meta property=\"article:modified_time\" content=\"2020-03-14T16:57:24+00:00\" \/>\n<meta property=\"og:image\" content=\"https:\/\/evangelische-beratung.com\/fr\/wp-content\/uploads\/sites\/5\/2020\/01\/Schaubild-zur-Behandlung-der-Abhaengigkeit-1.jpg\" \/>\n<meta name=\"twitter:card\" content=\"summary_large_image\" \/>\n<meta name=\"twitter:label1\" content=\"Dur\u00e9e de lecture estim\u00e9e\" \/>\n\t<meta name=\"twitter:data1\" content=\"1 minute\" \/>\n<script type=\"application\/ld+json\" class=\"yoast-schema-graph\">{\"@context\":\"https:\\\/\\\/schema.org\",\"@graph\":[{\"@type\":\"WebPage\",\"@id\":\"https:\\\/\\\/evangelische-beratung.com\\\/fr\\\/sucht\\\/alkohol\\\/therapieangebote\\\/\",\"url\":\"https:\\\/\\\/evangelische-beratung.com\\\/fr\\\/sucht\\\/alkohol\\\/therapieangebote\\\/\",\"name\":\"Entw\u00f6hnungstherapien. Beratung in Frankfurt durch den Ev. Regionalverband\",\"isPartOf\":{\"@id\":\"https:\\\/\\\/evangelische-beratung.com\\\/fr\\\/#website\"},\"primaryImageOfPage\":{\"@id\":\"https:\\\/\\\/evangelische-beratung.com\\\/fr\\\/sucht\\\/alkohol\\\/therapieangebote\\\/#primaryimage\"},\"image\":{\"@id\":\"https:\\\/\\\/evangelische-beratung.com\\\/fr\\\/sucht\\\/alkohol\\\/therapieangebote\\\/#primaryimage\"},\"thumbnailUrl\":\"https:\\\/\\\/evangelische-beratung.com\\\/fr\\\/wp-content\\\/uploads\\\/sites\\\/5\\\/2020\\\/01\\\/Schaubild-zur-Behandlung-der-Abhaengigkeit-1.jpg\",\"datePublished\":\"2019-08-19T16:47:01+00:00\",\"dateModified\":\"2020-03-14T16:57:24+00:00\",\"description\":\"Es gibt verschiedene Therapiem\u00f6glichkeiten, die hlefen, ohne Alkohol leben zu k\u00f6nnen. Diese Therapien nennen wir Entw\u00f6hnungstherapien. Sprechen Sie mit uns!\",\"breadcrumb\":{\"@id\":\"https:\\\/\\\/evangelische-beratung.com\\\/fr\\\/sucht\\\/alkohol\\\/therapieangebote\\\/#breadcrumb\"},\"inLanguage\":\"fr-FR\",\"potentialAction\":[{\"@type\":\"ReadAction\",\"target\":[\"https:\\\/\\\/evangelische-beratung.com\\\/fr\\\/sucht\\\/alkohol\\\/therapieangebote\\\/\"]}]},{\"@type\":\"ImageObject\",\"inLanguage\":\"fr-FR\",\"@id\":\"https:\\\/\\\/evangelische-beratung.com\\\/fr\\\/sucht\\\/alkohol\\\/therapieangebote\\\/#primaryimage\",\"url\":\"https:\\\/\\\/evangelische-beratung.com\\\/fr\\\/wp-content\\\/uploads\\\/sites\\\/5\\\/2020\\\/01\\\/Schaubild-zur-Behandlung-der-Abhaengigkeit-1.jpg\",\"contentUrl\":\"https:\\\/\\\/evangelische-beratung.com\\\/fr\\\/wp-content\\\/uploads\\\/sites\\\/5\\\/2020\\\/01\\\/Schaubild-zur-Behandlung-der-Abhaengigkeit-1.jpg\"},{\"@type\":\"BreadcrumbList\",\"@id\":\"https:\\\/\\\/evangelische-beratung.com\\\/fr\\\/sucht\\\/alkohol\\\/therapieangebote\\\/#breadcrumb\",\"itemListElement\":[{\"@type\":\"ListItem\",\"position\":1,\"name\":\"Startseite\",\"item\":\"https:\\\/\\\/evangelische-beratung.com\\\/fr\\\/\"},{\"@type\":\"ListItem\",\"position\":2,\"name\":\"Addiction\",\"item\":\"https:\\\/\\\/evangelische-beratung.com\\\/fr\\\/sucht\\\/\"},{\"@type\":\"ListItem\",\"position\":3,\"name\":\"Alcool\",\"item\":\"https:\\\/\\\/evangelische-beratung.com\\\/fr\\\/sucht\\\/alkohol\\\/\"},{\"@type\":\"ListItem\",\"position\":4,\"name\":\"Offres de th\u00e9rapie\"}]},{\"@type\":\"WebSite\",\"@id\":\"https:\\\/\\\/evangelische-beratung.com\\\/fr\\\/#website\",\"url\":\"https:\\\/\\\/evangelische-beratung.com\\\/fr\\\/\",\"name\":\"Evangelischer Regionalverband\",\"description\":\"\",\"publisher\":{\"@id\":\"https:\\\/\\\/evangelische-beratung.com\\\/fr\\\/#organization\"},\"potentialAction\":[{\"@type\":\"SearchAction\",\"target\":{\"@type\":\"EntryPoint\",\"urlTemplate\":\"https:\\\/\\\/evangelische-beratung.com\\\/fr\\\/?s={search_term_string}\"},\"query-input\":{\"@type\":\"PropertyValueSpecification\",\"valueRequired\":true,\"valueName\":\"search_term_string\"}}],\"inLanguage\":\"fr-FR\"},{\"@type\":\"Organization\",\"@id\":\"https:\\\/\\\/evangelische-beratung.com\\\/fr\\\/#organization\",\"name\":\"Evangelischer Regionalverband Frankfurt und Offenbach\",\"url\":\"https:\\\/\\\/evangelische-beratung.com\\\/fr\\\/\",\"logo\":{\"@type\":\"ImageObject\",\"inLanguage\":\"fr-FR\",\"@id\":\"https:\\\/\\\/evangelische-beratung.com\\\/fr\\\/#\\\/schema\\\/logo\\\/image\\\/\",\"url\":\"https:\\\/\\\/evangelische-beratung.com\\\/fr\\\/wp-content\\\/uploads\\\/sites\\\/5\\\/2019\\\/10\\\/erv-logo.png\",\"contentUrl\":\"https:\\\/\\\/evangelische-beratung.com\\\/fr\\\/wp-content\\\/uploads\\\/sites\\\/5\\\/2019\\\/10\\\/erv-logo.png\",\"width\":1127,\"height\":595,\"caption\":\"Evangelischer Regionalverband Frankfurt und Offenbach\"},\"image\":{\"@id\":\"https:\\\/\\\/evangelische-beratung.com\\\/fr\\\/#\\\/schema\\\/logo\\\/image\\\/\"}}]}<\/script>\n<!-- \/ Yoast SEO plugin. -->","yoast_head_json":{"title":"Entw\u00f6hnungstherapien. Beratung in Frankfurt durch den Ev. Regionalverband","description":"Es gibt verschiedene Therapiem\u00f6glichkeiten, die hlefen, ohne Alkohol leben zu k\u00f6nnen. Diese Therapien nennen wir Entw\u00f6hnungstherapien. Sprechen Sie mit uns!","robots":{"index":"index","follow":"follow","max-snippet":"max-snippet:-1","max-image-preview":"max-image-preview:large","max-video-preview":"max-video-preview:-1"},"canonical":"https:\/\/evangelische-beratung.com\/fr\/sucht\/alkohol\/therapieangebote\/","og_locale":"fr_FR","og_type":"article","og_title":"Entw\u00f6hnungstherapien. Beratung in Frankfurt durch den Ev. Regionalverband","og_description":"Es gibt verschiedene Therapiem\u00f6glichkeiten, die hlefen, ohne Alkohol leben zu k\u00f6nnen. Diese Therapien nennen wir Entw\u00f6hnungstherapien. Sprechen Sie mit uns!","og_url":"https:\/\/evangelische-beratung.com\/fr\/sucht\/alkohol\/therapieangebote\/","og_site_name":"Evangelischer Regionalverband","article_modified_time":"2020-03-14T16:57:24+00:00","og_image":[{"url":"https:\/\/evangelische-beratung.com\/fr\/wp-content\/uploads\/sites\/5\/2020\/01\/Schaubild-zur-Behandlung-der-Abhaengigkeit-1.jpg","type":"","width":"","height":""}],"twitter_card":"summary_large_image","twitter_misc":{"Dur\u00e9e de lecture estim\u00e9e":"1 minute"},"schema":{"@context":"https:\/\/schema.org","@graph":[{"@type":"WebPage","@id":"https:\/\/evangelische-beratung.com\/fr\/sucht\/alkohol\/therapieangebote\/","url":"https:\/\/evangelische-beratung.com\/fr\/sucht\/alkohol\/therapieangebote\/","name":"Entw\u00f6hnungstherapien. Beratung in Frankfurt durch den Ev. Regionalverband","isPartOf":{"@id":"https:\/\/evangelische-beratung.com\/fr\/#website"},"primaryImageOfPage":{"@id":"https:\/\/evangelische-beratung.com\/fr\/sucht\/alkohol\/therapieangebote\/#primaryimage"},"image":{"@id":"https:\/\/evangelische-beratung.com\/fr\/sucht\/alkohol\/therapieangebote\/#primaryimage"},"thumbnailUrl":"https:\/\/evangelische-beratung.com\/fr\/wp-content\/uploads\/sites\/5\/2020\/01\/Schaubild-zur-Behandlung-der-Abhaengigkeit-1.jpg","datePublished":"2019-08-19T16:47:01+00:00","dateModified":"2020-03-14T16:57:24+00:00","description":"Es gibt verschiedene Therapiem\u00f6glichkeiten, die hlefen, ohne Alkohol leben zu k\u00f6nnen. Diese Therapien nennen wir Entw\u00f6hnungstherapien. Sprechen Sie mit uns!","breadcrumb":{"@id":"https:\/\/evangelische-beratung.com\/fr\/sucht\/alkohol\/therapieangebote\/#breadcrumb"},"inLanguage":"fr-FR","potentialAction":[{"@type":"ReadAction","target":["https:\/\/evangelische-beratung.com\/fr\/sucht\/alkohol\/therapieangebote\/"]}]},{"@type":"ImageObject","inLanguage":"fr-FR","@id":"https:\/\/evangelische-beratung.com\/fr\/sucht\/alkohol\/therapieangebote\/#primaryimage","url":"https:\/\/evangelische-beratung.com\/fr\/wp-content\/uploads\/sites\/5\/2020\/01\/Schaubild-zur-Behandlung-der-Abhaengigkeit-1.jpg","contentUrl":"https:\/\/evangelische-beratung.com\/fr\/wp-content\/uploads\/sites\/5\/2020\/01\/Schaubild-zur-Behandlung-der-Abhaengigkeit-1.jpg"},{"@type":"BreadcrumbList","@id":"https:\/\/evangelische-beratung.com\/fr\/sucht\/alkohol\/therapieangebote\/#breadcrumb","itemListElement":[{"@type":"ListItem","position":1,"name":"Startseite","item":"https:\/\/evangelische-beratung.com\/fr\/"},{"@type":"ListItem","position":2,"name":"Addiction","item":"https:\/\/evangelische-beratung.com\/fr\/sucht\/"},{"@type":"ListItem","position":3,"name":"Alcool","item":"https:\/\/evangelische-beratung.com\/fr\/sucht\/alkohol\/"},{"@type":"ListItem","position":4,"name":"Offres de th\u00e9rapie"}]},{"@type":"WebSite","@id":"https:\/\/evangelische-beratung.com\/fr\/#website","url":"https:\/\/evangelische-beratung.com\/fr\/","name":"Evangelischer Regionalverband","description":"","publisher":{"@id":"https:\/\/evangelische-beratung.com\/fr\/#organization"},"potentialAction":[{"@type":"SearchAction","target":{"@type":"EntryPoint","urlTemplate":"https:\/\/evangelische-beratung.com\/fr\/?s={search_term_string}"},"query-input":{"@type":"PropertyValueSpecification","valueRequired":true,"valueName":"search_term_string"}}],"inLanguage":"fr-FR"},{"@type":"Organization","@id":"https:\/\/evangelische-beratung.com\/fr\/#organization","name":"Evangelischer Regionalverband Frankfurt und Offenbach","url":"https:\/\/evangelische-beratung.com\/fr\/","logo":{"@type":"ImageObject","inLanguage":"fr-FR","@id":"https:\/\/evangelische-beratung.com\/fr\/#\/schema\/logo\/image\/","url":"https:\/\/evangelische-beratung.com\/fr\/wp-content\/uploads\/sites\/5\/2019\/10\/erv-logo.png","contentUrl":"https:\/\/evangelische-beratung.com\/fr\/wp-content\/uploads\/sites\/5\/2019\/10\/erv-logo.png","width":1127,"height":595,"caption":"Evangelischer Regionalverband Frankfurt und Offenbach"},"image":{"@id":"https:\/\/evangelische-beratung.com\/fr\/#\/schema\/logo\/image\/"}}]}},"_links":{"self":[{"href":"https:\/\/evangelische-beratung.com\/fr\/wp-json\/wp\/v2\/pages\/432","targetHints":{"allow":["GET"]}}],"collection":[{"href":"https:\/\/evangelische-beratung.com\/fr\/wp-json\/wp\/v2\/pages"}],"about":[{"href":"https:\/\/evangelische-beratung.com\/fr\/wp-json\/wp\/v2\/types\/page"}],"author":[{"embeddable":true,"href":"https:\/\/evangelische-beratung.com\/fr\/wp-json\/wp\/v2\/users\/3"}],"replies":[{"embeddable":true,"href":"https:\/\/evangelische-beratung.com\/fr\/wp-json\/wp\/v2\/comments?post=432"}],"version-history":[{"count":5,"href":"https:\/\/evangelische-beratung.com\/fr\/wp-json\/wp\/v2\/pages\/432\/revisions"}],"predecessor-version":[{"id":1071,"href":"https:\/\/evangelische-beratung.com\/fr\/wp-json\/wp\/v2\/pages\/432\/revisions\/1071"}],"up":[{"embeddable":true,"href":"https:\/\/evangelische-beratung.com\/fr\/wp-json\/wp\/v2\/pages\/237"}],"wp:attachment":[{"href":"https:\/\/evangelische-beratung.com\/fr\/wp-json\/wp\/v2\/media?parent=432"}],"curies":[{"name":"wp","href":"https:\/\/api.w.org\/{rel}","templated":true}]}}