{"id":430,"date":"2019-08-19T18:41:43","date_gmt":"2019-08-19T16:41:43","guid":{"rendered":"https:\/\/evangelische-beratung.com\/fr\/?page_id=430"},"modified":"2020-03-14T15:58:28","modified_gmt":"2020-03-14T14:58:28","slug":"sucht-und-alter","status":"publish","type":"page","link":"https:\/\/evangelische-beratung.com\/fr\/sucht\/alkohol\/sucht-und-alter\/","title":{"rendered":"Addiction et \u00e2ge"},"content":{"rendered":"\n<p class=\"is-style-teaser\">Nous formons des soignants \u00e0 traiter les comportements de consommation risqu\u00e9s chez les personnes \u00e2g\u00e9es.<\/p>\n\n\n\n<figure class=\"wp-block-image alignwide\"><img loading=\"lazy\" decoding=\"async\" width=\"1024\" height=\"512\" src=\"https:\/\/evangelische-beratung.com\/fr\/wp-content\/uploads\/sites\/5\/2019\/08\/Suchtberatung-2-ALter_Hero-1024x512.jpg\" alt=\"\" class=\"wp-image-481\" srcset=\"https:\/\/evangelische-beratung.com\/fr\/wp-content\/uploads\/sites\/5\/2019\/08\/Suchtberatung-2-ALter_Hero-1024x512.jpg 1024w, https:\/\/evangelische-beratung.com\/fr\/wp-content\/uploads\/sites\/5\/2019\/08\/Suchtberatung-2-ALter_Hero-300x150.jpg 300w, https:\/\/evangelische-beratung.com\/fr\/wp-content\/uploads\/sites\/5\/2019\/08\/Suchtberatung-2-ALter_Hero-768x384.jpg 768w, https:\/\/evangelische-beratung.com\/fr\/wp-content\/uploads\/sites\/5\/2019\/08\/Suchtberatung-2-ALter_Hero.jpg 1840w\" sizes=\"auto, 100vw\" \/><\/figure>\n\n\n\n<p>Ces formations font partie du projet \u00ab&nbsp;L\u2019addiction \u00e0 un \u00e2ge avanc\u00e9&nbsp;\u00bb de la ville de Francfort. <\/p>\n\n\n<div class=\"wp-block-erv-tile \">\n\t\t\t<div>\n\t\t\t<a href=\"https:\/\/www.frankfurt.de\/sixcms\/detail.php?id=1577970&amp;_ffmpar[_id_inhalt]=32112734\" tabindex=\"-1\" aria-hidden=\"true\"  target=\"_blank\"><\/a>\n\t\t\t<h2 class=\"tile-title\"><a href=\"https:\/\/www.frankfurt.de\/sixcms\/detail.php?id=1577970&amp;_ffmpar[_id_inhalt]=32112734\"  target=\"_blank\">Sucht im Alter<\/a><\/h2>\n\t\t\t\n\t\t\t<p aria-hidden=\"true\" class=\"-is-micro\">Go to website<svg xmlns=\"http:\/\/www.w3.org\/2000\/svg\" viewBox=\"0 0 13 10\"><path d=\"M1.5 5H12M8 1l4 4-4 4\" fill=\"none\" stroke=\"#a22a45\" stroke-width=\"1.2\" stroke-linecap=\"round\" stroke-linejoin=\"round\"\/><\/svg><\/p>\n\t\t\t<\/div>\n\t\t<\/div>\n\n\n<p>Nous discutons des cas ensemble. Puis nous prodiguons des conseils aux personnes \u00e2g\u00e9es affect\u00e9es, sur leurs carri\u00e8res ou les membres de leurs familles, si cela est sollicit\u00e9. Les conseils sont prodigu\u00e9s sur place dans des institutions destin\u00e9es aux personnes \u00e2g\u00e9es.<\/p>\n\n\n\n<p>Les institutions suivantes travaillent ensemble sur ce projet en collaboration l\u2019Evangelische Suchtberatung am Main (Conseil luth\u00e9rien aux addictions, Francfort) :<\/p>\n\n\n\n<ul class=\"wp-block-list\"><li>Victor-Gollancz-Haus, Sossenheim<\/li><li>Sozial- und Rehazentrum West, R\u00f6delheim<\/li><li>Heinrich-Schleich-Haus, Fechenheim.<\/li><\/ul>\n\n\n\n<div class=\"wp-block-erv-download -show-file-extension\"><span aria-hidden=\"true\"><span class=\"file-extension\">pdf<\/span><\/span><div class=\"title-and-description\"><p class=\"download-title -inverted-link-style\"><a href=\"https:\/\/evangelische-beratung.com\/fr\/wp-content\/uploads\/sites\/5\/2019\/08\/Sucht_und_Alter-1.pdf\" target=\"_blank\" rel=\"noopener noreferrer\">Artikel Sucht und Alter: \u00ab\u00a0Mehr Lebensqualit\u00e4t mithilfe der Suchthilfe<\/a><\/p><p class=\"download-description\"><\/p><\/div><\/div>\n\n\n\n<p style=\"text-align:center\" class=\"is-style-roof-line\"><strong>Vos interlocuteurs<\/strong><\/p>\n\n\n\n<div class=\"wp-block-columns alignwide has-2-columns is-layout-flex wp-container-core-columns-is-layout-9d6595d7 wp-block-columns-is-layout-flex\">\n<div class=\"wp-block-column is-layout-flow wp-block-column-is-layout-flow\">\n<div class=\"wp-block-erv-id-card\"><div class=\"id-card-content\"><figure class=\"id-card-photo\"><img decoding=\"async\" src=\"https:\/\/evangelische-beratung.com\/wp-content\/uploads\/2019\/08\/Monika-Schiemann_Verwaltung-Suchtberatung-300x200.jpg\" \/><\/figure><div class=\"id-card-details\"><p class=\"id-card-name\">Monika Schiemann<\/p><p class=\"id-card-job\">Sekretariat &amp; Anmeldung<\/p><p class=\"id-card-location\">Frankfurt<\/p><p class=\"id-card-phone\">069 \/ 53 02 302 <\/p><p class=\"id-card-email\"><a href=\"mailto:s&#117;&#99;&#104;&#116;&#98;&#101;&#114;&#97;&#116;&#117;&#x6e;&#x67;&#x40;&#x66;&#x72;&#x61;&#x6e;&#x6b;&#x66;&#x75;&#x72;&#x74;&#x2d;&#x65;&#x76;angelisc&#104;&#46;&#100;&#101;\">E-Mail<\/a><\/p><\/div><\/div><\/div>\n<\/div>\n\n\n\n<div class=\"wp-block-column is-layout-flow wp-block-column-is-layout-flow\">\n<div class=\"wp-block-erv-id-card\"><div class=\"id-card-content\"><figure class=\"id-card-photo\"><img decoding=\"async\" src=\"https:\/\/evangelische-beratung.com\/wp-content\/uploads\/2025\/04\/portrait_platzhalter-1-300x300-1.jpg\" \/><\/figure><div class=\"id-card-details\"><p class=\"id-card-name\">N. N. <\/p><p class=\"id-card-job\">Leitung<\/p><p class=\"id-card-location\">Frankfurt<\/p><p class=\"id-card-phone\">069 \/ 53 02 301<\/p><p class=\"id-card-email\"><a href=\"&#109;&#x61;i&#108;&#x74;o&#58;&#x73;u&#x63;&#x68;&#116;&#x62;e&#114;&#x61;t&#117;&#x6e;g&#x40;&#x66;&#114;&#x61;&#x6e;&#107;&#x66;u&#114;&#x74;-&#101;&#x76;a&#x6e;&#x67;&#101;&#x6c;i&#115;&#x63;h&#46;&#x64;e\">E-Mail<\/a><\/p><\/div><\/div><\/div>\n<\/div>\n<\/div>\n","protected":false},"excerpt":{"rendered":"<p>Nous formons des soignants \u00e0 traiter les comportements de consommation risqu\u00e9s chez les personnes \u00e2g\u00e9es. Ces formations font partie du projet \u00ab&nbsp;L\u2019addiction \u00e0 un \u00e2ge avanc\u00e9&nbsp;\u00bb de la ville de Francfort. Nous discutons des cas ensemble. Puis nous prodiguons des conseils aux personnes \u00e2g\u00e9es affect\u00e9es, sur leurs carri\u00e8res ou les membres de leurs familles, si [&hellip;]<\/p>\n","protected":false},"author":3,"featured_media":0,"parent":237,"menu_order":0,"comment_status":"closed","ping_status":"closed","template":"","meta":{"footnotes":""},"class_list":["post-430","page","type-page","status-publish","hentry"],"yoast_head":"<!-- This site is optimized with the Yoast SEO plugin v27.4 - https:\/\/yoast.com\/product\/yoast-seo-wordpress\/ -->\n<title>Schulung Sucht &amp; Alter in Frankfurt beim Ev. Regionalverband<\/title>\n<meta name=\"description\" content=\"Wir schulen Pflegekr\u00e4fte zum Umgang mit riskantem Konsumverhalten bei \u00e4lteren Menschen. Die Schulungen finden im Rahmen des Projekts der Stadt Frankfurt &quot;Sucht im Alter&quot; statt.\" \/>\n<meta name=\"robots\" content=\"index, follow, max-snippet:-1, max-image-preview:large, max-video-preview:-1\" \/>\n<link rel=\"canonical\" href=\"https:\/\/evangelische-beratung.com\/fr\/sucht\/alkohol\/sucht-und-alter\/\" \/>\n<meta property=\"og:locale\" content=\"fr_FR\" \/>\n<meta property=\"og:type\" content=\"article\" \/>\n<meta property=\"og:title\" content=\"Schulung Sucht &amp; Alter in Frankfurt beim Ev. Regionalverband\" \/>\n<meta property=\"og:description\" content=\"Wir schulen Pflegekr\u00e4fte zum Umgang mit riskantem Konsumverhalten bei \u00e4lteren Menschen. Die Schulungen finden im Rahmen des Projekts der Stadt Frankfurt &quot;Sucht im Alter&quot; statt.\" \/>\n<meta property=\"og:url\" content=\"https:\/\/evangelische-beratung.com\/fr\/sucht\/alkohol\/sucht-und-alter\/\" \/>\n<meta property=\"og:site_name\" content=\"Evangelischer Regionalverband\" \/>\n<meta property=\"article:modified_time\" content=\"2020-03-14T14:58:28+00:00\" \/>\n<meta property=\"og:image\" content=\"https:\/\/evangelische-beratung.com\/fr\/wp-content\/uploads\/sites\/5\/2019\/08\/Suchtberatung-2-ALter_Hero-1024x512.jpg\" \/>\n<meta name=\"twitter:card\" content=\"summary_large_image\" \/>\n<meta name=\"twitter:label1\" content=\"Dur\u00e9e de lecture estim\u00e9e\" \/>\n\t<meta name=\"twitter:data1\" content=\"1 minute\" \/>\n<script type=\"application\/ld+json\" class=\"yoast-schema-graph\">{\"@context\":\"https:\\\/\\\/schema.org\",\"@graph\":[{\"@type\":\"WebPage\",\"@id\":\"https:\\\/\\\/evangelische-beratung.com\\\/fr\\\/sucht\\\/alkohol\\\/sucht-und-alter\\\/\",\"url\":\"https:\\\/\\\/evangelische-beratung.com\\\/fr\\\/sucht\\\/alkohol\\\/sucht-und-alter\\\/\",\"name\":\"Schulung Sucht & Alter in Frankfurt beim Ev. Regionalverband\",\"isPartOf\":{\"@id\":\"https:\\\/\\\/evangelische-beratung.com\\\/fr\\\/#website\"},\"primaryImageOfPage\":{\"@id\":\"https:\\\/\\\/evangelische-beratung.com\\\/fr\\\/sucht\\\/alkohol\\\/sucht-und-alter\\\/#primaryimage\"},\"image\":{\"@id\":\"https:\\\/\\\/evangelische-beratung.com\\\/fr\\\/sucht\\\/alkohol\\\/sucht-und-alter\\\/#primaryimage\"},\"thumbnailUrl\":\"https:\\\/\\\/evangelische-beratung.com\\\/fr\\\/wp-content\\\/uploads\\\/sites\\\/5\\\/2019\\\/08\\\/Suchtberatung-2-ALter_Hero-1024x512.jpg\",\"datePublished\":\"2019-08-19T16:41:43+00:00\",\"dateModified\":\"2020-03-14T14:58:28+00:00\",\"description\":\"Wir schulen Pflegekr\u00e4fte zum Umgang mit riskantem Konsumverhalten bei \u00e4lteren Menschen. Die Schulungen finden im Rahmen des Projekts der Stadt Frankfurt \\\"Sucht im Alter\\\" statt.\",\"breadcrumb\":{\"@id\":\"https:\\\/\\\/evangelische-beratung.com\\\/fr\\\/sucht\\\/alkohol\\\/sucht-und-alter\\\/#breadcrumb\"},\"inLanguage\":\"fr-FR\",\"potentialAction\":[{\"@type\":\"ReadAction\",\"target\":[\"https:\\\/\\\/evangelische-beratung.com\\\/fr\\\/sucht\\\/alkohol\\\/sucht-und-alter\\\/\"]}]},{\"@type\":\"ImageObject\",\"inLanguage\":\"fr-FR\",\"@id\":\"https:\\\/\\\/evangelische-beratung.com\\\/fr\\\/sucht\\\/alkohol\\\/sucht-und-alter\\\/#primaryimage\",\"url\":\"https:\\\/\\\/evangelische-beratung.com\\\/fr\\\/wp-content\\\/uploads\\\/sites\\\/5\\\/2019\\\/08\\\/Suchtberatung-2-ALter_Hero-1024x512.jpg\",\"contentUrl\":\"https:\\\/\\\/evangelische-beratung.com\\\/fr\\\/wp-content\\\/uploads\\\/sites\\\/5\\\/2019\\\/08\\\/Suchtberatung-2-ALter_Hero-1024x512.jpg\"},{\"@type\":\"BreadcrumbList\",\"@id\":\"https:\\\/\\\/evangelische-beratung.com\\\/fr\\\/sucht\\\/alkohol\\\/sucht-und-alter\\\/#breadcrumb\",\"itemListElement\":[{\"@type\":\"ListItem\",\"position\":1,\"name\":\"Startseite\",\"item\":\"https:\\\/\\\/evangelische-beratung.com\\\/fr\\\/\"},{\"@type\":\"ListItem\",\"position\":2,\"name\":\"Addiction\",\"item\":\"https:\\\/\\\/evangelische-beratung.com\\\/fr\\\/sucht\\\/\"},{\"@type\":\"ListItem\",\"position\":3,\"name\":\"Alcool\",\"item\":\"https:\\\/\\\/evangelische-beratung.com\\\/fr\\\/sucht\\\/alkohol\\\/\"},{\"@type\":\"ListItem\",\"position\":4,\"name\":\"Addiction et \u00e2ge\"}]},{\"@type\":\"WebSite\",\"@id\":\"https:\\\/\\\/evangelische-beratung.com\\\/fr\\\/#website\",\"url\":\"https:\\\/\\\/evangelische-beratung.com\\\/fr\\\/\",\"name\":\"Evangelischer Regionalverband\",\"description\":\"\",\"publisher\":{\"@id\":\"https:\\\/\\\/evangelische-beratung.com\\\/fr\\\/#organization\"},\"potentialAction\":[{\"@type\":\"SearchAction\",\"target\":{\"@type\":\"EntryPoint\",\"urlTemplate\":\"https:\\\/\\\/evangelische-beratung.com\\\/fr\\\/?s={search_term_string}\"},\"query-input\":{\"@type\":\"PropertyValueSpecification\",\"valueRequired\":true,\"valueName\":\"search_term_string\"}}],\"inLanguage\":\"fr-FR\"},{\"@type\":\"Organization\",\"@id\":\"https:\\\/\\\/evangelische-beratung.com\\\/fr\\\/#organization\",\"name\":\"Evangelischer Regionalverband Frankfurt und Offenbach\",\"url\":\"https:\\\/\\\/evangelische-beratung.com\\\/fr\\\/\",\"logo\":{\"@type\":\"ImageObject\",\"inLanguage\":\"fr-FR\",\"@id\":\"https:\\\/\\\/evangelische-beratung.com\\\/fr\\\/#\\\/schema\\\/logo\\\/image\\\/\",\"url\":\"https:\\\/\\\/evangelische-beratung.com\\\/fr\\\/wp-content\\\/uploads\\\/sites\\\/5\\\/2019\\\/10\\\/erv-logo.png\",\"contentUrl\":\"https:\\\/\\\/evangelische-beratung.com\\\/fr\\\/wp-content\\\/uploads\\\/sites\\\/5\\\/2019\\\/10\\\/erv-logo.png\",\"width\":1127,\"height\":595,\"caption\":\"Evangelischer Regionalverband Frankfurt und Offenbach\"},\"image\":{\"@id\":\"https:\\\/\\\/evangelische-beratung.com\\\/fr\\\/#\\\/schema\\\/logo\\\/image\\\/\"}}]}<\/script>\n<!-- \/ Yoast SEO plugin. -->","yoast_head_json":{"title":"Schulung Sucht & Alter in Frankfurt beim Ev. Regionalverband","description":"Wir schulen Pflegekr\u00e4fte zum Umgang mit riskantem Konsumverhalten bei \u00e4lteren Menschen. Die Schulungen finden im Rahmen des Projekts der Stadt Frankfurt \"Sucht im Alter\" statt.","robots":{"index":"index","follow":"follow","max-snippet":"max-snippet:-1","max-image-preview":"max-image-preview:large","max-video-preview":"max-video-preview:-1"},"canonical":"https:\/\/evangelische-beratung.com\/fr\/sucht\/alkohol\/sucht-und-alter\/","og_locale":"fr_FR","og_type":"article","og_title":"Schulung Sucht & Alter in Frankfurt beim Ev. Regionalverband","og_description":"Wir schulen Pflegekr\u00e4fte zum Umgang mit riskantem Konsumverhalten bei \u00e4lteren Menschen. Die Schulungen finden im Rahmen des Projekts der Stadt Frankfurt \"Sucht im Alter\" statt.","og_url":"https:\/\/evangelische-beratung.com\/fr\/sucht\/alkohol\/sucht-und-alter\/","og_site_name":"Evangelischer Regionalverband","article_modified_time":"2020-03-14T14:58:28+00:00","og_image":[{"url":"https:\/\/evangelische-beratung.com\/fr\/wp-content\/uploads\/sites\/5\/2019\/08\/Suchtberatung-2-ALter_Hero-1024x512.jpg","type":"","width":"","height":""}],"twitter_card":"summary_large_image","twitter_misc":{"Dur\u00e9e de lecture estim\u00e9e":"1 minute"},"schema":{"@context":"https:\/\/schema.org","@graph":[{"@type":"WebPage","@id":"https:\/\/evangelische-beratung.com\/fr\/sucht\/alkohol\/sucht-und-alter\/","url":"https:\/\/evangelische-beratung.com\/fr\/sucht\/alkohol\/sucht-und-alter\/","name":"Schulung Sucht & Alter in Frankfurt beim Ev. Regionalverband","isPartOf":{"@id":"https:\/\/evangelische-beratung.com\/fr\/#website"},"primaryImageOfPage":{"@id":"https:\/\/evangelische-beratung.com\/fr\/sucht\/alkohol\/sucht-und-alter\/#primaryimage"},"image":{"@id":"https:\/\/evangelische-beratung.com\/fr\/sucht\/alkohol\/sucht-und-alter\/#primaryimage"},"thumbnailUrl":"https:\/\/evangelische-beratung.com\/fr\/wp-content\/uploads\/sites\/5\/2019\/08\/Suchtberatung-2-ALter_Hero-1024x512.jpg","datePublished":"2019-08-19T16:41:43+00:00","dateModified":"2020-03-14T14:58:28+00:00","description":"Wir schulen Pflegekr\u00e4fte zum Umgang mit riskantem Konsumverhalten bei \u00e4lteren Menschen. Die Schulungen finden im Rahmen des Projekts der Stadt Frankfurt \"Sucht im Alter\" statt.","breadcrumb":{"@id":"https:\/\/evangelische-beratung.com\/fr\/sucht\/alkohol\/sucht-und-alter\/#breadcrumb"},"inLanguage":"fr-FR","potentialAction":[{"@type":"ReadAction","target":["https:\/\/evangelische-beratung.com\/fr\/sucht\/alkohol\/sucht-und-alter\/"]}]},{"@type":"ImageObject","inLanguage":"fr-FR","@id":"https:\/\/evangelische-beratung.com\/fr\/sucht\/alkohol\/sucht-und-alter\/#primaryimage","url":"https:\/\/evangelische-beratung.com\/fr\/wp-content\/uploads\/sites\/5\/2019\/08\/Suchtberatung-2-ALter_Hero-1024x512.jpg","contentUrl":"https:\/\/evangelische-beratung.com\/fr\/wp-content\/uploads\/sites\/5\/2019\/08\/Suchtberatung-2-ALter_Hero-1024x512.jpg"},{"@type":"BreadcrumbList","@id":"https:\/\/evangelische-beratung.com\/fr\/sucht\/alkohol\/sucht-und-alter\/#breadcrumb","itemListElement":[{"@type":"ListItem","position":1,"name":"Startseite","item":"https:\/\/evangelische-beratung.com\/fr\/"},{"@type":"ListItem","position":2,"name":"Addiction","item":"https:\/\/evangelische-beratung.com\/fr\/sucht\/"},{"@type":"ListItem","position":3,"name":"Alcool","item":"https:\/\/evangelische-beratung.com\/fr\/sucht\/alkohol\/"},{"@type":"ListItem","position":4,"name":"Addiction et \u00e2ge"}]},{"@type":"WebSite","@id":"https:\/\/evangelische-beratung.com\/fr\/#website","url":"https:\/\/evangelische-beratung.com\/fr\/","name":"Evangelischer Regionalverband","description":"","publisher":{"@id":"https:\/\/evangelische-beratung.com\/fr\/#organization"},"potentialAction":[{"@type":"SearchAction","target":{"@type":"EntryPoint","urlTemplate":"https:\/\/evangelische-beratung.com\/fr\/?s={search_term_string}"},"query-input":{"@type":"PropertyValueSpecification","valueRequired":true,"valueName":"search_term_string"}}],"inLanguage":"fr-FR"},{"@type":"Organization","@id":"https:\/\/evangelische-beratung.com\/fr\/#organization","name":"Evangelischer Regionalverband Frankfurt und Offenbach","url":"https:\/\/evangelische-beratung.com\/fr\/","logo":{"@type":"ImageObject","inLanguage":"fr-FR","@id":"https:\/\/evangelische-beratung.com\/fr\/#\/schema\/logo\/image\/","url":"https:\/\/evangelische-beratung.com\/fr\/wp-content\/uploads\/sites\/5\/2019\/10\/erv-logo.png","contentUrl":"https:\/\/evangelische-beratung.com\/fr\/wp-content\/uploads\/sites\/5\/2019\/10\/erv-logo.png","width":1127,"height":595,"caption":"Evangelischer Regionalverband Frankfurt und Offenbach"},"image":{"@id":"https:\/\/evangelische-beratung.com\/fr\/#\/schema\/logo\/image\/"}}]}},"_links":{"self":[{"href":"https:\/\/evangelische-beratung.com\/fr\/wp-json\/wp\/v2\/pages\/430","targetHints":{"allow":["GET"]}}],"collection":[{"href":"https:\/\/evangelische-beratung.com\/fr\/wp-json\/wp\/v2\/pages"}],"about":[{"href":"https:\/\/evangelische-beratung.com\/fr\/wp-json\/wp\/v2\/types\/page"}],"author":[{"embeddable":true,"href":"https:\/\/evangelische-beratung.com\/fr\/wp-json\/wp\/v2\/users\/3"}],"replies":[{"embeddable":true,"href":"https:\/\/evangelische-beratung.com\/fr\/wp-json\/wp\/v2\/comments?post=430"}],"version-history":[{"count":5,"href":"https:\/\/evangelische-beratung.com\/fr\/wp-json\/wp\/v2\/pages\/430\/revisions"}],"predecessor-version":[{"id":1031,"href":"https:\/\/evangelische-beratung.com\/fr\/wp-json\/wp\/v2\/pages\/430\/revisions\/1031"}],"up":[{"embeddable":true,"href":"https:\/\/evangelische-beratung.com\/fr\/wp-json\/wp\/v2\/pages\/237"}],"wp:attachment":[{"href":"https:\/\/evangelische-beratung.com\/fr\/wp-json\/wp\/v2\/media?parent=430"}],"curies":[{"name":"wp","href":"https:\/\/api.w.org\/{rel}","templated":true}]}}