{"id":39,"date":"2019-07-21T22:19:34","date_gmt":"2019-07-21T20:19:34","guid":{"rendered":"https:\/\/evangelische-beratung.com\/fr\/?page_id=39"},"modified":"2026-04-14T09:39:59","modified_gmt":"2026-04-14T07:39:59","slug":"schulden","status":"publish","type":"page","link":"https:\/\/evangelische-beratung.com\/fr\/schulden\/","title":{"rendered":"Dettes"},"content":{"rendered":"\n<p style=\"text-align:center\" class=\"is-style-teaser\">Avez-vous le sentiment que les dettes ont pris le contr\u00f4le de votre vie ? Recourez \u00e0 nos services de conseil. Nous trouverons ensemble un moyen de s\u2019en sortir.<\/p>\n\n\n\n<div class=\"wp-block-columns has-2-columns -right-at-edge is-layout-flow wp-block-columns-is-layout-flow\">\n<div class=\"wp-block-column is-layout-flow wp-block-column-is-layout-flow\">\n<p><\/p>\n\n\n\n<figure class=\"wp-block-image alignwide\"><img loading=\"lazy\" decoding=\"async\" width=\"1024\" height=\"401\" src=\"https:\/\/evangelische-beratung.com\/fr\/wp-content\/uploads\/sites\/5\/2019\/08\/Schuldnerberatung_HERO-1024x401.jpg\" alt=\"\" class=\"wp-image-397\" srcset=\"https:\/\/evangelische-beratung.com\/fr\/wp-content\/uploads\/sites\/5\/2019\/08\/Schuldnerberatung_HERO-1024x401.jpg 1024w, https:\/\/evangelische-beratung.com\/fr\/wp-content\/uploads\/sites\/5\/2019\/08\/Schuldnerberatung_HERO-300x117.jpg 300w, https:\/\/evangelische-beratung.com\/fr\/wp-content\/uploads\/sites\/5\/2019\/08\/Schuldnerberatung_HERO-768x301.jpg 768w, https:\/\/evangelische-beratung.com\/fr\/wp-content\/uploads\/sites\/5\/2019\/08\/Schuldnerberatung_HERO.jpg 1840w\" sizes=\"auto, 100vw\" \/><figcaption><br><\/figcaption><\/figure>\n<\/div>\n\n\n\n<div class=\"wp-block-column is-layout-flow wp-block-column-is-layout-flow\"><\/div>\n<\/div>\n\n\n\n<h2 class=\"wp-block-heading\"><strong>Aide et soutien pendant la p\u00e9riode du coronavirus \u2013 Nous\nsommes l\u00e0 pour vous&nbsp;!<\/strong><\/h2>\n\n\n\n<p>Les restrictions actuelles\nvisant \u00e0 \u00e9radiquer le coronavirus et l\u2019ins\u00e9curit\u00e9 qu\u2019elles entra\u00eenent placent\nbeaucoup de gens devant de gros d\u00e9fis. Nous ne vous laissons pas seul (e) en\ncette p\u00e9riode difficile.<\/p>\n\n\n\n<h4 class=\"wp-block-heading\"><strong>Nous sommes l\u00e0 pour vous<\/strong><\/h4>\n\n\n\n<ul class=\"wp-block-list\"><li>en cas\nd\u2019urgence et en situations de crise<\/li><li>avec un <strong>soutien confidentiel et gratuit<\/strong> au\nt\u00e9l\u00e9phone et dans un portail en ligne prot\u00e9g\u00e9<\/li><li>\u00e9galement\npersonnellement dans les cas individuels particuliers<\/li><li>le plus\nrapidement possible en cas de crises aigu\u00ebs<\/li><\/ul>\n\n\n\n<h4 class=\"wp-block-heading\"><strong>Voici comment nous joindre<\/strong><\/h4>\n\n\n\n<p><strong>Mo, Di, Mi und Fr, von 9 \u2013 12 Uhr sowie Mo, Di und Do von 13 \u2013 16 Uhr<br>Telefon:  069 \/ 829 770 40   <br>Email: &#x73;&#99;h&#x75;&#x6c;&#100;n&#x65;&#x72;&#98;e&#x72;&#97;t&#x75;&#x6e;&#103;&#64;&#x6f;&#x66;&#102;e&#x6e;&#98;&#97;&#x63;&#x68;&#45;e&#x76;&#x61;&#110;g&#x65;&#108;&#105;s&#x63;&#104;&#46;&#x64;&#x65;  <\/strong><\/p>\n\n\n\n<h4 class=\"wp-block-heading\">Connaissez-vous bien les probl\u00e8mes suivants ?<\/h4>\n\n\n\n<ul class=\"wp-block-list\"><li>Vous \u00eates sorti de la route ?<\/li><li>La seule correspondance que vous recevez consiste en factures, relances ou annonces d\u2019ex\u00e9cution forc\u00e9e ?<\/li><li>Votre compte de salaire a \u00e9t\u00e9 saisi, et vous ne pouvez plus retirer d\u2019argent ?<\/li><li> Vous n\u2019avez jamais assez d\u2019argent ?<\/li><\/ul>\n\n\n\n<h4 class=\"wp-block-heading\">Vous aimeriez changer tout \u00e7a maintenant ?<\/h4>\n\n\n\n<p>Nous pouvons vous aider<\/p>\n\n\n\n<ul class=\"wp-block-list\"><li>\u00e0 surmonter les crises aig\u00fces <\/li><li>\u00e0 obtenir un aper\u00e7u g\u00e9n\u00e9ral de votre situation <\/li><li>\u00e0 n\u00e9gocier confidentiellement avec vos cr\u00e9anciers<\/li><li>dans les questions concernant un compte prot\u00e9g\u00e9 contre les saisies et augmenter le montant prot\u00e9g\u00e9 contre les saisies<\/li><li>\u00e0 reprendre le contr\u00f4le de votre dette ave et sans proc\u00e9dure d\u2019insolvabilit\u00e9.<\/li><\/ul>\n\n\n\n<p> Nous sommes reconnus comme un&nbsp;<strong>service de conseil en endettement\/insolvabilit\u00e9<\/strong>&nbsp;(en conformit\u00e9 avec le \u00a7305 du code allemand de l\u2019insolvabilit\u00e9 \u00e0 Offenbach.<\/p>\n\n\n\n<p><strong>Vous vivez \u00e0 Offenbach ? Passez nous voir !<\/strong><\/p>\n\n\n\n<div class=\"wp-block-erv-container -has-background\">\n<div class=\"wp-block-columns alignwide has-2-columns is-layout-flex wp-container-core-columns-is-layout-9d6595d7 wp-block-columns-is-layout-flex\">\n<div class=\"wp-block-column is-layout-flow wp-block-column-is-layout-flow\">\n<h2 class=\"wp-block-heading\">Evangelisches Zentrum f\u00fcr <br>Beratung in Offenbach<\/h2>\n\n\n\n<p class=\"is-style-teaser phone\">069 \/ 829 770 40  <\/p>\n\n\n\n<p class=\"is-style-default\">Arthur Zitscher Stra\u00dfe 13<br>63065 Offenbach<\/p>\n\n\n\n<p class=\"white-space-pre-wrap is-style-micro\">Heures de consultations :<br>Les lundis 15h00 \u2013 17h30<br>Les mercredis 09h00 \u2013 11h30<br>Les vendredis 09h00 \u2013 11h30 <\/p>\n\n\n\n<p><\/p>\n<\/div>\n\n\n\n<div class=\"wp-block-column is-layout-flow wp-block-column-is-layout-flow\">\n<figure class=\"wp-block-image\"><img loading=\"lazy\" decoding=\"async\" width=\"1024\" height=\"684\" src=\"https:\/\/evangelische-beratung.com\/fr\/wp-content\/uploads\/sites\/5\/2019\/08\/Zentrum-Offenbach-1-1024x684.jpg\" alt=\"\" class=\"wp-image-398\" srcset=\"https:\/\/evangelische-beratung.com\/fr\/wp-content\/uploads\/sites\/5\/2019\/08\/Zentrum-Offenbach-1-1024x684.jpg 1024w, https:\/\/evangelische-beratung.com\/fr\/wp-content\/uploads\/sites\/5\/2019\/08\/Zentrum-Offenbach-1-300x200.jpg 300w, https:\/\/evangelische-beratung.com\/fr\/wp-content\/uploads\/sites\/5\/2019\/08\/Zentrum-Offenbach-1-768x513.jpg 768w, https:\/\/evangelische-beratung.com\/fr\/wp-content\/uploads\/sites\/5\/2019\/08\/Zentrum-Offenbach-1-720x480.jpg 720w, https:\/\/evangelische-beratung.com\/fr\/wp-content\/uploads\/sites\/5\/2019\/08\/Zentrum-Offenbach-1.jpg 2048w\" sizes=\"auto, 100vw\" \/><\/figure>\n<\/div>\n<\/div>\n\n\n\n<p style=\"text-align:center\" class=\"is-style-roof-line\"><strong>Vos interlocuteurs \u00e0 l\u2019Evangelisches Zentrum f\u00fcr Beratung in Offenbach<\/strong><\/p>\n\n\n\n<div class=\"wp-block-columns alignwide has-3-columns is-layout-flex wp-container-core-columns-is-layout-9d6595d7 wp-block-columns-is-layout-flex\">\n<div class=\"wp-block-column is-layout-flow wp-block-column-is-layout-flow\">\n<div class=\"wp-block-erv-id-card\"><div class=\"id-card-content\"><figure class=\"id-card-photo\"><img decoding=\"async\" src=\"https:\/\/evangelische-beratung.com\/wp-content\/uploads\/2019\/08\/ernst-bruenner_schuldnerberatung-e1576419080456-300x290.jpg\" \/><\/figure><div class=\"id-card-details\"><p class=\"id-card-name\">Ernst Br\u00fcnner<\/p><p class=\"id-card-job\">Beratung<\/p><p class=\"id-card-location\">Offenbach<\/p><p class=\"id-card-phone\">069 \/ 82 97 70 99<\/p><p class=\"id-card-email\"><a href=\"&#x6d;&#97;i&#x6c;&#x74;&#111;:&#x73;&#x63;&#104;u&#x6c;&#x64;&#110;e&#x72;&#x62;&#101;r&#x61;&#116;&#117;n&#x67;&#64;o&#x66;&#x66;&#101;n&#x62;&#x61;&#99;h&#x2d;&#x65;&#118;a&#x6e;&#x67;&#101;l&#x69;&#x73;&#99;h&#x2e;&#100;&#101;\">E-Mail<\/a><\/p><\/div><\/div><\/div>\n\n\n\n<div class=\"wp-block-erv-id-card\"><div class=\"id-card-content\"><figure class=\"id-card-photo\"><img decoding=\"async\" src=\"https:\/\/evangelische-beratung.com\/wp-content\/uploads\/2019\/08\/Michael-Franke_Leitung-Offenbach-300x200.jpg\" \/><\/figure><div class=\"id-card-details\"><p class=\"id-card-name\">Michael Franke<\/p><p class=\"id-card-job\">Leitung<\/p><p class=\"id-card-location\">Offenbach<\/p><p class=\"id-card-phone\">069 \/ 82 97 70 99<\/p><p class=\"id-card-email\"><a href=\"&#109;&#97;&#x69;l&#116;&#x6f;&#x3a;s&#99;&#x68;&#x75;l&#100;&#x6e;e&#114;&#x62;&#x65;r&#97;&#x74;&#x75;n&#103;&#x40;o&#102;&#x66;&#x65;n&#98;&#x61;&#x63;h&#45;&#x65;&#x76;&#97;&#110;&#x67;e&#108;&#x69;&#x73;c&#104;&#x2e;&#x64;e\">E-Mail<\/a><\/p><\/div><\/div><\/div>\n<\/div>\n\n\n\n<div class=\"wp-block-column is-layout-flow wp-block-column-is-layout-flow\">\n<div class=\"wp-block-erv-id-card\"><div class=\"id-card-content\"><figure class=\"id-card-photo\"><img decoding=\"async\" src=\"https:\/\/evangelische-beratung.com\/wp-content\/uploads\/2020\/01\/portrait_platzhalter-1-300x300.jpg\" \/><\/figure><div class=\"id-card-details\"><p class=\"id-card-name\">Julia Gesell<\/p><p class=\"id-card-job\">Beratung<\/p><p class=\"id-card-location\">Offenbach<\/p><p class=\"id-card-phone\">069 \/ 82 97 70 99<\/p><p class=\"id-card-email\"><a href=\"&#109;&#x61;i&#x6c;&#x74;&#111;&#x3a;s&#x63;&#x68;&#117;&#x6c;d&#x6e;&#x65;&#114;&#x62;e&#x72;&#x61;&#116;&#x75;n&#x67;&#x40;&#111;&#x66;f&#x65;&#x6e;&#98;&#x61;c&#x68;&#x2d;&#101;&#x76;a&#x6e;&#x67;&#101;&#x6c;i&#x73;&#x63;&#104;&#x2e;d&#x65;\">E-Mail<\/a><\/p><\/div><\/div><\/div>\n\n\n\n<div class=\"wp-block-erv-id-card\"><div class=\"id-card-content\"><figure class=\"id-card-photo\"><img decoding=\"async\" src=\"https:\/\/evangelische-beratung.com\/wp-content\/uploads\/2020\/01\/portrait_platzhalter-1-300x300.jpg\" \/><\/figure><div class=\"id-card-details\"><p class=\"id-card-name\">Ute F\u00f6hre<\/p><p class=\"id-card-job\">Verwaltung<\/p><p class=\"id-card-location\">Offenbach<\/p><p class=\"id-card-phone\">069 \/ 82 97 70 40<\/p><p class=\"id-card-email\"><a href=\"&#x6d;&#x61;&#105;l&#x74;&#x6f;&#58;&#109;i&#x67;&#x72;&#97;&#116;i&#x6f;&#x6e;&#115;be&#x72;&#x61;&#116;n&#x67;&#x40;&#111;&#102;f&#x65;&#x6e;&#98;&#97;c&#x68;&#x2d;&#101;va&#x6e;&#x67;&#101;l&#x69;&#x73;&#99;&#104;&#46;&#x64;&#x65;\">E-Mail<\/a><\/p><\/div><\/div><\/div>\n<\/div>\n\n\n\n<div class=\"wp-block-column is-layout-flow wp-block-column-is-layout-flow\">\n<div class=\"wp-block-erv-id-card\"><div class=\"id-card-content\"><figure class=\"id-card-photo\"><img decoding=\"async\" src=\"https:\/\/evangelische-beratung.com\/fr\/wp-content\/uploads\/sites\/5\/2019\/08\/Brigitte-Ernst_Verwaltung-Offenbach-e1566396754446-300x270.jpg\" \/><\/figure><div class=\"id-card-details\"><p class=\"id-card-name\">Brigitte Ernst<\/p><p class=\"id-card-job\">Verwaltung<\/p><p class=\"id-card-location\">Offenbach<\/p><p class=\"id-card-phone\">069 \/ 82 97 70 40<\/p><p class=\"id-card-email\"><a href=\"&#109;&#x61;i&#108;&#x74;&#111;&#x3a;s&#99;&#x68;u&#x6c;&#x64;&#110;&#x65;r&#98;&#x65;r&#x61;&#x74;&#117;&#x6e;g&#64;&#x6f;&#102;&#x66;e&#110;&#x62;a&#99;&#x68;&#45;&#x65;v&#97;&#x6e;g&#x65;&#x6c;&#105;&#x73;c&#104;&#x2e;d&#x65;\">E-Mail<\/a><\/p><\/div><\/div><\/div>\n\n\n\n<p><\/p>\n\n\n\n<div class=\"wp-block-erv-id-card\"><div class=\"id-card-content\"><figure class=\"id-card-photo\"><img decoding=\"async\" src=\"https:\/\/evangelische-beratung.com\/wp-content\/uploads\/2019\/08\/David-Mayer_Schuldner-und-Sozialberatung-Offenbach-e1576433217422-300x253.jpg\" \/><\/figure><div class=\"id-card-details\"><p class=\"id-card-name\">David Mayer<\/p><p class=\"id-card-job\">Beratung<\/p><p class=\"id-card-location\">Offenbach<\/p><p class=\"id-card-phone\">069 \/ 82 97 70 99<\/p><p class=\"id-card-email\"><a href=\"m&#97;&#105;&#x6c;&#x74;&#x6f;:b&#101;&#114;&#x61;&#x74;&#x75;n&#103;&#115;&#122;&#x65;&#x6e;&#x74;r&#117;&#109;&#x40;&#x6f;&#x66;fe&#110;&#98;&#x61;&#x63;&#x68;-&#101;&#118;&#97;&#x6e;&#x67;&#x65;l&#105;&#115;&#x63;&#x68;&#x2e;de\">E-Mail<\/a><\/p><\/div><\/div><\/div>\n<\/div>\n<\/div>\n\n\n\n<p style=\"text-align:center\"><\/p>\n\n\n\n<p>Les conseils sont fournis ind\u00e9pendamment de vos convictions religieuses et de votre nationalit\u00e9.<br>Nous fournissons nos conseils en toute ind\u00e9pendance, confidentiellement et gratuitement. <\/p>\n<\/div>\n\n\n\n<div class=\"wp-block-columns alignwide has-3-columns is-layout-flex wp-container-core-columns-is-layout-9d6595d7 wp-block-columns-is-layout-flex\">\n<div class=\"wp-block-column is-layout-flow wp-block-column-is-layout-flow\">\n<p><strong>Vous vivez \u00e0 Francfort ?<br><strong>Alors allez consulter \u00e0 :<\/strong><\/strong><\/p>\n\n\n<div class=\"wp-block-erv-tile \">\n\t\t\t<div>\n\t\t\t<a href=\"https:\/\/www.frankfurt.de\/sixcms\/detail.php?id=1756249&amp;_ffmpar[_id_inhalt]=1756256\" tabindex=\"-1\" aria-hidden=\"true\"  target=\"_blank\"><\/a>\n\t\t\t<h2 class=\"tile-title\"><a href=\"https:\/\/www.frankfurt.de\/sixcms\/detail.php?id=1756249&amp;_ffmpar[_id_inhalt]=1756256\"  target=\"_blank\">Schuldner- und Insolvenzberatungsstellen<\/a><\/h2>\n\t\t\t\n\t\t\t<p aria-hidden=\"true\" class=\"-is-micro\">Go to website<svg xmlns=\"http:\/\/www.w3.org\/2000\/svg\" viewBox=\"0 0 13 10\"><path d=\"M1.5 5H12M8 1l4 4-4 4\" fill=\"none\" stroke=\"#a22a45\" stroke-width=\"1.2\" stroke-linecap=\"round\" stroke-linejoin=\"round\"\/><\/svg><\/p>\n\t\t\t<\/div>\n\t\t<\/div><\/div>\n\n\n\n<div class=\"wp-block-column is-layout-flow wp-block-column-is-layout-flow\">\n<p><strong>Conseil en endettement sur d\u2019autres sites : <\/strong><\/p>\n\n\n<div class=\"wp-block-erv-tile \">\n\t\t\t<div>\n\t\t\t<a href=\"http:\/\/www.f-sb.de\" tabindex=\"-1\" aria-hidden=\"true\"  target=\"_blank\"><\/a>\n\t\t\t<h2 class=\"tile-title\"><a href=\"http:\/\/www.f-sb.de\"  target=\"_blank\">Forum Schuldnerberatung<\/a><\/h2>\n\t\t\t\n\t\t\t<p aria-hidden=\"true\" class=\"-is-micro\">Go to website<svg xmlns=\"http:\/\/www.w3.org\/2000\/svg\" viewBox=\"0 0 13 10\"><path d=\"M1.5 5H12M8 1l4 4-4 4\" fill=\"none\" stroke=\"#a22a45\" stroke-width=\"1.2\" stroke-linecap=\"round\" stroke-linejoin=\"round\"\/><\/svg><\/p>\n\t\t\t<\/div>\n\t\t<\/div><\/div>\n\n\n\n<div class=\"wp-block-column is-layout-flow wp-block-column-is-layout-flow\">\n<p><strong>Pour une information initiale, veuillez consulter :<\/strong><\/p>\n\n\n<div class=\"wp-block-erv-tile \">\n\t\t\t<div>\n\t\t\t<a href=\"https:\/\/www.schuldnerberatung-hessen.de\/informationsblaetter\" tabindex=\"-1\" aria-hidden=\"true\"  target=\"_blank\"><\/a>\n\t\t\t<h2 class=\"tile-title\"><a href=\"https:\/\/www.schuldnerberatung-hessen.de\/informationsblaetter\"  target=\"_blank\">Schuldnerberatung Hessen<\/a><\/h2>\n\t\t\t\n\t\t\t<p aria-hidden=\"true\" class=\"-is-micro\">Go to website<svg xmlns=\"http:\/\/www.w3.org\/2000\/svg\" viewBox=\"0 0 13 10\"><path d=\"M1.5 5H12M8 1l4 4-4 4\" fill=\"none\" stroke=\"#a22a45\" stroke-width=\"1.2\" stroke-linecap=\"round\" stroke-linejoin=\"round\"\/><\/svg><\/p>\n\t\t\t<\/div>\n\t\t<\/div><\/div>\n<\/div>\n","protected":false},"excerpt":{"rendered":"<p>Avez-vous le sentiment que les dettes ont pris le contr\u00f4le de votre vie ? Recourez \u00e0 nos services de conseil. Nous trouverons ensemble un moyen de s\u2019en sortir. Aide et soutien pendant la p\u00e9riode du coronavirus \u2013 Nous sommes l\u00e0 pour vous&nbsp;! Les restrictions actuelles visant \u00e0 \u00e9radiquer le coronavirus et l\u2019ins\u00e9curit\u00e9 qu\u2019elles entra\u00eenent placent [&hellip;]<\/p>\n","protected":false},"author":36,"featured_media":397,"parent":0,"menu_order":0,"comment_status":"closed","ping_status":"closed","template":"","meta":{"footnotes":""},"class_list":["post-39","page","type-page","status-publish","has-post-thumbnail","hentry"],"yoast_head":"<!-- This site is optimized with the Yoast SEO plugin v27.4 - https:\/\/yoast.com\/product\/yoast-seo-wordpress\/ -->\n<title>Schuldenberatung in Offenbach. Vertraulich, kostenlos, unabh\u00e4ngig<\/title>\n<meta name=\"description\" content=\"Wir helfen Ihnen. Nutzen Sie unser Beratungsangebote. Zusammen finden wir einen Ausweg. Nehmen Sie gleich Kontakt zu uns auf.\" \/>\n<meta name=\"robots\" content=\"index, follow, max-snippet:-1, max-image-preview:large, max-video-preview:-1\" \/>\n<link rel=\"canonical\" href=\"https:\/\/evangelische-beratung.com\/fr\/schulden\/\" \/>\n<meta property=\"og:locale\" content=\"fr_FR\" \/>\n<meta property=\"og:type\" content=\"article\" \/>\n<meta property=\"og:title\" content=\"Schuldenberatung in Offenbach. Vertraulich, kostenlos, unabh\u00e4ngig\" \/>\n<meta property=\"og:description\" content=\"Wir helfen Ihnen. Nutzen Sie unser Beratungsangebote. Zusammen finden wir einen Ausweg. Nehmen Sie gleich Kontakt zu uns auf.\" \/>\n<meta property=\"og:url\" content=\"https:\/\/evangelische-beratung.com\/fr\/schulden\/\" \/>\n<meta property=\"og:site_name\" content=\"Evangelischer Regionalverband\" \/>\n<meta property=\"article:modified_time\" content=\"2026-04-14T07:39:59+00:00\" \/>\n<meta property=\"og:image\" content=\"https:\/\/evangelische-beratung.com\/fr\/wp-content\/uploads\/sites\/5\/2019\/08\/Schuldnerberatung_HERO.jpg\" \/>\n\t<meta property=\"og:image:width\" content=\"1840\" \/>\n\t<meta property=\"og:image:height\" content=\"720\" \/>\n\t<meta property=\"og:image:type\" content=\"image\/jpeg\" \/>\n<meta name=\"twitter:card\" content=\"summary_large_image\" \/>\n<meta name=\"twitter:label1\" content=\"Dur\u00e9e de lecture estim\u00e9e\" \/>\n\t<meta name=\"twitter:data1\" content=\"2 minutes\" \/>\n<script type=\"application\/ld+json\" class=\"yoast-schema-graph\">{\"@context\":\"https:\\\/\\\/schema.org\",\"@graph\":[{\"@type\":\"WebPage\",\"@id\":\"https:\\\/\\\/evangelische-beratung.com\\\/fr\\\/schulden\\\/\",\"url\":\"https:\\\/\\\/evangelische-beratung.com\\\/fr\\\/schulden\\\/\",\"name\":\"Schuldenberatung in Offenbach. Vertraulich, kostenlos, unabh\u00e4ngig\",\"isPartOf\":{\"@id\":\"https:\\\/\\\/evangelische-beratung.com\\\/fr\\\/#website\"},\"primaryImageOfPage\":{\"@id\":\"https:\\\/\\\/evangelische-beratung.com\\\/fr\\\/schulden\\\/#primaryimage\"},\"image\":{\"@id\":\"https:\\\/\\\/evangelische-beratung.com\\\/fr\\\/schulden\\\/#primaryimage\"},\"thumbnailUrl\":\"https:\\\/\\\/evangelische-beratung.com\\\/fr\\\/wp-content\\\/uploads\\\/sites\\\/5\\\/2019\\\/08\\\/Schuldnerberatung_HERO.jpg\",\"datePublished\":\"2019-07-21T20:19:34+00:00\",\"dateModified\":\"2026-04-14T07:39:59+00:00\",\"description\":\"Wir helfen Ihnen. Nutzen Sie unser Beratungsangebote. Zusammen finden wir einen Ausweg. Nehmen Sie gleich Kontakt zu uns auf.\",\"breadcrumb\":{\"@id\":\"https:\\\/\\\/evangelische-beratung.com\\\/fr\\\/schulden\\\/#breadcrumb\"},\"inLanguage\":\"fr-FR\",\"potentialAction\":[{\"@type\":\"ReadAction\",\"target\":[\"https:\\\/\\\/evangelische-beratung.com\\\/fr\\\/schulden\\\/\"]}]},{\"@type\":\"ImageObject\",\"inLanguage\":\"fr-FR\",\"@id\":\"https:\\\/\\\/evangelische-beratung.com\\\/fr\\\/schulden\\\/#primaryimage\",\"url\":\"https:\\\/\\\/evangelische-beratung.com\\\/fr\\\/wp-content\\\/uploads\\\/sites\\\/5\\\/2019\\\/08\\\/Schuldnerberatung_HERO.jpg\",\"contentUrl\":\"https:\\\/\\\/evangelische-beratung.com\\\/fr\\\/wp-content\\\/uploads\\\/sites\\\/5\\\/2019\\\/08\\\/Schuldnerberatung_HERO.jpg\",\"width\":1840,\"height\":720},{\"@type\":\"BreadcrumbList\",\"@id\":\"https:\\\/\\\/evangelische-beratung.com\\\/fr\\\/schulden\\\/#breadcrumb\",\"itemListElement\":[{\"@type\":\"ListItem\",\"position\":1,\"name\":\"Startseite\",\"item\":\"https:\\\/\\\/evangelische-beratung.com\\\/fr\\\/\"},{\"@type\":\"ListItem\",\"position\":2,\"name\":\"Dettes\"}]},{\"@type\":\"WebSite\",\"@id\":\"https:\\\/\\\/evangelische-beratung.com\\\/fr\\\/#website\",\"url\":\"https:\\\/\\\/evangelische-beratung.com\\\/fr\\\/\",\"name\":\"Evangelischer Regionalverband\",\"description\":\"\",\"publisher\":{\"@id\":\"https:\\\/\\\/evangelische-beratung.com\\\/fr\\\/#organization\"},\"potentialAction\":[{\"@type\":\"SearchAction\",\"target\":{\"@type\":\"EntryPoint\",\"urlTemplate\":\"https:\\\/\\\/evangelische-beratung.com\\\/fr\\\/?s={search_term_string}\"},\"query-input\":{\"@type\":\"PropertyValueSpecification\",\"valueRequired\":true,\"valueName\":\"search_term_string\"}}],\"inLanguage\":\"fr-FR\"},{\"@type\":\"Organization\",\"@id\":\"https:\\\/\\\/evangelische-beratung.com\\\/fr\\\/#organization\",\"name\":\"Evangelischer Regionalverband Frankfurt und Offenbach\",\"url\":\"https:\\\/\\\/evangelische-beratung.com\\\/fr\\\/\",\"logo\":{\"@type\":\"ImageObject\",\"inLanguage\":\"fr-FR\",\"@id\":\"https:\\\/\\\/evangelische-beratung.com\\\/fr\\\/#\\\/schema\\\/logo\\\/image\\\/\",\"url\":\"https:\\\/\\\/evangelische-beratung.com\\\/fr\\\/wp-content\\\/uploads\\\/sites\\\/5\\\/2019\\\/10\\\/erv-logo.png\",\"contentUrl\":\"https:\\\/\\\/evangelische-beratung.com\\\/fr\\\/wp-content\\\/uploads\\\/sites\\\/5\\\/2019\\\/10\\\/erv-logo.png\",\"width\":1127,\"height\":595,\"caption\":\"Evangelischer Regionalverband Frankfurt und Offenbach\"},\"image\":{\"@id\":\"https:\\\/\\\/evangelische-beratung.com\\\/fr\\\/#\\\/schema\\\/logo\\\/image\\\/\"}}]}<\/script>\n<!-- \/ Yoast SEO plugin. -->","yoast_head_json":{"title":"Schuldenberatung in Offenbach. Vertraulich, kostenlos, unabh\u00e4ngig","description":"Wir helfen Ihnen. Nutzen Sie unser Beratungsangebote. Zusammen finden wir einen Ausweg. Nehmen Sie gleich Kontakt zu uns auf.","robots":{"index":"index","follow":"follow","max-snippet":"max-snippet:-1","max-image-preview":"max-image-preview:large","max-video-preview":"max-video-preview:-1"},"canonical":"https:\/\/evangelische-beratung.com\/fr\/schulden\/","og_locale":"fr_FR","og_type":"article","og_title":"Schuldenberatung in Offenbach. Vertraulich, kostenlos, unabh\u00e4ngig","og_description":"Wir helfen Ihnen. Nutzen Sie unser Beratungsangebote. Zusammen finden wir einen Ausweg. Nehmen Sie gleich Kontakt zu uns auf.","og_url":"https:\/\/evangelische-beratung.com\/fr\/schulden\/","og_site_name":"Evangelischer Regionalverband","article_modified_time":"2026-04-14T07:39:59+00:00","og_image":[{"width":1840,"height":720,"url":"https:\/\/evangelische-beratung.com\/fr\/wp-content\/uploads\/sites\/5\/2019\/08\/Schuldnerberatung_HERO.jpg","type":"image\/jpeg"}],"twitter_card":"summary_large_image","twitter_misc":{"Dur\u00e9e de lecture estim\u00e9e":"2 minutes"},"schema":{"@context":"https:\/\/schema.org","@graph":[{"@type":"WebPage","@id":"https:\/\/evangelische-beratung.com\/fr\/schulden\/","url":"https:\/\/evangelische-beratung.com\/fr\/schulden\/","name":"Schuldenberatung in Offenbach. Vertraulich, kostenlos, unabh\u00e4ngig","isPartOf":{"@id":"https:\/\/evangelische-beratung.com\/fr\/#website"},"primaryImageOfPage":{"@id":"https:\/\/evangelische-beratung.com\/fr\/schulden\/#primaryimage"},"image":{"@id":"https:\/\/evangelische-beratung.com\/fr\/schulden\/#primaryimage"},"thumbnailUrl":"https:\/\/evangelische-beratung.com\/fr\/wp-content\/uploads\/sites\/5\/2019\/08\/Schuldnerberatung_HERO.jpg","datePublished":"2019-07-21T20:19:34+00:00","dateModified":"2026-04-14T07:39:59+00:00","description":"Wir helfen Ihnen. Nutzen Sie unser Beratungsangebote. Zusammen finden wir einen Ausweg. Nehmen Sie gleich Kontakt zu uns auf.","breadcrumb":{"@id":"https:\/\/evangelische-beratung.com\/fr\/schulden\/#breadcrumb"},"inLanguage":"fr-FR","potentialAction":[{"@type":"ReadAction","target":["https:\/\/evangelische-beratung.com\/fr\/schulden\/"]}]},{"@type":"ImageObject","inLanguage":"fr-FR","@id":"https:\/\/evangelische-beratung.com\/fr\/schulden\/#primaryimage","url":"https:\/\/evangelische-beratung.com\/fr\/wp-content\/uploads\/sites\/5\/2019\/08\/Schuldnerberatung_HERO.jpg","contentUrl":"https:\/\/evangelische-beratung.com\/fr\/wp-content\/uploads\/sites\/5\/2019\/08\/Schuldnerberatung_HERO.jpg","width":1840,"height":720},{"@type":"BreadcrumbList","@id":"https:\/\/evangelische-beratung.com\/fr\/schulden\/#breadcrumb","itemListElement":[{"@type":"ListItem","position":1,"name":"Startseite","item":"https:\/\/evangelische-beratung.com\/fr\/"},{"@type":"ListItem","position":2,"name":"Dettes"}]},{"@type":"WebSite","@id":"https:\/\/evangelische-beratung.com\/fr\/#website","url":"https:\/\/evangelische-beratung.com\/fr\/","name":"Evangelischer Regionalverband","description":"","publisher":{"@id":"https:\/\/evangelische-beratung.com\/fr\/#organization"},"potentialAction":[{"@type":"SearchAction","target":{"@type":"EntryPoint","urlTemplate":"https:\/\/evangelische-beratung.com\/fr\/?s={search_term_string}"},"query-input":{"@type":"PropertyValueSpecification","valueRequired":true,"valueName":"search_term_string"}}],"inLanguage":"fr-FR"},{"@type":"Organization","@id":"https:\/\/evangelische-beratung.com\/fr\/#organization","name":"Evangelischer Regionalverband Frankfurt und Offenbach","url":"https:\/\/evangelische-beratung.com\/fr\/","logo":{"@type":"ImageObject","inLanguage":"fr-FR","@id":"https:\/\/evangelische-beratung.com\/fr\/#\/schema\/logo\/image\/","url":"https:\/\/evangelische-beratung.com\/fr\/wp-content\/uploads\/sites\/5\/2019\/10\/erv-logo.png","contentUrl":"https:\/\/evangelische-beratung.com\/fr\/wp-content\/uploads\/sites\/5\/2019\/10\/erv-logo.png","width":1127,"height":595,"caption":"Evangelischer Regionalverband Frankfurt und Offenbach"},"image":{"@id":"https:\/\/evangelische-beratung.com\/fr\/#\/schema\/logo\/image\/"}}]}},"_links":{"self":[{"href":"https:\/\/evangelische-beratung.com\/fr\/wp-json\/wp\/v2\/pages\/39","targetHints":{"allow":["GET"]}}],"collection":[{"href":"https:\/\/evangelische-beratung.com\/fr\/wp-json\/wp\/v2\/pages"}],"about":[{"href":"https:\/\/evangelische-beratung.com\/fr\/wp-json\/wp\/v2\/types\/page"}],"author":[{"embeddable":true,"href":"https:\/\/evangelische-beratung.com\/fr\/wp-json\/wp\/v2\/users\/36"}],"replies":[{"embeddable":true,"href":"https:\/\/evangelische-beratung.com\/fr\/wp-json\/wp\/v2\/comments?post=39"}],"version-history":[{"count":5,"href":"https:\/\/evangelische-beratung.com\/fr\/wp-json\/wp\/v2\/pages\/39\/revisions"}],"predecessor-version":[{"id":1740,"href":"https:\/\/evangelische-beratung.com\/fr\/wp-json\/wp\/v2\/pages\/39\/revisions\/1740"}],"wp:featuredmedia":[{"embeddable":true,"href":"https:\/\/evangelische-beratung.com\/fr\/wp-json\/wp\/v2\/media\/397"}],"wp:attachment":[{"href":"https:\/\/evangelische-beratung.com\/fr\/wp-json\/wp\/v2\/media?parent=39"}],"curies":[{"name":"wp","href":"https:\/\/api.w.org\/{rel}","templated":true}]}}