{"id":385,"date":"2019-08-19T14:39:05","date_gmt":"2019-08-19T12:39:05","guid":{"rendered":"https:\/\/evangelische-beratung.com\/fr\/?page_id=385"},"modified":"2020-03-15T16:14:06","modified_gmt":"2020-03-15T15:14:06","slug":"therapieangebote","status":"publish","type":"page","link":"https:\/\/evangelische-beratung.com\/fr\/sucht\/medikatmente\/therapieangebote\/","title":{"rendered":"Offres de th\u00e9rapie sur la d\u00e9pendance aux m\u00e9dicaments"},"content":{"rendered":"\n<p class=\"is-style-teaser\">Nous fournissons des conseils sur toutes les questions concernant l&rsquo;addiction aux m\u00e9dicaments prescrits et aux formes de th\u00e9rapie adapt\u00e9es.<\/p>\n\n\n\n<p>Il n&rsquo;existe pas deux addictions identiques. L&rsquo;addiction aux m\u00e9dicaments prescrits peut \u00eatre trait\u00e9e \u00e0 travers diff\u00e9rentes formes de th\u00e9rapie. Nous faisons r\u00e9f\u00e9rence au traitement de l&rsquo;addiction physique comme \u00e0 la th\u00e9rapie de d\u00e9sintoxication, et au traitement de l&rsquo;addiction psychologique comme les th\u00e9rapies de d\u00e9sintoxication. <\/p>\n\n\n\n<p>Vous pouvez suivre une th\u00e9rapie de d\u00e9sintoxication \u00e0 notre centre de soutien contre l&rsquo;addiction. Si vous avez men\u00e9 \u00e0 bien une th\u00e9rapie de d\u00e9sintoxication stationnaire, vous pouvez \u00e9galement b\u00e9n\u00e9ficier d&rsquo;une th\u00e9rapie compl\u00e9mentaire de notre part (th\u00e9rapie de d\u00e9sintoxication ou suivi ambulatoire).<\/p>\n\n\n\n<p>Il existe en sus une combinaison de th\u00e9rapie de d\u00e9sintoxication stationnaire et ambulatoire. <\/p>\n\n\n\n<p>Les co\u00fbts d\u2019une th\u00e9rapie de d\u00e9sintoxication sont couverts par votre assurance ou fonds de pension de vieillesse (la situation peut \u00eatre diff\u00e9rente si vous \u00eates couvert par une assurance priv\u00e9e).<\/p>\n\n\n\n<p><strong>Parlez avec nous. Nous accordons des consultations individuelles sur les formes de th\u00e9rapies disponibles. <\/strong><\/p>\n\n\n\n<div style=\"height:30px\" aria-hidden=\"true\" class=\"wp-block-spacer\"><\/div>\n\n\n\n<h3 class=\"wp-block-heading\"><strong>Traitement de l&rsquo;addiction<\/strong><\/h3>\n\n\n\n<figure class=\"wp-block-image\"><img loading=\"lazy\" decoding=\"async\" width=\"713\" height=\"534\" src=\"https:\/\/evangelische-beratung.com\/fr\/wp-content\/uploads\/sites\/5\/2020\/01\/Schaubild-zur-Behandlung-der-Abhaengigkeit.jpg\" alt=\"\" class=\"wp-image-824\" srcset=\"https:\/\/evangelische-beratung.com\/fr\/wp-content\/uploads\/sites\/5\/2020\/01\/Schaubild-zur-Behandlung-der-Abhaengigkeit.jpg 713w, https:\/\/evangelische-beratung.com\/fr\/wp-content\/uploads\/sites\/5\/2020\/01\/Schaubild-zur-Behandlung-der-Abhaengigkeit-300x225.jpg 300w\" sizes=\"auto, (max-width: 713px) 100vw, 713px\" \/><\/figure>\n\n\n\n<p style=\"text-align:center\" class=\"is-style-roof-line\"><strong>Vos interlocuteurs<\/strong><\/p>\n\n\n\n<div class=\"wp-block-columns alignwide has-3-columns is-layout-flex wp-container-core-columns-is-layout-9d6595d7 wp-block-columns-is-layout-flex\">\n<div class=\"wp-block-column is-layout-flow wp-block-column-is-layout-flow\">\n<div class=\"wp-block-erv-id-card\"><div class=\"id-card-content\"><figure class=\"id-card-photo\"><img decoding=\"async\" src=\"https:\/\/evangelische-beratung.com\/wp-content\/uploads\/2019\/08\/Monika-Schiemann_Verwaltung-Suchtberatung-300x200.jpg\" \/><\/figure><div class=\"id-card-details\"><p class=\"id-card-name\">Monika Schiemann<\/p><p class=\"id-card-job\">Sekretariat &amp; Anmeldung<\/p><p class=\"id-card-location\">Frankfurt<\/p><p class=\"id-card-phone\">069 \/ 53 02 302 <\/p><p class=\"id-card-email\"><a href=\"&#109;&#x61;&#105;&#x6c;&#116;&#x6f;&#58;&#x73;&#117;&#x63;&#104;&#x74;&#98;&#x65;&#114;&#x61;&#116;&#x75;&#110;&#x67;&#64;&#x66;&#114;&#x61;&#110;&#x6b;f&#x75;r&#x74;-&#x65;v&#x61;n&#x67;e&#x6c;i&#x73;c&#x68;&#46;&#x64;e\">E-Mail<\/a><\/p><\/div><\/div><\/div>\n<\/div>\n\n\n\n<div class=\"wp-block-column is-layout-flow wp-block-column-is-layout-flow\">\n<div class=\"wp-block-erv-id-card\"><div class=\"id-card-content\"><figure class=\"id-card-photo\"><img decoding=\"async\" src=\"https:\/\/evangelische-beratung.com\/wp-content\/uploads\/2025\/04\/portrait_platzhalter-1-300x300-1.jpg\" \/><\/figure><div class=\"id-card-details\"><p class=\"id-card-name\">N. N. <\/p><p class=\"id-card-job\">Leitung<\/p><p class=\"id-card-location\">Frankfurt<\/p><p class=\"id-card-phone\">069 \/ 53 02 301<\/p><p class=\"id-card-email\"><a href=\"&#109;&#x61;&#x69;l&#116;&#x6f;:&#115;&#x75;c&#104;&#x74;b&#101;&#x72;&#x61;&#116;&#x75;&#x6e;g&#64;&#x66;r&#97;&#x6e;k&#102;&#x75;&#x72;&#116;&#x2d;&#x65;v&#97;&#x6e;g&#101;&#x6c;i&#115;&#x63;h&#46;&#x64;&#x65;\">E-Mail<\/a><\/p><\/div><\/div><\/div>\n<\/div>\n\n\n\n<div class=\"wp-block-column is-layout-flow wp-block-column-is-layout-flow\">\n<div class=\"wp-block-erv-id-card\"><div class=\"id-card-content\"><figure class=\"id-card-photo\"><img decoding=\"async\" src=\"https:\/\/evangelische-beratung.com\/wp-content\/uploads\/2020\/01\/portrait_platzhalter-1-300x300.jpg\"\/><\/figure><div class=\"id-card-details\"><p class=\"id-card-name\">Anzhelina Blum<\/p><p class=\"id-card-job\">Beratung &amp; Therapie<\/p><p class=\"id-card-location\">Frankfurt<\/p><p class=\"id-card-phone\">069 \/ 53 02 303<\/p><p class=\"id-card-email\"><a href=\"&#109;&#x61;i&#108;&#x74;o&#58;&#x61;n&#122;&#x68;e&#108;&#x69;n&#97;&#x2e;b&#108;&#x75;m&#64;&#x66;r&#97;&#x6e;k&#102;&#x75;r&#116;&#x2d;e&#x76;&#x61;n&#x67;&#x65;&#108;&#x69;&#x73;&#99;&#x68;&#x2e;&#100;&#x65;\">E-Mail<\/a><\/p><\/div><\/div><\/div>\n<\/div>\n<\/div>\n\n\n\n<p><\/p>\n","protected":false},"excerpt":{"rendered":"<p>Nous fournissons des conseils sur toutes les questions concernant l&rsquo;addiction aux m\u00e9dicaments prescrits et aux formes de th\u00e9rapie adapt\u00e9es. Il n&rsquo;existe pas deux addictions identiques. L&rsquo;addiction aux m\u00e9dicaments prescrits peut \u00eatre trait\u00e9e \u00e0 travers diff\u00e9rentes formes de th\u00e9rapie. Nous faisons r\u00e9f\u00e9rence au traitement de l&rsquo;addiction physique comme \u00e0 la th\u00e9rapie de d\u00e9sintoxication, et au traitement [&hellip;]<\/p>\n","protected":false},"author":3,"featured_media":0,"parent":253,"menu_order":0,"comment_status":"closed","ping_status":"closed","template":"","meta":{"footnotes":""},"class_list":["post-385","page","type-page","status-publish","hentry"],"yoast_head":"<!-- This site is optimized with the Yoast SEO plugin v27.5 - https:\/\/yoast.com\/product\/yoast-seo-wordpress\/ -->\n<title>Therapieangebote Medikamentenabh\u00e4ngigkeit in Frankfurt beim Ev. Regionalverband<\/title>\n<meta name=\"description\" content=\"Wir beraten Sie in allen Fragen rund um die Mediamentenabh\u00e4ngigkeit und passende Therapieformen. Sprechen Sie mit uns - wir sind gerne f\u00fcr Sie da.\" \/>\n<meta name=\"robots\" content=\"index, follow, max-snippet:-1, max-image-preview:large, max-video-preview:-1\" \/>\n<link rel=\"canonical\" href=\"https:\/\/evangelische-beratung.com\/fr\/sucht\/medikatmente\/therapieangebote\/\" \/>\n<meta property=\"og:locale\" content=\"fr_FR\" \/>\n<meta property=\"og:type\" content=\"article\" \/>\n<meta property=\"og:title\" content=\"Therapieangebote Medikamentenabh\u00e4ngigkeit in Frankfurt beim Ev. Regionalverband\" \/>\n<meta property=\"og:description\" content=\"Wir beraten Sie in allen Fragen rund um die Mediamentenabh\u00e4ngigkeit und passende Therapieformen. Sprechen Sie mit uns - wir sind gerne f\u00fcr Sie da.\" \/>\n<meta property=\"og:url\" content=\"https:\/\/evangelische-beratung.com\/fr\/sucht\/medikatmente\/therapieangebote\/\" \/>\n<meta property=\"og:site_name\" content=\"Evangelischer Regionalverband\" \/>\n<meta property=\"article:modified_time\" content=\"2020-03-15T15:14:06+00:00\" \/>\n<meta property=\"og:image\" content=\"https:\/\/evangelische-beratung.com\/fr\/wp-content\/uploads\/sites\/5\/2020\/01\/Schaubild-zur-Behandlung-der-Abhaengigkeit.jpg\" \/>\n<meta name=\"twitter:card\" content=\"summary_large_image\" \/>\n<meta name=\"twitter:label1\" content=\"Dur\u00e9e de lecture estim\u00e9e\" \/>\n\t<meta name=\"twitter:data1\" content=\"1 minute\" \/>\n<script type=\"application\/ld+json\" class=\"yoast-schema-graph\">{\"@context\":\"https:\\\/\\\/schema.org\",\"@graph\":[{\"@type\":\"WebPage\",\"@id\":\"https:\\\/\\\/evangelische-beratung.com\\\/fr\\\/sucht\\\/medikatmente\\\/therapieangebote\\\/\",\"url\":\"https:\\\/\\\/evangelische-beratung.com\\\/fr\\\/sucht\\\/medikatmente\\\/therapieangebote\\\/\",\"name\":\"Therapieangebote Medikamentenabh\u00e4ngigkeit in Frankfurt beim Ev. Regionalverband\",\"isPartOf\":{\"@id\":\"https:\\\/\\\/evangelische-beratung.com\\\/fr\\\/#website\"},\"primaryImageOfPage\":{\"@id\":\"https:\\\/\\\/evangelische-beratung.com\\\/fr\\\/sucht\\\/medikatmente\\\/therapieangebote\\\/#primaryimage\"},\"image\":{\"@id\":\"https:\\\/\\\/evangelische-beratung.com\\\/fr\\\/sucht\\\/medikatmente\\\/therapieangebote\\\/#primaryimage\"},\"thumbnailUrl\":\"https:\\\/\\\/evangelische-beratung.com\\\/fr\\\/wp-content\\\/uploads\\\/sites\\\/5\\\/2020\\\/01\\\/Schaubild-zur-Behandlung-der-Abhaengigkeit.jpg\",\"datePublished\":\"2019-08-19T12:39:05+00:00\",\"dateModified\":\"2020-03-15T15:14:06+00:00\",\"description\":\"Wir beraten Sie in allen Fragen rund um die Mediamentenabh\u00e4ngigkeit und passende Therapieformen. Sprechen Sie mit uns - wir sind gerne f\u00fcr Sie da.\",\"breadcrumb\":{\"@id\":\"https:\\\/\\\/evangelische-beratung.com\\\/fr\\\/sucht\\\/medikatmente\\\/therapieangebote\\\/#breadcrumb\"},\"inLanguage\":\"fr-FR\",\"potentialAction\":[{\"@type\":\"ReadAction\",\"target\":[\"https:\\\/\\\/evangelische-beratung.com\\\/fr\\\/sucht\\\/medikatmente\\\/therapieangebote\\\/\"]}]},{\"@type\":\"ImageObject\",\"inLanguage\":\"fr-FR\",\"@id\":\"https:\\\/\\\/evangelische-beratung.com\\\/fr\\\/sucht\\\/medikatmente\\\/therapieangebote\\\/#primaryimage\",\"url\":\"https:\\\/\\\/evangelische-beratung.com\\\/fr\\\/wp-content\\\/uploads\\\/sites\\\/5\\\/2020\\\/01\\\/Schaubild-zur-Behandlung-der-Abhaengigkeit.jpg\",\"contentUrl\":\"https:\\\/\\\/evangelische-beratung.com\\\/fr\\\/wp-content\\\/uploads\\\/sites\\\/5\\\/2020\\\/01\\\/Schaubild-zur-Behandlung-der-Abhaengigkeit.jpg\"},{\"@type\":\"BreadcrumbList\",\"@id\":\"https:\\\/\\\/evangelische-beratung.com\\\/fr\\\/sucht\\\/medikatmente\\\/therapieangebote\\\/#breadcrumb\",\"itemListElement\":[{\"@type\":\"ListItem\",\"position\":1,\"name\":\"Startseite\",\"item\":\"https:\\\/\\\/evangelische-beratung.com\\\/fr\\\/\"},{\"@type\":\"ListItem\",\"position\":2,\"name\":\"Addiction\",\"item\":\"https:\\\/\\\/evangelische-beratung.com\\\/fr\\\/sucht\\\/\"},{\"@type\":\"ListItem\",\"position\":3,\"name\":\"M\u00e9dicaments\",\"item\":\"https:\\\/\\\/evangelische-beratung.com\\\/fr\\\/sucht\\\/medikatmente\\\/\"},{\"@type\":\"ListItem\",\"position\":4,\"name\":\"Offres de th\u00e9rapie sur la d\u00e9pendance aux m\u00e9dicaments\"}]},{\"@type\":\"WebSite\",\"@id\":\"https:\\\/\\\/evangelische-beratung.com\\\/fr\\\/#website\",\"url\":\"https:\\\/\\\/evangelische-beratung.com\\\/fr\\\/\",\"name\":\"Evangelischer Regionalverband\",\"description\":\"\",\"publisher\":{\"@id\":\"https:\\\/\\\/evangelische-beratung.com\\\/fr\\\/#organization\"},\"potentialAction\":[{\"@type\":\"SearchAction\",\"target\":{\"@type\":\"EntryPoint\",\"urlTemplate\":\"https:\\\/\\\/evangelische-beratung.com\\\/fr\\\/?s={search_term_string}\"},\"query-input\":{\"@type\":\"PropertyValueSpecification\",\"valueRequired\":true,\"valueName\":\"search_term_string\"}}],\"inLanguage\":\"fr-FR\"},{\"@type\":\"Organization\",\"@id\":\"https:\\\/\\\/evangelische-beratung.com\\\/fr\\\/#organization\",\"name\":\"Evangelischer Regionalverband Frankfurt und Offenbach\",\"url\":\"https:\\\/\\\/evangelische-beratung.com\\\/fr\\\/\",\"logo\":{\"@type\":\"ImageObject\",\"inLanguage\":\"fr-FR\",\"@id\":\"https:\\\/\\\/evangelische-beratung.com\\\/fr\\\/#\\\/schema\\\/logo\\\/image\\\/\",\"url\":\"https:\\\/\\\/evangelische-beratung.com\\\/fr\\\/wp-content\\\/uploads\\\/sites\\\/5\\\/2019\\\/10\\\/erv-logo.png\",\"contentUrl\":\"https:\\\/\\\/evangelische-beratung.com\\\/fr\\\/wp-content\\\/uploads\\\/sites\\\/5\\\/2019\\\/10\\\/erv-logo.png\",\"width\":1127,\"height\":595,\"caption\":\"Evangelischer Regionalverband Frankfurt und Offenbach\"},\"image\":{\"@id\":\"https:\\\/\\\/evangelische-beratung.com\\\/fr\\\/#\\\/schema\\\/logo\\\/image\\\/\"}}]}<\/script>\n<!-- \/ Yoast SEO plugin. -->","yoast_head_json":{"title":"Therapieangebote Medikamentenabh\u00e4ngigkeit in Frankfurt beim Ev. Regionalverband","description":"Wir beraten Sie in allen Fragen rund um die Mediamentenabh\u00e4ngigkeit und passende Therapieformen. Sprechen Sie mit uns - wir sind gerne f\u00fcr Sie da.","robots":{"index":"index","follow":"follow","max-snippet":"max-snippet:-1","max-image-preview":"max-image-preview:large","max-video-preview":"max-video-preview:-1"},"canonical":"https:\/\/evangelische-beratung.com\/fr\/sucht\/medikatmente\/therapieangebote\/","og_locale":"fr_FR","og_type":"article","og_title":"Therapieangebote Medikamentenabh\u00e4ngigkeit in Frankfurt beim Ev. Regionalverband","og_description":"Wir beraten Sie in allen Fragen rund um die Mediamentenabh\u00e4ngigkeit und passende Therapieformen. Sprechen Sie mit uns - wir sind gerne f\u00fcr Sie da.","og_url":"https:\/\/evangelische-beratung.com\/fr\/sucht\/medikatmente\/therapieangebote\/","og_site_name":"Evangelischer Regionalverband","article_modified_time":"2020-03-15T15:14:06+00:00","og_image":[{"url":"https:\/\/evangelische-beratung.com\/fr\/wp-content\/uploads\/sites\/5\/2020\/01\/Schaubild-zur-Behandlung-der-Abhaengigkeit.jpg","type":"","width":"","height":""}],"twitter_card":"summary_large_image","twitter_misc":{"Dur\u00e9e de lecture estim\u00e9e":"1 minute"},"schema":{"@context":"https:\/\/schema.org","@graph":[{"@type":"WebPage","@id":"https:\/\/evangelische-beratung.com\/fr\/sucht\/medikatmente\/therapieangebote\/","url":"https:\/\/evangelische-beratung.com\/fr\/sucht\/medikatmente\/therapieangebote\/","name":"Therapieangebote Medikamentenabh\u00e4ngigkeit in Frankfurt beim Ev. Regionalverband","isPartOf":{"@id":"https:\/\/evangelische-beratung.com\/fr\/#website"},"primaryImageOfPage":{"@id":"https:\/\/evangelische-beratung.com\/fr\/sucht\/medikatmente\/therapieangebote\/#primaryimage"},"image":{"@id":"https:\/\/evangelische-beratung.com\/fr\/sucht\/medikatmente\/therapieangebote\/#primaryimage"},"thumbnailUrl":"https:\/\/evangelische-beratung.com\/fr\/wp-content\/uploads\/sites\/5\/2020\/01\/Schaubild-zur-Behandlung-der-Abhaengigkeit.jpg","datePublished":"2019-08-19T12:39:05+00:00","dateModified":"2020-03-15T15:14:06+00:00","description":"Wir beraten Sie in allen Fragen rund um die Mediamentenabh\u00e4ngigkeit und passende Therapieformen. Sprechen Sie mit uns - wir sind gerne f\u00fcr Sie da.","breadcrumb":{"@id":"https:\/\/evangelische-beratung.com\/fr\/sucht\/medikatmente\/therapieangebote\/#breadcrumb"},"inLanguage":"fr-FR","potentialAction":[{"@type":"ReadAction","target":["https:\/\/evangelische-beratung.com\/fr\/sucht\/medikatmente\/therapieangebote\/"]}]},{"@type":"ImageObject","inLanguage":"fr-FR","@id":"https:\/\/evangelische-beratung.com\/fr\/sucht\/medikatmente\/therapieangebote\/#primaryimage","url":"https:\/\/evangelische-beratung.com\/fr\/wp-content\/uploads\/sites\/5\/2020\/01\/Schaubild-zur-Behandlung-der-Abhaengigkeit.jpg","contentUrl":"https:\/\/evangelische-beratung.com\/fr\/wp-content\/uploads\/sites\/5\/2020\/01\/Schaubild-zur-Behandlung-der-Abhaengigkeit.jpg"},{"@type":"BreadcrumbList","@id":"https:\/\/evangelische-beratung.com\/fr\/sucht\/medikatmente\/therapieangebote\/#breadcrumb","itemListElement":[{"@type":"ListItem","position":1,"name":"Startseite","item":"https:\/\/evangelische-beratung.com\/fr\/"},{"@type":"ListItem","position":2,"name":"Addiction","item":"https:\/\/evangelische-beratung.com\/fr\/sucht\/"},{"@type":"ListItem","position":3,"name":"M\u00e9dicaments","item":"https:\/\/evangelische-beratung.com\/fr\/sucht\/medikatmente\/"},{"@type":"ListItem","position":4,"name":"Offres de th\u00e9rapie sur la d\u00e9pendance aux m\u00e9dicaments"}]},{"@type":"WebSite","@id":"https:\/\/evangelische-beratung.com\/fr\/#website","url":"https:\/\/evangelische-beratung.com\/fr\/","name":"Evangelischer Regionalverband","description":"","publisher":{"@id":"https:\/\/evangelische-beratung.com\/fr\/#organization"},"potentialAction":[{"@type":"SearchAction","target":{"@type":"EntryPoint","urlTemplate":"https:\/\/evangelische-beratung.com\/fr\/?s={search_term_string}"},"query-input":{"@type":"PropertyValueSpecification","valueRequired":true,"valueName":"search_term_string"}}],"inLanguage":"fr-FR"},{"@type":"Organization","@id":"https:\/\/evangelische-beratung.com\/fr\/#organization","name":"Evangelischer Regionalverband Frankfurt und Offenbach","url":"https:\/\/evangelische-beratung.com\/fr\/","logo":{"@type":"ImageObject","inLanguage":"fr-FR","@id":"https:\/\/evangelische-beratung.com\/fr\/#\/schema\/logo\/image\/","url":"https:\/\/evangelische-beratung.com\/fr\/wp-content\/uploads\/sites\/5\/2019\/10\/erv-logo.png","contentUrl":"https:\/\/evangelische-beratung.com\/fr\/wp-content\/uploads\/sites\/5\/2019\/10\/erv-logo.png","width":1127,"height":595,"caption":"Evangelischer Regionalverband Frankfurt und Offenbach"},"image":{"@id":"https:\/\/evangelische-beratung.com\/fr\/#\/schema\/logo\/image\/"}}]}},"_links":{"self":[{"href":"https:\/\/evangelische-beratung.com\/fr\/wp-json\/wp\/v2\/pages\/385","targetHints":{"allow":["GET"]}}],"collection":[{"href":"https:\/\/evangelische-beratung.com\/fr\/wp-json\/wp\/v2\/pages"}],"about":[{"href":"https:\/\/evangelische-beratung.com\/fr\/wp-json\/wp\/v2\/types\/page"}],"author":[{"embeddable":true,"href":"https:\/\/evangelische-beratung.com\/fr\/wp-json\/wp\/v2\/users\/3"}],"replies":[{"embeddable":true,"href":"https:\/\/evangelische-beratung.com\/fr\/wp-json\/wp\/v2\/comments?post=385"}],"version-history":[{"count":5,"href":"https:\/\/evangelische-beratung.com\/fr\/wp-json\/wp\/v2\/pages\/385\/revisions"}],"predecessor-version":[{"id":1197,"href":"https:\/\/evangelische-beratung.com\/fr\/wp-json\/wp\/v2\/pages\/385\/revisions\/1197"}],"up":[{"embeddable":true,"href":"https:\/\/evangelische-beratung.com\/fr\/wp-json\/wp\/v2\/pages\/253"}],"wp:attachment":[{"href":"https:\/\/evangelische-beratung.com\/fr\/wp-json\/wp\/v2\/media?parent=385"}],"curies":[{"name":"wp","href":"https:\/\/api.w.org\/{rel}","templated":true}]}}