{"id":381,"date":"2019-08-19T13:57:43","date_gmt":"2019-08-19T11:57:43","guid":{"rendered":"https:\/\/evangelische-beratung.com\/fr\/?page_id=381"},"modified":"2020-03-15T13:08:39","modified_gmt":"2020-03-15T12:08:39","slug":"praevention-beratung-fuer-erwachsene-ab-18-jahren","status":"publish","type":"page","link":"https:\/\/evangelische-beratung.com\/fr\/sucht\/gluecksspiel\/praevention-beratung-fuer-erwachsene-ab-18-jahren\/","title":{"rendered":"Pr\u00e9vention et soutien aux adultes (plus de 18 ans)"},"content":{"rendered":"\n<p class=\"is-style-teaser\">Nous sommes \u00e0 votre disposition si votre pratique de jeu est devenue probl\u00e9matique pour vous et votre entourage.<\/p>\n\n\n\n<p> Connaissez-vous bien les probl\u00e8mes suivants :<\/p>\n\n\n\n<ul class=\"wp-block-list\"><li>Vous avez essay\u00e9 de moins jouer, mais sans aucun succ\u00e8s&nbsp;?<\/li><li>Vous avez pari\u00e9 davantage d\u2019argent que ce que vous pouviez raisonnablement vous permettre&nbsp;?<\/li><li>Vous vous sentez agit\u00e9 ou irritable si vous ne jouez pas ou si vous jouez moins&nbsp;?<\/li><li>Votre entourage a critiqu\u00e9 votre comportement au jeu&nbsp;?<\/li><li>Vous avez essay\u00e9 de r\u00e9cup\u00e9rer de l\u2019argent perdu en pariant davantage&nbsp;?<\/li><li>Vous avez emprunt\u00e9 de l\u2019argent pour jouer&nbsp;?<\/li><li>Vous \u00e9prouvez un sentiment de culpabilit\u00e9 \u00e0 propos de votre comportement au jeu ou de ses cons\u00e9quences&nbsp;?<\/li><li> Vous avez commis des actes ill\u00e9gaux afin d\u2019obtenir de l\u2019argent pour jouer ?<\/li><\/ul>\n\n\n\n<p>Chaque question \u00e0 laquelle vous avez r\u00e9pondu par \u00ab&nbsp;oui&nbsp;\u00bb indique un risque potentiel d\u2019addiction. Prenez contact avec nous pour une \u00e9valuation objective :<\/p>\n\n\n\n<div class=\"wp-block-columns alignwide has-3-columns is-layout-flex wp-container-core-columns-is-layout-9d6595d7 wp-block-columns-is-layout-flex\">\n<div class=\"wp-block-column is-layout-flow wp-block-column-is-layout-flow\">\n<div class=\"wp-block-erv-id-card\"><div class=\"id-card-content\"><figure class=\"id-card-photo\"><img decoding=\"async\" src=\"https:\/\/evangelische-beratung.com\/wp-content\/uploads\/2019\/08\/Monika-Schiemann_Verwaltung-Suchtberatung-300x200.jpg\" \/><\/figure><div class=\"id-card-details\"><p class=\"id-card-name\">Monika Schiemann<\/p><p class=\"id-card-job\">Sekretariat &amp; Anmeldung<\/p><p class=\"id-card-location\">Frankfurt<\/p><p class=\"id-card-phone\">069 \/ 53 02 302 <\/p><p class=\"id-card-email\"><a href=\"mail&#116;&#111;&#58;&#115;&#117;&#x63;&#x68;&#x74;&#x62;&#x65;&#x72;&#x61;tung&#64;&#102;&#114;&#97;&#110;&#x6b;&#x66;&#x75;&#x72;&#x74;&#x2d;&#x65;&#x76;ange&#108;&#105;&#115;&#99;&#104;&#x2e;&#x64;&#x65;\">E-Mail<\/a><\/p><\/div><\/div><\/div>\n<\/div>\n\n\n\n<div class=\"wp-block-column is-layout-flow wp-block-column-is-layout-flow\">\n<div class=\"wp-block-erv-id-card\"><div class=\"id-card-content\"><figure class=\"id-card-photo\"><img decoding=\"async\" src=\"https:\/\/evangelische-beratung.com\/wp-content\/uploads\/2025\/04\/portrait_platzhalter-1-300x300-1.jpg\" \/><\/figure><div class=\"id-card-details\"><p class=\"id-card-name\">N. N. <\/p><p class=\"id-card-job\">Leitung<\/p><p class=\"id-card-location\">Frankfurt<\/p><p class=\"id-card-phone\">069 \/ 53 02 301<\/p><p class=\"id-card-email\"><a href=\"&#x6d;&#97;i&#x6c;&#116;o&#x3a;&#115;u&#x63;&#x68;&#116;&#x62;&#x65;&#114;a&#x74;&#117;n&#x67;&#64;f&#x72;&#x61;&#110;&#x6b;&#x66;&#117;r&#x74;&#45;e&#x76;&#97;n&#x67;&#101;l&#x69;&#x73;&#99;&#x68;&#x2e;&#100;e\">E-Mail<\/a><\/p><\/div><\/div><\/div>\n<\/div>\n\n\n\n<div class=\"wp-block-column is-layout-flow wp-block-column-is-layout-flow\">\n<div class=\"wp-block-erv-id-card\"><div class=\"id-card-content\"><figure class=\"id-card-photo\"><img decoding=\"async\" src=\"https:\/\/evangelische-beratung.com\/wp-content\/uploads\/2020\/01\/Ralf-Hoelzel_Suchtberatung-300x300.jpg\" \/><\/figure><div class=\"id-card-details\"><p class=\"id-card-name\">Ralf H\u00f6lzel<\/p><p class=\"id-card-job\">Fachberater Gl\u00fccksspiel<\/p><p class=\"id-card-location\">Frankfurt<\/p><p class=\"id-card-phone\">069 \/ 53 02 306<\/p><p class=\"id-card-email\"><a href=\"&#x6d;&#x61;&#105;&#108;t&#x6f;&#x3a;&#x72;&#97;lf&#x2e;&#x68;&#111;&#101;l&#x7a;&#x65;&#x6c;&#64;fr&#x61;&#x6e;&#107;&#102;u&#x72;&#x74;&#x2d;&#101;va&#x6e;&#x67;&#101;&#108;i&#x73;&#x63;&#x68;&#46;&#100;e\">E-Mail<\/a><\/p><\/div><\/div><\/div>\n<\/div>\n<\/div>\n\n\n\n<p>Nous pouvons vous fournir des informations compl\u00e8tes sur le jeu. Profitez-en pour b\u00e9n\u00e9ficier d\u2019une \u00e9valuation neutre et exempte de jugement de votre comportement de jeu. <\/p>\n\n\n\n<p>Nous dresserons alors au besoin un inventaire de l\u2019aide disponible pour votre diagnostic et situation personnelle. Ceci pourrait comprendre les points suivants, par exemple&nbsp;: un support continu afin que vous soyez exclu comme joueur, la participation \u00e0 des sessions de groupe pour les gens ayant des probl\u00e8mes d\u2019addiction au jeu ou votre renvoi vers une th\u00e9rapie stationnaire.<\/p>\n\n\n\n<p> Nous offrons du soutien aux individus, aux couples et aux familles. <\/p>\n\n\n\n<p>Le traitement des addictions exige un support complet et holistique. C\u2019est la raison pour laquelle nous travaillons en \u00e9troite collaboration avec des cliniques de d\u00e9sintoxication, des cliniques sp\u00e9cialis\u00e9es, des groupes de support, des conseillers en endettement et d\u2019autres services sociaux.<\/p>\n\n\n\n<p>Ces consultations confidentielles sont&nbsp;<strong>volontaires<\/strong>&nbsp;et&nbsp;<strong>gratuites<\/strong>. Des interpr\u00e8tes sont engag\u00e9s au besoin.<\/p>\n\n\n\n<div class=\"wp-block-erv-download -show-file-extension undefined\"><span aria-hidden=\"true\"><span class=\"file-extension\">pdf<\/span><\/span><div class=\"title-and-description\"><p class=\"download-title -inverted-link-style\"><a href=\"https:\/\/evangelische-beratung.com\/fr\/wp-content\/uploads\/sites\/5\/2020\/01\/Flyer-Gluecksspiel_2019-Juli_screen.pdf\" target=\"_blank\" rel=\"noopener noreferrer\">Infoflyer \u00ab\u00a0Gl\u00fccksspiel\u00a0\u00bb<\/a><\/p><p class=\"download-description\">weitere Informationen<\/p><\/div><\/div>\n\n\n\n<h2 class=\"wp-block-heading\">Sessions de groupe<\/h2>\n\n\n\n<p class=\"is-style-teaser\">Partager des exp\u00e9riences au sein d\u2019un groupe peut repr\u00e9senter une \u00e9tape importante pour surmonter une addiction au jeu.<\/p>\n\n\n\n<p>Nous vous invitons \u00e0 participer \u00e0 un de nos groupes de discussion destin\u00e9s aux gens ayant des probl\u00e8mes d\u2019addiction au jeu. Le groupe de discussion est mod\u00e9r\u00e9 par un sp\u00e9cialiste des probl\u00e8mes de jeu. <\/p>\n\n\n\n<p> Enregistrez-vous ici pour des sessions de groupe : <\/p>\n\n\n\n<div class=\"wp-block-columns alignwide has-3-columns is-layout-flex wp-container-core-columns-is-layout-9d6595d7 wp-block-columns-is-layout-flex\">\n<div class=\"wp-block-column is-layout-flow wp-block-column-is-layout-flow\">\n<div class=\"wp-block-erv-id-card\"><div class=\"id-card-content\"><figure class=\"id-card-photo\"><img decoding=\"async\" src=\"https:\/\/evangelische-beratung.com\/wp-content\/uploads\/2019\/08\/Monika-Schiemann_Verwaltung-Suchtberatung-300x200.jpg\" \/><\/figure><div class=\"id-card-details\"><p class=\"id-card-name\">Monika Schiemann<\/p><p class=\"id-card-job\">Sekretariat &amp; Anmeldung<\/p><p class=\"id-card-location\">Frankfurt<\/p><p class=\"id-card-phone\">069 \/ 53 02 302 <\/p><p class=\"id-card-email\"><a href=\"&#x6d;&#x61;&#105;&#108;to&#x3a;&#x73;&#x75;&#99;ht&#x62;&#x65;&#x72;&#97;&#116;u&#x6e;&#x67;&#x40;&#102;&#114;a&#x6e;&#x6b;&#x66;&#117;&#114;t-&#x65;&#x76;&#x61;&#110;ge&#x6c;&#x69;&#x73;&#99;&#104;&#46;&#x64;&#x65;\">E-Mail<\/a><\/p><\/div><\/div><\/div>\n<\/div>\n\n\n\n<div class=\"wp-block-column is-layout-flow wp-block-column-is-layout-flow\">\n<div class=\"wp-block-erv-id-card\"><div class=\"id-card-content\"><figure class=\"id-card-photo\"><img decoding=\"async\" src=\"https:\/\/evangelische-beratung.com\/wp-content\/uploads\/2025\/04\/portrait_platzhalter-1-300x300-1.jpg\" \/><\/figure><div class=\"id-card-details\"><p class=\"id-card-name\">N. N. <\/p><p class=\"id-card-job\">Leitung<\/p><p class=\"id-card-location\">Frankfurt<\/p><p class=\"id-card-phone\">069 \/ 53 02 301<\/p><p class=\"id-card-email\"><a href=\"&#109;&#x61;&#x69;&#108;&#x74;&#x6f;:&#x73;&#x75;c&#104;&#x74;b&#101;&#x72;a&#116;&#x75;n&#103;&#x40;f&#114;&#x61;&#x6e;&#107;&#x66;&#x75;&#114;&#x74;&#x2d;e&#x76;&#x61;n&#103;&#x65;l&#105;&#x73;c&#104;&#x2e;d&#101;\">E-Mail<\/a><\/p><\/div><\/div><\/div>\n<\/div>\n\n\n\n<div class=\"wp-block-column is-layout-flow wp-block-column-is-layout-flow\">\n<div class=\"wp-block-erv-id-card\"><div class=\"id-card-content\"><figure class=\"id-card-photo\"><img decoding=\"async\" src=\"https:\/\/evangelische-beratung.com\/wp-content\/uploads\/2020\/01\/Ralf-Hoelzel_Suchtberatung-300x300.jpg\" \/><\/figure><div class=\"id-card-details\"><p class=\"id-card-name\">Ralf H\u00f6lzel<\/p><p class=\"id-card-job\">Fachberater Gl\u00fccksspiel<\/p><p class=\"id-card-location\">Frankfurt<\/p><p class=\"id-card-phone\">069 \/ 53 02 306<\/p><p class=\"id-card-email\"><a href=\"&#x6d;&#x61;&#105;l&#x74;&#x6f;&#x3a;&#114;a&#x6c;&#x66;&#x2e;&#104;o&#x65;&#x6c;&#x7a;&#101;l&#x40;&#x66;&#x72;&#97;n&#x6b;&#x66;&#x75;&#114;t&#x2d;&#x65;&#x76;&#97;n&#x67;&#x65;&#x6c;&#105;s&#x63;&#x68;&#x2e;&#100;e\">E-Mail<\/a><\/p><\/div><\/div><\/div>\n\n\n\n<p><\/p>\n<\/div>\n<\/div>\n\n\n\n<h2 class=\"wp-block-heading\">Informations \u00e0 l\u2019attention des institutions<\/h2>\n\n\n\n<p class=\"is-style-teaser\"> Nous avons aussi des services de pr\u00e9vention adapt\u00e9s aux besoins des institutions.<\/p>\n\n\n\n<ul class=\"wp-block-list\"><li>Pr\u00e9sentation de sp\u00e9cialistes \u00e0 l\u2019attention des services sociaux et prescripteurs sur le potentiel d\u2019addiction du jeu (machines de jeu, poker, paris sportifs, jeux en ligne etc.)<\/li><li> Sessions d\u2019information et support pour des journ\u00e9es de projet \u00e0 des \u00e9coles et contributions \u00e0 des organismes de sant\u00e9 r\u00e9gionaux. <\/li><\/ul>\n","protected":false},"excerpt":{"rendered":"<p>Nous sommes \u00e0 votre disposition si votre pratique de jeu est devenue probl\u00e9matique pour vous et votre entourage. Connaissez-vous bien les probl\u00e8mes suivants : Vous avez essay\u00e9 de moins jouer, mais sans aucun succ\u00e8s&nbsp;? Vous avez pari\u00e9 davantage d\u2019argent que ce que vous pouviez raisonnablement vous permettre&nbsp;? Vous vous sentez agit\u00e9 ou irritable si vous [&hellip;]<\/p>\n","protected":false},"author":3,"featured_media":0,"parent":256,"menu_order":0,"comment_status":"closed","ping_status":"closed","template":"","meta":{"footnotes":""},"class_list":["post-381","page","type-page","status-publish","hentry"],"yoast_head":"<!-- This site is optimized with the Yoast SEO plugin v27.5 - https:\/\/yoast.com\/product\/yoast-seo-wordpress\/ -->\n<title>Pr\u00e4vention und Beratung f\u00fcr Erwachsene in Frankfurt beim Ev. Regionalverband<\/title>\n<meta name=\"description\" content=\"Bei uns finden Sie Unterst\u00fctzung, wenn das Gl\u00fcckspiel f\u00fcr Sie oder Ihr Umfeld zum Problem wird.\" \/>\n<meta name=\"robots\" content=\"index, follow, max-snippet:-1, max-image-preview:large, max-video-preview:-1\" \/>\n<link rel=\"canonical\" href=\"https:\/\/evangelische-beratung.com\/fr\/sucht\/gluecksspiel\/praevention-beratung-fuer-erwachsene-ab-18-jahren\/\" \/>\n<meta property=\"og:locale\" content=\"fr_FR\" \/>\n<meta property=\"og:type\" content=\"article\" \/>\n<meta property=\"og:title\" content=\"Pr\u00e4vention und Beratung f\u00fcr Erwachsene in Frankfurt beim Ev. Regionalverband\" \/>\n<meta property=\"og:description\" content=\"Bei uns finden Sie Unterst\u00fctzung, wenn das Gl\u00fcckspiel f\u00fcr Sie oder Ihr Umfeld zum Problem wird.\" \/>\n<meta property=\"og:url\" content=\"https:\/\/evangelische-beratung.com\/fr\/sucht\/gluecksspiel\/praevention-beratung-fuer-erwachsene-ab-18-jahren\/\" \/>\n<meta property=\"og:site_name\" content=\"Evangelischer Regionalverband\" \/>\n<meta property=\"article:modified_time\" content=\"2020-03-15T12:08:39+00:00\" \/>\n<meta name=\"twitter:card\" content=\"summary_large_image\" \/>\n<meta name=\"twitter:label1\" content=\"Dur\u00e9e de lecture estim\u00e9e\" \/>\n\t<meta name=\"twitter:data1\" content=\"2 minutes\" \/>\n<script type=\"application\/ld+json\" class=\"yoast-schema-graph\">{\"@context\":\"https:\\\/\\\/schema.org\",\"@graph\":[{\"@type\":\"WebPage\",\"@id\":\"https:\\\/\\\/evangelische-beratung.com\\\/fr\\\/sucht\\\/gluecksspiel\\\/praevention-beratung-fuer-erwachsene-ab-18-jahren\\\/\",\"url\":\"https:\\\/\\\/evangelische-beratung.com\\\/fr\\\/sucht\\\/gluecksspiel\\\/praevention-beratung-fuer-erwachsene-ab-18-jahren\\\/\",\"name\":\"Pr\u00e4vention und Beratung f\u00fcr Erwachsene in Frankfurt beim Ev. Regionalverband\",\"isPartOf\":{\"@id\":\"https:\\\/\\\/evangelische-beratung.com\\\/fr\\\/#website\"},\"datePublished\":\"2019-08-19T11:57:43+00:00\",\"dateModified\":\"2020-03-15T12:08:39+00:00\",\"description\":\"Bei uns finden Sie Unterst\u00fctzung, wenn das Gl\u00fcckspiel f\u00fcr Sie oder Ihr Umfeld zum Problem wird.\",\"breadcrumb\":{\"@id\":\"https:\\\/\\\/evangelische-beratung.com\\\/fr\\\/sucht\\\/gluecksspiel\\\/praevention-beratung-fuer-erwachsene-ab-18-jahren\\\/#breadcrumb\"},\"inLanguage\":\"fr-FR\",\"potentialAction\":[{\"@type\":\"ReadAction\",\"target\":[\"https:\\\/\\\/evangelische-beratung.com\\\/fr\\\/sucht\\\/gluecksspiel\\\/praevention-beratung-fuer-erwachsene-ab-18-jahren\\\/\"]}]},{\"@type\":\"BreadcrumbList\",\"@id\":\"https:\\\/\\\/evangelische-beratung.com\\\/fr\\\/sucht\\\/gluecksspiel\\\/praevention-beratung-fuer-erwachsene-ab-18-jahren\\\/#breadcrumb\",\"itemListElement\":[{\"@type\":\"ListItem\",\"position\":1,\"name\":\"Startseite\",\"item\":\"https:\\\/\\\/evangelische-beratung.com\\\/fr\\\/\"},{\"@type\":\"ListItem\",\"position\":2,\"name\":\"Addiction\",\"item\":\"https:\\\/\\\/evangelische-beratung.com\\\/fr\\\/sucht\\\/\"},{\"@type\":\"ListItem\",\"position\":3,\"name\":\"Jeu\",\"item\":\"https:\\\/\\\/evangelische-beratung.com\\\/fr\\\/sucht\\\/gluecksspiel\\\/\"},{\"@type\":\"ListItem\",\"position\":4,\"name\":\"Pr\u00e9vention et soutien aux adultes (plus de 18 ans)\"}]},{\"@type\":\"WebSite\",\"@id\":\"https:\\\/\\\/evangelische-beratung.com\\\/fr\\\/#website\",\"url\":\"https:\\\/\\\/evangelische-beratung.com\\\/fr\\\/\",\"name\":\"Evangelischer Regionalverband\",\"description\":\"\",\"publisher\":{\"@id\":\"https:\\\/\\\/evangelische-beratung.com\\\/fr\\\/#organization\"},\"potentialAction\":[{\"@type\":\"SearchAction\",\"target\":{\"@type\":\"EntryPoint\",\"urlTemplate\":\"https:\\\/\\\/evangelische-beratung.com\\\/fr\\\/?s={search_term_string}\"},\"query-input\":{\"@type\":\"PropertyValueSpecification\",\"valueRequired\":true,\"valueName\":\"search_term_string\"}}],\"inLanguage\":\"fr-FR\"},{\"@type\":\"Organization\",\"@id\":\"https:\\\/\\\/evangelische-beratung.com\\\/fr\\\/#organization\",\"name\":\"Evangelischer Regionalverband Frankfurt und Offenbach\",\"url\":\"https:\\\/\\\/evangelische-beratung.com\\\/fr\\\/\",\"logo\":{\"@type\":\"ImageObject\",\"inLanguage\":\"fr-FR\",\"@id\":\"https:\\\/\\\/evangelische-beratung.com\\\/fr\\\/#\\\/schema\\\/logo\\\/image\\\/\",\"url\":\"https:\\\/\\\/evangelische-beratung.com\\\/fr\\\/wp-content\\\/uploads\\\/sites\\\/5\\\/2019\\\/10\\\/erv-logo.png\",\"contentUrl\":\"https:\\\/\\\/evangelische-beratung.com\\\/fr\\\/wp-content\\\/uploads\\\/sites\\\/5\\\/2019\\\/10\\\/erv-logo.png\",\"width\":1127,\"height\":595,\"caption\":\"Evangelischer Regionalverband Frankfurt und Offenbach\"},\"image\":{\"@id\":\"https:\\\/\\\/evangelische-beratung.com\\\/fr\\\/#\\\/schema\\\/logo\\\/image\\\/\"}}]}<\/script>\n<!-- \/ Yoast SEO plugin. -->","yoast_head_json":{"title":"Pr\u00e4vention und Beratung f\u00fcr Erwachsene in Frankfurt beim Ev. Regionalverband","description":"Bei uns finden Sie Unterst\u00fctzung, wenn das Gl\u00fcckspiel f\u00fcr Sie oder Ihr Umfeld zum Problem wird.","robots":{"index":"index","follow":"follow","max-snippet":"max-snippet:-1","max-image-preview":"max-image-preview:large","max-video-preview":"max-video-preview:-1"},"canonical":"https:\/\/evangelische-beratung.com\/fr\/sucht\/gluecksspiel\/praevention-beratung-fuer-erwachsene-ab-18-jahren\/","og_locale":"fr_FR","og_type":"article","og_title":"Pr\u00e4vention und Beratung f\u00fcr Erwachsene in Frankfurt beim Ev. Regionalverband","og_description":"Bei uns finden Sie Unterst\u00fctzung, wenn das Gl\u00fcckspiel f\u00fcr Sie oder Ihr Umfeld zum Problem wird.","og_url":"https:\/\/evangelische-beratung.com\/fr\/sucht\/gluecksspiel\/praevention-beratung-fuer-erwachsene-ab-18-jahren\/","og_site_name":"Evangelischer Regionalverband","article_modified_time":"2020-03-15T12:08:39+00:00","twitter_card":"summary_large_image","twitter_misc":{"Dur\u00e9e de lecture estim\u00e9e":"2 minutes"},"schema":{"@context":"https:\/\/schema.org","@graph":[{"@type":"WebPage","@id":"https:\/\/evangelische-beratung.com\/fr\/sucht\/gluecksspiel\/praevention-beratung-fuer-erwachsene-ab-18-jahren\/","url":"https:\/\/evangelische-beratung.com\/fr\/sucht\/gluecksspiel\/praevention-beratung-fuer-erwachsene-ab-18-jahren\/","name":"Pr\u00e4vention und Beratung f\u00fcr Erwachsene in Frankfurt beim Ev. Regionalverband","isPartOf":{"@id":"https:\/\/evangelische-beratung.com\/fr\/#website"},"datePublished":"2019-08-19T11:57:43+00:00","dateModified":"2020-03-15T12:08:39+00:00","description":"Bei uns finden Sie Unterst\u00fctzung, wenn das Gl\u00fcckspiel f\u00fcr Sie oder Ihr Umfeld zum Problem wird.","breadcrumb":{"@id":"https:\/\/evangelische-beratung.com\/fr\/sucht\/gluecksspiel\/praevention-beratung-fuer-erwachsene-ab-18-jahren\/#breadcrumb"},"inLanguage":"fr-FR","potentialAction":[{"@type":"ReadAction","target":["https:\/\/evangelische-beratung.com\/fr\/sucht\/gluecksspiel\/praevention-beratung-fuer-erwachsene-ab-18-jahren\/"]}]},{"@type":"BreadcrumbList","@id":"https:\/\/evangelische-beratung.com\/fr\/sucht\/gluecksspiel\/praevention-beratung-fuer-erwachsene-ab-18-jahren\/#breadcrumb","itemListElement":[{"@type":"ListItem","position":1,"name":"Startseite","item":"https:\/\/evangelische-beratung.com\/fr\/"},{"@type":"ListItem","position":2,"name":"Addiction","item":"https:\/\/evangelische-beratung.com\/fr\/sucht\/"},{"@type":"ListItem","position":3,"name":"Jeu","item":"https:\/\/evangelische-beratung.com\/fr\/sucht\/gluecksspiel\/"},{"@type":"ListItem","position":4,"name":"Pr\u00e9vention et soutien aux adultes (plus de 18 ans)"}]},{"@type":"WebSite","@id":"https:\/\/evangelische-beratung.com\/fr\/#website","url":"https:\/\/evangelische-beratung.com\/fr\/","name":"Evangelischer Regionalverband","description":"","publisher":{"@id":"https:\/\/evangelische-beratung.com\/fr\/#organization"},"potentialAction":[{"@type":"SearchAction","target":{"@type":"EntryPoint","urlTemplate":"https:\/\/evangelische-beratung.com\/fr\/?s={search_term_string}"},"query-input":{"@type":"PropertyValueSpecification","valueRequired":true,"valueName":"search_term_string"}}],"inLanguage":"fr-FR"},{"@type":"Organization","@id":"https:\/\/evangelische-beratung.com\/fr\/#organization","name":"Evangelischer Regionalverband Frankfurt und Offenbach","url":"https:\/\/evangelische-beratung.com\/fr\/","logo":{"@type":"ImageObject","inLanguage":"fr-FR","@id":"https:\/\/evangelische-beratung.com\/fr\/#\/schema\/logo\/image\/","url":"https:\/\/evangelische-beratung.com\/fr\/wp-content\/uploads\/sites\/5\/2019\/10\/erv-logo.png","contentUrl":"https:\/\/evangelische-beratung.com\/fr\/wp-content\/uploads\/sites\/5\/2019\/10\/erv-logo.png","width":1127,"height":595,"caption":"Evangelischer Regionalverband Frankfurt und Offenbach"},"image":{"@id":"https:\/\/evangelische-beratung.com\/fr\/#\/schema\/logo\/image\/"}}]}},"_links":{"self":[{"href":"https:\/\/evangelische-beratung.com\/fr\/wp-json\/wp\/v2\/pages\/381","targetHints":{"allow":["GET"]}}],"collection":[{"href":"https:\/\/evangelische-beratung.com\/fr\/wp-json\/wp\/v2\/pages"}],"about":[{"href":"https:\/\/evangelische-beratung.com\/fr\/wp-json\/wp\/v2\/types\/page"}],"author":[{"embeddable":true,"href":"https:\/\/evangelische-beratung.com\/fr\/wp-json\/wp\/v2\/users\/3"}],"replies":[{"embeddable":true,"href":"https:\/\/evangelische-beratung.com\/fr\/wp-json\/wp\/v2\/comments?post=381"}],"version-history":[{"count":5,"href":"https:\/\/evangelische-beratung.com\/fr\/wp-json\/wp\/v2\/pages\/381\/revisions"}],"predecessor-version":[{"id":1155,"href":"https:\/\/evangelische-beratung.com\/fr\/wp-json\/wp\/v2\/pages\/381\/revisions\/1155"}],"up":[{"embeddable":true,"href":"https:\/\/evangelische-beratung.com\/fr\/wp-json\/wp\/v2\/pages\/256"}],"wp:attachment":[{"href":"https:\/\/evangelische-beratung.com\/fr\/wp-json\/wp\/v2\/media?parent=381"}],"curies":[{"name":"wp","href":"https:\/\/api.w.org\/{rel}","templated":true}]}}