{"id":380,"date":"2019-08-19T13:45:32","date_gmt":"2019-08-19T11:45:32","guid":{"rendered":"https:\/\/evangelische-beratung.com\/fr\/?page_id=380"},"modified":"2020-03-15T15:01:58","modified_gmt":"2020-03-15T14:01:58","slug":"schulungen-fuer-spielhallen","status":"publish","type":"page","link":"https:\/\/evangelische-beratung.com\/fr\/sucht\/gluecksspiel\/schulungen-fuer-spielhallen\/","title":{"rendered":"Formations pour les salles de jeu"},"content":{"rendered":"\n<p class=\"is-style-teaser\">Nous  conseillons  dans une mesure adapt\u00e9e  les employ\u00e9s de salles de jeu par rapport \u00e0 des comportements de jeu visiblement malsains.<\/p>\n\n\n\n<p>Selon le \u00a73 de la loi sur les salles de jeu promulgu\u00e9e par l\u2019\u00c9tat du Hesse, les salles de jeu et les fournisseurs de jeux doivent avoir des plans de jeu formellement responsables. Ces derniers doivent limiter les cons\u00e9quences sociales nocives du jeu.<\/p>\n\n\n\n<p>Nous offrons des cours de formation de base d\u2019un jour aux employ\u00e9s de salles de jeux une fois toutes les six semaines.<\/p>\n\n\n\n<p>Ces cours aident les superviseurs \u00e0 identifier les joueurs probl\u00e9matiques et \u00e0 \u00e9veiller de fa\u00e7on appropri\u00e9e leurs pr\u00e9occupations \u00e0 leur propos.<\/p>\n\n\n\n<p>Veuillez prendre contact avec nous pour obtenir de plus amples informations et des dates de sessions de formation.<\/p>\n\n\n\n<div style=\"height:30px\" aria-hidden=\"true\" class=\"wp-block-spacer\"><\/div>\n\n\n\n<p style=\"text-align:center\" class=\"is-style-roof-line\"><strong>Vos interlocuteurs<\/strong><\/p>\n\n\n\n<div class=\"wp-block-columns alignwide has-3-columns is-layout-flex wp-container-core-columns-is-layout-9d6595d7 wp-block-columns-is-layout-flex\">\n<div class=\"wp-block-column is-layout-flow wp-block-column-is-layout-flow\">\n<div class=\"wp-block-erv-id-card\"><div class=\"id-card-content\"><figure class=\"id-card-photo\"><img decoding=\"async\" src=\"https:\/\/evangelische-beratung.com\/wp-content\/uploads\/2019\/08\/Monika-Schiemann_Verwaltung-Suchtberatung-300x200.jpg\" \/><\/figure><div class=\"id-card-details\"><p class=\"id-card-name\">Monika Schiemann<\/p><p class=\"id-card-job\">Sekretariat &amp; Anmeldung<\/p><p class=\"id-card-location\">Frankfurt<\/p><p class=\"id-card-phone\">069 \/ 53 02 302 <\/p><p class=\"id-card-email\"><a href=\"&#109;&#x61;&#x69;l&#116;&#x6f;&#x3a;s&#117;&#x63;h&#116;&#x62;&#x65;r&#97;&#x74;u&#110;&#x67;&#x40;f&#114;&#x61;&#x6e;&#107;&#x66;&#x75;r&#116;&#x2d;&#x65;v&#97;&#x6e;g&#101;&#x6c;&#x69;s&#99;&#x68;&#46;&#100;&#x65;\">E-Mail<\/a><\/p><\/div><\/div><\/div>\n<\/div>\n\n\n\n<div class=\"wp-block-column is-layout-flow wp-block-column-is-layout-flow\">\n<div class=\"wp-block-erv-id-card\"><div class=\"id-card-content\"><figure class=\"id-card-photo\"><img decoding=\"async\" src=\"https:\/\/evangelische-beratung.com\/wp-content\/uploads\/2025\/04\/portrait_platzhalter-1-300x300-1.jpg\" \/><\/figure><div class=\"id-card-details\"><p class=\"id-card-name\">N. N. <\/p><p class=\"id-card-job\">Leitung<\/p><p class=\"id-card-location\">Frankfurt<\/p><p class=\"id-card-phone\">069 \/ 53 02 301<\/p><p class=\"id-card-email\"><a href=\"&#x6d;&#x61;&#x69;&#x6c;&#x74;&#x6f;&#x3a;&#x73;&#x75;&#x63;&#x68;&#x74;&#x62;&#x65;&#x72;&#x61;&#x74;&#x75;&#x6e;&#x67;&#x40;&#x66;&#x72;&#x61;&#x6e;&#x6b;&#x66;&#x75;&#x72;&#x74;&#x2d;&#x65;&#x76;&#x61;&#x6e;&#x67;&#x65;&#x6c;&#x69;&#x73;&#x63;&#x68;&#x2e;&#x64;&#101;\">E-Mail<\/a><\/p><\/div><\/div><\/div>\n<\/div>\n\n\n\n<div class=\"wp-block-column is-layout-flow wp-block-column-is-layout-flow\">\n<div class=\"wp-block-erv-id-card\"><div class=\"id-card-content\"><figure class=\"id-card-photo\"><img decoding=\"async\" src=\"https:\/\/evangelische-beratung.com\/fr\/wp-content\/uploads\/sites\/5\/2019\/08\/Anzehlina-Blum_Suchtberatung-e1576527159127-300x263.jpg\" \/><\/figure><div class=\"id-card-details\"><p class=\"id-card-name\">Anzhelina Blum<\/p><p class=\"id-card-job\">Dozentin<\/p><p class=\"id-card-location\">Frankfurt<\/p><p class=\"id-card-phone\">069 \/ 53 02 303<\/p><p class=\"id-card-email\"><a href=\"mailto&#58;&#97;&#110;&#122;&#104;&#101;&#108;&#x69;&#x6e;&#x61;&#x2e;&#x62;&#x6c;&#x75;&#x6d;&#x40;&#x66;&#x72;&#x61;nkfurt&#45;&#101;&#118;&#97;&#110;&#103;&#101;&#x6c;&#x69;&#x73;&#x63;&#x68;&#x2e;&#x64;&#x65;\">E-Mail<\/a><\/p><\/div><\/div><\/div>\n<\/div>\n<\/div>\n","protected":false},"excerpt":{"rendered":"<p>Nous conseillons dans une mesure adapt\u00e9e les employ\u00e9s de salles de jeu par rapport \u00e0 des comportements de jeu visiblement malsains. Selon le \u00a73 de la loi sur les salles de jeu promulgu\u00e9e par l\u2019\u00c9tat du Hesse, les salles de jeu et les fournisseurs de jeux doivent avoir des plans de jeu formellement responsables. Ces [&hellip;]<\/p>\n","protected":false},"author":3,"featured_media":0,"parent":256,"menu_order":0,"comment_status":"closed","ping_status":"closed","template":"","meta":{"footnotes":""},"class_list":["post-380","page","type-page","status-publish","hentry"],"yoast_head":"<!-- This site is optimized with the Yoast SEO plugin v27.3 - https:\/\/yoast.com\/product\/yoast-seo-wordpress\/ -->\n<title>Schulungen f\u00fcr Spielhallenpersonal in Frankfurt beim Ev. Regionalverband<\/title>\n<meta name=\"description\" content=\"Wir beraten Spielhallenpersonal im angemessenen Umgang mit auff\u00e4lligem Spielverhalten. Wenden Sie sich gerne an uns f\u00fcr zus\u00e4tzliche Informationen und Schulungstermine.\" \/>\n<meta name=\"robots\" content=\"index, follow, max-snippet:-1, max-image-preview:large, max-video-preview:-1\" \/>\n<link rel=\"canonical\" href=\"https:\/\/evangelische-beratung.com\/fr\/sucht\/gluecksspiel\/schulungen-fuer-spielhallen\/\" \/>\n<meta property=\"og:locale\" content=\"fr_FR\" \/>\n<meta property=\"og:type\" content=\"article\" \/>\n<meta property=\"og:title\" content=\"Schulungen f\u00fcr Spielhallenpersonal in Frankfurt beim Ev. Regionalverband\" \/>\n<meta property=\"og:description\" content=\"Wir beraten Spielhallenpersonal im angemessenen Umgang mit auff\u00e4lligem Spielverhalten. Wenden Sie sich gerne an uns f\u00fcr zus\u00e4tzliche Informationen und Schulungstermine.\" \/>\n<meta property=\"og:url\" content=\"https:\/\/evangelische-beratung.com\/fr\/sucht\/gluecksspiel\/schulungen-fuer-spielhallen\/\" \/>\n<meta property=\"og:site_name\" content=\"Evangelischer Regionalverband\" \/>\n<meta property=\"article:modified_time\" content=\"2020-03-15T14:01:58+00:00\" \/>\n<meta name=\"twitter:card\" content=\"summary_large_image\" \/>\n<meta name=\"twitter:label1\" content=\"Dur\u00e9e de lecture estim\u00e9e\" \/>\n\t<meta name=\"twitter:data1\" content=\"1 minute\" \/>\n<script type=\"application\/ld+json\" class=\"yoast-schema-graph\">{\"@context\":\"https:\\\/\\\/schema.org\",\"@graph\":[{\"@type\":\"WebPage\",\"@id\":\"https:\\\/\\\/evangelische-beratung.com\\\/fr\\\/sucht\\\/gluecksspiel\\\/schulungen-fuer-spielhallen\\\/\",\"url\":\"https:\\\/\\\/evangelische-beratung.com\\\/fr\\\/sucht\\\/gluecksspiel\\\/schulungen-fuer-spielhallen\\\/\",\"name\":\"Schulungen f\u00fcr Spielhallenpersonal in Frankfurt beim Ev. Regionalverband\",\"isPartOf\":{\"@id\":\"https:\\\/\\\/evangelische-beratung.com\\\/fr\\\/#website\"},\"datePublished\":\"2019-08-19T11:45:32+00:00\",\"dateModified\":\"2020-03-15T14:01:58+00:00\",\"description\":\"Wir beraten Spielhallenpersonal im angemessenen Umgang mit auff\u00e4lligem Spielverhalten. Wenden Sie sich gerne an uns f\u00fcr zus\u00e4tzliche Informationen und Schulungstermine.\",\"breadcrumb\":{\"@id\":\"https:\\\/\\\/evangelische-beratung.com\\\/fr\\\/sucht\\\/gluecksspiel\\\/schulungen-fuer-spielhallen\\\/#breadcrumb\"},\"inLanguage\":\"fr-FR\",\"potentialAction\":[{\"@type\":\"ReadAction\",\"target\":[\"https:\\\/\\\/evangelische-beratung.com\\\/fr\\\/sucht\\\/gluecksspiel\\\/schulungen-fuer-spielhallen\\\/\"]}]},{\"@type\":\"BreadcrumbList\",\"@id\":\"https:\\\/\\\/evangelische-beratung.com\\\/fr\\\/sucht\\\/gluecksspiel\\\/schulungen-fuer-spielhallen\\\/#breadcrumb\",\"itemListElement\":[{\"@type\":\"ListItem\",\"position\":1,\"name\":\"Startseite\",\"item\":\"https:\\\/\\\/evangelische-beratung.com\\\/fr\\\/\"},{\"@type\":\"ListItem\",\"position\":2,\"name\":\"Addiction\",\"item\":\"https:\\\/\\\/evangelische-beratung.com\\\/fr\\\/sucht\\\/\"},{\"@type\":\"ListItem\",\"position\":3,\"name\":\"Jeu\",\"item\":\"https:\\\/\\\/evangelische-beratung.com\\\/fr\\\/sucht\\\/gluecksspiel\\\/\"},{\"@type\":\"ListItem\",\"position\":4,\"name\":\"Formations pour les salles de jeu\"}]},{\"@type\":\"WebSite\",\"@id\":\"https:\\\/\\\/evangelische-beratung.com\\\/fr\\\/#website\",\"url\":\"https:\\\/\\\/evangelische-beratung.com\\\/fr\\\/\",\"name\":\"Evangelischer Regionalverband\",\"description\":\"\",\"publisher\":{\"@id\":\"https:\\\/\\\/evangelische-beratung.com\\\/fr\\\/#organization\"},\"potentialAction\":[{\"@type\":\"SearchAction\",\"target\":{\"@type\":\"EntryPoint\",\"urlTemplate\":\"https:\\\/\\\/evangelische-beratung.com\\\/fr\\\/?s={search_term_string}\"},\"query-input\":{\"@type\":\"PropertyValueSpecification\",\"valueRequired\":true,\"valueName\":\"search_term_string\"}}],\"inLanguage\":\"fr-FR\"},{\"@type\":\"Organization\",\"@id\":\"https:\\\/\\\/evangelische-beratung.com\\\/fr\\\/#organization\",\"name\":\"Evangelischer Regionalverband Frankfurt und Offenbach\",\"url\":\"https:\\\/\\\/evangelische-beratung.com\\\/fr\\\/\",\"logo\":{\"@type\":\"ImageObject\",\"inLanguage\":\"fr-FR\",\"@id\":\"https:\\\/\\\/evangelische-beratung.com\\\/fr\\\/#\\\/schema\\\/logo\\\/image\\\/\",\"url\":\"https:\\\/\\\/evangelische-beratung.com\\\/fr\\\/wp-content\\\/uploads\\\/sites\\\/5\\\/2019\\\/10\\\/erv-logo.png\",\"contentUrl\":\"https:\\\/\\\/evangelische-beratung.com\\\/fr\\\/wp-content\\\/uploads\\\/sites\\\/5\\\/2019\\\/10\\\/erv-logo.png\",\"width\":1127,\"height\":595,\"caption\":\"Evangelischer Regionalverband Frankfurt und Offenbach\"},\"image\":{\"@id\":\"https:\\\/\\\/evangelische-beratung.com\\\/fr\\\/#\\\/schema\\\/logo\\\/image\\\/\"}}]}<\/script>\n<!-- \/ Yoast SEO plugin. -->","yoast_head_json":{"title":"Schulungen f\u00fcr Spielhallenpersonal in Frankfurt beim Ev. Regionalverband","description":"Wir beraten Spielhallenpersonal im angemessenen Umgang mit auff\u00e4lligem Spielverhalten. Wenden Sie sich gerne an uns f\u00fcr zus\u00e4tzliche Informationen und Schulungstermine.","robots":{"index":"index","follow":"follow","max-snippet":"max-snippet:-1","max-image-preview":"max-image-preview:large","max-video-preview":"max-video-preview:-1"},"canonical":"https:\/\/evangelische-beratung.com\/fr\/sucht\/gluecksspiel\/schulungen-fuer-spielhallen\/","og_locale":"fr_FR","og_type":"article","og_title":"Schulungen f\u00fcr Spielhallenpersonal in Frankfurt beim Ev. Regionalverband","og_description":"Wir beraten Spielhallenpersonal im angemessenen Umgang mit auff\u00e4lligem Spielverhalten. Wenden Sie sich gerne an uns f\u00fcr zus\u00e4tzliche Informationen und Schulungstermine.","og_url":"https:\/\/evangelische-beratung.com\/fr\/sucht\/gluecksspiel\/schulungen-fuer-spielhallen\/","og_site_name":"Evangelischer Regionalverband","article_modified_time":"2020-03-15T14:01:58+00:00","twitter_card":"summary_large_image","twitter_misc":{"Dur\u00e9e de lecture estim\u00e9e":"1 minute"},"schema":{"@context":"https:\/\/schema.org","@graph":[{"@type":"WebPage","@id":"https:\/\/evangelische-beratung.com\/fr\/sucht\/gluecksspiel\/schulungen-fuer-spielhallen\/","url":"https:\/\/evangelische-beratung.com\/fr\/sucht\/gluecksspiel\/schulungen-fuer-spielhallen\/","name":"Schulungen f\u00fcr Spielhallenpersonal in Frankfurt beim Ev. Regionalverband","isPartOf":{"@id":"https:\/\/evangelische-beratung.com\/fr\/#website"},"datePublished":"2019-08-19T11:45:32+00:00","dateModified":"2020-03-15T14:01:58+00:00","description":"Wir beraten Spielhallenpersonal im angemessenen Umgang mit auff\u00e4lligem Spielverhalten. Wenden Sie sich gerne an uns f\u00fcr zus\u00e4tzliche Informationen und Schulungstermine.","breadcrumb":{"@id":"https:\/\/evangelische-beratung.com\/fr\/sucht\/gluecksspiel\/schulungen-fuer-spielhallen\/#breadcrumb"},"inLanguage":"fr-FR","potentialAction":[{"@type":"ReadAction","target":["https:\/\/evangelische-beratung.com\/fr\/sucht\/gluecksspiel\/schulungen-fuer-spielhallen\/"]}]},{"@type":"BreadcrumbList","@id":"https:\/\/evangelische-beratung.com\/fr\/sucht\/gluecksspiel\/schulungen-fuer-spielhallen\/#breadcrumb","itemListElement":[{"@type":"ListItem","position":1,"name":"Startseite","item":"https:\/\/evangelische-beratung.com\/fr\/"},{"@type":"ListItem","position":2,"name":"Addiction","item":"https:\/\/evangelische-beratung.com\/fr\/sucht\/"},{"@type":"ListItem","position":3,"name":"Jeu","item":"https:\/\/evangelische-beratung.com\/fr\/sucht\/gluecksspiel\/"},{"@type":"ListItem","position":4,"name":"Formations pour les salles de jeu"}]},{"@type":"WebSite","@id":"https:\/\/evangelische-beratung.com\/fr\/#website","url":"https:\/\/evangelische-beratung.com\/fr\/","name":"Evangelischer Regionalverband","description":"","publisher":{"@id":"https:\/\/evangelische-beratung.com\/fr\/#organization"},"potentialAction":[{"@type":"SearchAction","target":{"@type":"EntryPoint","urlTemplate":"https:\/\/evangelische-beratung.com\/fr\/?s={search_term_string}"},"query-input":{"@type":"PropertyValueSpecification","valueRequired":true,"valueName":"search_term_string"}}],"inLanguage":"fr-FR"},{"@type":"Organization","@id":"https:\/\/evangelische-beratung.com\/fr\/#organization","name":"Evangelischer Regionalverband Frankfurt und Offenbach","url":"https:\/\/evangelische-beratung.com\/fr\/","logo":{"@type":"ImageObject","inLanguage":"fr-FR","@id":"https:\/\/evangelische-beratung.com\/fr\/#\/schema\/logo\/image\/","url":"https:\/\/evangelische-beratung.com\/fr\/wp-content\/uploads\/sites\/5\/2019\/10\/erv-logo.png","contentUrl":"https:\/\/evangelische-beratung.com\/fr\/wp-content\/uploads\/sites\/5\/2019\/10\/erv-logo.png","width":1127,"height":595,"caption":"Evangelischer Regionalverband Frankfurt und Offenbach"},"image":{"@id":"https:\/\/evangelische-beratung.com\/fr\/#\/schema\/logo\/image\/"}}]}},"_links":{"self":[{"href":"https:\/\/evangelische-beratung.com\/fr\/wp-json\/wp\/v2\/pages\/380","targetHints":{"allow":["GET"]}}],"collection":[{"href":"https:\/\/evangelische-beratung.com\/fr\/wp-json\/wp\/v2\/pages"}],"about":[{"href":"https:\/\/evangelische-beratung.com\/fr\/wp-json\/wp\/v2\/types\/page"}],"author":[{"embeddable":true,"href":"https:\/\/evangelische-beratung.com\/fr\/wp-json\/wp\/v2\/users\/3"}],"replies":[{"embeddable":true,"href":"https:\/\/evangelische-beratung.com\/fr\/wp-json\/wp\/v2\/comments?post=380"}],"version-history":[{"count":5,"href":"https:\/\/evangelische-beratung.com\/fr\/wp-json\/wp\/v2\/pages\/380\/revisions"}],"predecessor-version":[{"id":1162,"href":"https:\/\/evangelische-beratung.com\/fr\/wp-json\/wp\/v2\/pages\/380\/revisions\/1162"}],"up":[{"embeddable":true,"href":"https:\/\/evangelische-beratung.com\/fr\/wp-json\/wp\/v2\/pages\/256"}],"wp:attachment":[{"href":"https:\/\/evangelische-beratung.com\/fr\/wp-json\/wp\/v2\/media?parent=380"}],"curies":[{"name":"wp","href":"https:\/\/api.w.org\/{rel}","templated":true}]}}